{"id":434,"date":"2016-06-05T06:20:47","date_gmt":"2016-06-05T06:20:47","guid":{"rendered":"http:\/\/moverdb.com\/?page_id=434"},"modified":"2026-01-08T14:48:22","modified_gmt":"2026-01-08T14:48:22","slug":"%e8%b4%b9%e8%bf%aa-%e8%b4%b9%e5%a7%86","status":"publish","type":"page","link":"https:\/\/moverdb.com\/zh\/fidi-faim\/","title":{"rendered":"FIDI\u548cFAIM\uff08FIDI\u8ba4\u53ef\u7684\u56fd\u9645\u642c\u5bb6\u516c\u53f8\uff09\u7684\u89e3\u91ca"},"content":{"rendered":"<p>FIDI\uff08F\u00e9d\u00e9ration Internationale des D\u00e9m\u00e9nageurs Internationaux; The Federation of International Movers\uff09\u662f\u4e00\u4e2a\u56fd\u9645\u642c\u5bb6\u548c\u8fc1\u5c45\u4f01\u4e1a\u7684\u5168\u7403\u4f1e\u5f0f\u7ec4\u7ec7\u3002 <\/p>\n<p>\u5b83\u5c06\u81ea\u5df1\u63cf\u8ff0\u4e3a\u5168\u7403\u9876\u7ea7\u642c\u5bb6\u516c\u53f8\u7684\u884c\u4e1a\u6807\u51c6\uff0c\u5e76\u5f00\u521b\u4e86FIDI\u8ba4\u8bc1\u7684\u56fd\u9645\u642c\u5bb6\u516c\u53f8\uff08FAIM\uff09\u8d28\u91cf\u7ba1\u7406\u8ba1\u5212\uff0c\u8fd9\u662f\u4e00\u4e2a\u4e13\u95e8\u9488\u5bf9\u56fd\u9645\u642c\u5bb6\u884c\u4e1a\u7684\u8d28\u91cf\u8ba4\u8bc1\u8ba1\u5212\u3002<\/p>\n<p><strong>\u5173\u4e8e\u672c\u7ec4\u7ec7\u7684\u4e3b\u8981\u4e8b\u5b9e\u3002<\/strong><\/p>\n<ol>\n<li>  FIDI\u4ee3\u8868\u8d85\u8fc7 <strong>600\u4e2a\u72ec\u7acb <a href=\"https:\/\/moverdb.com\/zh\/%e6%90%ac%e5%ae%b6%e5%85%ac%e5%8f%b8\/\">\u516c\u53f8<\/a><\/strong> \u5728\u8d85\u8fc7 <strong>100\u4e2a\u56fd\u5bb6<\/strong>.<\/li>\n<li>  FIDI\u662f\u4e00\u4e2a\u6700\u5927\u7684\u4f1e\u5f0f\u7ec4\u7ec7\uff0c\u5176\u6210\u5458\u5305\u62ec <a href=\"https:\/\/moverdb.com\/zh\/%e5%9b%bd%e9%99%85%e8%bf%81%e5%be%99\/\">\u56fd\u9645\u642c\u5bb6<\/a> \u548c\u642c\u8fc1\u516c\u53f8\u3002<\/li>\n<li>  FIDI\u540c\u65f6\u63d0\u4f9b\u4e2a\u4eba\u642c\u8fc1\u548c\u4f01\u4e1a\u642c\u8fc1\u3002<\/li>\n<li>  \u6240\u6709FIDI\u9644\u5c5e\u673a\u6784\u5fc5\u987b\u9075\u5b88\u4e25\u683c\u7684FIDI-FAIM\u8d28\u91cf\u6807\u51c6\u3002<\/li>\n<li>  FIDI\u63d0\u4f9bFAIM\u8d28\u91cf\u7ba1\u7406\u65b9\u6848\uff0c\u8be5\u65b9\u6848\u88ab\u8ba4\u4e3a\u662f\u884c\u4e1a\u5185\u6700\u4e25\u683c\u7684\u6807\u51c6\u4e4b\u4e00\uff0c\u6709\u8d85\u8fc720\u4e2a\u56fd\u5bb6\u548c\u5730\u533a\u53c2\u52a0\u3002 <strong>200\u9879\u8d28\u91cf\u8981\u6c42<\/strong> \u4e0e\u4e1a\u52a1\u548c\u5ba2\u6237\u670d\u52a1\u6709\u5173\u3002<\/li>\n<li>  \u6bcf\u4e2aFIDI\u4f1a\u5458\u90fd\u5fc5\u987b\u5b9a\u671f\u5bf9\u5176\u56fd\u9645\u642c\u5bb6\u6d3b\u52a8\u8fdb\u884c\u72ec\u7acb\u8bc4\u4f30\u3002\u5982\u679c\u4ed6\u4eec\u6ca1\u6709\u901a\u8fc7\u8bc4\u4f30\uff0c\u4ed6\u4eec\u5c06\u88ab\u7ec8\u6b62FIDI\u7684\u8d44\u683c\u3002<\/li>\n<li>  \u6240\u6709FIDI\u7684\u9644\u5c5e\u673a\u6784\u5fc5\u987b\u7b7e\u7f72\u5e76\u9075\u5b88\u5f3a\u5236\u6027\u7684\u300a\u53cd\u8d3f\u8d42\u548c\u53cd\u8150\u8d25\u5baa\u7ae0\u300b\u3002<\/li>\n<li>  \u6240\u6709FIDI\u4f1a\u5458\u8fd8\u5fc5\u987b\u83b7\u5f97FAIM\u8ba4\u8bc1--\u8fd9\u4e0e\u4f1a\u5458\u8d44\u683c\u540c\u65f6\u7533\u8bf7\u3002<\/li>\n<li>  \u62e5\u6709ISO 9001\u8ba4\u8bc1\u7684\u4eba\u53ef\u4ee5\u4f7f\u7528FAIM Plus\u3002<\/li>\n<\/ol>\n<p><strong>FIDI\u7ec4\u7ec7\u7b80\u4ecb<\/strong><\/p>\n<p>FIDI\u662f\u4e00\u4e2a\u5168\u7403\u6027\u7684\u642c\u5bb6\u516c\u53f8\u534f\u4f1a\uff0c\u4e3a\u5176\u5206\u652f\u673a\u6784\u63d0\u4f9b\u5f3a\u5927\u7684\u3001\u516c\u8ba4\u7684\u670d\u52a1\u5370\u7ae0\uff0c\u589e\u52a0\u7f51\u7edc\u673a\u4f1a\uff0c\u5e76\u6709\u673a\u4f1a\u6269\u5927\u4e1a\u52a1\u3002 <\/p>\n<p>\u5b83\u5b9a\u671f\u4e3e\u884c\u4f1a\u8bae\uff0c\u4e3a\u6765\u81ea\u4e16\u754c\u5404\u5730\u7684\u4f1a\u5458\u4e3e\u529e\u57f9\u8bad\u8bfe\u7a0b\uff0c\u5e76\u4e3a\u4f1a\u5458\u63d0\u4f9b\u4ed8\u6b3e\u4fdd\u62a4\u8ba1\u5212\uff0c\u5e2e\u52a9\u4ed6\u4eec\u4fdd\u62a4\u9ad8\u8fbe90%\u7684\u53d1\u7968\u4ef7\u503c\u3002FIDI\u8fd8\u5c06\u81ea\u5df1\u5b9a\u4f4d\u4e3a\u8ba9\u5176\u9644\u5c5e\u673a\u6784\u4e86\u89e3\u6700\u65b0\u7684\u884c\u4e1a\u65b0\u95fb\uff0c\u5e76\u62e5\u6709\u4e00\u4e2a\u884c\u4e1a\u5c0f\u7ec4\uff0c\u63d0\u4f9b\u4e13\u5bb6\u6307\u5bfc\u5e76\u5904\u7406\u6210\u5458\u4e4b\u95f4\u7684\u7ea0\u7eb7\u3002 <\/p>\n<p>FIDI\u8ba4\u8bc1\u7684\u56fd\u9645\u642c\u5bb6\u516c\u53f8(FAIM)\u8d28\u91cf\u7ba1\u7406\u8ba1\u5212\u662fFIDI\u63d0\u4f9b\u7684\u670d\u52a1\u7684\u4e00\u90e8\u5206\uff0c\u8fd9\u662f\u4e00\u4e2a\u642c\u5bb6\u884c\u4e1a\u7684\u8d28\u91cf\u8ba4\u8bc1\uff0c\u662f\u901a\u8fc7\u54a8\u8be2\u548c\u6765\u81ea\u5927\u3001\u5c0f\u3001\u79c1\u8425\u548c\u516c\u5171\u673a\u6784\u7684\u6700\u4f73\u5b9e\u8df5\u800c\u5f00\u53d1\u7684\u3002 <a href=\"https:\/\/moverdb.com\/zh\/moving-companies\/\" data-internallinksmanager029f6b8e52c=\"79\" title=\"\u56fd\u9645\u642c\u5bb6\u516c\u53f8\u5728\u7ebf\u6392\u540d\u524d25\u540d\">\u56fd\u9645\u642c\u5bb6\u516c\u53f8<\/a> \u6765\u81ea\u4e16\u754c\u5404\u5730\u7684\u4eba\u3002<\/p>\n<p><strong>\u6210\u5458\u7684\u6807\u51c6\u3002<\/strong><\/p>\n<p>\u8981\u52a0\u5165FIDI\u5168\u7403\u8054\u76df\uff0c\u4f60\u5fc5\u987b\u6ee1\u8db3\u4ee5\u4e0b\u5f3a\u5236\u6027\u8981\u6c42\u3002<\/p>\n<ul>\n<li> \u9075\u5b88FIDI\u7684\u89c4\u5b9a<\/li>\n<li> \u5728\u7533\u8bf7\u524d\u81f3\u5c11\u67092\u5e74\u4ece\u4e8b\u6d32\u9645\u642c\u5bb6\u670d\u52a1\u7684\u7ecf\u5386<\/li>\n<li> \u6bcf\u5e74\u81f3\u5c11\u8fdb\u884c10\u6b21\u6d32\u9645\u642c\u5bb6*\u3002<\/li>\n<li> \u62e5\u6709\u9002\u5f53\u548c\u5145\u5206\u7684\u4fdd\u9669\u4fdd\u969c<\/li>\n<li> \u7b7e\u7f72FIDI\u53cd\u8d3f\u8d42\u548c\u53cd\u8150\u8d25\u5baa\u7ae0\uff08FIDI ABC\u5baa\u7ae0\uff09\u3002<\/li>\n<li> \u8d22\u52a1\u5065\u5eb7\uff08\u4f60\u7684\u8d22\u52a1\u5065\u5eb7\u72b6\u51b5\u5c06\u5728\u7533\u8bf7\u9636\u6bb5\u7531\u72ec\u7acb\u5ba1\u8ba1\u5e08\u68c0\u67e5\u3002\uff09<\/li>\n<li> \u83b7\u5f97FIDI-FAIM\u8ba4\u8bc1\uff08\u4f60\u5c06\u5728\u7533\u8bf7FIDI\u4f1a\u5458\u8d44\u683c\u7684\u540c\u65f6\uff0c\u7533\u8bf7FAIM\u8ba4\u8bc1\u3002\uff09<\/li>\n<\/ul>\n<p><strong>FAIM\u8ba4\u8bc1\u3002<\/strong><\/p>\n<p>FIDI-FAIM\u8ba4\u8bc1\u8ba1\u5212\u8981\u6c42\u56fd\u9645\u642c\u5bb6\u516c\u53f8\u901a\u8fc7\u72ec\u7acb\u5ba1\u8ba1\u5bf9\u5176\u6d32\u9645\u642c\u5bb6\u6d3b\u52a8\u8fdb\u884c\u5b9a\u671f\u7684\u72ec\u7acb\u8bc4\u4f30\uff0c\u8be5\u5ba1\u8ba1\u6bcf\u4e09\u5e74\u8fdb\u884c\u4e00\u6b21\u3002<\/p>\n<p>\u8fd9\u786e\u4fdd\u4e86FIDI\u516c\u53f8\u4ee5\u7edf\u4e00\u7684\u3001\u6ce8\u91cd\u8d28\u91cf\u7684\u548c\u6709\u6548\u7684\u65b9\u5f0f\uff0c\u6309\u7167\u4e16\u754c\u6027\u7684\u5171\u540c\u6807\u51c6\u7ba1\u7406\u548c\u6267\u884c\u56fd\u9645\u642c\u5bb6\u670d\u52a1\u3002\u5b83\u8fd8\u63d0\u4f9b\u4e86\u4e00\u4e2a\u900f\u660e\u7684\u673a\u5236\uff0c\u786e\u4fdd\u6807\u51c6\u4fdd\u6301\u9ad8\u6c34\u51c6\u3002<\/p>\n<p>\u4ece\u6700\u7ec8\u5ba2\u6237\u7684\u89d2\u5ea6\u6765\u770b\uff0c\u7ecf\u8fc7FAIM\u8ba4\u8bc1\u7684\u516c\u53f8\u7ed9\u642c\u5bb6\u8005\u548c\u7ec4\u7ec7\u4ed6\u642c\u5bb6\u7684\u4eba\u529b\u8d44\u6e90\u90e8\u95e8\u4ee5\u4fe1\u5fc3\uff0c\u76f8\u4fe1\u8be5\u516c\u53f8\u4e86\u89e3\u4e1a\u52a1\uff0c\u6709\u8db3\u591f\u7684\u8d44\u6e90\u548c\u6280\u672f\u6765\u505a\u597d\u5de5\u4f5c\u3002<\/p>\n<p>\u73b0\u573a\u8bc4\u4f30\u662f\u7531\u56fd\u9645\u8bc4\u4f30\u673a\u6784\u5b89\u6c38\u4f1a\u8ba1\u5e08\u4e8b\u52a1\u6240\u72ec\u7acb\u8fdb\u884c\u7684\u3002<\/p>\n<p><strong>\u4e00\u4e9b\u6210\u5458\u516c\u53f8<\/strong><\/p>\n<ul>\n<li> <a href=\"https:\/\/moverdb.com\/zh\/%e8%bd%ae%e8%83%8e\/\">\u827e\u5229\u65af<\/a><\/li>\n<li> <a href=\"https:\/\/moverdb.com\/zh\/cadogan-tate\/\">\u5361\u591a\u6839-\u5854\u7279<\/a><\/li>\n<li> <a href=\"https:\/\/moverdb.com\/zh\/%e5%93%88%e7%bd%97-%e7%bb%bf%e8%89%b2\/\">Harrow Green<\/a><\/li>\n<li> <a href=\"https:\/\/moverdb.com\/zh\/%e6%a1%91%e5%a1%94-%e8%b4%b9-%e8%bf%81%e5%b1%85\/\">\u5723\u83f2\u642c\u8fc1<\/a><\/li>\n<li> <a href=\"https:\/\/moverdb.com\/zh\/%e5%9b%a2%e9%98%9f-%e5%ae%9a%e4%bd%8d\/\">\u56e2\u961f\u642c\u8fc1<\/a><\/li>\n<li> <a href=\"https:\/\/moverdb.com\/zh\/%e5%b0%bc%e6%99%ae%e9%a1%bf%e5%bf%ab%e9%80%92\/\">\u65e5\u672c\u5feb\u9012<\/a><\/li>\n<li> <a href=\"https:\/\/moverdb.com\/zh\/%e8%ae%be%e7%bd%ae\/\">\u6fd1\u6237\u90e8<\/a><\/li>\n<li> <a href=\"https:\/\/moverdb.com\/zh\/%e5%ba%b7%e7%bd%97%e4%bc%8a%e6%90%ac%e5%ae%b6%e5%85%ac%e5%8f%b8\/\">\u5eb7\u7f57\u4f0a\u642c\u5bb6\u516c\u53f8<\/a><\/li>\n<li> <a href=\"https:\/\/moverdb.com\/zh\/%e7%8e%bb%e5%88%a9%e6%a0%bc\/\">\u535a\u5229\u683c<\/a><\/li>\n<li> <a href=\"https:\/\/moverdb.com\/zh\/mudanzas-gou\/\">Mudanzas Gou<\/a><\/li>\n<li> <a href=\"https:\/\/moverdb.com\/zh\/%e7%ba%aa%e6%99%93%e5%b2%9a\/\">Gil Stauffer<\/a><\/li>\n<li> <a href=\"https:\/\/moverdb.com\/zh\/%e9%a9%ae%e8%bf%90%e5%85%ac%e5%8f%b8\/\">\u6dd8\u5b9d\u7f51<\/a><\/li>\n<\/ul>\n<p><strong>\u5bf9\u8be5\u7ec4\u7ec7\u7684\u770b\u6cd5<\/strong><\/p>\n<p>\u90a3\u4e9b\u5728\u5176\u7f51\u7ad9\u4e0a\u63d0\u5230\u7684\u642c\u5bb6\u516c\u53f8\u5bf9FIDI\u7ed9\u4e88\u4e86\u5f88\u9ad8\u7684\u8bc4\u4ef7\uff0c\u65e0\u8bba\u662f\u5b83\u6240\u62e5\u6709\u7684\u5927\u91cf\u8d44\u6e90\uff0c\u8fd8\u662f\u5ba1\u8ba1\u5de5\u4f5c\u7684\u6301\u7eed\u8fdb\u884c\u3002 <\/p>\n<p>\u72ec\u7acb\u6027\u662fFIDI\u5efa\u7acb\u58f0\u8a89\u7684\u53e6\u4e00\u4e2a\u5173\u952e\u56e0\u7d20--\u6bcf\u5bb6\u642c\u5bb6\u516c\u53f8\u90fd\u6709\u4e00\u4e2a\u7531\u6765\u81ea\u5176\u56fd\u5bb6\u4ee5\u5916\u7684\u987e\u95ee\u8fdb\u884c\u7684\u73b0\u573a\u5408\u89c4\u7a0b\u5e8f\u3002 <\/p>\n<blockquote><p>\u5bf9\u4e8e\u90a3\u4e9b\u6e34\u671b\u8fbe\u5230\u6700\u9ad8\u8d28\u91cf\u6c34\u5e73\u7684\u642c\u5bb6\u516c\u53f8\u6765\u8bf4\uff0cFAIM\/ISO\u63d0\u4f9b\u4e86\u4e16\u754c\u4e0a\u6700\u9ad8\u7684\u8ba4\u8bc1\u6807\u51c6\u3002<\/p><\/blockquote>\n<p> - <a href=\"http:\/\/www.ossworldwidemovers.com\/fidi-accredited-international-mover\" target=\"_blank\" rel=\"noopener\">OSS\u4e16\u754c\u8303\u56f4\u5185\u7684\u642c\u5bb6\u516c\u53f8<\/a><\/p>\n<blockquote><p>\u4e16\u754c\u4e0a\u6709\u8bb8\u591a\u642c\u5bb6\u516c\u53f8\u3002\u4f60\u5982\u4f55\u533a\u5206\u597d\u7684\u548c\u574f\u7684\u5462\uff1f\u4f60\u53ef\u4ee5\u4eceFIDI\/FAIM\u5f00\u59cb\uff0c\u5b83\u662f\u56fd\u9645\u642c\u5bb6\u7684\u9ec4\u91d1\u6807\u51c6\u3002<\/p><\/blockquote>\n<p>- <a href=\"http:\/\/www.jkmoving.com\/International\/International_Network-_FIDI\/FAIM\/\" target=\"_blank\" rel=\"noopener\">JK\u642c\u5bb6\u670d\u52a1<\/a><\/p>\n<p><a href=\"http:\/\/www.jkmoving.com\/International\/International_Network-_FIDI\/FAIM\/\" target=\"_blank\" rel=\"noopener\"><\/a><\/p>\n<blockquote><p>\u8fd9\u662f\u56fd\u9645\u642c\u5bb6\u4e1a\u6700\u4e25\u683c\u3001\u6700\u5168\u9762\u7684\u8d28\u91cf\u8ba1\u5212\uff0c\u6709200\u591a\u9879\u4e0e\u4e00\u4e2a\u7ec4\u7ec7\u7684\u8fd0\u4f5c\u548c\u5bf9\u5ba2\u6237\u7684\u670d\u52a1\u6709\u5173\u7684\u8d28\u91cf\u8981\u6c42\u3002FIDI\u73b0\u5728\u63d0\u4f9b\u4e00\u79cd\u540d\u4e3aFAIM\u7684\u8ba4\u8bc1\u3002<\/p><\/blockquote>\n<p>- <a href=\"http:\/\/www.suddathinternational.com\/news\/2013\/8\/1\/faim-plus.aspx\" target=\"_blank\" rel=\"noopener\">\u82cf\u8fbe\u65af<\/a><\/p>\n<p><strong>\u7f51\u7ad9\u3002<\/strong> <a href=\"https:\/\/www.fidi.org\" target=\"_blank\" rel=\"noopener\">https:\/\/www.fidi.org<\/a><\/p>","protected":false},"excerpt":{"rendered":"<p>FIDI (F\u00e9d\u00e9ration Internationale des D\u00e9m\u00e9nageurs Internationaux; The Federation of International Movers) is a global umbrella organisation of international moving and relocation businesses. It describes itself as a worldwide industry standard for top quality movers and has pioneered the FIDI Accredited International Mover (FAIM) Quality Management Programme, a quality certification programme dedicated exclusively to the international [&hellip;]<\/p>\n","protected":false},"author":1,"featured_media":0,"parent":0,"menu_order":0,"comment_status":"closed","ping_status":"closed","template":"","meta":{"_genesis_hide_title":false,"_genesis_hide_breadcrumbs":false,"_genesis_hide_singular_image":false,"_genesis_hide_footer_widgets":false,"_genesis_custom_body_class":"","_genesis_custom_post_class":"","_genesis_layout":"","footnotes":""},"class_list":{"0":"post-434","1":"page","2":"type-page","3":"status-publish","5":"entry"},"_links":{"self":[{"href":"https:\/\/moverdb.com\/zh\/wp-json\/wp\/v2\/pages\/434","targetHints":{"allow":["GET"]}}],"collection":[{"href":"https:\/\/moverdb.com\/zh\/wp-json\/wp\/v2\/pages"}],"about":[{"href":"https:\/\/moverdb.com\/zh\/wp-json\/wp\/v2\/types\/page"}],"author":[{"embeddable":true,"href":"https:\/\/moverdb.com\/zh\/wp-json\/wp\/v2\/users\/1"}],"replies":[{"embeddable":true,"href":"https:\/\/moverdb.com\/zh\/wp-json\/wp\/v2\/comments?post=434"}],"version-history":[{"count":28,"href":"https:\/\/moverdb.com\/zh\/wp-json\/wp\/v2\/pages\/434\/revisions"}],"predecessor-version":[{"id":6210,"href":"https:\/\/moverdb.com\/zh\/wp-json\/wp\/v2\/pages\/434\/revisions\/6210"}],"wp:attachment":[{"href":"https:\/\/moverdb.com\/zh\/wp-json\/wp\/v2\/media?parent=434"}],"curies":[{"name":"wp","href":"https:\/\/api.w.org\/{rel}","templated":true}]}}