{"id":13788,"date":"2023-11-08T15:52:42","date_gmt":"2023-11-08T15:52:42","guid":{"rendered":"https:\/\/moverdb.com\/freight-forwarder\/freight-forwarding-uk\/staines-freight-forwarder\/"},"modified":"2026-01-08T13:18:16","modified_gmt":"2026-01-08T13:18:16","slug":"staines-freight-forwarder","status":"publish","type":"page","link":"https:\/\/moverdb.com\/zh\/freight-forwarder\/freight-forwarding-uk\/staines-freight-forwarder\/","title":{"rendered":"8\u5bb6\u6700\u597d\u7684\u65af\u6cf0\u6069\u8d27\u8fd0\u4ee3\u7406\u516c\u53f8\uff082026\u5e74\uff09"},"content":{"rendered":"<p>\u4e0b\u9762\u6211\u4eec\u6765\u770b\u770b 8 <em>\"\u6700\u4f73\"<\/em> \u65af\u6cf0\u6069\u65af\u7684\u8d27\u8fd0\u4ee3\u7406\u516c\u53f8\uff0c\u5171 16 \u5bb6\u3002<\/p>\n<p>\u5982\u9700\u8fdb\u4e00\u6b65\u4e86\u89e3\u6211\u4eec\u5982\u4f55\u9009\u62e9\u6700\u4f73\u4ea7\u54c1\uff0c\u8bf7\u53c2\u9605\u672b\u5c3e\u7684 \"\u5e38\u89c1\u95ee\u9898 \"\u90e8\u5206\u3002<\/p>\n<p><em>\u8bf7\u6ce8\u610f\uff0c\u4ee5\u4e0b\u5217\u8868\u4e0d\u6309\u7279\u5b9a\u987a\u5e8f\u6392\u5217\uff0c\u6211\u4eec\u4e5f\u4e0d\u63a8\u8350\u4efb\u4f55\u7279\u5b9a\u516c\u53f8\u3002<\/em><\/p>\n<div id=\"ez-toc-container\" class=\"ez-toc-v2_0_82_2 ez-toc-wrap-left counter-hierarchy ez-toc-counter ez-toc-transparent ez-toc-container-direction\">\n<div class=\"ez-toc-title-container\">\n<p class=\"ez-toc-title\" style=\"cursor:inherit\">\u680f\u76ee<\/p>\n<span class=\"ez-toc-title-toggle\"><a href=\"#\" class=\"ez-toc-pull-right ez-toc-btn ez-toc-btn-xs ez-toc-btn-default ez-toc-toggle\" aria-label=\"\u5207\u6362\u5185\u5bb9\u8868\"><span class=\"ez-toc-js-icon-con\"><span class=\"\"><span class=\"eztoc-hide\" style=\"display:none;\">\u5207\u6362<\/span><span class=\"ez-toc-icon-toggle-span\"><svg style=\"fill: #999;color:#999\" xmlns=\"http:\/\/www.w3.org\/2000\/svg\" class=\"list-377408\" width=\"20px\" height=\"20px\" viewbox=\"0 0 24 24\" fill=\"none\"><path d=\"M6 6H4v2h2V6zm14 0H8v2h12V6zM4 11h2v2H4v-2zm16 0H8v2h12v-2zM4 16h2v2H4v-2zm16 0H8v2h12v-2z\" fill=\"currentColor\"><\/path><\/svg><svg style=\"fill: #999;color:#999\" class=\"arrow-unsorted-368013\" xmlns=\"http:\/\/www.w3.org\/2000\/svg\" width=\"10px\" height=\"10px\" viewbox=\"0 0 24 24\" version=\"1.2\" baseprofile=\"tiny\"><path d=\"M18.2 9.3l-6.2-6.3-6.2 6.3c-.2.2-.3.4-.3.7s.1.5.3.7c.2.2.4.3.7.3h11c.3 0 .5-.1.7-.3.2-.2.3-.5.3-.7s-.1-.5-.3-.7zM5.8 14.7l6.2 6.3 6.2-6.3c.2-.2.3-.5.3-.7s-.1-.5-.3-.7c-.2-.2-.4-.3-.7-.3h-11c-.3 0-.5.1-.7.3-.2.2-.3.5-.3.7s.1.5.3.7z\"\/><\/svg><\/span><\/span><\/span><\/a><\/span><\/div>\n<nav><ul class='ez-toc-list ez-toc-list-level-1 eztoc-toggle-hide-by-default' ><li class='ez-toc-page-1 ez-toc-heading-level-2'><a class=\"ez-toc-link ez-toc-heading-1\" href=\"https:\/\/moverdb.com\/zh\/freight-forwarder\/freight-forwarding-uk\/staines-freight-forwarder\/#CargoPro_Limited\" >CargoPro Limited<\/a><\/li><li class='ez-toc-page-1 ez-toc-heading-level-2'><a class=\"ez-toc-link ez-toc-heading-2\" href=\"https:\/\/moverdb.com\/zh\/freight-forwarder\/freight-forwarding-uk\/staines-freight-forwarder\/#Santova_Logistics\" >\u5c71\u90fd\u534e\u7269\u6d41<\/a><\/li><li class='ez-toc-page-1 ez-toc-heading-level-2'><a class=\"ez-toc-link ez-toc-heading-3\" href=\"https:\/\/moverdb.com\/zh\/freight-forwarder\/freight-forwarding-uk\/staines-freight-forwarder\/#TRICO_INTERNATIONAL_Shipping_Ltd\" >TRICO \u56fd\u9645\u8239\u52a1\u6709\u9650\u516c\u53f8<\/a><\/li><li class='ez-toc-page-1 ez-toc-heading-level-2'><a class=\"ez-toc-link ez-toc-heading-4\" href=\"https:\/\/moverdb.com\/zh\/freight-forwarder\/freight-forwarding-uk\/staines-freight-forwarder\/#Wexco_Cargo_G_S_S_A\" >Wexco Cargo G S S A<\/a><\/li><li class='ez-toc-page-1 ez-toc-heading-level-2'><a class=\"ez-toc-link ez-toc-heading-5\" href=\"https:\/\/moverdb.com\/zh\/freight-forwarder\/freight-forwarding-uk\/staines-freight-forwarder\/#Mentfield_UK_Ltd\" >\u66fc\u83f2\u5c14\u5fb7\u82f1\u56fd\u6709\u9650\u516c\u53f8<\/a><\/li><li class='ez-toc-page-1 ez-toc-heading-level-2'><a class=\"ez-toc-link ez-toc-heading-6\" href=\"https:\/\/moverdb.com\/zh\/freight-forwarder\/freight-forwarding-uk\/staines-freight-forwarder\/#PSP_Worldwide_Logistics_London\" >\u4f26\u6566 PSP \u5168\u7403\u7269\u6d41<\/a><\/li><li class='ez-toc-page-1 ez-toc-heading-level-2'><a class=\"ez-toc-link ez-toc-heading-7\" href=\"https:\/\/moverdb.com\/zh\/freight-forwarder\/freight-forwarding-uk\/staines-freight-forwarder\/#dnata_City_Unit_1\" >dnata \u57ce\u5e02 1 \u5355\u5143<\/a><\/li><li class='ez-toc-page-1 ez-toc-heading-level-2'><a class=\"ez-toc-link ez-toc-heading-8\" href=\"https:\/\/moverdb.com\/zh\/freight-forwarder\/freight-forwarding-uk\/staines-freight-forwarder\/#IdrisMans_Transit\" >\u4f0a\u5fb7\u91cc\u65af-\u66fc\u65af\u4e2d\u8f6c\u7ad9<\/a><\/li><li class='ez-toc-page-1 ez-toc-heading-level-2'><a class=\"ez-toc-link ez-toc-heading-9\" href=\"https:\/\/moverdb.com\/zh\/freight-forwarder\/freight-forwarding-uk\/staines-freight-forwarder\/#How_we_picked_the_best_Staines_Freight_Forwarding_Companies\" >\u6211\u4eec\u5982\u4f55\u6311\u9009\u51fa\u6700\u4f73\u65af\u6cf0\u6069\u8d27\u8fd0\u4ee3\u7406\u516c\u53f8<\/a><\/li><\/ul><\/nav><\/div>\n<h2><span class=\"ez-toc-section\" id=\"CargoPro_Limited\"><\/span>CargoPro Limited<span class=\"ez-toc-section-end\"><\/span><\/h2>\n<p><img decoding=\"async\" src=\"https:\/\/moverdb.com\/wp-content\/uploads\/thumbnailpanoid8eZ03x04DAxtcvndHkNXHgcb_clientsearch.gws-prod.gpsw408h240yaw156.jpg\" alt='CargoPro Limited' class=\"aligncenter\"><\/p>\n<p><strong>\u4f01\u4e1a\u63cf\u8ff0 <\/strong>\u65e0\u63d0\u4f9b<\/p>\n<p><strong>\u9644\u52a0\u670d\u52a1<\/strong><\/p>\n<p>\u672a\u5217\u51fa<\/p>\n<p><strong>\u5730\u5740<\/strong> Cargo House, 1 The Mallards, Staines TW18 2TB<\/p>\n<p><a href=\"https:\/\/www.cargopro.co.uk\/\" target=\"_new\" rel=\"noopener\">CargoPro Limited \u7f51\u7ad9<\/a><\/p>\n<p><strong>\u5ba1\u67e5\u5f97\u5206\uff1a <\/strong>5<br \/> <strong>\u8bc4\u8bba\u6570\u91cf\uff1a<\/strong> 2<br \/><a href=\"https:\/\/www.google.co.uk\/maps?cid=16856630503006872933&#038;hl=en&#038;gl=GB\" target=\"_new\" rel=\"noopener\">\u9605\u8bfb\u8bc4\u8bba<\/a><\/p>\n<h2><span class=\"ez-toc-section\" id=\"Santova_Logistics\"><\/span>\u5c71\u90fd\u534e\u7269\u6d41<span class=\"ez-toc-section-end\"><\/span><\/h2>\n<p><img decoding=\"async\" src=\"https:\/\/moverdb.com\/wp-content\/uploads\/thumbnailpanoidf4e0Huub_cPG2grVooambgcb_clientsearch.gws-prod.gpsw408h240yaw126.jpg\" alt='\u5c71\u90fd\u534e\u7269\u6d41' class=\"aligncenter\"><\/p>\n<p><strong>\u4f01\u4e1a\u63cf\u8ff0 <\/strong>\u65e0\u63d0\u4f9b<\/p>\n<p><strong>\u9644\u52a0\u670d\u52a1<\/strong><\/p>\n<p>\u672a\u5217\u51fa<\/p>\n<p><strong>\u5730\u5740<\/strong> \u4f26\u6566\u8def\u767e\u592b\u957f\u5927\u53a6\uff0c\u65af\u6cf0\u6069\u65af TW18 4AX<\/p>\n<p><a href=\"http:\/\/www.santova.com\/\" target=\"_new\" rel=\"noopener\">\u5c71\u90fd\u534e\u7269\u6d41\u7f51\u7ad9<\/a><\/p>\n<p><strong>\u5ba1\u67e5\u5f97\u5206\uff1a <\/strong>5<br \/> <strong>\u8bc4\u8bba\u6570\u91cf\uff1a<\/strong> 1<br \/><a href=\"https:\/\/www.google.co.uk\/maps?cid=7182348770038663337&#038;hl=en&#038;gl=GB\" target=\"_new\" rel=\"noopener\">\u9605\u8bfb\u8bc4\u8bba<\/a><\/p>\n<h2><span class=\"ez-toc-section\" id=\"TRICO_INTERNATIONAL_Shipping_Ltd\"><\/span>TRICO \u56fd\u9645\u8239\u52a1\u6709\u9650\u516c\u53f8<span class=\"ez-toc-section-end\"><\/span><\/h2>\n<p><img decoding=\"async\" src=\"https:\/\/moverdb.com\/wp-content\/uploads\/AF1QipNEdVhhScL5vWrWmX5JQbRfv6acPNHQ_oOKGX0ww408-h306-k-no.jpg\" alt='TRICO \u56fd\u9645\u8239\u52a1\u6709\u9650\u516c\u53f8' class=\"aligncenter\"><\/p>\n<p><strong>\u4f01\u4e1a\u63cf\u8ff0 <\/strong>\u65af\u91cc\u5170\u5361\u95e8\u5230\u95e8\u3001 <a href=\"https:\/\/moverdb.com\/zh\/moving-to-indonesia\/\" data-internallinksmanager029f6b8e52c=\"375\" title=\"\u79fb\u5c45\u5370\u5ea6\u5c3c\u897f\u4e9a\uff1f2026 \u5e74\u751f\u6d3b\u8d39\u7528\u4e0e\u642c\u8fc1\u63d0\u793a\">\u5370\u5ea6\u5c3c\u897f\u4e9a<\/a>, Malesia\u3001 <a href=\"https:\/\/moverdb.com\/zh\/car-transport-shipping\/\" data-internallinksmanager029f6b8e52c=\"2\" title=\"2026 \u56fd\u9645\u6c7d\u8f66\u8fd0\u8f93\u548c\u8f66\u8f86\u6258\u8fd0\u62a5\u4ef7\">\u6c7d\u8f66\u8fd0\u8f93<\/a> \u53d1\u5f80\u65af\u91cc\u5170\u5361, \u8d27\u7269, \u76d2\u5b50\u53d1\u5f80\u65af\u91cc\u5170\u5361, \u5168\u7403\u8d27\u7269<br \/>\n\u95e8\u5230\u95e8 \u65af\u91cc\u5170\u5361, \u5370\u5ea6\u5c3c\u897f\u4e9a, \u9a6c\u6765\u897f\u4e9a, \u6c7d\u8f66\u8fd0\u9001\u5230\u65af\u91cc\u5170\u5361, \u8d27\u7269, Box send to Sri Lanka, \u5168\u7403\u8d27\u8fd0<\/p>\n<p><strong>\u9644\u52a0\u670d\u52a1<\/strong><\/p>\n<p>\u7269\u6d41\u670d\u52a1<\/p>\n<p><strong>\u5730\u5740<\/strong> 215-217 London Rd, Staines TW18 4HL<\/p>\n<p><a href=\"https:\/\/www.tricointernational.co.uk\/\" target=\"_new\" rel=\"noopener\">TRICO INTERNATIONAL Shipping Ltd \u7f51\u7ad9<\/a><\/p>\n<p><strong>\u5ba1\u67e5\u5f97\u5206\uff1a <\/strong>4.2<br \/> <strong>\u8bc4\u8bba\u6570\u91cf\uff1a<\/strong> 68<br \/><a href=\"https:\/\/www.google.co.uk\/maps?cid=2311709322253237962&#038;hl=en&#038;gl=GB\" target=\"_new\" rel=\"noopener\">\u9605\u8bfb\u8bc4\u8bba<\/a><\/p>\n<h2><span class=\"ez-toc-section\" id=\"Wexco_Cargo_G_S_S_A\"><\/span>Wexco Cargo G S S A<span class=\"ez-toc-section-end\"><\/span><\/h2>\n<p><img decoding=\"async\" src=\"https:\/\/moverdb.com\/wp-content\/uploads\/thumbnailpanoidchtGyotiXJtBW7PWsx-RZAcb_clientsearch.gws-prod.gpsw408h240yaw119.jpg\" alt='Wexco Cargo G S S A' class=\"aligncenter\"><\/p>\n<p><strong>\u4f01\u4e1a\u63cf\u8ff0 <\/strong>\u65e0\u63d0\u4f9b<\/p>\n<p><strong>\u9644\u52a0\u670d\u52a1<\/strong><\/p>\n<p>\u672a\u5217\u51fa<\/p>\n<p><strong>\u5730\u5740<\/strong> Northumberland Cl, Stanwell, Lancaster, Staines TW14 0NG<\/p>\n<p><a href=\"http:\/\/www.gsawexco.com\/\" target=\"_new\" rel=\"noopener\">Wexco Cargo G S S A \u7f51\u7ad9<\/a><\/p>\n<p><strong>\u5ba1\u67e5\u5f97\u5206\uff1a <\/strong>5<br \/> <strong>\u8bc4\u8bba\u6570\u91cf\uff1a<\/strong> 1<br \/><a href=\"https:\/\/www.google.co.uk\/maps?cid=13240279529537870685&#038;hl=en&#038;gl=GB\" target=\"_new\" rel=\"noopener\">\u9605\u8bfb\u8bc4\u8bba<\/a><\/p>\n<h2><span class=\"ez-toc-section\" id=\"Mentfield_UK_Ltd\"><\/span>\u66fc\u83f2\u5c14\u5fb7\u82f1\u56fd\u6709\u9650\u516c\u53f8<span class=\"ez-toc-section-end\"><\/span><\/h2>\n<p><img decoding=\"async\" src=\"https:\/\/moverdb.com\/wp-content\/uploads\/AF1QipPr_CDY0MPinM-tHNmPhZIq_3MzYfu06YoST3dIw426-h240-k-no.jpg\" alt='\u66fc\u83f2\u5c14\u5fb7\u82f1\u56fd\u6709\u9650\u516c\u53f8' class=\"aligncenter\"><\/p>\n<p><strong>\u4f01\u4e1a\u63cf\u8ff0 <\/strong>\u65e0\u63d0\u4f9b<\/p>\n<p><strong>\u9644\u52a0\u670d\u52a1<\/strong><\/p>\n<p>\u672a\u5217\u51fa<\/p>\n<p><strong>\u5730\u5740<\/strong> Long Ln, Stanwell, Staines TW19 7AU<\/p>\n<p><a href=\"http:\/\/www.mentfield.com\/\" target=\"_new\" rel=\"noopener\">\u66fc\u83f2\u5c14\u5fb7\u82f1\u56fd\u6709\u9650\u516c\u53f8\u7f51\u7ad9<\/a><\/p>\n<p><strong>\u5ba1\u67e5\u5f97\u5206\uff1a <\/strong>3.6<br \/> <strong>\u8bc4\u8bba\u6570\u91cf\uff1a<\/strong> 52<br \/><a href=\"https:\/\/www.google.co.uk\/maps?cid=8326872892032297862&#038;hl=en&#038;gl=GB\" target=\"_new\" rel=\"noopener\">\u9605\u8bfb\u8bc4\u8bba<\/a><\/p>\n<h2><span class=\"ez-toc-section\" id=\"PSP_Worldwide_Logistics_London\"><\/span>\u4f26\u6566 PSP \u5168\u7403\u7269\u6d41<span class=\"ez-toc-section-end\"><\/span><\/h2>\n<p><img decoding=\"async\" src=\"https:\/\/moverdb.com\/wp-content\/uploads\/AF1QipMCftB0G0cnX3BVtGynXf0hKlZVpssnN-JooHgTw426-h240-k-no.jpg\" alt='\u4f26\u6566 PSP \u5168\u7403\u7269\u6d41' class=\"aligncenter\"><\/p>\n<p><strong>\u4f01\u4e1a\u63cf\u8ff0 <\/strong>\u81ea 2003 \u5e74\u6210\u7acb\u4ee5\u6765\uff0cPSP \u4f26\u6566\u56e2\u961f\u5728\u5e0c\u601d\u7f57\u673a\u573a\u7684\u6218\u7565\u8981\u5730\u53d1\u5c55\u4e86\u4e00\u6d41\u7684\u8d27\u8fd0\u4ee3\u7406\u3001\u6e05\u5173\u548c\u4ed3\u50a8\u670d\u52a1\uff0c\u5e76\u5728\u5404\u5782\u76f4\u884c\u4e1a\u5efa\u7acb\u4e86\u5e9e\u5927\u7684\u5fe0\u5b9e\u5ba2\u6237\u7fa4\uff0c\u540c\u65f6\u7ee7\u7eed\u4e0e\u6c49\u666e\u90e1\u7684\u540c\u4e8b\u5bc6\u5207\u5408\u4f5c\u3002<\/p>\n<p>\u7531\u4e8e\u6211\u4eec\u83b7\u5f97\u4e86\u82f1\u56fd\u7687\u5bb6\u7a0e\u52a1\u6d77\u5173\u603b\u7f72\u7684 AEO \u8ba4\u8bc1\uff0c\u5e76\u88ab\u6388\u6743\u5904\u7406\u548c\u8fd0\u8f93\u6700\u5371\u9669\u3001\u8981\u6c42\u6700\u9ad8\u7684\u8d27\u7269\uff0c\u56e0\u6b64\u6211\u4eec\u62e5\u6709\u652f\u6301\u6700\u590d\u6742\u5168\u7403\u4f9b\u5e94\u94fe\u7684\u4e13\u4e1a\u77e5\u8bc6\u3001\u8d44\u6e90\u548c\u80fd\u529b<\/p>\n<p><strong>\u9644\u52a0\u670d\u52a1<\/strong><\/p>\n<p>\u672a\u5217\u51fa<\/p>\n<p><strong>\u5730\u5740<\/strong> 46 Church St, Staines TW18 4XR<\/p>\n<p><a href=\"https:\/\/www.psplondon.com\/\" target=\"_new\" rel=\"noopener\">PSP \u5168\u7403\u7269\u6d41\u4f26\u6566\u7f51\u7ad9<\/a><\/p>\n<p><strong>\u5ba1\u67e5\u5f97\u5206\uff1a <\/strong>5<br \/> <strong>\u8bc4\u8bba\u6570\u91cf\uff1a<\/strong> 4<br \/><a href=\"https:\/\/www.google.co.uk\/maps?cid=1483888657385951061&#038;hl=en&#038;gl=GB\" target=\"_new\" rel=\"noopener\">\u9605\u8bfb\u8bc4\u8bba<\/a><\/p>\n<h2><span class=\"ez-toc-section\" id=\"dnata_City_Unit_1\"><\/span>dnata \u57ce\u5e02 1 \u5355\u5143<span class=\"ez-toc-section-end\"><\/span><\/h2>\n<p><img decoding=\"async\" src=\"https:\/\/moverdb.com\/wp-content\/uploads\/AF1QipNgc-yDhDB3RQ3VDDs7fdVHhvuYScKidotBR4VHw408-h306-k-no.jpg\" alt='dnata \u57ce\u5e02 1 \u5355\u5143' class=\"aligncenter\"><\/p>\n<p><strong>\u4f01\u4e1a\u63cf\u8ff0 <\/strong>\u65e0\u63d0\u4f9b<\/p>\n<p><strong>\u9644\u52a0\u670d\u52a1<\/strong><\/p>\n<p>\u672a\u5217\u51fa<\/p>\n<p><strong>\u5730\u5740<\/strong> Northumberland Close, Stanwell, Staines TW19 7LN<\/p>\n<p><a href=\"http:\/\/www.dnata.co.uk\/\" target=\"_new\" rel=\"noopener\">dnata \u57ce\u5e02 1 \u5355\u5143\u7f51\u7ad9<\/a><\/p>\n<p><strong>\u5ba1\u67e5\u5f97\u5206\uff1a <\/strong>3.7<br \/> <strong>\u8bc4\u8bba\u6570\u91cf\uff1a<\/strong> 216<br \/><a href=\"https:\/\/www.google.co.uk\/maps?cid=5796627990768086424&#038;hl=en&#038;gl=GB\" target=\"_new\" rel=\"noopener\">\u9605\u8bfb\u8bc4\u8bba<\/a><\/p>\n<h2><span class=\"ez-toc-section\" id=\"IdrisMans_Transit\"><\/span>\u4f0a\u5fb7\u91cc\u65af-\u66fc\u65af\u4e2d\u8f6c\u7ad9<span class=\"ez-toc-section-end\"><\/span><\/h2>\n<p><img decoding=\"async\" src=\"https:\/\/moverdb.com\/wp-content\/uploads\/AF1QipOiZ12ya1hGttcaGjLFU_i3Ox5MQXDss4okGoLHw408-h306-k-no.jpg\" alt='\u4f0a\u5fb7\u91cc\u65af-\u66fc\u65af\u4e2d\u8f6c\u7ad9' class=\"aligncenter\"><\/p>\n<p><strong>\u4f01\u4e1a\u63cf\u8ff0 <\/strong>\u4f0a\u5fb7\u91cc\u65af-\u66fc\u65af\u662f\u8457\u540d\u7684 <a href=\"https:\/\/moverdb.com\/zh\/freight-forwarder\/\" data-internallinksmanager029f6b8e52c=\"17\" title=\"\u8d27\u8fd0\u4ee3\u7406\u548c\u65e0\u8239\u627f\u8fd0\u4eba\u56fd\u9645\u6210\u672c\u548c\u516c\u53f8\u6307\u5357\">\u8d27\u8fd0\u4ee3\u7406\u516c\u53f8<\/a> &amp; \u62a5\u5173\u516c\u53f8\uff0c\u62e5\u6709\u591a\u5e74\u7ecf\u9a8c\uff0c\u4ee5\u4e13\u4e1a\u7684\u6001\u5ea6\u5904\u7406\u4e00\u5207\u4e8b\u52a1\u3002<\/p>\n<p>\u6211\u4eec\u89c4\u5212\u548c\u534f\u8c03\u5546\u4e1a\u6d3b\u52a8\uff0c\u5305\u62ec\u8d27\u7269\u8fdb\u51fa\u53e3\u6d77\u5173\u624b\u7eed\u4ee5\u53ca\u5f80\u8fd4\u4e8e\u7f8e\u6d32\u3001\u5927\u6d0b\u6d32\u3001\u4e9a\u6d32\u3001\u6b27\u6d32\u548c\u975e\u6d32\u7684\u56fd\u9645\u957f\u9014\u8fd0\u8f93\u3002<\/p>\n<p>IdrisMans est une prestigieuse entreprise de Commissionnaire de Transport &amp; en Douane avec s\u00e9rieux professionnalisme et exp\u00e9rience.<\/p>\n<p>Nous planifions et nous coordonnons les transactions commerciales impliquant l'importation et l'exportation de marchandises ainsi que les formalit\u00e9s douani\u00c3res le transport International \u00c3 destination &amp; en provenance des pays \u00c3trangers Asie Am\u00e9rique Oc\u00e9anie Afrique Europe<\/p>\n<p><strong>\u9644\u52a0\u670d\u52a1<\/strong><\/p>\n<p>\u96c6\u88c5\u7bb1\u670d\u52a1<\/p>\n<p>\u62a5\u5173\u5458<\/p>\n<p>\u7269\u6d41\u670d\u52a1<\/p>\n<p><a href=\"https:\/\/moverdb.com\/zh\/international-removals\/\" data-internallinksmanager029f6b8e52c=\"27\" title=\"\u82f1\u56fd 36 \u5bb6\u6700\u4f73\u56fd\u9645\u642c\u5bb6\u516c\u53f8\">\u642c\u8fd0\u516c\u53f8<\/a><\/p>\n<p>\u94c1\u8def\u516c\u53f8<\/p>\n<p>\u8fd0\u8f93\u670d\u52a1<\/p>\n<p>\u8fd0\u8f93\u670d\u52a1<\/p>\n<p>\u5361\u8f66\u516c\u53f8<\/p>\n<p>\u8f66\u8f86\u8fd0\u8f93\u4ee3\u7406<\/p>\n<p><strong>\u5730\u5740<\/strong> 231 London Rd, Staines TW18 4HR<\/p>\n<p><a href=\"https:\/\/www.idrismans.com\/\" target=\"_new\" rel=\"noopener\">\u4f0a\u5fb7\u91cc\u65af-\u66fc\u65af\u4e2d\u8f6c\u7ad9\u7f51\u7ad9<\/a><\/p>\n<p><strong>\u5ba1\u67e5\u5f97\u5206\uff1a <\/strong>5<br \/> <strong>\u8bc4\u8bba\u6570\u91cf\uff1a<\/strong> 7<br \/><a href=\"https:\/\/www.google.co.uk\/maps?cid=12834209287575934406&#038;hl=en&#038;gl=GB\" target=\"_new\" rel=\"noopener\">\u9605\u8bfb\u8bc4\u8bba<\/a><\/p>\n<h2><span class=\"ez-toc-section\" id=\"How_we_picked_the_best_Staines_Freight_Forwarding_Companies\"><\/span>\u6211\u4eec\u5982\u4f55\u6311\u9009\u51fa\u6700\u4f73\u65af\u6cf0\u6069\u8d27\u8fd0\u4ee3\u7406\u516c\u53f8<span class=\"ez-toc-section-end\"><\/span><\/h2>\n<p>\u6211\u4eec\u4ece\u8c37\u6b4c\u5730\u56fe\u4e0a\u627e\u5230\u7684 16 \u5bb6\u65af\u6cf0\u6069\u8d27\u8fd0\u4ee3\u7406\u516c\u53f8\u7684\u6570\u636e\u96c6\u5165\u624b\uff0c\u7b5b\u9009\u51fa\u6700\u4f73\u7684 8 \u5bb6\u516c\u53f8\u3002<\/p>\n<p>\u4e3a\u6b64\uff0c\u6211\u4eec\u5220\u9664\u4e86\u4ee5\u4e0b\u516c\u53f8<\/p>\n<ul>\n<li> \u6ca1\u6709\u7f51\u7ad9<\/li>\n<li> \u6ca1\u6709\u8bc4\u8bba<\/li>\n<li> \u5e73\u5747\u5ba1\u67e5\u5f97\u5206\u4f4e\u4e8e 2.0<\/li>\n<\/ul>\n<p>\u6b64\u65f6\uff0c\u5982\u679c\u6211\u4eec\u6709 17 \u4e2a\u6216\u66f4\u5c11\u7684\u8d27\u4ee3\uff0c\u6211\u4eec\u5c31\u4f1a\u5217\u51fa\u6240\u6709\u8d27\u4ee3\u3002<\/p>\n<p>\u5bf9\u4e8e\u5269\u4e0b\u8d85\u8fc7 17 \u4e2a\u8f6c\u8fd0\u5546\u7684\u57ce\u5e02\uff0c\u6211\u4eec\u8fdb\u884c\u4e86\u8fdb\u4e00\u6b65\u4fee\u8ba2\uff0c\u63d0\u9ad8\u4e86\u6240\u9700\u7684\u5ba1\u6838\u5206\u6570\uff08\u4f8b\u5982\u4ece\u6700\u4f4e 2.0 \u5206\u63d0\u9ad8\u5230 4.0 \u5206\uff09\u548c\/\u6216\u589e\u52a0\u4e86\u6240\u9700\u5ba1\u6838\u7684\u6700\u4f4e\u6570\u91cf\uff08\u4f8b\u5982\u4ece\u81f3\u5c11 1 \u4e2a\u5ba1\u6838\u63d0\u9ad8\u5230\u81f3\u5c11 10 \u4e2a\uff09\u3002<\/p>\n<p>\u8bf7\u6ce8\u610f\uff0c\u6211\u4eec\u53ea\u4f7f\u7528\u4e86\u8c37\u6b4c\u5730\u56fe\u7684\u8bc4\u8bba\u6570\u636e\uff0c\u6ca1\u6709\u4f7f\u7528\u4efb\u4f55\u5176\u4ed6\u7b2c\u4e09\u65b9\u7f51\u7ad9\u7684\u6570\u636e\u3002<\/p>\n<p>\u66f4\u591a\u57ce\u5e02<\/p>\n<p><a href=\"https:\/\/moverdb.com\/zh\/%e8%b4%a7%e8%bf%90%e4%bb%a3%e7%90%86\/freight-forwarding-uk\/leicester-freight-forwarder\/\">\u83b1\u65af\u7279\u8d27\u8fd0\u4ee3\u7406\u516c\u53f8<\/a><br \/><a href=\"https:\/\/moverdb.com\/zh\/%e8%b4%a7%e8%bf%90%e4%bb%a3%e7%90%86\/freight-forwarding-uk\/dartford-freight-forwarder\/\">\u8fbe\u7279\u798f\u5fb7\u8d27\u8fd0\u4ee3\u7406\u516c\u53f8<\/a><br \/><a href=\"https:\/\/moverdb.com\/zh\/%e8%b4%a7%e8%bf%90%e4%bb%a3%e7%90%86\/freight-forwarding-uk\/grays-freight-forwarder\/\">\u683c\u96f7\u65af\u8d27\u8fd0\u4ee3\u7406\u516c\u53f8<\/a><br \/><a href=\"https:\/\/moverdb.com\/zh\/%e8%b4%a7%e8%bf%90%e4%bb%a3%e7%90%86\/freight-forwarding-uk\/sunbury-on-thames-freight-forwarder\/\">\u6cf0\u6664\u58eb\u6cb3\u7554\u68ee\u4f2f\u91cc\u8d27\u8fd0\u4ee3\u7406\u516c\u53f8<\/a><br \/><a href=\"https:\/\/moverdb.com\/zh\/%e8%b4%a7%e8%bf%90%e4%bb%a3%e7%90%86\/freight-forwarding-uk\/hull-freight-forwarder\/\">\u8239\u4f53\u8d27\u8fd0\u4ee3\u7406<\/a><\/p>","protected":false},"excerpt":{"rendered":"<p>Below we look at the 8 &#8220;best&#8221; Freight Forwarding companies in Staines out of 16. To learn more about how we chose the best please consult our FAQ section at the end. Please not the following listings are in no particular order and we are not making any recommendations for any particular company. CargoPro Limited [&hellip;]<\/p>\n","protected":false},"author":1,"featured_media":0,"parent":13427,"menu_order":0,"comment_status":"open","ping_status":"open","template":"","meta":{"_genesis_hide_title":false,"_genesis_hide_breadcrumbs":false,"_genesis_hide_singular_image":false,"_genesis_hide_footer_widgets":false,"_genesis_custom_body_class":"","_genesis_custom_post_class":"","_genesis_layout":"","footnotes":""},"class_list":{"0":"post-13788","1":"page","2":"type-page","3":"status-publish","5":"entry"},"_links":{"self":[{"href":"https:\/\/moverdb.com\/zh\/wp-json\/wp\/v2\/pages\/13788","targetHints":{"allow":["GET"]}}],"collection":[{"href":"https:\/\/moverdb.com\/zh\/wp-json\/wp\/v2\/pages"}],"about":[{"href":"https:\/\/moverdb.com\/zh\/wp-json\/wp\/v2\/types\/page"}],"author":[{"embeddable":true,"href":"https:\/\/moverdb.com\/zh\/wp-json\/wp\/v2\/users\/1"}],"replies":[{"embeddable":true,"href":"https:\/\/moverdb.com\/zh\/wp-json\/wp\/v2\/comments?post=13788"}],"version-history":[{"count":1,"href":"https:\/\/moverdb.com\/zh\/wp-json\/wp\/v2\/pages\/13788\/revisions"}],"predecessor-version":[{"id":15806,"href":"https:\/\/moverdb.com\/zh\/wp-json\/wp\/v2\/pages\/13788\/revisions\/15806"}],"up":[{"embeddable":true,"href":"https:\/\/moverdb.com\/zh\/wp-json\/wp\/v2\/pages\/13427"}],"wp:attachment":[{"href":"https:\/\/moverdb.com\/zh\/wp-json\/wp\/v2\/media?parent=13788"}],"curies":[{"name":"wp","href":"https:\/\/api.w.org\/{rel}","templated":true}]}}