{"id":1034,"date":"2017-01-10T06:29:27","date_gmt":"2017-01-10T06:29:27","guid":{"rendered":"http:\/\/moverdb.com\/?page_id=1034"},"modified":"2026-01-08T13:18:31","modified_gmt":"2026-01-08T13:18:31","slug":"%e6%b5%b7%e5%b0%94%e5%be%b7%e9%b2%81%e6%99%ae-%e6%90%ac%e5%ae%b6-%e4%bb%93%e5%82%a8","status":"publish","type":"page","link":"https:\/\/moverdb.com\/zh\/hilldrup-moving-storage\/","title":{"rendered":"Hilldrup Moving &amp; Storage:\u56fd\u9645\u642c\u5bb6\u8bc4\u8bba"},"content":{"rendered":"<p>Hilldrup Moving and Storage\u4f4d\u4e8e\u5f17\u5409\u5c3c\u4e9a\u5dde\u7684\u65af\u5854\u798f\u5fb7\u3002\u8be5\u516c\u53f8\u4e3a\u5176\u5ba2\u6237\u63d0\u4f9b\u5404\u79cd\u670d\u52a1\uff0c\u4e0b\u9762\u5217\u51fa\u4e86\u516c\u53f8\u7b80\u4ecb\u548c\u8bc4\u8bba\u3002<\/p>\n<p><strong>\u56fd\u9645\u642c\u5bb6\u670d\u52a1<\/strong><\/p>\n<p>\u8fc1\u5c45\u63f4\u52a9<\/p>\n<ul>\n<li> \u4eba\u529b\u8d44\u6e90\u54a8\u8be2\u548c\u6218\u7565\u89c4\u5212<\/li>\n<li> \u8425\u9500\u534f\u52a9<\/li>\n<li> \u623f\u5c4b\u9500\u552e\u8ba1\u5212<\/li>\n<li> \u652f\u51fa\u7ba1\u7406<\/li>\n<li> \u4e34\u65f6\u751f\u6d3b\u5b89\u6392<\/li>\n<li> \u56fd\u9645\u5916\u6d3e\u670d\u52a1<\/li>\n<li> \u76ee\u7684\u5730\u548c\u5b89\u987f\u670d\u52a1<\/li>\n<li> \u642c\u8fc1\u7ba1\u7406\u8ba1\u5212<\/li>\n<li> \u62a5\u916c\u3001\u7a0e\u6536\u548c\u85aa\u8d44\u65b9\u9762\u7684\u8003\u8651<\/li>\n<li> \u5b9a\u5236\u7684\u62a5\u544a<\/li>\n<li> \u4e00\u6b21\u6027\u4ed8\u6b3e\u7ba1\u7406<\/li>\n<\/ul>\n<p>\u642c\u8fc1\u7ba1\u7406<\/p>\n<ul>\n<li> \u4e13\u804c\u7684\u56fd\u9645\u642c\u5bb6\u8f85\u5bfc\u5458<\/li>\n<li> \u7ba1\u7406\u6240\u6709\u5185\u9646\u548c\u6d77\u6d0b\/\u822a\u7a7a\u8fd0\u8f93<\/li>\n<li> \u534f\u52a9\u529e\u7406\u62a4\u7167\u3001\u7b7e\u8bc1\u3001\u6d77\u5173<\/li>\n<\/ul>\n<p>\u5b58\u50a8\u80fd\u529b<\/p>\n<ul>\n<li> \u957f\u671f\u548c\u77ed\u671f\u50a8\u5b58<\/li>\n<li> \u65e0\u9650\u5236\u5730\u8bbf\u95ee\u5168\u7403\u5404\u5730\u7684\u5b58\u50a8\u4ed3\u5e93<\/li>\n<li> 24\/7\u7684\u5b89\u5168\u6027<\/li>\n<li> \u6d12\u6c34\u5668\u548c\u706d\u706b\u7cfb\u7edf<\/li>\n<li> \u56fd\u9632\u90e8\u8ba4\u8bc1<\/li>\n<li> \u6709200,000\u5e73\u65b9\u82f1\u5c3a\u7684\u6c14\u5019\u63a7\u5236\u5b58\u50a8\u7a7a\u95f4<\/li>\n<li> \u6c7d\u8f66\u3001\u8239\u53ea\u548c\u623f\u8f66<\/li>\n<li> \u5bf9\u957f\u671f\u5b58\u653e\u7684\u8f66\u8f86\u8fdb\u884c\u7ef4\u62a4\u3002<\/li>\n<\/ul>\n<p><strong>\u516c\u53f8\u642c\u5bb6 - \u56fd\u9645\u548c\u672c\u5730<\/strong><\/p>\n<p>\u79bb\u5883\u670d\u52a1<\/p>\n<ul>\n<li> \u5bb6\u5ead\u8425\u9500\u63f4\u52a9<\/li>\n<li> \u7269\u4e1a\u7ba1\u7406<\/li>\n<li> \u5bb6\u5ead\u7528\u54c1\u7684\u8fd0\u8f93<\/li>\n<li> \u65c5\u884c\u63f4\u52a9<\/li>\n<\/ul>\n<p>\u76ee\u7684\u5730\u670d\u52a1<\/p>\n<ul>\n<li> \u76ee\u7684\u5730\u5b9a\u4f4d<\/li>\n<li> \u5bfb\u627e\u5bb6\u7684\u63f4\u52a9<\/li>\n<li> \u62b5\u62bc\u8d37\u6b3e\u63f4\u52a9<\/li>\n<li> \u4e34\u65f6\u4f4f\u623f<\/li>\n<li> \u79df\u8d41\u63f4\u52a9<\/li>\n<li> \u5bb6\u5ead\u8fc7\u6e21\u63f4\u52a9<\/li>\n<\/ul>\n<p>\u5168\u7403\u4efb\u52a1<\/p>\n<ul>\n<li> \u5730\u533a\u5b9a\u4f4d<\/li>\n<li> \u4e34\u65f6\u751f\u6d3b<\/li>\n<li> \u8bed\u8a00\u57f9\u8bad<\/li>\n<li> \u7b7e\u8bc1\u548c\u79fb\u6c11\u670d\u52a1<\/li>\n<li> \u79df\u7ea6\u7ba1\u7406<\/li>\n<li> \u6210\u672c\u9884\u6d4b<\/li>\n<li> \u5bb6\u4e2d\u5bfb\u627e<\/li>\n<li> \u5b89\u7f6e\u670d\u52a1<\/li>\n<li> \u8de8\u6587\u5316\u57f9\u8bad<\/li>\n<li> \u5b66\u6821\u548c\u6559\u80b2\u641c\u7d22\u63f4\u52a9<\/li>\n<li> \u914d\u5076\/\u4f34\u4fa3\u652f\u6301\u8ba1\u5212<\/li>\n<\/ul>\n<p><strong>\u653f\u5e9c\u548c\u519b\u961f<\/strong><\/p>\n<ul>\n<li> CHAMP<\/li>\n<li> \u56fd\u9632\u90e8\u5bb6\u5ead\u642c\u5bb6<\/li>\n<li> \u5168\u9762\u642c\u8fc1\u8054\u90a6\u4f9b\u5e94\u65f6\u95f4\u8868<\/li>\n<li> \u529e\u516c\u5ba4\u642c\u8fc1\u8054\u90a6\u4f9b\u5e94\u8868<\/li>\n<\/ul>\n<p><strong>\u4f4f\u5b85\u642c\u5bb6\u670d\u52a1<\/strong><\/p>\n<ul>\n<li> \u95e8\u5230\u95e8<\/li>\n<li> \u63d0\u4f9b\u5168\u9762\u670d\u52a1<\/li>\n<li> \u63d0\u4f9b\u957f\u671f\u548c\u77ed\u671f\u5b58\u50a8<\/li>\n<li> \u5305\u88c5\u548c\u62c6\u5305<\/li>\n<li> \u5b89\u6392\u7684\u4fdd\u9669<\/li>\n<li> \u6c7d\u8f66\u8fd0\u8f93<\/li>\n<\/ul>\n<p><strong>\u5546\u4e1a\u642c\u5bb6\u670d\u52a1<\/strong><\/p>\n<ul>\n<li> \u5168\u7403\u642c\u8fc1\u7ba1\u7406<\/li>\n<li> \u5168\u56fd\u8303\u56f4\u5185\u7684\u529e\u516c\u5ba4\u642c\u8fc1<\/li>\n<li> \u6821\u56ed\u8bbe\u7f6e<\/li>\n<li> \u9884\u7b97\/\u6210\u672c\u5206\u6790<\/li>\n<li> \u5b89\u88c5<\/li>\n<li> \u91cd\u65b0\u914d\u7f6e<\/li>\n<li> \u8d44\u4ea7\u7ba1\u7406<\/li>\n<li> \u4ed3\u5e93<\/li>\n<li> IT\u65ad\u5f00\/\u91cd\u65b0\u8fde\u63a5<\/li>\n<li> \u4e3aIT\u884c\u4e1a\u5b9a\u5236\u8bbe\u8ba1\u9700\u6c42\u5206\u6790<\/li>\n<li> \u57fa\u4e8e\u7f51\u7edc\u7684\u6e05\u7b97<\/li>\n<\/ul>\n<h2>Hilldrup Moving &amp; Storage\u516c\u53f8\u7b80\u4ecb<\/h2>\n<p>R-G-Hilldrup\u5148\u751f\u57281903\u5e74\u5f00\u59cb\u4e86\u8fd9\u5bb6\u516c\u53f8\uff0c\u4e5f\u5c31\u662f\u73b0\u5728\u7684Hilldrup\u642c\u5bb6\u548c\u4ed3\u50a8\u516c\u53f8\u3002\u572820\u4e16\u7eaa40\u5e74\u4ee3\uff0c\u8be5\u516c\u53f8\u88ab\u5356\u7ed9\u4e86\u5b83\u7684\u4e00\u4e2a\u96c7\u5458--C-B-\u9ea6\u514b\u4e39\u5c3c\u5c14\u5148\u751f\u3002\u57281964\u5e74\uff0cHilldrup\u516c\u53f8\u4e0e\u4ee5\u4e0b\u516c\u53f8\u5408\u4f5c <a href=\"https:\/\/moverdb.com\/zh\/%e8%81%94%e5%90%88%e5%8d%a1%e8%bd%a6%e5%85%ac%e5%8f%b8\/\">\u8054\u5408\u8fd0\u8f93\u516c\u53f8<\/a> \u8fd9\u4f7f\u5f97\u8be5\u516c\u53f8\u80fd\u591f\u5927\u5927\u6269\u5c55\u5176\u670d\u52a1\u3002\u8be5\u516c\u53f8\u73b0\u5728\u4e3a\u4e2a\u4eba\u548c\u4f01\u4e1a\u5ba2\u6237\u63d0\u4f9b\u672c\u5730\u3001\u5168\u56fd\u548c\u56fd\u9645\u642c\u5bb6\u670d\u52a1\uff0c\u4ee5\u53ca\u5e7f\u6cdb\u7684\u4ed3\u50a8\u8bbe\u65bd\u3002 <\/p>\n<p>Hilldrup\u73b0\u5728\u7531\u7b2c\u4e09\u4ee3McDaniel's\u7ecf\u8425\uff0c\u8be5\u516c\u53f8\u575a\u4fe1\u5bb6\u5ead\u7684\u529b\u91cf\u3002\u4ed6\u4eec\u5c06\u8fd9\u79cd\u7cbe\u795e\u4f20\u9012\u7ed9\u4e86\u4ed6\u4eec\u7684\u5ba2\u6237\u3002Hilldrup\u559c\u6b22\u56de\u9988\u793e\u4f1a\uff0c\u652f\u6301\u793e\u533a\u5185\u7684\u8bb8\u591a\u6148\u5584\u673a\u6784\u3002<\/p>\n<p>Hilldrup Moving and Storage\u6709\u4ee5\u4e0b\u7684\u8ba4\u8bc1\u548c\u8054\u7cfb\u3002<\/p>\n<ul>\n<li> <a href=\"https:\/\/moverdb.com\/zh\/amsa\/\">\u7f8e\u56fd\u642c\u5bb6\u548c\u4ed3\u50a8\u534f\u4f1a<\/a> (<a href=\"https:\/\/moverdb.com\/zh\/amsa\/\" data-internallinksmanager029f6b8e52c=\"5\" title=\"\u7f8e\u56fd\u642c\u5bb6\u548c\u4ed3\u50a8\u534f\u4f1a\uff08AMSA\uff09\u89e3\u91ca\u8bf4\">AMSA<\/a>)<\/li>\n<li> <a href=\"https:\/\/moverdb.com\/zh\/%e9%95%b6%e8%be%b9%e4%bf%83%e9%94%80%e5%91%98\/\">AMSA\u7684\u6ce8\u518c\u56fd\u9645\u642c\u8fd0\u5de5\uff08RIM\uff09\u8ba4\u8bc1<\/a><\/li>\n<li> \u7f8e\u56fd\u5361\u8f66\u8fd0\u8f93\u534f\u4f1a\uff08ATA\uff09<\/li>\n<li> \u4e3a\u6240\u6709\u5206\u652f\u673a\u6784\u63d0\u4f9b\u66f4\u597d\u7684\u5546\u4e1a\u5c40<\/li>\n<li> \u56fd\u9645\u4efb\u52a1\u7ba1\u7406\u4e2d\u5fc3(CIAM)<\/li>\n<li> \u5bb6\u5ead\u7528\u54c1\u96c6\u4e2d\u8fd0\u8f93\u7ba1\u7406\u8ba1\u5212\uff08CHAMP\uff09<\/li>\n<li> \u6ce8\u518c\u8fc1\u5c45\u4e13\u5bb6\uff08CRP\uff09\u79f0\u53f7<\/li>\n<li> \u6838\u5fc3\u7f51\u5168\u7403<\/li>\n<li> <a href=\"https:\/\/moverdb.com\/zh\/%e9%9b%87%e5%91%98%e5%ae%89%e7%bd%ae%e5%a7%94%e5%91%98%e4%bc%9a\/\">\u96c7\u5458\u8fc1\u5c45\u59d4\u5458\u4f1a<\/a> (<a href=\"https:\/\/moverdb.com\/zh\/employee-relocation-council\/\" data-internallinksmanager029f6b8e52c=\"83\" title=\"\u5168\u7403\u96c7\u5458\u8fc1\u5c45\u59d4\u5458\u4f1a\uff08ERC\uff09\u89e3\u6790\">ERC<\/a>)<\/li>\n<li> \u8054\u90a6\u6d77\u4e8b\u59d4\u5458\u4f1a<\/li>\n<li> <a href=\"https:\/\/moverdb.com\/zh\/%e8%b4%b9%e8%bf%aa-%e8%b4%b9%e5%a7%86\/\">\u56fd\u9645\u642c\u5bb6\u516c\u53f8\u8054\u5408\u4f1a\/F\u00e9d\u00e9ration Internationale des D\u00e9m\u00e9nageurs Internationaux<\/a> (<a href=\"https:\/\/moverdb.com\/zh\/fidi-faim\/\" data-internallinksmanager029f6b8e52c=\"16\" title=\"FIDI\u548cFAIM\uff08FIDI\u8ba4\u53ef\u7684\u56fd\u9645\u642c\u5bb6\u516c\u53f8\uff09\u7684\u89e3\u91ca\">\u6590\u6d4e<\/a>)<\/li>\n<li> FIDI FAIM\/ISO\u8ba4\u8bc1<\/li>\n<li> \u5168\u7403\u6d41\u52a8\u6027\u4e13\u5bb6\uff08GMS\uff09\u79f0\u53f7<\/li>\n<li> <a href=\"https:\/\/moverdb.com\/zh\/hgfaa\/\">\u5bb6\u5ead\u7528\u54c1\u8fd0\u8f93\u5546\u534f\u4f1a<\/a> (HHGFA)<\/li>\n<li> <a href=\"https:\/\/moverdb.com\/zh\/iata\/\">\u56fd\u9645\u822a\u7a7a\u8fd0\u8f93\u534f\u4f1a<\/a> (<a href=\"https:\/\/moverdb.com\/zh\/iata\/\" data-internallinksmanager029f6b8e52c=\"22\" title=\"\u56fd\u9645\u822a\u7a7a\u8fd0\u8f93\u534f\u4f1a\uff08IATA\uff09\u7684\u89e3\u91ca\">IATA<\/a>)<\/li>\n<li> <a href=\"https:\/\/moverdb.com\/zh\/iam\/\">\u56fd\u9645\u642c\u5bb6\u516c\u53f8\u534f\u4f1a<\/a> (<a href=\"https:\/\/moverdb.com\/zh\/iam\/\" data-internallinksmanager029f6b8e52c=\"23\" title=\"\u56fd\u9645\u642c\u5bb6\u534f\u4f1a(IAM)\u7684\u89e3\u91ca\">IAM<\/a>)<\/li>\n<li> \u56fd\u9645\u8bbe\u65bd\u7ba1\u7406\u534f\u4f1a\uff08IFMA\uff09<\/li>\n<li> ISO 9001:2000\u8ba4\u8bc1<\/li>\n<li> <a href=\"https:\/\/moverdb.com\/zh\/lacma\/\">\u62c9\u4e01\u7f8e\u6d32\u548c\u52a0\u52d2\u6bd4\u5730\u533a\u642c\u5bb6\u516c\u53f8\u534f\u4f1a<\/a> (<a href=\"https:\/\/moverdb.com\/zh\/lacma\/\" data-internallinksmanager029f6b8e52c=\"28\" title=\"\u62c9\u4e01\u7f8e\u6d32\u548c\u52a0\u52d2\u6bd4\u56fd\u9645\u642c\u5bb6\u516c\u53f8\u534f\u4f1a\">LACMA<\/a>)<\/li>\n<li> \u56fd\u9645\u4e13\u4e1a\u96c7\u5458\u8fc1\u5c45\u59d4\u5458\u4f1a(PERC International)<\/li>\n<li> <a href=\"https:\/\/moverdb.com\/zh\/%e9%95%b6%e8%be%b9%e4%bf%83%e9%94%80%e5%91%98\/\">\u642c\u8fd0\u5de5\u4eba<\/a><\/li>\n<li> \u8054\u5408\u96c6\u56e2\u5168\u7403\u8ba4\u8bc1\u7684\u56fd\u9645\u4ee3\u7406\u8f6c\u8fd0\u5546<\/li>\n<li> \u8054\u5408\u96c6\u56e2\u5168\u7403UTS\u4ee3\u7406\u8f6c\u53d1\u5668<\/li>\n<\/ul>\n<h2>\u5e0c\u5c14\u5fb7\u9c81\u666e\u642c\u5bb6\u548c\u4ed3\u50a8\u516c\u53f8\u8bc4\u8bba<\/h2>\n<p><strong>\u79ef\u6781\u7684\u3002<\/strong><\/p>\n<ul>\n<li> <em>\"\u4ed6\u4eec\u628a\u6240\u6709\u4e1c\u897f\u90fd\u642c\u8fdb\u6765\u4e86\uff0c\u4ed6\u4eec\u505a\u5f97\u5f88\u597d\u3002  \u540e\u52e4\u90e8\u95e8\u4e5f\u5f88\u51fa\u8272\uff0c\u56de\u7b54\u4e86\u6211\u4eec\u7684\u95ee\u9898\uff0c\u5e76\u786e\u4fdd\u6211\u4eec\u77e5\u9053\u5173\u4e8e\u642c\u5bb6\u7684\u4e00\u5207\u3002\"<\/em> - Michael S.\u901a\u8fc7 <a href=\"https:\/\/www.yelp.co.uk\/biz\/hilldrup-moving-and-storage-stafford?hrid=hESxKCc7GvTBdlp-kN4udw&#038;utm_campaign=www_review_share_popup&#038;utm_medium=copy_link&#038;utm_source=(direct)\" target=\"_blank\" rel=\"noopener\">Yelp<\/a>.<\/li>\n<li> <em>\"\u6211\u4eec\u5bf9\u8fd9\u5bb6\u516c\u53f8\u518d\u6ee1\u610f\u4e0d\u8fc7\u4e86\uff0c\u4ece\u4f30\u4ef7\u5230\u6700\u540e\u4ea4\u8d27\uff0c\u4ed6\u4eec\u90fd\u5f88\u51c6\u65f6\uff0c\u5f88\u4e13\u4e1a\uff0c\u5f88\u6709\u793c\u8c8c\uff0c\u975e\u5e38\u53cb\u597d\u3002\"<\/em> - \u96c5\u5c14\u5e03\u5bb6\u65cf\u901a\u8fc7 <a href=\"https:\/\/www.bbb.org\/richmond\/business-reviews\/movers\/hilldrup-moving-storage-in-stafford-va-37026248\/reviews-and-complaints\" target=\"_blank\" rel=\"noopener\">BBB<\/a><\/li>\n<\/ul>\n<p><strong>\u8d1f\u9762\u7684\u3002<\/strong><\/p>\n<ul>\n<li> <em>\"\u8fd9\u4e9b\u5bb6\u4f19\u592a\u7cdf\u7cd5\u4e86\u3002\u6211\u77e5\u9053\uff0c\u5f53\u4f60\u627e\u4e13\u4e1a\u7684\u642c\u5bb6\u516c\u53f8\u65f6\uff0c\u4f60\u671f\u671b\u6709\u4e9b\u4e1c\u897f\u4f1a\u88ab\u5f04\u574f\uff0c\u8fd9\u53ea\u662f\u8fc7\u7a0b\u7684\u4e00\u90e8\u5206\u3002\u95ee\u9898\u662f\uff0c\u6211\u4eec\u53d1\u73b0\u56e0\u4e3a\u975e\u5e38\u611a\u8822\u7684\u9519\u8bef\u800c\u635f\u574f\u7684\u4e1c\u897f\u3002\"<\/em> - \u5c3c\u514b-T.\u901a\u8fc7 <a href=\"https:\/\/www.yelp.co.uk\/biz\/hilldrup-moving-and-storage-stafford?hrid=tgu5ZfofrNJ6h_HXaIX9PQ&#038;utm_campaign=www_review_share_popup&#038;utm_medium=copy_link&#038;utm_source=(direct)\" target=\"_blank\" rel=\"noopener\">Yelp<\/a><\/li>\n<li> <em>\"\u6240\u4ee5\uff0c\u4eceHilldrup\u6765\u7684\u53f8\u673a\u6ca1\u6709\u4efb\u4f55\u5378\u8d27\u7684\u7ecf\u9a8c\uff0c\u628a\u4e1c\u897f\u5e26\u5230\u4e86\u9ad8\u697c\u5927\u53a6\u3002\u8fd9\u975e\u5e38\u7cdf\u7cd5\uff0c\u592a\u4e0d\u4e13\u4e1a\u4e86\u3002\"<\/em> - Sharad\u901a\u8fc7 <a href=\"https:\/\/www.mymovingreviews.com\/movers\/hilldrup-3657\" target=\"_blank\" rel=\"noopener\">MyMoingReviews.com<\/a><\/li>\n<\/ul>\n<div itemprop=\"review\" itemscope itemtype=\"http:\/\/schema.org\/Review\">\n<span itemprop=\"author\" itemscope=\"\" itemtype=\"http:\/\/schema.org\/Organization\"><span itemprop=\"name\">MoverDB.com<\/span><\/span> \u5728\u7ebf\u7f51\u7ad9\u5ba1\u67e5\u4e3a <span itemprop=\"itemreviewed\" itemscope=\"\" itemtype=\"http:\/\/schema.org\/Brand\"><span itemprop=\"name\">\u5e0c\u5c14\u5fb7\u9c81\u666e\u642c\u5bb6\u516c\u53f8<\/span><\/span>:<\/p>\n<ol>\n<li> \u7f51\u7ad9\u4e0a\u6709\u6e05\u6670\u7684\u8054\u7cfb\u65b9\u5f0f\uff08\u5305\u62ec\u7535\u8bdd\u53f7\u7801\uff09\u3002 <strong>\u662f<\/strong><\/li>\n<li> \u5bb9\u6613\u83b7\u5f97 <a href=\"https:\/\/moverdb.com\/zh\/%e6%8a%a5%e4%bb%b7\/\">\u56fd\u9645\u642c\u5bb6\u62a5\u4ef7<\/a>?(\u5728\u7ebf\u8bc4\u4f30\u7533\u8bf7\u8868)\u3002 <strong>\u662f<\/strong><\/li>\n<li> \u7f51\u7ad9\u4e0a\u6709\u660e\u786e\u7684\u4fe1\u606f\u3002 <strong>\u662f\u7684\u3002<\/strong> \u8be5\u7f51\u7ad9\u8bbe\u8ba1\u826f\u597d\uff0c\u6e05\u695a\u5730\u6982\u8ff0\u4e86\u6240\u63d0\u4f9b\u7684\u4ea7\u54c1\u548c\u670d\u52a1\u3002<\/li>\n<li> \u56fd\u9645\u516c\u8ba4\u7684\u642c\u5bb6\u7ec4\u7ec7\u7684\u6210\u5458\u3002 <strong>\u662f<\/strong>\uff0c\u5f88\u591a\uff0c\u89c1\u4e0a\u6587<\/li>\n<li> \u5ba2\u6237\u540d\u5355\u548c\/\u6216\u4ee5\u524d\u7684\u5ba2\u6237\u63a8\u8350\u4e66\u3002 <strong>\u662f\u7684\u3002<\/strong> \u867d\u7136\u4ed6\u4eec\u5728\u7f51\u7ad9\u4e0a\u5217\u51fa\u4e86\u4ed6\u4eec\u7684\u5956\u9879\u548c\u9644\u5c5e\u673a\u6784\uff0c\u4f46\u6211\u4eec\u65e0\u6cd5\u627e\u5230\u5ba2\u6237\u8bc4\u4ef7\u7684\u6e05\u5355\u3002\u7136\u800c\uff0c\u4ed6\u4eec\u4e00\u822c\u90fd\u6709\u6765\u81ea\u7f51\u7edc\u7684\u8bc4\u8bba\u3002<\/li>\n<\/ol>\n<div itemprop=\"reviewRating\" itemscope itemtype=\"http:\/\/schema.org\/Rating\"><meta itemprop=\"worstRating\" content = \"0\" \/><meta itemprop=\"bestRating\" content=\"5\" \/><meta itemprop=\"ratingValue\" content=\"4.5\"><\/div>\n<p><strong>\u603b\u5206\uff1a4.5\/5<\/strong><br \/>\n<strong>\u5ba1\u67e5\u65e5\u671f\u3002<\/strong> <span itemprop=\"datePublished\" content=\"2017-01-10\">10\/01\/2017<\/span>\n<\/div>\n<p>\u9605\u8bfb\u66f4\u591a\u5173\u4e8e <a href=\"https:\/\/moverdb.com\/zh\/%e6%90%ac%e5%ae%b6%e5%85%ac%e5%8f%b8\/\">\u56fd\u9645\u642c\u5bb6\u516c\u53f8<\/a>, <a href=\"https:\/\/moverdb.com\/zh\/%e7%be%8e%e5%9b%bd-%e5%8a%a0%e6%8b%bf%e5%a4%a7-%e6%90%ac%e5%ae%b6%e5%85%ac%e5%8f%b8\/\">\u56fd\u5185\u642c\u5bb6\u516c\u53f8<\/a> \u548c\u6211\u4eec\u7684 <a href=\"https:\/\/moverdb.com\/zh\/%e8%af%84%e8%ae%ba\/\">\u5ba1\u67e5\u8fc7\u7a0b\u89e3\u91ca<\/a>.<\/p>\n<p><strong>\u7f51\u7ad9\u3002<\/strong> <a href=\"https:\/\/www.hilldrup.com\/\" target=\"_blank\" rel=\"noopener\">https:\/\/www.hilldrup.com\/<\/a><\/p>","protected":false},"excerpt":{"rendered":"<p>Hilldrup Moving and Storage is based in Stafford VA. The company offers its client a variety of services which are listed below, together with a company profile and reviews. International Moving Services Relocation Assistance Human Resource Consulting and Strategic Planning Marketing Assistance Home Sales Program Expense Administration Temporary Living Arrangement International Assignment Services Destination and [&hellip;]<\/p>\n","protected":false},"author":1,"featured_media":0,"parent":0,"menu_order":0,"comment_status":"closed","ping_status":"closed","template":"","meta":{"_genesis_hide_title":false,"_genesis_hide_breadcrumbs":false,"_genesis_hide_singular_image":false,"_genesis_hide_footer_widgets":false,"_genesis_custom_body_class":"","_genesis_custom_post_class":"","_genesis_layout":"","footnotes":""},"class_list":{"0":"post-1034","1":"page","2":"type-page","3":"status-publish","5":"entry"},"_links":{"self":[{"href":"https:\/\/moverdb.com\/zh\/wp-json\/wp\/v2\/pages\/1034","targetHints":{"allow":["GET"]}}],"collection":[{"href":"https:\/\/moverdb.com\/zh\/wp-json\/wp\/v2\/pages"}],"about":[{"href":"https:\/\/moverdb.com\/zh\/wp-json\/wp\/v2\/types\/page"}],"author":[{"embeddable":true,"href":"https:\/\/moverdb.com\/zh\/wp-json\/wp\/v2\/users\/1"}],"replies":[{"embeddable":true,"href":"https:\/\/moverdb.com\/zh\/wp-json\/wp\/v2\/comments?post=1034"}],"version-history":[{"count":3,"href":"https:\/\/moverdb.com\/zh\/wp-json\/wp\/v2\/pages\/1034\/revisions"}],"predecessor-version":[{"id":6220,"href":"https:\/\/moverdb.com\/zh\/wp-json\/wp\/v2\/pages\/1034\/revisions\/6220"}],"wp:attachment":[{"href":"https:\/\/moverdb.com\/zh\/wp-json\/wp\/v2\/media?parent=1034"}],"curies":[{"name":"wp","href":"https:\/\/api.w.org\/{rel}","templated":true}]}}