{"id":988,"date":"2017-02-24T08:48:27","date_gmt":"2017-02-24T08:48:27","guid":{"rendered":"http:\/\/moverdb.com\/?page_id=988"},"modified":"2026-01-08T14:40:00","modified_gmt":"2026-01-08T14:40:00","slug":"ada-movers","status":"publish","type":"page","link":"https:\/\/moverdb.com\/tr\/island-movers\/","title":{"rendered":"Island Movers - Uluslararas\u0131 Ta\u015f\u0131mac\u0131l\u0131k Yorumlar\u0131"},"content":{"rendered":"<p>Island Movers Honolulu'da yerle\u015fiktir ve m\u00fc\u015fterilerine a\u015fa\u011f\u0131da listelenen bir dizi ta\u015f\u0131nma hizmetini \u015firket profili ve incelemelerle birlikte sunar. <\/p>\n<p><strong>Uluslararas\u0131 Ta\u015f\u0131malar - <a href=\"https:\/\/moverdb.com\/tr\/moving-to-the-united-states\/\" data-internallinksmanager029f6b8e52c=\"94\" title=\"Amerika Birle\u015fik Devletleri&#039;ne mi ta\u015f\u0131n\u0131yorsunuz? 2026 Ya\u015fam Maliyetleri ve Yer De\u011fi\u015ftirme \u0130pu\u00e7lar\u0131\">ABD<\/a> ve D\u00fcnya<\/strong><\/p>\n<ul>\n<li> Ki\u015fisel ta\u015f\u0131nma koordinat\u00f6r\u00fc<\/li>\n<li> Kap\u0131dan kap\u0131ya servis<\/li>\n<li> Kendi kendine paketleme veya tam paketleme hizmeti<\/li>\n<li> Sa\u011flanan kartonlar<\/li>\n<li> Ambalaj a\u00e7ma hizmeti<\/li>\n<li> Deniz ta\u015f\u0131mac\u0131l\u0131\u011f\u0131 ve hava ta\u015f\u0131mac\u0131l\u0131\u011f\u0131<\/li>\n<li> G\u00fcmr\u00fck konusunda yard\u0131m<\/li>\n<li> Sigorta ayarland\u0131<\/li>\n<\/ul>\n<p><strong>Ki\u015fisel Hareketler<\/strong><\/p>\n<ul>\n<li> Ayn\u0131 ada i\u00e7inde - zamana ba\u011fl\u0131 maliyet<\/li>\n<li> Ba\u015fka bir adaya - a\u011f\u0131rl\u0131\u011fa g\u00f6re maliyet<\/li>\n<li> K\u00fcresel olarak<\/li>\n<li> Kendi kendine paketleme veya tam paketleme hizmeti<\/li>\n<li> Sa\u011flanan kartonlar<\/li>\n<li> Ambalaj a\u00e7ma hizmeti<\/li>\n<li> Uzun ve k\u0131sa s\u00fcreli depolama mevcuttur<\/li>\n<li> Ta\u015f\u0131nabilir depolama mevcut<\/li>\n<\/ul>\n<p><strong>\u0130\u015f Ta\u015f\u0131malar\u0131<\/strong><\/p>\n<ul>\n<li> K\u00fc\u00e7\u00fck veya b\u00fcy\u00fck ta\u015f\u0131nmalar<\/li>\n<li> Kendi belgelerinizi paketlemeniz \u00f6nerilir<\/li>\n<li> Uzun s\u00fcreli ve k\u0131sa s\u00fcreli depolama mevcuttur<\/li>\n<li> Ta\u015f\u0131nabilir depolama mevcut<\/li>\n<li> Mobilyalar\u0131n demontaj\u0131 ve yeniden montaj\u0131<\/li>\n<\/ul>\n<p><strong>Di\u011fer Hizmetler<\/strong><\/p>\n<ul>\n<li> Depolama tesisleri ve depolama \u00fcniteleri<\/li>\n<li> Ta\u015f\u0131mac\u0131l\u0131k ve nakliye hizmetleri<\/li>\n<li> Konsolide adalar aras\u0131 navlun<\/li>\n<li> Depolama ve da\u011f\u0131t\u0131m hizmetleri<\/li>\n<li> ABD G\u00fcmr\u00fck ve Tar\u0131m Bakanl\u0131\u011f\u0131 - Merkezi Muayene \u0130stasyonu<\/li>\n<li> Otel yenileme <\/li>\n<li> S\u00f6zle\u015fmeli eve teslimat hizmetleri<\/li>\n<li> Uluslararas\u0131 kongre hizmetleri<\/li>\n<li> Pro-File Kay\u0131t Sistemleri<\/li>\n<li> Kurye ve z\u0131rhl\u0131 ara\u00e7 hizmetleri<\/li>\n<li> Konteyner depolama ve sat\u0131\u015f\u0131<\/li>\n<\/ul>\n<h2>Island Movers \u015eirket Profili<\/h2>\n<p>Island Movers Inc bir aile \u015firketidir. <a href=\"https:\/\/moverdb.com\/tr\/moving-to-the-united-states\/moving-to-hawaii\/\" data-internallinksmanager029f6b8e52c=\"403\" title=\"Hawaii&#039;ye mi ta\u015f\u0131n\u0131yorsunuz? 2026 Ya\u015fam Maliyetleri ve Yer De\u011fi\u015ftirme \u0130pu\u00e7lar\u0131\">Hawaii<\/a> 1958'de kurulmu\u015ftur. \u015eirket 1960'larda Donald Takaki taraf\u0131ndan devral\u0131nd\u0131 ve o zamandan beri ailede kald\u0131. Anakarayla ve uluslararas\u0131 alanda g\u00fc\u00e7l\u00fc ba\u011flar\u0131 olan, gururla Hawaii'li bir \u015firkettir. Island Movers, Hawaii eyaletindeki en iyi 250 \u015firket aras\u0131nda yer almaktad\u0131r. B\u00f6lgedeki en b\u00fcy\u00fck \u00e7e\u015fitlendirilmi\u015f ta\u015f\u0131mac\u0131l\u0131k hizmetleri \u015firketidir. <\/p>\n<p>Island Movers genel kamyon ta\u015f\u0131mac\u0131l\u0131\u011f\u0131, ev ta\u015f\u0131ma (hem yerel hem de uluslararas\u0131) ve ev teslimatlar\u0131 konular\u0131nda uzmanla\u015fm\u0131\u015ft\u0131r. Island Movers, Hawktree International Group'un bir par\u00e7as\u0131d\u0131r ve 250'den fazla ki\u015fiyi istihdam etmektedir. Island Movers'\u0131n i\u015flerinin \u00e7o\u011funlu\u011fu, \u00e7al\u0131\u015fanlar\u0131n uluslararas\u0131 ta\u015f\u0131nmas\u0131 da dahil olmak \u00fczere kurumsald\u0131r. Uluslararas\u0131 ta\u015f\u0131nmalar k\u00fcresel ortakl\u0131klar arac\u0131l\u0131\u011f\u0131yla d\u00fczenlenmektedir. <\/p>\n<p>Island Movers Inc a\u015fa\u011f\u0131daki akreditasyonlara ve ba\u011flant\u0131lara sahiptir:<\/p>\n<ul>\n<li> Pan Amerikan Uluslararas\u0131 Ta\u015f\u0131mac\u0131lar Birli\u011fi (PAIMA)<\/li>\n<li> <a href=\"https:\/\/moverdb.com\/tr\/iam\/\">Uluslararas\u0131 Nakliyeciler Derne\u011fi<\/a> (<a href=\"https:\/\/moverdb.com\/tr\/iam\/\" data-internallinksmanager029f6b8e52c=\"23\" title=\"Uluslararas\u0131 Ta\u015f\u0131mac\u0131lar Birli\u011fi (IAM) A\u00e7\u0131klamas\u0131\">IAM<\/a>)<\/li>\n<li> <a href=\"https:\/\/moverdb.com\/tr\/amsa\/\">Amerikan Ta\u015f\u0131mac\u0131lar ve Depolama Birli\u011fi<\/a> (<a href=\"https:\/\/moverdb.com\/tr\/amsa\/\" data-internallinksmanager029f6b8e52c=\"5\" title=\"Amerikan Ta\u015f\u0131nma ve Depolama Birli\u011fi (AMSA) A\u00e7\u0131klamas\u0131\">AMSA<\/a>)<\/li>\n<li> Better Business Bureau (BBB)<\/li>\n<\/ul>\n<h2>Island Movers Yorumlar\u0131<\/h2>\n<p><strong>Olumlu:<\/strong><\/p>\n<ul>\n<li> <em>\"Pasifik \u00f6tesi ta\u015f\u0131nmam\u0131zla ilgili inan\u0131lmaz stres ve endi\u015femiz, Island Movers'\u0131n ta\u015f\u0131nmam\u0131z\u0131 devralmas\u0131 ve anakaran\u0131n denetlenmesine yard\u0131mc\u0131 olmas\u0131yla hafifledi. <a href=\"https:\/\/moverdb.com\/tr\/moving-companies\/\" data-internallinksmanager029f6b8e52c=\"79\" title=\"\u00c7evrimi\u00e7i En \u0130yi 25 Uluslararas\u0131 Nakliye \u015eirketi\">ta\u015finma \u015fi\u0307rketi\u0307<\/a> Bunun yan\u0131 s\u0131ra bize iyi tavsiyeler, yetkinlik, s\u0131cak m\u00fc\u015fteri hizmetleri ve zamanl\u0131l\u0131k sa\u011flad\u0131lar. Sadece Island Movers'\u0131n profesyonelli\u011fi ve g\u00fcvenilirli\u011finden de\u011fil, ayn\u0131 zamanda ta\u015f\u0131nmam\u0131za yard\u0131mc\u0131 olan t\u00fcm Island Movers personelinin s\u0131cak aloha ruhundan da olumlu bir \u015fekilde etkilendim!\"<\/em> - Jackie <a href=\"http:\/\/www.islandmovers.com\/personal-moves\/customer-testimonials\/\" target=\"_blank\" rel=\"noopener\">m\u00fc\u015fteri\u0307 referanslari<\/a><\/li>\n<li> <em>\"Ger\u00e7ekten ola\u011fan\u00fcst\u00fc hizmet!  Hawaii'nin en iyisiyle \u00e7al\u0131\u015ft\u0131\u011f\u0131m i\u00e7in \u00e7ok mutluyum!\"<\/em> - Gifford arac\u0131l\u0131\u011f\u0131yla <a href=\"https:\/\/www.yelp.com\/biz\/island-movers-inc-honolulu-4?hrid=Ew3UirYLCqyK2kHDFhwl1A&#038;utm_campaign=www_review_share_popup&#038;utm_medium=copy_link&#038;utm_source=(direct)\" target=\"_blank\" rel=\"noopener\">Yelp<\/a><\/li>\n<\/ul>\n<p><strong>Olumsuz:<\/strong><\/p>\n<ul>\n<li> <em>\"Beni teslim etmeleri veya ta\u015f\u0131malar\u0131 i\u00e7in onlar\u0131 arayaca\u011f\u0131m\u0131 hi\u00e7 sanm\u0131yorum ama genel olarak deneyim iyiydi.\"<\/em> - Angela arac\u0131l\u0131\u011f\u0131yla <a href=\"https:\/\/www.yelp.com\/biz\/island-movers-inc-honolulu-4?hrid=TFkdEA1IDuuzBJ-Psl0q_w&#038;utm_campaign=www_review_share_popup&#038;utm_medium=copy_link&#038;utm_source=(direct)\" target=\"_blank\" rel=\"noopener\">Yelp<\/a><\/li>\n<\/ul>\n<div itemprop=\"review\" itemscope itemtype=\"http:\/\/schema.org\/Review\">\n<span itemprop=\"author\" itemscope=\"\" itemtype=\"http:\/\/schema.org\/Organization\"><span itemprop=\"name\">MoverDB.com<\/span><\/span> \u00c7evrimi\u00e7i Web Sitesi \u0130ncelemesi i\u00e7in <span itemprop=\"itemreviewed\" itemscope=\"\" itemtype=\"http:\/\/schema.org\/Brand\"><span itemprop=\"name\">Ada Ta\u015f\u0131mac\u0131lar\u0131<\/span><\/span>:<\/p>\n<ol>\n<li> Web sitesinde a\u00e7\u0131k ileti\u015fim bilgileri (telefon numaras\u0131 dahil): <strong>Evet<\/strong><\/li>\n<li> Almas\u0131 kolay <a href=\"https:\/\/moverdb.com\/tr\/alintilar\/\">ta\u015f\u0131nma teklifleri<\/a>? (\u00c7evrimi\u00e7i tahmin talep formu): <strong>Evet<\/strong><\/li>\n<li> Web sitesinde net bilgiler: <strong>Evet,<\/strong> web sitesi sunduklar\u0131 hizmetleri listeliyor, ancak \u00e7ok fazla ayr\u0131nt\u0131ya girmiyor.<\/li>\n<li> Uluslararas\u0131 tan\u0131nm\u0131\u015f ta\u015f\u0131ma organizasyonlar\u0131na \u00fcyelik: <strong>Evet<\/strong>, (yukar\u0131ya bak\u0131n)<\/li>\n<li> M\u00fc\u015fterilerin listesi ve\/veya \u00f6nceki m\u00fc\u015fteri referanslar\u0131: <strong>Evet,<\/strong> Her ne kadar kazand\u0131klar\u0131 web sitesinde sadece birka\u00e7 tane olsa da. Web \u00fczerinden yap\u0131lan yorumlar genellikle olumludur.<\/li>\n<\/ol>\n<div itemprop=\"reviewRating\" itemscope itemtype=\"http:\/\/schema.org\/Rating\"><meta itemprop=\"worstRating\" content = \"0\" \/><meta itemprop=\"bestRating\" content=\"5\" \/><meta itemprop=\"ratingValue\" content=\"4.5\"><\/div>\n<p><strong>Genel puan: 4,5\/5<\/strong><br \/>\n<strong>\u0130nceleme Tarihi:<\/strong> <span itemprop=\"datePublished\" content=\"2017-02-24\">24\/02\/2017<\/span>\n<\/div>\n<p>Hakk\u0131nda daha fazlas\u0131n\u0131 okuyun <a href=\"https:\/\/moverdb.com\/tr\/tasinma-si%cc%87rketleri%cc%87\/\">uluslararas\u0131 nakliyeciler<\/a> ve bizim <a href=\"https:\/\/moverdb.com\/tr\/yorumlar\/\">g\u00f6zden ge\u00e7irme s\u00fcreci<\/a>.<\/p>\n<p><strong>Web sitesi:<\/strong> <a href=\"http:\/\/www.islandmovers.com\/\" target=\"_blank\" rel=\"noopener\">http:\/\/www.islandmovers.com\/<\/a><\/p>","protected":false},"excerpt":{"rendered":"<p>Island Movers is based in Honolulu and offers its customers a range of moving services which are list below, together with a company profile and reviews. International Moves &#8211; US and the World Personal move coordinator Door to door service Self-packing or full packing service Cartons provided Unpacking service Sea freight and air freight Assistance [&hellip;]<\/p>\n","protected":false},"author":1,"featured_media":0,"parent":0,"menu_order":0,"comment_status":"closed","ping_status":"closed","template":"","meta":{"_genesis_hide_title":false,"_genesis_hide_breadcrumbs":false,"_genesis_hide_singular_image":false,"_genesis_hide_footer_widgets":false,"_genesis_custom_body_class":"","_genesis_custom_post_class":"","_genesis_layout":"","footnotes":""},"class_list":{"0":"post-988","1":"page","2":"type-page","3":"status-publish","5":"entry"},"_links":{"self":[{"href":"https:\/\/moverdb.com\/tr\/wp-json\/wp\/v2\/pages\/988","targetHints":{"allow":["GET"]}}],"collection":[{"href":"https:\/\/moverdb.com\/tr\/wp-json\/wp\/v2\/pages"}],"about":[{"href":"https:\/\/moverdb.com\/tr\/wp-json\/wp\/v2\/types\/page"}],"author":[{"embeddable":true,"href":"https:\/\/moverdb.com\/tr\/wp-json\/wp\/v2\/users\/1"}],"replies":[{"embeddable":true,"href":"https:\/\/moverdb.com\/tr\/wp-json\/wp\/v2\/comments?post=988"}],"version-history":[{"count":4,"href":"https:\/\/moverdb.com\/tr\/wp-json\/wp\/v2\/pages\/988\/revisions"}],"predecessor-version":[{"id":13166,"href":"https:\/\/moverdb.com\/tr\/wp-json\/wp\/v2\/pages\/988\/revisions\/13166"}],"wp:attachment":[{"href":"https:\/\/moverdb.com\/tr\/wp-json\/wp\/v2\/media?parent=988"}],"curies":[{"name":"wp","href":"https:\/\/api.w.org\/{rel}","templated":true}]}}