{"id":955,"date":"2016-07-24T19:52:53","date_gmt":"2016-07-24T19:52:53","guid":{"rendered":"http:\/\/moverdb.com\/?page_id=955"},"modified":"2026-01-08T15:21:02","modified_gmt":"2026-01-08T15:21:02","slug":"us-canada-movers","status":"publish","type":"page","link":"https:\/\/moverdb.com\/tr\/us-canada-movers\/","title":{"rendered":"ABD ve Kanada'daki En \u0130yi 100 Yurti\u00e7i ve Uluslararas\u0131 Ta\u015f\u0131mac\u0131"},"content":{"rendered":"<p>A\u015fa\u011f\u0131da en b\u00fcy\u00fck 100 yerli ve yabanc\u0131 \u015firketin bir listesini bulacaks\u0131n\u0131z. <a href=\"https:\/\/moverdb.com\/tr\/tasinma-si%cc%87rketleri%cc%87\/\">uluslararas\u0131 ta\u015f\u0131ma \u015firketleri<\/a> ve <a href=\"https:\/\/moverdb.com\/tr\/moving-to-the-united-states\/\" data-internallinksmanager029f6b8e52c=\"94\" title=\"Amerika Birle\u015fik Devletleri&#039;ne mi ta\u015f\u0131n\u0131yorsunuz? 2026 Ya\u015fam Maliyetleri ve Yer De\u011fi\u015ftirme \u0130pu\u00e7lar\u0131\">Birle\u015fik Devletler<\/a> ve <a href=\"https:\/\/moverdb.com\/tr\/moving-to-canada\/\" data-internallinksmanager029f6b8e52c=\"265\" title=\"Kanada&#039;ya Ta\u015f\u0131nmak m\u0131? 2026 Ya\u015fam Maliyetleri ve Yer De\u011fi\u015ftirme \u0130pu\u00e7lar\u0131\">Kanada<\/a> filolar\u0131ndaki kay\u0131tl\u0131 kamyon say\u0131s\u0131na g\u00f6re belirlenir. <\/p>\n<p>Bu \u015firketlerden birinin uluslararas\u0131, uzun mesafe ve\/veya eyaletler aras\u0131 ta\u015f\u0131nman\u0131z i\u00e7in do\u011fru \u015firket olmas\u0131 muhtemeldir.<\/p>\n<p><img loading=\"lazy\" decoding=\"async\" width=\"720\" height=\"480\" src=\"https:\/\/moverdb.com\/wp-content\/uploads\/Moving-truck.jpeg\" alt=\"Nakliye kamyonu\" class=\"aligncenter size-full wp-image-1083\" srcset=\"https:\/\/moverdb.com\/wp-content\/uploads\/Moving-truck.jpeg 720w, https:\/\/moverdb.com\/wp-content\/uploads\/Moving-truck-300x200.jpeg 300w, https:\/\/moverdb.com\/wp-content\/uploads\/Moving-truck-600x400.jpeg 600w\" sizes=\"auto, (max-width: 720px) 100vw, 720px\" \/><\/p>\n<p>Veriler \u015fu kaynaklardan gelmektedir <a href=\"http:\/\/www.movingcompanyreviews.com\/100-largest-moving-companies-of-the-us-and-canada\" target=\"_blank\" rel=\"noopener\">MovingCompanyReviews.com<\/a> En son filo b\u00fcy\u00fckl\u00fcklerini ve ayr\u0131ca her \u015firketin merkez konumunu g\u00f6sterir.<\/p>\n<p>Her bir \u015firketin profilini a\u015fa\u011f\u0131da okuyabilirsiniz: <\/p>\n<ol>\n<li> <a href=\"https:\/\/moverdb.com\/tr\/united-van-lines\/\"><strong>United Van Lines<\/strong><\/a> - Amerika Birle\u015fik Devletleri ve Kanada i\u00e7inde yurti\u00e7i ta\u015f\u0131malar\u0131n yan\u0131 s\u0131ra d\u00fcnya \u00e7ap\u0131nda uluslararas\u0131 ta\u015f\u0131malar da sunmaktad\u0131r.<\/li>\n<li> <a href=\"https:\/\/moverdb.com\/tr\/u-pack-tasima\/\"><strong>U-Pack Ta\u015f\u0131mac\u0131l\u0131k<\/strong><\/a> - ABF U-Pack Moving, m\u00fc\u015fterilerine ABD, Kanada ve Porto Riko i\u00e7inde ta\u015f\u0131nma ve kendi kendine paketleme ve a\u00e7ma i\u00e7in \u00e7e\u015fitli hizmetler sunmaktad\u0131r. <\/li>\n<li> <a href=\"https:\/\/moverdb.com\/tr\/atlas-van-lines-uluslararasi\/\"><strong>Atlas Van Lines<\/strong><\/a> - Atlas Van Lines markas\u0131 alt\u0131nda yurti\u00e7i ve Atlas Van Lines International markas\u0131 alt\u0131nda uluslararas\u0131 ta\u015f\u0131malar sunmaktad\u0131r. Her ikisi de Atlas World Group'a aittir.<\/li>\n<li> <a href=\"https:\/\/moverdb.com\/tr\/mayflower-transit\/\"><strong>Mayflower Transit<\/strong><\/a> - Mayflower Transit, kendin yap ta\u015f\u0131nma ve depolamadan \u0131smarlama tam uluslararas\u0131 hizmete kadar \u00e7ok \u00e7e\u015fitli hizmetler sunmaktad\u0131r. <\/li>\n<li> <a href=\"https:\/\/moverdb.com\/tr\/allied-van-lines\/\"><strong>Allied Van Lines<\/strong><\/a> - Allied Van Lines Inc Fort Wayne, IN'de bulunmaktad\u0131r ve \u015firket m\u00fc\u015fterilerine 7\/24 g\u00f6nderi takibi, g\u00fcmr\u00fckleme yard\u0131m\u0131, ta\u015f\u0131nman\u0131n her iki ucunda \u0130ngilizce konu\u015fan personel ve ambalaj malzemelerinin kald\u0131r\u0131lmas\u0131 gibi \u00e7e\u015fitli hizmetler sunmaktad\u0131r.<\/li>\n<li> <a href=\"https:\/\/moverdb.com\/tr\/kuzey-amerikan-van-hatlari\/\"><strong>North American Van Lines<\/strong><\/a> - North American Van Lines, m\u00fc\u015fterilerine uluslararas\u0131, kurumsal ve yurti\u00e7i ta\u015f\u0131nmalar i\u00e7in hizmet sunmaktad\u0131r.<\/li>\n<li> <a href=\"https:\/\/moverdb.com\/tr\/wheaton\/\"><strong>Wheaton D\u00fcnya \u00c7ap\u0131nda Ta\u015f\u0131mac\u0131l\u0131k<\/strong><\/a> - Wheaton World Wide Moving (eski ad\u0131yla Wheaton Van Lines) m\u00fc\u015fterilerine uluslararas\u0131 ta\u015f\u0131nmadan yerel ta\u015f\u0131nmaya kadar bir dizi hizmet sunmaktad\u0131r.<\/li>\n<li> <a href=\"https:\/\/moverdb.com\/tr\/bekins-van-lines\/\"><strong>Bekins Van Lines<\/strong><\/a> - Bekins Van Lines'\u0131n merkezi Indianapolis IN'de bulunmaktad\u0131r. M\u00fc\u015fterilerine uluslararas\u0131 ta\u015f\u0131nmalar ve y\u00fcksek de\u011ferli ta\u015f\u0131nmalar dahil olmak \u00fczere \u00e7e\u015fitli ta\u015f\u0131ma hizmetleri sunmaktad\u0131rlar.<\/li>\n<li> <a href=\"https:\/\/moverdb.com\/tr\/graebel-van-lines\/\"><strong>Graebel Van Lines<\/strong><\/a> - Merkezi Aurora, CO'da bulunan Graebel Van Lines'\u0131n m\u00fc\u015fterileri aras\u0131nda Fortune 500 \u015firketleri ve DEA, FBI, IRS ve CDC bulunmaktad\u0131r.<\/li>\n<li> <a href=\"https:\/\/moverdb.com\/tr\/arpin-van-lines\/\"><strong>Arpin Van Lines<\/strong><\/a> - Arpin Van Lines, West Warwick, RI merkezli olup hem yurt i\u00e7inde hem de yurt d\u0131\u015f\u0131nda askeri ve ev ta\u015f\u0131mac\u0131l\u0131\u011f\u0131 yapmaktad\u0131r. Ayr\u0131ca iklim kontroll\u00fc depolama ve konteynerli depolama gibi depolama hizmetleri de sunmaktad\u0131rlar.<\/li>\n<li> <a href=\"https:\/\/moverdb.com\/tr\/stevens-worldwide-van-lines\/\">Stevens Worldwide Van Lines<\/a> - Stevens Worldwide Van Lines, Saginaw MI merkezli olup evler, i\u015fletmeler, ordu ve din adamlar\u0131 i\u00e7in yerel, Eyalet d\u0131\u015f\u0131, Uzun mesafe ve uluslararas\u0131 ta\u015f\u0131nma hizmetleri sunmaktad\u0131r.<\/li>\n<li> <a href=\"https:\/\/moverdb.com\/tr\/amj-campbell-van-lines\/\">AMJ Campbell Van Lines<\/a> - AMJ Campbell Van Lines'\u0131n merkezi <a href=\"https:\/\/moverdb.com\/tr\/torontoya-tasinmak\/\">Toronto<\/a>ve Kanada'n\u0131n en b\u00fcy\u00fck \u015firketlerinden biridir. <a href=\"https:\/\/moverdb.com\/tr\/moving-companies\/\" data-internallinksmanager029f6b8e52c=\"79\" title=\"\u00c7evrimi\u00e7i En \u0130yi 25 Uluslararas\u0131 Nakliye \u015eirketi\">ta\u015finma \u015fi\u0307rketleri\u0307<\/a> hem yurt i\u00e7i hem de uluslararas\u0131 ta\u015f\u0131nmalar i\u00e7in.<\/li>\n<li> <a href=\"https:\/\/moverdb.com\/tr\/suddath\/\">Suddath<\/a> - Konut, \u015firket ve devlet ta\u015f\u0131nmalar\u0131 da dahil olmak \u00fczere bir dizi yurti\u00e7i ve uluslararas\u0131 ta\u015f\u0131ma hizmeti sunan bir \u015firketler ailesi.<\/li>\n<li> <a href=\"https:\/\/moverdb.com\/tr\/covan-dunya-capinda\/\">Covan WorldWide Ta\u015f\u0131mac\u0131l\u0131k<\/a> - Covan'\u0131n 200'den fazla eyaletler aras\u0131 ve 600'den fazla yerel ta\u015f\u0131ma birimi bulunmaktad\u0131r. Misyonu, uluslararas\u0131 ta\u015f\u0131mac\u0131l\u0131k hizmetlerinde lider olmakt\u0131r.<\/li>\n<li> <a href=\"https:\/\/moverdb.com\/tr\/armstrong-relocation\/\">Armstrong Ta\u015f\u0131nma<\/a> - Armstrong Relocation bug\u00fcn United Van Lines'\u0131n en b\u00fcy\u00fck e\u015fya acentesidir ve ABD'de 22 ofisi bulunmaktad\u0131r.<\/li>\n<li> <a href=\"https:\/\/moverdb.com\/tr\/williams-tasima-depolama\/\">Williams Ta\u015f\u0131nma &amp; Depolama<\/a> - Williams Moving and Storage, bireyleri ve \u015firketleri hem yerel hem de uluslararas\u0131 olarak ta\u015f\u0131yan Kanadal\u0131 bir ta\u015f\u0131ma \u015firketidir.<\/li>\n<li> <a href=\"https:\/\/moverdb.com\/tr\/beltmann-relocation\/\">Beltmann Relocation Group<\/a> - Battina ailesi taraf\u0131ndan 1955 y\u0131l\u0131nda kurulmu\u015ftur ve halen aile taraf\u0131ndan i\u015fletilmektedir. North American Van Lines'\u0131n en b\u00fcy\u00fck ve en eski acentelerinden biridir.<\/li>\n<li> <a href=\"https:\/\/moverdb.com\/tr\/national-van-lines\/\">National Van Lines<\/a> - \u015eirketin slogan\u0131 olan \"An\u0131lar\u0131n\u0131z\u0131 Ta\u015f\u0131y\u0131n\", hem personele hem de m\u00fc\u015fterilere ki\u015fisel e\u015fyalar\u0131n de\u011ferli oldu\u011funu ve her zaman \u00f6zenle ele al\u0131naca\u011f\u0131n\u0131 hat\u0131rlat\u0131yor.<\/li>\n<li> <a href=\"https:\/\/moverdb.com\/tr\/berger-muttefi%cc%87ki%cc%87\/\">Berger Allied (Transfer &amp; Depolama)<\/a> - Berger Transfer ve Depolama 1910 y\u0131l\u0131ndan beri faaliyet g\u00f6stermektedir. Bireyler, \u015firketler ve devlet kurumlar\u0131 ile \u00e7al\u0131\u015fmaktad\u0131r. <\/li>\n<li> Lawrence Ula\u015f\u0131m Sistemleri<\/li>\n<li> <a href=\"https:\/\/moverdb.com\/tr\/mccollisters-tasinma\/\">McCollister's Ta\u015f\u0131mac\u0131l\u0131k Grubu<\/a> - McCollister's \u00f6zel bir \u015firkettir ve United Van Lines ve Mayflower Transit'i b\u00fcnyesinde bar\u0131nd\u0131ran UniGroup Inc. \u015firketinin acentesidir. (yukar\u0131ya bak\u0131n)<\/li>\n<li> <a href=\"https:\/\/moverdb.com\/tr\/coleman-worldwide-moving\/\">Coleman Worldwide Ta\u015f\u0131mac\u0131l\u0131k<\/a> - Coleman American Moving Services &amp; Coleman Allied olarak da bilinen Coleman Worldwide Moving, hem ABD i\u00e7i hem de uluslararas\u0131 ta\u015f\u0131nmalar sunmaktad\u0131r.<\/li>\n<li> <a href=\"https:\/\/moverdb.com\/tr\/hilldrup-tasima-depolama\/\">Hilldrup Ta\u015f\u0131nma ve Depolama<\/a> - Ta\u015f\u0131nma yard\u0131m\u0131, ta\u015f\u0131nma y\u00f6netimi, depolama, kalk\u0131\u015f hizmetleri, var\u0131\u015f hizmetleri ve daha fazlas\u0131 gibi hizmetler sunar.<\/li>\n<li> <a href=\"https:\/\/moverdb.com\/tr\/american-red-ball-transit\/\">American Red Ball Transit \u015eirketi<\/a> - Indianapolis'te yerle\u015fiktir ve ABD i\u00e7inde yurt i\u00e7i hizmetlere odaklan\u0131r.<\/li>\n<li> New World Van Lines<\/li>\n<li> Palmer Ta\u015f\u0131nma &amp; Depolama<\/li>\n<li> Mergenthaler Transfer ve Depolama<\/li>\n<li> Scobey Ta\u015f\u0131mac\u0131l\u0131k ve Depolama LTD<\/li>\n<li> Corrigan Ta\u015f\u0131ma Sistemleri<\/li>\n<li> Tri Star Nakliye Sistemi<\/li>\n<li> A\u00e7l\u0131ktan \u00d6len \u00d6\u011frenciler<\/li>\n<li> A-1 Freeman Nakliye \u015eirketleri<\/li>\n<li> Daryl Flood Relocation &amp; Logistics<\/li>\n<li> JK Ta\u015f\u0131nma &amp; Depolama<\/li>\n<li> Ace Yer De\u011fi\u015ftirme Sistemleri<\/li>\n<li> Ford Depolama ve Ta\u015f\u0131ma \u015eirketi<\/li>\n<li> Budd Van Lines<\/li>\n<li> Planes Ta\u015f\u0131nma ve Depolama<\/li>\n<li> Gentle Giant Ta\u015f\u0131mac\u0131l\u0131k \u015eirketi<\/li>\n<li> <a href=\"https:\/\/moverdb.com\/tr\/ada-movers\/\">Ada Ta\u015f\u0131mac\u0131lar\u0131<\/a> - Hem Amerika Birle\u015fik Devletleri'nden hem de uluslararas\u0131 olarak Hawaii adalar\u0131na ve adalardan ta\u015f\u0131nma hizmetleri sunar.<\/li>\n<li> Mesa Ta\u015f\u0131nma &amp; Depolama<\/li>\n<li> Amerikan Uluslararas\u0131 Nakliyat<\/li>\n<li> Amerikan Ta\u015f\u0131mac\u0131lar<\/li>\n<li> Arnoff Ta\u015f\u0131nma ve Depolama,<\/li>\n<li> Fidelity Ta\u015f\u0131nma ve Depolama \u015eirketi<\/li>\n<li> Lile Uluslararas\u0131 \u015eirketler<\/li>\n<li> Carlyle Van Lines<\/li>\n<li> Do\u011fru Ta\u015f\u0131y\u0131c\u0131<\/li>\n<li> Andrews Van Lines<\/li>\n<li> Sherwood Van Lines<\/li>\n<li> Bisson Ta\u015f\u0131nma &amp; Depolama<\/li>\n<li> Bohren'in Ta\u015f\u0131nma ve Depolama,<\/li>\n<li> Select Van &amp; Depolama<\/li>\n<li> Broadway Express<\/li>\n<li> FlatRate Ta\u015f\u0131mac\u0131l\u0131k<\/li>\n<li> Smith Dray Line &amp; Depolama<\/li>\n<li> Ek\u015fi Maya Ekspresi<\/li>\n<li> South Hills Nakliyat<\/li>\n<li> Fisher Kuzey Amerika<\/li>\n<li> Interstate Van Lines\/Interstate Worldwide<\/li>\n<li> Ward Kuzey Amerika<\/li>\n<li> Do\u011fu <a href=\"https:\/\/moverdb.com\/tr\/moving-to-the-united-states\/moving-to-tennessee\/\" data-internallinksmanager029f6b8e52c=\"406\" title=\"Tennessee&#039;ye Ta\u015f\u0131nmak m\u0131? 2026 Ya\u015fam Maliyetleri ve Yer De\u011fi\u015ftirme \u0130pu\u00e7lar\u0131\">Tennessee<\/a> Ta\u015f\u0131nma\/\u0130ki Adam ve Bir Kamyon<\/li>\n<li> Imlach Grup<\/li>\n<li> Hava Van Ta\u015f\u0131mac\u0131l\u0131\u011f\u0131<\/li>\n<li> Legacy Ta\u015f\u0131mac\u0131l\u0131k Hizmetleri<\/li>\n<li> Tippet-Richardson<\/li>\n<li> Atlantik Yer De\u011fi\u015ftirme Sistemleri<\/li>\n<li> Carey Ta\u015f\u0131mac\u0131l\u0131k &amp; Depolama<\/li>\n<li> A Arnold D\u00fcnya Standartlar\u0131nda Ta\u015f\u0131nma<\/li>\n<li> William B. Meyer<\/li>\n<li> Horizon Ta\u015f\u0131ma Sistemleri<\/li>\n<li> Parks Ta\u015f\u0131nma &amp; Depolama<\/li>\n<li> Highland Ta\u015f\u0131nma &amp; Depolama<\/li>\n<li> Delancey Street Nakliye ve Ta\u015f\u0131mac\u0131l\u0131k<\/li>\n<li> Armstrong Ta\u015f\u0131nma<\/li>\n<li> Federal \u015eirketler<\/li>\n<li> Hoyt's Ta\u015f\u0131nma ve Depolama<\/li>\n<li> Johnson Depolama ve Ta\u015f\u0131mac\u0131l\u0131k<\/li>\n<li> Nor-Cal Ta\u015f\u0131nma Hizmetleri<\/li>\n<li> <a href=\"https:\/\/moverdb.com\/tr\/royal-hawaiian-movers\/\">Royal Hawaiian Nakliyat<\/a> - Royal Hawaiian Movers, DeWitt \u015firketler grubunun bir par\u00e7as\u0131 olup m\u00fc\u015fterilerine \u00e7e\u015fitli yerel, adalar aras\u0131, anakara ve uluslararas\u0131 ta\u015f\u0131malar sunmaktad\u0131r.<\/li>\n<li> Merkez Van &amp; Depolama,<\/li>\n<li> <a href=\"https:\/\/moverdb.com\/tr\/tac-tasima\/\">Crown Ta\u015f\u0131mac\u0131l\u0131k A.\u015e.<\/a> - \u015eimdi kapal\u0131, merkezi <a href=\"https:\/\/moverdb.com\/tr\/moving-to-seattle\/\" data-internallinksmanager029f6b8e52c=\"65\" title=\"Seattle&#039;a m\u0131 ta\u015f\u0131n\u0131yorsunuz? 2026 Ya\u015fam Maliyetleri &amp; Yer De\u011fi\u015ftirme \u0130pu\u00e7lar\u0131\">Seattle<\/a>.<\/li>\n<li> Fry-Wagner Ta\u015f\u0131nma ve Depolama A.\u015e.<\/li>\n<li> B. Von <a href=\"https:\/\/moverdb.com\/tr\/moving-to-france\/moving-to-paris\/\" data-internallinksmanager029f6b8e52c=\"407\" title=\"Paris&#039;e mi Ta\u015f\u0131n\u0131yorsunuz? 2026 Ya\u015fam Maliyetleri &amp; Yer De\u011fi\u015ftirme \u0130pu\u00e7lar\u0131\">Paris<\/a> Ta\u015f\u0131ma &amp; Depolama<\/li>\n<li> O'Brien's Ta\u015f\u0131nma ve Depolama<\/li>\n<li> Piqua Transfer &amp; Depolama \u015eirketi<\/li>\n<li> Joyce Van Lines,<\/li>\n<li> Plycon Ta\u015f\u0131mac\u0131l\u0131k Grubu<\/li>\n<li> AAA Ta\u015f\u0131nma ve Depolama<\/li>\n<li> Aaction Ta\u015f\u0131nma &amp; Depolama<\/li>\n<li> Alero Ta\u015f\u0131nma ve Depolama<\/li>\n<li> DMS Ta\u015f\u0131ma Sistemleri<\/li>\n<li> George Ta\u015f\u0131nma &amp; Depolama<\/li>\n<li> Glen Ellyn Depolama \u015eirketi<\/li>\n<li> Piepho Ta\u015f\u0131nma ve Depolama<\/li>\n<li> Eagle Van Lines<\/li>\n<li> Roadrunner Ta\u015f\u0131nma ve Depolama<\/li>\n<li> Lint Van Lines<\/li>\n<li> Pasifik Transfer<\/li>\n<li> Paxton Van Lines<\/li>\n<\/ol>","protected":false},"excerpt":{"rendered":"<p>Below you will find a list of the top 100 largest domestic and international moving companies the United States and Canada based on the number of registered trucks in their fleet. One of these companies is likely to be the right one for your international, long distance and\/or interstate move. The data comes from MovingCompanyReviews.com [&hellip;]<\/p>\n","protected":false},"author":1,"featured_media":1083,"parent":0,"menu_order":0,"comment_status":"closed","ping_status":"closed","template":"","meta":{"_genesis_hide_title":false,"_genesis_hide_breadcrumbs":false,"_genesis_hide_singular_image":false,"_genesis_hide_footer_widgets":false,"_genesis_custom_body_class":"","_genesis_custom_post_class":"","_genesis_layout":"","footnotes":""},"class_list":{"0":"post-955","1":"page","2":"type-page","3":"status-publish","4":"has-post-thumbnail","6":"entry"},"_links":{"self":[{"href":"https:\/\/moverdb.com\/tr\/wp-json\/wp\/v2\/pages\/955","targetHints":{"allow":["GET"]}}],"collection":[{"href":"https:\/\/moverdb.com\/tr\/wp-json\/wp\/v2\/pages"}],"about":[{"href":"https:\/\/moverdb.com\/tr\/wp-json\/wp\/v2\/types\/page"}],"author":[{"embeddable":true,"href":"https:\/\/moverdb.com\/tr\/wp-json\/wp\/v2\/users\/1"}],"replies":[{"embeddable":true,"href":"https:\/\/moverdb.com\/tr\/wp-json\/wp\/v2\/comments?post=955"}],"version-history":[{"count":40,"href":"https:\/\/moverdb.com\/tr\/wp-json\/wp\/v2\/pages\/955\/revisions"}],"predecessor-version":[{"id":6247,"href":"https:\/\/moverdb.com\/tr\/wp-json\/wp\/v2\/pages\/955\/revisions\/6247"}],"wp:featuredmedia":[{"embeddable":true,"href":"https:\/\/moverdb.com\/tr\/wp-json\/wp\/v2\/media\/1083"}],"wp:attachment":[{"href":"https:\/\/moverdb.com\/tr\/wp-json\/wp\/v2\/media?parent=955"}],"curies":[{"name":"wp","href":"https:\/\/api.w.org\/{rel}","templated":true}]}}