{"id":9525,"date":"2023-06-08T12:37:11","date_gmt":"2023-06-08T12:37:11","guid":{"rendered":"https:\/\/moverdb.com\/?page_id=9525"},"modified":"2026-01-08T15:24:26","modified_gmt":"2026-01-08T15:24:26","slug":"moving-companies-slovenia","status":"publish","type":"page","link":"https:\/\/moverdb.com\/tr\/moving-companies\/moving-companies-slovenia\/","title":{"rendered":"Slovenya'daki En \u0130yi 3 Uluslararas\u0131 Nakliye \u015eirketi"},"content":{"rendered":"<p>Ta\u015f\u0131nmak, \u00f6zellikle de deniza\u015f\u0131r\u0131 bir yere ta\u015f\u0131n\u0131yorsan\u0131z, ayarlanmas\u0131 gereken pek \u00e7ok \u015feyin oldu\u011fu stresli bir zaman olabilir. E\u011fer T\u00fcrkiye i\u00e7inde veya T\u00fcrkiye'den bir ta\u015f\u0131nma planl\u0131yorsan\u0131z <a href=\"https:\/\/moverdb.com\/tr\/moving-to-slovenia\/\" data-internallinksmanager029f6b8e52c=\"392\" title=\"Slovenya&#039;ya m\u0131 Ta\u015f\u0131n\u0131yorsunuz? 2026 Ya\u015fam Maliyetleri &amp; Yer De\u011fi\u015ftirme \u0130pu\u00e7lar\u0131\">Slovenya<\/a> daha sonra bir <a href=\"https:\/\/moverdb.com\/tr\/moving-companies\/\" data-internallinksmanager029f6b8e52c=\"79\" title=\"\u00c7evrimi\u00e7i En \u0130yi 25 Uluslararas\u0131 Nakliye \u015eirketi\">ta\u015finma \u015fi\u0307rketi\u0307<\/a> y\u00fck\u00fc hafifletmeye yard\u0131mc\u0131 olabilir. A\u015fa\u011f\u0131da Slovenya'da faaliyet g\u00f6steren <a href=\"https:\/\/moverdb.com\/tr\/international-removals\/\" data-internallinksmanager029f6b8e52c=\"27\" title=\"36 \u0130ngiltere&#039;deki En \u0130yi Uluslararas\u0131 Nakliye \u015eirketleri\">nakli\u0307ye \u015fi\u0307rketleri\u0307<\/a> \u00fcyesi olan <a href=\"https:\/\/moverdb.com\/tr\/iam\/\" data-internallinksmanager029f6b8e52c=\"23\" title=\"Uluslararas\u0131 Ta\u015f\u0131mac\u0131lar Birli\u011fi (IAM) A\u00e7\u0131klamas\u0131\">Uluslararas\u0131 Ta\u015f\u0131mac\u0131lar Birli\u011fi<\/a> (IAM) ve\/veya <a href=\"https:\/\/moverdb.com\/tr\/fidi-faim\/\" data-internallinksmanager029f6b8e52c=\"16\" title=\"FIDI &amp; FAIM (FIDI Akredite Uluslararas\u0131 Ta\u015f\u0131mac\u0131) A\u00e7\u0131klamas\u0131\">FIDI<\/a> Ta\u015f\u0131nman\u0131zda size yard\u0131mc\u0131 olabilecek Akredite Uluslararas\u0131 Ta\u015f\u0131mac\u0131 (FAIM).<\/p>\n<h2><strong>1. DB Schenker<\/strong><\/h2>\n<p><img loading=\"lazy\" decoding=\"async\" class=\"alignnone size-full wp-image-9351\" src=\"https:\/\/moverdb.com\/wp-content\/uploads\/DB-Schenker-Slovenvia-international-moving-company.png\" alt=\"DB Schenker Slovenya uluslararas\u0131 nakliye \u015firketi\" width=\"1440\" height=\"673\" data-wp-pid=\"9351\" srcset=\"https:\/\/moverdb.com\/wp-content\/uploads\/DB-Schenker-Slovenvia-international-moving-company.png 1440w, https:\/\/moverdb.com\/wp-content\/uploads\/DB-Schenker-Slovenvia-international-moving-company-300x140.png 300w, https:\/\/moverdb.com\/wp-content\/uploads\/DB-Schenker-Slovenvia-international-moving-company-1024x479.png 1024w, https:\/\/moverdb.com\/wp-content\/uploads\/DB-Schenker-Slovenvia-international-moving-company-18x8.png 18w, https:\/\/moverdb.com\/wp-content\/uploads\/DB-Schenker-Slovenvia-international-moving-company-600x280.png 600w\" sizes=\"auto, (max-width: 1440px) 100vw, 1440px\" \/><\/p>\n<ul>\n<li>Ulusal hamleler<\/li>\n<li>Uluslararas\u0131 ta\u015f\u0131nmalar<\/li>\n<li>Ev ta\u015f\u0131ma<\/li>\n<li>\u015eirket hareketleri<\/li>\n<li>Ki\u015fiye \u00f6zel paketleme<\/li>\n<li>Kara, demiryolu, hava ve deniz ta\u015f\u0131mac\u0131l\u0131\u011f\u0131<\/li>\n<li>G\u00fcmr\u00fck i\u015flemleri<\/li>\n<li>Sanat eseri i\u015fleme<\/li>\n<li>Uzman filo ve ekipman<\/li>\n<li>Depolama tesisleri<\/li>\n<\/ul>\n<p>DB Schenker, d\u00fcnya \u00e7ap\u0131nda yakla\u015f\u0131k 1.850 lokasyona sahip k\u00fcresel bir lojistik sa\u011flay\u0131c\u0131s\u0131d\u0131r ve 1872 y\u0131l\u0131ndan bu yana faaliyet g\u00f6stermektedir. <a href=\"https:\/\/moverdb.com\/tr\/moving-to-austria\/\" data-internallinksmanager029f6b8e52c=\"343\" title=\"Avusturya&#039;ya m\u0131 Ta\u015f\u0131n\u0131yorsunuz? 2026 Ya\u015fam Maliyetleri &amp; Yer De\u011fi\u015ftirme \u0130pu\u00e7lar\u0131\">Avusturya<\/a>. Slovenya'da Ljubljana, Maribor, Koper, Brnik ve Skofja Loka dahil olmak \u00fczere \u00e7e\u015fitli lokasyonlar\u0131 bulunmaktad\u0131r. IAM \u00fcyesidirler.<\/p>\n<p>DB Schenker Slovenya i\u00e7inde, Slovenya'ya ve Slovenya'dan ta\u015f\u0131nma ve yer de\u011fi\u015ftirme hizmetleri sunmaktad\u0131r. Hizmetleri aras\u0131nda \u00e7evre dostu \u00f6zel ambalajlama ile profesyonel paketleme hizmeti de bulunmaktad\u0131r. E\u015fyalar\u0131n\u0131z\u0131 ta\u015f\u0131mak i\u00e7in kendi hava s\u00fcspansiyonlu nakil ara\u00e7lar\u0131 ve y\u00fckseltici platform filolar\u0131na sahiptirler. Ta\u015f\u0131nma planlar\u0131nda g\u00fcmr\u00fckleme ile kara, demiryolu, hava ve deniz yoluyla nakliye ayarlayacaklar.<\/p>\n<p>Web sitesi: <a href=\"https:\/\/www.dbschenker.com\/si-en\/products\/removals\" target=\"_blank\" rel=\"noopener\">https:\/\/www.dbschenker.com\/si-en\/products\/removals<\/a><\/p>\n<h2><strong>2. Relocations Ltd<\/strong><\/h2>\n<p><img loading=\"lazy\" decoding=\"async\" class=\"alignnone size-full wp-image-9417\" src=\"https:\/\/moverdb.com\/wp-content\/uploads\/Relocations-Ltd-international-moving-company.png\" alt=\"Relocations Ltd uluslararas\u0131 nakliye \u015firketi\" width=\"1440\" height=\"673\" data-wp-pid=\"9417\" srcset=\"https:\/\/moverdb.com\/wp-content\/uploads\/Relocations-Ltd-international-moving-company.png 1440w, https:\/\/moverdb.com\/wp-content\/uploads\/Relocations-Ltd-international-moving-company-300x140.png 300w, https:\/\/moverdb.com\/wp-content\/uploads\/Relocations-Ltd-international-moving-company-1024x479.png 1024w, https:\/\/moverdb.com\/wp-content\/uploads\/Relocations-Ltd-international-moving-company-18x8.png 18w, https:\/\/moverdb.com\/wp-content\/uploads\/Relocations-Ltd-international-moving-company-600x280.png 600w\" sizes=\"auto, (max-width: 1440px) 100vw, 1440px\" \/><\/p>\n<ul>\n<li>Ulusal hamleler<\/li>\n<li>Uluslararas\u0131 ta\u015f\u0131nmalar<\/li>\n<li>Ev ta\u015f\u0131ma<\/li>\n<li>Kurumsal hamleler<\/li>\n<li>Kaliteli paketleme<\/li>\n<li>Ula\u015f\u0131m d\u00fczenlemeleri<\/li>\n<li>G\u00fcmr\u00fck i\u015flemleri<\/li>\n<li>Ara\u00e7 ta\u015f\u0131mac\u0131l\u0131\u011f\u0131<\/li>\n<li>G\u00f6\u00e7menlik hizmetleri<\/li>\n<li>Depolama tesisleri<\/li>\n<\/ul>\n<p>Relocations Ltd 2006 y\u0131l\u0131nda kurulmu\u015f ve merkezi Ljubljana'da bulunan bir ta\u015f\u0131nma \u015firketidir. Slovenya'da ta\u015f\u0131nma uzmanlar\u0131ndan olu\u015fan bir ekibe sahiptir ve ba\u011f\u0131ms\u0131z ta\u015f\u0131nma y\u00f6netimi koordinasyon hizmetleri sa\u011flayan yurtd\u0131\u015f\u0131nda do\u011frulanm\u0131\u015f ortaklar kullanmaktad\u0131r. IAM \u00fcyesidirler.<\/p>\n<p>Relocations Ltd, Slovenya i\u00e7inde, Slovenya'ya veya Slovenya'dan ta\u015f\u0131nmalar\u0131 y\u00f6netmek i\u00e7in yerel yard\u0131m veya tam bir ta\u015f\u0131nma hizmeti se\u00e7ene\u011fi sunar. Evler ve \u015firketler i\u00e7in ara\u00e7 ta\u015f\u0131mac\u0131l\u0131\u011f\u0131 ve g\u00f6\u00e7menlik hizmetlerini i\u00e7eren hizmetler sunarlar. E\u015fyalar\u0131n\u0131z\u0131n g\u00fcmr\u00fck i\u015flemleri ile birlikte nakliyesini ayarlayacaklard\u0131r. Yerle\u015fme hizmetleri, ayr\u0131lma hizmetleri, ev ve okul arama, oryantasyon, k\u00fclt\u00fcrel e\u011fitim ve tamirci hizmetleri gibi ek hizmetler sunarlar.<\/p>\n<p>Web sitesi: <a href=\"http:\/\/www.relocations.si\" target=\"_blank\" rel=\"noopener\">http:\/\/www.relocations.si<\/a><\/p>\n<h2><strong>3. Vatovec<\/strong><\/h2>\n<p><img loading=\"lazy\" decoding=\"async\" class=\"alignnone size-full wp-image-9443\" src=\"https:\/\/moverdb.com\/wp-content\/uploads\/Vatovec-international-moving-company.png\" alt=\"Vatovec uluslararas\u0131 nakliye \u015firketi\" width=\"1440\" height=\"680\" data-wp-pid=\"9443\" srcset=\"https:\/\/moverdb.com\/wp-content\/uploads\/Vatovec-international-moving-company.png 1440w, https:\/\/moverdb.com\/wp-content\/uploads\/Vatovec-international-moving-company-300x142.png 300w, https:\/\/moverdb.com\/wp-content\/uploads\/Vatovec-international-moving-company-1024x484.png 1024w, https:\/\/moverdb.com\/wp-content\/uploads\/Vatovec-international-moving-company-18x9.png 18w, https:\/\/moverdb.com\/wp-content\/uploads\/Vatovec-international-moving-company-600x283.png 600w\" sizes=\"auto, (max-width: 1440px) 100vw, 1440px\" \/><\/p>\n<ul>\n<li>Ulusal hamleler<\/li>\n<li>Uluslararas\u0131 ta\u015f\u0131nmalar<\/li>\n<li>Hane halk\u0131 ta\u015f\u0131nmalar\u0131<\/li>\n<li>Ofis ta\u015f\u0131nmalar\u0131<\/li>\n<li>Profesyonel paketleme hizmeti<\/li>\n<li>Kara, hava ve deniz yoluyla ula\u015f\u0131m<\/li>\n<li>G\u00fcmr\u00fck formaliteleri<\/li>\n<li>Hareketli sanat nesneleri<\/li>\n<li>K\u00fc\u00e7\u00fck hayvanlar\u0131n ta\u015f\u0131nmas\u0131<\/li>\n<li>Depolama tesisleri<\/li>\n<\/ul>\n<p>Vatovec, 1998 y\u0131l\u0131nda kurulmu\u015f ve merkezi Ljubljana'da bulunan bir ta\u015f\u0131ma \u015firketidir. Uluslararas\u0131 ta\u015f\u0131nmalara yard\u0131mc\u0131 olmak i\u00e7in d\u00fcnya \u00e7ap\u0131nda kaliteli uluslararas\u0131 ortaklardan olu\u015fan bir a\u011fa sahiptirler. \u015eirket 25 y\u0131ll\u0131k hizmetiyle IAM \u00fcyesidir ve FIDI taraf\u0131ndan akredite edilmi\u015ftir.<\/p>\n<p>Vatovec, Slovenya i\u00e7inde, Slovenya'ya ve Slovenya'dan ta\u015f\u0131nma ve yer de\u011fi\u015ftirme hizmetleri sunmaktad\u0131r. E\u015fyalar\u0131n\u0131z\u0131n g\u00fcvenli bir \u015fekilde paketlenmesini ve g\u00fcmr\u00fck formaliteleri yerine getirilerek kara, hava veya deniz yoluyla gidece\u011finiz yere ta\u015f\u0131nmas\u0131n\u0131 sa\u011flayacak profesyonel paketleme hizmetleri sunarlar. Ta\u015f\u0131nma hizmetleri aras\u0131nda oturma ve \u00e7al\u0131\u015fma izinleri, ev ve okul arama, oryantasyon, tamirci ve usta bulma yer almaktad\u0131r.<\/p>\n<p>Web sitesi: <a href=\"http:\/\/www.vatovec.si\" target=\"_blank\" rel=\"noopener\">http:\/\/www.vatovec.si<\/a><\/p>","protected":false},"excerpt":{"rendered":"<p>Moving can be a stressful time with a lot of things to arrange especially if you are moving overseas. If you are planning a move within, to or from Slovenia then employing the services of a moving company can help lighten the load. Below we have compiled a list of Slovenia based removal companies that [&hellip;]<\/p>\n","protected":false},"author":4,"featured_media":9351,"parent":190,"menu_order":0,"comment_status":"closed","ping_status":"closed","template":"","meta":{"_genesis_hide_title":false,"_genesis_hide_breadcrumbs":false,"_genesis_hide_singular_image":false,"_genesis_hide_footer_widgets":false,"_genesis_custom_body_class":"","_genesis_custom_post_class":"","_genesis_layout":"","footnotes":""},"class_list":{"0":"post-9525","1":"page","2":"type-page","3":"status-publish","4":"has-post-thumbnail","6":"entry"},"_links":{"self":[{"href":"https:\/\/moverdb.com\/tr\/wp-json\/wp\/v2\/pages\/9525","targetHints":{"allow":["GET"]}}],"collection":[{"href":"https:\/\/moverdb.com\/tr\/wp-json\/wp\/v2\/pages"}],"about":[{"href":"https:\/\/moverdb.com\/tr\/wp-json\/wp\/v2\/types\/page"}],"author":[{"embeddable":true,"href":"https:\/\/moverdb.com\/tr\/wp-json\/wp\/v2\/users\/4"}],"replies":[{"embeddable":true,"href":"https:\/\/moverdb.com\/tr\/wp-json\/wp\/v2\/comments?post=9525"}],"version-history":[{"count":1,"href":"https:\/\/moverdb.com\/tr\/wp-json\/wp\/v2\/pages\/9525\/revisions"}],"predecessor-version":[{"id":9526,"href":"https:\/\/moverdb.com\/tr\/wp-json\/wp\/v2\/pages\/9525\/revisions\/9526"}],"up":[{"embeddable":true,"href":"https:\/\/moverdb.com\/tr\/wp-json\/wp\/v2\/pages\/190"}],"wp:featuredmedia":[{"embeddable":true,"href":"https:\/\/moverdb.com\/tr\/wp-json\/wp\/v2\/media\/9351"}],"wp:attachment":[{"href":"https:\/\/moverdb.com\/tr\/wp-json\/wp\/v2\/media?parent=9525"}],"curies":[{"name":"wp","href":"https:\/\/api.w.org\/{rel}","templated":true}]}}