{"id":9518,"date":"2023-06-08T12:39:44","date_gmt":"2023-06-08T12:39:44","guid":{"rendered":"https:\/\/moverdb.com\/?page_id=9518"},"modified":"2026-01-08T15:24:25","modified_gmt":"2026-01-08T15:24:25","slug":"moving-companies-serbia","status":"publish","type":"page","link":"https:\/\/moverdb.com\/tr\/moving-companies\/moving-companies-serbia\/","title":{"rendered":"S\u0131rbistan'daki En \u0130yi 3 Uluslararas\u0131 Nakliye \u015eirketi"},"content":{"rendered":"<p>S\u0131rbistan i\u00e7inde, S\u0131rbistan'a veya S\u0131rbistan'dan ta\u015f\u0131nmay\u0131 planl\u0131yorsan\u0131z, bir <a href=\"https:\/\/moverdb.com\/tr\/moving-companies\/\" data-internallinksmanager029f6b8e52c=\"79\" title=\"\u00c7evrimi\u00e7i En \u0130yi 25 Uluslararas\u0131 Nakliye \u015eirketi\">ta\u015finma \u015fi\u0307rketi\u0307<\/a> paketleme, nakliye ve dok\u00fcmantasyon konular\u0131nda size yard\u0131mc\u0131 olmak i\u00e7in. A\u015fa\u011f\u0131da S\u0131rbistan'da faaliyet g\u00f6steren <a href=\"https:\/\/moverdb.com\/tr\/international-removals\/\" data-internallinksmanager029f6b8e52c=\"27\" title=\"36 \u0130ngiltere&#039;deki En \u0130yi Uluslararas\u0131 Nakliye \u015eirketleri\">nakli\u0307ye \u015fi\u0307rketleri\u0307<\/a> \u00fcyesi olan <a href=\"https:\/\/moverdb.com\/tr\/iam\/\" data-internallinksmanager029f6b8e52c=\"23\" title=\"Uluslararas\u0131 Ta\u015f\u0131mac\u0131lar Birli\u011fi (IAM) A\u00e7\u0131klamas\u0131\">Uluslararas\u0131 Ta\u015f\u0131mac\u0131lar Birli\u011fi<\/a> (IAM) ve\/veya <a href=\"https:\/\/moverdb.com\/tr\/fidi-faim\/\" data-internallinksmanager029f6b8e52c=\"16\" title=\"FIDI &amp; FAIM (FIDI Akredite Uluslararas\u0131 Ta\u015f\u0131mac\u0131) A\u00e7\u0131klamas\u0131\">FIDI<\/a> Ta\u015f\u0131nman\u0131zda size yard\u0131mc\u0131 olabilecek Akredite Uluslararas\u0131 Ta\u015f\u0131mac\u0131 (FAIM).<\/p>\n<h2><strong>1. Balkan Yer De\u011fi\u015ftirmeleri<\/strong><\/h2>\n<p><img loading=\"lazy\" decoding=\"async\" class=\"alignnone size-full wp-image-9337\" src=\"https:\/\/moverdb.com\/wp-content\/uploads\/Balkan-Relocations-international-moving-company.png\" alt=\"Balkan Relocations uluslararas\u0131 ta\u015f\u0131ma \u015firketi\" width=\"1440\" height=\"677\" data-wp-pid=\"9337\" srcset=\"https:\/\/moverdb.com\/wp-content\/uploads\/Balkan-Relocations-international-moving-company.png 1440w, https:\/\/moverdb.com\/wp-content\/uploads\/Balkan-Relocations-international-moving-company-300x141.png 300w, https:\/\/moverdb.com\/wp-content\/uploads\/Balkan-Relocations-international-moving-company-1024x481.png 1024w, https:\/\/moverdb.com\/wp-content\/uploads\/Balkan-Relocations-international-moving-company-18x8.png 18w, https:\/\/moverdb.com\/wp-content\/uploads\/Balkan-Relocations-international-moving-company-600x282.png 600w\" sizes=\"auto, (max-width: 1440px) 100vw, 1440px\" \/><\/p>\n<ul>\n<li>Yerel hamleler<\/li>\n<li>Uluslararas\u0131 ta\u015f\u0131nmalar<\/li>\n<li>Ev ta\u015f\u0131ma<\/li>\n<li>Kurumsal hamleler<\/li>\n<li>Paketleme se\u00e7enekleri<\/li>\n<li>Kara, deniz ve hava ta\u015f\u0131mac\u0131l\u0131\u011f\u0131<\/li>\n<li>G\u00fcmr\u00fck hizmetleri<\/li>\n<li>Evcil hayvan hareketleri<\/li>\n<li>Sigorta<\/li>\n<li>Depolama tesisleri<\/li>\n<\/ul>\n<p>Balkan Relocations, Belgrad d\u0131\u015f\u0131nda faaliyet g\u00f6steren bir ta\u015f\u0131nma, lojistik ve nakliye hizmetidir. S\u0131rbistan d\u0131\u015f\u0131nda hizmet sunmalar\u0131na yard\u0131mc\u0131 olan k\u00fcresel bir ta\u015f\u0131ma acenteleri ve hizmet ortaklar\u0131 a\u011f\u0131n\u0131n par\u00e7as\u0131d\u0131rlar. Alt\u0131 y\u0131ll\u0131k hizmetleriyle IAM \u00fcyesidirler.<\/p>\n<p>Balkan Relocations, sadece k\u0131r\u0131lgan paketleme, paketleme malzemeleri sa\u011flanarak kendi kendine paketleme ve tam paketleme hizmetini i\u00e7eren paketleme se\u00e7enekleri ile kap\u0131dan kap\u0131ya ta\u015f\u0131ma hizmeti sunmaktad\u0131r. G\u00fcmr\u00fck yard\u0131m\u0131 ve sigorta ile kara, deniz veya hava yoluyla d\u00fcnya \u00e7ap\u0131nda nakliye sa\u011flarlar. Ayr\u0131ca kurulum ve montaj hizmetleri, evcil hayvan ta\u015f\u0131ma, yer de\u011fi\u015ftirme hizmetleri ve g\u00f6\u00e7menlik yard\u0131m\u0131 da sunmaktad\u0131rlar.<\/p>\n<p>Web sitesi: <a href=\"http:\/\/www.balkanrelocations.com\" target=\"_blank\" rel=\"noopener\">http:\/\/www.balkanrelocations.com<\/a><\/p>\n<h2><strong>2. Orphee Beinoglou<\/strong><\/h2>\n<p><img loading=\"lazy\" decoding=\"async\" class=\"alignnone size-full wp-image-9408\" src=\"https:\/\/moverdb.com\/wp-content\/uploads\/Orphee-Beinoglou-Serbia-international-moving-company.png\" alt=\"Orphee Beinoglou S\u0131rbistan uluslararas\u0131 nakliye \u015firketi\" width=\"1440\" height=\"680\" data-wp-pid=\"9408\" srcset=\"https:\/\/moverdb.com\/wp-content\/uploads\/Orphee-Beinoglou-Serbia-international-moving-company.png 1440w, https:\/\/moverdb.com\/wp-content\/uploads\/Orphee-Beinoglou-Serbia-international-moving-company-300x142.png 300w, https:\/\/moverdb.com\/wp-content\/uploads\/Orphee-Beinoglou-Serbia-international-moving-company-1024x484.png 1024w, https:\/\/moverdb.com\/wp-content\/uploads\/Orphee-Beinoglou-Serbia-international-moving-company-18x9.png 18w, https:\/\/moverdb.com\/wp-content\/uploads\/Orphee-Beinoglou-Serbia-international-moving-company-600x283.png 600w\" sizes=\"auto, (max-width: 1440px) 100vw, 1440px\" \/><\/p>\n<ul>\n<li>Yerel ve ulusal hamleler<\/li>\n<li>Uluslararas\u0131 ta\u015f\u0131nmalar<\/li>\n<li>Ev ta\u015f\u0131ma<\/li>\n<li>Ofis ta\u015f\u0131ma<\/li>\n<li>Kap\u0131dan kap\u0131ya hizmet<\/li>\n<li>Paketleme hizmeti<\/li>\n<li>Deniz, hava ve kara ta\u015f\u0131mac\u0131l\u0131\u011f\u0131<\/li>\n<li>G\u00fcmr\u00fck i\u015flemleri<\/li>\n<li>Sigorta<\/li>\n<li>Depolama hizmetleri<\/li>\n<\/ul>\n<p>Orphee Beinoglou, 1923 y\u0131l\u0131nda \u0130stanbul'da kurulmu\u015f bir y\u00fck ta\u015f\u0131mac\u0131l\u0131\u011f\u0131 ve lojistik sa\u011flay\u0131c\u0131s\u0131d\u0131r. <a href=\"https:\/\/moverdb.com\/tr\/moving-to-greece\/\" data-internallinksmanager029f6b8e52c=\"353\" title=\"Yunanistan&#039;a m\u0131 Ta\u015f\u0131n\u0131yorsunuz? 2026 Ya\u015fam Maliyetleri &amp; Yer De\u011fi\u015ftirme \u0130pu\u00e7lar\u0131\">Yunanistan<\/a> Balkanlar ve Do\u011fu Akdeniz'de i\u015ftirakleri bulunmaktad\u0131r. S\u0131rbistan ofisleri Belgrad'dad\u0131r. Di\u011fer \u00fclkelerde hizmet sunarken kendilerini desteklemek i\u00e7in k\u00fcresel bir a\u011f kullan\u0131yorlar. D\u00f6rt y\u0131ll\u0131k hizmet s\u00fcresiyle IAM \u00fcyesidirler.<\/p>\n<p>Orphee Beinglou, ta\u015f\u0131nman\u0131z\u0131 planlaman\u0131za yard\u0131mc\u0131 olmak i\u00e7in ta\u015f\u0131nma \u00f6ncesi bir anket ile kap\u0131dan kap\u0131ya ki\u015fisel bir ta\u015f\u0131ma hizmeti sunmaktad\u0131r. \u00d6zel ambalaj malzemeleri ve e\u011fitimli ekipler kullanarak paketleme hizmeti sunarlar. E\u015fyalar\u0131n\u0131z\u0131 deniz, hava veya kara yoluyla ta\u015f\u0131yacak ve e\u015fyalar\u0131n\u0131z\u0131 teslim etmeden ve paketlerini a\u00e7man\u0131za yard\u0131mc\u0131 olmadan \u00f6nce g\u00fcmr\u00fck i\u015flemlerine yard\u0131mc\u0131 olacaklard\u0131r.<\/p>\n<p>Web sitesi: <a href=\"https:\/\/orbit.rs\" target=\"_blank\" rel=\"noopener\">https:\/\/orbit.rs<\/a><\/p>\n<h2><strong>3. Vizyon 4 Lojistik<\/strong><\/h2>\n<p><img loading=\"lazy\" decoding=\"async\" class=\"alignnone size-full wp-image-9444\" src=\"https:\/\/moverdb.com\/wp-content\/uploads\/Vision-4-Logistics-international-moving-company.png\" alt=\"Vision 4 Logistics uluslararas\u0131 ta\u015f\u0131ma \u015firketi\" width=\"1440\" height=\"678\" data-wp-pid=\"9444\" srcset=\"https:\/\/moverdb.com\/wp-content\/uploads\/Vision-4-Logistics-international-moving-company.png 1440w, https:\/\/moverdb.com\/wp-content\/uploads\/Vision-4-Logistics-international-moving-company-300x141.png 300w, https:\/\/moverdb.com\/wp-content\/uploads\/Vision-4-Logistics-international-moving-company-1024x482.png 1024w, https:\/\/moverdb.com\/wp-content\/uploads\/Vision-4-Logistics-international-moving-company-18x8.png 18w, https:\/\/moverdb.com\/wp-content\/uploads\/Vision-4-Logistics-international-moving-company-600x283.png 600w\" sizes=\"auto, (max-width: 1440px) 100vw, 1440px\" \/><\/p>\n<ul>\n<li>Yerel hamleler<\/li>\n<li>Uluslararas\u0131 ta\u015f\u0131nmalar<\/li>\n<li>Ev ta\u015f\u0131ma<\/li>\n<li>Kurumsal hamleler<\/li>\n<li>Kap\u0131dan kap\u0131ya hizmet<\/li>\n<li>Deniz, kara, demir ve hava ta\u015f\u0131mac\u0131l\u0131\u011f\u0131<\/li>\n<li>Y\u00fck se\u00e7eneklerinin se\u00e7imi<\/li>\n<li>G\u00fcmr\u00fck komisyonculu\u011fu<\/li>\n<li>T\u00fcm riskler i\u00e7in sigorta<\/li>\n<li>Depolama tesisleri<\/li>\n<\/ul>\n<p>Vision 4 Logistics, 2018 y\u0131l\u0131nda kurulan ve merkezi Belgrad'da bulunan bir nakliye \u015firketidir. D\u00fcnya \u00e7ap\u0131nda se\u00e7kin acentelerden olu\u015fan a\u011flar\u0131 arac\u0131l\u0131\u011f\u0131yla uluslararas\u0131 ta\u015f\u0131malar sa\u011flamaktad\u0131rlar. Be\u015f y\u0131ll\u0131k hizmet ile IAM \u00fcyesidirler.<\/p>\n<p>Vision 4 Logistics, yerel ve uluslararas\u0131 ta\u015f\u0131nmalar i\u00e7in kap\u0131dan kap\u0131ya ta\u015f\u0131ma hizmetleri sunmaktad\u0131r. Evlerin ve kurumsal m\u00fc\u015fterilerin ta\u015f\u0131nmas\u0131na yard\u0131mc\u0131 olmak i\u00e7in tasarlanm\u0131\u015f profesyonel personel ve ekipmana sahiptirler. Tam konteyner y\u00fckleri, konteyner y\u00fcklerinden daha az\u0131, tam kamyon y\u00fckleri ve kamyon y\u00fcklerinden daha az\u0131n\u0131 i\u00e7eren demiryolu, hava, kara ve deniz ta\u015f\u0131mac\u0131l\u0131\u011f\u0131 sunarlar. \u00d6nleyici bir tedbir olarak t\u00fcm risk sigortas\u0131 sa\u011flarlar.<\/p>\n<p>Web sitesi: <a href=\"http:\/\/www.v4l.rs\" target=\"_blank\" rel=\"noopener\">http:\/\/www.v4l.rs<\/a><\/p>","protected":false},"excerpt":{"rendered":"<p>If you are planning a move within, to or from Serbia, you may be considering employing the services of a moving company to assist you with packing, transportation and documentation. Below we have compiled a list of Serbian removal companies that are members of the International Association of Movers (IAM) and\/or FIDI Accredited International Mover [&hellip;]<\/p>\n","protected":false},"author":4,"featured_media":9337,"parent":190,"menu_order":0,"comment_status":"closed","ping_status":"closed","template":"","meta":{"_genesis_hide_title":false,"_genesis_hide_breadcrumbs":false,"_genesis_hide_singular_image":false,"_genesis_hide_footer_widgets":false,"_genesis_custom_body_class":"","_genesis_custom_post_class":"","_genesis_layout":"","footnotes":""},"class_list":{"0":"post-9518","1":"page","2":"type-page","3":"status-publish","4":"has-post-thumbnail","6":"entry"},"_links":{"self":[{"href":"https:\/\/moverdb.com\/tr\/wp-json\/wp\/v2\/pages\/9518","targetHints":{"allow":["GET"]}}],"collection":[{"href":"https:\/\/moverdb.com\/tr\/wp-json\/wp\/v2\/pages"}],"about":[{"href":"https:\/\/moverdb.com\/tr\/wp-json\/wp\/v2\/types\/page"}],"author":[{"embeddable":true,"href":"https:\/\/moverdb.com\/tr\/wp-json\/wp\/v2\/users\/4"}],"replies":[{"embeddable":true,"href":"https:\/\/moverdb.com\/tr\/wp-json\/wp\/v2\/comments?post=9518"}],"version-history":[{"count":1,"href":"https:\/\/moverdb.com\/tr\/wp-json\/wp\/v2\/pages\/9518\/revisions"}],"predecessor-version":[{"id":9519,"href":"https:\/\/moverdb.com\/tr\/wp-json\/wp\/v2\/pages\/9518\/revisions\/9519"}],"up":[{"embeddable":true,"href":"https:\/\/moverdb.com\/tr\/wp-json\/wp\/v2\/pages\/190"}],"wp:featuredmedia":[{"embeddable":true,"href":"https:\/\/moverdb.com\/tr\/wp-json\/wp\/v2\/media\/9337"}],"wp:attachment":[{"href":"https:\/\/moverdb.com\/tr\/wp-json\/wp\/v2\/media?parent=9518"}],"curies":[{"name":"wp","href":"https:\/\/api.w.org\/{rel}","templated":true}]}}