{"id":944,"date":"2016-09-04T13:58:08","date_gmt":"2016-09-04T13:58:08","guid":{"rendered":"http:\/\/moverdb.com\/?page_id=944"},"modified":"2026-01-08T14:48:19","modified_gmt":"2026-01-08T14:48:19","slug":"asiri-uluslararasi-tasimacilar","status":"publish","type":"page","link":"https:\/\/moverdb.com\/tr\/excess-international-movers\/","title":{"rendered":"Excess Uluslararas\u0131 Ta\u015f\u0131mac\u0131lar: Uluslararas\u0131 Nakliyat Yorumlar\u0131"},"content":{"rendered":"<p>Excess International Movers, kurumsal m\u00fc\u015fterilere, bireylere ve ailelere a\u015fa\u011f\u0131da listelenen geni\u015f bir hizmet yelpazesi sunar. Ayr\u0131ca bir \u015firket profili ve incelemeler de bulunmaktad\u0131r.<\/p>\n<p><strong><a href=\"https:\/\/moverdb.com\/tr\/international-removals\/\" data-internallinksmanager029f6b8e52c=\"27\" title=\"36 \u0130ngiltere&#039;deki En \u0130yi Uluslararas\u0131 Nakliye \u015eirketleri\">Uluslararas\u0131 Ta\u015f\u0131malar<\/a><\/strong><\/p>\n<ul>\n<li> Hava, deniz veya karayolu<\/li>\n<li> Kap\u0131dan kap\u0131ya servis<\/li>\n<li> Uluslararas\u0131 ta\u015f\u0131nmalar i\u00e7in \u00f6zel hizmet<\/li>\n<li> Ta\u015f\u0131nma i\u015flemlerini ba\u015ftan sona organize edecek ve her t\u00fcrl\u00fc soruyu yan\u0131tlayacak bir ta\u015f\u0131nma koordinat\u00f6r\u00fc<\/li>\n<li> Excess International Movers taraf\u0131ndan da sa\u011flanan, e\u015fyalar\u0131 en iyi end\u00fcstri onayl\u0131 ambalaj malzemeleriyle paketlemek i\u00e7in paketleyiciler ve nakliyeciler<\/li>\n<li> Y\u00fcklenen nakliyatlar <a href=\"https:\/\/moverdb.com\/tr\/konteyner-tasimaciligi\/\">nakliye konteyneri<\/a> veya hava arac\u0131na y\u00fcklenmek \u00fczere g\u00f6t\u00fcr\u00fclm\u00fc\u015f<\/li>\n<li> Mallar yeni evinizde, ofisinizde, otelinizde veya di\u011fer son konumunuzda g\u00fcmr\u00fckten ge\u00e7irilir, teslim edilir ve bo\u015falt\u0131l\u0131r - veya se\u00e7ilen havaalan\u0131nda teslim al\u0131nmak \u00fczere haz\u0131r bulundurulur<\/li>\n<li> Uluslararas\u0131 nakliye \u00fccretleri, g\u00fcmr\u00fckleme ve terminal \u00fccretleri<\/li>\n<\/ul>\n<p><strong>Avrupa Ta\u015f\u0131nmalar\u0131<\/strong><\/p>\n<ul>\n<li> Kap\u0131dan kap\u0131ya servis<\/li>\n<li> \u00d6zel do\u011frudan hizmet. E\u015fyalar\u0131n\u0131z evinizde paketlenir, y\u00fcklenir ve do\u011frudan Avrupa'daki yeni evinize ta\u015f\u0131n\u0131r. \u0130htiya\u00e7lar\u0131n\u0131za uygun teslimat tarihini siz se\u00e7ersiniz. <\/li>\n<li> Payla\u015f\u0131ml\u0131 y\u00fck. Zaman \u00e7izelgesinin daha az \u00f6nemli oldu\u011fu daha k\u00fc\u00e7\u00fck sevkiyatlarda mal ta\u015f\u0131mak istiyorsan\u0131z uygundur. M\u00fc\u015fterilere toplama i\u00e7in sabit bir tarih sunmaya devam ederken, toplama \u00f6ncesinde teslimat i\u00e7in bir zaman aral\u0131\u011f\u0131 sa\u011flan\u0131r ve payla\u015f\u0131lan y\u00fck program\u0131 tamamland\u0131ktan sonra teslimat tarihi onaylan\u0131r.<\/li>\n<li> Sorular\u0131 yan\u0131tlamak ve AB ta\u015f\u0131nma i\u015flemlerini ba\u015ftan sona organize etmek i\u00e7in \u00f6zel bir ta\u015f\u0131nma koordinat\u00f6r\u00fc<\/li>\n<li> European Removals, e\u015fyalar\u0131n\u0131z\u0131n nakliye s\u0131ras\u0131nda g\u00fcvende olmas\u0131n\u0131 sa\u011flamak i\u00e7in end\u00fcstri onayl\u0131 ambalaj malzemeleri kullanarak profesyonel paketleme hizmeti de dahil.<\/li>\n<li> Ta\u015f\u0131malar toplan\u0131r, teslim edilir ve ard\u0131ndan t\u00fcm i\u00e7erikler gerekti\u011fi gibi yerle\u015ftirilerek yeni evinize a\u00e7\u0131l\u0131r.<\/li>\n<\/ul>\n<p><strong>Depolama Hizmetleri<\/strong><\/p>\n<ul>\n<li> 24 saat g\u00fcvenlik<\/li>\n<li> \u00dcr\u00fcnlere eri\u015fim bildirim gerektirir ve ek \u00fccrete tabi olabilir<\/li>\n<li> \u00d6\u011frenci depolama indirimleri<\/li>\n<li> Konteynerli depolama<\/li>\n<\/ul>\n<p><strong>\u00d6\u011frenci Hizmetleri<\/strong><\/p>\n<ul>\n<li> \u00d6zel indirimli mini hareketler<\/li>\n<li> \u00d6zel indirimli 5 kutu depolama se\u00e7ene\u011fi<\/li>\n<li> \u00d6\u011frenci <a href=\"https:\/\/moverdb.com\/tr\/nakli%cc%87ye-si%cc%87rketleri%cc%87\/\">uluslararasi g\u00f6nderi\u0307m<\/a><\/li>\n<\/ul>\n<p><strong>Ek Hizmetler<\/strong><\/p>\n<ul>\n<li> Bagaj nakliyesi<\/li>\n<li> Refakatsiz bagaj<\/li>\n<li> Fazla bagaj<\/li>\n<li> <a href=\"https:\/\/moverdb.com\/tr\/araba-tasima-nakliye\/\">Ara\u00e7 nakliyesi<\/a><\/li>\n<li> Kurumsal Ta\u015f\u0131nma<\/li>\n<li> G\u00fczel sanatlar nakliyesi<\/li>\n<li> \u0130thalat<\/li>\n<\/ul>\n<h2>Excess International Movers \u015eirket Profili<\/h2>\n<p>Excess International Movers 30 y\u0131l\u0131 a\u015fk\u0131n bir s\u00fcredir varl\u0131\u011f\u0131n\u0131 s\u00fcrd\u00fcr\u00fcyor ve hem uluslararas\u0131 hem de yerel olarak y\u0131lda 50.000'den fazla sevkiyatla ilgileniyor. Her boyutta ta\u015f\u0131nman\u0131n \u00fcstesinden gelebileceklerini ve bunu makul bir zaman dilimi i\u00e7inde yapacaklar\u0131n\u0131 s\u00f6yl\u00fcyorlar. Excess International Movers, d\u00fcnya \u00e7ap\u0131nda 25.000'den fazla noktaya g\u00f6nderi yapt\u0131\u011f\u0131n\u0131 iddia ediyor.<\/p>\n<p>\u015eirket, ilk fiyat teklifinden var\u0131\u015f \u00fclkesindeki yerle\u015fme hizmetlerine kadar yurt d\u0131\u015f\u0131na ta\u015f\u0131nman\u0131n her y\u00f6n\u00fcn\u00fc kapsamaktad\u0131r. Bir\u00e7ok y\u00fcksek profilli mavi \u00e7ipli \u015firket de dahil olmak \u00fczere bireyler, aileler ve \u015firketler i\u00e7in nakliye \u00e7\u00f6z\u00fcmleri sunmaktad\u0131r.<\/p>\n<p>Excess International Movers akreditasyonlar\u0131 ve ba\u011flant\u0131lar\u0131:<\/p>\n<ul>\n<li> <a href=\"https:\/\/moverdb.com\/tr\/british-association-of-removers\/\">\u0130ngiliz S\u00f6k\u00fcmc\u00fcler Birli\u011fi<\/a> (<a href=\"https:\/\/moverdb.com\/tr\/british-association-of-removers\/\" data-internallinksmanager029f6b8e52c=\"9\" title=\"\u0130ngiliz S\u00f6k\u00fcmc\u00fcler Birli\u011fi (BAR) A\u00e7\u0131klamas\u0131\">BAR<\/a>)<\/li>\n<li> <a href=\"https:\/\/moverdb.com\/tr\/fidi-faim\/\">Uluslararas\u0131 Mobilya S\u00f6k\u00fcmc\u00fcleri Federasyonu<\/a> (<a href=\"https:\/\/moverdb.com\/tr\/fidi-faim\/\" data-internallinksmanager029f6b8e52c=\"16\" title=\"FIDI &amp; FAIM (FIDI Akredite Uluslararas\u0131 Ta\u015f\u0131mac\u0131) A\u00e7\u0131klamas\u0131\">FIDI<\/a>)<\/li>\n<li> <a href=\"https:\/\/moverdb.com\/tr\/hgfaa\/\">Amerika Ev E\u015fyalar\u0131 Nakliyecileri Derne\u011fi<\/a> (HHGFAA)<\/li>\n<li> <a href=\"https:\/\/moverdb.com\/tr\/fidi-faim\/\">FAIM Plus<\/a><\/li>\n<li> <a href=\"https:\/\/moverdb.com\/tr\/mtc\/\">The Movers Trading Club<\/a> (<a href=\"https:\/\/moverdb.com\/tr\/mtc\/\" data-internallinksmanager029f6b8e52c=\"30\" title=\"Movers Trading Club (MTC) A\u00e7\u0131klamas\u0131\">MTC<\/a>)<\/li>\n<li> Bu <a href=\"https:\/\/moverdb.com\/tr\/iam\/\">Uluslararas\u0131 Ta\u015f\u0131mac\u0131lar Birli\u011fi<\/a> (<a href=\"https:\/\/moverdb.com\/tr\/iam\/\" data-internallinksmanager029f6b8e52c=\"23\" title=\"Uluslararas\u0131 Ta\u015f\u0131mac\u0131lar Birli\u011fi (IAM) A\u00e7\u0131klamas\u0131\">IAM<\/a>)<\/li>\n<li> ISO 9001<\/li>\n<\/ul>\n<h2>Excess International Movers Yorumlar\u0131<\/h2>\n<p><strong>Pozitif<\/strong><\/p>\n<ul>\n<li> <em>\"En ba\u015f\u0131ndan beri Excess Internationl Movers ile i\u015f yapmak bir zevkti. \u00c7ok makul fiyatlara sahipler ve s\u00fcre\u00e7 boyunca size rehberlik ediyorlar. Toplama ve teslimat sorunsuzdu ve hizmetten daha mutlu olamazd\u0131m. Kesinlikle tavsiye ederim.\"<\/em> - Bayan Sophie Hay arac\u0131l\u0131\u011f\u0131yla <a href=\"http:\/\/www.excess-international.com\/reviews\" target=\"_blank\" rel=\"noopener\">\u015fi\u0307rket i\u0307nceleme sayfasi<\/a><\/li>\n<li> <em>\"Tekliften sevkiyata kadar m\u00fckemmel hizmet. Bu \u015firketi \u015fiddetle tavsiye ediyoruz.\"<\/em> - Lisa arac\u0131l\u0131\u011f\u0131yla <a href=\"https:\/\/uk.trustpilot.com\/reviews\/57bc88a00000ff00097f3cfc\" target=\"_blank\" rel=\"noopener\">Trustpilot<\/a>.<\/li>\n<li> <em>\"K\u0131sa bir s\u00fcre \u00f6nce <a href=\"https:\/\/moverdb.com\/tr\/moving-to-the-uk\/\" data-internallinksmanager029f6b8e52c=\"93\" title=\"Birle\u015fik Krall\u0131k&#039;a m\u0131 ta\u015f\u0131n\u0131yorsunuz? 2026 Ya\u015fam Maliyetleri &amp; Yer De\u011fi\u015ftirme \u0130pu\u00e7lar\u0131\">BIRLE\u015eIK KRALLIK<\/a> i\u00e7in <a href=\"https:\/\/moverdb.com\/tr\/moving-to-canada\/\" data-internallinksmanager029f6b8e52c=\"265\" title=\"Kanada&#039;ya Ta\u015f\u0131nmak m\u0131? 2026 Ya\u015fam Maliyetleri ve Yer De\u011fi\u015ftirme \u0130pu\u00e7lar\u0131\">Kanada<\/a>ve Excess International t\u00fcm s\u00fcreci \u00e7ok ac\u0131s\u0131z hale getirdi. Teklif olduk\u00e7a do\u011fruydu (nihai maliyet asl\u0131nda orijinal tekliften biraz daha az geldi, bu da iyiydi - son dakikada ho\u015f olmayan s\u00fcrprizler olmad\u0131), paketleyiciler harika bir i\u015f \u00e7\u0131kard\u0131 ve Attila sorular\u0131m\u0131z\u0131 yan\u0131tlamaktan mutluluk duydu.\"<\/em> - \u00fczerinden <a href=\"http:\/\/www.reviewcentre.com\/Removal-Companies\/Excess-International-Movers-www-excess-international-com-review_2391382\" target=\"_blank\" rel=\"noopener\">\u0130nceleme Merkezi<\/a><\/li>\n<li> <em>\"Ev ta\u015f\u0131ma ve paketleme i\u015fini yapmaya gelen adamlar kesinlikle #1'di - her \u015feyiyle birinci s\u0131n\u0131f, kendini i\u015fine adam\u0131\u015f \u00e7al\u0131\u015fkanlar ve \u00e7ok naziklerdi.\"<\/em> - Anton arac\u0131l\u0131\u011f\u0131yla <a href=\"http:\/\/www.shipping-international.com\/companies\/excess-international-movers.html\" target=\"_blank\" rel=\"noopener\">Shipping-International.com<\/a><\/li>\n<\/ul>\n<p><strong>Negatif<\/strong><\/p>\n<ul>\n<li> <em>\"Birka\u00e7 teklif ald\u0131ktan sonra iyi bir karar verdi\u011fimizi d\u00fc\u015f\u00fcnd\u00fck, ancak ne yaz\u0131k ki i\u015fler bekledi\u011fimiz gibi gitmedi.\"<\/em> - Lee\/Bayan Alexandria arac\u0131l\u0131\u011f\u0131yla <a href=\"https:\/\/uk.trustpilot.com\/reviews\/57b38afd0000ff00097cab0e\" target=\"_blank\" rel=\"noopener\">Trustpilot<\/a><\/li>\n<li> <em>\"Konteynerimiz \u0130ngiltere'den Yeni Zelanda'ya ula\u015ft\u0131\u011f\u0131nda EIM ile y\u0131l\u0131n ba\u015f\u0131na (2015) dayanan bir sorunumuz var. \u0130ngiltere'deki EIM personeli konteynerin \u00e7at\u0131s\u0131ndaki bir deli\u011fi kendi ambalaj bantlar\u0131yla bantlam\u0131\u015ft\u0131.\"<\/em> - Robert Snijders arac\u0131l\u0131\u011f\u0131yla <a href=\"http:\/\/www.removalreviews.co.uk\/movingreviews\/move-from-uk-to-nz-10229\" target=\"_blank\" rel=\"noopener\">Kald\u0131rma Yorumlar\u0131<\/a><\/li>\n<li> <em>\"Ac\u0131nas\u0131 bir hizmet ve do\u011fru d\u00fczg\u00fcn ileti\u015fim yok. Bu adamlar\u0131 kullanman\u0131z\u0131 hi\u00e7 tavsiye etmem. Etkile\u015fimim son derece hayal k\u0131r\u0131kl\u0131\u011f\u0131 ve sinir bozucu oldu.\"<\/em> - \u00fczerinden <a href=\"http:\/\/www.reviewcentre.com\/Removal-Companies\/Excess-International-Movers-www-excess-international-com-review_3918175\" target=\"_blank\" rel=\"noopener\">\u0130nceleme Merkezi<\/a><\/li>\n<li> <em>\"U\u011fra\u015fmak i\u00e7in kesinlikle berbat bir \u015firket, onlarla telefonda konu\u015fmak bir bor\u00e7 tahsildar\u0131yla u\u011fra\u015fmak gibi hissettirdi.\" -<br \/>\nWill B. arac\u0131l\u0131\u011f\u0131yla <a href=\"https:\/\/www.yelp.co.uk\/biz\/excess-international-movers-london-2?hrid=gh9RC6mlebc__fP5wR0Q8g&#038;utm_campaign=www_review_share_popup&#038;utm_medium=copy_link&#038;utm_source=(direct)\" target=\"_blank\" rel=\"noopener\">Yelp<\/a><\/em><\/li>\n<\/ul>\n<div itemprop=\"review\" itemscope itemtype=\"http:\/\/schema.org\/Review\">\n<span itemprop=\"author\" itemscope=\"\" itemtype=\"http:\/\/schema.org\/Organization\"><span itemprop=\"name\">MoverDB.com<\/span><\/span> \u00c7evrimi\u00e7i Web Sitesi \u0130ncelemesi i\u00e7in <span itemprop=\"itemreviewed\" itemscope=\"\" itemtype=\"http:\/\/schema.org\/Brand\"><span itemprop=\"name\">Fazla Uluslararas\u0131 Ta\u015f\u0131mac\u0131lar<\/span><\/span>:<\/p>\n<ol>\n<li> Web sitesinde a\u00e7\u0131k ileti\u015fim bilgileri (telefon numaras\u0131 dahil): <strong>Evet<\/strong><\/li>\n<li> Almas\u0131 kolay <a href=\"https:\/\/moverdb.com\/tr\/alintilar\/\">uluslararas\u0131 ta\u015f\u0131mac\u0131l\u0131k teklifleri<\/a>? (\u00c7evrimi\u00e7i tahmin talep formu): <strong>Evet<\/strong><\/li>\n<li> Web sitesinde net bilgiler: <strong>Evet,<\/strong> Web sitesindeki bilgiler olduk\u00e7a ayr\u0131nt\u0131l\u0131 ve potansiyel m\u00fc\u015fterilere neler sunuldu\u011funa dair iyi bir fikir veriyor.<\/li>\n<li> Uluslararas\u0131 tan\u0131nm\u0131\u015f ta\u015f\u0131ma organizasyonlar\u0131na \u00fcyelik: <strong>Evet<\/strong>, yukar\u0131ya bak\u0131n.<\/li>\n<li> M\u00fc\u015fterilerin listesi ve\/veya \u00f6nceki m\u00fc\u015fteri referanslar\u0131: <strong>Evet,<\/strong> Ba\u015fka yerlerdeki incelemeler biraz daha kar\u0131\u015f\u0131k olsa da, web sitelerinde bir\u00e7ok olumlu m\u00fc\u015fteri referans\u0131 var.<\/li>\n<\/ol>\n<div itemprop=\"reviewRating\" itemscope itemtype=\"http:\/\/schema.org\/Rating\"><meta itemprop=\"worstRating\" content = \"0\" \/><meta itemprop=\"bestRating\" content=\"5\" \/><meta itemprop=\"ratingValue\" content=\"4\"><\/div>\n<p><strong>Genel puan: 4\/5<\/strong><br \/>\n<strong>\u0130nceleme Tarihi:<\/strong> <span itemprop=\"datePublished\" content=\"2016-09-04\">04\/09\/2016<\/span>\n<\/div>\n<p>Hakk\u0131nda daha fazla bilgi edinin <a href=\"https:\/\/moverdb.com\/tr\/uluslararasi-tasimalar\/\">uluslararasi ta\u015fimacilik<\/a> ve bizim <a href=\"https:\/\/moverdb.com\/tr\/yorumlar\/\">g\u00f6zden ge\u00e7irme s\u00fcreci<\/a>.<\/p>\n<p><strong>Web sitesi:<\/strong> <a href=\"http:\/\/www.excess-international.com\/\" target=\"_blank\" rel=\"noopener\">http:\/\/www.excess-international.com<\/a><\/p>","protected":false},"excerpt":{"rendered":"<p>Excess International Movers offer corporate clients, individuals and families a wide range of services which are listed below. There also follows a company profile and reviews. International Removals Air, sea or road Door to door service Dedicated service for international relocations A move co-ordinator to organise removals from start to finish and answer any queries [&hellip;]<\/p>\n","protected":false},"author":1,"featured_media":0,"parent":0,"menu_order":0,"comment_status":"closed","ping_status":"closed","template":"","meta":{"_genesis_hide_title":false,"_genesis_hide_breadcrumbs":false,"_genesis_hide_singular_image":false,"_genesis_hide_footer_widgets":false,"_genesis_custom_body_class":"","_genesis_custom_post_class":"","_genesis_layout":"","footnotes":""},"class_list":{"0":"post-944","1":"page","2":"type-page","3":"status-publish","5":"entry"},"_links":{"self":[{"href":"https:\/\/moverdb.com\/tr\/wp-json\/wp\/v2\/pages\/944","targetHints":{"allow":["GET"]}}],"collection":[{"href":"https:\/\/moverdb.com\/tr\/wp-json\/wp\/v2\/pages"}],"about":[{"href":"https:\/\/moverdb.com\/tr\/wp-json\/wp\/v2\/types\/page"}],"author":[{"embeddable":true,"href":"https:\/\/moverdb.com\/tr\/wp-json\/wp\/v2\/users\/1"}],"replies":[{"embeddable":true,"href":"https:\/\/moverdb.com\/tr\/wp-json\/wp\/v2\/comments?post=944"}],"version-history":[{"count":8,"href":"https:\/\/moverdb.com\/tr\/wp-json\/wp\/v2\/pages\/944\/revisions"}],"predecessor-version":[{"id":6207,"href":"https:\/\/moverdb.com\/tr\/wp-json\/wp\/v2\/pages\/944\/revisions\/6207"}],"wp:attachment":[{"href":"https:\/\/moverdb.com\/tr\/wp-json\/wp\/v2\/media?parent=944"}],"curies":[{"name":"wp","href":"https:\/\/api.w.org\/{rel}","templated":true}]}}