{"id":943,"date":"2016-09-03T18:19:36","date_gmt":"2016-09-03T18:19:36","guid":{"rendered":"http:\/\/moverdb.com\/?page_id=943"},"modified":"2026-01-08T15:20:36","modified_gmt":"2026-01-08T15:20:36","slug":"robinsons","status":"publish","type":"page","link":"https:\/\/moverdb.com\/tr\/robinsons\/","title":{"rendered":"Robinsons Relocation: Uluslararas\u0131 Ta\u015f\u0131nma ve Nakliye Yorumlar\u0131"},"content":{"rendered":"<p>Robinsons Relocation uluslararas\u0131 bir <a href=\"https:\/\/moverdb.com\/tr\/international-removals\/\" data-internallinksmanager029f6b8e52c=\"27\" title=\"36 \u0130ngiltere&#039;deki En \u0130yi Uluslararas\u0131 Nakliye \u015eirketleri\">nakli\u0307ye \u015fi\u0307rketi\u0307<\/a> m\u00fc\u015fterilerine yurtd\u0131\u015f\u0131na ta\u015f\u0131nmalar\u0131nda yard\u0131mc\u0131 olmak i\u00e7in bir\u00e7ok hizmet sunmaktad\u0131r. Bu hizmetler, \u015firket profili ve de\u011ferlendirmeleri ile birlikte a\u015fa\u011f\u0131da listelenmi\u015ftir.<\/p>\n<p><strong>Uluslararas\u0131 Ta\u015f\u0131malar<\/strong><\/p>\n<ul>\n<li> \u00d6zel ta\u015f\u0131nma y\u00f6neticisi<\/li>\n<li> Kap\u0131dan kap\u0131ya<\/li>\n<li> Kendinden ambalajl\u0131 veya profesyonel ambalajl\u0131<\/li>\n<li> Hava ta\u015f\u0131mac\u0131l\u0131\u011f\u0131 veya deniz ta\u015f\u0131mac\u0131l\u0131\u011f\u0131 <a href=\"https:\/\/moverdb.com\/tr\/konteyner-tasimaciligi\/\">uluslararas\u0131 konteyner ta\u015f\u0131mac\u0131l\u0131\u011f\u0131<\/a><\/li>\n<li> tam y\u00fck ve kismi y\u00fck se\u00e7enekleri\u0307<\/li>\n<li> Ambalajdan \u00e7\u0131karma ve yeniden birle\u015ftirme<\/li>\n<li> G\u00fcmr\u00fck yard\u0131m\u0131<\/li>\n<li> Sigorta ayarland\u0131<\/li>\n<li> Araba sevkiyat\u0131<\/li>\n<li> Evcil hayvan sevkiyat\u0131<\/li>\n<li> G\u00fczel sanatlar ve antika sevkiyat\u0131<\/li>\n<li> \u0130\u015f yerinin ta\u015f\u0131nmas\u0131<\/li>\n<\/ul>\n<p><strong>Yer De\u011fi\u015ftirme Hizmetleri<\/strong><\/p>\n<ul>\n<li> Alan y\u00f6nelimi<\/li>\n<li> Ev arama<\/li>\n<li> Okul arama<\/li>\n<li> Yerle\u015ftirme hizmetleri<\/li>\n<li> Devam eden destek ve kirac\u0131l\u0131k y\u00f6netimi<\/li>\n<li> Kalk\u0131\u015f hizmetleri<\/li>\n<li> Vize ve g\u00f6\u00e7menlik<\/li>\n<li> K\u00fclt\u00fcrleraras\u0131 ve dil<\/li>\n<li> E\u015f deste\u011fi<\/li>\n<\/ul>\n<p><strong>Depolama<\/strong><\/p>\n<ul>\n<li> Uzun ve k\u0131sa vadeli<\/li>\n<li> Mobilya depolama<\/li>\n<li> Ara\u00e7 depolama<\/li>\n<li> Ticari depolama<\/li>\n<li> Belge depolama<\/li>\n<li> Aralar\u0131ndan se\u00e7im yapabilece\u011finiz 8 dal<\/li>\n<li> Profesyonelce paketlenmi\u015f<\/li>\n<li> Otomatik sigorta<\/li>\n<li> 24 saat CCTV<\/li>\n<\/ul>\n<p><strong><a href=\"https:\/\/moverdb.com\/tr\/moving-to-the-uk\/\" data-internallinksmanager029f6b8e52c=\"93\" title=\"Birle\u015fik Krall\u0131k&#039;a m\u0131 ta\u015f\u0131n\u0131yorsunuz? 2026 Ya\u015fam Maliyetleri &amp; Yer De\u011fi\u015ftirme \u0130pu\u00e7lar\u0131\">BIRLE\u015eIK KRALLIK<\/a> Ev Ta\u015f\u0131malar\u0131<\/strong><\/p>\n<ul>\n<li> Kap\u0131dan kap\u0131ya<\/li>\n<li> Eksiksiz hizmet<\/li>\n<li> \u0130\u015f yerinin ta\u015f\u0131nmas\u0131<\/li>\n<\/ul>\n<h2>Robinsons Relocation \u015eirket Profili<\/h2>\n<p>Robinsons 1895 y\u0131l\u0131nda Alfred Robinson taraf\u0131ndan kuruldu ve \u015firket k\u00f6m\u00fcr ta\u015f\u0131yarak i\u015fe ba\u015flad\u0131. Rekabet \u00e7ok fazlayd\u0131, bu nedenle Alfred Robinson k\u00f6m\u00fcr \u00e7\u0131karma i\u015fine ge\u00e7meye karar verdi. <\/p>\n<p>\u015eirket, 1960'larda kitlesel g\u00f6\u00e7\u00fcn ortaya \u00e7\u0131kmas\u0131yla birlikte uluslararas\u0131 ta\u015f\u0131mac\u0131l\u0131k alan\u0131na geni\u015fledi. <a href=\"https:\/\/moverdb.com\/tr\/moving-to-australia\/living-in-australia\/\" data-internallinksmanager029f6b8e52c=\"240\" title=\"Avustralya&#039;da Ya\u015famak Hakk\u0131nda Ta\u015f\u0131nmadan \u00d6nce Bilmeniz Gereken 21 S\u0131r\">Avustralya<\/a>. Alfred Robinson'un torunu bug\u00fcn \u015firketin y\u00f6netim kurulu ba\u015fkan\u0131d\u0131r.<\/p>\n<p>Robinsons, Birle\u015fik Krall\u0131k'taki en b\u00fcy\u00fck be\u015f ki\u015fisel e\u015fya ihracat\u00e7\u0131s\u0131ndan biridir. Ama\u00e7lar\u0131, hem \u00f6zel hem de kurumsal m\u00fc\u015fterilerine, ta\u015f\u0131nmalar\u0131n\u0131n zahmetsiz olmas\u0131n\u0131 ve hi\u00e7bir gizli maliyet i\u00e7ermemesini sa\u011flamak i\u00e7in \u00f6zel olarak haz\u0131rlanm\u0131\u015f bir plan sunmakt\u0131r. <\/p>\n<p>\u015eirketin Birle\u015fik Krall\u0131k'taki b\u00fcy\u00fck merkezlerde amaca y\u00f6nelik in\u015fa edilmi\u015f alt\u0131 deposu bulunmaktad\u0131r. Ayr\u0131ca 60 ara\u00e7l\u0131k bir filoya ve 150'nin \u00fczerinde y\u00fcksek e\u011fitimli personelden olu\u015fan bir i\u015fg\u00fcc\u00fcne sahiptir.<\/p>\n<p>Robinsons ba\u011flant\u0131lar\u0131n\u0131n ve akreditasyonlar\u0131n\u0131n bir listesi:<\/p>\n<ul>\n<li> <a href=\"https:\/\/moverdb.com\/tr\/british-association-of-removers\/\">\u0130ngiliz S\u00f6k\u00fcmc\u00fcler Birli\u011fi<\/a> (<a href=\"https:\/\/moverdb.com\/tr\/british-association-of-removers\/\" data-internallinksmanager029f6b8e52c=\"9\" title=\"\u0130ngiliz S\u00f6k\u00fcmc\u00fcler Birli\u011fi (BAR) A\u00e7\u0131klamas\u0131\">BAR<\/a>)<\/li>\n<li> <a href=\"https:\/\/moverdb.com\/tr\/bar-overseas\/\">\u0130ngiliz Deniza\u015f\u0131r\u0131 Nakliyeciler Derne\u011fi<\/a><\/li>\n<li> \u0130ngiliz Uluslararas\u0131 Nakliye Birli\u011fi (BIFA)<\/li>\n<li> D\u00fcnya G\u00fcvencesi<\/li>\n<li> <a href=\"https:\/\/moverdb.com\/tr\/fidi-faim\/\">Uluslararas\u0131 Mobilya Ta\u015f\u0131mac\u0131lar\u0131 Federasyonu<\/a> (<a href=\"https:\/\/moverdb.com\/tr\/fidi-faim\/\" data-internallinksmanager029f6b8e52c=\"16\" title=\"FIDI &amp; FAIM (FIDI Akredite Uluslararas\u0131 Ta\u015f\u0131mac\u0131) A\u00e7\u0131klamas\u0131\">FIDI<\/a>)<\/li>\n<li> Overseas Moving Network Incorporated (OMNI)<\/li>\n<li> FAIM Plus<\/li>\n<li> <a href=\"https:\/\/moverdb.com\/tr\/eura\/\">EuRA<\/a><\/li>\n<li> ISO 9901:2008<\/li>\n<li> ISO 14001 :2004<\/li>\n<li> Sanat ve Antika Sat\u0131c\u0131lar\u0131 Derne\u011fi (LAPADA)<\/li>\n<li> \u0130ngiliz Mobilya \u00dcreticileri (BFM)<\/li>\n<\/ul>\n<h2>Robinsons Relocation Yorumlar\u0131<\/h2>\n<p><strong>Olumlu:<\/strong><\/p>\n<ul>\n<li> <em>\"Robinsons, ger\u00e7ek ta\u015f\u0131nma tarihine ula\u015fmak i\u00e7in bazen \"zor\" olan yolculu\u011fumuzda \u00e7ok sab\u0131rl\u0131 davrand\u0131 ve benimle mutlu bir \u015fekilde koordinasyon sa\u011flad\u0131. Ofis \u00e7al\u0131\u015fanlar\u0131 yard\u0131msever, sempatik ve arkada\u015f canl\u0131s\u0131yd\u0131. O g\u00fcn gelip \u00e7att\u0131\u011f\u0131nda, evi toparlamaya gelen arkada\u015flar <a href=\"https:\/\/moverdb.com\/tr\/moving-to-the-united-states\/\" data-internallinksmanager029f6b8e52c=\"94\" title=\"Amerika Birle\u015fik Devletleri&#039;ne mi ta\u015f\u0131n\u0131yorsunuz? 2026 Ya\u015fam Maliyetleri ve Yer De\u011fi\u015ftirme \u0130pu\u00e7lar\u0131\">Biz<\/a> arkada\u015f canl\u0131s\u0131, profesyonel ama her \u015feyden \u00f6nce vicdanl\u0131yd\u0131lar.\"<\/em> - Charlie K Brisker arac\u0131l\u0131\u011f\u0131yla <a href=\"https:\/\/uk.trustpilot.com\/reviews\/57c6b04b0000ff000982140f\" target=\"_blank\" rel=\"noopener\">Trustpilot<\/a><\/li>\n<li> <em>\"Robinsons ile m\u00fckemmel bir deneyim ya\u015fad\u0131k ve bu nedenle daha \u00f6nce aksi y\u00f6nde bir yorum g\u00f6rd\u00fc\u011f\u00fcmde olduk\u00e7a \u015fa\u015f\u0131rd\u0131m. Kendi deneyimlerimize g\u00f6re d\u00fcnyan\u0131n \u00e7e\u015fitli yerlerine birka\u00e7 kez ta\u015f\u0131nd\u0131k ve 90'l\u0131 y\u0131llarda ilk kez kulland\u0131\u011f\u0131m\u0131zdan bu yana her ta\u015f\u0131nmam\u0131zda Robinsons'a g\u00fcveniyoruz.\"<\/em> - Aiden Roberts arac\u0131l\u0131\u011f\u0131yla <a href=\"http:\/\/www.removalreviews.co.uk\/movingreviews\/really-great-service-thank-you-robinsons-6974\" target=\"_blank\" rel=\"noopener\">Kald\u0131rma Yorumlar\u0131<\/a> <\/li>\n<\/ul>\n<p><strong>Olumsuz:<\/strong><\/p>\n<ul>\n<li> <em>\"Gelen ilk iki adam harikayd\u0131. Sonra \u00fc\u00e7 ki\u015fi daha geldi! M\u00fczik patlatmak i\u00e7in cep telefonlar\u0131n\u0131 prizlerimize takt\u0131lar!!! K\u00fc\u00e7\u00fck e\u015fyalar\u0131n paketlenmesi harikayd\u0131! Hi\u00e7 k\u0131r\u0131lma olmad\u0131! Ancak daha b\u00fcy\u00fck e\u015fyalar i\u00e7in bak\u0131m ve sayg\u0131 eksikli\u011fi \u015fok ediciydi! \"<\/em> - Sharon Card arac\u0131l\u0131\u011f\u0131yla <a href=\"https:\/\/www.trustpilot.com\/users\/55ed817e0000ff0001d9df65\" target=\"_blank\" rel=\"noopener\">Trustpilot<\/a> <\/li>\n<li> \"<em>Biraz ara\u015ft\u0131rma yapt\u0131ktan sonra uluslararas\u0131 ta\u015f\u0131nmam\u0131 ger\u00e7ekle\u015ftirecek sayg\u0131n bir \u015firket se\u00e7ti\u011fimi d\u00fc\u015f\u00fcnm\u00fc\u015ft\u00fcm. Daha fazla yan\u0131lm\u0131\u015f olamazd\u0131m.\" <\/em>Eric arac\u0131l\u0131\u011f\u0131yla <a href=\"http:\/\/www.removalreviews.co.uk\/movingreviews\/absolute-disgrace-2741\" target=\"_blank\" rel=\"noopener\">Kald\u0131rma Yorumlar\u0131<\/a> <\/li>\n<\/ul>\n<div itemprop=\"review\" itemscope itemtype=\"http:\/\/schema.org\/Review\">\n<span itemprop=\"author\" itemscope=\"\" itemtype=\"http:\/\/schema.org\/Organization\"><span itemprop=\"name\">MoverDB.com<\/span><\/span> \u00c7evrimi\u00e7i Web Sitesi \u0130ncelemesi i\u00e7in <span itemprop=\"itemreviewed\" itemscope=\"\" itemtype=\"http:\/\/schema.org\/Brand\"><span itemprop=\"name\">Robinsons Ta\u015f\u0131nma<\/span><\/span>:<\/p>\n<ol>\n<li> Web sitesinde a\u00e7\u0131k ileti\u015fim bilgileri (telefon numaras\u0131 dahil): <strong>Evet<\/strong><\/li>\n<li> Almas\u0131 kolay <a href=\"https:\/\/moverdb.com\/tr\/alintilar\/\">uluslararas\u0131 ta\u015f\u0131mac\u0131l\u0131k teklifleri<\/a>? (\u00c7evrimi\u00e7i tahmin talep formu): <strong>Evet<\/strong><\/li>\n<li> Web sitesinde net bilgiler: <strong>Evet,<\/strong> Sunduklar\u0131 t\u00fcm hizmetler hakk\u0131nda iyi miktarda bilgi.<\/li>\n<li> Uluslararas\u0131 tan\u0131nm\u0131\u015f ta\u015f\u0131ma organizasyonlar\u0131na \u00fcyelik: <strong>Evet<\/strong>bir\u00e7o\u011fu yukar\u0131ya bakmaktad\u0131r.<\/li>\n<li> M\u00fc\u015fterilerin listesi ve\/veya \u00f6nceki m\u00fc\u015fteri referanslar\u0131: <strong>Evet,<\/strong> ancak web sitelerinde de\u011fil, bunun yerine m\u00fc\u015fteriler \u00e7ok olumlu bir derecelendirmeye sahip olduklar\u0131 TrustPilot'ta yorum b\u0131rak\u0131yor.<\/li>\n<\/ol>\n<div itemprop=\"reviewRating\" itemscope itemtype=\"http:\/\/schema.org\/Rating\"><meta itemprop=\"worstRating\" content = \"0\" \/><meta itemprop=\"bestRating\" content=\"5\" \/><meta itemprop=\"ratingValue\" content=\"5\"><\/div>\n<p><strong>Genel puan: 5\/5<\/strong><br \/>\n<strong>\u0130nceleme Tarihi:<\/strong> <span itemprop=\"datePublished\" content=\"2016-09-03\">03\/09\/2016<\/span>\n<\/div>\n<p>Hakk\u0131nda daha fazla bilgi edinin <a href=\"https:\/\/moverdb.com\/tr\/uluslararasi-tasimalar\/\">uluslararasi ta\u015fimacilik \u015fi\u0307rketleri\u0307<\/a> ve bizim <a href=\"https:\/\/moverdb.com\/tr\/yorumlar\/\">g\u00f6zden ge\u00e7irme s\u00fcreci<\/a>.<\/p>\n<p><strong>Web sitesi:<\/strong> <a href=\"http:\/\/www.robinsonsrelo.com\" target=\"_blank\" rel=\"noopener\">http:\/\/www.robinsonsrelo.com<\/a><\/p>","protected":false},"excerpt":{"rendered":"<p>Robinsons Relocation are an international removal company which offer their clients many services to assist them in relocating abroad. The services are listed below together with a company profile and reviews. International Removals Dedicated move manager Door to door Self-packing or professionally packed Air freight or sea freight international container shipping full load and part [&hellip;]<\/p>\n","protected":false},"author":1,"featured_media":0,"parent":0,"menu_order":0,"comment_status":"closed","ping_status":"closed","template":"","meta":{"_genesis_hide_title":false,"_genesis_hide_breadcrumbs":false,"_genesis_hide_singular_image":false,"_genesis_hide_footer_widgets":false,"_genesis_custom_body_class":"","_genesis_custom_post_class":"","_genesis_layout":"","footnotes":""},"class_list":{"0":"post-943","1":"page","2":"type-page","3":"status-publish","5":"entry"},"_links":{"self":[{"href":"https:\/\/moverdb.com\/tr\/wp-json\/wp\/v2\/pages\/943","targetHints":{"allow":["GET"]}}],"collection":[{"href":"https:\/\/moverdb.com\/tr\/wp-json\/wp\/v2\/pages"}],"about":[{"href":"https:\/\/moverdb.com\/tr\/wp-json\/wp\/v2\/types\/page"}],"author":[{"embeddable":true,"href":"https:\/\/moverdb.com\/tr\/wp-json\/wp\/v2\/users\/1"}],"replies":[{"embeddable":true,"href":"https:\/\/moverdb.com\/tr\/wp-json\/wp\/v2\/comments?post=943"}],"version-history":[{"count":5,"href":"https:\/\/moverdb.com\/tr\/wp-json\/wp\/v2\/pages\/943\/revisions"}],"predecessor-version":[{"id":6233,"href":"https:\/\/moverdb.com\/tr\/wp-json\/wp\/v2\/pages\/943\/revisions\/6233"}],"wp:attachment":[{"href":"https:\/\/moverdb.com\/tr\/wp-json\/wp\/v2\/media?parent=943"}],"curies":[{"name":"wp","href":"https:\/\/api.w.org\/{rel}","templated":true}]}}