{"id":942,"date":"2016-09-04T17:22:17","date_gmt":"2016-09-04T17:22:17","guid":{"rendered":"http:\/\/moverdb.com\/?page_id=942"},"modified":"2026-01-08T14:47:57","modified_gmt":"2026-01-08T14:47:57","slug":"sehir-tasima-depolama","status":"publish","type":"page","link":"https:\/\/moverdb.com\/tr\/city-moving-storage\/","title":{"rendered":"\u015eehir Ta\u015f\u0131ma ve Depolama: Uluslararas\u0131 Nakliye Yorumlar\u0131"},"content":{"rendered":"<p>City Moving and Storage, hem ticari hem de \u00f6zel m\u00fc\u015fterilere hem deniza\u015f\u0131r\u0131 hem de yerel ta\u015f\u0131nma hizmetleri sunmaktad\u0131r. A\u015fa\u011f\u0131da bu hizmetlerin bir listesini, \u015firket profili ve incelemelerle birlikte bulabilirsiniz.<\/p>\n<p><strong>Not:<\/strong> City Moving and Storage, City Removals ile kar\u0131\u015ft\u0131r\u0131lmamal\u0131d\u0131r, bu ayr\u0131 bir \u015firkettir ve ayn\u0131 zamanda kafa kar\u0131\u015ft\u0131r\u0131c\u0131 bir \u015fekilde <a href=\"https:\/\/moverdb.com\/tr\/uluslararasi-tasimalar\/\">uluslararasi ta\u015fimacilik<\/a>.<\/p>\n<p><strong>Ta\u015f\u0131nma Hizmetleri<\/strong><\/p>\n<ul>\n<li> Ambalaj a\u00e7ma ve enkaz kald\u0131rma Tam paketleme hizmeti<\/li>\n<li> Antika ve g\u00fczel sanat eserlerinin kasalanmas\u0131<\/li>\n<li> LCL (konteyner y\u00fck\u00fcnden daha az) veya FCL (tam konteyner y\u00fck\u00fc) ile deniz ta\u015f\u0131mac\u0131l\u0131\u011f\u0131 hizmetleri <a href=\"https:\/\/moverdb.com\/tr\/konteyner-tasimaciligi\/\">konteyner ta\u015f\u0131mac\u0131l\u0131\u011f\u0131<\/a>.<\/li>\n<li> Avrupa'ya haftal\u0131k nakliye kamyonu hizmetleri<\/li>\n<li> G\u00fcmr\u00fck i\u015flemleri ve formaliteler<\/li>\n<li> Ambalaj a\u00e7ma ve enkaz kald\u0131rma<\/li>\n<\/ul>\n<p><strong>Depolama Hizmetleri<\/strong><\/p>\n<ul>\n<li> Konteynerlerin y\u00fcklenmesi<\/li>\n<li> Ambalaj kaplar\u0131<\/li>\n<li> Kaplar\u0131 m\u00fch\u00fcrleme<\/li>\n<li> Konteynerlerin istiflenmesi<\/li>\n<\/ul>\n<h2>City Moving and Storage \u015eirket Profili<\/h2>\n<p>City Moving and Storage 1986 y\u0131l\u0131nda faaliyete ba\u015flayan \u00f6zel bir limited \u015firkettir. Merkez ofisi <a href=\"https:\/\/moverdb.com\/tr\/moving-to-london\/\">Londra<\/a> d\u00fcnyan\u0131n d\u00f6rt bir yan\u0131ndaki k\u00fcresel i\u015f ortaklar\u0131 ile. \u015eirket, ki\u015fisel ve ticari e\u015fyalar\u0131 d\u00fcnyan\u0131n d\u00f6rt bir yan\u0131na g\u00f6ndermekte ve s\u00fcreci kap\u0131dan kap\u0131ya takip eden profesyonel, iyi e\u011fitimli personele sahip olmaktan gurur duymaktad\u0131r.<\/p>\n<p>\u015eirket antikalar, sanat eserleri, piyanolar ve arabalar\u0131n d\u00fcnya \u00e7ap\u0131nda nakliyesinde uzmanla\u015fm\u0131\u015ft\u0131r. Londra'dan haftal\u0131k seferlerle \u0130skandinavya i\u00e7in uzman bir departmana sahiptir. M\u00fc\u015fteriler, yolculu\u011fun her a\u015famas\u0131nda bildirimlerle g\u00f6nderileriyle ilgili olarak tamamen g\u00fcncel tutulur. <\/p>\n<p>City Moving and Storage'\u0131n akreditasyonlar\u0131 vard\u0131r:<\/p>\n<ul>\n<li> <a href=\"https:\/\/moverdb.com\/tr\/british-association-of-removers\/\">\u0130ngiliz S\u00f6k\u00fcmc\u00fcler Birli\u011fi<\/a> (<a href=\"https:\/\/moverdb.com\/tr\/british-association-of-removers\/\" data-internallinksmanager029f6b8e52c=\"9\" title=\"\u0130ngiliz S\u00f6k\u00fcmc\u00fcler Birli\u011fi (BAR) A\u00e7\u0131klamas\u0131\">BAR<\/a>)<\/li>\n<li> <a href=\"https:\/\/moverdb.com\/tr\/fidi-faim\/\">Uluslararas\u0131 Ta\u015f\u0131mac\u0131lar Federasyonu<\/a> (<a href=\"https:\/\/moverdb.com\/tr\/fidi-faim\/\" data-internallinksmanager029f6b8e52c=\"16\" title=\"FIDI &amp; FAIM (FIDI Akredite Uluslararas\u0131 Ta\u015f\u0131mac\u0131) A\u00e7\u0131klamas\u0131\">FIDI<\/a>)<\/li>\n<li> Kalite G\u00fcvenceli Hizmet Standard\u0131 - BS EN 12522<\/li>\n<\/ul>\n<p><strong>City Moving and Storage Yorumlar\u0131<\/strong><\/p>\n<p>City Moving and Storage i\u00e7in internette olumlu veya olumsuz herhangi bir yorum bulamad\u0131k.<\/p>\n<div itemprop=\"review\" itemscope itemtype=\"http:\/\/schema.org\/Review\">\n<span itemprop=\"author\" itemscope=\"\" itemtype=\"http:\/\/schema.org\/Organization\"><span itemprop=\"name\">MoverDB.com<\/span><\/span> \u00c7evrimi\u00e7i Web Sitesi \u0130ncelemesi i\u00e7in <span itemprop=\"itemreviewed\" itemscope=\"\" itemtype=\"http:\/\/schema.org\/Brand\"><span itemprop=\"name\">\u015eehir Ta\u015f\u0131ma ve Depolama<\/span><\/span>:<\/p>\n<ol>\n<li> Web sitesinde a\u00e7\u0131k ileti\u015fim bilgileri (telefon numaras\u0131 dahil): <strong>Evet<\/strong><\/li>\n<li> Almas\u0131 kolay <a href=\"https:\/\/moverdb.com\/tr\/alintilar\/\">uluslararas\u0131 ta\u015f\u0131ma teklifleri<\/a>? (\u00c7evrimi\u00e7i tahmin talep formu): <strong>Temel<\/strong>Ana sayfalar\u0131nda bir ileti\u015fim formu var ancak fiyat teklifi sunup sunmad\u0131klar\u0131n\u0131 belirtmiyorlar.<\/li>\n<li> Web sitesinde net bilgiler: <strong>Hay\u0131r,<\/strong> Web sitesi 2008 y\u0131l\u0131nda kurulmu\u015ftur ve size \u015firket veya sunduklar\u0131 hamleler hakk\u0131nda \u00e7ok az \u015fey anlat\u0131r.<\/li>\n<li> Uluslararas\u0131 tan\u0131nm\u0131\u015f ta\u015f\u0131ma organizasyonlar\u0131na \u00fcyelik: <strong>Evet<\/strong>, yukar\u0131ya bak\u0131n.<\/li>\n<li> M\u00fc\u015fterilerin listesi ve\/veya \u00f6nceki m\u00fc\u015fteri referanslar\u0131: <strong>Hay\u0131r,<\/strong> Yine, web sitesi i\u00e7eri\u011fi asgari d\u00fczeyde ve herhangi bir m\u00fc\u015fteri referans\u0131 veya m\u00fc\u015fteri listesi i\u00e7ermiyor, ayr\u0131ca \u00e7evrimi\u00e7i olarak hi\u00e7bir inceleme mevcut g\u00f6r\u00fcnm\u00fcyor.<\/li>\n<\/ol>\n<div itemprop=\"reviewRating\" itemscope itemtype=\"http:\/\/schema.org\/Rating\"><meta itemprop=\"worstRating\" content = \"0\" \/><meta itemprop=\"bestRating\" content=\"5\" \/><meta itemprop=\"ratingValue\" content=\"2.5\"><\/div>\n<p><strong>Genel puan: 2,5\/5<\/strong><br \/>\n<strong>\u0130nceleme Tarihi:<\/strong> <span itemprop=\"datePublished\" content=\"2016-09-04\">04\/09\/2016<\/span>\n<\/div>\n<p>Hakk\u0131nda daha fazla bilgi <a href=\"https:\/\/moverdb.com\/tr\/tasinma-si%cc%87rketleri%cc%87\/\">uluslararas\u0131 ta\u015f\u0131ma \u015firketleri<\/a> ve bizim <a href=\"https:\/\/moverdb.com\/tr\/yorumlar\/\">g\u00f6zden ge\u00e7irme s\u00fcreci<\/a>.<\/p>\n<p><strong>Web sitesi:<\/strong> <a href=\"http:\/\/www.citymoving.co.uk\" target=\"_blank\" rel=\"noopener\">http:\/\/www.citymoving.co.uk<\/a><\/p>","protected":false},"excerpt":{"rendered":"<p>City Moving and Storage offer both overseas and local moves to both business and private clients. There follows a list of these services, together with a company profile and reviews. Note: City Moving and Storage, should not be confused with City Removals, which is a separate company that also confusingly offers international removals. Moving Services [&hellip;]<\/p>\n","protected":false},"author":1,"featured_media":0,"parent":0,"menu_order":0,"comment_status":"closed","ping_status":"closed","template":"","meta":{"_genesis_hide_title":false,"_genesis_hide_breadcrumbs":false,"_genesis_hide_singular_image":false,"_genesis_hide_footer_widgets":false,"_genesis_custom_body_class":"","_genesis_custom_post_class":"","_genesis_layout":"","footnotes":""},"class_list":{"0":"post-942","1":"page","2":"type-page","3":"status-publish","5":"entry"},"_links":{"self":[{"href":"https:\/\/moverdb.com\/tr\/wp-json\/wp\/v2\/pages\/942","targetHints":{"allow":["GET"]}}],"collection":[{"href":"https:\/\/moverdb.com\/tr\/wp-json\/wp\/v2\/pages"}],"about":[{"href":"https:\/\/moverdb.com\/tr\/wp-json\/wp\/v2\/types\/page"}],"author":[{"embeddable":true,"href":"https:\/\/moverdb.com\/tr\/wp-json\/wp\/v2\/users\/1"}],"replies":[{"embeddable":true,"href":"https:\/\/moverdb.com\/tr\/wp-json\/wp\/v2\/comments?post=942"}],"version-history":[{"count":5,"href":"https:\/\/moverdb.com\/tr\/wp-json\/wp\/v2\/pages\/942\/revisions"}],"predecessor-version":[{"id":6191,"href":"https:\/\/moverdb.com\/tr\/wp-json\/wp\/v2\/pages\/942\/revisions\/6191"}],"wp:attachment":[{"href":"https:\/\/moverdb.com\/tr\/wp-json\/wp\/v2\/media?parent=942"}],"curies":[{"name":"wp","href":"https:\/\/api.w.org\/{rel}","templated":true}]}}