{"id":941,"date":"2016-07-25T11:02:02","date_gmt":"2016-07-25T11:02:02","guid":{"rendered":"http:\/\/moverdb.com\/?page_id=941"},"modified":"2026-01-08T15:30:36","modified_gmt":"2026-01-08T15:30:36","slug":"united-van-lines","status":"publish","type":"page","link":"https:\/\/moverdb.com\/tr\/united-van-lines\/","title":{"rendered":"United Van Lines: Uluslararas\u0131 Ta\u015f\u0131nma Hizmetleri &amp; Yorumlar"},"content":{"rendered":"<p>United Van Lines, m\u00fc\u015fterilerine hem uluslararas\u0131 hem de \u00fclke i\u00e7inde bir\u00e7ok ta\u015f\u0131ma hizmeti sunmaktad\u0131r. <a href=\"https:\/\/moverdb.com\/tr\/moving-to-the-united-states\/\" data-internallinksmanager029f6b8e52c=\"94\" title=\"Amerika Birle\u015fik Devletleri&#039;ne mi ta\u015f\u0131n\u0131yorsunuz? 2026 Ya\u015fam Maliyetleri ve Yer De\u011fi\u015ftirme \u0130pu\u00e7lar\u0131\">ABD<\/a>. A\u015fa\u011f\u0131da bu hizmetlerin bir listesi, ayr\u0131ca \u015firket profili ve incelemeler yer almaktad\u0131r.<\/p>\n<p><strong>Uluslararas\u0131 Ta\u015f\u0131malar<\/strong><\/p>\n<ul>\n<li> Ta\u015f\u0131nma planlamas\u0131 ve haz\u0131rl\u0131\u011f\u0131<\/li>\n<li> \u0130htiya\u00e7 de\u011ferlendirmesi ve tahmini<\/li>\n<li> Destinasyon \u00f6n izleme gezisi<\/li>\n<li> Dil e\u011fitimi ve k\u00fclt\u00fcrel oryantasyon<\/li>\n<li> Hareket y\u00f6netimi<\/li>\n<li> Planlama hizmetleri<\/li>\n<li> Uluslararas\u0131 transit<\/li>\n<li> Takip ve teslimat<\/li>\n<li> Yerle\u015fim hizmetleri - bankalar, doktorlar vb.<\/li>\n<li> Vize ve g\u00f6\u00e7menlik hizmetleri<\/li>\n<li> Ticari g\u00f6\u00e7menlik s\u00fcre\u00e7leri<\/li>\n<li> Bireysel g\u00f6\u00e7menlik s\u00fcre\u00e7leri<\/li>\n<li> Bar\u0131nma yard\u0131m\u0131 - ge\u00e7ici veya kal\u0131c\u0131<\/li>\n<li> Ev bulma hizmetleri<\/li>\n<li> Ge\u00e7ici konaklama<\/li>\n<li> M\u00fclk ve kira y\u00f6netimi<\/li>\n<li> Aile yer de\u011fi\u015ftirme yard\u0131m\u0131<\/li>\n<li> Vize ve pasaport s\u00fcreci<\/li>\n<li> Partner\/e\u015f deste\u011fi<\/li>\n<li> Okul yard\u0131m\u0131<\/li>\n<li> K\u00fclt\u00fcrel ve dil e\u011fitimi<\/li>\n<li> Evcil hayvanlar\u0131n ta\u015f\u0131nmas\u0131<\/li>\n<li> Sigorta<\/li>\n<\/ul>\n<p><strong>United ile hareket edin<\/strong><\/p>\n<ul>\n<li> Yerel hamleler<\/li>\n<li> Uluslararas\u0131 ta\u015f\u0131nmalar<\/li>\n<li> Uzun mesafeli ta\u015f\u0131nmalar<\/li>\n<li> Kurumsal hamleler<\/li>\n<li> Askeri ve h\u00fck\u00fcmet hamleleri<\/li>\n<li> Otomotiv hamleleri<\/li>\n<\/ul>\n<p><strong>Paketleme ve Depolama<\/strong><\/p>\n<ul>\n<li> Kendi kendine paketleme<\/li>\n<li> \u00d6zel paketleme<\/li>\n<li> Tam hizmet paketleme<\/li>\n<li> Kendinizi paketten \u00e7\u0131kar\u0131n<\/li>\n<li> \u00d6zelle\u015ftirilmi\u015f ambalaj a\u00e7ma<\/li>\n<li> Paketten \u00e7\u0131karma i\u015flemini tamamlay\u0131n<\/li>\n<li> 90 g\u00fcnl\u00fck transit depolama<\/li>\n<li> Kasa depolama<\/li>\n<li> K\u0131sa ve uzun s\u00fcreli depolama ve antrepo<\/li>\n<\/ul>\n<h2>United Van Lines \u015eirket Profili<\/h2>\n<p>United Van Lines 1928 y\u0131l\u0131nda Cleveland'da Return Loads Service olarak a\u00e7\u0131ld\u0131, <a href=\"https:\/\/moverdb.com\/tr\/moving-to-the-united-states\/moving-to-ohio\/\" data-internallinksmanager029f6b8e52c=\"409\" title=\"Ohio&#039;ya m\u0131 ta\u015f\u0131n\u0131yorsunuz? 2026 Ya\u015fam Maliyetleri ve Yer De\u011fi\u015ftirme \u0130pu\u00e7lar\u0131\">Ohio<\/a>. \u015eirket, uluslararas\u0131 pazar\u0131 da kapsayacak \u015fekilde geni\u015fleyerek g\u00fc\u00e7lendi. 1995 y\u0131l\u0131nda ilk milyar dolarl\u0131k gelir y\u0131l\u0131n\u0131 ya\u015fad\u0131. <\/p>\n<p>United Van Lines, \u00fclkedeki nakliyecilerin pazar pay\u0131nda #1'dir.<\/p>\n<p>United'\u0131n \u00fclke \u00e7ap\u0131nda ta\u015f\u0131nma ve depolama olanaklar\u0131 sa\u011flayan 340 yerel acentesi bulunmaktad\u0131r. \u015eirket, uluslararas\u0131 ta\u015f\u0131nmalar i\u00e7in 128 \u00fclkede 1000'in \u00fczerinde profesyonel temsilci kullanmaktad\u0131r.<\/p>\n<p>United Van Lines a\u015fa\u011f\u0131daki akreditasyonlara ve ba\u011flant\u0131lara sahiptir:<\/p>\n<ul>\n<li> <a href=\"https:\/\/moverdb.com\/tr\/amsa\/\">Amerikan Ta\u015f\u0131nma ve Depolama Birli\u011fi<\/a> (<a href=\"https:\/\/moverdb.com\/tr\/amsa\/\" data-internallinksmanager029f6b8e52c=\"5\" title=\"Amerikan Ta\u015f\u0131nma ve Depolama Birli\u011fi (AMSA) A\u00e7\u0131klamas\u0131\">AMSA<\/a>)<\/li>\n<li> <a href=\"https:\/\/moverdb.com\/tr\/rim-promover\/\">ProMover<\/a> (AMSA)<\/li>\n<li> Ulusal Kalite G\u00fcvencesi ABD ISO 9001 2008<\/li>\n<li> <a href=\"https:\/\/moverdb.com\/tr\/kanada-nakliyeciler-dernegi\/\">Kanada Ta\u015f\u0131mac\u0131lar Birli\u011fi<\/a> (<a href=\"https:\/\/moverdb.com\/tr\/canadian-association-of-movers\/\" data-internallinksmanager029f6b8e52c=\"11\" title=\"Kanada Ta\u015f\u0131mac\u0131lar Birli\u011fi (CAM) A\u00e7\u0131klamas\u0131\">CAM<\/a>)<\/li>\n<\/ul>\n<h2>United Van Lines Yorumlar\u0131<\/h2>\n<p><strong>Olumlu:<\/strong><\/p>\n<ul>\n<li> \"<em>United Van Lines ve yerel ortaklar\u0131 harikayd\u0131.\"<\/em> - Julia arac\u0131l\u0131\u011f\u0131yla <a href=\"http:\/\/www.yelp.com\/user_details?userid=nPUhNLstAOJEWjHLAb1rpA\" target=\"_blank\" rel=\"noopener\">Yelp<\/a><\/li>\n<li> \"<em>Omaha'ya ta\u015f\u0131n\u0131yorsan\u0131z bu \u015firketi kullanmay\u0131 kendinize bor\u00e7lusunuz.\"<\/em> - Dean S arac\u0131l\u0131\u011f\u0131yla <a href=\"http:\/\/www.movingcompanyreviews.com\/MO\/Fenton\/united-van-lines-llc-61144\" target=\"_blank\" rel=\"noopener\">MovingCompanyReviews.com<\/a><\/li>\n<\/ul>\n<p><strong>Olumsuz:<\/strong><\/p>\n<ul>\n<li> \"<em>Korkun\u00e7 m\u00fc\u015fteri hizmetleri.\"<\/em> - Ally arac\u0131l\u0131\u011f\u0131yla <a href=\"http:\/\/www.yelp.com\/user_details?userid=ab4N7Z9Che1cq3g-QrONUw\" target=\"_blank\" rel=\"noopener\">Yelp<\/a> <\/li>\n<li> \"<em>Kabus. Ailemizi Corrigan United'dan John Silvernail ile birlikte \u00e7al\u0131\u015farak <a href=\"https:\/\/moverdb.com\/tr\/moving-to-the-united-states\/moving-to-colorado\/\" data-internallinksmanager029f6b8e52c=\"399\" title=\"Colorado&#039;ya m\u0131 ta\u015f\u0131n\u0131yorsunuz? 2026 Ya\u015fam Maliyetleri ve Yer De\u011fi\u015ftirme \u0130pu\u00e7lar\u0131\">Colorado<\/a> i\u00e7in <a href=\"https:\/\/moverdb.com\/tr\/moving-to-the-united-states\/moving-to-california\/\" data-internallinksmanager029f6b8e52c=\"330\" title=\"Kaliforniya&#039;ya Ta\u015f\u0131nmak m\u0131? 2026 Ya\u015fam Maliyetleri ve Yer De\u011fi\u015ftirme \u0130pu\u00e7lar\u0131\">Kaliforniya<\/a> Haziran 2014'te.\"<\/em> - Gaea M arac\u0131l\u0131\u011f\u0131yla <a href=\"http:\/\/www.movingcompanyreviews.com\/MO\/Fenton\/united-van-lines-llc-61144\" target=\"_blank\" rel=\"noopener\">MovingCompanyReviews.com<\/a><\/li>\n<\/ul>\n<div itemprop=\"review\" itemscope itemtype=\"http:\/\/schema.org\/Review\">\n<span itemprop=\"author\" itemscope=\"\" itemtype=\"http:\/\/schema.org\/Organization\"><span itemprop=\"name\">MoverDB.com<\/span><\/span> \u00c7evrimi\u00e7i Web Sitesi \u0130ncelemesi i\u00e7in <span itemprop=\"itemreviewed\" itemscope=\"\" itemtype=\"http:\/\/schema.org\/Brand\"><span itemprop=\"name\">United Van Lines<\/span><\/span>:<\/p>\n<ol>\n<li> Web sitesinde a\u00e7\u0131k ileti\u015fim bilgileri (telefon numaras\u0131 dahil): <strong>Evet<\/strong><\/li>\n<li> Almas\u0131 kolay <a href=\"https:\/\/moverdb.com\/tr\/alintilar\/\">uluslararas\u0131 ta\u015f\u0131ma teklifleri<\/a>? (\u00c7evrimi\u00e7i tahmin talep formu): <strong>Evet<\/strong><\/li>\n<li> Web sitesinde net bilgiler: <strong>Evet.<\/strong> Web sitesi, \u015firketin sundu\u011fu t\u00fcm hizmetleri a\u00e7\u0131k\u00e7a ortaya koyuyor.<\/li>\n<li> Uluslararas\u0131 tan\u0131nm\u0131\u015f ta\u015f\u0131ma organizasyonlar\u0131na \u00fcyelik: <strong>Evet<\/strong>, (yukar\u0131ya bak\u0131n)<\/li>\n<li> M\u00fc\u015fterilerin listesi ve\/veya \u00f6nceki m\u00fc\u015fteri referanslar\u0131. <strong>Evet,<\/strong> Burke Inc. \u015firketin m\u00fc\u015fteri memnuniyeti sayfalar\u0131n\u0131 ba\u011f\u0131ms\u0131z olarak denetlemi\u015ftir ve bunlara dayanarak \u015firket 5 \u00fczerinden 4,22 m\u00fc\u015fteri memnuniyeti oran\u0131na sahiptir.<\/li>\n<\/ol>\n<div itemprop=\"reviewRating\" itemscope itemtype=\"http:\/\/schema.org\/Rating\"><meta itemprop=\"worstRating\" content = \"0\" \/><meta itemprop=\"bestRating\" content=\"5\" \/><meta itemprop=\"ratingValue\" content=\"5\"><\/div>\n<p><strong>Genel puan: 5\/5<\/strong><br \/>\n<strong>\u0130nceleme Tarihi:<\/strong> <span itemprop=\"datePublished\" content=\"2016-07-25\">25\/07\/2016<\/span>\n<\/div>\n<p>Hakk\u0131nda daha fazlas\u0131n\u0131 okuyun <a href=\"https:\/\/moverdb.com\/tr\/tasinma-si%cc%87rketleri%cc%87\/\">uluslararas\u0131 ta\u015f\u0131ma \u015firketleri<\/a>, <a href=\"https:\/\/moverdb.com\/tr\/us-canada-movers\/\">ev ta\u015fima \u015fi\u0307rketleri\u0307<\/a> ve bizim <a href=\"https:\/\/moverdb.com\/tr\/yorumlar\/\">i\u0307nceleme s\u00fcreci\u0307 a\u00e7iklandi<\/a>.<\/p>\n<p><strong>Web siteleri:<\/strong> ABD: <a href=\"http:\/\/www.unitedvanlines.com\/\" target=\"_blank\" rel=\"noopener\">http:\/\/www.unitedvanlines.com\/<\/a>; <a href=\"https:\/\/moverdb.com\/tr\/moving-to-canada\/\" data-internallinksmanager029f6b8e52c=\"265\" title=\"Kanada&#039;ya Ta\u015f\u0131nmak m\u0131? 2026 Ya\u015fam Maliyetleri ve Yer De\u011fi\u015ftirme \u0130pu\u00e7lar\u0131\">Kanada<\/a>: <a href=\"http:\/\/www.uvl.ca\/\" target=\"_blank\" rel=\"noopener\">http:\/\/www.uvl.ca\/<\/a> <\/p>","protected":false},"excerpt":{"rendered":"<p>United Van Lines offers its clients many moving services both international and within the US. Below is a list of these services, plus a company profile and reviews. International Moves Move planning and preparation Needs assessment and estimate Destination preview trip Language training and cultural orientation Move management Planning services International transit Tracking and delivery [&hellip;]<\/p>\n","protected":false},"author":1,"featured_media":0,"parent":0,"menu_order":0,"comment_status":"closed","ping_status":"closed","template":"","meta":{"_genesis_hide_title":false,"_genesis_hide_breadcrumbs":false,"_genesis_hide_singular_image":false,"_genesis_hide_footer_widgets":false,"_genesis_custom_body_class":"","_genesis_custom_post_class":"","_genesis_layout":"","footnotes":""},"class_list":{"0":"post-941","1":"page","2":"type-page","3":"status-publish","5":"entry"},"_links":{"self":[{"href":"https:\/\/moverdb.com\/tr\/wp-json\/wp\/v2\/pages\/941","targetHints":{"allow":["GET"]}}],"collection":[{"href":"https:\/\/moverdb.com\/tr\/wp-json\/wp\/v2\/pages"}],"about":[{"href":"https:\/\/moverdb.com\/tr\/wp-json\/wp\/v2\/types\/page"}],"author":[{"embeddable":true,"href":"https:\/\/moverdb.com\/tr\/wp-json\/wp\/v2\/users\/1"}],"replies":[{"embeddable":true,"href":"https:\/\/moverdb.com\/tr\/wp-json\/wp\/v2\/comments?post=941"}],"version-history":[{"count":10,"href":"https:\/\/moverdb.com\/tr\/wp-json\/wp\/v2\/pages\/941\/revisions"}],"predecessor-version":[{"id":6249,"href":"https:\/\/moverdb.com\/tr\/wp-json\/wp\/v2\/pages\/941\/revisions\/6249"}],"wp:attachment":[{"href":"https:\/\/moverdb.com\/tr\/wp-json\/wp\/v2\/media?parent=941"}],"curies":[{"name":"wp","href":"https:\/\/api.w.org\/{rel}","templated":true}]}}