{"id":939,"date":"2016-09-23T06:49:42","date_gmt":"2016-09-23T06:49:42","guid":{"rendered":"http:\/\/moverdb.com\/?page_id=939"},"modified":"2026-01-08T13:18:21","modified_gmt":"2026-01-08T13:18:21","slug":"gerson-relocation","status":"publish","type":"page","link":"https:\/\/moverdb.com\/tr\/gerson-relocation\/","title":{"rendered":"Gerson Relocation: Uluslararas\u0131 Ta\u015f\u0131nma ve Nakliye Yorumlar\u0131"},"content":{"rendered":"<p>Gerson Relocation, m\u00fc\u015fterilerine ister yurt d\u0131\u015f\u0131na ister yerel olarak ta\u015f\u0131n\u0131yor olsunlar, \u00e7e\u015fitli hizmetler sunmaktad\u0131r. Sunulan hizmetlerin listesini bir \u015firket profili ve incelemeler takip etmektedir.<\/p>\n<p><strong>Kurumsal Hizmetler\/Destek<\/strong><\/p>\n<ul>\n<li> Ta\u015f\u0131nmay\u0131 koordine etmek i\u00e7in \u00f6zel ta\u015f\u0131nma y\u00f6neticisi<\/li>\n<li> Profesyonel anket<\/li>\n<li> Paketleme<\/li>\n<li> <a href=\"https:\/\/moverdb.com\/tr\/konteyner-tasimaciligi\/\">Deniz, hava veya karayolu ile nakliye<\/a><\/li>\n<li> Gerekirse ambalaj\u0131ndan \u00e7\u0131karma<\/li>\n<li> Geri d\u00f6n\u00fc\u015f\u00fcm i\u00e7in ambalaj malzemelerini temizleyin<\/li>\n<li> Gerekirse depolama<\/li>\n<li> Sigorta<\/li>\n<\/ul>\n<p><strong>Ismarlama Yer De\u011fi\u015ftirme \u00c7\u00f6z\u00fcmleri<\/strong><\/p>\n<ul>\n<li> Bilgi paketleri<\/li>\n<li> K\u00fclt\u00fcrel e\u011fitim<\/li>\n<li> Oryantasyon\/G\u00f6rme ziyaretleri<\/li>\n<li> E\u011fitim tavsiyeleri<\/li>\n<li> Ge\u00e7ici konaklama<\/li>\n<li> Ev arama<\/li>\n<li> Kira pazarl\u0131\u011f\u0131<\/li>\n<li> M\u00fclklere giri\u015f \/ \u00e7\u0131k\u0131\u015f<\/li>\n<li> Mobilya kiralama<\/li>\n<li> Yerle\u015fmek<\/li>\n<li> Ortak yard\u0131m\u0131<\/li>\n<li> Dil e\u011fitimi<\/li>\n<\/ul>\n<p><strong>\u00d6zel Ta\u015f\u0131nma<\/strong><\/p>\n<ul>\n<li> \u00d6zel ta\u015f\u0131nma y\u00f6neticisi<\/li>\n<li> Anket<\/li>\n<li> Profesyonel paketleme<\/li>\n<li> E\u015fyalar\u0131n deniz, hava veya karayolu ile ta\u015f\u0131nmas\u0131<\/li>\n<li> G\u00fcmr\u00fck i\u015flemleri<\/li>\n<li> E\u015fyalar\u0131n paketten \u00e7\u0131kar\u0131lmas\u0131<\/li>\n<li> Ambalaj malzemelerinin geri d\u00f6n\u00fc\u015f\u00fcm\u00fc<\/li>\n<li> Gerekirse depolama<\/li>\n<li> Sigorta ayarland\u0131<\/li>\n<\/ul>\n<p><strong>Depolama Hizmetleri<\/strong><\/p>\n<ul>\n<li> Tam depolama hizmeti<\/li>\n<li> Kendi kendine depolama<\/li>\n<li> \u00d6\u011frenciler i\u00e7in depolama<\/li>\n<li> Ticari depolama<\/li>\n<li> K\u0131sa veya uzun vadeli<\/li>\n<li> 24 saat CCTV<\/li>\n<\/ul>\n<h2>Gerson Relocation \u015eirket Profili<\/h2>\n<p>Gerson Relocation 1961 y\u0131l\u0131nda kurulmu\u015ftur ve amac\u0131 m\u00fc\u015fterilerine di\u011fer kurulu\u015flarda bulunmayan son derece ki\u015fiselle\u015ftirilmi\u015f bir hizmet sunmakt\u0131r. \u015eirket bunu s\u0131k\u0131 kalite kontrol\u00fc ve baz\u0131lar\u0131 onlarca y\u0131ld\u0131r \u015firkette \u00e7al\u0131\u015fan profesyonel, iyi e\u011fitimli personeli sayesinde ba\u015farmaktad\u0131r.<\/p>\n<p>Gerson Relocation ayr\u0131ca i\u015flerinin temiz ve \u00e7evreye duyarl\u0131 bir \u015fekilde y\u00fcr\u00fct\u00fclmesi konusunda da kararl\u0131d\u0131r. \u00dc\u00e7 hay\u0131r kurumunu desteklemekte ve \u00e7al\u0131\u015fanlar\u0131na bu ama\u00e7lara katk\u0131da bulunabilmeleri i\u00e7in iki g\u00fcn \u00fccretli izin vermektedir.<\/p>\n<p>Bug\u00fcn, Gerson Relocation \u015fu \u015firketin bir yan kurulu\u015fudur <a href=\"https:\/\/moverdb.com\/tr\/abels-removals\/\">Abels Ta\u015f\u0131nma Hizmetleri<\/a> Ltd, son derece ba\u015far\u0131l\u0131 bir aile \u015firketi olup 1988 y\u0131l\u0131nda HM The Queen taraf\u0131ndan Kraliyet Emri ile \u00f6d\u00fcllendirilmi\u015ftir. M\u00fc\u015fterilere g\u00f6nderilen anketlere dayanarak, \u015firket 2015 ve 2016 y\u0131llar\u0131 i\u00e7in 98% m\u00fc\u015fteri memnuniyeti derecesi elde etmi\u015ftir.<\/p>\n<p>Gerson Relocation akreditasyonlar\u0131 ve ba\u011flant\u0131lar\u0131: <\/p>\n<ul>\n<li> <a href=\"https:\/\/moverdb.com\/tr\/british-association-of-removers\/\">\u0130ngiliz S\u00f6k\u00fcmc\u00fcler Birli\u011fi<\/a> (<a href=\"https:\/\/moverdb.com\/tr\/british-association-of-removers\/\" data-internallinksmanager029f6b8e52c=\"9\" title=\"\u0130ngiliz S\u00f6k\u00fcmc\u00fcler Birli\u011fi (BAR) A\u00e7\u0131klamas\u0131\">BAR<\/a>)<\/li>\n<li> <a href=\"https:\/\/moverdb.com\/tr\/harmony-relocation-network\/\">Harmony Yer De\u011fi\u015ftirme A\u011f\u0131<\/a> (<a href=\"https:\/\/moverdb.com\/tr\/harmony-relocation-network\/\" data-internallinksmanager029f6b8e52c=\"20\" title=\"Harmony Relocation Network (HRN) A\u00e7\u0131klamas\u0131\">HRN<\/a>)<\/li>\n<li> <a href=\"https:\/\/moverdb.com\/tr\/eura\/\">Avrupa Yer De\u011fi\u015ftirme Derne\u011fi<\/a> (<a href=\"https:\/\/moverdb.com\/tr\/eura\/\" data-internallinksmanager029f6b8e52c=\"13\" title=\"Avrupa Yer De\u011fi\u015ftirme Birli\u011fi (EuRA) A\u00e7\u0131klamas\u0131\">EuRA<\/a>)<\/li>\n<li> <a href=\"https:\/\/moverdb.com\/tr\/fidi-faim\/\">FIDI<\/a><\/li>\n<li> <a href=\"https:\/\/moverdb.com\/tr\/fidi-faim\/\" data-internallinksmanager029f6b8e52c=\"16\" title=\"FIDI &amp; FAIM (FIDI Akredite Uluslararas\u0131 Ta\u015f\u0131mac\u0131) A\u00e7\u0131klamas\u0131\">FAIM<\/a><\/li>\n<li> <a href=\"https:\/\/moverdb.com\/tr\/mtc\/\">The Movers Trading Club<\/a> (<a href=\"https:\/\/moverdb.com\/tr\/mtc\/\" data-internallinksmanager029f6b8e52c=\"30\" title=\"Movers Trading Club (MTC) A\u00e7\u0131klamas\u0131\">MTC<\/a>)<\/li>\n<\/ul>\n<h2>Gerson Relocation Yorumlar\u0131<\/h2>\n<p><strong>Pozitif<\/strong><\/p>\n<ul>\n<li>  \"<em>Ta\u015f\u0131nma ekibimizden daha iyi bir hizmet isteyemezdik.\"<\/em> - Bayan K. L. arac\u0131l\u0131\u011f\u0131yla <a href=\"http:\/\/www.gersonrelocation.com\/voice-of-the-customer\/\" target=\"_blank\" rel=\"noopener\">Mutlu M\u00fc\u015fteriler sayfas\u0131<\/a> <\/li>\n<\/ul>\n<p><strong>Negatif<\/strong><\/p>\n<p>Gerson Relocation i\u00e7in internette herhangi bir olumsuz yorum bulamad\u0131k.<\/p>\n<div itemprop=\"review\" itemscope itemtype=\"http:\/\/schema.org\/Review\">\n<span itemprop=\"author\" itemscope=\"\" itemtype=\"http:\/\/schema.org\/Organization\"><span itemprop=\"name\">MoverDB.com<\/span><\/span> \u00c7evrimi\u00e7i Web Sitesi \u0130ncelemesi i\u00e7in <span itemprop=\"itemreviewed\" itemscope=\"\" itemtype=\"http:\/\/schema.org\/Brand\"><span itemprop=\"name\">Gerson Relocation<\/span><\/span>:<\/p>\n<ol>\n<li> Web sitesinde a\u00e7\u0131k ileti\u015fim bilgileri (telefon numaras\u0131 dahil): <strong>Evet<\/strong><\/li>\n<li> Almas\u0131 kolay <a href=\"https:\/\/moverdb.com\/tr\/alintilar\/\">uluslararas\u0131 ta\u015f\u0131mac\u0131l\u0131k teklifleri<\/a>? (\u00c7evrimi\u00e7i tahmin talep formu): <strong>Evet<\/strong><\/li>\n<li> Web sitesinde net bilgiler: <strong>Evet,<\/strong> Web sitesi olduk\u00e7a ayr\u0131nt\u0131l\u0131d\u0131r ve potansiyel m\u00fc\u015fterilere hangi hizmetleri bekleyecekleri konusunda iyi bir fikir verir.<\/li>\n<li> Uluslararas\u0131 tan\u0131nm\u0131\u015f ta\u015f\u0131ma organizasyonlar\u0131na \u00fcyelik: <strong>Evet<\/strong><\/li>\n<li> M\u00fc\u015fterilerin listesi ve\/veya \u00f6nceki m\u00fc\u015fteri referanslar\u0131: <strong>Evet<\/strong>, Web sitesinde bir\u00e7ok olumlu m\u00fc\u015fteri referans\u0131 bulunmaktad\u0131r.<\/li>\n<\/ol>\n<div itemprop=\"reviewRating\" itemscope itemtype=\"http:\/\/schema.org\/Rating\"><meta itemprop=\"worstRating\" content = \"0\" \/><meta itemprop=\"bestRating\" content=\"5\" \/><meta itemprop=\"ratingValue\" content=\"5\"><\/div>\n<p><strong>Genel puan: 5\/5<\/strong><br \/>\n<strong>\u0130nceleme Tarihi:<\/strong> <span itemprop=\"datePublished\" content=\"2016-09-23\">23\/09\/16<\/span>\n<\/div>\n<p>Hakk\u0131nda daha fazla bilgi <a href=\"https:\/\/moverdb.com\/tr\/uluslararasi-tasimalar\/\">uluslararasi ta\u015fimacilik<\/a> ve bizim <a href=\"https:\/\/moverdb.com\/tr\/yorumlar\/\">i\u0307nceleme s\u00fcreci\u0307 a\u00e7iklandi<\/a>.<\/p>\n<p><strong>Web sitesi:<\/strong> <a href=\"http:\/\/www.gersonrelocation.com\" target=\"_blank\" rel=\"noopener\">http:\/\/www.gersonrelocation.com<\/a><\/p>","protected":false},"excerpt":{"rendered":"<p>Gerson Relocation offer their clients a variety of services, whether they are relocating abroad or locally. A company profile and reviews follow the list of services on offer. Corporate Services\/Support Dedicated move manager to coordinate the move Professional survey Packing Shipping by sea, air or road Unpacking if required Clear away packing material for recycling [&hellip;]<\/p>\n","protected":false},"author":1,"featured_media":0,"parent":0,"menu_order":0,"comment_status":"closed","ping_status":"closed","template":"","meta":{"_genesis_hide_title":false,"_genesis_hide_breadcrumbs":false,"_genesis_hide_singular_image":false,"_genesis_hide_footer_widgets":false,"_genesis_custom_body_class":"","_genesis_custom_post_class":"","_genesis_layout":"","footnotes":""},"class_list":{"0":"post-939","1":"page","2":"type-page","3":"status-publish","5":"entry"},"_links":{"self":[{"href":"https:\/\/moverdb.com\/tr\/wp-json\/wp\/v2\/pages\/939","targetHints":{"allow":["GET"]}}],"collection":[{"href":"https:\/\/moverdb.com\/tr\/wp-json\/wp\/v2\/pages"}],"about":[{"href":"https:\/\/moverdb.com\/tr\/wp-json\/wp\/v2\/types\/page"}],"author":[{"embeddable":true,"href":"https:\/\/moverdb.com\/tr\/wp-json\/wp\/v2\/users\/1"}],"replies":[{"embeddable":true,"href":"https:\/\/moverdb.com\/tr\/wp-json\/wp\/v2\/comments?post=939"}],"version-history":[{"count":3,"href":"https:\/\/moverdb.com\/tr\/wp-json\/wp\/v2\/pages\/939\/revisions"}],"predecessor-version":[{"id":6214,"href":"https:\/\/moverdb.com\/tr\/wp-json\/wp\/v2\/pages\/939\/revisions\/6214"}],"wp:attachment":[{"href":"https:\/\/moverdb.com\/tr\/wp-json\/wp\/v2\/media?parent=939"}],"curies":[{"name":"wp","href":"https:\/\/api.w.org\/{rel}","templated":true}]}}