{"id":938,"date":"2016-09-23T07:14:51","date_gmt":"2016-09-23T07:14:51","guid":{"rendered":"http:\/\/moverdb.com\/?page_id=938"},"modified":"2026-01-08T14:40:14","modified_gmt":"2026-01-08T14:40:14","slug":"anlik-yer-degistirme","status":"publish","type":"page","link":"https:\/\/moverdb.com\/tr\/momentous-relocation\/","title":{"rendered":"Momentous Relocation: International Moving &amp; Removals Yorumlar"},"content":{"rendered":"<p>Momentous Relocation, merkezi \u0130stanbul'da bulunan uluslararas\u0131 bir ta\u015f\u0131nma ve yer de\u011fi\u015ftirme uzman\u0131 \u015firketidir. <a href=\"https:\/\/moverdb.com\/tr\/moving-to-london\/\">Londra<\/a>. M\u00fc\u015fterilerine, \u015firket profili ve incelemelerle birlikte a\u015fa\u011f\u0131da listelenen bir\u00e7ok hizmet sunmaktad\u0131r.<\/p>\n<p><strong>Ta\u015f\u0131nma Hizmetleri<\/strong><\/p>\n<ul>\n<li> Ta\u015f\u0131nma \u00f6ncesi anket<\/li>\n<li> <a href=\"https:\/\/moverdb.com\/tr\/konteyner-tasimaciligi\/\">Nakliye ve hava ta\u015f\u0131mac\u0131l\u0131\u011f\u0131<\/a><\/li>\n<li> Destinasyon hizmetleri<\/li>\n<li> Sigorta hizmetleri<\/li>\n<li> Ev i\u00e7i ta\u015f\u0131nma<\/li>\n<li> G\u00fczel sanatlar nakliyesi<\/li>\n<li> Evcil hayvan ta\u015f\u0131ma hizmeti<\/li>\n<li> Eve ta\u015f\u0131nma \u00fclke rehberleri<\/li>\n<\/ul>\n<p><strong>Yer De\u011fi\u015ftirme Hizmetleri<\/strong><\/p>\n<ul>\n<li> Global Ta\u015f\u0131mac\u0131l\u0131k ve Depolama<\/li>\n<li> Vize ve g\u00f6\u00e7menlik<\/li>\n<li> Dil ve k\u00fclt\u00fcrel destek<\/li>\n<li> <a href=\"https:\/\/moverdb.com\/tr\/tasinma-maliyetleri\/\">Ya\u015fam maliyeti<\/a> ANAL\u0130Z<\/li>\n<li> Ta\u015f\u0131nan ortak deste\u011fi<\/li>\n<li> Alan y\u00f6nelimi<\/li>\n<li> Okul arama<\/li>\n<li> Ge\u00e7ici konut<\/li>\n<li> Yard\u0131m Hatt\u0131<\/li>\n<li> Ev bulma<\/li>\n<li> Yerle\u015fme yard\u0131m\u0131<\/li>\n<li> Yer de\u011fi\u015ftirme y\u00f6netimi<\/li>\n<li> Kalk\u0131\u015f hizmetleri<\/li>\n<\/ul>\n<p><strong>Depolama Hizmetleri<\/strong><\/p>\n<ul>\n<li> K\u0131sa ve uzun s\u00fcreli depolama<\/li>\n<li> Uluslararas\u0131 depolama<\/li>\n<li> Depo i\u00e7inde <a href=\"https:\/\/moverdb.com\/tr\/moving-to-the-uk\/\" data-internallinksmanager029f6b8e52c=\"93\" title=\"Birle\u015fik Krall\u0131k&#039;a m\u0131 ta\u015f\u0131n\u0131yorsunuz? 2026 Ya\u015fam Maliyetleri &amp; Yer De\u011fi\u015ftirme \u0130pu\u00e7lar\u0131\">BIRLE\u015eIK KRALLIK<\/a><\/li>\n<li> \u0130\u015f depolama<\/li>\n<li> 24 saat CCTV<\/li>\n<\/ul>\n<p><strong>Ofis Ta\u015f\u0131ma ve Yer De\u011fi\u015ftirme<\/strong><\/p>\n<ul>\n<li> Proje y\u00f6netimi<\/li>\n<li> Sand\u0131k kiralama<\/li>\n<li> Porterage<\/li>\n<li> Planlama ve lojistik<\/li>\n<li> Ki\u015fiye \u00f6zel sigorta paketleri<\/li>\n<li> Ofis mobilyas\u0131 depolama<\/li>\n<li> Belge depolama<\/li>\n<li> Ar\u015fiv depolama<\/li>\n<li> Uzman depolama<\/li>\n<li> Kurumsal sosyal sorumluluk<\/li>\n<li> Bertaraf hizmetleri<\/li>\n<li> G\u00fcvenli par\u00e7alama<\/li>\n<li> Temizlik Hizmetleri<\/li>\n<li> Ofis izinleri<\/li>\n<\/ul>\n<p><strong>G\u00fczel Sanatlar Paketleme ve Nakliye Hizmeti<\/strong><\/p>\n<ul>\n<li> Kasa yap\u0131m\u0131 ve paketleme<\/li>\n<li> Karayolu, hava veya deniz yoluyla nakliye<\/li>\n<li> Depolama<\/li>\n<li> Beyaz eldivenle paketleme<\/li>\n<li> Fuar hizmetleri<\/li>\n<\/ul>\n<p><strong>\u00d6zel Projeler<\/strong><\/p>\n<ul>\n<li> Sunucu ta\u015f\u0131mac\u0131l\u0131\u011f\u0131<\/li>\n<li> Uluslararas\u0131 ofis ta\u015f\u0131nmas\u0131<\/li>\n<li> Uzmanla\u015fm\u0131\u015f hareketler<\/li>\n<li> Ismarlama sigorta<\/li>\n<\/ul>\n<h2>Momentous Relocation \u015eirket Profili<\/h2>\n<p>Momentous Relocation uluslararas\u0131 faaliyetlerine 1978 y\u0131l\u0131nda ba\u015flam\u0131\u015ft\u0131r. Kay\u0131tl\u0131 ofisi Baker Street, Londra'dad\u0131r ve kuzey bat\u0131 Londra'da (Merkez Ofis) ve Aylesbury'de iki depolama ve ofis tesisi bulunmaktad\u0131r. <\/p>\n<p>\u015eirket ve \u00e7al\u0131\u015fanlar\u0131, m\u00fc\u015fterilerini her zaman \u00f6n planda tuttuklar\u0131n\u0131 ve her ta\u015f\u0131nman\u0131n m\u00fc\u015fteri i\u00e7in h\u0131zl\u0131 ve ac\u0131s\u0131z bir \u015fekilde ger\u00e7ekle\u015fmesi i\u00e7in \u00e7aba g\u00f6sterdiklerini s\u00f6yl\u00fcyor.<\/p>\n<p>Momentous Relocation, \u00e7al\u0131\u015fanlar\u0131n\u0131, m\u00fc\u015fterilerini, \u00e7evreyi ve toplumu kapsayan kapsaml\u0131 bir kurumsal sosyal sorumluluk program\u0131na sahiptir.<\/p>\n<p>Momentous Relocation'\u0131n ba\u011flant\u0131lar\u0131 ve akreditasyonlar\u0131:<\/p>\n<ul>\n<li> <a href=\"https:\/\/moverdb.com\/tr\/fidi-faim\/\">FIDI<\/a><\/li>\n<li> <a href=\"https:\/\/moverdb.com\/tr\/fidi-faim\/\">FAIM Plus<\/a><\/li>\n<li> <a href=\"https:\/\/moverdb.com\/tr\/british-association-of-removers\/\">\u0130ngiliz S\u00f6k\u00fcmc\u00fcler Birli\u011fi<\/a> (<a href=\"https:\/\/moverdb.com\/tr\/british-association-of-removers\/\" data-internallinksmanager029f6b8e52c=\"9\" title=\"\u0130ngiliz S\u00f6k\u00fcmc\u00fcler Birli\u011fi (BAR) A\u00e7\u0131klamas\u0131\">BAR<\/a>)<\/li>\n<li> <a href=\"https:\/\/moverdb.com\/tr\/bar-overseas\/\">\u0130ngiliz Nakliyeciler Derne\u011fi Yurtd\u0131\u015f\u0131 Grubu<\/a><\/li>\n<li> <a href=\"https:\/\/moverdb.com\/tr\/mtc\/\">The Movers Trading Club<\/a> (<a href=\"https:\/\/moverdb.com\/tr\/mtc\/\" data-internallinksmanager029f6b8e52c=\"30\" title=\"Movers Trading Club (MTC) A\u00e7\u0131klamas\u0131\">MTC<\/a>)<\/li>\n<li> <a href=\"https:\/\/moverdb.com\/tr\/eura\/\">EuRA<\/a><\/li>\n<li> ISO akreditasyonlar\u0131<\/li>\n<\/ul>\n<h2>Momentous Relocation Yorumlar\u0131<\/h2>\n<p><strong>Olumlu:<\/strong><\/p>\n<ul>\n<li> \"<em>Her a\u00e7\u0131dan ola\u011fan\u00fcst\u00fc bir hareket, hizmetten yeterince \u00f6vg\u00fcyle s\u00f6z edemem. Gelecekte soran herkese tavsiye edece\u011fim. Cikis ve Scott harikayd\u0131!\"<\/em> \u00fczerinden <a href=\"http:\/\/www.momentousrelocation.com\/about-us\/what-our-customers-say-momentous-relocation-reviews\/\" target=\"_blank\" rel=\"noopener\">Momentous M\u00fc\u015fterilerimiz Ne Diyor Sayfas\u0131<\/a><\/li>\n<li> <em>\"Momentous beni ikinci kez ta\u015f\u0131d\u0131, onlar\u0131 yeterince tavsiye edemem.\"<\/em> - \u00fczerinden <a href=\"http:\/\/moveaide.com\/movers\/momentous-relocation-london-uk-mover-review\" target=\"_blank\" rel=\"noopener\">MoveAid.com<\/a><\/li>\n<li> <em>\"Birle\u015fik Krall\u0131k'tan <a href=\"https:\/\/moverdb.com\/tr\/moving-to-germany\/\" data-internallinksmanager029f6b8e52c=\"321\" title=\"Almanya&#039;ya m\u0131 ta\u015f\u0131n\u0131yorsunuz? 2026 Ya\u015fam Maliyetleri &amp; Yer De\u011fi\u015ftirme \u0130pu\u00e7lar\u0131\">Almanya<\/a>. Hizmet \u00e7ok profesyoneldi, Birle\u015fik Krall\u0131k'taki organizasyon ekibi yard\u0131msever ve esnekti.\"<\/em> - Ursula arac\u0131l\u0131\u011f\u0131yla <a href=\"https:\/\/www.facebook.com\/pg\/momentousltd\/reviews\/\" target=\"_blank\" rel=\"noopener\">Facebook<\/a><\/li>\n<li> <em>\"Harika bir hizmet! Ekip, Scott ve Darren kibar ve \u00e7ok profesyoneldi, her \u015feyi \u00e7ok verimli bir \u015fekilde paketlediler, hal\u0131lar\u0131m\u0131n tamamen korunmas\u0131 i\u00e7in zemin koruyucular\u0131 bile kulland\u0131lar.\"<\/em> - Evelynn arac\u0131l\u0131\u011f\u0131yla <a href=\"http:\/\/www.removalreviews.co.uk\/movers\/momentous-relocation-215#8293\" target=\"_blank\" rel=\"noopener\">RemovalReviews.com<\/a><\/li>\n<\/ul>\n<p><strong>Negatif<\/strong><\/p>\n<ul>\n<li> <em>\"Param\u0131 ald\u0131ktan sonra berbat bir hizmet sunan (bir k\u0131sm\u0131 ortaklar\u0131n\u0131n hatas\u0131 olan) bu i\u015fletmeyle korkun\u00e7 bir deneyim ya\u015fad\u0131m, ancak herhangi bir sorumluluk veya sahiplik almay\u0131 ya da yanl\u0131\u015f monte edilen mobilyalar nedeniyle bir aile \u00fcyesinin ba\u015f\u0131na gelen ciddi bir kazay\u0131 i\u00e7eren olaylar\u0131 reddettiler.\"<\/em> - James arac\u0131l\u0131\u011f\u0131yla <a href=\"http:\/\/moveaide.com\/movers\/momentous-relocation-london-uk-mover-review\" target=\"_blank\" rel=\"noopener\">MoveAid.com<\/a><\/li>\n<li> <em>\u00d6nemli ta\u015f\u0131nmalar en k\u00f6t\u00fcs\u00fcd\u00fcr <a href=\"https:\/\/moverdb.com\/tr\/international-removals\/\" data-internallinksmanager029f6b8e52c=\"27\" title=\"36 \u0130ngiltere&#039;deki En \u0130yi Uluslararas\u0131 Nakliye \u015eirketleri\">nakli\u0307ye \u015fi\u0307rketi\u0307<\/a> bu \u00fclkede. Sekiz y\u0131ldan k\u0131sa bir s\u00fcre i\u00e7inde 6 kez ev ta\u015f\u0131d\u0131m, bu y\u00fczden art\u0131k bu konuda deneyimli oldu\u011fumu d\u00fc\u015f\u00fcn\u00fcyorum.<\/em> \u00fczerinden <a href=\"http:\/\/www.removalreviews.co.uk\/movers\/momentous-relocation-215#714\" target=\"_blank\" rel=\"noopener\">RemovalReviews.com<\/a><\/li>\n<\/ul>\n<div itemprop=\"review\" itemscope itemtype=\"http:\/\/schema.org\/Review\">\n<span itemprop=\"author\" itemscope=\"\" itemtype=\"http:\/\/schema.org\/Organization\"><span itemprop=\"name\">MoverDB.com<\/span><\/span> \u00c7evrimi\u00e7i Web Sitesi \u0130ncelemesi i\u00e7in <span itemprop=\"itemreviewed\" itemscope=\"\" itemtype=\"http:\/\/schema.org\/Brand\"><span itemprop=\"name\">\u00d6nemli Ta\u015f\u0131nma<\/span><\/span>:<\/p>\n<ol>\n<li> Web sitesinde a\u00e7\u0131k ileti\u015fim bilgileri (telefon numaras\u0131 dahil): <strong>Evet<\/strong><\/li>\n<li> Almas\u0131 kolay <a href=\"https:\/\/moverdb.com\/tr\/alintilar\/\">uluslararas\u0131 ta\u015f\u0131mac\u0131l\u0131k teklifleri<\/a>? (\u00c7evrimi\u00e7i tahmin talep formu): <strong>Evet<\/strong><\/li>\n<li> Web sitesinde net bilgiler: <strong>Evet<\/strong>, Web sitesi sunulan hizmetleri \u00f6zetliyor ancak fazla ayr\u0131nt\u0131l\u0131 bilgi vermiyor<\/li>\n<li> Uluslararas\u0131 tan\u0131nm\u0131\u015f ta\u015f\u0131ma organizasyonlar\u0131na \u00fcyelik: <strong>Evet<\/strong><\/li>\n<li> M\u00fc\u015fterilerin listesi ve\/veya \u00f6nceki m\u00fc\u015fteri referanslar\u0131: <strong>Evet,<\/strong> M\u00fc\u015fterilerden gelen birka\u00e7 olumlu referans var ancak m\u00fc\u015fteri listesi yok. \u015eirket ayr\u0131ca internette \u00e7o\u011funlukla olumlu yorumlar al\u0131yor.<\/li>\n<\/ol>\n<div itemprop=\"reviewRating\" itemscope itemtype=\"http:\/\/schema.org\/Rating\"><meta itemprop=\"worstRating\" content = \"0\" \/><meta itemprop=\"bestRating\" content=\"5\" \/><meta itemprop=\"ratingValue\" content=\"4.5\"><\/div>\n<p><strong>Genel puan: 4,5\/5<\/strong><br \/>\n<strong>\u0130nceleme Tarihi:<\/strong> <span itemprop=\"datePublished\" content=\"2016-09-23\">23\/09\/16<\/span>\n<\/div>\n<p>Hakk\u0131nda daha fazla bilgi <a href=\"https:\/\/moverdb.com\/tr\/uluslararasi-tasimalar\/\">nakli\u0307ye \u015fi\u0307rketleri\u0307<\/a> ve bizim <a href=\"https:\/\/moverdb.com\/tr\/yorumlar\/\">g\u00f6zden ge\u00e7irme s\u00fcreci<\/a>.<\/p>\n<p><strong>Web sitesi:<\/strong> <a href=\"http:\/\/www.momentousrelocation.com\/\" target=\"_blank\" rel=\"noopener\">http:\/\/www.momentousrelocation.com<\/a><\/p>","protected":false},"excerpt":{"rendered":"<p>Momentous Relocation is an international removal and relocation specialist company based in London. It offers its clients many services which are listed below, together with a company profile and reviews. Moving Services Pre move survey Shipping and airfreight Destination services Insurance services Domestic moving Fine art shipping Pet moving service Moving home country guides Relocation [&hellip;]<\/p>\n","protected":false},"author":1,"featured_media":0,"parent":0,"menu_order":0,"comment_status":"closed","ping_status":"closed","template":"","meta":{"_genesis_hide_title":false,"_genesis_hide_breadcrumbs":false,"_genesis_hide_singular_image":false,"_genesis_hide_footer_widgets":false,"_genesis_custom_body_class":"","_genesis_custom_post_class":"","_genesis_layout":"","footnotes":""},"class_list":{"0":"post-938","1":"page","2":"type-page","3":"status-publish","5":"entry"},"_links":{"self":[{"href":"https:\/\/moverdb.com\/tr\/wp-json\/wp\/v2\/pages\/938","targetHints":{"allow":["GET"]}}],"collection":[{"href":"https:\/\/moverdb.com\/tr\/wp-json\/wp\/v2\/pages"}],"about":[{"href":"https:\/\/moverdb.com\/tr\/wp-json\/wp\/v2\/types\/page"}],"author":[{"embeddable":true,"href":"https:\/\/moverdb.com\/tr\/wp-json\/wp\/v2\/users\/1"}],"replies":[{"embeddable":true,"href":"https:\/\/moverdb.com\/tr\/wp-json\/wp\/v2\/comments?post=938"}],"version-history":[{"count":6,"href":"https:\/\/moverdb.com\/tr\/wp-json\/wp\/v2\/pages\/938\/revisions"}],"predecessor-version":[{"id":13178,"href":"https:\/\/moverdb.com\/tr\/wp-json\/wp\/v2\/pages\/938\/revisions\/13178"}],"wp:attachment":[{"href":"https:\/\/moverdb.com\/tr\/wp-json\/wp\/v2\/media?parent=938"}],"curies":[{"name":"wp","href":"https:\/\/api.w.org\/{rel}","templated":true}]}}