{"id":927,"date":"2016-09-23T21:57:09","date_gmt":"2016-09-23T21:57:09","guid":{"rendered":"http:\/\/moverdb.com\/?page_id=927"},"modified":"2026-01-08T13:19:00","modified_gmt":"2026-01-08T13:19:00","slug":"imove-uluslararasi","status":"publish","type":"page","link":"https:\/\/moverdb.com\/tr\/imove-international\/","title":{"rendered":"IMove Uluslararas\u0131: Ta\u015f\u0131nma ve Nakliye Yorumlar\u0131"},"content":{"rendered":"<p>IMove International'\u0131n merkezi Surrey'de bulunmaktad\u0131r. M\u00fc\u015fterilerine yurtd\u0131\u015f\u0131na ta\u015f\u0131nmalar\u0131na yard\u0131mc\u0131 olmak i\u00e7in bir dizi hizmet sunmaktad\u0131r. Bunlar a\u015fa\u011f\u0131da bir \u015firket profili ve incelemelerle birlikte listelenmi\u015ftir.<\/p>\n<p><strong><a href=\"https:\/\/moverdb.com\/tr\/international-removals\/\" data-internallinksmanager029f6b8e52c=\"27\" title=\"36 \u0130ngiltere&#039;deki En \u0130yi Uluslararas\u0131 Nakliye \u015eirketleri\">Uluslararas\u0131 Ta\u015f\u0131malar<\/a><\/strong><\/p>\n<ul>\n<li> Ki\u015fisel ta\u015f\u0131nma koordinat\u00f6r\u00fc<\/li>\n<li> Kap\u0131dan kap\u0131ya<\/li>\n<li> Kap\u0131dan <a href=\"https:\/\/moverdb.com\/tr\/top-49-container-ports\/\" data-internallinksmanager029f6b8e52c=\"80\" title=\"2025 Y\u0131l\u0131nda En B\u00fcy\u00fck ve En Yo\u011fun 49 Konteyner Liman\u0131\">Liman<\/a><\/li>\n<li> Hava, deniz veya karayolu<\/li>\n<li> \u015eirket ta\u015f\u0131nmalar\u0131<\/li>\n<li> <a href=\"https:\/\/moverdb.com\/tr\/araba-tasima-nakliye\/\">Motorlu ta\u015f\u0131tlar<\/a><\/li>\n<li> Tam paketleme hizmeti<\/li>\n<li> Kendi kendine paketleme<\/li>\n<li> K\u0131r\u0131lgan ambalaj<\/li>\n<li> \u00dccretsiz karton, bant ve ambalaj temini<\/li>\n<li> Ambalaj a\u00e7ma hizmeti<\/li>\n<li> Uzun ve k\u0131sa s\u00fcreli depolama <\/li>\n<li> <a href=\"https:\/\/moverdb.com\/tr\/konteyner-tasimaciligi\/\">Konteyner ta\u015f\u0131mac\u0131l\u0131\u011f\u0131<\/a><\/li>\n<li> A\u015f\u0131r\u0131 bagaj nakliyesi<\/li>\n<li> Sa\u011flanan sigorta<\/li>\n<li> G\u00fcmr\u00fck ve dok\u00fcmantasyon konusunda yard\u0131m<\/li>\n<\/ul>\n<p><strong>Di\u011fer Hizmetler<\/strong><\/p>\n<ul>\n<li> Uzun ve k\u0131sa s\u00fcreli depolama<\/li>\n<li> \u00d6\u011frenci sevkiyat\u0131 ve depolama<\/li>\n<li> <a href=\"https:\/\/moverdb.com\/tr\/car-transport-shipping\/\" data-internallinksmanager029f6b8e52c=\"2\" title=\"2026 Uluslararas\u0131 Ara\u00e7 Ta\u015f\u0131ma &amp; Ara\u00e7 Nakliye Fiyatlar\u0131\">Araba nakliyesi<\/a><\/li>\n<li> Payla\u015f\u0131lan konteyner<\/li>\n<li> \u0130hracat paketleme hizmeti<\/li>\n<li> Sand\u0131klama ve kasa yap\u0131m\u0131<\/li>\n<\/ul>\n<h2>IMove International \u015eirket Profili<\/h2>\n<p>IMove International gen\u00e7 ve \u00f6zel bir \u015firkettir ve May\u0131s 2011'de kurulmu\u015ftur. Uzman bir \u015firkettir <a href=\"https:\/\/moverdb.com\/tr\/uluslararasi-tasimalar\/\">uluslararasi ta\u015fima<\/a>nakliye ve yer de\u011fi\u015ftirme \u015firketi. <\/p>\n<p>IMove aileler, kurumsal m\u00fc\u015fteriler ve bireyler i\u00e7in ta\u015f\u0131nma organizasyonlar\u0131 d\u00fczenlemektedir. <a href=\"https:\/\/moverdb.com\/tr\/moving-to-the-uk\/\" data-internallinksmanager029f6b8e52c=\"93\" title=\"Birle\u015fik Krall\u0131k&#039;a m\u0131 ta\u015f\u0131n\u0131yorsunuz? 2026 Ya\u015fam Maliyetleri &amp; Yer De\u011fi\u015ftirme \u0130pu\u00e7lar\u0131\">BIRLE\u015eIK KRALLIK<\/a> d\u00fcnyan\u0131n d\u00f6rt bir yan\u0131ndaki \u00e7o\u011fu var\u0131\u015f noktas\u0131na.<\/p>\n<p>IMove en k\u00fc\u00e7\u00fck koliden bir ev dolusu mobilyaya kadar her \u015feyi ta\u015f\u0131r. \u015eirket, her m\u00fc\u015fterisine t\u00fcm ta\u015f\u0131nma s\u00fcreci boyunca kendileriyle irtibat kuracak ki\u015fisel bir ta\u015f\u0131nma koordinat\u00f6r\u00fc sa\u011flamaktad\u0131r.<\/p>\n<p>IMove International a\u015fa\u011f\u0131daki akreditasyonlara ve ba\u011flant\u0131lara sahiptir:<\/p>\n<ul>\n<li> ISO 9001<\/li>\n<\/ul>\n<h2>IMove Uluslararas\u0131 Yorumlar\u0131<\/h2>\n<p><strong>Olumlu:<\/strong><\/p>\n<ul>\n<li> <em>\"\u0130\u015fler sorunsuz ve verimli bir \u015fekilde y\u00fcr\u00fcd\u00fc. Hizmeti ve paras\u0131n\u0131n kar\u015f\u0131l\u0131\u011f\u0131 i\u00e7in \u015firketi kesinlikle tavsiye ederim\"<\/em> - H Fowler arac\u0131l\u0131\u011f\u0131yla <a href=\"http:\/\/www.imoveintl.com\/testimonials.htm\" target=\"_blank\" rel=\"noopener\">M\u00fc\u015fteri Yorumlar\u0131 sayfas\u0131<\/a><\/li>\n<li> \"<em>IMove'u Orlando'dan ta\u015f\u0131nma s\u00fcrecimin dakikli\u011fi, uygunlu\u011fu ve profesyonelli\u011fi i\u00e7in tebrik etmek istiyorum. <a href=\"https:\/\/moverdb.com\/tr\/moving-to-the-united-states\/moving-to-florida\/\" data-internallinksmanager029f6b8e52c=\"331\" title=\"Florida&#039;ya Ta\u015f\u0131nmak m\u0131? 2026 Ya\u015fam Maliyetleri ve Yer De\u011fi\u015ftirme \u0130pu\u00e7lar\u0131\">Florida<\/a> Kent'e g\u00f6t\u00fcr\u00fcld\u00fc.<\/em> - Annette <a href=\"http:\/\/www.removalreviews.co.uk\/movers\/imove-international-191#11473\" target=\"_blank\" rel=\"noopener\">RemovalReviews.com<\/a> <\/li>\n<li> \"<em>Bu \u015firketi kesinlikle tavsiye ederim - \u00e7ok makul maliyet, son derece h\u0131zl\u0131 ta\u015f\u0131nma ve m\u00fckemmel hizmet\"<\/em> - Johathan arac\u0131l\u0131\u011f\u0131yla <a href=\"http:\/\/www.reviews.co.uk\/company-reviews\/store\/imove-international-removals-ltd\" target=\"_blank\" rel=\"noopener\">Reviews.co.uk<\/a> <\/li>\n<\/ul>\n<p><strong>Negatif<\/strong><\/p>\n<ul>\n<li> \"<em>Her ne kadar teslimat s\u00fcresi <a href=\"https:\/\/moverdb.com\/tr\/moving-to-london\/\">Londra<\/a> i\u00e7in <a href=\"https:\/\/moverdb.com\/tr\/moving-to-switzerland\/\" data-internallinksmanager029f6b8e52c=\"327\" title=\"\u0130svi\u00e7re&#039;ye mi ta\u015f\u0131n\u0131yorsunuz? 2026 Ya\u015fam Maliyetleri &amp; Yer De\u011fi\u015ftirme \u0130pu\u00e7lar\u0131\">\u0130svi\u00e7re<\/a> h\u0131zl\u0131yd\u0131, daha de\u011ferli e\u015fyalardan biri asla teslim edilmedi\u011fi ve \"kayboldu\u011fu\" i\u00e7in bu \u015firketi kullanmalar\u0131n\u0131 kesinlikle tavsiye etmem. Bu \u00fcr\u00fcn\u00fcn kayb\u0131na ili\u015fkin ger\u00e7ek bir s\u00fcrpriz, endi\u015fe ya da \u00f6z\u00fcr yok gibi g\u00f6r\u00fcn\u00fcyordu.\"<\/em> - Bayan Laurens arac\u0131l\u0131\u011f\u0131yla <a href=\"http:\/\/www.removalreviews.co.uk\/movingreviews\/stolen-item-1264\" target=\"_blank\" rel=\"noopener\">RemovalReviews.co.uk<\/a> <\/li>\n<li> \"<em>E\u015fyalar\u0131m\u0131z toplama tarihine (02.11.2015) g\u00f6re topland\u0131 ki bu harikayd\u0131, ancak \u015fimdi Mart ay\u0131nday\u0131z ve hala kutular\u0131m\u0131z\u0131 alamad\u0131k.\"<\/em> - Samantha arac\u0131l\u0131\u011f\u0131yla <a href=\"http:\/\/www.reviews.co.uk\/company-reviews\/store\/imove-international-removals-ltd\" target=\"_blank\" rel=\"noopener\">Reviews.co.uk<\/a> <\/li>\n<\/ul>\n<div itemprop=\"review\" itemscope itemtype=\"http:\/\/schema.org\/Review\">\n<span itemprop=\"author\" itemscope=\"\" itemtype=\"http:\/\/schema.org\/Organization\"><span itemprop=\"name\">MoverDB.com<\/span><\/span> \u00c7evrimi\u00e7i Web Sitesi \u0130ncelemesi i\u00e7in <span itemprop=\"itemreviewed\" itemscope=\"\" itemtype=\"http:\/\/schema.org\/Brand\"><span itemprop=\"name\">IMove Uluslararas\u0131<\/span><\/span>:<\/p>\n<ol>\n<li> Web sitesinde a\u00e7\u0131k ileti\u015fim bilgileri (telefon numaras\u0131 dahil): <strong>Evet<\/strong><\/li>\n<li> Almas\u0131 kolay <a href=\"https:\/\/moverdb.com\/tr\/alintilar\/\">uluslararas\u0131 ta\u015f\u0131mac\u0131l\u0131k teklifleri<\/a>? (\u00c7evrimi\u00e7i tahmin talep formu): <strong>Evet<\/strong><\/li>\n<li> Web sitesinde net bilgiler: <strong>Evet<\/strong>Web sitesi, gerekli belgeler de dahil olmak \u00fczere d\u00fcnyan\u0131n \u00e7e\u015fitli \u00fclkelerine ta\u015f\u0131nma konusunda bir\u00e7ok bilgi i\u00e7ermektedir.<\/li>\n<li> Uluslararas\u0131 tan\u0131nm\u0131\u015f ta\u015f\u0131ma organizasyonlar\u0131na \u00fcyelik: <strong>K\u0131smi<\/strong>ISO kay\u0131tl\u0131 olmalar\u0131na ra\u011fmen di\u011fer akreditasyonlardan yoksun g\u00f6r\u00fcn\u00fcyorlar.<\/li>\n<li> M\u00fc\u015fterilerin listesi ve\/veya \u00f6nceki m\u00fc\u015fteri referanslar\u0131: <strong>Evet,<\/strong> Sitede \u00e7ok say\u0131da olumlu m\u00fc\u015fteri yorumu var.<\/li>\n<\/ol>\n<div itemprop=\"reviewRating\" itemscope itemtype=\"http:\/\/schema.org\/Rating\"><meta itemprop=\"worstRating\" content = \"0\" \/><meta itemprop=\"bestRating\" content=\"5\" \/><meta itemprop=\"ratingValue\" content=\"4\"><\/div>\n<p><strong>Genel puan: 4\/5<\/strong><br \/>\n<strong>\u0130nceleme Tarihi:<\/strong> <span itemprop=\"datePublished\" content=\"2016-09-23\">23\/09\/16<\/span>\n<\/div>\n<p>Hakk\u0131nda daha fazlas\u0131n\u0131 okuyun <a href=\"https:\/\/moverdb.com\/tr\/uluslararasi-tasimalar\/\">nakli\u0307ye \u015fi\u0307rketleri\u0307<\/a> ve bizim <a href=\"https:\/\/moverdb.com\/tr\/yorumlar\/\">g\u00f6zden ge\u00e7irme s\u00fcreci<\/a>.<\/p>\n<p><strong>Web sitesi:<\/strong> <a href=\"http:\/\/www.imoveintl.com\/\" target=\"_blank\" rel=\"noopener\">http:\/\/www.imoveintl.com\/<\/a><\/p>","protected":false},"excerpt":{"rendered":"<p>IMove International is based in Surrey. It offers its customers a range of services to assist with their move abroad. These are listed below, together with a company profile and reviews. International Removals Personal move coordinator Door to door Door to port Air, sea or road Company relocations Motor vehicles Full packing service Self-packing Fragile [&hellip;]<\/p>\n","protected":false},"author":1,"featured_media":0,"parent":0,"menu_order":0,"comment_status":"closed","ping_status":"closed","template":"","meta":{"_genesis_hide_title":false,"_genesis_hide_breadcrumbs":false,"_genesis_hide_singular_image":false,"_genesis_hide_footer_widgets":false,"_genesis_custom_body_class":"","_genesis_custom_post_class":"","_genesis_layout":"","footnotes":""},"class_list":{"0":"post-927","1":"page","2":"type-page","3":"status-publish","5":"entry"},"_links":{"self":[{"href":"https:\/\/moverdb.com\/tr\/wp-json\/wp\/v2\/pages\/927","targetHints":{"allow":["GET"]}}],"collection":[{"href":"https:\/\/moverdb.com\/tr\/wp-json\/wp\/v2\/pages"}],"about":[{"href":"https:\/\/moverdb.com\/tr\/wp-json\/wp\/v2\/types\/page"}],"author":[{"embeddable":true,"href":"https:\/\/moverdb.com\/tr\/wp-json\/wp\/v2\/users\/1"}],"replies":[{"embeddable":true,"href":"https:\/\/moverdb.com\/tr\/wp-json\/wp\/v2\/comments?post=927"}],"version-history":[{"count":6,"href":"https:\/\/moverdb.com\/tr\/wp-json\/wp\/v2\/pages\/927\/revisions"}],"predecessor-version":[{"id":13160,"href":"https:\/\/moverdb.com\/tr\/wp-json\/wp\/v2\/pages\/927\/revisions\/13160"}],"wp:attachment":[{"href":"https:\/\/moverdb.com\/tr\/wp-json\/wp\/v2\/media?parent=927"}],"curies":[{"name":"wp","href":"https:\/\/api.w.org\/{rel}","templated":true}]}}