{"id":925,"date":"2016-09-27T05:35:52","date_gmt":"2016-09-27T05:35:52","guid":{"rendered":"http:\/\/moverdb.com\/?page_id=925"},"modified":"2026-01-08T14:40:05","modified_gmt":"2026-01-08T14:40:05","slug":"lopa-removals","status":"publish","type":"page","link":"https:\/\/moverdb.com\/tr\/lopa-removals\/","title":{"rendered":"Lopa Removals: Uluslararas\u0131 Ta\u015f\u0131nma Yorumlar\u0131"},"content":{"rendered":"<p>Lopa Removals Romford'da yerle\u015fiktir ve m\u00fc\u015fterilerine a\u015fa\u011f\u0131da listelenen bir dizi hizmeti \u015firket profili ve incelemelerle birlikte sunar.<\/p>\n<p><strong>Avrupa ve Uluslararas\u0131 Ta\u015f\u0131malar<\/strong><\/p>\n<ul>\n<li> \u00d6zel ta\u015f\u0131nma y\u00f6neticisi<\/li>\n<li> T\u00fcm ev ta\u015f\u0131nmalar\u0131 2-5 g\u00fcn i\u00e7inde tamamlan\u0131r<\/li>\n<li> Sigorta ayarland\u0131<\/li>\n<li> GPS ara\u00e7 takibi<\/li>\n<li> Tam paketleme, k\u0131r\u0131lgan paketleme veya kendiniz yap\u0131n<\/li>\n<li> \u00dccretsiz kutular ve ambalaj malzemeleri<\/li>\n<li> Hasars\u0131zl\u0131k garantisi<\/li>\n<li> Sand\u0131klama<\/li>\n<li> Piyano gibi e\u015fyalar i\u00e7in harici asans\u00f6rler<\/li>\n<li> K\u0131smi y\u00fckler ve tam y\u00fckler<\/li>\n<li> Ambalaj a\u00e7ma hizmeti<\/li>\n<li> K\u0131sa ve uzun s\u00fcreli depolama<\/li>\n<\/ul>\n<p><strong>Depolama<\/strong><\/p>\n<ul>\n<li> K\u0131sa ve uzun vadeli<\/li>\n<li> G\u00fcvenli ve kap\u0131l\u0131<\/li>\n<li> Sigortal\u0131<\/li>\n<li> Profesyonelce istiflenmi\u015f<\/li>\n<li> E\u015fyalar\u0131n hasar ve kirden uygun \u015fekilde korunmas\u0131<\/li>\n<\/ul>\n<p><strong>Uzman Hareketleri<\/strong><\/p>\n<ul>\n<li> Sanat galerileri<\/li>\n<li> Sergiler<\/li>\n<\/ul>\n<h2>Lopa Removals \u015eirket Profili<\/h2>\n<p>Lopa Removals, uluslararas\u0131 ta\u015f\u0131nmalarda ve \u00f6zellikle Avrupa i\u00e7indeki ta\u015f\u0131nmalarda uzmanla\u015fm\u0131\u015ft\u0131r. \u015eirketin merkezi Romford'da bulunmaktad\u0131r. Bu, ana amac\u0131 Avrupa \u00fclkeleri aras\u0131ndaki mevcut ta\u015f\u0131malar\u0131 iyile\u015ftirmek olan gen\u00e7 bir \u015firkettir. <\/p>\n<p>\u00d6ne \u00e7\u0131kan memnun m\u00fc\u015fterilerden olu\u015fan uzun bir listesi vard\u0131r. Lopa Removals, ta\u015f\u0131nma \u00f6ncesinde, s\u0131ras\u0131nda ve sonras\u0131nda y\u00fcksek d\u00fczeyde m\u00fc\u015fteri hizmeti sunmaktad\u0131r. Olumlu m\u00fc\u015fteri geri bildirimleri nedeniyle, \u015fu anda a\u015fa\u011f\u0131dakiler aras\u0131ndaki ta\u015f\u0131nmalara odaklanmaktad\u0131r <a href=\"https:\/\/moverdb.com\/tr\/moving-to-london\/\">Londra<\/a>, <a href=\"https:\/\/moverdb.com\/tr\/moving-to-france\/moving-to-paris\/\" data-internallinksmanager029f6b8e52c=\"407\" title=\"Paris&#039;e mi Ta\u015f\u0131n\u0131yorsunuz? 2026 Ya\u015fam Maliyetleri &amp; Yer De\u011fi\u015ftirme \u0130pu\u00e7lar\u0131\">Paris<\/a> ve Br\u00fcksel'e ta\u015f\u0131yarak bu hamleleri piyasan\u0131n en iyisi haline getiriyor.<\/p>\n<p>Lopa Removals a\u015fa\u011f\u0131daki akreditasyonlara ve ba\u011flant\u0131lara sahiptir:<\/p>\n<ul>\n<li> Kalite Standard\u0131 ISO 9001<\/li>\n<li> <a href=\"https:\/\/moverdb.com\/tr\/british-association-of-removers\/\">\u0130ngiliz S\u00f6k\u00fcmc\u00fcler Birli\u011fi<\/a> (<a href=\"https:\/\/moverdb.com\/tr\/british-association-of-removers\/\" data-internallinksmanager029f6b8e52c=\"9\" title=\"\u0130ngiliz S\u00f6k\u00fcmc\u00fcler Birli\u011fi (BAR) A\u00e7\u0131klamas\u0131\">BAR<\/a>)<\/li>\n<\/ul>\n<h2>Lopa Removals Yorumlar\u0131<\/h2>\n<p><strong>Olumlu:<\/strong><\/p>\n<ul>\n<li> \"Lopa Nakliyat \u00e7ok iyi bir hizmet sundu ve Londra'dan Paris'e ta\u015f\u0131nmam\u0131z\u0131 sorunsuz ve stressiz hale getirdi.\" - S. Gerber arac\u0131l\u0131\u011f\u0131yla <a href=\"https:\/\/uk.trustpilot.com\/reviews\/57b199dc0000ff00097bf54d\" target=\"_blank\" rel=\"noopener\">Trustpilot<\/a><\/li>\n<\/ul>\n<p><strong>Olumsuz:<\/strong><\/p>\n<ul>\n<li> \"<em>Buradan ta\u015f\u0131n\u0131yordum. <a href=\"https:\/\/moverdb.com\/tr\/moving-to-belgium\/\" data-internallinksmanager029f6b8e52c=\"323\" title=\"Bel\u00e7ika&#039;ya m\u0131 Ta\u015f\u0131n\u0131yorsunuz? 2026 Ya\u015fam Maliyetleri &amp; Yer De\u011fi\u015ftirme \u0130pu\u00e7lar\u0131\">Bel\u00e7ika<\/a> ve bu adamlar\u0131 bulmaktan heyecan duydum, makul fiyatl\u0131, burada \u00e7ok iyi yorumlar ve aile sahibi ve \u00e7ok anlay\u0131\u015fl\u0131 olarak ilan edildi. Daha iyi bilmeliydim.\"<\/em> Andrei arac\u0131l\u0131\u011f\u0131yla <a href=\"https:\/\/uk.trustpilot.com\/reviews\/53ce415d0000640002999120\" target=\"_blank\" rel=\"noopener\">Trustpilot<\/a> <\/li>\n<\/ul>\n<div itemprop=\"review\" itemscope itemtype=\"http:\/\/schema.org\/Review\">\n<span itemprop=\"author\" itemscope=\"\" itemtype=\"http:\/\/schema.org\/Organization\"><span itemprop=\"name\">MoverDB.com<\/span><\/span> \u00c7evrimi\u00e7i Web Sitesi \u0130ncelemesi i\u00e7in <span itemprop=\"itemreviewed\" itemscope=\"\" itemtype=\"http:\/\/schema.org\/Brand\"><span itemprop=\"name\">Lopa Ta\u015f\u0131mac\u0131l\u0131k<\/span><\/span>:<\/p>\n<ol>\n<li> Web sitesinde a\u00e7\u0131k ileti\u015fim bilgileri (telefon numaras\u0131 dahil): <strong>Evet<\/strong><\/li>\n<li> Almas\u0131 kolay <a href=\"https:\/\/moverdb.com\/tr\/alintilar\/\">nakli\u0307ye tekli\u0307fleri\u0307<\/a>? (\u00c7evrimi\u00e7i tahmin talep formu): <strong>Evet<\/strong><\/li>\n<li> Web sitesinde net bilgiler: <strong>Biraz,<\/strong> ancak genel olarak web sitesi nispeten az bilgi i\u00e7eriyor<\/li>\n<li> Uluslararas\u0131 tan\u0131nm\u0131\u015f ta\u015f\u0131ma organizasyonlar\u0131na \u00fcyelik: <strong>Evet<\/strong><\/li>\n<li> M\u00fc\u015fterilerin listesi ve\/veya \u00f6nceki m\u00fc\u015fteri referanslar\u0131: <strong>K\u0131smi,<\/strong> Sitede bar\u0131nd\u0131r\u0131lmasalar da Trustpilot'ta olumlu bir derecelendirmeye sahipler.<\/li>\n<\/ol>\n<div itemprop=\"reviewRating\" itemscope itemtype=\"http:\/\/schema.org\/Rating\"><meta itemprop=\"worstRating\" content = \"0\" \/><meta itemprop=\"bestRating\" content=\"5\" \/><meta itemprop=\"ratingValue\" content=\"4\"><\/div>\n<p><strong>Genel puan: 4\/5<\/strong><br \/>\n<strong>\u0130nceleme Tarihi:<\/strong> <span itemprop=\"datePublished\" content=\"2016-09-27\">27\/08\/16<\/span>\n<\/div>\n<p>Hakk\u0131nda daha fazlas\u0131n\u0131 okuyun <a href=\"https:\/\/moverdb.com\/tr\/uluslararasi-tasimalar\/\">uluslararasi ta\u015fimacilik<\/a> ve bizim <a href=\"https:\/\/moverdb.com\/tr\/yorumlar\/\">g\u00f6zden ge\u00e7irme s\u00fcreci<\/a>.<\/p>\n<p><strong>Web sitesi:<\/strong> <a href=\"http:\/\/new.loparemovals.com\/\" target=\"_blank\" rel=\"noopener\">http:\/\/new.loparemovals.com\/<\/a><\/p>","protected":false},"excerpt":{"rendered":"<p>Lopa Removals is based in Romford and offers its customers a range of services which are listed below, together with a company profile and reviews. European and International Moves Dedicated move manager Full house moves complete in 2-5 days Insurance arranged GPS vehicle tracking Full packing, fragile packing or do it yourself Free boxes and [&hellip;]<\/p>\n","protected":false},"author":1,"featured_media":0,"parent":0,"menu_order":0,"comment_status":"closed","ping_status":"closed","template":"","meta":{"_genesis_hide_title":false,"_genesis_hide_breadcrumbs":false,"_genesis_hide_singular_image":false,"_genesis_hide_footer_widgets":false,"_genesis_custom_body_class":"","_genesis_custom_post_class":"","_genesis_layout":"","footnotes":""},"class_list":{"0":"post-925","1":"page","2":"type-page","3":"status-publish","5":"entry"},"_links":{"self":[{"href":"https:\/\/moverdb.com\/tr\/wp-json\/wp\/v2\/pages\/925","targetHints":{"allow":["GET"]}}],"collection":[{"href":"https:\/\/moverdb.com\/tr\/wp-json\/wp\/v2\/pages"}],"about":[{"href":"https:\/\/moverdb.com\/tr\/wp-json\/wp\/v2\/types\/page"}],"author":[{"embeddable":true,"href":"https:\/\/moverdb.com\/tr\/wp-json\/wp\/v2\/users\/1"}],"replies":[{"embeddable":true,"href":"https:\/\/moverdb.com\/tr\/wp-json\/wp\/v2\/comments?post=925"}],"version-history":[{"count":7,"href":"https:\/\/moverdb.com\/tr\/wp-json\/wp\/v2\/pages\/925\/revisions"}],"predecessor-version":[{"id":13171,"href":"https:\/\/moverdb.com\/tr\/wp-json\/wp\/v2\/pages\/925\/revisions\/13171"}],"wp:attachment":[{"href":"https:\/\/moverdb.com\/tr\/wp-json\/wp\/v2\/media?parent=925"}],"curies":[{"name":"wp","href":"https:\/\/api.w.org\/{rel}","templated":true}]}}