{"id":923,"date":"2016-08-25T14:59:50","date_gmt":"2016-08-25T14:59:50","guid":{"rendered":"http:\/\/moverdb.com\/?page_id=923"},"modified":"2026-01-08T14:40:15","modified_gmt":"2026-01-08T14:40:15","slug":"movecorp","status":"publish","type":"page","link":"https:\/\/moverdb.com\/tr\/movecorp\/","title":{"rendered":"Movecorp Uluslararas\u0131 Ta\u015f\u0131nma ve Nakliye Yorumlar\u0131"},"content":{"rendered":"<p>Movecorp'un merkezi West Midlands'dad\u0131r ve m\u00fc\u015fterilerine \u00e7e\u015fitli hizmetler sunmaktad\u0131r <a href=\"https:\/\/moverdb.com\/tr\/international-removals\/\" data-internallinksmanager029f6b8e52c=\"27\" title=\"36 \u0130ngiltere&#039;deki En \u0130yi Uluslararas\u0131 Nakliye \u015eirketleri\">uluslararasi ta\u015fimacilik<\/a> A\u015fa\u011f\u0131da \u015firket profili ve incelemelerle birlikte listelenen hizmetler.<\/p>\n<p><strong>Uluslararas\u0131 Ta\u015f\u0131malar<\/strong><\/p>\n<ul>\n<li> \u00d6zel ta\u015f\u0131nma koordinat\u00f6r\u00fc<\/li>\n<li> Kap\u0131dan kap\u0131ya<\/li>\n<li> Paketleme - tam hizmet, k\u0131r\u0131labilir e\u015fyalar veya kendiniz yap\u0131n<\/li>\n<li> Tedarik edilen ambalaj malzemeleri<\/li>\n<li> Evrak i\u015flerinde yard\u0131m<\/li>\n<li> K\u0131smi y\u00fck nakliyesi - payla\u015f\u0131ml\u0131 konteyner<\/li>\n<li> Adanm\u0131\u015f <a href=\"https:\/\/moverdb.com\/tr\/konteyner-tasimaciligi\/\">uluslararas\u0131 konteyner ta\u015f\u0131mac\u0131l\u0131\u011f\u0131<\/a><\/li>\n<li> Bir aya kadar \u00fccretsiz depolama<\/li>\n<li> Paketten \u00c7\u0131karma<\/li>\n<li> Sigorta ayarland\u0131<\/li>\n<li> Personel yer de\u011fi\u015ftirme hizmeti<\/li>\n<\/ul>\n<p><strong>Avrupa Ta\u015f\u0131nmalar\u0131<\/strong><\/p>\n<ul>\n<li> Kap\u0131dan kap\u0131ya servis<\/li>\n<li> \u00d6zel ta\u015f\u0131nma koordinat\u00f6r\u00fc<\/li>\n<li> Tam hizmet paketleme mevcut<\/li>\n<li> Tedarik edilen ambalaj malzemeleri<\/li>\n<li> Evrak i\u015flerinde yard\u0131m<\/li>\n<li> Par\u00e7a y\u00fck nakliyesi (LCL)<\/li>\n<li> \u00d6zel nakliye konteyneri<\/li>\n<li> Bir aya kadar \u00fccretsiz depolama<\/li>\n<li> Tam hizmet paket a\u00e7ma mevcut<\/li>\n<li> Sigorta ayarland\u0131<\/li>\n<\/ul>\n<p><strong>Ev Ta\u015f\u0131malar\u0131<\/strong><\/p>\n<ul>\n<li> Kap\u0131dan kap\u0131ya servis<\/li>\n<li> Tam ambalajlama ve paketleme hizmeti <\/li>\n<li> Depolama - ilk ay \u00fccretsiz<\/li>\n<li> Sigorta ayarland\u0131<\/li>\n<li> K\u0131smi y\u00fck (LCL)<\/li>\n<li> Tam Y\u00fck (FCL)<\/li>\n<li> Teslimatta ambalaj a\u00e7ma hizmeti<\/li>\n<\/ul>\n<h2>Movecorp \u015eirket Profili<\/h2>\n<p>Movecorp bir <a href=\"https:\/\/moverdb.com\/tr\/moving-to-the-uk\/\" data-internallinksmanager029f6b8e52c=\"93\" title=\"Birle\u015fik Krall\u0131k&#039;a m\u0131 ta\u015f\u0131n\u0131yorsunuz? 2026 Ya\u015fam Maliyetleri &amp; Yer De\u011fi\u015ftirme \u0130pu\u00e7lar\u0131\">BIRLE\u015eIK KRALLIK<\/a> uluslararas\u0131 ve Avrupa ta\u015f\u0131malar\u0131nda uzmanla\u015fm\u0131\u015f bir nakliye \u015firketidir. Merkez ofisinin West Midlands'da olmas\u0131, \u015firketi t\u00fcm Birle\u015fik Krall\u0131k'a hizmet vermek i\u00e7in iyi bir konuma getirmektedir. <\/p>\n<p>Movecorp haftan\u0131n her g\u00fcn\u00fc Birle\u015fik Krall\u0131k i\u00e7inde insan ta\u015f\u0131r ve Avrupa'n\u0131n t\u00fcm \u00f6nemli noktalar\u0131na haftal\u0131k teslimatlar yapar.<\/p>\n<p>Movecorp, t\u00fcm m\u00fc\u015fterileri i\u00e7in ki\u015fiselle\u015ftirilmi\u015f bir hizmet sunar ve onlar\u0131 at\u0131lan her ad\u0131mdan haberdar eder. Ger\u00e7ekle\u015ftirdikleri her ta\u015f\u0131nma i\u015fleminde dostane ve verimli yakla\u015f\u0131mlar\u0131yla gurur duymaktad\u0131rlar.<\/p>\n<p>Movecorp a\u015fa\u011f\u0131daki ba\u011flant\u0131lara ve akreditasyonlara sahiptir:<\/p>\n<ul>\n<li> <a href=\"https:\/\/moverdb.com\/tr\/iam\/\">Uluslararas\u0131 Ta\u015f\u0131mac\u0131lar Birli\u011fi<\/a> (<a href=\"https:\/\/moverdb.com\/tr\/iam\/\" data-internallinksmanager029f6b8e52c=\"23\" title=\"Uluslararas\u0131 Ta\u015f\u0131mac\u0131lar Birli\u011fi (IAM) A\u00e7\u0131klamas\u0131\">IAM<\/a>)<\/li>\n<li> <a href=\"https:\/\/moverdb.com\/tr\/rios\/\">Ta\u015f\u0131mac\u0131l\u0131k Sekt\u00f6r\u00fc Ombudsmanl\u0131k Program\u0131<\/a><\/li>\n<li> <a href=\"https:\/\/moverdb.com\/tr\/fedemac\/\">Avrupa Ta\u015f\u0131mac\u0131lar Birli\u011fi Federasyonu<\/a> (<a href=\"https:\/\/moverdb.com\/tr\/fedemac\/\" data-internallinksmanager029f6b8e52c=\"15\" title=\"Avrupa Ta\u015f\u0131mac\u0131lar Birli\u011fi Federasyonu (FEDEMAC) A\u00e7\u0131klamas\u0131\">FEDEMAC<\/a>)<\/li>\n<li> <a href=\"https:\/\/moverdb.com\/tr\/navlun-tasimacilik-dernegi\/\">Y\u00fck Ta\u015f\u0131mac\u0131l\u0131\u011f\u0131 Derne\u011fi<\/a> (<a href=\"https:\/\/moverdb.com\/tr\/freight-transport-association\/\" data-internallinksmanager029f6b8e52c=\"18\" title=\"Y\u00fck Ta\u015f\u0131mac\u0131l\u0131\u011f\u0131 Birli\u011fi (FTA) A\u00e7\u0131klamas\u0131\">FTA<\/a>)<\/li>\n<li> <a href=\"https:\/\/moverdb.com\/tr\/mtc\/\">Movers Ticaret Kul\u00fcb\u00fc<\/a> (<a href=\"https:\/\/moverdb.com\/tr\/mtc\/\" data-internallinksmanager029f6b8e52c=\"30\" title=\"Movers Trading Club (MTC) A\u00e7\u0131klamas\u0131\">MTC<\/a>)<\/li>\n<li> <a href=\"https:\/\/moverdb.com\/tr\/eurovan-movers\/\">Eurovan<\/a><\/li>\n<li> <a href=\"https:\/\/moverdb.com\/tr\/ngrs\/\">Ulusal S\u00f6k\u00fcmc\u00fcler ve Depocular Birli\u011fi<\/a> (<a href=\"https:\/\/moverdb.com\/tr\/ngrs\/\" data-internallinksmanager029f6b8e52c=\"74\" title=\"Ulusal Nakliyeciler ve Depocular Birli\u011fi (NGRS) A\u00e7\u0131klamas\u0131\">NGRS<\/a>)<\/li>\n<li> Hangisi? G\u00fcvenilir T\u00fcccar<\/li>\n<li> Kaliteli Hizmet Standartlar\u0131 - BS 8564<\/li>\n<li> CHAS<\/li>\n<\/ul>\n<h2>MoveCorp Yorumlar\u0131<\/h2>\n<p><strong>Olumlu:<\/strong><\/p>\n<ul>\n<li> <em>\"Movecorp'u \u015fiddetle tavsiye ederim. Ald\u0131\u011f\u0131m\u0131z hizmet ola\u011fan\u00fcst\u00fc ve g\u00fcler y\u00fczl\u00fcyd\u00fc.\"<\/em> - Movecorp arac\u0131l\u0131\u011f\u0131yla Ella Dennett <a href=\"http:\/\/www.movecorp.co.uk\/reviews\/\" target=\"_blank\" rel=\"noopener\">yorumlar ve m\u00fc\u015fteri\u0307 raporu sayfasi<\/a>.<\/li>\n<li> <em>\"\u00c7ok verimli, her \u015fey m\u00fckemmel bir \u015fekilde paketlenmi\u015fti ve iyi durumda geldi,\"<\/em> - Stan arac\u0131l\u0131\u011f\u0131yla <a href=\"https:\/\/www.trustpilot.com\/reviews\/579606ae0000ff00097414e9\" target=\"_blank\" rel=\"noopener\">TrustPilot<\/a> <\/li>\n<li> <em>\"Deneyimlerimiz harikayd\u0131. Ta\u015f\u0131nma koordinat\u00f6r\u00fcm\u00fcz Emma \u00e7ok yard\u0131mc\u0131 oldu ve sorular\u0131m\u0131zla zaman\u0131nda ilgilendi. Yard\u0131mlar\u0131 i\u00e7in \u00e7ok te\u015fekk\u00fcr ederiz!\"<\/em> Andrea arac\u0131l\u0131\u011f\u0131yla <a href=\"http:\/\/www.removalreviews.co.uk\/movingreviews\/great-service-11241\" target=\"_blank\" rel=\"noopener\">Kald\u0131rma Yorumlar\u0131<\/a><\/li>\n<li> <em>\"Movecorp web sitesinde gezinmek kolay ve ta\u015f\u0131nmam\u0131 organize etmeme yard\u0131mc\u0131 olacak faydal\u0131 bilgiler buldum.\"<\/em> - LisaM1983 arac\u0131l\u0131\u011f\u0131yla <a href=\"http:\/\/www.reviewcentre.com\/Removal-Companies\/MoveCorp-International-Removals-www-movecorp-co-uk-review_2305958\" target=\"_blank\" rel=\"noopener\">\u0130nceleme Merkezi<\/a><\/li>\n<li> <em>\"Movecorp'taki ekip ba\u015f\u0131ndan sonuna kadar harikayd\u0131.\"<\/em> - \u00fczerinden <a href=\"http:\/\/www.referenceline.com\/removers_removals-in-walsall-movecorpcouk-21956#GOTO178308\" target=\"_blank\" rel=\"noopener\">Referans Hatt\u0131<\/a><\/li>\n<\/ul>\n<p><strong>Olumsuz:<\/strong><\/p>\n<ul>\n<li> <em>\"Ta\u015f\u0131nmam\u0131n i\u00e7eri\u011fi \u00fc\u00e7 aydan uzun bir s\u00fcredir ellerindeydi ve daha ge\u00e7en hafta \u0130ngiltere'den ayr\u0131ld\u0131.\"<\/em> - Chuck arac\u0131l\u0131\u011f\u0131yla <a href=\"https:\/\/www.trustpilot.com\/reviews\/55f4a26f0000ff000907c3df\" target=\"_blank\" rel=\"noopener\">TrustPilot<\/a><\/li>\n<li> <em>\"\u0130nternette baz\u0131 iyi yorumlar g\u00f6rmeme ra\u011fmen, benim deneyimim ne yaz\u0131k ki olduk\u00e7a k\u00f6t\u00fcyd\u00fc.\"<\/em> - Steven Johnson arac\u0131l\u0131\u011f\u0131yla <a href=\"http:\/\/www.removalreviews.co.uk\/movingreviews\/use-at-own-risk-11126\" target=\"_blank\" rel=\"noopener\">Kald\u0131rma Yorumlar\u0131<\/a> <\/li>\n<li> <em>\"En k\u00f6t\u00fc ta\u015f\u0131nma deneyimi - kaz\u0131klanm\u0131\u015f ve aldat\u0131lm\u0131\u015f hissetmek\"<\/em> - MayVisR42 arac\u0131l\u0131\u011f\u0131yla <a href=\"http:\/\/www.reviewcentre.com\/Removal-Companies\/MoveCorp-International-Removals-www-movecorp-co-uk-review_3464277\" target=\"_blank\" rel=\"noopener\">\u0130nceleme Merkezi<\/a> <\/li>\n<\/ul>\n<div itemprop=\"review\" itemscope itemtype=\"http:\/\/schema.org\/Review\">\n<span itemprop=\"author\" itemscope=\"\" itemtype=\"http:\/\/schema.org\/Organization\"><span itemprop=\"name\">MoverDB.com<\/span><\/span> \u00c7evrimi\u00e7i Web Sitesi \u0130ncelemesi i\u00e7in <span itemprop=\"itemreviewed\" itemscope=\"\" itemtype=\"http:\/\/schema.org\/Brand\"><span itemprop=\"name\">MoveCorp<\/span><\/span>:<\/p>\n<ol>\n<li> Web sitesinde a\u00e7\u0131k ileti\u015fim bilgileri (telefon numaras\u0131 dahil)? <strong>Evet<\/strong><\/li>\n<li> Almas\u0131 kolay <a href=\"https:\/\/moverdb.com\/tr\/alintilar\/\">uluslararas\u0131 ta\u015f\u0131mac\u0131l\u0131k teklifleri<\/a>? (\u00c7evrimi\u00e7i tahmin talep formu): <strong>Evet<\/strong><\/li>\n<li> Web sitesinde net bilgiler: <strong>Hay\u0131r,<\/strong> Web sitesi, nas\u0131l fiyat teklifi al\u0131naca\u011f\u0131 ve hizmet verilen destinasyonlar d\u0131\u015f\u0131nda \u00e7ok az bilgi i\u00e7eriyor.<\/li>\n<li> Uluslararas\u0131 tan\u0131nm\u0131\u015f ta\u015f\u0131ma organizasyonlar\u0131na \u00fcyelik: <strong>Evet,<\/strong> bir\u00e7ok - yukar\u0131ya bak\u0131n<\/li>\n<li> M\u00fc\u015fterilerin listesi ve\/veya \u00f6nceki m\u00fc\u015fteri referanslar\u0131: <strong>Evet,<\/strong> Sitede bir\u00e7ok olumlu m\u00fc\u015fteri referans\u0131 var.<\/li>\n<\/ol>\n<div itemprop=\"reviewRating\" itemscope itemtype=\"http:\/\/schema.org\/Rating\"><meta itemprop=\"worstRating\" content = \"0\" \/><meta itemprop=\"bestRating\" content=\"5\" \/><meta itemprop=\"ratingValue\" content=\"4.5\"><\/div>\n<p><strong>Genel puan: 4,5\/5<\/strong><br \/>\n<strong>\u0130nceleme Tarihi:<\/strong> <span itemprop=\"datePublished\" content=\"2016-08-25\">25\/08\/2016<\/span>\n<\/div>\n<p>Hakk\u0131nda daha fazla bilgi edinin <a href=\"https:\/\/moverdb.com\/tr\/uluslararasi-tasimalar\/\">uluslararasi ta\u015fimacilik<\/a> ve bizim <a href=\"https:\/\/moverdb.com\/tr\/yorumlar\/\">g\u00f6zden ge\u00e7irme s\u00fcreci<\/a>.<\/p>\n<p><strong>Web sitesi:<\/strong> <a href=\"http:\/\/www.movecorp.co.uk\" target=\"_blank\" rel=\"noopener\">http:\/\/www.movecorp.co.uk<\/a><\/p>","protected":false},"excerpt":{"rendered":"<p>Movecorp is based in the West Midlands and offers its customers various international removals services which are listed below, together with a company profile and reviews. International Removals Dedicated move coordinator Door to door Packing &#8211; full service, fragile items or do it yourself Packing materials supplied Assistance with paperwork Part load shipping &#8211; shared [&hellip;]<\/p>\n","protected":false},"author":1,"featured_media":0,"parent":0,"menu_order":0,"comment_status":"closed","ping_status":"closed","template":"","meta":{"_genesis_hide_title":false,"_genesis_hide_breadcrumbs":false,"_genesis_hide_singular_image":false,"_genesis_hide_footer_widgets":false,"_genesis_custom_body_class":"","_genesis_custom_post_class":"","_genesis_layout":"","footnotes":""},"class_list":{"0":"post-923","1":"page","2":"type-page","3":"status-publish","5":"entry"},"_links":{"self":[{"href":"https:\/\/moverdb.com\/tr\/wp-json\/wp\/v2\/pages\/923","targetHints":{"allow":["GET"]}}],"collection":[{"href":"https:\/\/moverdb.com\/tr\/wp-json\/wp\/v2\/pages"}],"about":[{"href":"https:\/\/moverdb.com\/tr\/wp-json\/wp\/v2\/types\/page"}],"author":[{"embeddable":true,"href":"https:\/\/moverdb.com\/tr\/wp-json\/wp\/v2\/users\/1"}],"replies":[{"embeddable":true,"href":"https:\/\/moverdb.com\/tr\/wp-json\/wp\/v2\/comments?post=923"}],"version-history":[{"count":8,"href":"https:\/\/moverdb.com\/tr\/wp-json\/wp\/v2\/pages\/923\/revisions"}],"predecessor-version":[{"id":13179,"href":"https:\/\/moverdb.com\/tr\/wp-json\/wp\/v2\/pages\/923\/revisions\/13179"}],"wp:attachment":[{"href":"https:\/\/moverdb.com\/tr\/wp-json\/wp\/v2\/media?parent=923"}],"curies":[{"name":"wp","href":"https:\/\/api.w.org\/{rel}","templated":true}]}}