{"id":921,"date":"2016-08-29T20:53:00","date_gmt":"2016-08-29T20:53:00","guid":{"rendered":"http:\/\/moverdb.com\/?page_id=921"},"modified":"2026-01-08T15:20:42","modified_gmt":"2026-01-08T15:20:42","slug":"simpsons-removals","status":"publish","type":"page","link":"https:\/\/moverdb.com\/tr\/simpsons-removals\/","title":{"rendered":"Simpsons Nakliyat ve Depolama: Uluslararas\u0131 Ta\u015f\u0131nma Yorumlar\u0131"},"content":{"rendered":"<p>Simpsons Removals and Storage Ltd, Kent'te yerle\u015fiktir ve m\u00fc\u015fterilerine bir dizi <a href=\"https:\/\/moverdb.com\/tr\/international-removals\/\" data-internallinksmanager029f6b8e52c=\"27\" title=\"36 \u0130ngiltere&#039;deki En \u0130yi Uluslararas\u0131 Nakliye \u015eirketleri\">uluslararasi ta\u015fimacilik<\/a> a\u015fa\u011f\u0131da listelenen hizmetler. Ayr\u0131ca bir \u015firket profili ve incelemeler de bulunmaktad\u0131r.<\/p>\n<p><strong>Uluslararas\u0131 Ta\u015f\u0131malar<\/strong><\/p>\n<ul>\n<li> Kap\u0131dan kap\u0131ya veya var\u0131\u015f noktas\u0131nda havaalan\u0131<\/li>\n<li> Tam hizmet, k\u0131r\u0131labilir e\u015fyalar veya kendin yap paketleme<\/li>\n<li> Ambalaj malzemeleri temin edilebilir<\/li>\n<li> Hava ta\u015f\u0131mac\u0131l\u0131\u011f\u0131 veya deniz ta\u015f\u0131mac\u0131l\u0131\u011f\u0131 - <a href=\"https:\/\/moverdb.com\/tr\/konteyner-tasimaciligi\/\">uluslararas\u0131 konteyner ta\u015f\u0131mac\u0131l\u0131\u011f\u0131<\/a><\/li>\n<li> K\u00fc\u00e7\u00fck y\u00fckler i\u00e7in fazla bagaj<\/li>\n<li> Sigorta ayarland\u0131<\/li>\n<li> Terminal i\u015flemleri\/<a href=\"https:\/\/moverdb.com\/tr\/top-49-container-ports\/\" data-internallinksmanager029f6b8e52c=\"80\" title=\"2025 Y\u0131l\u0131nda En B\u00fcy\u00fck ve En Yo\u011fun 49 Konteyner Liman\u0131\">Liman<\/a> su\u00e7lamalar<\/li>\n<li> G\u00fcmr\u00fck i\u015flemleri<\/li>\n<li> Teslimat ve ambalaj a\u00e7ma<\/li>\n<li> Enkaz\u0131n kald\u0131r\u0131lmas\u0131<\/li>\n<li> Esnaf hizmetleri<\/li>\n<li> Hizmet\u00e7i servisi<\/li>\n<\/ul>\n<p><strong>Ambalaj Malzemeleri<\/strong><\/p>\n<ul>\n<li> \u00c7e\u015fitli boyutlarda ambalaj kartonlar\u0131<\/li>\n<li> Ask\u0131l\u0131 gard\u0131rop kartonlar\u0131<\/li>\n<li> Ambalaj band\u0131<\/li>\n<li> Ambalaj ka\u011f\u0131d\u0131<\/li>\n<li> Ka\u011f\u0131t battaniyeler<\/li>\n<li> Kuma\u015f transit battaniyeler<\/li>\n<li> Yatak \u00e7antalar\u0131<\/li>\n<li> Ar\u015fiv kutular\u0131<\/li>\n<li> \u0130stek \u00fczerine \u0131smarlama ah\u015fap kasalar mevcuttur - 7 g\u00fcn \u00f6nceden haber verilmesi gerekir.<\/li>\n<\/ul>\n<p><strong>Avrupa Hareketleri<\/strong><\/p>\n<ul>\n<li> Hava, deniz veya karayolu<\/li>\n<li> \u00d6zel y\u00fck hizmeti<\/li>\n<li> Par\u00e7a y\u00fckleri mevcut<\/li>\n<li> Kap\u0131dan kap\u0131ya servis mevcuttur<\/li>\n<li> Tam hizmet, k\u0131r\u0131labilir e\u015fyalar veya kendin yap paketleme<\/li>\n<li> Ambalaj malzemeleri temin edilebilir<\/li>\n<li> Sigorta ayarland\u0131<\/li>\n<li> Ambalaj a\u00e7ma hizmeti mevcuttur<\/li>\n<li> Enkaz kald\u0131rma<\/li>\n<\/ul>\n<p><strong><a href=\"https:\/\/moverdb.com\/tr\/moving-to-the-uk\/\" data-internallinksmanager029f6b8e52c=\"93\" title=\"Birle\u015fik Krall\u0131k&#039;a m\u0131 ta\u015f\u0131n\u0131yorsunuz? 2026 Ya\u015fam Maliyetleri &amp; Yer De\u011fi\u015ftirme \u0130pu\u00e7lar\u0131\">BIRLE\u015eIK KRALLIK<\/a> Ta\u015f\u0131malar<\/strong><\/p>\n<ul>\n<li> Kap\u0131dan kap\u0131ya<\/li>\n<li> Ki\u015fisel Ta\u015f\u0131malar<\/li>\n<li> Kurumsal Ta\u015f\u0131malar<\/li>\n<li> Tam hizmet, k\u0131r\u0131labilir e\u015fyalar veya kendin yap paketleme<\/li>\n<li> Ambalaj malzemeleri temin edilebilir<\/li>\n<li> Sigorta ayarland\u0131<\/li>\n<li> Ambalaj a\u00e7ma hizmeti mevcuttur<\/li>\n<li> Enkaz kald\u0131rma<\/li>\n<\/ul>\n<p><strong>Kurumsal Ta\u015f\u0131nma<\/strong><\/p>\n<ul>\n<li> Ofis ta\u015f\u0131nmas\u0131<\/li>\n<li> D\u00fcnya \u00e7ap\u0131nda kurumsal ta\u015f\u0131nmalar<\/li>\n<li> D\u00fcnya \u00e7ap\u0131nda \u00f6zel ev ta\u015f\u0131ma<\/li>\n<li> BT ta\u015f\u0131nma \u00e7\u00f6z\u00fcmleri<\/li>\n<li> Fabrika ve laboratuvar ta\u015f\u0131malar\u0131<\/li>\n<li> Ofis mobilyas\u0131 perakende sat\u0131\u015flar\u0131<\/li>\n<\/ul>\n<p><strong>Depolama<\/strong><\/p>\n<ul>\n<li> Kendi kendine depolama<\/li>\n<li> Ev tipi depolama<\/li>\n<li> Ar\u015fiv depolama<\/li>\n<li> Harici depolama<\/li>\n<li> 7\/24 CCTV<\/li>\n<\/ul>\n<h2>Simpsons Nakliyat ve Depolama<\/h2>\n<p>Simpsons Removals and Storage Ltd 1979 y\u0131l\u0131nda Barry Simpson taraf\u0131ndan kurulmu\u015ftur. Bug\u00fcn, Kent merkezli bu nakliye \u015firketi hala aile \u015firketidir ve Barry Simpson'\u0131n o\u011flu ve k\u0131z\u0131 taraf\u0131ndan i\u015fletilmektedir. <\/p>\n<p>\u015eirketin amac\u0131, yerel veya uluslararas\u0131 ta\u015f\u0131nan bireysel, kurumsal ve ticari m\u00fc\u015fterilere profesyonel ve verimli bir hizmet sunmakt\u0131r. <\/p>\n<p>Simpsons, her t\u00fcrl\u00fc ta\u015f\u0131nma ihtiyac\u0131n\u0131 kar\u015f\u0131layacak 20 ara\u00e7l\u0131k bir filoya sahiptir. Ayr\u0131ca 100.000 feet kare depo depolama alan\u0131na ve konteyner depolama i\u00e7in kullan\u0131labilecek 20.000 feet kare alana sahiptirler. <\/p>\n<p>\u015eirket \u015fu anda ta\u015f\u0131nma i\u015finde 36 y\u0131ll\u0131k deneyime sahip ve d\u00fcnyan\u0131n herhangi bir yerinde ne kadar b\u00fcy\u00fck veya k\u00fc\u00e7\u00fck olursa olsun her t\u00fcrl\u00fc ta\u015f\u0131nmay\u0131 \u00fcstlenebilecek donan\u0131ma sahip.<\/p>\n<p>Simpsons Removals and Storage a\u015fa\u011f\u0131daki akreditasyonlara ve ba\u011flant\u0131lara sahiptir:<\/p>\n<ul>\n<li> <a href=\"https:\/\/moverdb.com\/tr\/british-association-of-removers\/\">\u0130ngiliz S\u00f6k\u00fcmc\u00fcler Birli\u011fi<\/a> (<a href=\"https:\/\/moverdb.com\/tr\/british-association-of-removers\/\" data-internallinksmanager029f6b8e52c=\"9\" title=\"\u0130ngiliz S\u00f6k\u00fcmc\u00fcler Birli\u011fi (BAR) A\u00e7\u0131klamas\u0131\">BAR<\/a>)<\/li>\n<li> <a href=\"https:\/\/moverdb.com\/tr\/bar-overseas\/\">\u0130ngiliz S\u00f6k\u00fcmc\u00fcler Birli\u011fi - Deniza\u015f\u0131r\u0131 S\u00f6k\u00fcmc\u00fcler<\/a><\/li>\n<li> \u0130ngiliz Nakliyeciler Birli\u011fi - Ticari Ta\u015f\u0131nma Grubu<\/li>\n<li> <a href=\"https:\/\/moverdb.com\/tr\/iam\/\">Uluslararas\u0131 Ta\u015f\u0131mac\u0131lar Birli\u011fi<\/a> - <a href=\"https:\/\/moverdb.com\/tr\/iam\/\" data-internallinksmanager029f6b8e52c=\"23\" title=\"Uluslararas\u0131 Ta\u015f\u0131mac\u0131lar Birli\u011fi (IAM) A\u00e7\u0131klamas\u0131\">IAM<\/a><\/li>\n<li> <a href=\"https:\/\/moverdb.com\/tr\/fedemac\/\">Avrupa Ta\u015f\u0131mac\u0131lar Birli\u011fi Federasyonu<\/a> - <a href=\"https:\/\/moverdb.com\/tr\/fedemac\/\" data-internallinksmanager029f6b8e52c=\"15\" title=\"Avrupa Ta\u015f\u0131mac\u0131lar Birli\u011fi Federasyonu (FEDEMAC) A\u00e7\u0131klamas\u0131\">FEDEMAC<\/a><\/li>\n<li> Kalite G\u00fcvenceli Hizmet Standard\u0131 BS8564<\/li>\n<li> Kalite G\u00fcvenceli Hizmet Standard\u0131 BS8522 - Ticari ta\u015f\u0131ma<\/li>\n<li> Sanat ve Antika Sat\u0131c\u0131lar\u0131 Derne\u011fi - LAPADA<\/li>\n<li> Movers Traders Club (<a href=\"https:\/\/moverdb.com\/tr\/mtc\/\" data-internallinksmanager029f6b8e52c=\"30\" title=\"Movers Trading Club (MTC) A\u00e7\u0131klamas\u0131\">MTC<\/a>)<\/li>\n<\/ul>\n<h2>Simpsons Removals and Storage Yorumlar\u0131<\/h2>\n<p><strong>Olumlu:<\/strong><\/p>\n<ul>\n<li> <em>\"Simpsons'\u0131n d\u00fcn hazinelerimi teslim ederken sundu\u011fu hizmetten \u00e7ok memnun oldu\u011fumu s\u00f6ylemek istedim! E\u015fyalar\u0131m\u0131n t\u00fcm ta\u015f\u0131nma s\u00fcreci <a href=\"https:\/\/moverdb.com\/tr\/moving-to-canada\/\" data-internallinksmanager029f6b8e52c=\"265\" title=\"Kanada&#039;ya Ta\u015f\u0131nmak m\u0131? 2026 Ya\u015fam Maliyetleri ve Yer De\u011fi\u015ftirme \u0130pu\u00e7lar\u0131\">Kanada<\/a> \u0130ngiltere'ye gelmek harikayd\u0131.\"<\/em> - Jane arac\u0131l\u0131\u011f\u0131yla<a href=\"http:\/\/www.simpsons-uk.com\/testimonials\" target=\"_blank\" rel=\"noopener\"> Simpsonlar referanslar\u0131<\/a><\/li>\n<li> <em>\"Orijinal nakliye \u015firketimizle olan anla\u015fmam\u0131z\u0131 kaybettikten sonra ba\u015fka bir \u015firket aramaya ba\u015flad\u0131k. Simpsonlar en \u00f6zenli olan\u0131yd\u0131 ve sahibini g\u00f6rmek i\u00e7in g\u00f6nderdi <a href=\"https:\/\/moverdb.com\/tr\/moving-to-the-united-states\/\" data-internallinksmanager029f6b8e52c=\"94\" title=\"Amerika Birle\u015fik Devletleri&#039;ne mi ta\u015f\u0131n\u0131yorsunuz? 2026 Ya\u015fam Maliyetleri ve Yer De\u011fi\u015ftirme \u0130pu\u00e7lar\u0131\">Biz<\/a> ve i\u015fi fiyatland\u0131r.\"<\/em> - Dan arac\u0131l\u0131\u011f\u0131yla <a href=\"http:\/\/www.removalreviews.co.uk\/movingreviews\/surprisingly-good-2361\" target=\"_blank\" rel=\"noopener\">Kald\u0131rma Yorumlar\u0131<\/a><\/li>\n<li> <em>\"\u00c7ok profesyonel ve \u00e7ok g\u00fcler y\u00fczl\u00fc personel yard\u0131msever.\"<\/em> - Eros arac\u0131l\u0131\u011f\u0131yla <a href=\"https:\/\/www.reallymoving.com\/international-removals\/directory\/216\/simpsons-removals-limited\" target=\"_blank\" rel=\"noopener\">ReallyMoving.com<\/a><\/li>\n<li> <em>\"T\u00fcm s\u00fcre\u00e7ten \u00e7ok memnun kald\u0131m. \u00c7al\u0131\u015fanlar g\u00fcler y\u00fczl\u00fc ve yard\u0131mseverdi ve sevkiyat\u0131m\u0131n durumu hakk\u0131nda s\u00fcrekli bilgilendirildim.\"<\/em> - K Pryce arac\u0131l\u0131\u011f\u0131yla <a href=\"http:\/\/www.reviewcentre.com\/Removal-Companies\/Simpsons-Removals-and-Storage-Ltd-www-simpsons-uk-com-review_2646331\" target=\"_blank\" rel=\"noopener\">\u0130nceleme Merkezi<\/a> <\/li>\n<\/ul>\n<p><strong>Olumsuz:<\/strong><\/p>\n<ul>\n<li> \"<em>Asla, tekrar ediyorum ASLA, Simpsons nakliyat\u0131 kullanmay\u0131n.\"<\/em> - Ruth arac\u0131l\u0131\u011f\u0131yla <a href=\"http:\/\/www.removalreviews.co.uk\/movingreviews\/poor-delivery-men-and-customer-service-2658\" target=\"_blank\" rel=\"noopener\">Kald\u0131rma Yorumlar\u0131<\/a> <\/li>\n<li> \"<em>\u015eirket kald\u0131rma i\u015flemini ger\u00e7ekle\u015ftiremedi ve s\u00f6zle\u015fmeyi ba\u015fka bir firmaya devretti.\"<\/em> - Mistral arac\u0131l\u0131\u011f\u0131yla <a href=\"https:\/\/www.reallymoving.com\/international-removals\/directory\/216\/simpsons-removals-limited\" target=\"_blank\" rel=\"noopener\">ReallyMoving.com<\/a> <\/li>\n<li> <em>\"Bu \u015firket tam bir rezalet.\"<\/em> - \u00fczerinden <a href=\"http:\/\/www.reviewcentre.com\/Removal-Companies\/Simpsons-Removals-and-Storage-Ltd-www-simpsons-uk-com-review_4006517\" target=\"_blank\" rel=\"noopener\">\u0130nceleme Merkezi<\/a> <\/li>\n<\/ul>\n<div itemprop=\"review\" itemscope itemtype=\"http:\/\/schema.org\/Review\">\n<span itemprop=\"author\" itemscope=\"\" itemtype=\"http:\/\/schema.org\/Organization\"><span itemprop=\"name\">MoverDB.com<\/span><\/span> \u00c7evrimi\u00e7i Web Sitesi \u0130ncelemesi i\u00e7in <span itemprop=\"itemreviewed\" itemscope=\"\" itemtype=\"http:\/\/schema.org\/Brand\"><span itemprop=\"name\">Simpsons Nakliyat ve Depolama<\/span><\/span>:<\/p>\n<ol>\n<li> Web sitesinde a\u00e7\u0131k ileti\u015fim bilgileri (telefon numaras\u0131 dahil): <strong>Evet<\/strong><\/li>\n<li> Almas\u0131 kolay <a href=\"https:\/\/moverdb.com\/tr\/alintilar\/\">uluslararas\u0131 ta\u015f\u0131mac\u0131l\u0131k teklifleri<\/a>? (\u00c7evrimi\u00e7i tahmin talep formu): <strong>Evet<\/strong><\/li>\n<li> Web sitesinde net bilgiler: <strong>Evet<\/strong>ileti\u015fim bilgileri ve temel k\u0131lavuzlar \u00e7evrimi\u00e7i olarak sa\u011flanmaktad\u0131r.<\/li>\n<li> Uluslararas\u0131 tan\u0131nm\u0131\u015f ta\u015f\u0131ma organizasyonlar\u0131na \u00fcyelik: <strong>Evet<\/strong>, yukar\u0131ya bak\u0131n.<\/li>\n<li> M\u00fc\u015fterilerin listesi ve\/veya \u00f6nceki m\u00fc\u015fteri referanslar\u0131: <strong>Evet<\/strong>Sitede olumlu m\u00fc\u015fteri referanslar\u0131 var.<\/li>\n<\/ol>\n<div itemprop=\"reviewRating\" itemscope itemtype=\"http:\/\/schema.org\/Rating\"><meta itemprop=\"worstRating\" content = \"0\" \/><meta itemprop=\"bestRating\" content=\"5\" \/><meta itemprop=\"ratingValue\" content=\"4.5\"><\/div>\n<p><strong>Genel puan: 4,5\/5<\/strong><br \/>\n<strong>\u0130nceleme Tarihi:<\/strong> <span itemprop=\"datePublished\" content=\"2016-08-29\">29\/08\/2016<\/span>\n<\/div>\n<p>Hakk\u0131nda daha fazla bilgi <a href=\"https:\/\/moverdb.com\/tr\/uluslararasi-tasimalar\/\">uluslararasi ta\u015fimacilik<\/a> ve bizim <a href=\"https:\/\/moverdb.com\/tr\/yorumlar\/\">g\u00f6zden ge\u00e7irme s\u00fcreci<\/a>.<\/p>\n<p><strong>Web sitesi:<\/strong> <a href=\"http:\/\/www.simpsons-uk.com\/\" target=\"_blank\" rel=\"noopener\">http:\/\/www.simpsons-uk.com<\/a><\/p>","protected":false},"excerpt":{"rendered":"<p>Simpsons Removals and Storage Ltd is based in Kent and offers its customers a range of international removals services which are listed below. There also follows a company profile and reviews. International Removals Door to door or airport at destination Full service, fragile items or do-it-yourself packing Packing materials can be provided Air freight or [&hellip;]<\/p>\n","protected":false},"author":1,"featured_media":0,"parent":0,"menu_order":0,"comment_status":"closed","ping_status":"closed","template":"","meta":{"_genesis_hide_title":false,"_genesis_hide_breadcrumbs":false,"_genesis_hide_singular_image":false,"_genesis_hide_footer_widgets":false,"_genesis_custom_body_class":"","_genesis_custom_post_class":"","_genesis_layout":"","footnotes":""},"class_list":{"0":"post-921","1":"page","2":"type-page","3":"status-publish","5":"entry"},"_links":{"self":[{"href":"https:\/\/moverdb.com\/tr\/wp-json\/wp\/v2\/pages\/921","targetHints":{"allow":["GET"]}}],"collection":[{"href":"https:\/\/moverdb.com\/tr\/wp-json\/wp\/v2\/pages"}],"about":[{"href":"https:\/\/moverdb.com\/tr\/wp-json\/wp\/v2\/types\/page"}],"author":[{"embeddable":true,"href":"https:\/\/moverdb.com\/tr\/wp-json\/wp\/v2\/users\/1"}],"replies":[{"embeddable":true,"href":"https:\/\/moverdb.com\/tr\/wp-json\/wp\/v2\/comments?post=921"}],"version-history":[{"count":5,"href":"https:\/\/moverdb.com\/tr\/wp-json\/wp\/v2\/pages\/921\/revisions"}],"predecessor-version":[{"id":6238,"href":"https:\/\/moverdb.com\/tr\/wp-json\/wp\/v2\/pages\/921\/revisions\/6238"}],"wp:attachment":[{"href":"https:\/\/moverdb.com\/tr\/wp-json\/wp\/v2\/media?parent=921"}],"curies":[{"name":"wp","href":"https:\/\/api.w.org\/{rel}","templated":true}]}}