{"id":920,"date":"2016-09-03T16:04:22","date_gmt":"2016-09-03T16:04:22","guid":{"rendered":"http:\/\/moverdb.com\/?page_id=920"},"modified":"2026-01-08T14:47:54","modified_gmt":"2026-01-08T14:47:54","slug":"burke-bros","status":"publish","type":"page","link":"https:\/\/moverdb.com\/tr\/burke-bros\/","title":{"rendered":"Burke Bros Ta\u015f\u0131ma Grubu: Uluslararas\u0131 Nakliye Yorumlar\u0131"},"content":{"rendered":"<p>Burke Bros d\u00fcnya \u00e7ap\u0131nda nakliyeciler, depocular, nakliyat\u00e7\u0131lar ve k\u00fcresel yer de\u011fi\u015ftirme uzmanlar\u0131d\u0131r. A\u015fa\u011f\u0131da sunduklar\u0131 hizmetler, ard\u0131ndan bir \u015firket profili ve \u00e7e\u015fitli incelemeler listelenmi\u015ftir.<\/p>\n<p><strong>Kurumsal ve Ki\u015fisel <a href=\"https:\/\/moverdb.com\/tr\/international-removals\/\" data-internallinksmanager029f6b8e52c=\"27\" title=\"36 \u0130ngiltere&#039;deki En \u0130yi Uluslararas\u0131 Nakliye \u015eirketleri\">Uluslararas\u0131 Ta\u015f\u0131malar<\/a><\/strong><\/p>\n<ul>\n<li> \u00d6zel kurumsal ekip<\/li>\n<li> Kapsaml\u0131 kap\u0131dan kap\u0131ya hizmet<\/li>\n<li> \u00dccretsiz ta\u015f\u0131nma anketi<\/li>\n<li> D\u00fcnya \u00e7ap\u0131nda sayg\u0131n ta\u015f\u0131nma uzmanlar\u0131 a\u011f\u0131<\/li>\n<li> \u00d6zel ihracat paketleme ekibi<\/li>\n<li> Uluslararas\u0131 karantina tavsiyeleri<\/li>\n<li> Uluslararas\u0131 g\u00fcmr\u00fck ve t\u00fcketim vergisi bilgileri<\/li>\n<li> <a href=\"https:\/\/moverdb.com\/tr\/moving-to-the-uk\/\" data-internallinksmanager029f6b8e52c=\"93\" title=\"Birle\u015fik Krall\u0131k&#039;a m\u0131 ta\u015f\u0131n\u0131yorsunuz? 2026 Ya\u015fam Maliyetleri &amp; Yer De\u011fi\u015ftirme \u0130pu\u00e7lar\u0131\">BIRLE\u015eIK KRALLIK<\/a> depolama - sevkiyat \u00f6ncesi<\/li>\n<li> Sigorta ayarland\u0131<\/li>\n<li> G\u00fcmr\u00fckleme yard\u0131m\u0131<\/li>\n<\/ul>\n<p><strong>Avrupa Hareketleri<\/strong><\/p>\n<ul>\n<li> Kapsaml\u0131 kap\u0131dan kap\u0131ya hizmet<\/li>\n<li> \u00d6zel paketleme ekibi<\/li>\n<li> Sigorta ayarland\u0131<\/li>\n<li> Haftal\u0131k seferler<\/li>\n<li> Varsa g\u00fcmr\u00fck ve t\u00fcketim vergisi yard\u0131m\u0131<\/li>\n<\/ul>\n<p><strong>Birle\u015fik Krall\u0131k'ta Evden Eve Nakliyat - Kurumsal ve Ki\u015fisel<\/strong><\/p>\n<ul>\n<li> Dan\u0131\u015fmandan ki\u015fisel ziyaret<\/li>\n<li> \u0130\u015fletmeler i\u00e7in proje y\u00f6netimi hizmeti<\/li>\n<li> Kapsaml\u0131 kap\u0131dan kap\u0131ya hizmet<\/li>\n<li> \u00d6zel paketleme ekibi<\/li>\n<li> Sigorta ayarland\u0131<\/li>\n<li> Uzman paketleme<\/li>\n<li> Ofis kasalar\u0131n\u0131n kiralanmas\u0131<\/li>\n<\/ul>\n<p><strong>Depolama<\/strong><\/p>\n<ul>\n<li> Self-storage - Wolverhampton <\/li>\n<li> \u00c7al\u0131\u015fma saatleri boyunca s\u0131n\u0131rs\u0131z eri\u015fim<\/li>\n<li> \u00c7e\u015fitli kutular sat\u0131n al\u0131nabilir<\/li>\n<li> 24 saat CCTV<\/li>\n<li> Belge ve ar\u015fiv depolama<\/li>\n<\/ul>\n<p><strong>Ta\u015f\u0131malar S\u0131ras\u0131nda \u00d6zel Hizmetler<\/strong><\/p>\n<ul>\n<li> Belge par\u00e7alama<\/li>\n<li> Belge depolama<\/li>\n<li> Eski mobilya ve BT ekipmanlar\u0131n\u0131n geri d\u00f6n\u00fc\u015f\u00fcm\u00fc<\/li>\n<li> Bilgisayar sistemlerinin s\u00f6k\u00fclmesi ve kurulmas\u0131<\/li>\n<li> BT ekipman\u0131 i\u00e7in \u00f6zel ambalaj malzemesi<\/li>\n<\/ul>\n<h2>Burke Bros Moving Group \u015eirket Profili<\/h2>\n<p>Burke Bros 1982 y\u0131l\u0131nda kurulmu\u015ftur ve bu s\u00fcre zarf\u0131nda 49.000'den fazla m\u00fc\u015fteriyi ta\u015f\u0131m\u0131\u015ft\u0131r. Yakla\u015f\u0131k yar\u0131m milyon saat paketleme, ta\u015f\u0131ma ve ambalaj a\u00e7ma i\u015flemi ger\u00e7ekle\u015ftirmi\u015flerdir. \u0130ngiltere'nin merkezinde yer alan \u015firketin yedi ofisi ve 52.000 fit karelik g\u00fcvenli bir depolama alan\u0131 bulunmaktad\u0131r.<\/p>\n<p>Burke Bros, Burke karde\u015fler Gary ve Chris taraf\u0131ndan y\u00f6netilen bir ailedir. \u00c7al\u0131\u015fanlar\u0131n\u0131n \u00e7o\u011fu 20 y\u0131l\u0131 a\u015fk\u0131n s\u00fcredir onlarla birlikte. \u015eirket, her bir ta\u015f\u0131nmaya g\u00f6sterdi\u011fi \u00f6zenli yakla\u015f\u0131mla gurur duydu\u011funu s\u00f6yl\u00fcyor.<\/p>\n<p>Ye\u015fil konular \u015firketin b\u00fcy\u00fck bir par\u00e7as\u0131d\u0131r ve Burke Bros, karbon ayak izlerini azaltmak i\u00e7in m\u00fc\u015fterilerine geri d\u00f6n\u00fc\u015f\u00fcm ve at\u0131k y\u00f6netimini tan\u0131tm\u0131\u015ft\u0131r.<\/p>\n<p>Burke Bros \u0130\u015ftirakleri ve Akreditasyonlar\u0131:<\/p>\n<ul>\n<li> <a href=\"https:\/\/moverdb.com\/tr\/british-association-of-removers\/\">\u0130ngiliz S\u00f6k\u00fcmc\u00fcler Birli\u011fi<\/a> (<a href=\"https:\/\/moverdb.com\/tr\/british-association-of-removers\/\" data-internallinksmanager029f6b8e52c=\"9\" title=\"\u0130ngiliz S\u00f6k\u00fcmc\u00fcler Birli\u011fi (BAR) A\u00e7\u0131klamas\u0131\">BAR<\/a>)<\/li>\n<li> <a href=\"https:\/\/moverdb.com\/tr\/fidi-faim\/\">F\u00e9d\u00e9ration Internationale des D\u00e9m\u00e9nageurs Internationaux<\/a> (<a href=\"https:\/\/moverdb.com\/tr\/fidi-faim\/\" data-internallinksmanager029f6b8e52c=\"16\" title=\"FIDI &amp; FAIM (FIDI Akredite Uluslararas\u0131 Ta\u015f\u0131mac\u0131) A\u00e7\u0131klamas\u0131\">FIDI<\/a>)<\/li>\n<li> <a href=\"https:\/\/moverdb.com\/tr\/iam\/\">Uluslararas\u0131 Ta\u015f\u0131mac\u0131lar Birli\u011fi<\/a> (<a href=\"https:\/\/moverdb.com\/tr\/iam\/\" data-internallinksmanager029f6b8e52c=\"23\" title=\"Uluslararas\u0131 Ta\u015f\u0131mac\u0131lar Birli\u011fi (IAM) A\u00e7\u0131klamas\u0131\">IAM<\/a>)<\/li>\n<li> Pan Amerikan Uluslararas\u0131 Ta\u015f\u0131mac\u0131lar Birli\u011fi (PAIMA)<\/li>\n<li> Bu <a href=\"https:\/\/moverdb.com\/tr\/bar-overseas\/\">\u0130ngiliz Deniza\u015f\u0131r\u0131 Nakliyeciler Derne\u011fi<\/a><\/li>\n<li> BS5750<\/li>\n<li> TSI<\/li>\n<\/ul>\n<p><strong>Burke Bros Yorumlar\u0131<\/strong><\/p>\n<p><strong>Pozitif<\/strong><\/p>\n<ul>\n<li> <em>\"\u0130ngiltere'den T\u00fcrkiye'ye ta\u015f\u0131nmam\u0131z s\u0131ras\u0131nda deneyimledi\u011fimiz harika hizmet i\u00e7in bir te\u015fekk\u00fcr notu g\u00f6ndermek istedik. <a href=\"https:\/\/moverdb.com\/tr\/moving-to-france\/\" data-internallinksmanager029f6b8e52c=\"315\" title=\"Fransa&#039;ya m\u0131 ta\u015f\u0131n\u0131yorsunuz? 2026 Ya\u015fam Maliyetleri &amp; Yer De\u011fi\u015ftirme \u0130pu\u00e7lar\u0131\">Fransa<\/a>. Y\u00fcklemeyi ve bo\u015faltmay\u0131 paketlemek i\u00e7in daha iyi bir adam seti dileyemezdik. <a href=\"https:\/\/moverdb.com\/tr\/moving-to-the-united-states\/\" data-internallinksmanager029f6b8e52c=\"94\" title=\"Amerika Birle\u015fik Devletleri&#039;ne mi ta\u015f\u0131n\u0131yorsunuz? 2026 Ya\u015fam Maliyetleri ve Yer De\u011fi\u015ftirme \u0130pu\u00e7lar\u0131\">Biz<\/a>.\"<\/em> - Burke Bros arac\u0131l\u0131\u011f\u0131yla Sue &amp; David <a href=\"http:\/\/burkebros.co.uk\/about_us\/testimonials\/\" target=\"_blank\" rel=\"noopener\">referans sayfas\u0131<\/a><\/li>\n<li> <em>\"Bizi \u0130ngiltere'den Fransa'daki Dordogne'ye ta\u015f\u0131mak i\u00e7in Burke Bros'u kulland\u0131k, \u00e7\u00fcnk\u00fc \u00fccretleri makul oldu\u011fu i\u00e7in de\u011fil, i\u015fi ba\u015ftan sona profesyonel bir \u015fekilde ele ald\u0131lar.\"<\/em> - Malcolm arac\u0131l\u0131\u011f\u0131yla <a href=\"https:\/\/www.yell.com\/biz\/burke-bros-worldwide-moving-group-wolverhampton-900810900\/\" target=\"_blank\" rel=\"noopener\">Ba\u011f\u0131r.<\/a><\/li>\n<\/ul>\n<p><strong>Negatif <\/strong><\/p>\n<ul>\n<li> <em>Son 35 y\u0131l\u0131n en k\u00f6t\u00fc ta\u015f\u0131nma deneyimi (8 ta\u015f\u0131nma)<\/em> - Bay D Neal arac\u0131l\u0131\u011f\u0131yla <a href=\"http:\/\/www.removalreviews.co.uk\/movingreviews\/appalling-12193\" target=\"_blank\" rel=\"noopener\">Kald\u0131rma Yorumlar\u0131<\/a><\/li>\n<li> \"Paran\u0131z\u0131 bo\u015fa harcamay\u0131n.\" - Thibit arac\u0131l\u0131\u011f\u0131yla <a href=\"https:\/\/www.yell.com\/biz\/burke-bros-worldwide-moving-group-wolverhampton-900810900\/\" target=\"_blank\" rel=\"noopener\">Ba\u011f\u0131r.<\/a><\/li>\n<\/li>\n<\/ul>\n<div itemprop=\"review\" itemscope itemtype=\"http:\/\/schema.org\/Review\">\n<span itemprop=\"author\" itemscope=\"\" itemtype=\"http:\/\/schema.org\/Organization\"><span itemprop=\"name\">MoverDB.com<\/span><\/span> \u00c7evrimi\u00e7i Web Sitesi \u0130ncelemesi i\u00e7in <span itemprop=\"itemreviewed\" itemscope=\"\" itemtype=\"http:\/\/schema.org\/Brand\"><span itemprop=\"name\">Burke Bros Ta\u015f\u0131ma Grubu<\/span><\/span>:<\/p>\n<ol>\n<li> Web sitesinde a\u00e7\u0131k ileti\u015fim bilgileri (telefon numaras\u0131 dahil): <strong>Evet<\/strong><\/li>\n<li> Almas\u0131 kolay <a href=\"https:\/\/moverdb.com\/tr\/alintilar\/\">uluslararas\u0131 ta\u015f\u0131mac\u0131l\u0131k teklifleri<\/a>? (\u00c7evrimi\u00e7i tahmin talep formu): <strong>Evet<\/strong><\/li>\n<li> Web sitesinde net bilgiler: <strong>Evet,<\/strong> Hizmet verdikleri \u00e7e\u015fitli \u00fclkelere ili\u015fkin rehberler de dahil.<\/li>\n<li> Uluslararas\u0131 tan\u0131nm\u0131\u015f ta\u015f\u0131ma organizasyonlar\u0131na \u00fcyelik: <strong>Evet<\/strong>, yukar\u0131ya bak\u0131n.<\/li>\n<li> M\u00fc\u015fterilerin listesi ve\/veya \u00f6nceki m\u00fc\u015fteri referanslar\u0131: <strong>Biraz,<\/strong> Web sitelerinde belirli say\u0131da referanslar\u0131 ve di\u011fer web sitelerinde genel olarak olumlu de\u011ferlendirmeleri var.<\/li>\n<\/ol>\n<div itemprop=\"reviewRating\" itemscope itemtype=\"http:\/\/schema.org\/Rating\"><meta itemprop=\"worstRating\" content = \"0\" \/><meta itemprop=\"bestRating\" content=\"5\" \/><meta itemprop=\"ratingValue\" content=\"4.5\"><\/div>\n<p><strong>Genel puan: 4,5\/5<\/strong><br \/>\n<strong>\u0130nceleme Tarihi:<\/strong> <span itemprop=\"datePublished\" content=\"2016-09-03\">03\/09\/2016<\/span>\n<\/div>\n<p>Hakk\u0131nda daha fazlas\u0131n\u0131 okuyun <a href=\"https:\/\/moverdb.com\/tr\/uluslararasi-tasimalar\/\">uluslararasi ta\u015fimacilik<\/a> ve bizim <a href=\"https:\/\/moverdb.com\/tr\/yorumlar\/\">inceleme s\u00fcreci.<\/a>.<\/p>\n<p><strong>Web sitesi:<\/strong> <a href=\"http:\/\/burkebros.co.uk\/\" target=\"_blank\" rel=\"noopener\">http:\/\/burkebros.co.uk<\/a><\/p>","protected":false},"excerpt":{"rendered":"<p>Burke Bros are worldwide movers, storers, shippers and global relocation experts. Listed below are the services they offer, followed by a company profile and various reviews. Corporate and Personal International Removals Dedicated corporate team Comprehensive door to door service Free moving survey Network of reputable relocation experts world wide Dedicated export packing team International quarantine [&hellip;]<\/p>\n","protected":false},"author":1,"featured_media":0,"parent":0,"menu_order":0,"comment_status":"closed","ping_status":"closed","template":"","meta":{"_genesis_hide_title":false,"_genesis_hide_breadcrumbs":false,"_genesis_hide_singular_image":false,"_genesis_hide_footer_widgets":false,"_genesis_custom_body_class":"","_genesis_custom_post_class":"","_genesis_layout":"","footnotes":""},"class_list":{"0":"post-920","1":"page","2":"type-page","3":"status-publish","5":"entry"},"_links":{"self":[{"href":"https:\/\/moverdb.com\/tr\/wp-json\/wp\/v2\/pages\/920","targetHints":{"allow":["GET"]}}],"collection":[{"href":"https:\/\/moverdb.com\/tr\/wp-json\/wp\/v2\/pages"}],"about":[{"href":"https:\/\/moverdb.com\/tr\/wp-json\/wp\/v2\/types\/page"}],"author":[{"embeddable":true,"href":"https:\/\/moverdb.com\/tr\/wp-json\/wp\/v2\/users\/1"}],"replies":[{"embeddable":true,"href":"https:\/\/moverdb.com\/tr\/wp-json\/wp\/v2\/comments?post=920"}],"version-history":[{"count":5,"href":"https:\/\/moverdb.com\/tr\/wp-json\/wp\/v2\/pages\/920\/revisions"}],"predecessor-version":[{"id":6189,"href":"https:\/\/moverdb.com\/tr\/wp-json\/wp\/v2\/pages\/920\/revisions\/6189"}],"wp:attachment":[{"href":"https:\/\/moverdb.com\/tr\/wp-json\/wp\/v2\/media?parent=920"}],"curies":[{"name":"wp","href":"https:\/\/api.w.org\/{rel}","templated":true}]}}