{"id":908,"date":"2016-10-12T05:28:52","date_gmt":"2016-10-12T05:28:52","guid":{"rendered":"http:\/\/moverdb.com\/?page_id=908"},"modified":"2026-01-08T14:47:34","modified_gmt":"2026-01-08T14:47:34","slug":"arpin-uluslararasi","status":"publish","type":"page","link":"https:\/\/moverdb.com\/tr\/arpin-international\/","title":{"rendered":"Arpin Uluslararas\u0131: Ta\u015f\u0131nma ve Nakliye Yorumlar\u0131"},"content":{"rendered":"<p>Arpin International k\u00fcresel bir <a href=\"https:\/\/moverdb.com\/tr\/international-removals\/\" data-internallinksmanager029f6b8e52c=\"27\" title=\"36 \u0130ngiltere&#039;deki En \u0130yi Uluslararas\u0131 Nakliye \u015eirketleri\">nakli\u0307ye \u015fi\u0307rketi\u0307<\/a> ve a\u015fa\u011f\u0131da listelenen bir\u00e7ok hizmetle. Ayr\u0131ca \u015firket profillerini ve incelemelerini okuyun. L\u00fctfen bunun American'\u0131n uluslararas\u0131 \u015fubesi oldu\u011funu unutmay\u0131n <a href=\"https:\/\/moverdb.com\/tr\/moving-companies\/\" data-internallinksmanager029f6b8e52c=\"79\" title=\"\u00c7evrimi\u00e7i En \u0130yi 25 Uluslararas\u0131 Nakliye \u015eirketi\">ta\u015finma \u015fi\u0307rketi\u0307<\/a> <a href=\"https:\/\/moverdb.com\/tr\/arpin-van-lines\/\">Arpin Van Lines<\/a>.<\/p>\n<p><strong>Uluslararas\u0131 Ta\u015f\u0131malar<\/strong><\/p>\n<ul>\n<li> Kap\u0131dan kap\u0131ya servis<\/li>\n<li> Paketleme ve ambalaj a\u00e7ma<\/li>\n<li> \u00d6zel Uluslararas\u0131 Ta\u015f\u0131ma Koordinat\u00f6r\u00fc (IMC)<\/li>\n<li> IMC'ye telefon, faks veya e-posta yoluyla her zaman ula\u015f\u0131labilir<\/li>\n<li> IMC'lerin hepsi <a href=\"https:\/\/moverdb.com\/tr\/fidi-faim\/\" data-internallinksmanager029f6b8e52c=\"16\" title=\"FIDI &amp; FAIM (FIDI Akredite Uluslararas\u0131 Ta\u015f\u0131mac\u0131) A\u00e7\u0131klamas\u0131\">FIDI<\/a> e\u011fitimli<\/li>\n<li> ArpinTRAC m\u00fc\u015fterilerin sevkiyatlar\u0131n\u0131 7\/24 takip etmelerini sa\u011flar<\/li>\n<li> Kurumsal, \u00f6zel, devlet ve askeri hamleler<\/li>\n<li> G\u00fcmr\u00fck i\u015flemleri<\/li>\n<li> Evcil hayvanlar\u0131n ta\u015f\u0131nmas\u0131<\/li>\n<li> Araba ta\u015f\u0131mac\u0131l\u0131\u011f\u0131<\/li>\n<li> Ev bulma konusunda yard\u0131m<\/li>\n<li> Okullarla ilgili yard\u0131m<\/li>\n<li> T\u0131bbi yard\u0131m<\/li>\n<\/ul>\n<p><strong>Depolama<\/strong><\/p>\n<ul>\n<li> D\u00fcnya \u00e7ap\u0131nda uzun s\u00fcreli veya k\u0131sa s\u00fcreli depolama<\/li>\n<li> CCTV izleme<\/li>\n<\/ul>\n<h2>Arpin International \u015eirket Profili<\/h2>\n<p>Arpin International, 1900 y\u0131l\u0131nda kurulan Arpin International Group'un bir par\u00e7as\u0131d\u0131r. Bug\u00fcn\u00fcn Ba\u015fkan Yard\u0131mc\u0131s\u0131 Peter Arpin, bu \u015firketi y\u00f6neten d\u00f6rd\u00fcnc\u00fc ku\u015fakt\u0131r. Arpin International'\u0131n kendisi 1989 y\u0131l\u0131nda kurulmu\u015ftur ve genel merkezi <a href=\"https:\/\/moverdb.com\/tr\/moving-to-the-united-states\/moving-to-rhode-island\/\" data-internallinksmanager029f6b8e52c=\"450\" title=\"Rhode Island&#039;a m\u0131 ta\u015f\u0131n\u0131yorsunuz? 2024 Ya\u015fam Maliyetleri &amp; Yer De\u011fi\u015ftirme \u0130pu\u00e7lar\u0131\">Rhode Island<\/a>, <a href=\"https:\/\/moverdb.com\/tr\/moving-to-the-united-states\/\" data-internallinksmanager029f6b8e52c=\"94\" title=\"Amerika Birle\u015fik Devletleri&#039;ne mi ta\u015f\u0131n\u0131yorsunuz? 2026 Ya\u015fam Maliyetleri ve Yer De\u011fi\u015ftirme \u0130pu\u00e7lar\u0131\">ABD<\/a>. <\/p>\n<p>\u015eirketin ABD'de 385 acentesi ve EMEA ve APAC'ta ofisleri bulunmaktad\u0131r. \u015eirketin \u00fcst y\u00f6netimi, insanlar\u0131n d\u00fcnya \u00e7ap\u0131nda ta\u015f\u0131nmas\u0131 konusunda 25 y\u0131l\u0131 a\u015fk\u0131n deneyime sahiptir.<\/p>\n<p>Arpin International'\u0131n vizyonu, m\u00fc\u015fterilerine en iyi hizmet ve fiyat kombinasyonunu sunmakt\u0131r. \u00c7al\u0131\u015fanlar\u0131n\u0131n \u00e7o\u011fu hayatlar\u0131n\u0131n bir d\u00f6neminde gurbet\u00e7i olmu\u015ftur ve bu nedenle ba\u015fka bir \u00fclkeye ta\u015f\u0131n\u0131rken ailelerin kar\u015f\u0131la\u015ft\u0131\u011f\u0131 zorluklar\u0131 anlarlar. <\/p>\n<p>Arpin International \u00e7al\u0131\u015fanlar\u0131, ortaya \u00e7\u0131kabilecek k\u00fc\u00e7\u00fck ve b\u00fcy\u00fck sorunlarla ilgilenerek ta\u015f\u0131nmay\u0131 m\u00fcmk\u00fcn oldu\u011funca ac\u0131s\u0131z hale getirmeye \u00e7al\u0131\u015f\u0131r.<\/p>\n<p>\u015eirket, gelecek nesiller i\u00e7in 'daha ye\u015fil bir gelecek in\u015fa etmek' amac\u0131yla bir S\u00fcrd\u00fcr\u00fclebilirlik Komitesi kurmu\u015ftur. Yerel toplumlar\u0131na, end\u00fcstriye ve d\u00fcnyaya ald\u0131klar\u0131ndan \u00e7ok daha fazlas\u0131n\u0131 geri vermek istiyorlar.<\/p>\n<p>Arpin International a\u015fa\u011f\u0131daki akreditasyonlara ve ba\u011flant\u0131lara sahiptir:<\/p>\n<ul>\n<li> <a href=\"https:\/\/moverdb.com\/tr\/fidi-faim\/\">FIDI<\/a><\/li>\n<li> <a href=\"https:\/\/moverdb.com\/tr\/fidi-faim\/\">FAIM<\/a><\/li>\n<li> <a href=\"https:\/\/moverdb.com\/tr\/british-association-of-removers\/\">\u0130ngiliz Ta\u015f\u0131mac\u0131lar Birli\u011fi<\/a> (<a href=\"https:\/\/moverdb.com\/tr\/british-association-of-removers\/\" data-internallinksmanager029f6b8e52c=\"9\" title=\"\u0130ngiliz S\u00f6k\u00fcmc\u00fcler Birli\u011fi (BAR) A\u00e7\u0131klamas\u0131\">BAR<\/a>)<\/li>\n<li> <a href=\"https:\/\/moverdb.com\/tr\/iam\/\">Uluslararas\u0131 Ta\u015f\u0131mac\u0131lar Birli\u011fi<\/a> (IMA)<\/li>\n<li> Ter\u00f6rizme Kar\u015f\u0131 G\u00fcmr\u00fck-Ticaret Ortakl\u0131\u011f\u0131<\/li>\n<li> <a href=\"https:\/\/moverdb.com\/tr\/lacma\/\">LACMA<\/a><\/li>\n<li> <a href=\"https:\/\/moverdb.com\/tr\/calisan-yer-degistirme-konseyi\/\">D\u00fcnya \u00c7ap\u0131nda ERC<\/a><\/li>\n<li> <a href=\"https:\/\/moverdb.com\/tr\/eura\/\">EuRA<\/a><\/li>\n<\/ul>\n<h2>Arpin International Yorumlar\u0131<\/h2>\n<p><em>Arpin International i\u00e7in \u00e7evrimi\u00e7i herhangi bir yorum bulunmamakla birlikte, \u015funlar\u0131 okuyabilirsiniz <a href=\"https:\/\/moverdb.com\/tr\/arpin-van-lines\/\">Arpin Van Lines hakk\u0131ndaki yorumlar burada<\/a>.<\/em><\/p>\n<div itemprop=\"review\" itemscope itemtype=\"http:\/\/schema.org\/Review\">\n<span itemprop=\"author\" itemscope=\"\" itemtype=\"http:\/\/schema.org\/Organization\"><span itemprop=\"name\">MoverDB.com<\/span><\/span> \u00c7evrimi\u00e7i Web Sitesi \u0130ncelemesi i\u00e7in <span itemprop=\"itemreviewed\" itemscope=\"\" itemtype=\"http:\/\/schema.org\/Brand\"><span itemprop=\"name\">Arpin Uluslararas\u0131<\/span><\/span>:<\/p>\n<ol>\n<li> Web sitesinde a\u00e7\u0131k ileti\u015fim bilgileri (telefon numaras\u0131 dahil): <strong>Evet<\/strong><\/li>\n<li> Almas\u0131 kolay <a href=\"https:\/\/moverdb.com\/tr\/alintilar\/\">uluslararas\u0131 ta\u015f\u0131mac\u0131l\u0131k teklifleri<\/a>? (\u00c7evrimi\u00e7i tahmin talep formu): <strong>Hay\u0131r<\/strong><\/li>\n<li> Web sitesinde net bilgiler: <strong>Pek say\u0131lmaz.<\/strong>web sitesi yava\u015f ve \u00e7ok az bilgi i\u00e7eriyor.<\/li>\n<li> Uluslararas\u0131 tan\u0131nm\u0131\u015f ta\u015f\u0131ma organizasyonlar\u0131na \u00fcyelik: <strong>Evet<\/strong><\/li>\n<li> M\u00fc\u015fterilerin listesi ve\/veya \u00f6nceki m\u00fc\u015fteri referanslar\u0131: <strong>Hay\u0131r,<\/strong> ve internette hi\u00e7 yorum bulamad\u0131k.<\/li>\n<\/ol>\n<div itemprop=\"reviewRating\" itemscope itemtype=\"http:\/\/schema.org\/Rating\"><meta itemprop=\"worstRating\" content = \"0\" \/><meta itemprop=\"bestRating\" content=\"5\" \/><meta itemprop=\"ratingValue\" content=\"4\"><\/div>\n<p><strong>Genel puan: 4\/5<\/strong> - <em>Arpin International i\u00e7in ayr\u0131 bir de\u011ferlendirme yapmak i\u00e7in \u00e7ok az bilgi oldu\u011fundan, bu puan\u0131n Arpin Van Lines'\u0131 yans\u0131tt\u0131\u011f\u0131n\u0131 l\u00fctfen unutmay\u0131n. <\/em><br \/>\n<strong>\u0130nceleme Tarihi:<\/strong> <span itemprop=\"datePublished\" content=\"2016-10-12\">12\/10\/16<\/span>\n<\/div>\n<p>Hakk\u0131nda daha fazlas\u0131n\u0131 okuyun <a href=\"https:\/\/moverdb.com\/tr\/tasinma-si%cc%87rketleri%cc%87\/\" target=\"_blank\" rel=\"noopener\">uluslararas\u0131 ta\u015f\u0131ma \u015firketleri<\/a>, <a href=\"https:\/\/moverdb.com\/tr\/uluslararasi-tasimalar\/\">nakli\u0307ye \u015fi\u0307rketleri\u0307<\/a> ve bizim <a href=\"https:\/\/moverdb.com\/tr\/yorumlar\/\">g\u00f6zden ge\u00e7irme s\u00fcreci<\/a>.<\/p>\n<p><strong>Web sitesi:<\/strong> <a href=\"http:\/\/www.arpinintl.com\/\" target=\"_blank\" rel=\"noopener\">http:\/\/www.arpinintl.com\/<\/a><\/p>","protected":false},"excerpt":{"rendered":"<p>Arpin International is a global removals company and with many services which are listed below. Also read their company profile and reviews. Please note that it&#8217;s the international branch of American moving company Arpin Van Lines. International Moves Door to door service Packing and unpacking Dedicated International Move Coordinator (IMC) IMC available by telephone, fax [&hellip;]<\/p>\n","protected":false},"author":1,"featured_media":0,"parent":0,"menu_order":0,"comment_status":"closed","ping_status":"closed","template":"","meta":{"_genesis_hide_title":false,"_genesis_hide_breadcrumbs":false,"_genesis_hide_singular_image":false,"_genesis_hide_footer_widgets":false,"_genesis_custom_body_class":"","_genesis_custom_post_class":"","_genesis_layout":"","footnotes":""},"class_list":{"0":"post-908","1":"page","2":"type-page","3":"status-publish","5":"entry"},"_links":{"self":[{"href":"https:\/\/moverdb.com\/tr\/wp-json\/wp\/v2\/pages\/908","targetHints":{"allow":["GET"]}}],"collection":[{"href":"https:\/\/moverdb.com\/tr\/wp-json\/wp\/v2\/pages"}],"about":[{"href":"https:\/\/moverdb.com\/tr\/wp-json\/wp\/v2\/types\/page"}],"author":[{"embeddable":true,"href":"https:\/\/moverdb.com\/tr\/wp-json\/wp\/v2\/users\/1"}],"replies":[{"embeddable":true,"href":"https:\/\/moverdb.com\/tr\/wp-json\/wp\/v2\/comments?post=908"}],"version-history":[{"count":4,"href":"https:\/\/moverdb.com\/tr\/wp-json\/wp\/v2\/pages\/908\/revisions"}],"predecessor-version":[{"id":6175,"href":"https:\/\/moverdb.com\/tr\/wp-json\/wp\/v2\/pages\/908\/revisions\/6175"}],"wp:attachment":[{"href":"https:\/\/moverdb.com\/tr\/wp-json\/wp\/v2\/media?parent=908"}],"curies":[{"name":"wp","href":"https:\/\/api.w.org\/{rel}","templated":true}]}}