{"id":906,"date":"2018-01-30T05:37:29","date_gmt":"2018-01-30T05:37:29","guid":{"rendered":"http:\/\/moverdb.com\/?page_id=906"},"modified":"2026-01-08T14:48:24","modified_gmt":"2026-01-08T14:48:24","slug":"fox-moving","status":"publish","type":"page","link":"https:\/\/moverdb.com\/tr\/fox-moving\/","title":{"rendered":"Fox Ta\u015f\u0131nma &amp; Depolama: Uluslararas\u0131 Nakliye Yorumlar\u0131"},"content":{"rendered":"<p>Fox Moving &amp; Storage Cwmbran, Galler merkezli bir \u015firkettir. A\u015fa\u011f\u0131da, hem uluslararas\u0131 hem de yerel hizmetlerinin bir listesini, \u015firket profili ve incelemelerle birlikte bulacaks\u0131n\u0131z.<\/p>\n<p><strong>Uluslararas\u0131 Ta\u015f\u0131nma - Kurumsal ve Bireysel<\/strong><\/p>\n<ul>\n<li> Ki\u015fisel <a href=\"https:\/\/moverdb.com\/tr\/international-removals\/\" data-internallinksmanager029f6b8e52c=\"27\" title=\"36 \u0130ngiltere&#039;deki En \u0130yi Uluslararas\u0131 Nakliye \u015eirketleri\">uluslararasi ta\u015fimacilik<\/a> ajan<\/li>\n<li> Kapsaml\u0131 fiyat teklifi, ta\u015f\u0131nma program\u0131 ve zaman \u00e7izelgesi<\/li>\n<li> Uzman paketleme ekibi<\/li>\n<li> G\u00fcmr\u00fck ve t\u00fcketim belgeleri sa\u011flar<\/li>\n<li> Var\u0131\u015f \u00fclkesinde yard\u0131mc\u0131 olmak i\u00e7in haz\u0131r bulunan yerel acenteler<\/li>\n<\/ul>\n<p><strong>Avrupa'ya Ta\u015f\u0131nma - Kurumsal ve Bireysel<\/strong><\/p>\n<ul>\n<li> Ki\u015fisel Avrupa nakliye ekibi<\/li>\n<li> Kapsaml\u0131 fiyat teklifi ve ta\u015f\u0131nma program\u0131<\/li>\n<li> Uzman paketleme ekibi<\/li>\n<li> K\u00fc\u00e7\u00fck y\u00fckler kabul edilir <\/li>\n<li> Avrupa anakaras\u0131na karayolu ile teslimatlar<\/li>\n<li> A\u00e7\u0131k deniz adalar\u0131na feribot veya deniz konteyneri ile teslimatlar<\/li>\n<li> Do\u011fu Avrupa'ya deniz konteyneri ve\/veya karayolu ile teslimatlar<\/li>\n<li> Uygulanabildi\u011fi yerlerde ithalat ve g\u00fcmr\u00fck bilgileri<\/li>\n<\/ul>\n<p><strong>Uluslararas\u0131 ve Yerel Ticari ve Ofis Ta\u015f\u0131mac\u0131l\u0131\u011f\u0131 Uzmanlar\u0131<\/strong><\/p>\n<ul>\n<li> K\u0131demli bir ticari temsilci atan\u0131r<\/li>\n<li> Detayl\u0131 fiyat teklifi ve i\u015f program\u0131<\/li>\n<li> Evrak i\u015fleri ve k\u00fc\u00e7\u00fck e\u015fyalar\u0131n ta\u015f\u0131nmas\u0131 i\u00e7in \u00f6zel olarak tasarlanm\u0131\u015f kasalar<\/li>\n<li> Tam kapsaml\u0131 kasalar (kapal\u0131 ve kapakl\u0131), ambalaj malzemeleri, arabalar, koruyucu \u00f6rt\u00fcler ve arabalar<\/li>\n<li> BT ekipman\u0131 tam korumal\u0131<\/li>\n<li> Bilgisayarlar\u0131 s\u00f6kmek ve yeniden monte etmek i\u00e7in haz\u0131r bulunan BT personeli<\/li>\n<li> Ar\u015fiv ve belge depolama tesisi<\/li>\n<li> Masalar\u0131n, \u00e7al\u0131\u015fma istasyonlar\u0131n\u0131n ve raflar\u0131n s\u00f6k\u00fclmesi ve yeniden kurulmas\u0131<\/li>\n<li> D\u00fcnya ve Avrupa \u00e7ap\u0131nda eksiksiz nakliye hizmetinin yan\u0131 s\u0131ra BT ve ileti\u015fim hizmetleri<\/li>\n<\/ul>\n<p><strong>\u0130\u00e7inde hareket etmek <a href=\"https:\/\/moverdb.com\/tr\/moving-to-the-uk\/\" data-internallinksmanager029f6b8e52c=\"93\" title=\"Birle\u015fik Krall\u0131k&#039;a m\u0131 ta\u015f\u0131n\u0131yorsunuz? 2026 Ya\u015fam Maliyetleri &amp; Yer De\u011fi\u015ftirme \u0130pu\u00e7lar\u0131\">BIRLE\u015eIK KRALLIK<\/a><\/strong><\/p>\n<ul>\n<li> Ki\u015fisel bir Birle\u015fik Krall\u0131k nakliye acentesi tahsis edildi<\/li>\n<li> Ayr\u0131nt\u0131l\u0131 yaz\u0131l\u0131 fiyat teklifi verilir<\/li>\n<li> Kap\u0131dan kap\u0131ya servis<\/li>\n<li> Uzman paketleyiciler<\/li>\n<li> Ambalaj malzemeleri temin edilebilir<\/li>\n<li> Sigorta ayarland\u0131<\/li>\n<li> D\u00fczenlenmi\u015f depolama<\/li>\n<\/ul>\n<p><strong>Depolama \u00c7\u00f6z\u00fcmleri<\/strong><\/p>\n<ul>\n<li> \u0130\u015f, ticari ve \u00f6zel self-depolama \u00fcniteleri<\/li>\n<li> Konteyner depolama<\/li>\n<li> \u00d6\u011frenci deposu<\/li>\n<li> \u0130\u015f depolama<\/li>\n<li> Ar\u015fiv depolama<\/li>\n<li> 24 saat CCTV g\u00f6zetimi<\/li>\n<li> \u00c7al\u0131\u015fma saatleri i\u00e7inde eri\u015fim<\/li>\n<\/ul>\n<p>Onlar da <a href=\"https:\/\/moverdb.com\/tr\/atlas-van-lines-uluslararasi\/\" rel=\"noopener\" target=\"_blank\">Atlas Van Lines<\/a> \u0130ngiltere'deki acenta.<\/p>\n<h2>Fox Ta\u015f\u0131mac\u0131l\u0131k &amp; Depolama<\/h2>\n<p>Fox Moving &amp; Storage 1971 y\u0131l\u0131nda Roy Fox taraf\u0131ndan kurulmu\u015ftur. Ailesi 1920'lerden beri ta\u015f\u0131ma ve depolama i\u015findeydi. Kurulu\u015fundan bu yana \u015firket, G\u00fcney Galler'de hizmet veren k\u00fc\u00e7\u00fck bir aile \u015firketinden uluslararas\u0131 ve yerel kurumsal ve ki\u015fisel m\u00fc\u015fterilerin ihtiya\u00e7lar\u0131n\u0131 kar\u015f\u0131layan bir \u015firkete d\u00f6n\u00fc\u015ft\u00fc. \u015eirket \u015fu anda Roy Fox'un o\u011flu ve iki torunu taraf\u0131ndan y\u00f6netilmektedir. <\/p>\n<p>Fox Moving &amp; Storage, i\u015flerini \u00e7evreye, \u00e7al\u0131\u015fanlar\u0131na ve en \u00f6nemlisi m\u00fc\u015fterilerine tam sayg\u0131 g\u00f6sterecek \u015fekilde y\u00fcr\u00fctmeyi taahh\u00fct eder. Ayr\u0131ca, sadece \u00e7al\u0131\u015fanlar\u0131na de\u011fil m\u00fc\u015fterilerine de fayda sa\u011flayacak g\u00fcvenli ve verimli bir \u00e7al\u0131\u015fma ortam\u0131 sa\u011flamay\u0131 taahh\u00fct ederler.<\/p>\n<p>Fox Moving'in ba\u011flant\u0131lar\u0131 ve akreditasyonlar\u0131:<\/p>\n<ul>\n<li> <a href=\"https:\/\/moverdb.com\/tr\/british-association-of-removers\/\">\u0130ngiliz S\u00f6k\u00fcmc\u00fcler Birli\u011fi<\/a> (<a href=\"https:\/\/moverdb.com\/tr\/british-association-of-removers\/\" data-internallinksmanager029f6b8e52c=\"9\" title=\"\u0130ngiliz S\u00f6k\u00fcmc\u00fcler Birli\u011fi (BAR) A\u00e7\u0131klamas\u0131\">BAR<\/a>)<\/li>\n<li> Ticaret Standartlar\u0131 Enstit\u00fcs\u00fc (TSI)<\/li>\n<li> <a href=\"https:\/\/moverdb.com\/tr\/bar-overseas\/\">\u0130ngiliz Nakliyeciler Derne\u011fi Yurtd\u0131\u015f\u0131 Grubu<\/a><\/li>\n<li> <a href=\"https:\/\/moverdb.com\/tr\/fidi-faim\/\">F\u00e9d\u00e9ration Internationale des D\u00e9m\u00e9nageurs Internationaux<\/a> (<a href=\"https:\/\/moverdb.com\/tr\/fidi-faim\/\" data-internallinksmanager029f6b8e52c=\"16\" title=\"FIDI &amp; FAIM (FIDI Akredite Uluslararas\u0131 Ta\u015f\u0131mac\u0131) A\u00e7\u0131klamas\u0131\">FIDI<\/a>)<\/li>\n<li> <a href=\"https:\/\/moverdb.com\/tr\/fidi-faim\/\">FIDI Akredite Uluslararas\u0131 Ta\u015f\u0131mac\u0131l\u0131k<\/a> (FAIM)<\/li>\n<li> Kalite G\u00fcvenceli Hizmet Standard\u0131 - Ticari Ta\u015f\u0131nma<\/li>\n<li> Kalite G\u00fcvenceli Hizmet Standard\u0131 - Kalite Y\u00f6netim Sistemleri<\/li>\n<li> Kalite G\u00fcvenceli Hizmet Standard\u0131 - \u00c7evre Y\u00f6netim Sistemleri<\/li>\n<\/ul>\n<h2>Fox Moving &amp; Storage Yorumlar\u0131<\/h2>\n<p><strong>Pozitif<\/strong><\/p>\n<ul>\n<li> <em>\"Dost canl\u0131s\u0131 ve verimli nakliye ekibi.\"<\/em> - Bay Hamer arac\u0131l\u0131\u011f\u0131yla <a href=\"http:\/\/www.fox-moving.com\/reviews\/\" target=\"_blank\" rel=\"noopener\">Fox Moving yorumlar sayfas\u0131<\/a><\/li>\n<li> <em>\"M\u00fckemmel, profesyonel ve nazik hizmet. Hi\u00e7 \u015fikayet yok; her \u015fey verimli bir plana g\u00f6re ilerledi. Foxes 'en ucuz' de\u011fil; ama \u00f6dedi\u011finizin kar\u015f\u0131l\u0131\u011f\u0131n\u0131 al\u0131yorsunuz - kalite!\"<\/em> - Patricia arac\u0131l\u0131\u011f\u0131yla <a href=\"http:\/\/ww2.feefo.com\/en-us\/reviews\/fox-moving\/571f3e07498e08d16aafb163\/customer-review-top-notch-service\" target=\"_blank\" rel=\"noopener\">Feefo<\/a><\/li>\n<li> <em>\"Fox'tan ald\u0131\u011f\u0131m hizmet, ilk sorgulamamdan tamamlanmas\u0131na kadar rakipsizdi. Ayr\u0131ca o g\u00fcnk\u00fc nakliyecilerime de \u00f6zellikle te\u015fekk\u00fcr etmeliyim.\"<\/em> - Beverley arac\u0131l\u0131\u011f\u0131yla <a href=\"http:\/\/trustedtraders.which.co.uk\/businesses\/fox-moving-storage-cwmbran\/\" target=\"_blank\" rel=\"noopener\">G\u00fcvenilir T\u00fcccarlar<\/a><\/li>\n<li> <em>\"Uzun y\u0131llar i\u00e7inde 6 kez \u00fclke de\u011fi\u015ftirdik. Son ta\u015f\u0131nmam\u0131z Viyana'dan <a href=\"https:\/\/moverdb.com\/tr\/moving-to-london\/\">Londra<\/a> \u015eimdiye kadar ya\u015fad\u0131\u011f\u0131m\u0131z en iyi ta\u015f\u0131nmayd\u0131 ve Fox'a ne kadar te\u015fekk\u00fcr etsek azd\u0131r.\"<\/em> - Sarah Facebook \u00fczerinden.<\/li>\n<\/ul>\n<p><strong>Negatif<\/strong><\/p>\n<ul>\n<li> <em>\"E\u015fim ve ben ald\u0131\u011f\u0131m\u0131z hizmetin ne kadar k\u00f6t\u00fc oldu\u011funu g\u00f6r\u00fcnce \u015fok olduk. M\u00fcrettebat e\u015fyalar\u0131m\u0131za kar\u015f\u0131 dikkatsizdi, s\u00f6z konusu g\u00fcnlerde korkun\u00e7 hava ko\u015fullar\u0131ndan korunmak i\u00e7in hi\u00e7bir \u015fey yapmad\u0131lar.\"<\/em> - Anthony arac\u0131l\u0131\u011f\u0131yla  <a href=\"http:\/\/ww2.feefo.com\/en-us\/reviews\/fox-moving\/571f3e07498e08d16aafb1a9\/customer-review-a-shockingly-bad-service\" target=\"_blank\" rel=\"noopener\">Feefo<\/a><\/li>\n<li> <em>\"Nakliyeciler taraf\u0131ndan mallara \u00e7ok fazla zarar verildi. \u00c7ok fazla \u00f6zen g\u00f6sterilmemi\u015f. D\u0131\u015far\u0131da b\u0131rak\u0131lan e\u015fyalar da dahil olmak \u00fczere her yerde e\u015fyalar b\u0131rak\u0131ld\u0131\"<\/em> - Paul arac\u0131l\u0131\u011f\u0131yla <a href=\"http:\/\/trustedtraders.which.co.uk\/businesses\/fox-moving-storage-cwmbran\/\" target=\"_blank\" rel=\"noopener\">G\u00fcvenilir T\u00fcccarlar<\/a><\/li>\n<li> <em>\"\u015eok edici bir \u015firket. Nakliyeciler b\u00fct\u00fcn g\u00fcn tart\u0131\u015ft\u0131lar, birbirleriyle didi\u015ftiler ve k\u00fcf\u00fcrle\u015ftiler, bu da zaten stresli olan ta\u015f\u0131nma s\u00fcrecini kabusa \u00e7evirdi.\"<\/em> - Mike arac\u0131l\u0131\u011f\u0131yla <a href=\"https:\/\/www.yell.com\/biz\/fox-moving-and-storage-ltd-cwmbran-6113370\/\" target=\"_blank\" rel=\"noopener\">Ba\u011f\u0131r.<\/a><\/li>\n<\/ul>\n<div itemprop=\"review\" itemscope itemtype=\"http:\/\/schema.org\/Review\">\n<span itemprop=\"author\" itemscope=\"\" itemtype=\"http:\/\/schema.org\/Organization\"><span itemprop=\"name\">MoverDB.com<\/span><\/span> \u00c7evrimi\u00e7i Web Sitesi \u0130ncelemesi i\u00e7in <span itemprop=\"itemreviewed\" itemscope=\"\" itemtype=\"http:\/\/schema.org\/Brand\"><span itemprop=\"name\">Fox Ta\u015f\u0131mac\u0131l\u0131k &amp; Depolama<\/span><\/span>:<\/p>\n<ol>\n<li> Web sitesinde a\u00e7\u0131k ileti\u015fim bilgileri (telefon numaras\u0131 dahil): <strong>Evet<\/strong><\/li>\n<li> Almas\u0131 kolay <a href=\"https:\/\/moverdb.com\/tr\/alintilar\/\">uluslararas\u0131 ta\u015f\u0131mac\u0131l\u0131k teklifleri<\/a>? (\u00c7evrimi\u00e7i tahmin talep formu): <strong>Evet<\/strong><\/li>\n<li> Web sitesinde net bilgiler: <strong>Evet<\/strong>, Web sitesi faydal\u0131 bilgilerle dolu ve bilgilendirici bir bloga sahip.<\/li>\n<li> Uluslararas\u0131 tan\u0131nm\u0131\u015f ta\u015f\u0131ma organizasyonlar\u0131na \u00fcyelik: <strong>Evet<\/strong>, yukar\u0131ya bak\u0131n<\/li>\n<li> M\u00fc\u015fterilerin listesi ve\/veya \u00f6nceki m\u00fc\u015fteri referanslar\u0131: <strong>Evet<\/strong>Sitede m\u00fc\u015fteri referanslar\u0131na ayr\u0131lm\u0131\u015f bir sayfa var ve web'in d\u00f6rt bir yan\u0131ndan gelen incelemeler genellikle \u00e7ok olumlu ve yaln\u0131zca birka\u00e7 olumsuz yorum var.<\/li>\n<\/ol>\n<div itemprop=\"reviewRating\" itemscope itemtype=\"http:\/\/schema.org\/Rating\"><meta itemprop=\"worstRating\" content = \"0\" \/><meta itemprop=\"bestRating\" content=\"5\" \/><meta itemprop=\"ratingValue\" content=\"5\"><\/div>\n<p><strong>Genel puan: 5\/5<\/strong><br \/>\n<strong>\u0130nceleme Tarihi:<\/strong> <span itemprop=\"datePublished\" content=\"2018-01-30\">30\/01\/18<\/span>\n<\/div>\n<p>Hakk\u0131nda daha fazlas\u0131n\u0131 okuyun <a href=\"https:\/\/moverdb.com\/tr\/uluslararasi-tasimalar\/\">uluslararasi ta\u015fimacilik<\/a> ve bizim <a href=\"https:\/\/moverdb.com\/tr\/yorumlar\/\">g\u00f6zden ge\u00e7irme s\u00fcreci<\/a>.<\/p>\n<p><strong>Web sitesi:<\/strong> <a href=\"http:\/\/www.fox-moving.com\/\" target=\"_blank\" rel=\"noopener\">http:\/\/www.fox-moving.com\/<\/a><\/p>","protected":false},"excerpt":{"rendered":"<p>Fox Moving &#038; Storage is based in Cwmbran, Wales. Below you will find a list of their services both internationally and locally, together with a company profile and reviews. Moving Internationally &#8211; Corporate and Individual Personal international removals agent Comprehensive quotation, moving schedule and timescale Expert packing team Provides customs and excise documentation Local agents [&hellip;]<\/p>\n","protected":false},"author":1,"featured_media":0,"parent":0,"menu_order":0,"comment_status":"closed","ping_status":"closed","template":"","meta":{"_genesis_hide_title":false,"_genesis_hide_breadcrumbs":false,"_genesis_hide_singular_image":false,"_genesis_hide_footer_widgets":false,"_genesis_custom_body_class":"","_genesis_custom_post_class":"","_genesis_layout":"","footnotes":""},"class_list":{"0":"post-906","1":"page","2":"type-page","3":"status-publish","5":"entry"},"_links":{"self":[{"href":"https:\/\/moverdb.com\/tr\/wp-json\/wp\/v2\/pages\/906","targetHints":{"allow":["GET"]}}],"collection":[{"href":"https:\/\/moverdb.com\/tr\/wp-json\/wp\/v2\/pages"}],"about":[{"href":"https:\/\/moverdb.com\/tr\/wp-json\/wp\/v2\/types\/page"}],"author":[{"embeddable":true,"href":"https:\/\/moverdb.com\/tr\/wp-json\/wp\/v2\/users\/1"}],"replies":[{"embeddable":true,"href":"https:\/\/moverdb.com\/tr\/wp-json\/wp\/v2\/comments?post=906"}],"version-history":[{"count":9,"href":"https:\/\/moverdb.com\/tr\/wp-json\/wp\/v2\/pages\/906\/revisions"}],"predecessor-version":[{"id":6211,"href":"https:\/\/moverdb.com\/tr\/wp-json\/wp\/v2\/pages\/906\/revisions\/6211"}],"wp:attachment":[{"href":"https:\/\/moverdb.com\/tr\/wp-json\/wp\/v2\/media?parent=906"}],"curies":[{"name":"wp","href":"https:\/\/api.w.org\/{rel}","templated":true}]}}