{"id":895,"date":"2016-10-11T05:16:54","date_gmt":"2016-10-11T05:16:54","guid":{"rendered":"http:\/\/moverdb.com\/?page_id=895"},"modified":"2026-01-08T14:48:03","modified_gmt":"2026-01-08T14:48:03","slug":"constantine-moving","status":"publish","type":"page","link":"https:\/\/moverdb.com\/tr\/constantine-moving\/","title":{"rendered":"Constantine Ta\u015f\u0131nma: Uluslararas\u0131 Nakliye Yorumlar\u0131"},"content":{"rendered":"<p>Constantine Moving'in hizmetleri, \u015firket profili ve incelemelerin ard\u0131ndan a\u015fa\u011f\u0131da listelenmi\u015ftir.<\/p>\n<p><strong>Uluslararas\u0131 Ev Ta\u015f\u0131ma<\/strong><\/p>\n<ul>\n<li> Ta\u015f\u0131nma \u00f6ncesi randevu<\/li>\n<li> \u00dccretsiz fiyat teklifi, ta\u015f\u0131nma plan\u0131 ve zaman \u00e7izelgesi<\/li>\n<li> Son derece deneyimli, profesyonel e\u011fitimli paketleme ekibi<\/li>\n<li> Depolama mevcut<\/li>\n<li> Deniz nakliyesi<\/li>\n<li> Hava sevkiyat\u0131<\/li>\n<li> Karayolu ta\u015f\u0131mac\u0131l\u0131\u011f\u0131<\/li>\n<li> G\u00fcmr\u00fck i\u015flemleri<\/li>\n<li> Yeni eve teslimat<\/li>\n<li> Mobilyalar\u0131n ambalaj\u0131ndan \u00e7\u0131kar\u0131lmas\u0131 ve yeniden monte edilmesi<\/li>\n<li> Geri d\u00f6n\u00fc\u015f\u00fcm i\u00e7in t\u00fcm ambalajlar\u0131n \u00e7\u0131kar\u0131lmas\u0131<\/li>\n<\/ul>\n<p><strong>G\u00fczel Sanatlar Ta\u015f\u0131mac\u0131l\u0131\u011f\u0131<\/strong><\/p>\n<ul>\n<li> Her boyuttaki nesne i\u00e7in tasar\u0131m ve kuma\u015f k\u0131l\u0131flar<\/li>\n<li> \u00d6zel proje koordinat\u00f6r\u00fc<\/li>\n<li> \u00d6zel ambalaj malzemeleri<\/li>\n<li> Profesyonel e\u011fitimli, son derece deneyimli paketleme teknisyenleri<\/li>\n<li> Karayolu, hava veya deniz yoluyla yap\u0131lan ta\u015f\u0131malar<\/li>\n<li> K\u00fc\u00e7\u00fck, narin nesnelerden b\u00fcy\u00fck m\u00fcze par\u00e7alar\u0131na kadar her \u015feyi kurun<\/li>\n<li> Teknisyenler iskele, merdiven vb. ta\u015f\u0131ma ekipmanlar\u0131 ta\u015f\u0131r<\/li>\n<li> Nem kontroll\u00fc bir ortamda 24 saat CCTV ile depolama<\/li>\n<li> M\u00fcze dekantlar\u0131<\/li>\n<li> Galeri kurulumlar\u0131<\/li>\n<li> T\u00fcm koleksiyonun ta\u015f\u0131nmas\u0131<\/li>\n<\/ul>\n<p><strong>Depolama<\/strong><\/p>\n<ul>\n<li> Kapsaml\u0131 g\u00fcvenlik \u00f6nlemleriyle korunan depolama tesisleri<\/li>\n<li> Saklanan hazineleri korumak i\u00e7in nem kontroll\u00fc ortam<\/li>\n<\/ul>\n<p><strong>Yard\u0131mc\u0131 Hizmetler<\/strong><\/p>\n<ul>\n<li> <a href=\"https:\/\/moverdb.com\/tr\/car-transport-shipping\/\" data-internallinksmanager029f6b8e52c=\"2\" title=\"2026 Uluslararas\u0131 Ara\u00e7 Ta\u015f\u0131ma &amp; Ara\u00e7 Nakliye Fiyatlar\u0131\">Araba Nakliyesi<\/a> &amp; Depolama<\/li>\n<li> Evcil Hayvan Ta\u015f\u0131mac\u0131l\u0131\u011f\u0131<\/li>\n<li> Tamirci (\u00f6zel mobilyalar\u0131n, ekipmanlar\u0131n vb. s\u00f6k\u00fclmesi ve yeniden montaj\u0131)<\/li>\n<li> Resim Asma\/Sanat Montaj\u0131<\/li>\n<li> \u00d6zel Sand\u0131klama (k\u0131r\u0131lgan veya y\u00fcksek de\u011ferli \u00fcr\u00fcnler i\u00e7in)<\/li>\n<li> Ev Temizli\u011fi<\/li>\n<li> Hizmet\u00e7i Servisi (\u00e7ama\u015f\u0131rlar\u0131n y\u0131kanmas\u0131, kald\u0131r\u0131lmas\u0131 <a href=\"https:\/\/moverdb.com\/tr\/moving-to-china\/\" data-internallinksmanager029f6b8e52c=\"357\" title=\"\u00c7in&#039;e mi Ta\u015f\u0131n\u0131yorsunuz? 2026 Ya\u015fam Maliyetleri ve Yer De\u011fi\u015ftirme \u0130pu\u00e7lar\u0131\">\u00c7\u0130N<\/a>cam e\u015fyalar, giysiler vb.)<\/li>\n<li> Elektrik\u00e7i veya Tesisat\u00e7\u0131<\/li>\n<li> Uydu TV anteni ba\u011flant\u0131s\u0131n\u0131n kesilmesi ve yeniden kurulmas\u0131<\/li>\n<li> Uzman 'g\u00fcvenli' kald\u0131rma<\/li>\n<li> Pencere ve Kap\u0131 Kasalar\u0131n\u0131n s\u00f6k\u00fclmesi ve yeniden tak\u0131lmas\u0131<\/li>\n<li> \u00dcst katlardan konuta eri\u015fim i\u00e7in D\u0131\u015f Asans\u00f6r (uzman vin\u00e7)<\/li>\n<li> Mobilya Kiralama<\/li>\n<li> Mobilya Restorasyonu ve Onar\u0131m\u0131<\/li>\n<\/ul>\n<h2>Constantine Nakliyat \u015eirket Profili<\/h2>\n<p>Constantine \u015firketler grubu 19. y\u00fczy\u0131l\u0131n ortalar\u0131nda Joseph Constantine ve di\u011fer aile \u00fcyelerinin yelkenli gemilere sahip bir \u015firketi sat\u0131n almas\u0131yla ba\u015flad\u0131. Buhar\u0131n yelkeni ge\u00e7ti\u011fi d\u00f6nemde Constantine Grubu, d\u00fcnyan\u0131n en b\u00fcy\u00fck gemi sahiplerinden biri olacak kadar geni\u015flemi\u015fti. <a href=\"https:\/\/moverdb.com\/tr\/moving-to-the-uk\/\" data-internallinksmanager029f6b8e52c=\"93\" title=\"Birle\u015fik Krall\u0131k&#039;a m\u0131 ta\u015f\u0131n\u0131yorsunuz? 2026 Ya\u015fam Maliyetleri &amp; Yer De\u011fi\u015ftirme \u0130pu\u00e7lar\u0131\">BIRLE\u015eIK KRALLIK<\/a>.<\/p>\n<p>Birinci ve \u0130kinci D\u00fcnya Sava\u015f\u0131 ne yaz\u0131k ki gemilerini ald\u0131, bu y\u00fczden grup seyahate y\u00f6neldi, <a href=\"https:\/\/moverdb.com\/tr\/yuk-i%cc%87leti%cc%87ci%cc%87si%cc%87\/\">y\u00fck ta\u015fimacili\u011fi<\/a> ve emlak yat\u0131r\u0131m\u0131. Bug\u00fcn Constantine Moving, d\u00fcnya \u00e7ap\u0131nda insan ve sanat eserlerinin ta\u015f\u0131nmas\u0131na odaklanmaktad\u0131r. Krali\u00e7e Elizabeth II'ye verdikleri hizmetlerden dolay\u0131 Kraliyet Atama Emri'ne sahiptirler.<\/p>\n<p>Constantine Moving ba\u011flant\u0131lar\u0131 ve akreditasyonlar\u0131:<\/p>\n<ul>\n<li> <a href=\"https:\/\/moverdb.com\/tr\/british-association-of-removers\/\">\u0130ngiliz S\u00f6k\u00fcmc\u00fcler Birli\u011fi<\/a> (<a href=\"https:\/\/moverdb.com\/tr\/british-association-of-removers\/\" data-internallinksmanager029f6b8e52c=\"9\" title=\"\u0130ngiliz S\u00f6k\u00fcmc\u00fcler Birli\u011fi (BAR) A\u00e7\u0131klamas\u0131\">BAR<\/a>)<\/li>\n<li> <a href=\"https:\/\/moverdb.com\/tr\/fidi-faim\/\">FIDI<\/a><\/li>\n<li> <a href=\"https:\/\/moverdb.com\/tr\/fidi-faim\/\">FAIM<\/a><\/li>\n<li> Ticaret Standartlar\u0131 Enstit\u00fcs\u00fc (TSI)<\/li>\n<li> <a href=\"https:\/\/moverdb.com\/tr\/iam\/\">Uluslararas\u0131 Ta\u015f\u0131mac\u0131lar Birli\u011fi<\/a> (<a href=\"https:\/\/moverdb.com\/tr\/iam\/\" data-internallinksmanager029f6b8e52c=\"23\" title=\"Uluslararas\u0131 Ta\u015f\u0131mac\u0131lar Birli\u011fi (IAM) A\u00e7\u0131klamas\u0131\">IAM<\/a>)<\/li>\n<li> Sanat Ta\u015f\u0131y\u0131c\u0131lar\u0131 Uluslararas\u0131 Bulu\u015fmas\u0131 (ARTIM)<\/li>\n<li> Majesteleri Krali\u00e7e'nin Atamas\u0131yla<\/li>\n<\/ul>\n<h2>Constantine Nakliyat Yorumlar\u0131<\/h2>\n<p><em>Constantine Moving i\u00e7in \u015fu anda \u00e7evrimi\u00e7i olarak olumlu veya olumsuz bir yorum bulunmamaktad\u0131r.<\/em><\/p>\n<div itemprop=\"review\" itemscope itemtype=\"http:\/\/schema.org\/Review\">\n<span itemprop=\"author\" itemscope=\"\" itemtype=\"http:\/\/schema.org\/Organization\"><span itemprop=\"name\">MoverDB.com<\/span><\/span> \u00c7evrimi\u00e7i Web Sitesi \u0130ncelemesi i\u00e7in <span itemprop=\"itemreviewed\" itemscope=\"\" itemtype=\"http:\/\/schema.org\/Brand\"><span itemprop=\"name\">Constantine Nakliyat<\/span><\/span>:<\/p>\n<ol>\n<li> Web sitesinde a\u00e7\u0131k ileti\u015fim bilgileri (telefon numaras\u0131 dahil): <strong>Evet<\/strong><\/li>\n<li> Almas\u0131 kolay <a href=\"https:\/\/moverdb.com\/tr\/alintilar\/\">uluslararas\u0131 ta\u015f\u0131mac\u0131l\u0131k teklifleri<\/a>? (\u00c7evrimi\u00e7i tahmin talep formu): <strong>Hay\u0131r<\/strong><\/li>\n<li> Web sitesinde net bilgiler: <strong>Biraz,<\/strong> Web sitesi \u00e7ok fazla ayr\u0131nt\u0131l\u0131 bilgi i\u00e7ermemektedir. Bu, planlama a\u015famas\u0131nda sa\u011flanm\u0131\u015ft\u0131r.<\/li>\n<li> Uluslararas\u0131 tan\u0131nm\u0131\u015f ta\u015f\u0131ma organizasyonlar\u0131na \u00fcyelik: <strong>Evet<\/strong>, yukar\u0131ya bak\u0131n.<\/li>\n<li> M\u00fc\u015fterilerin listesi ve\/veya \u00f6nceki m\u00fc\u015fteri referanslar\u0131: <strong>Hay\u0131r<\/strong>Her ne kadar Krali\u00e7e 2. Elizabeth ve Kraliyet ailesi m\u00fc\u015fterileri aras\u0131nda yer alsa da.<\/li>\n<\/ol>\n<div itemprop=\"reviewRating\" itemscope itemtype=\"http:\/\/schema.org\/Rating\"><meta itemprop=\"worstRating\" content = \"0\" \/><meta itemprop=\"bestRating\" content=\"5\" \/><meta itemprop=\"ratingValue\" content=\"4\"><\/div>\n<p><strong>Genel puan: 4\/5<\/strong><br \/>\n<strong>\u0130nceleme Tarihi:<\/strong> <span itemprop=\"datePublished\" content=\"2016-10-11\">11\/10\/16<\/span>\n<\/div>\n<p>Reaad hakk\u0131nda daha fazla bilgi <a href=\"https:\/\/moverdb.com\/tr\/uluslararasi-tasimalar\/\">uluslararasi ta\u015fima \u015fi\u0307rketleri\u0307<\/a> ve bizim <a href=\"https:\/\/moverdb.com\/tr\/yorumlar\/\">g\u00f6zden ge\u00e7irme s\u00fcreci<\/a>.<\/p>\n<p><strong>Web sitesi:<\/strong> <a href=\"http:\/\/www.constantinemoving.com\/\" target=\"_blank\" rel=\"noopener\">http:\/\/www.constantinemoving.com\/<\/a><\/p>","protected":false},"excerpt":{"rendered":"<p>The services of Constantine Moving are listed below, following by a company profile and reviews. International Home Moving Pre-move appointment Free quote, move plan and timetable Highly experienced professionally trained packing crew Storage available Sea shipment Air shipment Road transportation Customs clearance Delivery to new home Unpacking and reassembling of furniture Removal of all packing [&hellip;]<\/p>\n","protected":false},"author":1,"featured_media":0,"parent":0,"menu_order":0,"comment_status":"closed","ping_status":"closed","template":"","meta":{"_genesis_hide_title":false,"_genesis_hide_breadcrumbs":false,"_genesis_hide_singular_image":false,"_genesis_hide_footer_widgets":false,"_genesis_custom_body_class":"","_genesis_custom_post_class":"","_genesis_layout":"","footnotes":""},"class_list":{"0":"post-895","1":"page","2":"type-page","3":"status-publish","5":"entry"},"_links":{"self":[{"href":"https:\/\/moverdb.com\/tr\/wp-json\/wp\/v2\/pages\/895","targetHints":{"allow":["GET"]}}],"collection":[{"href":"https:\/\/moverdb.com\/tr\/wp-json\/wp\/v2\/pages"}],"about":[{"href":"https:\/\/moverdb.com\/tr\/wp-json\/wp\/v2\/types\/page"}],"author":[{"embeddable":true,"href":"https:\/\/moverdb.com\/tr\/wp-json\/wp\/v2\/users\/1"}],"replies":[{"embeddable":true,"href":"https:\/\/moverdb.com\/tr\/wp-json\/wp\/v2\/comments?post=895"}],"version-history":[{"count":3,"href":"https:\/\/moverdb.com\/tr\/wp-json\/wp\/v2\/pages\/895\/revisions"}],"predecessor-version":[{"id":6195,"href":"https:\/\/moverdb.com\/tr\/wp-json\/wp\/v2\/pages\/895\/revisions\/6195"}],"wp:attachment":[{"href":"https:\/\/moverdb.com\/tr\/wp-json\/wp\/v2\/media?parent=895"}],"curies":[{"name":"wp","href":"https:\/\/api.w.org\/{rel}","templated":true}]}}