{"id":893,"date":"2016-09-28T05:29:53","date_gmt":"2016-09-28T05:29:53","guid":{"rendered":"http:\/\/moverdb.com\/?page_id=893"},"modified":"2026-01-08T14:40:01","modified_gmt":"2026-01-08T14:40:01","slug":"john-mason","status":"publish","type":"page","link":"https:\/\/moverdb.com\/tr\/john-mason\/","title":{"rendered":"John Mason Uluslararas\u0131 Nakliyat: Nakliye Yorumlar\u0131"},"content":{"rendered":"<p>John Mason International Movers, m\u00fc\u015fterilerine a\u015fa\u011f\u0131da listelenen \u00e7e\u015fitli ta\u015f\u0131ma hizmetleri sunmaktad\u0131r. Ayr\u0131ca bir \u015firket profili ve incelemeler de bulunmaktad\u0131r.<\/p>\n<p><strong><a href=\"https:\/\/moverdb.com\/tr\/container-shipping\/\" data-internallinksmanager029f6b8e52c=\"3\" title=\"Uluslararas\u0131 Konteyner Nakliye Fiyatlar\u0131 Tablosu: Nisan 2026\">Uluslararas\u0131 Nakliye<\/a> Hizmetler - Gidi\u015f ve D\u00f6n\u00fc\u015f <a href=\"https:\/\/moverdb.com\/tr\/moving-to-the-uk\/\" data-internallinksmanager029f6b8e52c=\"93\" title=\"Birle\u015fik Krall\u0131k&#039;a m\u0131 ta\u015f\u0131n\u0131yorsunuz? 2026 Ya\u015fam Maliyetleri &amp; Yer De\u011fi\u015ftirme \u0130pu\u00e7lar\u0131\">BIRLE\u015eIK KRALLIK<\/a><\/strong><\/p>\n<ul>\n<li> Kap\u0131dan kap\u0131ya servis<\/li>\n<li> \u00d6zel ta\u015f\u0131nma y\u00f6neticisi<\/li>\n<li> Evde profesyonel ihracat ambalaj\u0131<\/li>\n<li> Hava veya deniz yoluyla nakliye<\/li>\n<li> <a href=\"https:\/\/moverdb.com\/tr\/konteyner-tasimaciligi\/\">Tam konteyner y\u00fck\u00fc veya payla\u015f\u0131lan konteyner<\/a><\/li>\n<li> Tek e\u015fyalar i\u00e7in bagaj hizmeti<\/li>\n<li> D\u00fcnya \u00e7ap\u0131nda profesyonel acenteler a\u011f\u0131<\/li>\n<li> G\u00fcmr\u00fck i\u015flemleri<\/li>\n<li> Yeni evde teslimat ve paket a\u00e7ma<\/li>\n<li> \u00c7\u0131k\u0131\u015f ve var\u0131\u015f noktalar\u0131nda depolama<\/li>\n<li> All Risk Deniz Sigortas\u0131<\/li>\n<li> Hizmet\u00e7i ve tamirci hizmetleri<\/li>\n<\/ul>\n<p><strong>Uluslararas\u0131 Ta\u015f\u0131nma Hizmetleri<\/strong><\/p>\n<ul>\n<li> Ev sat\u0131\u015f\u0131 konusunda yard\u0131m<\/li>\n<li> Ayr\u0131l\u0131\u015f hizmeti - k\u00fc\u00e7\u00fck onar\u0131mlar ve temizlik gibi yar\u0131m kalm\u0131\u015f i\u015flerin tamamlanmas\u0131<\/li>\n<li> Hareket y\u00f6netimi<\/li>\n<li> Oryantasyon turlar\u0131 - m\u00fclk ve okullar\u0131n g\u00f6r\u00fclmesi dahil<\/li>\n<li> K\u00fclt\u00fcrel ve dil e\u011fitimi<\/li>\n<li> Yerle\u015fmek - banka hesaplar\u0131 a\u00e7mak, bir doktora ve di\u015f\u00e7iye kaydolmak ve hayat\u0131 kolayla\u015ft\u0131rmak i\u00e7in say\u0131s\u0131z ba\u015fka g\u00f6rev<\/li>\n<li> Evcil hayvanlar\u0131n ta\u015f\u0131nmas\u0131<\/li>\n<\/ul>\n<p><strong>Avrupa Nakliye ve Ta\u015f\u0131mac\u0131l\u0131k<\/strong><\/p>\n<ul>\n<li> Amaca y\u00f6nelik Avrupa ara\u00e7 filosu<\/li>\n<li> \u00d6zel ta\u015f\u0131nma y\u00f6neticileri<\/li>\n<li> Kap\u0131dan kap\u0131ya servis<\/li>\n<li> \u00d6zel hizmet - ara\u00e7ta bir ki\u015finin\/\u015firketin mallar\u0131 bulunacakt\u0131r<\/li>\n<li> K\u0131smi y\u00fck servisi<\/li>\n<li> Paketleme se\u00e7enekleri - ev sahibi taraf\u0131ndan paketlenmi\u015f, se\u00e7ilen \u00fcr\u00fcnler profesyonel olarak paketlenmi\u015f, tam profesyonel paket<\/li>\n<li> Varsa g\u00fcmr\u00fck ve t\u00fcketim vergisi yard\u0131m\u0131<\/li>\n<li> Depolama <\/li>\n<li> Sigorta<\/li>\n<li> Hava ta\u015f\u0131mac\u0131l\u0131\u011f\u0131 d\u00fczenlenebilir<\/li>\n<\/ul>\n<p><strong>Ticari Nakliye Hizmetleri<\/strong><\/p>\n<ul>\n<li> Hava ta\u015f\u0131mac\u0131l\u0131\u011f\u0131<\/li>\n<li> FCL<\/li>\n<li> LCL<\/li>\n<li> Grupaj<\/li>\n<li> Avrupa karayolu hizmetleri<\/li>\n<\/ul>\n<p><strong>Depolama Hizmetleri<\/strong><\/p>\n<ul>\n<li> Ar\u015fiv depolama<\/li>\n<li> Tekne depolama<\/li>\n<li> Karavan depolama<\/li>\n<li> Ticari depolama<\/li>\n<li> Ev tipi depolama<\/li>\n<li> Motosiklet depolama<\/li>\n<li> Kendi kendine depolama<\/li>\n<li> \u00d6\u011frenci deposu<\/li>\n<li> Ara\u00e7 depolama<\/li>\n<\/ul>\n<h2>John Mason International Movers \u015eirket Profili<\/h2>\n<p>John Mason International Movers 1884 y\u0131l\u0131nda Mary Mason taraf\u0131ndan kurulmu\u015ftur. Ana i\u015fleri k\u00f6m\u00fcr ta\u015f\u0131mak olan Mary Mason'a 1887 y\u0131l\u0131nda o\u011flu John Mason da kat\u0131ld\u0131. John Mason 1890 y\u0131l\u0131nda i\u015fi annesinden devrald\u0131 ve genel ta\u015f\u0131ma ve nakliye i\u015fine ba\u015flad\u0131. <a href=\"https:\/\/moverdb.com\/tr\/moving-companies\/\" data-internallinksmanager029f6b8e52c=\"79\" title=\"\u00c7evrimi\u00e7i En \u0130yi 25 Uluslararas\u0131 Nakliye \u015eirketi\">ta\u015finma \u015fi\u0307rketi\u0307<\/a>. \u015eirket b\u00fcy\u00fcmeye ve geli\u015fmeye devam etti ve 1955'te g\u00fcnl\u00fck ta\u015f\u0131ma hizmeti vermeye ba\u015flad\u0131. <a href=\"https:\/\/moverdb.com\/tr\/moving-to-ireland\/\" data-internallinksmanager029f6b8e52c=\"320\" title=\"\u0130rlanda&#039;ya m\u0131 ta\u015f\u0131n\u0131yorsunuz? 2026 Ya\u015fam Maliyetleri &amp; Yer De\u011fi\u015ftirme \u0130pu\u00e7lar\u0131\">\u0130rlanda<\/a>. <\/p>\n<p>John Mason b\u00fcy\u00fcmeye devam etti ve \u015fimdi her y\u0131l d\u00fcnya \u00e7ap\u0131nda ortalama 8.000 ta\u015f\u0131ma ger\u00e7ekle\u015ftiriyor. Uluslararas\u0131 ta\u015f\u0131malar, kurumsal ve ticari ta\u015f\u0131malar, ev ta\u015f\u0131malar\u0131 ve depolama bu aile i\u015fletmesinin temelini olu\u015fturmaktad\u0131r. Vizyonlar\u0131, aile de\u011ferlerine ve d\u00fcr\u00fcstl\u00fc\u011fe vurgu yaparak tamamen esnek bir ta\u015f\u0131ma hizmeti sunmakt\u0131r.<\/p>\n<p>John Mason'\u0131n ba\u011flant\u0131lar\u0131 ve akreditasyonlar\u0131:<\/p>\n<ul>\n<li> <a href=\"https:\/\/moverdb.com\/tr\/british-association-of-removers\/\">\u0130ngiliz S\u00f6k\u00fcmc\u00fcler Birli\u011fi<\/a> (<a href=\"https:\/\/moverdb.com\/tr\/british-association-of-removers\/\" data-internallinksmanager029f6b8e52c=\"9\" title=\"\u0130ngiliz S\u00f6k\u00fcmc\u00fcler Birli\u011fi (BAR) A\u00e7\u0131klamas\u0131\">BAR<\/a>)<\/li>\n<li> <a href=\"https:\/\/moverdb.com\/tr\/bar-overseas\/\">\u0130ngiliz S\u00f6k\u00fcmc\u00fcler Birli\u011fi Deniza\u015f\u0131r\u0131 S\u00f6k\u00fcmc\u00fcler<\/a><\/li>\n<li> Overseas Moving Network International (OMNI)<\/li>\n<li> <a href=\"https:\/\/moverdb.com\/tr\/fidi-faim\/\">Uluslararas\u0131 Ta\u015f\u0131mac\u0131lar Federasyonu<\/a> (<a href=\"https:\/\/moverdb.com\/tr\/fidi-faim\/\" data-internallinksmanager029f6b8e52c=\"16\" title=\"FIDI &amp; FAIM (FIDI Akredite Uluslararas\u0131 Ta\u015f\u0131mac\u0131) A\u00e7\u0131klamas\u0131\">FIDI<\/a>)<\/li>\n<li> <a href=\"https:\/\/moverdb.com\/tr\/fidi-faim\/\">FAIM<\/a><\/li>\n<li> <a href=\"https:\/\/moverdb.com\/tr\/mtc\/\">The Movers Trading Club<\/a> (<a href=\"https:\/\/moverdb.com\/tr\/mtc\/\" data-internallinksmanager029f6b8e52c=\"30\" title=\"Movers Trading Club (MTC) A\u00e7\u0131klamas\u0131\">MTC<\/a>)<\/li>\n<li> Ticaret Standartlar\u0131 Enstit\u00fcs\u00fc<\/li>\n<li> <a href=\"https:\/\/moverdb.com\/tr\/lacma\/\">Latin Amerika ve Karayipler Uluslararas\u0131 Ta\u015f\u0131mac\u0131lar Birli\u011fi<\/a> (<a href=\"https:\/\/moverdb.com\/tr\/lacma\/\" data-internallinksmanager029f6b8e52c=\"28\" title=\"Latin Amerika ve Karayipler Uluslararas\u0131 Ta\u015f\u0131mac\u0131lar Birli\u011fi (LACMA)\">LACMA<\/a>)<\/li>\n<\/ul>\n<h2>John Mason International Movers Yorumlar\u0131<\/h2>\n<p><strong>Pozitif<\/strong><\/p>\n<ul>\n<li> <em>\"John Mason'la olan t\u00fcm deneyimim \u00e7ok iyiydi, Tony'nin incelemesinden konteynerin paketlendi\u011fi bug\u00fcne kadar, John Mason'a kesinlikle nakliye hizmeti vermesini tavsiye edece\u011fim.\"<\/em> - M.H. South Shields'den <a href=\"http:\/\/www.johnmason.com\/about-us\/\" target=\"_blank\" rel=\"noopener\">John Mason web sitesi<\/a>.<\/li>\n<li> <em>\"John Masons ekibini ola\u011fan\u00fcst\u00fc buldum. Ev ziyaretinden, s\u0131k s\u0131k yapt\u0131klar\u0131 g\u00fcncellemelere, nakliyecilere kadar hepsi harikayd\u0131.\"<\/em> - Jaclyn arac\u0131l\u0131\u011f\u0131yla <a href=\"https:\/\/www.facebook.com\/johnmasoninternational\/reviews\/\" target=\"_blank\" rel=\"noopener\">Facebook incelemesi<\/a><\/li>\n<li><em>\"Ayn\u0131 ta\u015f\u0131nmay\u0131 3 ay \u00f6nce John Masons uluslararas\u0131 nakliyecilerini kullanarak yapt\u0131k. Paketleme ve ambalaj a\u00e7ma i\u015flerini de onlar yapt\u0131. Onlar\u0131 yeterince tavsiye edemem, tek bir \u015fey bile k\u0131r\u0131lmad\u0131 ya da kaybolmad\u0131.\"<\/em> - \u00fczerinden <a href=\"http:\/\/www.mumsnet.com\/Talk\/living_overseas\/1535416-Shipping-to-Australia\" target=\"_blank\" rel=\"noopener\">Mumsnet<\/a><\/li>\n<\/ul>\n<p><strong>Negatif<\/strong><\/p>\n<p>Sadece <strong>6%<\/strong> Trustpilot'taki yorumlar\u0131n\u0131n 1 veya 2 y\u0131ld\u0131zl\u0131 olmas\u0131 <strong>93%<\/strong> 4 ya da 5 y\u0131ld\u0131zl\u0131. T\u00fcm bu yorumlar\u0131 okuyabilirsiniz <a href=\"https:\/\/uk.trustpilot.com\/review\/www.johnmason.com\" rel=\"noopener\" target=\"_blank\">Burada<\/a>.  <\/p>\n<div itemprop=\"review\" itemscope itemtype=\"http:\/\/schema.org\/Review\">\n<span itemprop=\"author\" itemscope=\"\" itemtype=\"http:\/\/schema.org\/Organization\"><span itemprop=\"name\">MoverDB.com<\/span><\/span> \u00c7evrimi\u00e7i Web Sitesi \u0130ncelemesi i\u00e7in <span itemprop=\"itemreviewed\" itemscope=\"\" itemtype=\"http:\/\/schema.org\/Brand\"><span itemprop=\"name\">John Mason Uluslararas\u0131 Nakliyat<\/span><\/span>:<\/p>\n<ol>\n<li> Web sitesinde a\u00e7\u0131k ileti\u015fim bilgileri (telefon numaras\u0131 dahil): <strong>Evet<\/strong><\/li>\n<li> Almas\u0131 kolay <a href=\"https:\/\/moverdb.com\/tr\/alintilar\/\">uluslararas\u0131 ta\u015f\u0131mac\u0131l\u0131k teklifleri<\/a>? (\u00c7evrimi\u00e7i tahmin talep formu): <strong>Evet<\/strong><\/li>\n<li> Web sitesinde net bilgiler: <strong>Evet,<\/strong> Web sitesi olduk\u00e7a kapsaml\u0131d\u0131r, ancak talep \u00fczerine daha ayr\u0131nt\u0131l\u0131 bilgi verilecektir.<\/li>\n<li> Uluslararas\u0131 tan\u0131nm\u0131\u015f ta\u015f\u0131ma organizasyonlar\u0131na \u00fcyelik: <strong>Evet<\/strong>, yukar\u0131ya bak\u0131n.<\/li>\n<li> M\u00fc\u015fterilerin listesi ve\/veya \u00f6nceki m\u00fc\u015fteri referanslar\u0131: <strong>Biraz,<\/strong> Her sayfan\u0131n alt\u0131nda m\u00fc\u015fteri yorumlar\u0131 var, ancak bunlar i\u00e7in \u00f6zel bir sayfa yok. Dahas\u0131, \u00e7evrimi\u00e7i olarak \u00e7o\u011funlukla olumlu ele\u015ftirilere sahip olsalar da, birka\u00e7 olumsuz ele\u015ftiri de var.<\/li>\n<\/ol>\n<div itemprop=\"reviewRating\" itemscope itemtype=\"http:\/\/schema.org\/Rating\"><meta itemprop=\"worstRating\" content = \"0\" \/><meta itemprop=\"bestRating\" content=\"5\" \/><meta itemprop=\"ratingValue\" content=\"4\"><\/div>\n<p><strong>Genel puan: 4\/5<\/strong><br \/>\n<strong>\u0130nceleme Tarihi:<\/strong> <span itemprop=\"datePublished\" content=\"2019-01-18\">18\/01\/2019<\/span>\n<\/div>\n<p>Hakk\u0131nda daha fazlas\u0131n\u0131 okuyun <a href=\"https:\/\/moverdb.com\/tr\/uluslararasi-tasimalar\/\">uluslararasi ta\u015fima \u015fi\u0307rketleri\u0307<\/a> ve bizim <a href=\"https:\/\/moverdb.com\/tr\/yorumlar\/\">g\u00f6zden ge\u00e7irme s\u00fcreci<\/a>.<\/p>\n<p><strong>Web sitesi:<\/strong> <a href=\"http:\/\/www.johnmason.com\/\" target=\"_blank\" rel=\"noopener\">http:\/\/www.johnmason.com\/<\/a><\/p>","protected":false},"excerpt":{"rendered":"<p>John Mason International Movers offers clients various removal services which are listed below. There also follows a company profile and reviews. International Shipping Services &#8211; To and From the UK Door to door service Dedicated move manager Professional export packing at home Shipping by air or sea Full container load or shared container Baggage service [&hellip;]<\/p>\n","protected":false},"author":1,"featured_media":0,"parent":0,"menu_order":0,"comment_status":"closed","ping_status":"closed","template":"","meta":{"_genesis_hide_title":false,"_genesis_hide_breadcrumbs":false,"_genesis_hide_singular_image":false,"_genesis_hide_footer_widgets":false,"_genesis_custom_body_class":"","_genesis_custom_post_class":"","_genesis_layout":"","footnotes":""},"class_list":{"0":"post-893","1":"page","2":"type-page","3":"status-publish","5":"entry"},"_links":{"self":[{"href":"https:\/\/moverdb.com\/tr\/wp-json\/wp\/v2\/pages\/893","targetHints":{"allow":["GET"]}}],"collection":[{"href":"https:\/\/moverdb.com\/tr\/wp-json\/wp\/v2\/pages"}],"about":[{"href":"https:\/\/moverdb.com\/tr\/wp-json\/wp\/v2\/types\/page"}],"author":[{"embeddable":true,"href":"https:\/\/moverdb.com\/tr\/wp-json\/wp\/v2\/users\/1"}],"replies":[{"embeddable":true,"href":"https:\/\/moverdb.com\/tr\/wp-json\/wp\/v2\/comments?post=893"}],"version-history":[{"count":8,"href":"https:\/\/moverdb.com\/tr\/wp-json\/wp\/v2\/pages\/893\/revisions"}],"predecessor-version":[{"id":13168,"href":"https:\/\/moverdb.com\/tr\/wp-json\/wp\/v2\/pages\/893\/revisions\/13168"}],"wp:attachment":[{"href":"https:\/\/moverdb.com\/tr\/wp-json\/wp\/v2\/media?parent=893"}],"curies":[{"name":"wp","href":"https:\/\/api.w.org\/{rel}","templated":true}]}}