{"id":892,"date":"2016-10-03T05:36:50","date_gmt":"2016-10-03T05:36:50","guid":{"rendered":"http:\/\/moverdb.com\/?page_id=892"},"modified":"2026-01-08T14:48:20","modified_gmt":"2026-01-08T14:48:20","slug":"fn-removals","status":"publish","type":"page","link":"https:\/\/moverdb.com\/tr\/fn-removals\/","title":{"rendered":"F&amp;N Worldwide Removals: Uluslararas\u0131 Ta\u015f\u0131nma Yorumlar\u0131"},"content":{"rendered":"<p>F&amp;N Worldwide Removals hizmetleri, \u015firket profili ve de\u011ferlendirmeleri ile birlikte a\u015fa\u011f\u0131da listelenmi\u015ftir.<\/p>\n<p><strong>Uluslararas\u0131 ve Avrupa Ta\u015f\u0131malar\u0131<\/strong><\/p>\n<ul>\n<li> Kap\u0131dan kap\u0131ya servis<\/li>\n<li> Uzman paketleme<\/li>\n<li> Varsa \u00f6zel yap\u0131m kasalar<\/li>\n<li> Gerekirse depolama<\/li>\n<li> Kara, deniz veya hava yoluyla nakliyenin organize edilmesi<\/li>\n<li> D\u00fczenle <a href=\"https:\/\/moverdb.com\/tr\/araba-tasima-nakliye\/\">ara\u00e7lar\u0131n nakliyesi<\/a><\/li>\n<li> Var\u0131\u015f yerine vard\u0131\u011f\u0131n\u0131zda ambalaj\u0131 a\u00e7ma<\/li>\n<li> Mevcut uzmanlar <a href=\"https:\/\/moverdb.com\/tr\/moving-to-the-uk\/\" data-internallinksmanager029f6b8e52c=\"93\" title=\"Birle\u015fik Krall\u0131k&#039;a m\u0131 ta\u015f\u0131n\u0131yorsunuz? 2026 Ya\u015fam Maliyetleri &amp; Yer De\u011fi\u015ftirme \u0130pu\u00e7lar\u0131\">BIRLE\u015eIK KRALLIK<\/a> ve var\u0131\u015f \u00fclkesi<\/li>\n<li> G\u00fcmr\u00fck ve nakliye \u015firketleri ile anla\u015fma<\/li>\n<li> Sigorta organizasyonu<\/li>\n<li> Var\u0131\u015f noktas\u0131ndan nakliyeyi organize edin <a href=\"https:\/\/moverdb.com\/tr\/top-49-container-ports\/\" data-internallinksmanager029f6b8e52c=\"80\" title=\"2025 Y\u0131l\u0131nda En B\u00fcy\u00fck ve En Yo\u011fun 49 Konteyner Liman\u0131\">Liman<\/a><\/li>\n<\/ul>\n<p><strong>Uluslararas\u0131 Kurumsal Ta\u015f\u0131nma<\/strong><\/p>\n<ul>\n<li> Lojisti\u011fi g\u00f6r\u00fc\u015fmek \u00fczere anket ziyareti<\/li>\n<li> Kap\u0131dan kap\u0131ya servis<\/li>\n<li> Profesyonel paketleme ve ambalaj a\u00e7ma<\/li>\n<li> <a href=\"https:\/\/moverdb.com\/tr\/car-transport-shipping\/\" data-internallinksmanager029f6b8e52c=\"2\" title=\"2026 Uluslararas\u0131 Ara\u00e7 Ta\u015f\u0131ma &amp; Ara\u00e7 Nakliye Fiyatlar\u0131\">Ara\u00e7 nakliyesi<\/a><\/li>\n<li> Bilgisayar a\u011flar\u0131n\u0131n s\u00f6k\u00fclmesi ve yeniden montaj\u0131 i\u00e7in BT hizmetleri<\/li>\n<li> \u00c7al\u0131\u015fanlar i\u00e7in okul ve ev aramalar\u0131 d\u00fczenlemek<\/li>\n<li> Mobilya kiralama<\/li>\n<li> Expat kul\u00fcp etkinlikleri<\/li>\n<li> K\u00fclt\u00fcrel iklimlendirme toplant\u0131lar\u0131<\/li>\n<li> G\u00fcmr\u00fcklerle ilgilenmek ve <a href=\"https:\/\/moverdb.com\/tr\/nakli%cc%87ye-si%cc%87rketleri%cc%87\/\">nakli\u0307ye \u015fi\u0307rketleri\u0307<\/a><\/li>\n<li> Sigorta ayarland\u0131<\/li>\n<li> Var\u0131\u015f liman\u0131ndan ta\u015f\u0131ma<\/li>\n<\/ul>\n<p><strong>Birle\u015fik Krall\u0131k Nakliye<\/strong><\/p>\n<ul>\n<li> 25 modern hareketli ara\u00e7<\/li>\n<li> Kap\u0131dan kap\u0131ya servis<\/li>\n<li> Gerekirse profesyonel paketleme ve ambalaj a\u00e7ma<\/li>\n<li> Kutu ve ambalaj malzemeleri mevcuttur<\/li>\n<li> Gerekirse depolama<\/li>\n<li> Sigorta d\u00fczenlemesi<\/li>\n<\/ul>\n<p><strong>Depolama<\/strong><\/p>\n<ul>\n<li> 24 saat eri\u015fim ve CCTV monit\u00f6rleri ile kendi kendine depolama<\/li>\n<li> Belge ve ar\u015fiv depolama<\/li>\n<li> Uzun s\u00fcreli konteynerli depolama<\/li>\n<\/ul>\n<h2>F&amp;N Worldwide Removals \u015eirket Profili<\/h2>\n<p>F&amp;N Worldwide Removals 1980 y\u0131l\u0131nda Berlin'de ba\u015flad\u0131 ancak k\u0131sa bir s\u00fcre sonra \u0130ngiltere'ye ta\u015f\u0131nd\u0131. F&amp;N ba\u015flang\u0131\u00e7ta askeri mallar\u0131 ta\u015f\u0131d\u0131 ve yava\u015f yava\u015f \u0130ngiltere ta\u015f\u0131nma pazar\u0131na girdi. \u015eirket geni\u015fledi ve Avrupa'ya \u00f6zel ve ticari ta\u015f\u0131malar\u0131 da kapsad\u0131. \u015eirket, kendi kendine depolama tesisleri, ofis ta\u015f\u0131ma ve bir ithalat b\u00f6l\u00fcm\u00fc a\u00e7arak b\u00fcy\u00fcmeye devam etti.<\/p>\n<p>F&amp;N Worldwide Removals art\u0131k d\u00fcnyan\u0131n d\u00f6rt bir yan\u0131ndaki insanlar\u0131, \u015firketleri ve mallar\u0131 ta\u015f\u0131yor. \u015eirket, bir\u00e7ok ye\u015fil inisiyatif uygulayarak \u00e7evreye kar\u015f\u0131 g\u00fc\u00e7l\u00fc bir ba\u011fl\u0131l\u0131\u011fa sahiptir. M\u00fckemmel m\u00fc\u015fteri hizmeti ve memnuniyetine g\u00fc\u00e7l\u00fc bir \u015fekilde inanmaktad\u0131r.<\/p>\n<p>F&amp;N Worldwide Removals Ba\u011fl\u0131 Kurulu\u015flar ve Akreditasyonlar:<\/p>\n<ul>\n<li> <a href=\"https:\/\/moverdb.com\/tr\/british-association-of-removers\/\">\u0130ngiliz S\u00f6k\u00fcmc\u00fcler Birli\u011fi<\/a> (<a href=\"https:\/\/moverdb.com\/tr\/british-association-of-removers\/\" data-internallinksmanager029f6b8e52c=\"9\" title=\"\u0130ngiliz S\u00f6k\u00fcmc\u00fcler Birli\u011fi (BAR) A\u00e7\u0131klamas\u0131\">BAR<\/a>)<\/li>\n<li> <a href=\"https:\/\/moverdb.com\/tr\/fidi-faim\/\">FIDI<\/a><\/li>\n<li> <a href=\"https:\/\/moverdb.com\/tr\/fidi-faim\/\">FAIM<\/a><\/li>\n<li> <a href=\"https:\/\/moverdb.com\/tr\/iam\/\">Uluslararas\u0131 Ta\u015f\u0131mac\u0131lar Birli\u011fi<\/a> (<a href=\"https:\/\/moverdb.com\/tr\/iam\/\" data-internallinksmanager029f6b8e52c=\"23\" title=\"Uluslararas\u0131 Ta\u015f\u0131mac\u0131lar Birli\u011fi (IAM) A\u00e7\u0131klamas\u0131\">IAM<\/a>)<\/li>\n<li> <a href=\"https:\/\/moverdb.com\/tr\/fedemac\/\">Avrupa Ta\u015f\u0131mac\u0131lar Birli\u011fi Federasyonu<\/a> (<a href=\"https:\/\/moverdb.com\/tr\/fedemac\/\" data-internallinksmanager029f6b8e52c=\"15\" title=\"Avrupa Ta\u015f\u0131mac\u0131lar Birli\u011fi Federasyonu (FEDEMAC) A\u00e7\u0131klamas\u0131\">FEDEMAC<\/a>)<\/li>\n<li> Eurovan<\/li>\n<li> Ticaret Standartlar\u0131 Enstit\u00fcs\u00fc<\/li>\n<li> <a href=\"https:\/\/moverdb.com\/tr\/hgfaa\/\">Amerika Ev E\u015fyalar\u0131 Nakliyecileri Derne\u011fi<\/a> (HHGFAA)<\/li>\n<li> Kalite G\u00fcvenceli Hizmet Standard\u0131 - Ev Mobilyalar\u0131n\u0131n Ta\u015f\u0131nmas\u0131<\/li>\n<\/ul>\n<p><strong>F&amp;N Worldwide Removals Yorumlar\u0131<\/strong><\/p>\n<p><strong>Pozitif<\/strong><\/p>\n<ul>\n<li> <em>\"Sadece sizin i\u00e7in ne kadar birinci s\u0131n\u0131f bir i\u015f yapt\u0131\u011f\u0131n\u0131z\u0131 s\u00f6ylemek istiyorum. <a href=\"https:\/\/moverdb.com\/tr\/moving-to-the-united-states\/\" data-internallinksmanager029f6b8e52c=\"94\" title=\"Amerika Birle\u015fik Devletleri&#039;ne mi ta\u015f\u0131n\u0131yorsunuz? 2026 Ya\u015fam Maliyetleri ve Yer De\u011fi\u015ftirme \u0130pu\u00e7lar\u0131\">Biz<\/a> ba\u015f\u0131ndan sonuna kadar. L\u00fctfen t\u00fcm ilgililere te\u015fekk\u00fcr edin...\"<\/em> - Peter Hollingsworth arac\u0131l\u0131\u011f\u0131yla <a href=\"http:\/\/www.fnworldwide.com\/testimonials\/\" target=\"_blank\" rel=\"noopener\">m\u00fc\u015fteri\u0307 referans sayfasi<\/a><\/li>\n<li> <em>\"Bir s\u00fcredir <a href=\"https:\/\/moverdb.com\/tr\/international-removals\/\" data-internallinksmanager029f6b8e52c=\"27\" title=\"36 \u0130ngiltere&#039;deki En \u0130yi Uluslararas\u0131 Nakliye \u015eirketleri\">nakli\u0307ye \u015fi\u0307rketi\u0307<\/a> FN Worldwide Logistics Ltd'yi buldum. Web siteleri harika ve yakla\u015fan ta\u015f\u0131nmam i\u00e7in kesinlikle onlar\u0131 de\u011ferlendirece\u011fim. Ayr\u0131ca e-postama verdikleri h\u0131zl\u0131 yan\u0131ttan da \u00e7ok etkilendim.\"<\/em> - \u00fczerinden <a href=\"http:\/\/removal-company-reviews.com\/view-removal-company-review.php?c=F+N%20Worldwide%20Logistics%20Ltd&#038;id=532\" target=\"_blank\" rel=\"noopener\">Removal-Company-Reviews.com<\/a><\/li>\n<\/ul>\n<p><strong>Negatif<\/strong><\/p>\n<ul>\n<li> <em>\"F&amp;N, \u0130ngiltere'den T\u00fcrkiye'ye uluslararas\u0131 bir ta\u015f\u0131nma i\u00e7in benden \u00f6deme ald\u0131. <a href=\"https:\/\/moverdb.com\/tr\/moving-to-bermuda\/\" data-internallinksmanager029f6b8e52c=\"421\" title=\"Bermuda&#039;ya m\u0131 Ta\u015f\u0131n\u0131yorsunuz? 2026 Ya\u015fam Maliyetleri &amp; Yer De\u011fi\u015ftirme \u0130pu\u00e7lar\u0131\">Bermuda<\/a>. \u00c7al\u0131\u015ft\u0131\u011f\u0131m \u015firket de yanl\u0131\u015fl\u0131kla \u00f6deme yapt\u0131. F&amp;N birka\u00e7 kez hatas\u0131n\u0131 kabul etti ve defalarca paray\u0131 geri \u00f6deyece\u011fine s\u00f6z verdi. Ama \u00f6demediler.\"<\/em> - \u00fczerinden <a href=\"http:\/\/removal-company-reviews.com\/view-removal-company-review.php?c=F+N%20Worldwide%20Logistics%20Ltd&#038;id=532\" target=\"_blank\" rel=\"noopener\">Removal-Company-Reviews.com<\/a>\n<\/ul>\n<div itemprop=\"review\" itemscope itemtype=\"http:\/\/schema.org\/Review\">\n<span itemprop=\"author\" itemscope=\"\" itemtype=\"http:\/\/schema.org\/Organization\"><span itemprop=\"name\">MoverDB.com<\/span><\/span> \u00c7evrimi\u00e7i Web Sitesi \u0130ncelemesi i\u00e7in <span itemprop=\"itemreviewed\" itemscope=\"\" itemtype=\"http:\/\/schema.org\/Brand\"><span itemprop=\"name\">F&amp;N Worldwide Removals<\/span><\/span>:<\/p>\n<ol>\n<li> Web sitesinde a\u00e7\u0131k ileti\u015fim bilgileri (telefon numaras\u0131 dahil): <strong>Evet<\/strong><\/li>\n<li> Almas\u0131 kolay <a href=\"https:\/\/moverdb.com\/tr\/alintilar\/\">uluslararas\u0131 ta\u015f\u0131mac\u0131l\u0131k teklifleri<\/a>? (\u00c7evrimi\u00e7i tahmin talep formu): <strong>Evet<\/strong><\/li>\n<li> Web sitesinde net bilgiler: <strong>Baz\u0131lar\u0131<\/strong>, Web sitesi \u00e7ok fazla ayr\u0131nt\u0131l\u0131 bilgi i\u00e7ermiyor.<\/li>\n<li> Uluslararas\u0131 tan\u0131nm\u0131\u015f ta\u015f\u0131ma organizasyonlar\u0131na \u00fcyelik: <strong>Evet<\/strong>, yukar\u0131ya bak\u0131n<\/li>\n<li> M\u00fc\u015fterilerin listesi ve\/veya \u00f6nceki m\u00fc\u015fteri referanslar\u0131: <strong>Baz\u0131lar\u0131<\/strong> Sitede m\u00fc\u015fteri referanslar\u0131 var, ancak \u00e7evrimi\u00e7i ba\u015fka yerlerde \u00e7ok az yorum var.<\/li>\n<\/ol>\n<div itemprop=\"reviewRating\" itemscope itemtype=\"http:\/\/schema.org\/Rating\"><meta itemprop=\"worstRating\" content = \"0\" \/><meta itemprop=\"bestRating\" content=\"5\" \/><meta itemprop=\"ratingValue\" content=\"4\"><\/div>\n<p><strong>Genel puan: 4\/5<\/strong><br \/>\n<strong>\u0130nceleme Tarihi:<\/strong> <span itemprop=\"datePublished\" content=\"2016-10-03\">03\/10\/16<\/span>\n<\/div>\n<p>Hakk\u0131nda daha fazlas\u0131n\u0131 okuyun <a href=\"https:\/\/moverdb.com\/tr\/uluslararasi-tasimalar\/\">uluslararasi ta\u015fimacilik<\/a> ve bizim <a href=\"https:\/\/moverdb.com\/tr\/yorumlar\/\">hareketli inceleme s\u00fcreci<\/a>.<\/p>\n<p><strong>Web sitesi:<\/strong> <a href=\"http:\/\/www.fnworldwide.com\" target=\"_blank\" rel=\"noopener\">http:\/\/www.fnworldwide.com<\/a><\/p>","protected":false},"excerpt":{"rendered":"<p>F&#038;N Worldwide Removals services are listed below, together with their company profile and reviews. International and European Removals Door to door service Expert packing Custom made crates if applicable Storage if needed Organise transport by land, sea or air Arrange shipping of vehicles Unpacking on arrival at destination Experts available in the UK and country [&hellip;]<\/p>\n","protected":false},"author":1,"featured_media":0,"parent":0,"menu_order":0,"comment_status":"closed","ping_status":"closed","template":"","meta":{"_genesis_hide_title":false,"_genesis_hide_breadcrumbs":false,"_genesis_hide_singular_image":false,"_genesis_hide_footer_widgets":false,"_genesis_custom_body_class":"","_genesis_custom_post_class":"","_genesis_layout":"","footnotes":""},"class_list":{"0":"post-892","1":"page","2":"type-page","3":"status-publish","5":"entry"},"_links":{"self":[{"href":"https:\/\/moverdb.com\/tr\/wp-json\/wp\/v2\/pages\/892","targetHints":{"allow":["GET"]}}],"collection":[{"href":"https:\/\/moverdb.com\/tr\/wp-json\/wp\/v2\/pages"}],"about":[{"href":"https:\/\/moverdb.com\/tr\/wp-json\/wp\/v2\/types\/page"}],"author":[{"embeddable":true,"href":"https:\/\/moverdb.com\/tr\/wp-json\/wp\/v2\/users\/1"}],"replies":[{"embeddable":true,"href":"https:\/\/moverdb.com\/tr\/wp-json\/wp\/v2\/comments?post=892"}],"version-history":[{"count":5,"href":"https:\/\/moverdb.com\/tr\/wp-json\/wp\/v2\/pages\/892\/revisions"}],"predecessor-version":[{"id":6208,"href":"https:\/\/moverdb.com\/tr\/wp-json\/wp\/v2\/pages\/892\/revisions\/6208"}],"wp:attachment":[{"href":"https:\/\/moverdb.com\/tr\/wp-json\/wp\/v2\/media?parent=892"}],"curies":[{"name":"wp","href":"https:\/\/api.w.org\/{rel}","templated":true}]}}