{"id":890,"date":"2016-08-29T10:10:27","date_gmt":"2016-08-29T10:10:27","guid":{"rendered":"http:\/\/moverdb.com\/?page_id=890"},"modified":"2026-01-08T15:20:31","modified_gmt":"2026-01-08T15:20:31","slug":"pearson","status":"publish","type":"page","link":"https:\/\/moverdb.com\/tr\/pearson\/","title":{"rendered":"Pearson Ev Ta\u015f\u0131ma: Uluslararas\u0131 Nakliye Yorumlar\u0131"},"content":{"rendered":"<p>Pearson Home Moving, m\u00fc\u015fterilerine a\u015fa\u011f\u0131daki hizmetleri sunan bir ta\u015f\u0131nma ve yer de\u011fi\u015ftirme \u015firketidir. Hizmet listesini \u015firket profili ve incelemeleri takip eder.<\/p>\n<p><strong>Uluslararas\u0131 Ev Ta\u015f\u0131ma Hizmetleri<\/strong><\/p>\n<ul>\n<li> \u00d6zel ta\u015f\u0131nma y\u00f6neticisi<\/li>\n<li> Kap\u0131dan kap\u0131ya servis<\/li>\n<li> \u00d6zel ara\u00e7 filosu<\/li>\n<li> Profesyonel paketleyiciler - s\u00f6kme ve paketleme<\/li>\n<li> Tedarik edilen ambalaj malzemeleri<\/li>\n<li> <a href=\"https:\/\/moverdb.com\/tr\/konteyner-tasimaciligi\/\">Hava ta\u015f\u0131mac\u0131l\u0131\u011f\u0131 veya deniz ta\u015f\u0131mac\u0131l\u0131\u011f\u0131<\/a><\/li>\n<li> G\u00fcmr\u00fck yard\u0131m\u0131<\/li>\n<li> Paketi a\u00e7\u0131n ve yeniden birle\u015ftirin<\/li>\n<li> Evcil hayvanlar\u0131n ta\u015f\u0131nmas\u0131<\/li>\n<li> <a href=\"https:\/\/moverdb.com\/tr\/araba-tasima-nakliye\/\">Ara\u00e7 yer de\u011fi\u015ftirme<\/a><\/li>\n<li> Temizlik hizmeti<\/li>\n<li> Sigorta ayarland\u0131<\/li>\n<li> Depolama mevcut<\/li>\n<\/ul>\n<h2>Pearson Ev Ta\u015f\u0131ma \u015eirket Profili<\/h2>\n<p>Pearson Home Moving 1917 y\u0131l\u0131nda Edward Pearson taraf\u0131ndan kurulmu\u015ftur ve bug\u00fcne kadar Antarktika dahil olmak \u00fczere her k\u0131tada 250.000'den fazla ba\u015far\u0131l\u0131 ta\u015f\u0131ma ger\u00e7ekle\u015ftirmi\u015ftir. Edward Pearson'\u0131n amac\u0131 en iyi nakliye \u015firketi olmakt\u0131. <a href=\"https:\/\/moverdb.com\/tr\/international-removals\/\" data-internallinksmanager029f6b8e52c=\"27\" title=\"36 \u0130ngiltere&#039;deki En \u0130yi Uluslararas\u0131 Nakliye \u015eirketleri\">nakli\u0307ye \u015fi\u0307rketi\u0307<\/a> bu i\u015fte.<\/p>\n<p>\u015eirket, son 100 y\u0131l\u0131n\u0131 d\u00fcnyan\u0131n en iyi k\u00fcresel ta\u015f\u0131ma profesyonelleri a\u011flar\u0131ndan birini olu\u015fturmak i\u00e7in kulland\u0131\u011f\u0131n\u0131 s\u00f6yl\u00fcyor. Pearson Home Moving, ta\u015f\u0131nma ne kadar k\u00fc\u00e7\u00fck olursa olsun m\u00fc\u015fterilerini ilk s\u0131raya koyuyor.<\/p>\n<p>Pearson Home Moving'in \u00e7evre politikalar\u0131 aras\u0131nda \u00e7evre dostu \u00fcr\u00fcnler kullanmak ve m\u00fcmk\u00fcn olan her yerde geri d\u00f6n\u00fc\u015f\u00fcm yapmak; karbon ayak izini azaltmak i\u00e7in her zaman tam y\u00fckl\u00fc ara\u00e7lar kullanmaya \u00e7al\u0131\u015fmak yer almaktad\u0131r.<\/p>\n<p>A\u015fa\u011f\u0131daki akreditasyonlara ve ba\u011flant\u0131lara sahiptirler:<\/p>\n<ul>\n<li> <a href=\"https:\/\/moverdb.com\/tr\/british-association-of-removers\/\">\u0130ngiliz S\u00f6k\u00fcmc\u00fcler Birli\u011fi<\/a> (<a href=\"https:\/\/moverdb.com\/tr\/british-association-of-removers\/\" data-internallinksmanager029f6b8e52c=\"9\" title=\"\u0130ngiliz S\u00f6k\u00fcmc\u00fcler Birli\u011fi (BAR) A\u00e7\u0131klamas\u0131\">BAR<\/a>)<\/li>\n<li> <a href=\"https:\/\/moverdb.com\/tr\/harmony-relocation-network\/\">Harmony Yer De\u011fi\u015ftirme A\u011f\u0131<\/a><\/li>\n<li> DNV ISO9001<\/li>\n<li> <a href=\"https:\/\/moverdb.com\/tr\/fedemac\/\">Avrupa Ta\u015f\u0131mac\u0131lar Birli\u011fi Federasyonu<\/a> (<a href=\"https:\/\/moverdb.com\/tr\/fedemac\/\" data-internallinksmanager029f6b8e52c=\"15\" title=\"Avrupa Ta\u015f\u0131mac\u0131lar Birli\u011fi Federasyonu (FEDEMAC) A\u00e7\u0131klamas\u0131\">FEDEMAC<\/a>)<\/li>\n<li> <a href=\"https:\/\/moverdb.com\/tr\/fidi-faim\/\">FIDI<\/a><\/li>\n<\/ul>\n<h2>Pearson Ev Ta\u015f\u0131ma Yorumlar\u0131<\/h2>\n<p><strong>Olumlu:<\/strong><\/p>\n<ul>\n<li> \"Bu bizim 40 y\u0131l i\u00e7inde 19. ta\u015f\u0131nmam\u0131zd\u0131. \u015eimdiye kadarkilerin en iyisi, \u00e7ok profesyonel ofis \u00e7al\u0131\u015fanlar\u0131 ve nakliyeciler birinci s\u0131n\u0131ft\u0131. \u00c7ok iyiydiler! Pearson'\u0131 herkese g\u00f6n\u00fclden tavsiye ederiz.\" - Peter arac\u0131l\u0131\u011f\u0131yla <a href=\"http:\/\/www.pearsonhomemoving.com\/\" target=\"_blank\" rel=\"noopener\">Pearson Ev Ta\u015f\u0131ma Web Sitesi<\/a><\/li>\n<li> <em>\"Bu \u015firket ba\u015f\u0131ndan sonuna kadar harikayd\u0131. Fiyatlar\u0131 ger\u00e7ekten rekabet\u00e7iydi ve <a href=\"https:\/\/moverdb.com\/tr\/moving-to-the-united-states\/\" data-internallinksmanager029f6b8e52c=\"94\" title=\"Amerika Birle\u015fik Devletleri&#039;ne mi ta\u015f\u0131n\u0131yorsunuz? 2026 Ya\u015fam Maliyetleri ve Yer De\u011fi\u015ftirme \u0130pu\u00e7lar\u0131\">Biz<\/a> m\u00fckemmel bir hizmet.\"<\/em> - Steve arac\u0131l\u0131\u011f\u0131yla <a href=\"http:\/\/www.mymovingreviews.com\/movers\/pearson-home-moving-2276#56936\" target=\"_blank\" rel=\"noopener\">MyMovingReviews.com<\/a><\/li>\n<li> <em>\"Ta\u015f\u0131nma i\u015flemimiz i\u00e7in \u00e7ok profesyonel bir hizmet ald\u0131k. <a href=\"https:\/\/moverdb.com\/tr\/moving-to-germany\/\" data-internallinksmanager029f6b8e52c=\"321\" title=\"Almanya&#039;ya m\u0131 ta\u015f\u0131n\u0131yorsunuz? 2026 Ya\u015fam Maliyetleri &amp; Yer De\u011fi\u015ftirme \u0130pu\u00e7lar\u0131\">Almanya<\/a> i\u00e7in <a href=\"https:\/\/moverdb.com\/tr\/moving-to-the-uk\/\" data-internallinksmanager029f6b8e52c=\"93\" title=\"Birle\u015fik Krall\u0131k&#039;a m\u0131 ta\u015f\u0131n\u0131yorsunuz? 2026 Ya\u015fam Maliyetleri &amp; Yer De\u011fi\u015ftirme \u0130pu\u00e7lar\u0131\">BIRLE\u015eIK KRALLIK<\/a>.\"<\/em> - Kerry arac\u0131l\u0131\u011f\u0131yla <a href=\"http:\/\/www.removalreviews.co.uk\/movingreviews\/home-move-to-uk-10941\" target=\"_blank\" rel=\"noopener\">Kald\u0131rma Yorumlar\u0131<\/a><\/li>\n<li> \"<em>Harika m\u00fc\u015fteri hizmetleri \/ harika genel hizmet.\"<\/em> - Bruce arac\u0131l\u0131\u011f\u0131yla <a href=\"http:\/\/www.ciao.co.uk\/Pearson_Home_Moving__Review_6008009\" target=\"_blank\" rel=\"noopener\">\u00c7av!<\/a> <\/li>\n<\/ul>\n<p><strong>Olumsuz:<\/strong><\/p>\n<ul>\n<li> <em>\"Teslimat iki g\u00fcn ge\u00e7 geldi. S\u0131n\u0131rda onlar\u0131n kontrol\u00fc d\u0131\u015f\u0131nda sorunlar ve gecikmeler olmas\u0131n\u0131 anlayabiliriz, ancak teslimat\u0131n durumu hakk\u0131nda hi\u00e7bir zaman bilgilendirilmemeyi anlayamay\u0131z.\"<\/em> - Christoph arac\u0131l\u0131\u011f\u0131yla <a href=\"http:\/\/www.mymovingreviews.com\/movers\/pearson-home-moving-2276#57516\" target=\"_blank\" rel=\"noopener\">MyMovingReviews.com<\/a> <\/li>\n<li> <em>\"Teslimat s\u0131ras\u0131nda kutular\u0131m hem kirli hem de \u0131slakt\u0131. Dolay\u0131s\u0131yla da hasar g\u00f6rm\u00fc\u015flerdi.\"<\/em> - Harald in Glos arac\u0131l\u0131\u011f\u0131yla <a href=\"http:\/\/www.removalreviews.co.uk\/movingreviews\/never-again-10123\" target=\"_blank\" rel=\"noopener\">Kald\u0131rma Yorumlar\u0131<\/a><\/li>\n<li> <em>\"Nihayet e\u015fyalar\u0131m, al\u0131nmalar\u0131ndan 81 g\u00fcn sonra Eyl\u00fcl ortas\u0131nda teslim edildi.\"<\/em> - Imoena arac\u0131l\u0131\u011f\u0131yla <a href=\"http:\/\/www.ciao.co.uk\/Pearson_Home_Moving__Review_6113468\" target=\"_blank\" rel=\"noopener\">\u00c7av!<\/a> <\/li>\n<\/ul>\n<div itemprop=\"review\" itemscope itemtype=\"http:\/\/schema.org\/Review\">\n<span itemprop=\"author\" itemscope=\"\" itemtype=\"http:\/\/schema.org\/Organization\"><span itemprop=\"name\">MoverDB.com<\/span><\/span> \u00c7evrimi\u00e7i Web Sitesi \u0130ncelemesi i\u00e7in <span itemprop=\"itemreviewed\" itemscope=\"\" itemtype=\"http:\/\/schema.org\/Brand\"><span itemprop=\"name\">Pearson Ev Ta\u015f\u0131ma<\/span><\/span>:<\/p>\n<ol>\n<li> Web sitesinde a\u00e7\u0131k ileti\u015fim bilgileri (telefon numaras\u0131 dahil): <strong>Evet<\/strong><\/li>\n<li> Almas\u0131 kolay <a href=\"https:\/\/moverdb.com\/tr\/alintilar\/\">uluslararas\u0131 ta\u015f\u0131mac\u0131l\u0131k teklifleri<\/a>? (\u00c7evrimi\u00e7i tahmin talep formu): <strong>Evet<\/strong><\/li>\n<li> Web sitesinde net bilgiler: <strong>Baz\u0131lar\u0131<\/strong>Web sitesinde a\u00e7\u0131k ileti\u015fim bilgileri ve hizmetlere genel bak\u0131\u015f yer alsa da, ta\u015f\u0131nman\u0131z\u0131 planlamaya ili\u015fkin ayr\u0131nt\u0131l\u0131 bilgi bulunmamaktad\u0131r.<\/li>\n<li> Uluslararas\u0131 tan\u0131nm\u0131\u015f ta\u015f\u0131ma organizasyonlar\u0131na \u00fcyelik: <strong>Evet<\/strong>, yukar\u0131ya bak\u0131n.<\/li>\n<li> M\u00fc\u015fterilerin listesi ve\/veya \u00f6nceki m\u00fc\u015fteri referanslar\u0131: <strong>Evet,<\/strong> Sitede \u00e7e\u015fitli m\u00fc\u015fteri referanslar\u0131 bulunmaktad\u0131r.<\/li>\n<\/ol>\n<div itemprop=\"reviewRating\" itemscope itemtype=\"http:\/\/schema.org\/Rating\"><meta itemprop=\"worstRating\" content = \"0\" \/><meta itemprop=\"bestRating\" content=\"5\" \/><meta itemprop=\"ratingValue\" content=\"4.5\"><\/div>\n<p><strong>Genel puan: 4,5\/5<\/strong><br \/>\n<strong>\u0130nceleme Tarihi:<\/strong> <span itemprop=\"datePublished\" content=\"2016-08-29\">29\/08\/2016<\/span>\n<\/div>\n<p>Hakk\u0131nda daha fazla bilgi <a href=\"https:\/\/moverdb.com\/tr\/uluslararasi-tasimalar\/\">uluslararasi ta\u015fimacilik<\/a> ve bizim <a href=\"https:\/\/moverdb.com\/tr\/yorumlar\/\">g\u00f6zden ge\u00e7irme s\u00fcreci<\/a>.<\/p>\n<p><strong>Web sitesi:<\/strong> <a href=\"http:\/\/www.pearsonhomemoving.com\" target=\"_blank\" rel=\"noopener\">http:\/\/www.pearsonhomemoving.com<\/a><\/p>","protected":false},"excerpt":{"rendered":"<p>Pearson Home Moving are a removal and relocation company which offer the following services to their clients. The service list is followed by their company profile and reviews. International Home Moving Services Dedicated move manager Door to door service Dedicated vehicle fleet Professional packers &#8211; disassemble and pack Packing materials suppled Air freight or sea [&hellip;]<\/p>\n","protected":false},"author":1,"featured_media":0,"parent":0,"menu_order":0,"comment_status":"closed","ping_status":"closed","template":"","meta":{"_genesis_hide_title":false,"_genesis_hide_breadcrumbs":false,"_genesis_hide_singular_image":false,"_genesis_hide_footer_widgets":false,"_genesis_custom_body_class":"","_genesis_custom_post_class":"","_genesis_layout":"","footnotes":""},"class_list":{"0":"post-890","1":"page","2":"type-page","3":"status-publish","5":"entry"},"_links":{"self":[{"href":"https:\/\/moverdb.com\/tr\/wp-json\/wp\/v2\/pages\/890","targetHints":{"allow":["GET"]}}],"collection":[{"href":"https:\/\/moverdb.com\/tr\/wp-json\/wp\/v2\/pages"}],"about":[{"href":"https:\/\/moverdb.com\/tr\/wp-json\/wp\/v2\/types\/page"}],"author":[{"embeddable":true,"href":"https:\/\/moverdb.com\/tr\/wp-json\/wp\/v2\/users\/1"}],"replies":[{"embeddable":true,"href":"https:\/\/moverdb.com\/tr\/wp-json\/wp\/v2\/comments?post=890"}],"version-history":[{"count":6,"href":"https:\/\/moverdb.com\/tr\/wp-json\/wp\/v2\/pages\/890\/revisions"}],"predecessor-version":[{"id":6229,"href":"https:\/\/moverdb.com\/tr\/wp-json\/wp\/v2\/pages\/890\/revisions\/6229"}],"wp:attachment":[{"href":"https:\/\/moverdb.com\/tr\/wp-json\/wp\/v2\/media?parent=890"}],"curies":[{"name":"wp","href":"https:\/\/api.w.org\/{rel}","templated":true}]}}