{"id":8899,"date":"2023-04-27T14:32:24","date_gmt":"2023-04-27T14:32:24","guid":{"rendered":"https:\/\/moverdb.com\/?page_id=8899"},"modified":"2026-01-08T15:30:13","modified_gmt":"2026-01-08T15:30:13","slug":"moving-companies-nicaragua","status":"publish","type":"page","link":"https:\/\/moverdb.com\/tr\/moving-companies\/moving-companies-nicaragua\/","title":{"rendered":"Nikaragua'daki En \u0130yi Uluslararas\u0131 Nakliye \u015eirketleri"},"content":{"rendered":"<p>Nikaragua'ya veya Nikaragua'dan ya da \u00fclke i\u00e7inde bir ta\u015f\u0131nma m\u0131 planl\u0131yorsunuz? O zaman organizasyon ve evrak i\u015fleri g\u00f6z\u00fcn\u00fcz\u00fc korkutabilir ve biraz destek isteyebilirsiniz. <a href=\"https:\/\/moverdb.com\/tr\/moving-companies\/\" data-internallinksmanager029f6b8e52c=\"79\" title=\"\u00c7evrimi\u00e7i En \u0130yi 25 Uluslararas\u0131 Nakliye \u015eirketi\">ta\u015finma \u015fi\u0307rketi\u0307<\/a> i\u015f y\u00fck\u00fcn\u00fc azaltmaya yard\u0131mc\u0131 olabilir. A\u015fa\u011f\u0131da a\u015fa\u011f\u0131dakilerin bir listesini derledik <a href=\"https:\/\/moverdb.com\/tr\/moving-companies\/moving-companies-mauritius\/\" data-internallinksmanager029f6b8e52c=\"291\" title=\"Mauritius&#039;taki En \u0130yi 6 Uluslararas\u0131 Nakliye \u015eirketi\">Mauritius<\/a> temelli <a href=\"https:\/\/moverdb.com\/tr\/international-removals\/\" data-internallinksmanager029f6b8e52c=\"27\" title=\"36 \u0130ngiltere&#039;deki En \u0130yi Uluslararas\u0131 Nakliye \u015eirketleri\">nakli\u0307ye \u015fi\u0307rketleri\u0307<\/a> \u00fcyesi olan <a href=\"https:\/\/moverdb.com\/tr\/iam\/\" data-internallinksmanager029f6b8e52c=\"23\" title=\"Uluslararas\u0131 Ta\u015f\u0131mac\u0131lar Birli\u011fi (IAM) A\u00e7\u0131klamas\u0131\">Uluslararas\u0131 Ta\u015f\u0131mac\u0131lar Birli\u011fi<\/a> (IAM) ve\/veya <a href=\"https:\/\/moverdb.com\/tr\/fidi-faim\/\" data-internallinksmanager029f6b8e52c=\"16\" title=\"FIDI &amp; FAIM (FIDI Akredite Uluslararas\u0131 Ta\u015f\u0131mac\u0131) A\u00e7\u0131klamas\u0131\">FIDI<\/a> Ta\u015f\u0131nman\u0131zda size yard\u0131mc\u0131 olabilecek Akredite Uluslararas\u0131 Ta\u015f\u0131y\u0131c\u0131 (FAIM).<\/p>\n<h2><strong>Mudanzas Mundiales<\/strong><\/h2>\n<p><img loading=\"lazy\" decoding=\"async\" class=\"alignnone size-full wp-image-8834\" src=\"https:\/\/moverdb.com\/wp-content\/uploads\/Mudanzas-Mundiales-international-moving-company-1.png\" alt=\"Mudanzas Mundiales uluslararas\u0131 ta\u015f\u0131ma \u015firketi\" width=\"1440\" height=\"681\" data-wp-pid=\"8834\" srcset=\"https:\/\/moverdb.com\/wp-content\/uploads\/Mudanzas-Mundiales-international-moving-company-1.png 1440w, https:\/\/moverdb.com\/wp-content\/uploads\/Mudanzas-Mundiales-international-moving-company-1-300x142.png 300w, https:\/\/moverdb.com\/wp-content\/uploads\/Mudanzas-Mundiales-international-moving-company-1-1024x484.png 1024w, https:\/\/moverdb.com\/wp-content\/uploads\/Mudanzas-Mundiales-international-moving-company-1-18x9.png 18w, https:\/\/moverdb.com\/wp-content\/uploads\/Mudanzas-Mundiales-international-moving-company-1-600x284.png 600w\" sizes=\"auto, (max-width: 1440px) 100vw, 1440px\" \/><\/p>\n<ul>\n<li>Yerel ve ulusal hamleler<\/li>\n<li>Uluslararas\u0131 ta\u015f\u0131nmalar<\/li>\n<li>Konut Ta\u015f\u0131malar\u0131<\/li>\n<li>Ticari hamleler<\/li>\n<li>Kap\u0131dan kap\u0131ya hizmetler<\/li>\n<li>Paketleme hizmeti<\/li>\n<li>G\u00fcmr\u00fck komisyonculu\u011fu<\/li>\n<li>Sanat eserlerinin i\u015flenmesi<\/li>\n<li>Evcil hayvan transferi<\/li>\n<li>Depolama tesisleri<\/li>\n<\/ul>\n<p>Mudanzas Mundiales, 60 y\u0131l\u0131 a\u015fk\u0131n deneyime sahip bir nakliye, lojistik ve depolama \u015firketidir ve Barrio Altagracia'da yerle\u015fiktir ve ayr\u0131ca <a href=\"https:\/\/moverdb.com\/tr\/moving-to-costa-rica\/\" data-internallinksmanager029f6b8e52c=\"427\" title=\"Kosta Rika&#039;ya m\u0131 Ta\u015f\u0131n\u0131yorsunuz? 2026 Ya\u015fam Maliyetleri &amp; Yer De\u011fi\u015ftirme \u0130pu\u00e7lar\u0131\">Kosta Rika<\/a>. Di\u011fer \u00fclkelerde hizmet sunmalar\u0131na yard\u0131mc\u0131 olmak i\u00e7in d\u00fcnyan\u0131n d\u00f6rt bir yan\u0131ndaki i\u015f ortaklar\u0131yla ili\u015fkileri vard\u0131r ve IAM \u00fcyesidirler.<\/p>\n<p>Mudanzas Mundiales, kap\u0131dan kap\u0131ya ta\u015f\u0131nmalarda size yard\u0131mc\u0131 olmak i\u00e7in tek bir irtibat noktas\u0131 sunar. E\u015fyalar\u0131n\u0131z\u0131 korumak i\u00e7in en kaliteli malzemeleri kullanan bir paketleme hizmeti sunarlar ve var\u0131\u015fta mobilyalar\u0131 a\u00e7\u0131p d\u00fczenlerler. Kargo takibi ve g\u00fcmr\u00fck komisyonculu\u011fu ile hava, deniz ve kara yoluyla nakliyeyi ayarlayacaklard\u0131r.<\/p>\n<p>Web sitesi: <a href=\"http:\/\/www.mudanzasmundiales.com\" target=\"_blank\" rel=\"noopener\">http:\/\/www.mudanzasmundiales.com<\/a><\/p>","protected":false},"excerpt":{"rendered":"<p>Are you planning a move to or from Nicaragua or within the country? Then the organisation and paperwork might be daunting, and you may want some support, this is where a moving company can help reduce the workload. Below we have compiled a list of Mauritius based removal companies that are members of the International [&hellip;]<\/p>\n","protected":false},"author":4,"featured_media":0,"parent":190,"menu_order":0,"comment_status":"closed","ping_status":"closed","template":"","meta":{"_genesis_hide_title":false,"_genesis_hide_breadcrumbs":false,"_genesis_hide_singular_image":false,"_genesis_hide_footer_widgets":false,"_genesis_custom_body_class":"","_genesis_custom_post_class":"","_genesis_layout":"","footnotes":""},"class_list":{"0":"post-8899","1":"page","2":"type-page","3":"status-publish","5":"entry","6":"has-post-thumbnail"},"_links":{"self":[{"href":"https:\/\/moverdb.com\/tr\/wp-json\/wp\/v2\/pages\/8899","targetHints":{"allow":["GET"]}}],"collection":[{"href":"https:\/\/moverdb.com\/tr\/wp-json\/wp\/v2\/pages"}],"about":[{"href":"https:\/\/moverdb.com\/tr\/wp-json\/wp\/v2\/types\/page"}],"author":[{"embeddable":true,"href":"https:\/\/moverdb.com\/tr\/wp-json\/wp\/v2\/users\/4"}],"replies":[{"embeddable":true,"href":"https:\/\/moverdb.com\/tr\/wp-json\/wp\/v2\/comments?post=8899"}],"version-history":[{"count":1,"href":"https:\/\/moverdb.com\/tr\/wp-json\/wp\/v2\/pages\/8899\/revisions"}],"predecessor-version":[{"id":8900,"href":"https:\/\/moverdb.com\/tr\/wp-json\/wp\/v2\/pages\/8899\/revisions\/8900"}],"up":[{"embeddable":true,"href":"https:\/\/moverdb.com\/tr\/wp-json\/wp\/v2\/pages\/190"}],"wp:attachment":[{"href":"https:\/\/moverdb.com\/tr\/wp-json\/wp\/v2\/media?parent=8899"}],"curies":[{"name":"wp","href":"https:\/\/api.w.org\/{rel}","templated":true}]}}