{"id":889,"date":"2016-09-03T15:17:39","date_gmt":"2016-09-03T15:17:39","guid":{"rendered":"http:\/\/moverdb.com\/?page_id=889"},"modified":"2026-01-08T15:20:33","modified_gmt":"2026-01-08T15:20:33","slug":"pss-removals","status":"publish","type":"page","link":"https:\/\/moverdb.com\/tr\/pss-removals\/","title":{"rendered":"PSS Uluslararas\u0131 Nakliyat: Ta\u015f\u0131nma Hizmetleri &amp; Yorumlar"},"content":{"rendered":"<p>PSS <a href=\"https:\/\/moverdb.com\/tr\/international-removals\/\" data-internallinksmanager029f6b8e52c=\"27\" title=\"36 \u0130ngiltere&#039;deki En \u0130yi Uluslararas\u0131 Nakliye \u015eirketleri\">Uluslararas\u0131 Ta\u015f\u0131malar<\/a> insanlar\u0131 34 y\u0131l\u0131 a\u015fk\u0131n s\u00fcredir yurtd\u0131\u015f\u0131na ta\u015f\u0131yor. A\u015fa\u011f\u0131da sunduklar\u0131 \u00e7e\u015fitli hizmetler listelenmi\u015ftir.<\/p>\n<p><strong>Uluslararas\u0131 Ta\u015f\u0131malar<\/strong><\/p>\n<ul>\n<li> \u00c7o\u011fu \u00fclkeye \u0131smarlama hizmet<\/li>\n<li> Atanm\u0131\u015f uluslararas\u0131 ta\u015f\u0131nma koordinat\u00f6r\u00fc<\/li>\n<li> Profesyonel paketleyiciler veya kendi kendine paketleme se\u00e7ene\u011fi<\/li>\n<li> Kap\u0131dan kap\u0131ya servis<\/li>\n<li> Sigorta ayarland\u0131<\/li>\n<li> Hedef \u00fclkenin her y\u00f6n\u00fcyle ilgili tavsiyeler<\/li>\n<\/ul>\n<p><strong>G\u00f6\u00e7 Hizmetleri<\/strong><br \/>\n<strong>G\u00fcmr\u00fck Bilgileri\/Dok\u00fcmantasyon<\/strong><\/p>\n<p><strong><a href=\"https:\/\/moverdb.com\/tr\/konteyner-tasimaciligi\/\">Uluslararas\u0131 Nakliye<\/a><\/strong><\/p>\n<ul>\n<li> Deniz ta\u015f\u0131mac\u0131l\u0131\u011f\u0131 veya Ekspres Hava Ta\u015f\u0131mac\u0131l\u0131\u011f\u0131<\/li>\n<li> Sigorta ayarland\u0131<\/li>\n<\/ul>\n<p><strong>Ekspres Yurtd\u0131\u015f\u0131 Paket Servisi<\/strong><\/p>\n<ul>\n<li> Acil ihtiya\u00e7 duyulan \u00fcr\u00fcnler i\u00e7in kap\u0131dan kap\u0131ya ekspres paket teslimat\u0131<\/li>\n<\/ul>\n<p><strong>Fazla Bagaj<\/strong><\/p>\n<ul>\n<li> Karayolu Ta\u015f\u0131mac\u0131l\u0131\u011f\u0131 (Avrupa i\u00e7inde) Denizyolu Ta\u015f\u0131mac\u0131l\u0131\u011f\u0131 veya Ekspres Havayolu Ta\u015f\u0131mac\u0131l\u0131\u011f\u0131<\/li>\n<li> Kendi kendine paket<\/li>\n<li> Sizin i\u00e7in paketlendi<\/li>\n<li> Sigorta ayarland\u0131<\/li>\n<\/ul>\n<p><strong><a href=\"https:\/\/moverdb.com\/tr\/car-transport-shipping\/\" data-internallinksmanager029f6b8e52c=\"2\" title=\"2026 Uluslararas\u0131 Ara\u00e7 Ta\u015f\u0131ma &amp; Ara\u00e7 Nakliye Fiyatlar\u0131\">Araba Nakliyesi<\/a><\/strong><\/p>\n<ul>\n<li> Arabay\u0131 ayr\u0131 olarak g\u00f6nderin<\/li>\n<li> Arabay\u0131 e\u015fyalarla ayn\u0131 konteynerde g\u00f6nderin<\/li>\n<li> Sigorta ayarland\u0131<\/li>\n<\/ul>\n<h2>PSS International Removals \u015eirket Profili<\/h2>\n<p>PSS International Removals 34 y\u0131l\u0131 a\u015fk\u0131n bir s\u00fcredir deniza\u015f\u0131r\u0131 ta\u015f\u0131mac\u0131l\u0131k alan\u0131nda faaliyet g\u00f6stermektedir. \u015eirket yurtd\u0131\u015f\u0131na ta\u015f\u0131nmaya odaklan\u0131r ve \u00fclke i\u00e7inde ta\u015f\u0131nma i\u015flemi yapmaz. <a href=\"https:\/\/moverdb.com\/tr\/moving-to-the-uk\/\" data-internallinksmanager029f6b8e52c=\"93\" title=\"Birle\u015fik Krall\u0131k&#039;a m\u0131 ta\u015f\u0131n\u0131yorsunuz? 2026 Ya\u015fam Maliyetleri &amp; Yer De\u011fi\u015ftirme \u0130pu\u00e7lar\u0131\">BIRLE\u015eIK KRALLIK<\/a>. <\/p>\n<p>PSS International Removals, tek bir kartondan b\u00fcy\u00fck bir eve ve hatta b\u00fcy\u00fck kurumsal ta\u015f\u0131nmalara kadar e\u015fya g\u00f6nderir. Hi\u00e7bir ta\u015f\u0131nma \u00e7ok karma\u015f\u0131k veya \u00e7ok b\u00fcy\u00fck ya da k\u00fc\u00e7\u00fck de\u011fildir.<\/p>\n<p>Personelin her bir \u00fcyesi ihracat prosed\u00fcrleri konusunda e\u011fitimlidir ve vaat ettikleri \u0131smarlama hizmetleri sunmak i\u00e7in yurtd\u0131\u015f\u0131nda yaln\u0131zca en iyi profesyonel nakliye \u015firketleriyle irtibat halindedir. Birle\u015fik Krall\u0131k'\u0131n en b\u00fcy\u00fck <a href=\"https:\/\/moverdb.com\/tr\/uluslararasi-tasimalar\/\">uluslararasi ta\u015fimacilik \u015fi\u0307rketleri\u0307<\/a> ve 2015 y\u0131l\u0131nda 4.536 m\u00fc\u015fteriyi yurt d\u0131\u015f\u0131na ta\u015f\u0131d\u0131.<\/p>\n<p>PSS International a\u015fa\u011f\u0131daki akreditasyonlara ve ba\u011flant\u0131lara sahiptir:<\/p>\n<ul>\n<li> <a href=\"https:\/\/moverdb.com\/tr\/british-association-of-removers\/\">\u0130ngiliz S\u00f6k\u00fcmc\u00fcler Birli\u011fi<\/a> (<a href=\"https:\/\/moverdb.com\/tr\/british-association-of-removers\/\" data-internallinksmanager029f6b8e52c=\"9\" title=\"\u0130ngiliz S\u00f6k\u00fcmc\u00fcler Birli\u011fi (BAR) A\u00e7\u0131klamas\u0131\">BAR<\/a>)<\/li>\n<li> <a href=\"https:\/\/moverdb.com\/tr\/bar-overseas\/\">\u0130ngiliz Deniza\u015f\u0131r\u0131 Nakliyeciler Derne\u011fi<\/a><\/li>\n<li> <a href=\"https:\/\/moverdb.com\/tr\/fidi-faim\/\">FIDI<\/a><\/li>\n<li> <a href=\"https:\/\/moverdb.com\/tr\/fidi-faim\/\" data-internallinksmanager029f6b8e52c=\"16\" title=\"FIDI &amp; FAIM (FIDI Akredite Uluslararas\u0131 Ta\u015f\u0131mac\u0131) A\u00e7\u0131klamas\u0131\">FAIM<\/a><\/li>\n<\/ul>\n<p><strong>PSS International Removals Yorumlar\u0131<\/strong><\/p>\n<p><strong>Pozitif<\/strong><\/p>\n<ul>\n<li> <em>\"Herkes \u00e7ok yard\u0131mc\u0131 oldu ve ger\u00e7ekten profesyoneldi. Bu g\u00fcn\u00fcn daha iyi ve sorunsuz ge\u00e7ebilece\u011fini hayal bile edemezdim. \u00c7ok stresliydim ve beni ne\u015felendirmeyi ba\u015fard\u0131lar. <a href=\"https:\/\/moverdb.com\/tr\/moving-to-the-united-states\/\" data-internallinksmanager029f6b8e52c=\"94\" title=\"Amerika Birle\u015fik Devletleri&#039;ne mi ta\u015f\u0131n\u0131yorsunuz? 2026 Ya\u015fam Maliyetleri ve Yer De\u011fi\u015ftirme \u0130pu\u00e7lar\u0131\">Biz<\/a> yukar\u0131. Ger\u00e7ekten profesyonel ve ho\u015f, dost canl\u0131s\u0131 insanlar. Ger\u00e7ekten \u00e7ok etkilendim.\"<\/em> - Ania arac\u0131l\u0131\u011f\u0131yla <a href=\"https:\/\/www.pssremovals.com\/reviews\" target=\"_blank\" rel=\"noopener\">PSS Removals M\u00fc\u015fteri Yorumlar\u0131<\/a><\/li>\n<li> <em>\"Arkada\u015flar\u0131m\u0131z\u0131n tavsiyesi \u00fczerine PSS'yi kulland\u0131k. \u00d6zel kullan\u0131m i\u00e7in 20 fitlik bir konteynerimiz vard\u0131. <a href=\"https:\/\/moverdb.com\/tr\/moving-to-australia\/living-in-australia\/\" data-internallinksmanager029f6b8e52c=\"240\" title=\"Avustralya&#039;da Ya\u015famak Hakk\u0131nda Ta\u015f\u0131nmadan \u00d6nce Bilmeniz Gereken 21 S\u0131r\">Avustralya<\/a>. Evimizi gelip paketleyen ekip inan\u0131lmazd\u0131 - \u00e7ok h\u0131zl\u0131 \u00e7al\u0131\u015ft\u0131lar. E\u015fyalar\u0131m\u0131z yola \u00e7\u0131kt\u0131\u011f\u0131nda neyin k\u0131r\u0131laca\u011f\u0131 ya da zarar g\u00f6rece\u011fi konusunda panikledi\u011fim zamanlar oldu, ancak e\u015fyalar\u0131m\u0131z ge\u00e7en hafta geldi ve her \u015fey paketlendi\u011findeki gibi g\u00f6r\u00fcn\u00fcyor.\"<\/em> - Zoe arac\u0131l\u0131\u011f\u0131yla <a href=\"http:\/\/www.mymovingreviews.com\/movers\/pss-international-removals-1788#57593\" target=\"_blank\" rel=\"noopener\">MyMovingReviews.com<\/a> <\/li>\n<li> <em>\"Ba\u015f\u0131ndan sonuna kadar hizmetten daha fazla memnun olamazd\u0131m, \u00e7\u00fcnk\u00fc m\u00fckemmel bir kurulum ger\u00e7ekle\u015ftirdiler ve ba\u015ftan sona yard\u0131msever ve arkada\u015f canl\u0131s\u0131yd\u0131lar, muhtemelen \u015fimdiye kadar ta\u015f\u0131nan en da\u011f\u0131n\u0131k ve stresli insanlar oldu\u011fumuzu d\u00fc\u015f\u00fcn\u00fcrsek bu bir \u015fey s\u00f6yl\u00fcyor.\"<\/em> - Michelle arac\u0131l\u0131\u011f\u0131yla <a href=\"http:\/\/www.removalreviews.co.uk\/movingreviews\/good-company-8764\" target=\"_blank\" rel=\"noopener\">Kald\u0131rma Yorumlar\u0131<\/a> <\/li>\n<\/ul>\n<p><strong>Negatif<\/strong><\/p>\n<ul>\n<li> <em>\"Ev e\u015fyalar\u0131m\u0131 \u0130ngiltere'den ABD'ye ta\u015f\u0131mak i\u00e7in talepte bulundum. \u00c7ok k\u0131sa bir s\u00fcre \u00f6nce haber vermi\u015f olmama ve formlar\u0131 zaman\u0131nda doldurmam\u0131\u015f olmama ra\u011fmen, g\u00fcmr\u00fckte rastgele X-ray taramas\u0131 i\u00e7in var\u0131\u015f noktas\u0131nda ekstra 400 ABD dolar\u0131 tahsil edilmesinden ve depolama s\u00fcresini de i\u00e7eren 4 ay sonra gecikmeli var\u0131\u015ftan MUTLU DE\u011e\u0130L\u0130M\"<\/em> - Sanjay arac\u0131l\u0131\u011f\u0131yla <a href=\"http:\/\/www.mymovingreviews.com\/movers\/pss-international-removals-1788#57002\" target=\"_blank\" rel=\"noopener\">MyMovingReviews.com<\/a><\/li>\n<li> \"<em>\u015eirket sadece insanlar\u0131n paralar\u0131n\u0131 \u00e7almak i\u00e7in var!!!!!!\"<\/em> - Amir arac\u0131l\u0131\u011f\u0131yla <a href=\"http:\/\/www.removalreviews.co.uk\/movingreviews\/straight-up-con-6619\" target=\"_blank\" rel=\"noopener\">Kald\u0131rma Yorumlar\u0131<\/a> <\/li>\n<\/ul>\n<div itemprop=\"review\" itemscope itemtype=\"http:\/\/schema.org\/Review\">\n<span itemprop=\"author\" itemscope=\"\" itemtype=\"http:\/\/schema.org\/Organization\"><span itemprop=\"name\">MoverDB.com<\/span><\/span> \u00c7evrimi\u00e7i Web Sitesi \u0130ncelemesi i\u00e7in <span itemprop=\"itemreviewed\" itemscope=\"\" itemtype=\"http:\/\/schema.org\/Brand\"><span itemprop=\"name\">PSS Uluslararas\u0131 Ta\u015f\u0131mac\u0131l\u0131k<\/span><\/span>:<\/p>\n<ol>\n<li> Web sitesinde a\u00e7\u0131k ileti\u015fim bilgileri (telefon numaras\u0131 dahil): <strong>Evet<\/strong><\/li>\n<li> Almas\u0131 kolay <a href=\"https:\/\/moverdb.com\/tr\/alintilar\/\">uluslararas\u0131 ta\u015f\u0131mac\u0131l\u0131k teklifleri<\/a>? (\u00c7evrimi\u00e7i tahmin talep formu): <strong>Evet<\/strong><\/li>\n<li> Web sitesinde net bilgiler: <strong>Evet,<\/strong> Her bir var\u0131\u015f noktas\u0131 hakk\u0131nda \u00e7ok say\u0131da ayr\u0131nt\u0131l\u0131 bilgi.<\/li>\n<li> Uluslararas\u0131 tan\u0131nm\u0131\u015f ta\u015f\u0131ma organizasyonlar\u0131na \u00fcyelik: <strong>Evet<\/strong>, yukar\u0131ya bak\u0131n.<\/li>\n<li> M\u00fc\u015fterilerin listesi ve\/veya \u00f6nceki m\u00fc\u015fteri referanslar\u0131: <strong>Evet,<\/strong> Bir m\u00fc\u015fteri de\u011ferlendirme sayfalar\u0131 var ve di\u011fer web sitelerinde genellikle olumlu yorumlar al\u0131yorlar.<\/li>\n<\/ol>\n<div itemprop=\"reviewRating\" itemscope itemtype=\"http:\/\/schema.org\/Rating\"><meta itemprop=\"worstRating\" content = \"0\" \/><meta itemprop=\"bestRating\" content=\"5\" \/><meta itemprop=\"ratingValue\" content=\"5\"><\/div>\n<p><strong>Genel puan: 5\/5<\/strong><br \/>\n<strong>\u0130nceleme Tarihi:<\/strong> <span itemprop=\"datePublished\" content=\"2016-09-03\">03\/09\/2016<\/span>\n<\/div>\n<p>Hakk\u0131nda daha fazla bilgi <a href=\"https:\/\/moverdb.com\/tr\/tasinma-si%cc%87rketleri%cc%87\/\">uluslararas\u0131 ta\u015f\u0131ma \u015firketleri<\/a> ve bizim <a href=\"https:\/\/moverdb.com\/tr\/yorumlar\/\">g\u00f6zden ge\u00e7irme s\u00fcreci<\/a>.<\/p>\n<p><strong>Web sitesi:<\/strong> <a href=\"https:\/\/www.pssremovals.com\" target=\"_blank\" rel=\"noopener\">https:\/\/www.pssremovals.com<\/a>.<\/p>","protected":false},"excerpt":{"rendered":"<p>PSS International Removals has been moving people abroad for over 34 years. Listed below are the various services they offer. International Removals Bespoke service to most countries Designated international move co-ordinator Professional packers or self-pack option Door to door service Insurance arranged Advice on every aspect of destination country Migration Services Customs Information\/Documentation International Shipping [&hellip;]<\/p>\n","protected":false},"author":1,"featured_media":0,"parent":0,"menu_order":0,"comment_status":"closed","ping_status":"closed","template":"","meta":{"_genesis_hide_title":false,"_genesis_hide_breadcrumbs":false,"_genesis_hide_singular_image":false,"_genesis_hide_footer_widgets":false,"_genesis_custom_body_class":"","_genesis_custom_post_class":"","_genesis_layout":"","footnotes":""},"class_list":{"0":"post-889","1":"page","2":"type-page","3":"status-publish","5":"entry"},"_links":{"self":[{"href":"https:\/\/moverdb.com\/tr\/wp-json\/wp\/v2\/pages\/889","targetHints":{"allow":["GET"]}}],"collection":[{"href":"https:\/\/moverdb.com\/tr\/wp-json\/wp\/v2\/pages"}],"about":[{"href":"https:\/\/moverdb.com\/tr\/wp-json\/wp\/v2\/types\/page"}],"author":[{"embeddable":true,"href":"https:\/\/moverdb.com\/tr\/wp-json\/wp\/v2\/users\/1"}],"replies":[{"embeddable":true,"href":"https:\/\/moverdb.com\/tr\/wp-json\/wp\/v2\/comments?post=889"}],"version-history":[{"count":4,"href":"https:\/\/moverdb.com\/tr\/wp-json\/wp\/v2\/pages\/889\/revisions"}],"predecessor-version":[{"id":6230,"href":"https:\/\/moverdb.com\/tr\/wp-json\/wp\/v2\/pages\/889\/revisions\/6230"}],"wp:attachment":[{"href":"https:\/\/moverdb.com\/tr\/wp-json\/wp\/v2\/media?parent=889"}],"curies":[{"name":"wp","href":"https:\/\/api.w.org\/{rel}","templated":true}]}}