{"id":8883,"date":"2023-04-27T14:40:02","date_gmt":"2023-04-27T14:40:02","guid":{"rendered":"https:\/\/moverdb.com\/?page_id=8883"},"modified":"2026-01-08T15:30:10","modified_gmt":"2026-01-08T15:30:10","slug":"moving-companies-namibia","status":"publish","type":"page","link":"https:\/\/moverdb.com\/tr\/moving-companies\/moving-companies-namibia\/","title":{"rendered":"Namibya'daki En \u0130yi Uluslararas\u0131 Nakliye \u015eirketleri"},"content":{"rendered":"<p>Namibya i\u00e7inde, Namibya'ya veya Namibya'dan ta\u015f\u0131nmay\u0131 planl\u0131yor olsan\u0131z da ta\u015f\u0131nmak zor bir zaman olabilir, bu nedenle bir ta\u015f\u0131ma hizmetini dahil etmek s\u00fcreci kolayla\u015ft\u0131rman\u0131za yard\u0131mc\u0131 olabilir. A\u015fa\u011f\u0131da Namibya'da faaliyet g\u00f6steren <a href=\"https:\/\/moverdb.com\/tr\/international-removals\/\" data-internallinksmanager029f6b8e52c=\"27\" title=\"36 \u0130ngiltere&#039;deki En \u0130yi Uluslararas\u0131 Nakliye \u015eirketleri\">nakli\u0307ye \u015fi\u0307rketleri\u0307<\/a> \u00fcyesi olan <a href=\"https:\/\/moverdb.com\/tr\/iam\/\" data-internallinksmanager029f6b8e52c=\"23\" title=\"Uluslararas\u0131 Ta\u015f\u0131mac\u0131lar Birli\u011fi (IAM) A\u00e7\u0131klamas\u0131\">Uluslararas\u0131 Ta\u015f\u0131mac\u0131lar Birli\u011fi<\/a> (IAM) ve\/veya <a href=\"https:\/\/moverdb.com\/tr\/fidi-faim\/\" data-internallinksmanager029f6b8e52c=\"16\" title=\"FIDI &amp; FAIM (FIDI Akredite Uluslararas\u0131 Ta\u015f\u0131mac\u0131) A\u00e7\u0131klamas\u0131\">FIDI<\/a> Ta\u015f\u0131nman\u0131zda size yard\u0131mc\u0131 olabilecek Akredite Uluslararas\u0131 Ta\u015f\u0131mac\u0131 (FAIM).<\/p>\n<h2><strong>Stuttaford Van Lines<\/strong><\/h2>\n<p><img loading=\"lazy\" decoding=\"async\" class=\"alignnone size-full wp-image-8861\" src=\"https:\/\/moverdb.com\/wp-content\/uploads\/Stuttaford-Van-Lines-Namibia-international-moving-company.png\" alt=\"Stuttaford Van Lines Namibya uluslararas\u0131 nakliye \u015firketi\" width=\"1440\" height=\"683\" data-wp-pid=\"8861\" srcset=\"https:\/\/moverdb.com\/wp-content\/uploads\/Stuttaford-Van-Lines-Namibia-international-moving-company.png 1440w, https:\/\/moverdb.com\/wp-content\/uploads\/Stuttaford-Van-Lines-Namibia-international-moving-company-300x142.png 300w, https:\/\/moverdb.com\/wp-content\/uploads\/Stuttaford-Van-Lines-Namibia-international-moving-company-1024x486.png 1024w, https:\/\/moverdb.com\/wp-content\/uploads\/Stuttaford-Van-Lines-Namibia-international-moving-company-18x9.png 18w, https:\/\/moverdb.com\/wp-content\/uploads\/Stuttaford-Van-Lines-Namibia-international-moving-company-600x285.png 600w\" sizes=\"auto, (max-width: 1440px) 100vw, 1440px\" \/><\/p>\n<ul>\n<li>Ulusal hamleler<\/li>\n<li>Uluslararas\u0131 ta\u015f\u0131nmalar<\/li>\n<li>Ev ta\u015f\u0131ma<\/li>\n<li>Kurumsal ve ofis ta\u015f\u0131nmalar\u0131<\/li>\n<li>Paketleme hizmeti<\/li>\n<li>Ta\u015f\u0131mac\u0131l\u0131\u011f\u0131n d\u00fczenlenmesi<\/li>\n<li>G\u00fczel sanatlar ambalaj\u0131<\/li>\n<li>Ara\u00e7 transferleri<\/li>\n<li>Sigorta<\/li>\n<li>Depolama tesisleri<\/li>\n<\/ul>\n<p>Stuttaford Van Lines bir <a href=\"https:\/\/moverdb.com\/tr\/moving-companies\/\" data-internallinksmanager029f6b8e52c=\"79\" title=\"\u00c7evrimi\u00e7i En \u0130yi 25 Uluslararas\u0131 Nakliye \u015eirketi\">uluslararas\u0131 ta\u015f\u0131ma \u015firketi<\/a> Namibya'daki Windhoek dahil olmak \u00fczere G\u00fcney Afrika genelinde 14 ofisi ile 1857 y\u0131l\u0131nda kurulmu\u015ftur. Hizmetlerini uluslararas\u0131 alanda sunmalar\u0131na destek olan g\u00fcvenilir bir k\u00fcresel hareket ortaklar\u0131 a\u011f\u0131na sahiptirler. IAM'nin 34 y\u0131ll\u0131k bir \u00fcyesidir ve FIDI taraf\u0131ndan akredite edilmi\u015ftir.<\/p>\n<p>Stuttaford Van Lines, ta\u015f\u0131nman\u0131z\u0131n her ad\u0131m\u0131nda size rehberlik edecek ve tek bir irtibat noktas\u0131 tahsis edecektir. Yolculu\u011funuz ta\u015f\u0131nma \u00f6ncesi bir anketle ba\u015flar. Koruyucu \u00f6rt\u00fcler ve ambalajlar kullanarak paketleme hizmeti sunman\u0131n yan\u0131 s\u0131ra ayr\u0131nt\u0131l\u0131 bir envanter haz\u0131rlarlar. Nakliyeyi ayarlayacak ve var\u0131\u015f noktan\u0131zda mobilyalar\u0131 a\u00e7\u0131p yeniden monte edeceklerdir.<\/p>\n<p>Web sitesi: <a href=\"http:\/\/www.stuttafordvanlines.co.za\/branches\/windhoek\" target=\"_blank\" rel=\"noopener\">http:\/\/www.stuttafordvanlines.co.za\/branches\/windhoek<\/a><\/p>","protected":false},"excerpt":{"rendered":"<p>Moving can be a difficult time whether you are planning a move within, to or from Namibia, so involving a moving service can assist you in making the process easier. Below we have compiled a list of Namibia based removal companies that are members of the International Association of Movers (IAM) and\/or FIDI Accredited International [&hellip;]<\/p>\n","protected":false},"author":4,"featured_media":0,"parent":190,"menu_order":0,"comment_status":"closed","ping_status":"closed","template":"","meta":{"_genesis_hide_title":false,"_genesis_hide_breadcrumbs":false,"_genesis_hide_singular_image":false,"_genesis_hide_footer_widgets":false,"_genesis_custom_body_class":"","_genesis_custom_post_class":"","_genesis_layout":"","footnotes":""},"class_list":{"0":"post-8883","1":"page","2":"type-page","3":"status-publish","5":"entry","6":"has-post-thumbnail"},"_links":{"self":[{"href":"https:\/\/moverdb.com\/tr\/wp-json\/wp\/v2\/pages\/8883","targetHints":{"allow":["GET"]}}],"collection":[{"href":"https:\/\/moverdb.com\/tr\/wp-json\/wp\/v2\/pages"}],"about":[{"href":"https:\/\/moverdb.com\/tr\/wp-json\/wp\/v2\/types\/page"}],"author":[{"embeddable":true,"href":"https:\/\/moverdb.com\/tr\/wp-json\/wp\/v2\/users\/4"}],"replies":[{"embeddable":true,"href":"https:\/\/moverdb.com\/tr\/wp-json\/wp\/v2\/comments?post=8883"}],"version-history":[{"count":1,"href":"https:\/\/moverdb.com\/tr\/wp-json\/wp\/v2\/pages\/8883\/revisions"}],"predecessor-version":[{"id":8885,"href":"https:\/\/moverdb.com\/tr\/wp-json\/wp\/v2\/pages\/8883\/revisions\/8885"}],"up":[{"embeddable":true,"href":"https:\/\/moverdb.com\/tr\/wp-json\/wp\/v2\/pages\/190"}],"wp:attachment":[{"href":"https:\/\/moverdb.com\/tr\/wp-json\/wp\/v2\/media?parent=8883"}],"curies":[{"name":"wp","href":"https:\/\/api.w.org\/{rel}","templated":true}]}}