{"id":888,"date":"2016-08-31T21:15:38","date_gmt":"2016-08-31T21:15:38","guid":{"rendered":"http:\/\/moverdb.com\/?page_id=888"},"modified":"2026-01-08T14:47:24","modified_gmt":"2026-01-08T14:47:24","slug":"abels-removals","status":"publish","type":"page","link":"https:\/\/moverdb.com\/tr\/abels-removals\/","title":{"rendered":"Abels Ta\u015f\u0131nma Hizmetleri: Uluslararas\u0131 Nakliye Yorumlar\u0131"},"content":{"rendered":"<p>Abels Moving Services'in merkezi Brandon, Suffolk'tad\u0131r ancak \u015fu \u015fehirlerde de tesisleri bulunmaktad\u0131r <a href=\"https:\/\/moverdb.com\/tr\/moving-to-london\/\">Londra<\/a>, <a href=\"\" data-internallinksmanager029f6b8e52c=\"37\" title=\"Cambridge\">Cambridge<\/a> ve Lutterworth'\u00fcn tamam\u0131na hizmet vermektedir. <a href=\"https:\/\/moverdb.com\/tr\/moving-to-the-uk\/\" data-internallinksmanager029f6b8e52c=\"93\" title=\"Birle\u015fik Krall\u0131k&#039;a m\u0131 ta\u015f\u0131n\u0131yorsunuz? 2026 Ya\u015fam Maliyetleri &amp; Yer De\u011fi\u015ftirme \u0130pu\u00e7lar\u0131\">BIRLE\u015eIK KRALLIK<\/a>. <\/p>\n<p>M\u00fc\u015fterilerine a\u015fa\u011f\u0131da listelenen bir\u00e7ok kas\u0131tl\u0131 ta\u015f\u0131ma hizmeti sunmaktad\u0131r. Ayr\u0131ca bir \u015firket profili ve \u015firket incelemeleri de var.<\/p>\n<p><strong>Uluslararas\u0131 Ta\u015f\u0131malar<\/strong><\/p>\n<ul>\n<li> K\u00fc\u00e7\u00fck hacimler i\u00e7in hava ta\u015f\u0131mac\u0131l\u0131\u011f\u0131<\/li>\n<li> B\u00fcy\u00fck hacimler i\u00e7in deniz ta\u015f\u0131mac\u0131l\u0131\u011f\u0131<\/li>\n<li> Eksiksiz ta\u015f\u0131nma y\u00f6netimi mevcut<\/li>\n<li> Evcil hayvan \u00e7\u0131karma<\/li>\n<li> Ara\u00e7 kald\u0131rma<\/li>\n<li> Kap\u0131dan kap\u0131ya servis<\/li>\n<li> Y\u00fcksek e\u011fitimli paketleyiciler<\/li>\n<li> Y\u00fcksek kaliteli ambalaj malzemeleri<\/li>\n<li> G\u00fcmr\u00fck yard\u0131m\u0131<\/li>\n<li> Teslimat ve ambalaj a\u00e7ma hizmeti<\/li>\n<li> Yer de\u011fi\u015ftirme bilgileri<\/li>\n<li> Sigorta ayarland\u0131<\/li>\n<li> Hizmet\u00e7i servisi<\/li>\n<li> Bah\u00e7e hizmeti<\/li>\n<\/ul>\n<p><strong>Yer De\u011fi\u015ftirme Hizmetleri<\/strong><\/p>\n<ul>\n<li> \u00dclke yer de\u011fi\u015ftirme rehberleri 60 \u00fclke i\u00e7in mevcuttur<\/li>\n<li> \u0130lk ihtiya\u00e7 de\u011ferlendirmesi<\/li>\n<li> Y\u00f6nlendirme - al\u0131\u015fveri\u015f, e\u011flence, bankac\u0131l\u0131k, dinlence tesisleri<\/li>\n<li> E\u011fitime genel bak\u0131\u015f<\/li>\n<li> M\u00fclke genel bak\u0131\u015f<\/li>\n<li> Mobilya kiralama<\/li>\n<li> Kamu hizmetleri ba\u011flant\u0131s\u0131<\/li>\n<li> Hizmet\u00e7i servisi<\/li>\n<li> Bah\u00e7e hizmeti<\/li>\n<\/ul>\n<p><strong>Avrupa Hareketleri<\/strong><\/p>\n<ul>\n<li> Kap\u0131dan kap\u0131ya servis<\/li>\n<li> T\u00fcm evrak i\u015fleri Abels taraf\u0131ndan tamamland\u0131<\/li>\n<li> Paketleme ve ambalaj a\u00e7ma<\/li>\n<li> Uzman paketleme malzemeleri<\/li>\n<li> K\u0131sa ve uzun s\u00fcreli depolama<\/li>\n<li> Ki\u015fisel asistan hizmeti - her \u015fey ve her \u015fey<\/li>\n<li> Yer de\u011fi\u015ftirme k\u0131lavuzlar\u0131<\/li>\n<li> Hizmet\u00e7i servisi<\/li>\n<li> Bah\u00e7e hizmeti<\/li>\n<\/ul>\n<p><strong>Paketleme Hizmetleri<\/strong><\/p>\n<ul>\n<li> Kristal dahil k\u0131r\u0131labilir e\u015fyalar, <a href=\"https:\/\/moverdb.com\/tr\/moving-to-china\/\" data-internallinksmanager029f6b8e52c=\"357\" title=\"\u00c7in&#039;e mi Ta\u015f\u0131n\u0131yorsunuz? 2026 Ya\u015fam Maliyetleri ve Yer De\u011fi\u015ftirme \u0130pu\u00e7lar\u0131\">\u00c7\u0130N<\/a>cam vb.<\/li>\n<li> Tablolar, resimler<\/li>\n<li> Giysiler<\/li>\n<li> Antika mobilyalar, y\u00fcksek de\u011ferli e\u015fyalar<\/li>\n<li> Genel olarak dolaplar\u0131n i\u00e7eri\u011fi<\/li>\n<\/ul>\n<p><strong>Depolama<\/strong><\/p>\n<ul>\n<li> Uzun ve k\u0131sa vadeli<\/li>\n<li> Birle\u015fik Krall\u0131k, Avrupa ve deniza\u015f\u0131r\u0131 \u00fclkelerde depolama<\/li>\n<li> Amaca y\u00f6nelik in\u015fa edilmi\u015f<\/li>\n<li> Optimum ortam<\/li>\n<li> S\u0131k\u0131 yang\u0131n kontrolleri<\/li>\n<li> CCTV kapsam\u0131<\/li>\n<li> S\u00fcrekli G\u00fcvenlik varl\u0131\u011f\u0131<\/li>\n<li> Konteynerler toplama s\u0131ras\u0131nda m\u00fch\u00fcrlenir<\/li>\n<li> Yumu\u015fak mobilyalar ideal s\u0131cakl\u0131k ko\u015fullar\u0131nda saklan\u0131r<\/li>\n<li> Dosya ve ar\u015fiv depolama<\/li>\n<li> \u00d6\u011frenci deposu<\/li>\n<\/ul>\n<p><strong>Uzmanl\u0131k Hizmetleri<\/strong><\/p>\n<ul>\n<li> \u0130\u015f ve Ticari Ta\u015f\u0131nmalar<\/li>\n<li> Belge hizmetleri<\/li>\n<li> Mobilya donan\u0131mlar\u0131 ve ekipman hizmetleri<\/li>\n<li> Perakende ve eve teslimat hizmetleri<\/li>\n<li> Mobilya Kurulum Hizmetleri<\/li>\n<li> \u0130\u00e7 mimarlar ve m\u00fclk geli\u015ftiriciler i\u00e7in kurulum \u00e7\u00f6z\u00fcmleri<\/li>\n<\/ul>\n<h2>Abels Ta\u015f\u0131mac\u0131l\u0131k Hizmetleri \u015eirket Profili<\/h2>\n<p>Abels Ta\u015f\u0131mac\u0131l\u0131k Hizmetleri 1958 y\u0131l\u0131nda bir aile \u015firketi olarak ma\u011fazalara mal teslim ederek ba\u015flad\u0131. O zamandan bu yana b\u00fcy\u00fcyen \u015firketin \u015fu anda d\u00fcnya \u00e7ap\u0131nda 56 \u00fclkede 1.500 hizmet merkezi bulunmaktad\u0131r. <\/p>\n<p>\u015eirket, Prens Charles ve Prenses Diana'n\u0131n 1981 y\u0131l\u0131ndaki d\u00fc\u011f\u00fcn hediyelerinin ta\u015f\u0131nmas\u0131 da dahil olmak \u00fczere kraliyete verdi\u011fi hizmetlerden dolay\u0131 1989 y\u0131l\u0131nda Majesteleri Krali\u00e7e taraf\u0131ndan Kraliyet Berat\u0131 ile \u00f6d\u00fcllendirilmi\u015ftir. <\/p>\n<p>Abels Ta\u015f\u0131mac\u0131l\u0131k Hizmetleri, amaca uygun olarak \u00fcretilmi\u015f, \u00e7evre dostu kamyonlar\u0131yla gurur duymaktad\u0131r. Topluma geri vermeye inan\u0131yorlar ve d\u00fcnya \u00e7ap\u0131nda \u00e7e\u015fitli hay\u0131r kurumlar\u0131n\u0131 destekliyorlar. <\/p>\n<p>M\u00fc\u015fterileriyle 'sorun yok' yakla\u015f\u0131m\u0131na s\u0131k\u0131 s\u0131k\u0131ya inan\u0131yor ve bir g\u00fcl\u00fcmsemenin uzun bir yol kat etti\u011fine inan\u0131yorlar.<\/p>\n<p>Abels Moving Services a\u015fa\u011f\u0131daki ba\u011flant\u0131lara ve akreditasyonlara sahiptir:<\/p>\n<ul>\n<li> Majesteleri Krali\u00e7e'nin Kraliyet Emri<\/li>\n<li> <a href=\"https:\/\/moverdb.com\/tr\/fidi-faim\/\">FIDI<\/a><\/li>\n<li> <a href=\"https:\/\/moverdb.com\/tr\/fidi-faim\/\" data-internallinksmanager029f6b8e52c=\"16\" title=\"FIDI &amp; FAIM (FIDI Akredite Uluslararas\u0131 Ta\u015f\u0131mac\u0131) A\u00e7\u0131klamas\u0131\">FAIM<\/a><\/li>\n<li> \u0130nsana Yat\u0131r\u0131m<\/li>\n<li> <a href=\"https:\/\/moverdb.com\/tr\/british-association-of-removers\/\">\u0130ngiliz Ta\u015f\u0131mac\u0131lar Birli\u011fi<\/a> (<a href=\"https:\/\/moverdb.com\/tr\/british-association-of-removers\/\" data-internallinksmanager029f6b8e52c=\"9\" title=\"\u0130ngiliz S\u00f6k\u00fcmc\u00fcler Birli\u011fi (BAR) A\u00e7\u0131klamas\u0131\">BAR<\/a>)<\/li>\n<li> <a href=\"https:\/\/moverdb.com\/tr\/bar-overseas\/\">BAR Yurtd\u0131\u015f\u0131 Grubu<\/a><\/li>\n<li> Finansal Hizmetler Kurumu<\/li>\n<li> <a href=\"https:\/\/moverdb.com\/tr\/fedemac\/\">Avrupa Ta\u015f\u0131mac\u0131lar Birli\u011fi Federasyonu<\/a> (<a href=\"https:\/\/moverdb.com\/tr\/fedemac\/\" data-internallinksmanager029f6b8e52c=\"15\" title=\"Avrupa Ta\u015f\u0131mac\u0131lar Birli\u011fi Federasyonu (FEDEMAC) A\u00e7\u0131klamas\u0131\">FEDEMAC<\/a>)<\/li>\n<li> Uluslararas\u0131 Ta\u015f\u0131mac\u0131lar Kar\u015f\u0131l\u0131kl\u0131 Sigortas\u0131 (IMMI)<\/li>\n<li> BS EN ISO 9001<\/li>\n<\/ul>\n<h2>Abels Ta\u015f\u0131nma Hizmetleri<\/h2>\n<p><strong>Olumlu:<\/strong><\/p>\n<ul>\n<li> <em>\"Her iki taraftaki ta\u015f\u0131ma ekipleri de harikayd\u0131 - i\u015finin ehli, istikrarl\u0131 bir \u015fekilde \u00e7al\u0131\u015ft\u0131lar ve kesinlikle gerekli olan\u0131n \u00f6tesinde ger\u00e7ekten yard\u0131mc\u0131 oldular.\"<\/em> - Bayan Jenson arac\u0131l\u0131\u011f\u0131yla <a href=\"http:\/\/www.abels.co.uk\/reviews\/\" target=\"_blank\" rel=\"noopener\">Abels m\u00fc\u015fteri yorumlar\u0131 sayfas\u0131<\/a>.<\/li>\n<li> <em>\"Abels'te telefonla, e-postayla veya \u015fahsen muhatap oldu\u011fum herkes \u00e7ok yard\u0131msever, arkada\u015f canl\u0131s\u0131 ve etkiliydi, onlar\u0131 kesinlikle tekrar kullan\u0131r\u0131m ve ba\u015fkalar\u0131na tavsiye etmekte teredd\u00fct etmem\"<\/em> Bayan Pledge arac\u0131l\u0131\u011f\u0131yla <a href=\"http:\/\/moveaide.com\/movers\/abels-moving-cambrige-uk-mover-reviews\" target=\"_blank\" rel=\"noopener\">MoveAide<\/a><\/li>\n<li> <em>\"Ta\u015f\u0131nma i\u015flemimizin ba\u015far\u0131yla tamamlanm\u0131\u015f olmas\u0131ndan dolay\u0131 \u00e7ok mutlu oldu\u011fumuzu bilmenizi isteriz.\"<\/em> - \u00fczerinden <a href=\"http:\/\/removal-company-reviews.com\/view-removal-company-review.php?c=Abels%20Moving%20Services%20Ltd&#038;id=384\" target=\"_blank\" rel=\"noopener\">Nakliye \u015eirketi Yorumlar\u0131<\/a><\/li>\n<\/ul>\n<p><strong>Olumsuz:<\/strong><\/p>\n<ul>\n<li> <em>\"Gereksiz gecikmeler hakk\u0131nda korkun\u00e7 ileti\u015fim. Hayat\u0131n\u0131z boyunca sahip oldu\u011funuz t\u00fcm e\u015fyalar\u0131n kayboldu\u011fundan korkacaks\u0131n\u0131z.\"<\/em> - Jeanie C. arac\u0131l\u0131\u011f\u0131yla <a href=\"https:\/\/www.yelp.co.uk\/biz\/abels-moving-services-ltd-brandon-2?hrid=qZqRG6iZsRo2GEP-XgQefQ&#038;utm_campaign=www_review_share_popup&#038;utm_medium=copy_link&#038;utm_source=(direct)\" target=\"_blank\" rel=\"noopener\">Yelp<\/a><\/li>\n<li> <em>\"Krali\u00e7e de\u011filseniz, fazla ilgilenmezler.\"<\/em> - Simon arac\u0131l\u0131\u011f\u0131yla <a href=\"http:\/\/www.removalreviews.co.uk\/movingreviews\/far-from-their-advertising-image-7304\" target=\"_blank\" rel=\"noopener\">Kald\u0131rma Yorumlar\u0131<\/a><\/li>\n<li> <em>\"Her iki kurum aras\u0131ndaki zay\u0131f ileti\u015fim ile her y\u00f6nden k\u00f6t\u00fc hizmet <a href=\"https:\/\/moverdb.com\/tr\/singapura-tasinmak\/\">Singapur<\/a> ekibi ve \u0130ngiltere ekibi.\"<\/em> - Bay Crapper arac\u0131l\u0131\u011f\u0131yla <a href=\"http:\/\/moveaide.com\/movers\/abels-moving-cambrige-uk-mover-reviews\" target=\"_blank\" rel=\"noopener\">MoveAide<\/a><\/li>\n<\/li>\n<\/ul>\n<div itemprop=\"review\" itemscope itemtype=\"http:\/\/schema.org\/Review\">\n<span itemprop=\"author\" itemscope=\"\" itemtype=\"http:\/\/schema.org\/Organization\"><span itemprop=\"name\">MoverDB.com<\/span><\/span> \u00c7evrimi\u00e7i Web Sitesi \u0130ncelemesi i\u00e7in <span itemprop=\"itemreviewed\" itemscope=\"\" itemtype=\"http:\/\/schema.org\/Brand\"><span itemprop=\"name\">Abels Ta\u015f\u0131nma Hizmetleri<\/span><\/span>:<\/p>\n<ol>\n<li> Web sitesinde a\u00e7\u0131k ileti\u015fim bilgileri (telefon numaras\u0131 dahil): <strong>Evet<\/strong><\/li>\n<li> Almas\u0131 kolay <a href=\"https:\/\/moverdb.com\/tr\/alintilar\/\">uluslararas\u0131 ta\u015f\u0131mac\u0131l\u0131k teklifleri<\/a>? (\u00c7evrimi\u00e7i tahmin talep formu): <strong>Evet<\/strong><\/li>\n<li> Web sitesinde net bilgiler: <strong>Evet,<\/strong> web sitesinde hizmetleri hakk\u0131nda yeterli miktarda bilgi olmas\u0131na ra\u011fmen baz\u0131 <\/li>\n<li> Uluslararas\u0131 tan\u0131nm\u0131\u015f ta\u015f\u0131ma organizasyonlar\u0131na \u00fcyelik: <strong>Evet<\/strong>, yukar\u0131ya bak\u0131n.<\/li>\n<li> M\u00fc\u015fterilerin listesi ve\/veya \u00f6nceki m\u00fc\u015fteri referanslar\u0131: <strong>Evet<\/strong> Web sitesinde olumlu m\u00fc\u015fteri referanslar\u0131 bulunmaktad\u0131r.<\/li>\n<\/ol>\n<div itemprop=\"reviewRating\" itemscope itemtype=\"http:\/\/schema.org\/Rating\"><meta itemprop=\"worstRating\" content = \"0\" \/><meta itemprop=\"bestRating\" content=\"5\" \/><meta itemprop=\"ratingValue\" content=\"4.5\"><\/div>\n<p><strong>Genel puan: 4,5\/5<\/strong><br \/>\n<strong>\u0130nceleme Tarihi:<\/strong> <span itemprop=\"datePublished\" content=\"2016-08-31\">31\/08\/2016<\/span>\n<\/div>\n<p>Hakk\u0131nda daha fazla bilgi <a href=\"https:\/\/moverdb.com\/tr\/uluslararasi-tasimalar\/\">uluslararasi ta\u015fimacilik<\/a> ve bizim <a href=\"https:\/\/moverdb.com\/tr\/yorumlar\/\">g\u00f6zden ge\u00e7irme s\u00fcreci<\/a>.<\/p>\n<p><strong>Web sitesi:<\/strong> <a href=\"http:\/\/www.abels.co.uk\" target=\"_blank\" rel=\"noopener\">http:\/\/www.abels.co.uk<\/a><\/p>","protected":false},"excerpt":{"rendered":"<p>Abels Moving Services is based in Brandon, Suffolk but has facilities in London, Cambridge and Lutterworth but serves the whole of the UK. It offers its clients many intentional moving services which are listed below. There also follows a company profile and company reviews. International Moves Airfreight for small volumes Sea freight for large volumes [&hellip;]<\/p>\n","protected":false},"author":1,"featured_media":0,"parent":0,"menu_order":0,"comment_status":"closed","ping_status":"closed","template":"","meta":{"_genesis_hide_title":false,"_genesis_hide_breadcrumbs":false,"_genesis_hide_singular_image":false,"_genesis_hide_footer_widgets":false,"_genesis_custom_body_class":"","_genesis_custom_post_class":"","_genesis_layout":"","footnotes":""},"class_list":{"0":"post-888","1":"page","2":"type-page","3":"status-publish","5":"entry"},"_links":{"self":[{"href":"https:\/\/moverdb.com\/tr\/wp-json\/wp\/v2\/pages\/888","targetHints":{"allow":["GET"]}}],"collection":[{"href":"https:\/\/moverdb.com\/tr\/wp-json\/wp\/v2\/pages"}],"about":[{"href":"https:\/\/moverdb.com\/tr\/wp-json\/wp\/v2\/types\/page"}],"author":[{"embeddable":true,"href":"https:\/\/moverdb.com\/tr\/wp-json\/wp\/v2\/users\/1"}],"replies":[{"embeddable":true,"href":"https:\/\/moverdb.com\/tr\/wp-json\/wp\/v2\/comments?post=888"}],"version-history":[{"count":8,"href":"https:\/\/moverdb.com\/tr\/wp-json\/wp\/v2\/pages\/888\/revisions"}],"predecessor-version":[{"id":6166,"href":"https:\/\/moverdb.com\/tr\/wp-json\/wp\/v2\/pages\/888\/revisions\/6166"}],"wp:attachment":[{"href":"https:\/\/moverdb.com\/tr\/wp-json\/wp\/v2\/media?parent=888"}],"curies":[{"name":"wp","href":"https:\/\/api.w.org\/{rel}","templated":true}]}}