{"id":8879,"date":"2023-04-27T14:40:42","date_gmt":"2023-04-27T14:40:42","guid":{"rendered":"https:\/\/moverdb.com\/?page_id=8879"},"modified":"2026-01-08T15:29:24","modified_gmt":"2026-01-08T15:29:24","slug":"moving-companies-myanmar","status":"publish","type":"page","link":"https:\/\/moverdb.com\/tr\/moving-companies\/moving-companies-myanmar\/","title":{"rendered":"Myanmar'daki En \u0130yi 6 Uluslararas\u0131 Nakliye \u015eirketi"},"content":{"rendered":"<p>Evinizi veya i\u015f yerinizi ta\u015f\u0131rken, \u00f6zellikle de ba\u015fka bir \u00fclkeye ta\u015f\u0131n\u0131yorsan\u0131z, planlaman\u0131z ve yapman\u0131z gereken \u00e7ok \u015fey oldu\u011fu i\u00e7in stresli bir zaman olabilir. Bir nakliyecinin hizmetlerinden yararlanmak <a href=\"https:\/\/moverdb.com\/tr\/moving-companies\/\" data-internallinksmanager029f6b8e52c=\"79\" title=\"\u00c7evrimi\u00e7i En \u0130yi 25 Uluslararas\u0131 Nakliye \u015eirketi\">ta\u015finma \u015fi\u0307rketi\u0307<\/a> stresinizi azaltmaya yard\u0131mc\u0131 olabilir ve bu g\u00f6revlerin \u00e7o\u011funu ortadan kald\u0131rabilir. A\u015fa\u011f\u0131da Myanmar (Burma) merkezli bir liste derledik <a href=\"https:\/\/moverdb.com\/tr\/international-removals\/\" data-internallinksmanager029f6b8e52c=\"27\" title=\"36 \u0130ngiltere&#039;deki En \u0130yi Uluslararas\u0131 Nakliye \u015eirketleri\">nakli\u0307ye \u015fi\u0307rketleri\u0307<\/a> \u00fcyesi olan <a href=\"https:\/\/moverdb.com\/tr\/iam\/\" data-internallinksmanager029f6b8e52c=\"23\" title=\"Uluslararas\u0131 Ta\u015f\u0131mac\u0131lar Birli\u011fi (IAM) A\u00e7\u0131klamas\u0131\">Uluslararas\u0131 Ta\u015f\u0131mac\u0131lar Birli\u011fi<\/a> (IAM) ve\/veya <a href=\"https:\/\/moverdb.com\/tr\/fidi-faim\/\" data-internallinksmanager029f6b8e52c=\"16\" title=\"FIDI &amp; FAIM (FIDI Akredite Uluslararas\u0131 Ta\u015f\u0131mac\u0131) A\u00e7\u0131klamas\u0131\">FIDI<\/a> Ta\u015f\u0131nman\u0131zda size yard\u0131mc\u0131 olabilecek Akredite Uluslararas\u0131 Ta\u015f\u0131mac\u0131 (FAIM).<\/p>\n<div id=\"ez-toc-container\" class=\"ez-toc-v2_0_82_2 ez-toc-wrap-left counter-hierarchy ez-toc-counter ez-toc-transparent ez-toc-container-direction\">\n<div class=\"ez-toc-title-container\">\n<p class=\"ez-toc-title\" style=\"cursor:inherit\">B\u00f6l\u00fcmler<\/p>\n<span class=\"ez-toc-title-toggle\"><a href=\"#\" class=\"ez-toc-pull-right ez-toc-btn ez-toc-btn-xs ez-toc-btn-default ez-toc-toggle\" aria-label=\"\u0130\u00e7indekiler Tablosunu A\u00e7\/Kapat\"><span class=\"ez-toc-js-icon-con\"><span class=\"\"><span class=\"eztoc-hide\" style=\"display:none;\">Ge\u00e7i\u015f<\/span><span class=\"ez-toc-icon-toggle-span\"><svg style=\"fill: #999;color:#999\" xmlns=\"http:\/\/www.w3.org\/2000\/svg\" class=\"list-377408\" width=\"20px\" height=\"20px\" viewbox=\"0 0 24 24\" fill=\"none\"><path d=\"M6 6H4v2h2V6zm14 0H8v2h12V6zM4 11h2v2H4v-2zm16 0H8v2h12v-2zM4 16h2v2H4v-2zm16 0H8v2h12v-2z\" fill=\"currentColor\"><\/path><\/svg><svg style=\"fill: #999;color:#999\" class=\"arrow-unsorted-368013\" xmlns=\"http:\/\/www.w3.org\/2000\/svg\" width=\"10px\" height=\"10px\" viewbox=\"0 0 24 24\" version=\"1.2\" baseprofile=\"tiny\"><path d=\"M18.2 9.3l-6.2-6.3-6.2 6.3c-.2.2-.3.4-.3.7s.1.5.3.7c.2.2.4.3.7.3h11c.3 0 .5-.1.7-.3.2-.2.3-.5.3-.7s-.1-.5-.3-.7zM5.8 14.7l6.2 6.3 6.2-6.3c.2-.2.3-.5.3-.7s-.1-.5-.3-.7c-.2-.2-.4-.3-.7-.3h-11c-.3 0-.5.1-.7.3-.2.2-.3.5-.3.7s.1.5.3.7z\"\/><\/svg><\/span><\/span><\/span><\/a><\/span><\/div>\n<nav><ul class='ez-toc-list ez-toc-list-level-1 eztoc-toggle-hide-by-default' ><li class='ez-toc-page-1 ez-toc-heading-level-2'><a class=\"ez-toc-link ez-toc-heading-1\" href=\"https:\/\/moverdb.com\/tr\/moving-companies\/moving-companies-myanmar\/#1_Dawood_Worldwide_Movers\" >1. Dawood D\u00fcnya \u00c7ap\u0131nda Ta\u015f\u0131mac\u0131l\u0131k<\/a><\/li><li class='ez-toc-page-1 ez-toc-heading-level-2'><a class=\"ez-toc-link ez-toc-heading-2\" href=\"https:\/\/moverdb.com\/tr\/moving-companies\/moving-companies-myanmar\/#2_DNS_Mobility_Ltd\" >2. DNS Mobility Ltd<\/a><\/li><li class='ez-toc-page-1 ez-toc-heading-level-2'><a class=\"ez-toc-link ez-toc-heading-3\" href=\"https:\/\/moverdb.com\/tr\/moving-companies\/moving-companies-myanmar\/#3_Global_Moving_Storage_Ltd\" >3. Global Ta\u015f\u0131mac\u0131l\u0131k &amp; Depolama Ltd<\/a><\/li><li class='ez-toc-page-1 ez-toc-heading-level-2'><a class=\"ez-toc-link ez-toc-heading-4\" href=\"https:\/\/moverdb.com\/tr\/moving-companies\/moving-companies-myanmar\/#4_Legendary_Myanmar_International_Moving_Logistics_Co_Ltd\" >4. Legendary Myanmar International Moving &amp; Logistics Co Ltd<\/a><\/li><li class='ez-toc-page-1 ez-toc-heading-level-2'><a class=\"ez-toc-link ez-toc-heading-5\" href=\"https:\/\/moverdb.com\/tr\/moving-companies\/moving-companies-myanmar\/#5_Myanmar_Express_Moving\" >5. Myanmar Ekspres Ta\u015f\u0131mac\u0131l\u0131k<\/a><\/li><li class='ez-toc-page-1 ez-toc-heading-level-2'><a class=\"ez-toc-link ez-toc-heading-6\" href=\"https:\/\/moverdb.com\/tr\/moving-companies\/moving-companies-myanmar\/#6_NMT_Ltd\" >6. NMT Ltd<\/a><\/li><\/ul><\/nav><\/div>\n<h2><span class=\"ez-toc-section\" id=\"1_Dawood_Worldwide_Movers\"><\/span><strong>1. Dawood D\u00fcnya \u00c7ap\u0131nda Ta\u015f\u0131mac\u0131l\u0131k<\/strong><span class=\"ez-toc-section-end\"><\/span><\/h2>\n<p><img loading=\"lazy\" decoding=\"async\" class=\"alignnone size-full wp-image-8783\" src=\"https:\/\/moverdb.com\/wp-content\/uploads\/Dawood-Worldwide-Moving-international-moving-company.png\" alt=\"Dawood Worldwide Moving uluslararas\u0131 ta\u015f\u0131ma \u015firketi\" width=\"1440\" height=\"682\" data-wp-pid=\"8783\" srcset=\"https:\/\/moverdb.com\/wp-content\/uploads\/Dawood-Worldwide-Moving-international-moving-company.png 1440w, https:\/\/moverdb.com\/wp-content\/uploads\/Dawood-Worldwide-Moving-international-moving-company-300x142.png 300w, https:\/\/moverdb.com\/wp-content\/uploads\/Dawood-Worldwide-Moving-international-moving-company-1024x485.png 1024w, https:\/\/moverdb.com\/wp-content\/uploads\/Dawood-Worldwide-Moving-international-moving-company-18x9.png 18w, https:\/\/moverdb.com\/wp-content\/uploads\/Dawood-Worldwide-Moving-international-moving-company-600x284.png 600w\" sizes=\"auto, (max-width: 1440px) 100vw, 1440px\" \/><\/p>\n<ul>\n<li>Ulusal Ta\u015f\u0131malar<\/li>\n<li>Uluslararas\u0131 Ta\u015f\u0131malar<\/li>\n<li>Evden eve nakliyat<\/li>\n<li>Ofis Ta\u015f\u0131malar\u0131<\/li>\n<li>Paketleme hizmeti<\/li>\n<li>Ula\u015f\u0131m d\u00fczenlemeleri<\/li>\n<li>G\u00fcmr\u00fck i\u015flemleri<\/li>\n<li>Men\u015fe ve var\u0131\u015f yeri hizmetleri<\/li>\n<li>Evcil hayvanlar\u0131n ta\u015f\u0131nmas\u0131<\/li>\n<li>G\u00fcvenli depolama<\/li>\n<\/ul>\n<p>Dawood Worldwide Movers, 1963 y\u0131l\u0131nda kurulmu\u015f ve merkezi Yangon'da bulunan uluslararas\u0131 bir nakliye \u015firketidir. Hizmetlerini d\u00fcnya \u00e7ap\u0131nda sunmak i\u00e7in uluslararas\u0131 ta\u015f\u0131ma hizmetleri ve nakliyecilerle birlikte \u00e7al\u0131\u015f\u0131rlar. \u015eirket 47 y\u0131ll\u0131k hizmetiyle IAM \u00fcyesidir.<\/p>\n<p>Dawood Worldwide Movers, ta\u015f\u0131nmadan \u00f6nce ba\u015flang\u0131\u00e7 hizmetleri ve vard\u0131\u011f\u0131n\u0131zda var\u0131\u015f hizmetleri ile sizi desteklemeyi i\u00e7eren eksiksiz bir ta\u015f\u0131ma hizmeti sunar ve ayr\u0131ca evcil hayvanlar\u0131n\u0131z\u0131 da ta\u015f\u0131yabilir. E\u015fyalar\u0131n\u0131z\u0131 ta\u015f\u0131ma s\u0131ras\u0131nda korumak i\u00e7in paketleme malzemeleri i\u00e7eren eksiksiz bir paketleme hizmeti sunarlar. E\u015fyalar\u0131n\u0131z\u0131n g\u00fcmr\u00fck i\u015flemleri ile birlikte var\u0131\u015f noktan\u0131za ta\u015f\u0131nmas\u0131 i\u00e7in gerekli d\u00fczenlemeleri yaparlar.<\/p>\n<p>Web sitesi: <a href=\"http:\/\/www.dawoodmovers.com\" target=\"_blank\" rel=\"noopener\">http:\/\/www.dawoodmovers.com<\/a><\/p>\n<h2><span class=\"ez-toc-section\" id=\"2_DNS_Mobility_Ltd\"><\/span><strong>2. DNS Mobility Ltd<\/strong><span class=\"ez-toc-section-end\"><\/span><\/h2>\n<p><img loading=\"lazy\" decoding=\"async\" class=\"alignnone size-full wp-image-8789\" src=\"https:\/\/moverdb.com\/wp-content\/uploads\/DNS-Mobility-Ltd-international-moving-company.png\" alt=\"DNS Mobility Ltd uluslararas\u0131 ta\u015f\u0131ma \u015firketi\" width=\"1440\" height=\"680\" data-wp-pid=\"8789\" srcset=\"https:\/\/moverdb.com\/wp-content\/uploads\/DNS-Mobility-Ltd-international-moving-company.png 1440w, https:\/\/moverdb.com\/wp-content\/uploads\/DNS-Mobility-Ltd-international-moving-company-300x142.png 300w, https:\/\/moverdb.com\/wp-content\/uploads\/DNS-Mobility-Ltd-international-moving-company-1024x484.png 1024w, https:\/\/moverdb.com\/wp-content\/uploads\/DNS-Mobility-Ltd-international-moving-company-18x9.png 18w, https:\/\/moverdb.com\/wp-content\/uploads\/DNS-Mobility-Ltd-international-moving-company-600x283.png 600w\" sizes=\"auto, (max-width: 1440px) 100vw, 1440px\" \/><\/p>\n<ul>\n<li>Ulusal Ta\u015f\u0131malar<\/li>\n<li>Uluslararas\u0131 ta\u015f\u0131nmalar<\/li>\n<li>Ev ta\u015f\u0131ma<\/li>\n<li>Tam hizmet paketleme<\/li>\n<li>\u00d6zelle\u015ftirilmi\u015f paketleme ekipmanlar\u0131<\/li>\n<li>Ta\u015f\u0131mac\u0131l\u0131\u011f\u0131n d\u00fczenlenmesi<\/li>\n<li><a href=\"https:\/\/moverdb.com\/tr\/car-transport-shipping\/\" data-internallinksmanager029f6b8e52c=\"2\" title=\"2026 Uluslararas\u0131 Ara\u00e7 Ta\u015f\u0131ma &amp; Ara\u00e7 Nakliye Fiyatlar\u0131\">Ara\u00e7 nakliyesi<\/a><\/li>\n<li>G\u00fczel sanatlar i\u015fleme<\/li>\n<li>Evcil hayvanlar\u0131n ta\u015f\u0131nmas\u0131<\/li>\n<li>G\u00fcvenli depolama tesisleri<\/li>\n<\/ul>\n<p>DNS Mobility Ltd, 2013 y\u0131l\u0131nda kurulan ve merkezi Yangon'da bulunan uluslararas\u0131 bir lojistik ve evcil hayvan ta\u015f\u0131ma \u015firketidir. Hizmetlerini uluslararas\u0131 olarak sunmak i\u00e7in d\u00fcnya \u00e7ap\u0131nda 100'den fazla ortak ve ba\u011fl\u0131 ofisle \u00e7al\u0131\u015fmaktad\u0131rlar. \u015eirket, 11 y\u0131ll\u0131k hizmetiyle IAM \u00fcyesidir.<\/p>\n<p>DNS Mobility Ltd, e\u015fyalar\u0131n\u0131z\u0131 ta\u015f\u0131ma s\u0131ras\u0131nda korumak i\u00e7in \u00f6zel paketleme ekipman\u0131 ve kasalar\u0131 i\u00e7eren eksiksiz bir paketleme hizmeti sa\u011flayabilen evler i\u00e7in kapsaml\u0131 ta\u015f\u0131ma hizmetleri sunmaktad\u0131r. E\u015fyalar\u0131n\u0131z\u0131n nakliyesini ayarlayacak ve sevkiyat\u0131n\u0131z\u0131 \u00e7evrimi\u00e7i olarak takip edeceklerdir. Var\u0131\u015fta, ambalaj\u0131 a\u00e7acak ve enkaz\u0131 kald\u0131racaklard\u0131r.<\/p>\n<p>Web sitesi: <a href=\"http:\/\/www.dnsmyanmar.com\" target=\"_blank\" rel=\"noopener\">http:\/\/www.dnsmyanmar.com<\/a><\/p>\n<h2><span class=\"ez-toc-section\" id=\"3_Global_Moving_Storage_Ltd\"><\/span><strong>3. Global Ta\u015f\u0131mac\u0131l\u0131k &amp; Depolama Ltd<\/strong><span class=\"ez-toc-section-end\"><\/span><\/h2>\n<p><img loading=\"lazy\" decoding=\"async\" class=\"alignnone size-full wp-image-8806\" src=\"https:\/\/moverdb.com\/wp-content\/uploads\/Global-Moving-Storage-Ltd-international-moving-company.png\" alt=\"Global Moving &amp; Storage Ltd uluslararas\u0131 ta\u015f\u0131ma \u015firketi\" width=\"1440\" height=\"675\" data-wp-pid=\"8806\" srcset=\"https:\/\/moverdb.com\/wp-content\/uploads\/Global-Moving-Storage-Ltd-international-moving-company.png 1440w, https:\/\/moverdb.com\/wp-content\/uploads\/Global-Moving-Storage-Ltd-international-moving-company-300x141.png 300w, https:\/\/moverdb.com\/wp-content\/uploads\/Global-Moving-Storage-Ltd-international-moving-company-1024x480.png 1024w, https:\/\/moverdb.com\/wp-content\/uploads\/Global-Moving-Storage-Ltd-international-moving-company-18x8.png 18w, https:\/\/moverdb.com\/wp-content\/uploads\/Global-Moving-Storage-Ltd-international-moving-company-600x281.png 600w\" sizes=\"auto, (max-width: 1440px) 100vw, 1440px\" \/><\/p>\n<ul>\n<li>Ulusal hamleler<\/li>\n<li>Uluslararas\u0131 ta\u015f\u0131nmalar<\/li>\n<li>Ev ta\u015f\u0131ma<\/li>\n<li>Ofis ta\u015f\u0131ma<\/li>\n<li>Paketleme hizmetleri<\/li>\n<li>Ula\u015f\u0131m d\u00fczenlemesi<\/li>\n<li>G\u00fcmr\u00fck i\u015flemleri<\/li>\n<li>G\u00fczel sanatlar\u0131n paketlenmesi<\/li>\n<li>Evcil hayvan ta\u015f\u0131ma hizmeti<\/li>\n<li>Depolama tesisleri<\/li>\n<\/ul>\n<p>Global Moving &amp; Storage Ltd, yirmi y\u0131l\u0131 a\u015fk\u0131n deneyime sahip d\u00fcnya \u00e7ap\u0131nda bir ta\u015f\u0131ma ve lojistik \u015firketidir. IAM'nin 12 y\u0131ll\u0131k bir \u00fcyesidirler ve bu da onlara d\u00fcnya \u00e7ap\u0131nda hizmet sunmalar\u0131na yard\u0131mc\u0131 olabilecek uluslararas\u0131 bir ta\u015f\u0131ma acenteleri a\u011f\u0131 sa\u011flar.<\/p>\n<p>Global Moving &amp; Storage Ltd kap\u0131dan kap\u0131ya, kap\u0131dan<a href=\"https:\/\/moverdb.com\/tr\/top-49-container-ports\/\" data-internallinksmanager029f6b8e52c=\"80\" title=\"2025 Y\u0131l\u0131nda En B\u00fcy\u00fck ve En Yo\u011fun 49 Konteyner Liman\u0131\">Liman<\/a> veya g\u00fcmr\u00fckleme ve nakliyenin d\u00fczenlenmesini i\u00e7eren limandan kap\u0131ya hizmetler. E\u015fyalar\u0131n\u0131z\u0131 ta\u015f\u0131ma s\u0131ras\u0131nda korumak i\u00e7in uluslararas\u0131 standartlara uygun paketleme hizmetleri sunarlar. Diplomatlar, g\u00fczel sanatlar ve evcil hayvan ta\u015f\u0131ma hizmetleri i\u00e7in uzman hizmetler sunarlar.<\/p>\n<p>Web sitesi: <a href=\"http:\/\/www.globalmovingstorage.com\" target=\"_blank\" rel=\"noopener\">http:\/\/www.globalmovingstorage.com<\/a><\/p>\n<h2><span class=\"ez-toc-section\" id=\"4_Legendary_Myanmar_International_Moving_Logistics_Co_Ltd\"><\/span><strong>4. Legendary Myanmar International Moving &amp; Logistics Co Ltd<\/strong><span class=\"ez-toc-section-end\"><\/span><\/h2>\n<p><img loading=\"lazy\" decoding=\"async\" class=\"alignnone size-full wp-image-8821\" src=\"https:\/\/moverdb.com\/wp-content\/uploads\/Legendary-Myanmar-International-Moving-Logistics-Co-Ltd.png\" alt=\"Legendary Myanmar International Moving &amp; Logistics Co Ltd\" width=\"1440\" height=\"682\" data-wp-pid=\"8821\" srcset=\"https:\/\/moverdb.com\/wp-content\/uploads\/Legendary-Myanmar-International-Moving-Logistics-Co-Ltd.png 1440w, https:\/\/moverdb.com\/wp-content\/uploads\/Legendary-Myanmar-International-Moving-Logistics-Co-Ltd-300x142.png 300w, https:\/\/moverdb.com\/wp-content\/uploads\/Legendary-Myanmar-International-Moving-Logistics-Co-Ltd-1024x485.png 1024w, https:\/\/moverdb.com\/wp-content\/uploads\/Legendary-Myanmar-International-Moving-Logistics-Co-Ltd-18x9.png 18w, https:\/\/moverdb.com\/wp-content\/uploads\/Legendary-Myanmar-International-Moving-Logistics-Co-Ltd-600x284.png 600w\" sizes=\"auto, (max-width: 1440px) 100vw, 1440px\" \/><\/p>\n<ul>\n<li>Ulusal hamleler<\/li>\n<li>Uluslararas\u0131 ta\u015f\u0131nmalar<\/li>\n<li>Ev ta\u015f\u0131ma<\/li>\n<li>Kurumsal hamleler<\/li>\n<li>Paketleme hizmeti<\/li>\n<li>Karayolu, denizyolu ve havayolu ta\u015f\u0131mac\u0131l\u0131\u011f\u0131<\/li>\n<li>Dok\u00fcmantasyon deste\u011fi<\/li>\n<li>Araba sevkiyat\u0131<\/li>\n<li>Evcil hayvanlar\u0131n ta\u015f\u0131nmas\u0131<\/li>\n<li>Depolama tesisleri<\/li>\n<\/ul>\n<p>Legendary Myanmar International Moving &amp; Logistics Co Ltd (LMSL) bir nakliye, ta\u015f\u0131ma ve lojistik \u015firketidir. <a href=\"https:\/\/moverdb.com\/tr\/relocation-agents\/\" data-internallinksmanager029f6b8e52c=\"1\" title=\"7 Neden Bir Ta\u015f\u0131nma Acentesi Kullanmal\u0131s\u0131n\u0131z?\">yer de\u011fi\u0307\u015fti\u0307rme acentesi\u0307<\/a> 2010 y\u0131l\u0131nda Yangon, Mandalay ve Bagan'da ofisleri ile kurulmu\u015ftur. Uluslararas\u0131 hizmetler sunmak i\u00e7in nakliye ve ta\u015f\u0131ma acenteleriyle d\u00fcnya \u00e7ap\u0131nda ili\u015fkiler kurmu\u015flard\u0131r ve 13 y\u0131ll\u0131k hizmetleriyle IAM \u00fcyesidirler.<\/p>\n<p>LMSL, yerel ve uluslararas\u0131 ta\u015f\u0131nmalar i\u00e7in dok\u00fcmantasyon konusunda yard\u0131m da dahil olmak \u00fczere u\u00e7tan uca ta\u015f\u0131ma hizmetleri sunmaktad\u0131r. E\u015fyalar\u0131n\u0131z\u0131 korumak i\u00e7in paketleme hizmeti sa\u011flarlar ve g\u00fcmr\u00fck i\u015flemleri gibi destekleyici belgeleri de i\u00e7eren kara, hava ve deniz yoluyla nakliyeyi ayarlarlar. Oryantasyon, ev ve okul arama ve kira pazarl\u0131\u011f\u0131 dahil olmak \u00fczere ta\u015f\u0131nma hizmetleri sunarlar.<\/p>\n<p>Web sitesi: <a href=\"http:\/\/www.lmsl-shipping.com\" target=\"_blank\" rel=\"noopener\">http:\/\/www.lmsl-shipping.com<\/a><\/p>\n<h2><span class=\"ez-toc-section\" id=\"5_Myanmar_Express_Moving\"><\/span><strong>5. Myanmar Ekspres Ta\u015f\u0131mac\u0131l\u0131k<\/strong><span class=\"ez-toc-section-end\"><\/span><\/h2>\n<p><img loading=\"lazy\" decoding=\"async\" class=\"alignnone size-full wp-image-8835\" src=\"https:\/\/moverdb.com\/wp-content\/uploads\/Myanmar-Express-Moving-international-moving-company.png\" alt=\"Myanmar Express Moving uluslararas\u0131 ta\u015f\u0131ma \u015firketi\" width=\"1440\" height=\"677\" data-wp-pid=\"8835\" srcset=\"https:\/\/moverdb.com\/wp-content\/uploads\/Myanmar-Express-Moving-international-moving-company.png 1440w, https:\/\/moverdb.com\/wp-content\/uploads\/Myanmar-Express-Moving-international-moving-company-300x141.png 300w, https:\/\/moverdb.com\/wp-content\/uploads\/Myanmar-Express-Moving-international-moving-company-1024x481.png 1024w, https:\/\/moverdb.com\/wp-content\/uploads\/Myanmar-Express-Moving-international-moving-company-18x8.png 18w, https:\/\/moverdb.com\/wp-content\/uploads\/Myanmar-Express-Moving-international-moving-company-600x282.png 600w\" sizes=\"auto, (max-width: 1440px) 100vw, 1440px\" \/><\/p>\n<ul>\n<li>Yerel Ta\u015f\u0131malar<\/li>\n<li>Uluslararas\u0131 Ta\u015f\u0131malar<\/li>\n<li>Evden eve nakliyat<\/li>\n<li>Ticari kargo<\/li>\n<li>Paketleme hizmeti<\/li>\n<li>Karayolu, hava ve deniz ta\u015f\u0131mac\u0131l\u0131\u011f\u0131<\/li>\n<li>G\u00fcmr\u00fck i\u015flemleri<\/li>\n<li>Evcil hayvanlar\u0131n ta\u015f\u0131nmas\u0131<\/li>\n<li>Sigorta<\/li>\n<li>Depolama tesisleri<\/li>\n<\/ul>\n<p>Myanmar Express Moving, 57 y\u0131l\u0131 a\u015fk\u0131n deneyime sahip ve merkezi Yangon'da bulunan bir ta\u015f\u0131ma ve paketleme \u015firketidir. Uluslararas\u0131 hizmetler sunmak i\u00e7in d\u00fcnya \u00e7ap\u0131nda uluslararas\u0131 stratejik ortakl\u0131klar\u0131 ve ittifaklar\u0131 vard\u0131r. \u015eirket 29 y\u0131ll\u0131k hizmetiyle IAM \u00fcyesidir.<\/p>\n<p>Myanmar Express Moving, ta\u015f\u0131nma gereksinimlerinizi de\u011ferlendirmek ve bir fiyat teklifi sunmak i\u00e7in \u00fccretsiz bir anket sunar. Y\u00fcksek standartlarda modern ambalaj malzemeleri kullanarak mobilyalar\u0131n\u0131z\u0131 koruyacak bir paketleme hizmeti sunarlar, var\u0131\u015fta ambalaj\u0131 a\u00e7arlar ve kal\u0131nt\u0131lar\u0131 temizlerler. G\u00fcmr\u00fckleme ve sigorta kapsam\u0131 ile kara, hava ve deniz yoluyla nakliye ayarlayacaklard\u0131r.<\/p>\n<p>Web sitesi: <a href=\"http:\/\/www.myanmarexpressmoving.com\" target=\"_blank\" rel=\"noopener\">http:\/\/www.myanmarexpressmoving.com<\/a><\/p>\n<h2><span class=\"ez-toc-section\" id=\"6_NMT_Ltd\"><\/span><strong>6. NMT Ltd<\/strong><span class=\"ez-toc-section-end\"><\/span><\/h2>\n<p><img loading=\"lazy\" decoding=\"async\" class=\"alignnone size-full wp-image-8838\" src=\"https:\/\/moverdb.com\/wp-content\/uploads\/NMT-Ltd-international-moving-company.png\" alt=\"NMT Ltd uluslararas\u0131 ta\u015f\u0131ma \u015firketi\" width=\"1440\" height=\"683\" data-wp-pid=\"8838\" srcset=\"https:\/\/moverdb.com\/wp-content\/uploads\/NMT-Ltd-international-moving-company.png 1440w, https:\/\/moverdb.com\/wp-content\/uploads\/NMT-Ltd-international-moving-company-300x142.png 300w, https:\/\/moverdb.com\/wp-content\/uploads\/NMT-Ltd-international-moving-company-1024x486.png 1024w, https:\/\/moverdb.com\/wp-content\/uploads\/NMT-Ltd-international-moving-company-18x9.png 18w, https:\/\/moverdb.com\/wp-content\/uploads\/NMT-Ltd-international-moving-company-600x285.png 600w\" sizes=\"auto, (max-width: 1440px) 100vw, 1440px\" \/><\/p>\n<ul>\n<li>Ulusal Ta\u015f\u0131malar<\/li>\n<li>Uluslararas\u0131 Ta\u015f\u0131malar<\/li>\n<li>Evden eve nakliyat<\/li>\n<li>Ofis Ta\u015f\u0131malar\u0131<\/li>\n<li>Diplomat hamlesi<\/li>\n<li>Paketleme hizmeti<\/li>\n<li>Deniz ve hava ta\u015f\u0131mac\u0131l\u0131\u011f\u0131<\/li>\n<li>G\u00fcmr\u00fck komisyonculu\u011fu<\/li>\n<li>Ara\u00e7 nakliyesi<\/li>\n<li>Depolama tesisleri<\/li>\n<\/ul>\n<p>NMT Ltd, 1993 y\u0131l\u0131nda kurulan ve merkezi Kuzey Dagon ve Yangon'da bulunan uluslararas\u0131 bir paketleme, nakliye, yer de\u011fi\u015ftirme, lojistik ve ta\u015f\u0131mac\u0131l\u0131k \u015firketidir. Ayr\u0131ca fuar ve etkinliklerde nakliye ve kurulum hizmetleri de sunmaktad\u0131r. IAM'nin 30 y\u0131ll\u0131k bir \u00fcyesidirler ve bu da onlara hizmetlerini d\u00fcnya \u00e7ap\u0131nda sunmak i\u00e7in uluslararas\u0131 bir ta\u015f\u0131ma acenteleri a\u011f\u0131na eri\u015fim sa\u011flar.<\/p>\n<p>NMT Ltd, b\u00fcy\u00fckel\u00e7ilikler ve diplomatlar da dahil olmak \u00fczere Myanmar i\u00e7inde, Myanmar'a ve Myanmar'dan ev ve ofis ta\u015f\u0131mac\u0131l\u0131\u011f\u0131 hizmeti vermektedir. E\u015fyalar\u0131n\u0131z\u0131 g\u00fcvenli bir \u015fekilde paketleyecek ve g\u00fcmr\u00fck komisyonculu\u011fu ile deniz veya hava ta\u015f\u0131mac\u0131l\u0131\u011f\u0131 ile sevkiyat\u0131 ayarlayacak deneyimli paketleyiciler de dahil olmak \u00fczere ta\u015f\u0131nman\u0131z boyunca sizi destekleyen deneyimli personele sahiptir.<\/p>\n<p>Web sitesi: <a href=\"http:\/\/www.ntmyanmar.com\" target=\"_blank\" rel=\"noopener\">http:\/\/www.ntmyanmar.com<\/a><\/p>","protected":false},"excerpt":{"rendered":"<p>When you are moving home or business it can be such a stressful time as there is so much to plan and do especially if you are moving to another country. Engaging the services of a moving company can help reduce your stress and take away a lot of those tasks. Below we have compiled [&hellip;]<\/p>\n","protected":false},"author":4,"featured_media":0,"parent":190,"menu_order":0,"comment_status":"closed","ping_status":"closed","template":"","meta":{"_genesis_hide_title":false,"_genesis_hide_breadcrumbs":false,"_genesis_hide_singular_image":false,"_genesis_hide_footer_widgets":false,"_genesis_custom_body_class":"","_genesis_custom_post_class":"","_genesis_layout":"","footnotes":""},"class_list":{"0":"post-8879","1":"page","2":"type-page","3":"status-publish","5":"entry","6":"has-post-thumbnail"},"_links":{"self":[{"href":"https:\/\/moverdb.com\/tr\/wp-json\/wp\/v2\/pages\/8879","targetHints":{"allow":["GET"]}}],"collection":[{"href":"https:\/\/moverdb.com\/tr\/wp-json\/wp\/v2\/pages"}],"about":[{"href":"https:\/\/moverdb.com\/tr\/wp-json\/wp\/v2\/types\/page"}],"author":[{"embeddable":true,"href":"https:\/\/moverdb.com\/tr\/wp-json\/wp\/v2\/users\/4"}],"replies":[{"embeddable":true,"href":"https:\/\/moverdb.com\/tr\/wp-json\/wp\/v2\/comments?post=8879"}],"version-history":[{"count":1,"href":"https:\/\/moverdb.com\/tr\/wp-json\/wp\/v2\/pages\/8879\/revisions"}],"predecessor-version":[{"id":8881,"href":"https:\/\/moverdb.com\/tr\/wp-json\/wp\/v2\/pages\/8879\/revisions\/8881"}],"up":[{"embeddable":true,"href":"https:\/\/moverdb.com\/tr\/wp-json\/wp\/v2\/pages\/190"}],"wp:attachment":[{"href":"https:\/\/moverdb.com\/tr\/wp-json\/wp\/v2\/media?parent=8879"}],"curies":[{"name":"wp","href":"https:\/\/api.w.org\/{rel}","templated":true}]}}