{"id":8438,"date":"2023-04-27T14:42:03","date_gmt":"2023-04-27T14:42:03","guid":{"rendered":"https:\/\/moverdb.com\/?page_id=8438"},"modified":"2026-01-08T15:24:48","modified_gmt":"2026-01-08T15:24:48","slug":"moving-companies-morocco","status":"publish","type":"page","link":"https:\/\/moverdb.com\/tr\/moving-companies\/moving-companies-morocco\/","title":{"rendered":"Fas'taki En \u0130yi 4 Uluslararas\u0131 Nakliye \u015eirketi"},"content":{"rendered":"<p>Ta\u015f\u0131nmay\u0131 d\u00fc\u015f\u00fcnd\u00fc\u011f\u00fcn\u00fczde, \u00f6zellikle de yurt d\u0131\u015f\u0131na ta\u015f\u0131n\u0131yorsan\u0131z, yapman\u0131z ve planlaman\u0131z gereken \u00e7ok \u015fey vard\u0131r. \u0130\u015fte burada bir <a href=\"https:\/\/moverdb.com\/tr\/moving-companies\/\" data-internallinksmanager029f6b8e52c=\"79\" title=\"\u00c7evrimi\u00e7i En \u0130yi 25 Uluslararas\u0131 Nakliye \u015eirketi\">ta\u015finma \u015fi\u0307rketi\u0307<\/a> y\u00fck\u00fc hafifletmeye yard\u0131mc\u0131 olabilir. A\u015fa\u011f\u0131da Fas mutfa\u011f\u0131ndan bir liste derledik. <a href=\"https:\/\/moverdb.com\/tr\/international-removals\/\" data-internallinksmanager029f6b8e52c=\"27\" title=\"36 \u0130ngiltere&#039;deki En \u0130yi Uluslararas\u0131 Nakliye \u015eirketleri\">nakli\u0307ye \u015fi\u0307rketleri\u0307<\/a> \u00fcyesi olan <a href=\"https:\/\/moverdb.com\/tr\/iam\/\" data-internallinksmanager029f6b8e52c=\"23\" title=\"Uluslararas\u0131 Ta\u015f\u0131mac\u0131lar Birli\u011fi (IAM) A\u00e7\u0131klamas\u0131\">Uluslararas\u0131 Ta\u015f\u0131mac\u0131lar Birli\u011fi<\/a> (IAM) ve\/veya <a href=\"https:\/\/moverdb.com\/tr\/fidi-faim\/\" data-internallinksmanager029f6b8e52c=\"16\" title=\"FIDI &amp; FAIM (FIDI Akredite Uluslararas\u0131 Ta\u015f\u0131mac\u0131) A\u00e7\u0131klamas\u0131\">FIDI<\/a> Ta\u015f\u0131nman\u0131zda size yard\u0131mc\u0131 olabilecek Akredite Uluslararas\u0131 Ta\u015f\u0131mac\u0131 (FAIM).<\/p>\n<div id=\"ez-toc-container\" class=\"ez-toc-v2_0_82_2 ez-toc-wrap-left counter-hierarchy ez-toc-counter ez-toc-transparent ez-toc-container-direction\">\n<div class=\"ez-toc-title-container\">\n<p class=\"ez-toc-title\" style=\"cursor:inherit\">B\u00f6l\u00fcmler<\/p>\n<span class=\"ez-toc-title-toggle\"><a href=\"#\" class=\"ez-toc-pull-right ez-toc-btn ez-toc-btn-xs ez-toc-btn-default ez-toc-toggle\" aria-label=\"\u0130\u00e7indekiler Tablosunu A\u00e7\/Kapat\"><span class=\"ez-toc-js-icon-con\"><span class=\"\"><span class=\"eztoc-hide\" style=\"display:none;\">Ge\u00e7i\u015f<\/span><span class=\"ez-toc-icon-toggle-span\"><svg style=\"fill: #999;color:#999\" xmlns=\"http:\/\/www.w3.org\/2000\/svg\" class=\"list-377408\" width=\"20px\" height=\"20px\" viewbox=\"0 0 24 24\" fill=\"none\"><path d=\"M6 6H4v2h2V6zm14 0H8v2h12V6zM4 11h2v2H4v-2zm16 0H8v2h12v-2zM4 16h2v2H4v-2zm16 0H8v2h12v-2z\" fill=\"currentColor\"><\/path><\/svg><svg style=\"fill: #999;color:#999\" class=\"arrow-unsorted-368013\" xmlns=\"http:\/\/www.w3.org\/2000\/svg\" width=\"10px\" height=\"10px\" viewbox=\"0 0 24 24\" version=\"1.2\" baseprofile=\"tiny\"><path d=\"M18.2 9.3l-6.2-6.3-6.2 6.3c-.2.2-.3.4-.3.7s.1.5.3.7c.2.2.4.3.7.3h11c.3 0 .5-.1.7-.3.2-.2.3-.5.3-.7s-.1-.5-.3-.7zM5.8 14.7l6.2 6.3 6.2-6.3c.2-.2.3-.5.3-.7s-.1-.5-.3-.7c-.2-.2-.4-.3-.7-.3h-11c-.3 0-.5.1-.7.3-.2.2-.3.5-.3.7s.1.5.3.7z\"\/><\/svg><\/span><\/span><\/span><\/a><\/span><\/div>\n<nav><ul class='ez-toc-list ez-toc-list-level-1 eztoc-toggle-hide-by-default' ><li class='ez-toc-page-1 ez-toc-heading-level-2'><a class=\"ez-toc-link ez-toc-heading-1\" href=\"https:\/\/moverdb.com\/tr\/moving-companies\/moving-companies-morocco\/#1_Africa_Move\" >1. Afrika Hareketi<\/a><\/li><li class='ez-toc-page-1 ez-toc-heading-level-2'><a class=\"ez-toc-link ez-toc-heading-2\" href=\"https:\/\/moverdb.com\/tr\/moving-companies\/moving-companies-morocco\/#2_Euromove\" >2. Euromove<\/a><\/li><li class='ez-toc-page-1 ez-toc-heading-level-2'><a class=\"ez-toc-link ez-toc-heading-3\" href=\"https:\/\/moverdb.com\/tr\/moving-companies\/moving-companies-morocco\/#3_MIMC\" >3. MIMC<\/a><\/li><li class='ez-toc-page-1 ez-toc-heading-level-2'><a class=\"ez-toc-link ez-toc-heading-4\" href=\"https:\/\/moverdb.com\/tr\/moving-companies\/moving-companies-morocco\/#4_MYCS\" >4. MYCS<\/a><\/li><\/ul><\/nav><\/div>\n<h2><span class=\"ez-toc-section\" id=\"1_Africa_Move\"><\/span><strong>1. Afrika Hareketi<\/strong><span class=\"ez-toc-section-end\"><\/span><\/h2>\n<p><img loading=\"lazy\" decoding=\"async\" class=\"alignnone size-full wp-image-8280\" src=\"https:\/\/moverdb.com\/wp-content\/uploads\/Africa-Move-international-moving-company.png\" alt=\"Africa Move uluslararas\u0131 ta\u015f\u0131ma \u015firketi\" width=\"1440\" height=\"680\" data-wp-pid=\"8280\" srcset=\"https:\/\/moverdb.com\/wp-content\/uploads\/Africa-Move-international-moving-company.png 1440w, https:\/\/moverdb.com\/wp-content\/uploads\/Africa-Move-international-moving-company-300x142.png 300w, https:\/\/moverdb.com\/wp-content\/uploads\/Africa-Move-international-moving-company-1024x484.png 1024w, https:\/\/moverdb.com\/wp-content\/uploads\/Africa-Move-international-moving-company-18x9.png 18w, https:\/\/moverdb.com\/wp-content\/uploads\/Africa-Move-international-moving-company-600x283.png 600w\" sizes=\"auto, (max-width: 1440px) 100vw, 1440px\" \/><\/p>\n<ul>\n<li>Ulusal Ta\u015f\u0131malar<\/li>\n<li>Uluslararas\u0131 Ta\u015f\u0131malar<\/li>\n<li>Evden eve nakliyat<\/li>\n<li>\u015eirket ta\u015f\u0131nmalar\u0131<\/li>\n<li>Kap\u0131dan kap\u0131ya hizmet<\/li>\n<li>Paketleme hizmeti<\/li>\n<li>Kara, deniz ve hava ta\u015f\u0131mac\u0131l\u0131\u011f\u0131<\/li>\n<li>G\u00fcmr\u00fck deste\u011fi<\/li>\n<li>G\u00f6nderinizi takip edin<\/li>\n<li>Sigorta<\/li>\n<\/ul>\n<p>Africa Move, Fas'\u0131n da dahil oldu\u011fu Afrika \u00fclkelerine hizmet verme konusunda uzmanla\u015fm\u0131\u015f bir ta\u015f\u0131nma ve yer de\u011fi\u015ftirme \u015firketidir. \u00dclke i\u00e7inde, Afrika'da ve uluslararas\u0131 alanda ta\u015f\u0131nma hizmeti sunarlar. Uluslararas\u0131 ta\u015f\u0131malar yapmalar\u0131na yard\u0131mc\u0131 olan d\u00fcnya \u00e7ap\u0131nda bir a\u011fa sahiptirler. \u00dc\u00e7 y\u0131ll\u0131k hizmet ile IAM \u00fcyesidirler.<\/p>\n<p>Africa Move, t\u00fcm hizmetlerini i\u00e7eren ayr\u0131nt\u0131l\u0131 bir tahminle kap\u0131dan kap\u0131ya ta\u015f\u0131nma hizmeti sunar. Uluslararas\u0131 standartlarda ambalajlama yapmak i\u00e7in y\u00fcksek kaliteli malzemeler ve e\u011fitimli personel kullanan bir ambalajlama hizmeti sunarlar. E\u015fyalar\u0131n\u0131z\u0131n kara, deniz veya hava yoluyla ta\u015f\u0131nmas\u0131n\u0131 ayarlayacak ve g\u00fcmr\u00fck formalitelerine yard\u0131mc\u0131 olacaklard\u0131r.<\/p>\n<p>Web sitesi: <a href=\"http:\/\/www.africa-move.com\" target=\"_blank\" rel=\"noopener\">http:\/\/www.africa-move.com<\/a><\/p>\n<h2><span class=\"ez-toc-section\" id=\"2_Euromove\"><\/span><strong>2. Euromove<\/strong><span class=\"ez-toc-section-end\"><\/span><\/h2>\n<p><img loading=\"lazy\" decoding=\"async\" class=\"alignnone size-full wp-image-8311\" src=\"https:\/\/moverdb.com\/wp-content\/uploads\/Euromove-international-moving-company-1.png\" alt=\"Euromove uluslararas\u0131 ta\u015f\u0131ma \u015firketi\" width=\"1440\" height=\"683\" data-wp-pid=\"8311\" srcset=\"https:\/\/moverdb.com\/wp-content\/uploads\/Euromove-international-moving-company-1.png 1440w, https:\/\/moverdb.com\/wp-content\/uploads\/Euromove-international-moving-company-1-300x142.png 300w, https:\/\/moverdb.com\/wp-content\/uploads\/Euromove-international-moving-company-1-1024x486.png 1024w, https:\/\/moverdb.com\/wp-content\/uploads\/Euromove-international-moving-company-1-18x9.png 18w, https:\/\/moverdb.com\/wp-content\/uploads\/Euromove-international-moving-company-1-600x285.png 600w\" sizes=\"auto, (max-width: 1440px) 100vw, 1440px\" \/><\/p>\n<ul>\n<li>Yerel ve ulusal hamleler<\/li>\n<li>Uluslararas\u0131 ta\u015f\u0131nmalar<\/li>\n<li>Konut Ta\u015f\u0131malar\u0131<\/li>\n<li>Ticari hamleler<\/li>\n<li>Paketleme hizmeti<\/li>\n<li>Mobilya demontaj\u0131 ve montaj\u0131<\/li>\n<li>Nakliye se\u00e7imi ve elle\u00e7leme<\/li>\n<li>G\u00fcmr\u00fck formaliteleri<\/li>\n<li>Depolama tesisleri<\/li>\n<\/ul>\n<p>Euromove, T\u00fcrkiye'de kurulmu\u015f uluslararas\u0131 bir ta\u015f\u0131ma \u015firketidir. <a href=\"https:\/\/moverdb.com\/tr\/moving-to-canada\/\" data-internallinksmanager029f6b8e52c=\"265\" title=\"Kanada&#039;ya Ta\u015f\u0131nmak m\u0131? 2026 Ya\u015fam Maliyetleri ve Yer De\u011fi\u015ftirme \u0130pu\u00e7lar\u0131\">Kanada<\/a> 2004 y\u0131l\u0131nda kurulmu\u015ftur ve Fas'taki i\u015ftiraki 2011 y\u0131l\u0131nda Kazablanka'da kurulmu\u015ftur. IAM'\u0131n 12 y\u0131ll\u0131k bir \u00fcyesidirler ve bu onlara yurtd\u0131\u015f\u0131na ta\u015f\u0131nmalar\u0131nda yard\u0131mc\u0131 olacak uluslararas\u0131 bir ta\u015f\u0131nma acenteleri a\u011f\u0131 sa\u011flar.<\/p>\n<p>Euromove, ta\u015f\u0131nman\u0131z\u0131n t\u00fcm y\u00f6nlerini i\u00e7eren h\u0131zl\u0131 ve profesyonel bir ta\u015f\u0131nma hizmeti sunar. T\u00fcm e\u015fyalar\u0131n\u0131z\u0131 g\u00fcvenli bir \u015fekilde paketleyecek ve yeni evinize yerle\u015ftirecek bir paketleme hizmeti sunarlar. Nakliye s\u0131ras\u0131nda y\u00fcklerini koruyacak y\u00fcksek kaliteli nakliye kamyonlar\u0131ndan olu\u015fan bir filoya sahiptirler. \u0130dari prosed\u00fcrler ve g\u00fcmr\u00fck formaliteleri konusunda yard\u0131mc\u0131 olacaklard\u0131r.<\/p>\n<p>Web sitesi: <a href=\"http:\/\/www.euromove.ma\" target=\"_blank\" rel=\"noopener\">http:\/\/www.euromove.ma<\/a><\/p>\n<h2><span class=\"ez-toc-section\" id=\"3_MIMC\"><\/span><strong>3. MIMC<\/strong><span class=\"ez-toc-section-end\"><\/span><\/h2>\n<p><img loading=\"lazy\" decoding=\"async\" class=\"alignnone size-full wp-image-8339\" src=\"https:\/\/moverdb.com\/wp-content\/uploads\/MIMC-international-moving-company.png\" alt=\"MIMC uluslararas\u0131 ta\u015f\u0131ma \u015firketi\" width=\"1440\" height=\"683\" data-wp-pid=\"8339\" srcset=\"https:\/\/moverdb.com\/wp-content\/uploads\/MIMC-international-moving-company.png 1440w, https:\/\/moverdb.com\/wp-content\/uploads\/MIMC-international-moving-company-300x142.png 300w, https:\/\/moverdb.com\/wp-content\/uploads\/MIMC-international-moving-company-1024x486.png 1024w, https:\/\/moverdb.com\/wp-content\/uploads\/MIMC-international-moving-company-18x9.png 18w, https:\/\/moverdb.com\/wp-content\/uploads\/MIMC-international-moving-company-600x285.png 600w\" sizes=\"auto, (max-width: 1440px) 100vw, 1440px\" \/><\/p>\n<ul>\n<li>Ulusal hamleler<\/li>\n<li>Uluslararas\u0131 ta\u015f\u0131nmalar<\/li>\n<li>Ev ta\u015f\u0131ma<\/li>\n<li>Kap\u0131dan kap\u0131ya hizmet<\/li>\n<li>Paketleme hizmeti<\/li>\n<li>Kara, deniz ve hava ta\u015f\u0131mac\u0131l\u0131\u011f\u0131<\/li>\n<li>G\u00fcmr\u00fck formaliteleri<\/li>\n<li>Evcil hayvanlar\u0131n ta\u015f\u0131nmas\u0131<\/li>\n<li><a href=\"https:\/\/moverdb.com\/tr\/car-transport-shipping\/\" data-internallinksmanager029f6b8e52c=\"2\" title=\"2026 Uluslararas\u0131 Ara\u00e7 Ta\u015f\u0131ma &amp; Ara\u00e7 Nakliye Fiyatlar\u0131\">Araba nakliyesi<\/a><\/li>\n<li>G\u00fcvenli depolama tesisleri<\/li>\n<\/ul>\n<p>MIMC, 2001 y\u0131l\u0131nda kurulan ve Rabat, Kenitra ve Casa'da ofisleri bulunan uluslararas\u0131 bir ta\u015f\u0131ma \u015firketidir. Uluslararas\u0131 alanda hizmet sunmalar\u0131na yard\u0131mc\u0131 olmak i\u00e7in \u00e7ok \u00e7e\u015fitli g\u00fcvenilir ortaklarla \u00e7al\u0131\u015fmaktad\u0131rlar. \u015eirket 22 y\u0131ll\u0131k hizmetiyle IAM \u00fcyesidir.<\/p>\n<p>MIMC, ihtiya\u00e7lar\u0131n\u0131z\u0131 de\u011ferlendirmek i\u00e7in bir \u00f6n anketle ba\u015flayan, ihtiya\u00e7lar\u0131n\u0131za g\u00f6re uyarlanm\u0131\u015f ta\u015f\u0131ma \u00e7\u00f6z\u00fcmleri i\u00e7in tek elden bir \u00e7\u00f6z\u00fcm sunar. E\u015fyalar\u0131n\u0131z\u0131 ta\u015f\u0131ma s\u0131ras\u0131nda koruyacak bir paketleme hizmeti sunarlar. Tam konteyner y\u00fckleri ve konteyner y\u00fcklerinden daha az y\u00fckler gibi g\u00f6nderi boyutlar\u0131 se\u00e7eneklerini i\u00e7eren kara, deniz ve hava yoluyla ta\u015f\u0131ma hizmeti sunarlar.<\/p>\n<p>Web sitesi: <a href=\"https:\/\/moumene.ma\/\" target=\"_blank\" rel=\"noopener\">https:\/\/moumene.ma\/<\/a><\/p>\n<h2><span class=\"ez-toc-section\" id=\"4_MYCS\"><\/span><strong>4. MYCS<\/strong><span class=\"ez-toc-section-end\"><\/span><\/h2>\n<p><img loading=\"lazy\" decoding=\"async\" class=\"alignnone size-full wp-image-8439\" src=\"https:\/\/moverdb.com\/wp-content\/uploads\/MYCS-international-moving-company.png\" alt=\"\" width=\"1440\" height=\"676\" data-wp-pid=\"8439\" srcset=\"https:\/\/moverdb.com\/wp-content\/uploads\/MYCS-international-moving-company.png 1440w, https:\/\/moverdb.com\/wp-content\/uploads\/MYCS-international-moving-company-300x141.png 300w, https:\/\/moverdb.com\/wp-content\/uploads\/MYCS-international-moving-company-1024x481.png 1024w, https:\/\/moverdb.com\/wp-content\/uploads\/MYCS-international-moving-company-18x8.png 18w, https:\/\/moverdb.com\/wp-content\/uploads\/MYCS-international-moving-company-600x282.png 600w\" sizes=\"auto, (max-width: 1440px) 100vw, 1440px\" \/><\/p>\n<ul>\n<li>Ulusal sevkiyatlar<\/li>\n<li>Uluslararas\u0131 g\u00f6nderiler<\/li>\n<li>Ki\u015fisel g\u00f6nderiler<\/li>\n<li>Ticari sevkiyatlar<\/li>\n<li>Kap\u0131dan kap\u0131ya hizmet<\/li>\n<li>Karayolu, denizyolu ve havayolu ta\u015f\u0131mac\u0131l\u0131\u011f\u0131<\/li>\n<li><a href=\"https:\/\/moverdb.com\/tr\/container-shipping\/\" data-internallinksmanager029f6b8e52c=\"3\" title=\"Uluslararas\u0131 Konteyner Nakliye Fiyatlar\u0131 Tablosu: Nisan 2026\">Konteyner ta\u015f\u0131mac\u0131l\u0131\u011f\u0131<\/a> se\u00e7enekler<\/li>\n<li>G\u00fcmr\u00fck i\u015flemleri<\/li>\n<li>Sevkiyatlar\u0131n ger\u00e7ek zamanl\u0131 durumu<\/li>\n<li>Depolama tesisleri<\/li>\n<\/ul>\n<p>MYCS, Fas merkezli ve 10 y\u0131ll\u0131k deneyime sahip bir nakliye ve lojistik \u015firketidir. <a href=\"https:\/\/moverdb.com\/tr\/moving-companies\/egypt-moving-companies\/\" data-internallinksmanager029f6b8e52c=\"200\" title=\"M\u0131s\u0131r&#039;daki En \u0130yi 11 Uluslararas\u0131 Nakliye \u015eirketi\">M\u0131s\u0131r<\/a>. Fas ofisleri Kazablanka, Mohammedia ve Tangier'dedir. D\u00fcnya \u00e7ap\u0131nda hizmet vermek i\u00e7in d\u00fcnya \u00e7ap\u0131nda bir ortaklar a\u011f\u0131 ile \u00e7al\u0131\u015fmaktad\u0131rlar ve IAM \u00fcyesidirler.<\/p>\n<p>MYCS, evler veya ofisler aras\u0131nda ev ve i\u015f e\u015fyalar\u0131n\u0131n nakliyesini i\u00e7eren ki\u015fiselle\u015ftirilmi\u015f nakliye \u00e7\u00f6z\u00fcmleri sunar. K\u00fc\u00e7\u00fckten b\u00fcy\u00fc\u011fe g\u00f6nderiler i\u00e7in kap\u0131dan kap\u0131ya hizmet sunarlar ve d\u00fcnyan\u0131n her yerine teslimat yapabilirler. Karayolu, havayolu ve denizyolu ta\u015f\u0131mac\u0131l\u0131\u011f\u0131nda konteyner alt\u0131 ve konteyner \u00fcst\u00fc y\u00fckler de dahil olmak \u00fczere hizmet vermektedirler.<\/p>\n<p>Web sitesi: <a href=\"http:\/\/www.mycs.ma\" target=\"_blank\" rel=\"noopener\">http:\/\/www.mycs.ma<\/a> &nbsp;<\/p>","protected":false},"excerpt":{"rendered":"<p>When you are thinking of moving, there is so much to do and plan especially if you are moving abroad. This is where a moving company can help lighten the load. Below we have compiled a list of Moroccan removal companies that are members of the International Association of Movers (IAM) and\/or FIDI Accredited International [&hellip;]<\/p>\n","protected":false},"author":4,"featured_media":0,"parent":190,"menu_order":0,"comment_status":"closed","ping_status":"closed","template":"","meta":{"_genesis_hide_title":false,"_genesis_hide_breadcrumbs":false,"_genesis_hide_singular_image":false,"_genesis_hide_footer_widgets":false,"_genesis_custom_body_class":"","_genesis_custom_post_class":"","_genesis_layout":"","footnotes":""},"class_list":{"0":"post-8438","1":"page","2":"type-page","3":"status-publish","5":"entry","6":"has-post-thumbnail"},"_links":{"self":[{"href":"https:\/\/moverdb.com\/tr\/wp-json\/wp\/v2\/pages\/8438","targetHints":{"allow":["GET"]}}],"collection":[{"href":"https:\/\/moverdb.com\/tr\/wp-json\/wp\/v2\/pages"}],"about":[{"href":"https:\/\/moverdb.com\/tr\/wp-json\/wp\/v2\/types\/page"}],"author":[{"embeddable":true,"href":"https:\/\/moverdb.com\/tr\/wp-json\/wp\/v2\/users\/4"}],"replies":[{"embeddable":true,"href":"https:\/\/moverdb.com\/tr\/wp-json\/wp\/v2\/comments?post=8438"}],"version-history":[{"count":1,"href":"https:\/\/moverdb.com\/tr\/wp-json\/wp\/v2\/pages\/8438\/revisions"}],"predecessor-version":[{"id":8440,"href":"https:\/\/moverdb.com\/tr\/wp-json\/wp\/v2\/pages\/8438\/revisions\/8440"}],"up":[{"embeddable":true,"href":"https:\/\/moverdb.com\/tr\/wp-json\/wp\/v2\/pages\/190"}],"wp:attachment":[{"href":"https:\/\/moverdb.com\/tr\/wp-json\/wp\/v2\/media?parent=8438"}],"curies":[{"name":"wp","href":"https:\/\/api.w.org\/{rel}","templated":true}]}}