{"id":8429,"date":"2023-04-27T14:44:53","date_gmt":"2023-04-27T14:44:53","guid":{"rendered":"https:\/\/moverdb.com\/?page_id=8429"},"modified":"2026-01-08T15:29:22","modified_gmt":"2026-01-08T15:29:22","slug":"moving-companies-mauritius","status":"publish","type":"page","link":"https:\/\/moverdb.com\/tr\/moving-companies\/moving-companies-mauritius\/","title":{"rendered":"Mauritius'taki En \u0130yi 6 Uluslararas\u0131 Nakliye \u015eirketi"},"content":{"rendered":"<p>Mauritius'a veya Mauritius'tan ev veya i\u015f ta\u015f\u0131mak stresli bir zaman olabilir, \u00e7\u00fcnk\u00fc yurtd\u0131\u015f\u0131na ta\u015f\u0131n\u0131yorsan\u0131z organize edilecek \u00e7ok \u015fey ve tamamlanmas\u0131 gereken evrak i\u015fleri vard\u0131r. Bu nedenle bir\u00e7ok ki\u015fi Mauritius'ta bir <a href=\"https:\/\/moverdb.com\/tr\/moving-companies\/\" data-internallinksmanager029f6b8e52c=\"79\" title=\"\u00c7evrimi\u00e7i En \u0130yi 25 Uluslararas\u0131 Nakliye \u015eirketi\">ta\u015finma \u015fi\u0307rketi\u0307<\/a> hayatlar\u0131n\u0131 kolayla\u015ft\u0131rmak i\u00e7in. A\u015fa\u011f\u0131da Mauritius merkezli bir liste derledik <a href=\"https:\/\/moverdb.com\/tr\/international-removals\/\" data-internallinksmanager029f6b8e52c=\"27\" title=\"36 \u0130ngiltere&#039;deki En \u0130yi Uluslararas\u0131 Nakliye \u015eirketleri\">nakli\u0307ye \u015fi\u0307rketleri\u0307<\/a> \u00fcyesi olan <a href=\"https:\/\/moverdb.com\/tr\/iam\/\" data-internallinksmanager029f6b8e52c=\"23\" title=\"Uluslararas\u0131 Ta\u015f\u0131mac\u0131lar Birli\u011fi (IAM) A\u00e7\u0131klamas\u0131\">Uluslararas\u0131 Ta\u015f\u0131mac\u0131lar Birli\u011fi<\/a> (IAM) ve\/veya <a href=\"https:\/\/moverdb.com\/tr\/fidi-faim\/\" data-internallinksmanager029f6b8e52c=\"16\" title=\"FIDI &amp; FAIM (FIDI Akredite Uluslararas\u0131 Ta\u015f\u0131mac\u0131) A\u00e7\u0131klamas\u0131\">FIDI<\/a> Ta\u015f\u0131nman\u0131zda size yard\u0131mc\u0131 olabilecek Akredite Uluslararas\u0131 Ta\u015f\u0131y\u0131c\u0131 (FAIM).<\/p>\n<div id=\"ez-toc-container\" class=\"ez-toc-v2_0_82_2 ez-toc-wrap-left counter-hierarchy ez-toc-counter ez-toc-transparent ez-toc-container-direction\">\n<div class=\"ez-toc-title-container\">\n<p class=\"ez-toc-title\" style=\"cursor:inherit\">B\u00f6l\u00fcmler<\/p>\n<span class=\"ez-toc-title-toggle\"><a href=\"#\" class=\"ez-toc-pull-right ez-toc-btn ez-toc-btn-xs ez-toc-btn-default ez-toc-toggle\" aria-label=\"\u0130\u00e7indekiler Tablosunu A\u00e7\/Kapat\"><span class=\"ez-toc-js-icon-con\"><span class=\"\"><span class=\"eztoc-hide\" style=\"display:none;\">Ge\u00e7i\u015f<\/span><span class=\"ez-toc-icon-toggle-span\"><svg style=\"fill: #999;color:#999\" xmlns=\"http:\/\/www.w3.org\/2000\/svg\" class=\"list-377408\" width=\"20px\" height=\"20px\" viewbox=\"0 0 24 24\" fill=\"none\"><path d=\"M6 6H4v2h2V6zm14 0H8v2h12V6zM4 11h2v2H4v-2zm16 0H8v2h12v-2zM4 16h2v2H4v-2zm16 0H8v2h12v-2z\" fill=\"currentColor\"><\/path><\/svg><svg style=\"fill: #999;color:#999\" class=\"arrow-unsorted-368013\" xmlns=\"http:\/\/www.w3.org\/2000\/svg\" width=\"10px\" height=\"10px\" viewbox=\"0 0 24 24\" version=\"1.2\" baseprofile=\"tiny\"><path d=\"M18.2 9.3l-6.2-6.3-6.2 6.3c-.2.2-.3.4-.3.7s.1.5.3.7c.2.2.4.3.7.3h11c.3 0 .5-.1.7-.3.2-.2.3-.5.3-.7s-.1-.5-.3-.7zM5.8 14.7l6.2 6.3 6.2-6.3c.2-.2.3-.5.3-.7s-.1-.5-.3-.7c-.2-.2-.4-.3-.7-.3h-11c-.3 0-.5.1-.7.3-.2.2-.3.5-.3.7s.1.5.3.7z\"\/><\/svg><\/span><\/span><\/span><\/a><\/span><\/div>\n<nav><ul class='ez-toc-list ez-toc-list-level-1 eztoc-toggle-hide-by-default' ><li class='ez-toc-page-1 ez-toc-heading-level-2'><a class=\"ez-toc-link ez-toc-heading-1\" href=\"https:\/\/moverdb.com\/tr\/moving-companies\/moving-companies-mauritius\/#1_Celero\" >1. Celero<\/a><\/li><li class='ez-toc-page-1 ez-toc-heading-level-2'><a class=\"ez-toc-link ez-toc-heading-2\" href=\"https:\/\/moverdb.com\/tr\/moving-companies\/moving-companies-mauritius\/#2_Freight_and_Transit_Co_Ltd\" >2. Freight and Transit Co Ltd<\/a><\/li><li class='ez-toc-page-1 ez-toc-heading-level-2'><a class=\"ez-toc-link ez-toc-heading-3\" href=\"https:\/\/moverdb.com\/tr\/moving-companies\/moving-companies-mauritius\/#3_Relocation_and_Moving_Solutions_Ltd\" >3. Relokasyon ve Ta\u015f\u0131nma \u00c7\u00f6z\u00fcmleri Ltd<\/a><\/li><li class='ez-toc-page-1 ez-toc-heading-level-2'><a class=\"ez-toc-link ez-toc-heading-4\" href=\"https:\/\/moverdb.com\/tr\/moving-companies\/moving-companies-mauritius\/#4_Somatrans\" >4. Somatrans<\/a><\/li><li class='ez-toc-page-1 ez-toc-heading-level-2'><a class=\"ez-toc-link ez-toc-heading-5\" href=\"https:\/\/moverdb.com\/tr\/moving-companies\/moving-companies-mauritius\/#5_Velogic\" >5. Velogic<\/a><\/li><li class='ez-toc-page-1 ez-toc-heading-level-2'><a class=\"ez-toc-link ez-toc-heading-6\" href=\"https:\/\/moverdb.com\/tr\/moving-companies\/moving-companies-mauritius\/#6_Worldwide_Relocation_Services\" >6. D\u00fcnya \u00c7ap\u0131nda Yer De\u011fi\u015ftirme Hizmetleri<\/a><\/li><\/ul><\/nav><\/div>\n<h2><span class=\"ez-toc-section\" id=\"1_Celero\"><\/span><strong>1. Celero<\/strong><span class=\"ez-toc-section-end\"><\/span><\/h2>\n<p><img loading=\"lazy\" decoding=\"async\" class=\"alignnone size-full wp-image-8296\" src=\"https:\/\/moverdb.com\/wp-content\/uploads\/Celero-international-moving-company.png\" alt=\"Celero uluslararas\u0131 nakliye \u015firketi\" width=\"1440\" height=\"671\" data-wp-pid=\"8296\" srcset=\"https:\/\/moverdb.com\/wp-content\/uploads\/Celero-international-moving-company.png 1440w, https:\/\/moverdb.com\/wp-content\/uploads\/Celero-international-moving-company-300x140.png 300w, https:\/\/moverdb.com\/wp-content\/uploads\/Celero-international-moving-company-1024x477.png 1024w, https:\/\/moverdb.com\/wp-content\/uploads\/Celero-international-moving-company-18x8.png 18w, https:\/\/moverdb.com\/wp-content\/uploads\/Celero-international-moving-company-600x280.png 600w\" sizes=\"auto, (max-width: 1440px) 100vw, 1440px\" \/><\/p>\n<ul>\n<li>Uluslararas\u0131 ta\u015f\u0131nmalar<\/li>\n<li>Konut Ta\u015f\u0131malar\u0131<\/li>\n<li>Ofis ta\u015f\u0131ma<\/li>\n<li>Profesyonel paketleme hizmeti<\/li>\n<li>Deniz ve hava ta\u015f\u0131mac\u0131l\u0131\u011f\u0131<\/li>\n<li>Konsolidasyon hizmeti<\/li>\n<li>G\u00fcmr\u00fck i\u015flemleri<\/li>\n<li>Evcil hayvan ta\u015f\u0131mac\u0131l\u0131\u011f\u0131<\/li>\n<li>Sigorta<\/li>\n<li>G\u00fcvenli depolama<\/li>\n<\/ul>\n<p>Celero, 2009 y\u0131l\u0131nda Mauritius merkezli olarak kurulmu\u015f ba\u011f\u0131ms\u0131z bir lojistik \u015firketidir. <a href=\"https:\/\/moverdb.com\/tr\/moving-companies\/moving-companies-madagascar\/\" data-internallinksmanager029f6b8e52c=\"297\" title=\"Madagaskar&#039;daki En \u0130yi Uluslararas\u0131 Nakliye \u015eirketleri\">Madagaskar<\/a> Onlar da. IAM'nin 14 y\u0131ll\u0131k bir \u00fcyesidirler ve bu da onlara uluslararas\u0131 ta\u015f\u0131nmalarda yard\u0131mc\u0131 olmak i\u00e7in uluslararas\u0131 bir ta\u015f\u0131ma acenteleri a\u011f\u0131na eri\u015fim sa\u011flar.<\/p>\n<p>Celero, konut ve ofis ta\u015f\u0131nmalar\u0131 i\u00e7in ta\u015f\u0131ma hizmetleri sunmaktad\u0131r. E\u015fyalar\u0131n\u0131z\u0131 ta\u015f\u0131ma s\u0131ras\u0131nda korumak i\u00e7in profesyonel bir paketleme ve ambalajlama hizmeti sunarlar ve enkaz\u0131 a\u00e7\u0131p kald\u0131r\u0131rlar. E\u015fyalar\u0131n\u0131z\u0131n deniz veya hava yoluyla g\u00fcvenli bir \u015fekilde ta\u015f\u0131nmas\u0131n\u0131 sa\u011flar ve g\u00fcmr\u00fck i\u015flemlerine yard\u0131mc\u0131 olurlar. Ayr\u0131ca evcil hayvan ta\u015f\u0131ma, sigorta ve g\u00fcvenli depolama olanaklar\u0131 da sunarlar.<\/p>\n<p>Web sitesi: <a href=\"http:\/\/www.celerogroup.com\" target=\"_blank\" rel=\"noopener\">http:\/\/www.celerogroup.com<\/a><\/p>\n<h2><span class=\"ez-toc-section\" id=\"2_Freight_and_Transit_Co_Ltd\"><\/span><strong>2. Freight and Transit Co Ltd<\/strong><span class=\"ez-toc-section-end\"><\/span><\/h2>\n<p><img loading=\"lazy\" decoding=\"async\" class=\"alignnone size-full wp-image-8315\" src=\"https:\/\/moverdb.com\/wp-content\/uploads\/Freight-and-Transit-Co-Ltd-international-moving-company.png\" alt=\"Freight and Transit Co Ltd uluslararas\u0131 nakliye \u015firketi\" width=\"1440\" height=\"655\" data-wp-pid=\"8315\" srcset=\"https:\/\/moverdb.com\/wp-content\/uploads\/Freight-and-Transit-Co-Ltd-international-moving-company.png 1440w, https:\/\/moverdb.com\/wp-content\/uploads\/Freight-and-Transit-Co-Ltd-international-moving-company-300x136.png 300w, https:\/\/moverdb.com\/wp-content\/uploads\/Freight-and-Transit-Co-Ltd-international-moving-company-1024x466.png 1024w, https:\/\/moverdb.com\/wp-content\/uploads\/Freight-and-Transit-Co-Ltd-international-moving-company-18x8.png 18w, https:\/\/moverdb.com\/wp-content\/uploads\/Freight-and-Transit-Co-Ltd-international-moving-company-600x273.png 600w\" sizes=\"auto, (max-width: 1440px) 100vw, 1440px\" \/><\/p>\n<ul>\n<li>Yerel Ta\u015f\u0131malar<\/li>\n<li>Uluslararas\u0131 Ta\u015f\u0131malar<\/li>\n<li>Evden eve nakliyat<\/li>\n<li>Kap\u0131dan kap\u0131ya \u00e7\u00f6z\u00fcmler<\/li>\n<li>Profesyonel paketleme<\/li>\n<li>Deniz ve hava ta\u015f\u0131mac\u0131l\u0131\u011f\u0131<\/li>\n<li>G\u00fcmr\u00fck i\u015flemleri<\/li>\n<li>Evcil hayvan ta\u015f\u0131mac\u0131l\u0131\u011f\u0131<\/li>\n<li>Sigorta<\/li>\n<li>G\u00fcvenli depolama<\/li>\n<\/ul>\n<p>Freight and Transit Co Ltd 1994 y\u0131l\u0131nda kurulmu\u015f bir ta\u015f\u0131mac\u0131l\u0131k ve nakliye \u015firketidir. IAM'nin 29 y\u0131ll\u0131k bir \u00fcyesidir ve bu onlara uluslararas\u0131 bir ta\u015f\u0131ma acenteleri a\u011f\u0131na eri\u015fim sa\u011flar.<\/p>\n<p>Freight and Transit Co Ltd, ulusal ve uluslararas\u0131 alanda kap\u0131dan kap\u0131ya ta\u015f\u0131ma hizmeti sunmaktad\u0131r. E\u015fyalar\u0131n\u0131z\u0131n paketlenmesi ve sar\u0131lmas\u0131, mobilyalar\u0131n s\u00f6k\u00fcl\u00fcp tak\u0131lmas\u0131, ambalajlar\u0131n\u0131n a\u00e7\u0131lmas\u0131 ve enkaz\u0131n kald\u0131r\u0131lmas\u0131n\u0131 i\u00e7eren profesyonel bir paketleme hizmeti sunarlar. Hava ve deniz ta\u015f\u0131mac\u0131l\u0131\u011f\u0131 dahil olmak \u00fczere en uygun ta\u015f\u0131ma se\u00e7ene\u011fini se\u00e7menize yard\u0131mc\u0131 olacaklard\u0131r. G\u00fcmr\u00fck i\u015flemleri ve dok\u00fcmantasyon konusunda yard\u0131mc\u0131 olacaklar, ayr\u0131ca gerekirse sigorta ve g\u00fcvenli depolama sunacaklard\u0131r.<\/p>\n<p>Web sitesi: <a href=\"http:\/\/www.ftl.mu\" target=\"_blank\" rel=\"noopener\">http:\/\/www.ftl.mu<\/a><\/p>\n<h2><span class=\"ez-toc-section\" id=\"3_Relocation_and_Moving_Solutions_Ltd\"><\/span><strong>3. Relokasyon ve Ta\u015f\u0131nma \u00c7\u00f6z\u00fcmleri Ltd<\/strong><span class=\"ez-toc-section-end\"><\/span><\/h2>\n<p><img loading=\"lazy\" decoding=\"async\" class=\"alignnone size-full wp-image-8359\" src=\"https:\/\/moverdb.com\/wp-content\/uploads\/Relocation-and-Moving-Solutions-Ltd-international-moving-company.png\" alt=\"Relocation and Moving Solutions Ltd uluslararas\u0131 nakliye \u015firketi\" width=\"1440\" height=\"679\" data-wp-pid=\"8359\" srcset=\"https:\/\/moverdb.com\/wp-content\/uploads\/Relocation-and-Moving-Solutions-Ltd-international-moving-company.png 1440w, https:\/\/moverdb.com\/wp-content\/uploads\/Relocation-and-Moving-Solutions-Ltd-international-moving-company-300x141.png 300w, https:\/\/moverdb.com\/wp-content\/uploads\/Relocation-and-Moving-Solutions-Ltd-international-moving-company-1024x483.png 1024w, https:\/\/moverdb.com\/wp-content\/uploads\/Relocation-and-Moving-Solutions-Ltd-international-moving-company-18x8.png 18w, https:\/\/moverdb.com\/wp-content\/uploads\/Relocation-and-Moving-Solutions-Ltd-international-moving-company-600x283.png 600w\" sizes=\"auto, (max-width: 1440px) 100vw, 1440px\" \/><\/p>\n<ul>\n<li>Ulusal hamleler<\/li>\n<li>Uluslararas\u0131 ta\u015f\u0131nmalar<\/li>\n<li>Ev ta\u015f\u0131ma<\/li>\n<li>Ofis kald\u0131rma<\/li>\n<li>\u00d6zelle\u015ftirilmi\u015f \u00e7\u00f6z\u00fcmler<\/li>\n<li>Kap\u0131dan kap\u0131ya hizmetler<\/li>\n<li>Paketleme hizmeti<\/li>\n<li>Kara, deniz veya hava yoluyla ula\u015f\u0131m<\/li>\n<li>G\u00fcmr\u00fck i\u015flemleri<\/li>\n<li>K\u0131sa ve uzun s\u00fcreli depolama<\/li>\n<\/ul>\n<p>Relocation and Moving Solutions Ltd, Mauritius i\u00e7inde, Mauritius'a ve Mauritius'tan ta\u015f\u0131nma hizmetleri sunan bir kap\u0131dan kap\u0131ya ta\u015f\u0131ma hizmeti sa\u011flay\u0131c\u0131s\u0131d\u0131r. Hizmetlerini uluslararas\u0131 olarak sunmak i\u00e7in akredite ortaklarla \u00e7al\u0131\u015f\u0131rlar ve IAM \u00fcyesidirler.<\/p>\n<p>Relocation and Moving Solutions Ltd, ulusal ve uluslararas\u0131 ta\u015f\u0131nmalar i\u00e7in kap\u0131dan kap\u0131ya hizmet i\u00e7eren \u00f6zel olarak tasarlanm\u0131\u015f ta\u015f\u0131nma hizmetleri sunmaktad\u0131r. E\u015fyalar\u0131n korunmas\u0131n\u0131 sa\u011flamak i\u00e7in sand\u0131klama ve ba\u011flama dahil olmak \u00fczere en kaliteli malzemelerin kullan\u0131ld\u0131\u011f\u0131 bir paketleme hizmeti sunarlar. E\u015fyalar\u0131n\u0131z\u0131n kara, hava ve deniz yoluyla ta\u015f\u0131nmas\u0131n\u0131 ayarlayacak ve g\u00fcmr\u00fck i\u015flemlerinde yard\u0131mc\u0131 olacaklard\u0131r.<\/p>\n<p>Web sitesi: <a href=\"http:\/\/mauritius-relocation.com\/\" target=\"_blank\" rel=\"noopener\">http:\/\/mauritius-relocation.com\/<\/a><\/p>\n<h2><span class=\"ez-toc-section\" id=\"4_Somatrans\"><\/span><strong>4. Somatrans<\/strong><span class=\"ez-toc-section-end\"><\/span><\/h2>\n<p><img loading=\"lazy\" decoding=\"async\" class=\"alignnone size-full wp-image-8366\" src=\"https:\/\/moverdb.com\/wp-content\/uploads\/Somatrans-international-moving-company.png\" alt=\"Somatrans uluslararas\u0131 nakliye \u015firketi\" width=\"1440\" height=\"632\" data-wp-pid=\"8366\" srcset=\"https:\/\/moverdb.com\/wp-content\/uploads\/Somatrans-international-moving-company.png 1440w, https:\/\/moverdb.com\/wp-content\/uploads\/Somatrans-international-moving-company-300x132.png 300w, https:\/\/moverdb.com\/wp-content\/uploads\/Somatrans-international-moving-company-1024x449.png 1024w, https:\/\/moverdb.com\/wp-content\/uploads\/Somatrans-international-moving-company-18x8.png 18w, https:\/\/moverdb.com\/wp-content\/uploads\/Somatrans-international-moving-company-600x263.png 600w\" sizes=\"auto, (max-width: 1440px) 100vw, 1440px\" \/><\/p>\n<ul>\n<li>Ulusal hamleler<\/li>\n<li>Uluslararas\u0131 ta\u015f\u0131nmalar<\/li>\n<li>Evden eve nakliyat<\/li>\n<li>Kap\u0131dan kap\u0131ya hizmet<\/li>\n<li>Paketleme hizmeti<\/li>\n<li>Deniz ve hava ta\u015f\u0131mac\u0131l\u0131\u011f\u0131<\/li>\n<li>Se\u00e7im <a href=\"https:\/\/moverdb.com\/tr\/shipping-container-sizes-and-dimensions\/\" data-internallinksmanager029f6b8e52c=\"247\" title=\"Nakliye Konteyneri Boyutlar\u0131 ve \u00d6l\u00e7\u00fcleri i\u00e7in Nihai K\u0131lavuz\">konteyner boyutlar\u0131<\/a><\/li>\n<li>G\u00fcmr\u00fck komisyonculu\u011fu<\/li>\n<li>Sigorta<\/li>\n<li>Depolama tesisleri<\/li>\n<\/ul>\n<p>Somatrans uluslararas\u0131 bir <a href=\"https:\/\/moverdb.com\/tr\/freight-forwarder\/\" data-internallinksmanager029f6b8e52c=\"17\" title=\"Freight Forwarder &amp; NVOCC Uluslararas\u0131 Maliyet ve \u015eirketler Rehberi\">navlun nakli\u0307yeci\u0307si\u0307<\/a> SSR Uluslararas\u0131 Havaliman\u0131'nda ofisleri bulunan Ruche Terre merkezli bir \u015firkettir. D\u00fcnya \u00e7ap\u0131nda hizmet sunmalar\u0131na yard\u0131mc\u0131 olmak i\u00e7in sayg\u0131n ve nitelikli uluslararas\u0131 nakliyecilerle ba\u011flant\u0131lar\u0131 vard\u0131r. Ayr\u0131ca 50 y\u0131ll\u0131k hizmetleriyle IAM \u00fcyesidirler.<\/p>\n<p>Somatrans, uluslararas\u0131 ta\u015f\u0131nmalarda deneyimli profesyonel nakliyecilerle kap\u0131dan kap\u0131ya ta\u015f\u0131ma hizmetleri sunmaktad\u0131r. Size kendi e\u015fyalar\u0131n\u0131z\u0131 paketleme veya sizin i\u00e7in paketlemelerine izin verme se\u00e7ene\u011fi sunarlar ve paletler ve sand\u0131klama se\u00e7enekleri sa\u011flarlar. Tam konteyner y\u00fckleri ve konteyner y\u00fcklerinden daha az y\u00fcklerin yan\u0131 s\u0131ra konsolidasyon se\u00e7eneklerini i\u00e7eren hava ta\u015f\u0131mac\u0131l\u0131\u011f\u0131 ve deniz ta\u015f\u0131mac\u0131l\u0131\u011f\u0131 sunarlar.<\/p>\n<p>Web sitesi: <a href=\"http:\/\/www.somatrans.mu\" target=\"_blank\" rel=\"noopener\">http:\/\/www.somatrans.mu<\/a><\/p>\n<h2><span class=\"ez-toc-section\" id=\"5_Velogic\"><\/span><strong>5. Velogic<\/strong><span class=\"ez-toc-section-end\"><\/span><\/h2>\n<p><img loading=\"lazy\" decoding=\"async\" class=\"alignnone size-full wp-image-8380\" src=\"https:\/\/moverdb.com\/wp-content\/uploads\/Velogic-international-moving-company.png\" alt=\"Velogic uluslararas\u0131 ta\u015f\u0131ma \u015firketi\" width=\"1440\" height=\"678\" data-wp-pid=\"8380\" srcset=\"https:\/\/moverdb.com\/wp-content\/uploads\/Velogic-international-moving-company.png 1440w, https:\/\/moverdb.com\/wp-content\/uploads\/Velogic-international-moving-company-300x141.png 300w, https:\/\/moverdb.com\/wp-content\/uploads\/Velogic-international-moving-company-1024x482.png 1024w, https:\/\/moverdb.com\/wp-content\/uploads\/Velogic-international-moving-company-18x8.png 18w, https:\/\/moverdb.com\/wp-content\/uploads\/Velogic-international-moving-company-600x283.png 600w\" sizes=\"auto, (max-width: 1440px) 100vw, 1440px\" \/><\/p>\n<ul>\n<li>Ulusal hamleler<\/li>\n<li>Uluslararas\u0131 ta\u015f\u0131nmalar<\/li>\n<li>Ev ta\u015f\u0131ma<\/li>\n<li>Kurumsal hizmetler<\/li>\n<li>Ki\u015fiye \u00f6zel \u00e7\u00f6z\u00fcmler<\/li>\n<li>Kara, deniz ve hava ta\u015f\u0131mac\u0131l\u0131\u011f\u0131<\/li>\n<li>Y\u00fck se\u00e7enekleri yelpazesi<\/li>\n<li>G\u00fcmr\u00fck i\u015flemleri<\/li>\n<li>\u0130zleme platformu<\/li>\n<li>Depolama tesisleri<\/li>\n<\/ul>\n<p>Velogic, Mauritius da dahil olmak \u00fczere d\u00fcnya genelinde 38 noktada faaliyet g\u00f6steren bir lojistik i\u015fletmesidir, <a href=\"https:\/\/moverdb.com\/tr\/moving-to-france\/\" data-internallinksmanager029f6b8e52c=\"315\" title=\"Fransa&#039;ya m\u0131 ta\u015f\u0131n\u0131yorsunuz? 2026 Ya\u015fam Maliyetleri &amp; Yer De\u011fi\u015ftirme \u0130pu\u00e7lar\u0131\">Fransa<\/a>, <a href=\"https:\/\/moverdb.com\/tr\/moving-to-india\/\" data-internallinksmanager029f6b8e52c=\"356\" title=\"Hindistan&#039;a m\u0131 Ta\u015f\u0131n\u0131yorsunuz? 2026 Ya\u015fam Maliyetleri &amp; Yer De\u011fi\u015ftirme \u0130pu\u00e7lar\u0131\">Hindistan<\/a>, Madagaskar, <a href=\"https:\/\/moverdb.com\/tr\/moving-companies\/moving-companies-kenya\/\" data-internallinksmanager029f6b8e52c=\"305\" title=\"Kenya&#039;daki En \u0130yi 4 Uluslararas\u0131 Nakliye \u015eirketi\">Kenya<\/a> ve Reunion Adas\u0131. Uluslararas\u0131 ta\u015f\u0131ma acentelerinden olu\u015fan bir a\u011f ile \u00e7al\u0131\u015farak kaynaklar\u0131n\u0131 ve yeteneklerini uluslararas\u0131 alanda hizmet sunacak \u015fekilde geni\u015fletmektedirler. IAM'nin 30 y\u0131ll\u0131k hizmet veren bir \u00fcyesidirler.<\/p>\n<p>Velogic, ta\u015f\u0131ma hizmetlerini de i\u00e7eren ithalat ve ihracat i\u00e7in \u00f6zel \u00e7\u00f6z\u00fcmler sunar. G\u00fcmr\u00fckleme ile birlikte hava, deniz ve karayolu ta\u015f\u0131mac\u0131l\u0131\u011f\u0131n\u0131 i\u00e7eren bir dizi nakliye se\u00e7ene\u011fi sunarlar. Deniz ta\u015f\u0131mac\u0131l\u0131\u011f\u0131, konteyner y\u00fck\u00fcnden daha az ve tam konteyner y\u00fcklerini i\u00e7erir.<\/p>\n<p>Web sitesi: <a href=\"http:\/\/www.velogic.net\" target=\"_blank\" rel=\"noopener\">http:\/\/www.velogic.net<\/a><\/p>\n<h2><span class=\"ez-toc-section\" id=\"6_Worldwide_Relocation_Services\"><\/span><strong>6. D\u00fcnya \u00c7ap\u0131nda Yer De\u011fi\u015ftirme Hizmetleri<\/strong><span class=\"ez-toc-section-end\"><\/span><\/h2>\n<p>&nbsp;<img loading=\"lazy\" decoding=\"async\" class=\"alignnone size-full wp-image-8430\" src=\"https:\/\/moverdb.com\/wp-content\/uploads\/Worldwide-Relocation-Services-international-moving-company.png\" alt=\"Worldwide Relocation Services uluslararas\u0131 ta\u015f\u0131ma \u015firketi\" width=\"1440\" height=\"683\" data-wp-pid=\"8430\" srcset=\"https:\/\/moverdb.com\/wp-content\/uploads\/Worldwide-Relocation-Services-international-moving-company.png 1440w, https:\/\/moverdb.com\/wp-content\/uploads\/Worldwide-Relocation-Services-international-moving-company-300x142.png 300w, https:\/\/moverdb.com\/wp-content\/uploads\/Worldwide-Relocation-Services-international-moving-company-1024x486.png 1024w, https:\/\/moverdb.com\/wp-content\/uploads\/Worldwide-Relocation-Services-international-moving-company-18x9.png 18w, https:\/\/moverdb.com\/wp-content\/uploads\/Worldwide-Relocation-Services-international-moving-company-600x285.png 600w\" sizes=\"auto, (max-width: 1440px) 100vw, 1440px\" \/><\/p>\n<ul>\n<li>Ulusal hamleler<\/li>\n<li>Uluslararas\u0131 ta\u015f\u0131nmalar<\/li>\n<li>Ev ta\u015f\u0131ma ve yer de\u011fi\u015ftirme<\/li>\n<li>Ofis ta\u015f\u0131ma<\/li>\n<li>Ki\u015fisel ta\u015f\u0131nma y\u00f6neticisi<\/li>\n<li>Kap\u0131dan kap\u0131ya hizmet<\/li>\n<li>Paketleme hizmeti<\/li>\n<li>G\u00fcmr\u00fck m\u00fc\u015favirli\u011fi ile ta\u015f\u0131mac\u0131l\u0131k<\/li>\n<li>Evcil hayvan seyahat hizmeti<\/li>\n<li>Depolama tesisleri<\/li>\n<\/ul>\n<p>Worldwide Relocation Services, ev ta\u015f\u0131malar\u0131 i\u00e7in k\u00fcresel kapsam sa\u011flayan bir ta\u015f\u0131nma ve yer de\u011fi\u015ftirme \u015firketidir. Uluslararas\u0131 ta\u015f\u0131nmalar i\u00e7in d\u00fcnya \u00e7ap\u0131nda bir dizi ta\u015f\u0131ma acentesi ile \u00e7al\u0131\u015fmaktad\u0131rlar ve ayn\u0131 zamanda IAM \u00fcyesidirler.<\/p>\n<p>Worldwide Relocation Services, ta\u015f\u0131mac\u0131l\u0131k konusunda \u00e7evik bir yakla\u015f\u0131m sunar ve size yard\u0131mc\u0131 olmas\u0131 i\u00e7in ki\u015fisel bir ta\u015f\u0131nma y\u00f6neticisi ve deneyimli bir uluslararas\u0131 ta\u015f\u0131nma dan\u0131\u015fman\u0131 g\u00f6revlendirir. Profesyonel paketleme hizmeti, mobilya ve antika sand\u0131klama, g\u00fczel sanatlar ta\u015f\u0131ma ve evcil hayvan seyahat hizmetleri dahil olmak \u00fczere kap\u0131dan kap\u0131ya hizmet sunarlar. E\u015fyalar\u0131n\u0131z\u0131n g\u00fcmr\u00fck dan\u0131\u015fmanl\u0131\u011f\u0131 ve sigorta dahil olmak \u00fczere nakliyesini ayarlayacaklard\u0131r.<\/p>\n<p>Web sitesi: <a href=\"http:\/\/www.relocation.mu\" target=\"_blank\" rel=\"noopener\">http:\/\/www.relocation.mu<\/a><\/p>","protected":false},"excerpt":{"rendered":"<p>Moving home or business within, to or from Mauritius can be a stressful time as there is so much to organise and paperwork to complete if you are moving abroad. This is why many people engage the services of a moving company to make their life easier. Below we have compiled a list of Mauritius [&hellip;]<\/p>\n","protected":false},"author":4,"featured_media":0,"parent":190,"menu_order":0,"comment_status":"closed","ping_status":"closed","template":"","meta":{"_genesis_hide_title":false,"_genesis_hide_breadcrumbs":false,"_genesis_hide_singular_image":false,"_genesis_hide_footer_widgets":false,"_genesis_custom_body_class":"","_genesis_custom_post_class":"","_genesis_layout":"","footnotes":""},"class_list":{"0":"post-8429","1":"page","2":"type-page","3":"status-publish","5":"entry","6":"has-post-thumbnail"},"_links":{"self":[{"href":"https:\/\/moverdb.com\/tr\/wp-json\/wp\/v2\/pages\/8429","targetHints":{"allow":["GET"]}}],"collection":[{"href":"https:\/\/moverdb.com\/tr\/wp-json\/wp\/v2\/pages"}],"about":[{"href":"https:\/\/moverdb.com\/tr\/wp-json\/wp\/v2\/types\/page"}],"author":[{"embeddable":true,"href":"https:\/\/moverdb.com\/tr\/wp-json\/wp\/v2\/users\/4"}],"replies":[{"embeddable":true,"href":"https:\/\/moverdb.com\/tr\/wp-json\/wp\/v2\/comments?post=8429"}],"version-history":[{"count":1,"href":"https:\/\/moverdb.com\/tr\/wp-json\/wp\/v2\/pages\/8429\/revisions"}],"predecessor-version":[{"id":8431,"href":"https:\/\/moverdb.com\/tr\/wp-json\/wp\/v2\/pages\/8429\/revisions\/8431"}],"up":[{"embeddable":true,"href":"https:\/\/moverdb.com\/tr\/wp-json\/wp\/v2\/pages\/190"}],"wp:attachment":[{"href":"https:\/\/moverdb.com\/tr\/wp-json\/wp\/v2\/media?parent=8429"}],"curies":[{"name":"wp","href":"https:\/\/api.w.org\/{rel}","templated":true}]}}