{"id":8426,"date":"2023-04-27T14:45:30","date_gmt":"2023-04-27T14:45:30","guid":{"rendered":"https:\/\/moverdb.com\/?page_id=8426"},"modified":"2026-01-08T15:30:07","modified_gmt":"2026-01-08T15:30:07","slug":"moving-companies-mauritania","status":"publish","type":"page","link":"https:\/\/moverdb.com\/tr\/moving-companies\/moving-companies-mauritania\/","title":{"rendered":"Moritanya'daki En \u0130yi Uluslararas\u0131 Nakliye \u015eirketleri"},"content":{"rendered":"<p>Evinizi veya i\u015f yerinizi Moritanya'ya veya Moritanya'dan ta\u015f\u0131may\u0131 m\u0131 planl\u0131yorsunuz? O zaman bir nakliye firmas\u0131n\u0131n hizmetlerinden yararlanmak isteyebilirsiniz. <a href=\"https:\/\/moverdb.com\/tr\/moving-companies\/\" data-internallinksmanager029f6b8e52c=\"79\" title=\"\u00c7evrimi\u00e7i En \u0130yi 25 Uluslararas\u0131 Nakliye \u015eirketi\">ta\u015finma \u015fi\u0307rketi\u0307<\/a> size yard\u0131mc\u0131 olmak i\u00e7in. A\u015fa\u011f\u0131da Moritanya merkezli \u015firketlerin bir listesini derledik <a href=\"https:\/\/moverdb.com\/tr\/international-removals\/\" data-internallinksmanager029f6b8e52c=\"27\" title=\"36 \u0130ngiltere&#039;deki En \u0130yi Uluslararas\u0131 Nakliye \u015eirketleri\">nakli\u0307ye \u015fi\u0307rketleri\u0307<\/a> \u00fcyesi olan <a href=\"https:\/\/moverdb.com\/tr\/iam\/\" data-internallinksmanager029f6b8e52c=\"23\" title=\"Uluslararas\u0131 Ta\u015f\u0131mac\u0131lar Birli\u011fi (IAM) A\u00e7\u0131klamas\u0131\">Uluslararas\u0131 Ta\u015f\u0131mac\u0131lar Birli\u011fi<\/a> (IAM) ve\/veya <a href=\"https:\/\/moverdb.com\/tr\/fidi-faim\/\" data-internallinksmanager029f6b8e52c=\"16\" title=\"FIDI &amp; FAIM (FIDI Akredite Uluslararas\u0131 Ta\u015f\u0131mac\u0131) A\u00e7\u0131klamas\u0131\">FIDI<\/a> Ta\u015f\u0131nman\u0131zda size yard\u0131mc\u0131 olabilecek Akredite Uluslararas\u0131 Ta\u015f\u0131mac\u0131 (FAIM).<\/p>\n<h2><strong>Tam Moritanya<\/strong>&nbsp;<img loading=\"lazy\" decoding=\"async\" class=\"alignnone size-full wp-image-8427\" src=\"https:\/\/moverdb.com\/wp-content\/uploads\/Tam-Mauritania-international-moving-company.png\" alt=\"Tam Moritanya uluslararas\u0131 nakliye \u015firketi\" width=\"1440\" height=\"700\" data-wp-pid=\"8427\" srcset=\"https:\/\/moverdb.com\/wp-content\/uploads\/Tam-Mauritania-international-moving-company.png 1440w, https:\/\/moverdb.com\/wp-content\/uploads\/Tam-Mauritania-international-moving-company-300x146.png 300w, https:\/\/moverdb.com\/wp-content\/uploads\/Tam-Mauritania-international-moving-company-1024x498.png 1024w, https:\/\/moverdb.com\/wp-content\/uploads\/Tam-Mauritania-international-moving-company-18x9.png 18w, https:\/\/moverdb.com\/wp-content\/uploads\/Tam-Mauritania-international-moving-company-600x292.png 600w\" sizes=\"auto, (max-width: 1440px) 100vw, 1440px\" \/><\/h2>\n<ul>\n<li>Ulusal hamleler<\/li>\n<li>Uluslararas\u0131 ta\u015f\u0131nmalar<\/li>\n<li>Konut Ta\u015f\u0131malar\u0131<\/li>\n<li>Ofis transferleri<\/li>\n<li>Yer de\u011fi\u015ftirme hizmetleri<\/li>\n<li>Paketleme hizmeti<\/li>\n<li>Mobilyalar\u0131n s\u00f6k\u00fclmesi<\/li>\n<li>Kara, deniz ve hava ta\u015f\u0131mac\u0131l\u0131\u011f\u0131<\/li>\n<li>\u0130thalat ve ihracat formaliteleri<\/li>\n<li>Depolama tesisleri<\/li>\n<\/ul>\n<p>Tam Moritanya, Bat\u0131 Afrika'daki ta\u015f\u0131nmalarda uzmanla\u015fm\u0131\u015f ulusal ve uluslararas\u0131 bir nakliye \u015firketidir ve 15 y\u0131ll\u0131k deneyime sahiptir. IAM \u00fcyesidirler, bu da onlara faaliyet alanlar\u0131 d\u0131\u015f\u0131nda kaliteli hizmetler sunma esnekli\u011fi sa\u011flar. Ayr\u0131ca Afrika'daki yeteneklerini g\u00fc\u00e7lendirmek i\u00e7in Africa Move'un bir orta\u011f\u0131d\u0131rlar.<\/p>\n<p>Tam Moritanya, t\u00fcm gereksinimlerinizi kar\u015f\u0131layacak ki\u015fiselle\u015ftirilmi\u015f bir fiyat teklifi sunar. Mobilyalar\u0131n s\u00f6k\u00fclmesi, envanter de\u011ferinin olu\u015fturulmas\u0131 ve paket say\u0131s\u0131n\u0131n takibi de dahil olmak \u00fczere bir paketleme hizmeti sunarlar. Filolar\u0131n\u0131 kullanarak mallar\u0131n\u0131z\u0131 kendi operasyon alanlar\u0131nda ta\u015f\u0131yacak ve nakliye ortaklar\u0131 arac\u0131l\u0131\u011f\u0131yla di\u011fer b\u00f6lgelere nakliye ayarlayacaklard\u0131r.<\/p>\n<p>Web sitesi: <a href=\"https:\/\/www.tamm-di.com\/\" target=\"_blank\" rel=\"noopener\">https:\/\/www.tamm-di.com\/<\/a><\/p>","protected":false},"excerpt":{"rendered":"<p>Are you planning on moving home or your business within, to or from Mauritania? Then you may want to enlist the services of a moving company to help you. Below we have compiled a list of Mauritania based removal companies that are members of the International Association of Movers (IAM) and\/or FIDI Accredited International Mover [&hellip;]<\/p>\n","protected":false},"author":4,"featured_media":0,"parent":190,"menu_order":0,"comment_status":"closed","ping_status":"closed","template":"","meta":{"_genesis_hide_title":false,"_genesis_hide_breadcrumbs":false,"_genesis_hide_singular_image":false,"_genesis_hide_footer_widgets":false,"_genesis_custom_body_class":"","_genesis_custom_post_class":"","_genesis_layout":"","footnotes":""},"class_list":{"0":"post-8426","1":"page","2":"type-page","3":"status-publish","5":"entry","6":"has-post-thumbnail"},"_links":{"self":[{"href":"https:\/\/moverdb.com\/tr\/wp-json\/wp\/v2\/pages\/8426","targetHints":{"allow":["GET"]}}],"collection":[{"href":"https:\/\/moverdb.com\/tr\/wp-json\/wp\/v2\/pages"}],"about":[{"href":"https:\/\/moverdb.com\/tr\/wp-json\/wp\/v2\/types\/page"}],"author":[{"embeddable":true,"href":"https:\/\/moverdb.com\/tr\/wp-json\/wp\/v2\/users\/4"}],"replies":[{"embeddable":true,"href":"https:\/\/moverdb.com\/tr\/wp-json\/wp\/v2\/comments?post=8426"}],"version-history":[{"count":1,"href":"https:\/\/moverdb.com\/tr\/wp-json\/wp\/v2\/pages\/8426\/revisions"}],"predecessor-version":[{"id":8428,"href":"https:\/\/moverdb.com\/tr\/wp-json\/wp\/v2\/pages\/8426\/revisions\/8428"}],"up":[{"embeddable":true,"href":"https:\/\/moverdb.com\/tr\/wp-json\/wp\/v2\/pages\/190"}],"wp:attachment":[{"href":"https:\/\/moverdb.com\/tr\/wp-json\/wp\/v2\/media?parent=8426"}],"curies":[{"name":"wp","href":"https:\/\/api.w.org\/{rel}","templated":true}]}}