{"id":8416,"date":"2023-04-27T14:47:29","date_gmt":"2023-04-27T14:47:29","guid":{"rendered":"https:\/\/moverdb.com\/?page_id=8416"},"modified":"2026-05-15T15:00:45","modified_gmt":"2026-05-15T15:00:45","slug":"moving-companies-malawi","status":"publish","type":"page","link":"https:\/\/moverdb.com\/tr\/moving-companies\/moving-companies-malawi\/","title":{"rendered":"Malavi'deki En \u0130yi Uluslararas\u0131 Nakliye \u015eirketleri"},"content":{"rendered":"<p>\u00d6zellikle ba\u015fka bir \u00fclkeye gidiyorsan\u0131z ta\u015f\u0131nmak karma\u015f\u0131k olabilir, bu nedenle bir <a href=\"https:\/\/moverdb.com\/tr\/moving-companies\/\" data-internallinksmanager029f6b8e52c=\"79\" title=\"\u00c7evrimi\u00e7i En \u0130yi 25 Uluslararas\u0131 Nakliye \u015eirketi\">ta\u015finma \u015fi\u0307rketi\u0307<\/a> \u00e7\u00fcnk\u00fc s\u00fcrecin stresini azaltmaya yard\u0131mc\u0131 olabilirler. A\u015fa\u011f\u0131da Malavi'de faaliyet g\u00f6steren <a href=\"https:\/\/moverdb.com\/tr\/international-removals\/\" data-internallinksmanager029f6b8e52c=\"27\" title=\"36 \u0130ngiltere&#039;deki En \u0130yi Uluslararas\u0131 Nakliye \u015eirketleri\">nakli\u0307ye \u015fi\u0307rketleri\u0307<\/a> \u00fcyesi olan <a href=\"https:\/\/moverdb.com\/tr\/iam\/\" data-internallinksmanager029f6b8e52c=\"23\" title=\"Uluslararas\u0131 Ta\u015f\u0131mac\u0131lar Birli\u011fi (IAM) A\u00e7\u0131klamas\u0131\">Uluslararas\u0131 Ta\u015f\u0131mac\u0131lar Birli\u011fi<\/a> (IAM) ve\/veya <a href=\"https:\/\/moverdb.com\/tr\/fidi-faim\/\" data-internallinksmanager029f6b8e52c=\"16\" title=\"FIDI &amp; FAIM (FIDI Akredite Uluslararas\u0131 Ta\u015f\u0131mac\u0131) A\u00e7\u0131klamas\u0131\">FIDI<\/a> Ta\u015f\u0131nman\u0131zda size yard\u0131mc\u0131 olabilecek Akredite Uluslararas\u0131 Ta\u015f\u0131y\u0131c\u0131 (FAIM).<\/p>\n<h2><strong>Stuffafords Uluslararas\u0131 Ta\u015f\u0131malar<\/strong><\/h2>\n<p><img loading=\"lazy\" decoding=\"async\" class=\"alignnone size-full wp-image-8369\" src=\"https:\/\/moverdb.com\/wp-content\/uploads\/Stuttafords-International-Malawi-moving-company.png\" alt=\"Stuttafords Uluslararas\u0131 Malavi Nakliye \u015eirketi\" width=\"1440\" height=\"680\" data-wp-pid=\"8369\" srcset=\"https:\/\/moverdb.com\/wp-content\/uploads\/Stuttafords-International-Malawi-moving-company.png 1440w, https:\/\/moverdb.com\/wp-content\/uploads\/Stuttafords-International-Malawi-moving-company-300x142.png 300w, https:\/\/moverdb.com\/wp-content\/uploads\/Stuttafords-International-Malawi-moving-company-1024x484.png 1024w, https:\/\/moverdb.com\/wp-content\/uploads\/Stuttafords-International-Malawi-moving-company-18x9.png 18w, https:\/\/moverdb.com\/wp-content\/uploads\/Stuttafords-International-Malawi-moving-company-600x283.png 600w\" sizes=\"auto, (max-width: 1440px) 100vw, 1440px\" \/><\/p>\n<ul>\n<li>Yerel ve ulusal hamleler<\/li>\n<li>Uluslararas\u0131 ta\u015f\u0131nmalar<\/li>\n<li>Ev ta\u015f\u0131ma<\/li>\n<li>Ofis ta\u015f\u0131ma<\/li>\n<li>Kap\u0131dan kap\u0131ya hizmet<\/li>\n<li>Paketleme hizmeti<\/li>\n<li>Kasalar<\/li>\n<li>Sevkiyat boyutu se\u00e7imi<\/li>\n<li>Karayolu, demiryolu, hava ve deniz ta\u015f\u0131mac\u0131l\u0131\u011f\u0131<\/li>\n<li>K\u0131sa ve uzun s\u00fcreli depolama<\/li>\n<\/ul>\n<p>Stuffafords International Removals, 1994 y\u0131l\u0131nda kurulmu\u015f ve Lilongwe merkezli bir nakliye \u015firketidir, ancak Zimbabve ve Zambiya'da da \u015fubeleri bulunmaktad\u0131r. Uluslararas\u0131 hizmetler sunmak i\u00e7in d\u00fcnyan\u0131n d\u00f6rt bir yan\u0131ndaki ta\u015f\u0131ma acenteleriyle birlikte \u00e7al\u0131\u015f\u0131rlar. \u015eirket 29 y\u0131ll\u0131k hizmetiyle IAM \u00fcyesidir.<\/p>\n<p>Stuffafords International Removals, e\u015fyalar\u0131n\u0131z\u0131 ta\u015f\u0131ma s\u0131ras\u0131nda korumak i\u00e7in en iyi paketleme \u00fcr\u00fcnlerini ve geri d\u00f6n\u00fc\u015ft\u00fcr\u00fclebilir malzemeleri kullanan profesyonel bir paketleme hizmetini de i\u00e7erebilen kap\u0131dan kap\u0131ya bir hizmet sunar. Ayr\u0131ca k\u0131r\u0131lgan e\u015fyalar\u0131 korumak i\u00e7in kasalar da sa\u011flarlar. E\u015fyalar\u0131n\u0131z\u0131n karayolu, demiryolu, hava veya deniz yoluyla ta\u015f\u0131nmas\u0131n\u0131 ayarlayacaklard\u0131r.<\/p>\n<p>Web sitesi: <a href=\"http:\/\/www.stuttafordsmalawi.com\" target=\"_blank\" rel=\"noopener\">http:\/\/www.stuttafordsmalawi.com<\/a><\/p>","protected":false},"excerpt":{"rendered":"<p>Moving can be complex especially if you are going to another country so you may want to engage the services of a moving company as they can help reduce the stress of the process. Below we have compiled a list of Malawi based removal companies that are members of the International Association of Movers (IAM) [&hellip;]<\/p>\n","protected":false},"author":4,"featured_media":0,"parent":190,"menu_order":0,"comment_status":"closed","ping_status":"closed","template":"","meta":{"_genesis_hide_title":false,"_genesis_hide_breadcrumbs":false,"_genesis_hide_singular_image":false,"_genesis_hide_footer_widgets":false,"_genesis_custom_body_class":"","_genesis_custom_post_class":"","_genesis_layout":"","footnotes":""},"class_list":{"0":"post-8416","1":"page","2":"type-page","3":"status-publish","5":"entry","6":"has-post-thumbnail"},"_links":{"self":[{"href":"https:\/\/moverdb.com\/tr\/wp-json\/wp\/v2\/pages\/8416","targetHints":{"allow":["GET"]}}],"collection":[{"href":"https:\/\/moverdb.com\/tr\/wp-json\/wp\/v2\/pages"}],"about":[{"href":"https:\/\/moverdb.com\/tr\/wp-json\/wp\/v2\/types\/page"}],"author":[{"embeddable":true,"href":"https:\/\/moverdb.com\/tr\/wp-json\/wp\/v2\/users\/4"}],"replies":[{"embeddable":true,"href":"https:\/\/moverdb.com\/tr\/wp-json\/wp\/v2\/comments?post=8416"}],"version-history":[{"count":1,"href":"https:\/\/moverdb.com\/tr\/wp-json\/wp\/v2\/pages\/8416\/revisions"}],"predecessor-version":[{"id":8417,"href":"https:\/\/moverdb.com\/tr\/wp-json\/wp\/v2\/pages\/8416\/revisions\/8417"}],"up":[{"embeddable":true,"href":"https:\/\/moverdb.com\/tr\/wp-json\/wp\/v2\/pages\/190"}],"wp:attachment":[{"href":"https:\/\/moverdb.com\/tr\/wp-json\/wp\/v2\/media?parent=8416"}],"curies":[{"name":"wp","href":"https:\/\/api.w.org\/{rel}","templated":true}]}}