{"id":8412,"date":"2023-04-27T14:49:22","date_gmt":"2023-04-27T14:49:22","guid":{"rendered":"https:\/\/moverdb.com\/?page_id=8412"},"modified":"2026-01-08T15:23:48","modified_gmt":"2026-01-08T15:23:48","slug":"moving-companies-macedonia","status":"publish","type":"page","link":"https:\/\/moverdb.com\/tr\/moving-companies\/moving-companies-macedonia\/","title":{"rendered":"Makedonya'daki En \u0130yi 2 Uluslararas\u0131 Nakliye \u015eirketi"},"content":{"rendered":"<p>Ta\u015f\u0131nmak, \u00f6zellikle de yurt d\u0131\u015f\u0131na ta\u015f\u0131n\u0131yorsan\u0131z, yap\u0131lmas\u0131 gereken pek \u00e7ok i\u015f ve tamamlanmas\u0131 gereken evrak i\u015fleriyle dolu tela\u015fl\u0131 bir zaman olabilir. \u0130\u015fte bu noktada <a href=\"https:\/\/moverdb.com\/tr\/moving-companies\/\" data-internallinksmanager029f6b8e52c=\"79\" title=\"\u00c7evrimi\u00e7i En \u0130yi 25 Uluslararas\u0131 Nakliye \u015eirketi\">ta\u015finma \u015fi\u0307rketi\u0307<\/a> y\u00fck\u00fcn\u00fcz\u00fc hafifletmeye ve ta\u015f\u0131nma s\u00fcrecini sizin i\u00e7in y\u00f6netmeye yard\u0131mc\u0131 olabilir. A\u015fa\u011f\u0131da Makedonya'da faaliyet g\u00f6steren <a href=\"https:\/\/moverdb.com\/tr\/international-removals\/\" data-internallinksmanager029f6b8e52c=\"27\" title=\"36 \u0130ngiltere&#039;deki En \u0130yi Uluslararas\u0131 Nakliye \u015eirketleri\">nakli\u0307ye \u015fi\u0307rketleri\u0307<\/a> \u00fcyesi olan <a href=\"https:\/\/moverdb.com\/tr\/iam\/\" data-internallinksmanager029f6b8e52c=\"23\" title=\"Uluslararas\u0131 Ta\u015f\u0131mac\u0131lar Birli\u011fi (IAM) A\u00e7\u0131klamas\u0131\">Uluslararas\u0131 Ta\u015f\u0131mac\u0131lar Birli\u011fi<\/a> (IAM) ve\/veya <a href=\"https:\/\/moverdb.com\/tr\/fidi-faim\/\" data-internallinksmanager029f6b8e52c=\"16\" title=\"FIDI &amp; FAIM (FIDI Akredite Uluslararas\u0131 Ta\u015f\u0131mac\u0131) A\u00e7\u0131klamas\u0131\">FIDI<\/a> Ta\u015f\u0131nman\u0131zda size yard\u0131mc\u0131 olabilecek Akredite Uluslararas\u0131 Ta\u015f\u0131mac\u0131 (FAIM).<\/p>\n<h2><strong>1. Orbit Ltd Uluslararas\u0131<\/strong><\/h2>\n<p><img loading=\"lazy\" decoding=\"async\" class=\"alignnone size-full wp-image-8352\" src=\"https:\/\/moverdb.com\/wp-content\/uploads\/Orbit-Macedonia-international-moving-company.png\" alt=\"Orbit Makedonya uluslararas\u0131 ta\u015f\u0131ma \u015firketi\" width=\"1440\" height=\"681\" data-wp-pid=\"8352\" srcset=\"https:\/\/moverdb.com\/wp-content\/uploads\/Orbit-Macedonia-international-moving-company.png 1440w, https:\/\/moverdb.com\/wp-content\/uploads\/Orbit-Macedonia-international-moving-company-300x142.png 300w, https:\/\/moverdb.com\/wp-content\/uploads\/Orbit-Macedonia-international-moving-company-1024x484.png 1024w, https:\/\/moverdb.com\/wp-content\/uploads\/Orbit-Macedonia-international-moving-company-18x9.png 18w, https:\/\/moverdb.com\/wp-content\/uploads\/Orbit-Macedonia-international-moving-company-600x284.png 600w\" sizes=\"auto, (max-width: 1440px) 100vw, 1440px\" \/><\/p>\n<ul>\n<li>Ulusal hamleler<\/li>\n<li>Uluslararas\u0131 ta\u015f\u0131nmalar<\/li>\n<li>Evden eve nakliyat<\/li>\n<li>Fuarlar ve sergiler<\/li>\n<li>Kap\u0131dan kap\u0131ya hizmet<\/li>\n<li>Karayolu, denizyolu ve havayolu ta\u015f\u0131mac\u0131l\u0131\u011f\u0131<\/li>\n<li>Se\u00e7im <a href=\"https:\/\/moverdb.com\/tr\/shipping-container-sizes-and-dimensions\/\" data-internallinksmanager029f6b8e52c=\"247\" title=\"Nakliye Konteyneri Boyutlar\u0131 ve \u00d6l\u00e7\u00fcleri i\u00e7in Nihai K\u0131lavuz\">konteyner boyutlar\u0131<\/a><\/li>\n<li>G\u00fcmr\u00fck i\u015flemleri<\/li>\n<li>Sigorta<\/li>\n<li>Depolama tesisleri<\/li>\n<\/ul>\n<p>Orbit Ltd International 2000 y\u0131l\u0131nda \u00dcsk\u00fcp, Makedonya'da kurulmu\u015f bir nakliye ve ta\u015f\u0131mac\u0131l\u0131k \u015firketidir ve Orphee Beinoglou Group'un bir par\u00e7as\u0131d\u0131r. Orbit Kuzey Makedonya ve Kosova'da, Orphee Beinoglou ise Makedonya'da uzmanla\u015fm\u0131\u015ft\u0131r. <a href=\"https:\/\/moverdb.com\/tr\/moving-to-greece\/\" data-internallinksmanager029f6b8e52c=\"353\" title=\"Yunanistan&#039;a m\u0131 Ta\u015f\u0131n\u0131yorsunuz? 2026 Ya\u015fam Maliyetleri &amp; Yer De\u011fi\u015ftirme \u0130pu\u00e7lar\u0131\">Yunanistan<\/a> ve Do\u011fu Avrupa'da faaliyet g\u00f6stermektedir. IAM'in 23 y\u0131ll\u0131k bir \u00fcyesidir.<\/p>\n<p>Orbit Ltd International, grupaj, dolu konteynerler ve d\u00f6kme y\u00fck gibi bir dizi se\u00e7ene\u011fi i\u00e7eren deniz ta\u015f\u0131mac\u0131l\u0131\u011f\u0131 hizmetleri sunmaktad\u0131r. Premium, ertelenmi\u015f, konsolide ve charter hizmet se\u00e7enekleriyle hava ta\u015f\u0131mac\u0131l\u0131\u011f\u0131 sa\u011flarlar. Kamyon ta\u015f\u0131mac\u0131l\u0131\u011f\u0131 hizmeti tam veya k\u0131smi y\u00fckler sunmaktad\u0131r. Hizmetlerine g\u00f6nderilerin takibi, g\u00fcmr\u00fck formaliteleri ve sigorta dahildir.<\/p>\n<p>Web sitesi: <a href=\"http:\/\/www.orbit.mk\" target=\"_blank\" rel=\"noopener\">http:\/\/www.orbit.mk<\/a><\/p>\n<h2><strong>2. DoraMoving<\/strong><\/h2>\n<p><img loading=\"lazy\" decoding=\"async\" class=\"alignnone size-full wp-image-8307\" src=\"https:\/\/moverdb.com\/wp-content\/uploads\/DoraMoving-international-moving-company.png\" alt=\"DoraMoving uluslararas\u0131 ta\u015f\u0131ma \u015firketi\" width=\"1440\" height=\"682\" data-wp-pid=\"8307\" srcset=\"https:\/\/moverdb.com\/wp-content\/uploads\/DoraMoving-international-moving-company.png 1440w, https:\/\/moverdb.com\/wp-content\/uploads\/DoraMoving-international-moving-company-300x142.png 300w, https:\/\/moverdb.com\/wp-content\/uploads\/DoraMoving-international-moving-company-1024x485.png 1024w, https:\/\/moverdb.com\/wp-content\/uploads\/DoraMoving-international-moving-company-18x9.png 18w, https:\/\/moverdb.com\/wp-content\/uploads\/DoraMoving-international-moving-company-600x284.png 600w\" sizes=\"auto, (max-width: 1440px) 100vw, 1440px\" \/><\/p>\n<ul>\n<li>Yerel hamleler<\/li>\n<li>Uluslararas\u0131 ta\u015f\u0131nmalar<\/li>\n<li>Konut Ta\u015f\u0131malar\u0131<\/li>\n<li>\u015eirket hareketleri<\/li>\n<li>Ki\u015fiye \u00f6zel hizmetler<\/li>\n<li>Bireysel al\u0131nt\u0131<\/li>\n<li>Tam veya k\u0131smi hizmet<\/li>\n<li>Paketleme hizmeti<\/li>\n<li>Ta\u015f\u0131mac\u0131l\u0131\u011f\u0131n d\u00fczenlenmesi<\/li>\n<li>G\u00fcvenli depolama<\/li>\n<\/ul>\n<p>DoraMoving, 2019 y\u0131l\u0131nda \u00dcsk\u00fcp, Makedonya'da kurulmu\u015f, konut ve \u015firket m\u00fc\u015fterilerine yerel ve uluslararas\u0131 ta\u015f\u0131ma hizmetleri sunan bir ta\u015f\u0131ma \u015firketidir. D\u00f6rt y\u0131ll\u0131k hizmet s\u00fcresiyle IAM \u00fcyesidirler ve bu da onlar\u0131 desteklemek i\u00e7in uluslararas\u0131 bir ta\u015f\u0131ma acenteleri a\u011f\u0131na eri\u015fmelerini sa\u011flar.<\/p>\n<p>DoraMoving, size \u00f6zel ta\u015f\u0131ma hizmetleri sunar ve ta\u015f\u0131nman\u0131z i\u00e7in ihtiya\u00e7lar\u0131n\u0131za ve hacminize g\u00f6re bir fiyat teklifi verir. Paketleme hizmeti veya sa\u011flanan malzemelerle kendi kendine paketleme se\u00e7ene\u011fi sunarlar. Paketleme hizmetleri, paketleme ve ambalaj a\u00e7ma i\u015flemlerinin yan\u0131 s\u0131ra mobilyalar\u0131n\u0131z\u0131n s\u00f6k\u00fcl\u00fcp tak\u0131lmas\u0131n\u0131 da i\u00e7erir.<\/p>\n<p>Web sitesi: <a href=\"https:\/\/doramoving.com\/en\/international-moving\/\" target=\"_blank\" rel=\"noopener\">https:\/\/doramoving.com\/en\/international-moving\/<\/a><\/p>","protected":false},"excerpt":{"rendered":"<p>Moving can be a hectic time with a lot of tasks to do and paperwork to complete, especially if you are moving abroad. This is where a moving company can assist in lightening your load and managing the move for you. Below we have compiled a list of Macedonia based removal companies that are members [&hellip;]<\/p>\n","protected":false},"author":4,"featured_media":0,"parent":190,"menu_order":0,"comment_status":"closed","ping_status":"closed","template":"","meta":{"_genesis_hide_title":false,"_genesis_hide_breadcrumbs":false,"_genesis_hide_singular_image":false,"_genesis_hide_footer_widgets":false,"_genesis_custom_body_class":"","_genesis_custom_post_class":"","_genesis_layout":"","footnotes":""},"class_list":{"0":"post-8412","1":"page","2":"type-page","3":"status-publish","5":"entry","6":"has-post-thumbnail"},"_links":{"self":[{"href":"https:\/\/moverdb.com\/tr\/wp-json\/wp\/v2\/pages\/8412","targetHints":{"allow":["GET"]}}],"collection":[{"href":"https:\/\/moverdb.com\/tr\/wp-json\/wp\/v2\/pages"}],"about":[{"href":"https:\/\/moverdb.com\/tr\/wp-json\/wp\/v2\/types\/page"}],"author":[{"embeddable":true,"href":"https:\/\/moverdb.com\/tr\/wp-json\/wp\/v2\/users\/4"}],"replies":[{"embeddable":true,"href":"https:\/\/moverdb.com\/tr\/wp-json\/wp\/v2\/comments?post=8412"}],"version-history":[{"count":1,"href":"https:\/\/moverdb.com\/tr\/wp-json\/wp\/v2\/pages\/8412\/revisions"}],"predecessor-version":[{"id":8413,"href":"https:\/\/moverdb.com\/tr\/wp-json\/wp\/v2\/pages\/8412\/revisions\/8413"}],"up":[{"embeddable":true,"href":"https:\/\/moverdb.com\/tr\/wp-json\/wp\/v2\/pages\/190"}],"wp:attachment":[{"href":"https:\/\/moverdb.com\/tr\/wp-json\/wp\/v2\/media?parent=8412"}],"curies":[{"name":"wp","href":"https:\/\/api.w.org\/{rel}","templated":true}]}}