{"id":8402,"date":"2023-04-27T14:51:30","date_gmt":"2023-04-27T14:51:30","guid":{"rendered":"https:\/\/moverdb.com\/?page_id=8402"},"modified":"2026-01-08T15:29:28","modified_gmt":"2026-01-08T15:29:28","slug":"moving-companies-lebanon","status":"publish","type":"page","link":"https:\/\/moverdb.com\/tr\/moving-companies\/moving-companies-lebanon\/","title":{"rendered":"L\u00fcbnan'daki En \u0130yi 7 Uluslararas\u0131 Nakliye \u015eirketi"},"content":{"rendered":"<p>Evinizi veya i\u015f yerinizi ta\u015f\u0131may\u0131 d\u00fc\u015f\u00fcnmek bile stresli olabilir ve e\u011fer yurtd\u0131\u015f\u0131na ta\u015f\u0131nmay\u0131 planl\u0131yorsan\u0131z karma\u015f\u0131k g\u00f6r\u00fcnebilir. <a href=\"https:\/\/moverdb.com\/tr\/moving-companies\/\" data-internallinksmanager029f6b8e52c=\"79\" title=\"\u00c7evrimi\u00e7i En \u0130yi 25 Uluslararas\u0131 Nakliye \u015eirketi\">ta\u015finma \u015fi\u0307rketi\u0307<\/a> y\u00fck\u00fc hafifleterek yard\u0131mc\u0131 olabilir. A\u015fa\u011f\u0131da L\u00fcbnan merkezli bir liste derledik <a href=\"https:\/\/moverdb.com\/tr\/international-removals\/\" data-internallinksmanager029f6b8e52c=\"27\" title=\"36 \u0130ngiltere&#039;deki En \u0130yi Uluslararas\u0131 Nakliye \u015eirketleri\">nakli\u0307ye \u015fi\u0307rketleri\u0307<\/a> \u00fcyesi olan <a href=\"https:\/\/moverdb.com\/tr\/iam\/\" data-internallinksmanager029f6b8e52c=\"23\" title=\"Uluslararas\u0131 Ta\u015f\u0131mac\u0131lar Birli\u011fi (IAM) A\u00e7\u0131klamas\u0131\">Uluslararas\u0131 Ta\u015f\u0131mac\u0131lar Birli\u011fi<\/a> (IAM) ve\/veya <a href=\"https:\/\/moverdb.com\/tr\/fidi-faim\/\" data-internallinksmanager029f6b8e52c=\"16\" title=\"FIDI &amp; FAIM (FIDI Akredite Uluslararas\u0131 Ta\u015f\u0131mac\u0131) A\u00e7\u0131klamas\u0131\">FIDI<\/a> Ta\u015f\u0131nman\u0131zda size yard\u0131mc\u0131 olabilecek Akredite Uluslararas\u0131 Ta\u015f\u0131mac\u0131 (FAIM).<\/p>\n<div id=\"ez-toc-container\" class=\"ez-toc-v2_0_82_2 ez-toc-wrap-left counter-hierarchy ez-toc-counter ez-toc-transparent ez-toc-container-direction\">\n<div class=\"ez-toc-title-container\">\n<p class=\"ez-toc-title\" style=\"cursor:inherit\">B\u00f6l\u00fcmler<\/p>\n<span class=\"ez-toc-title-toggle\"><a href=\"#\" class=\"ez-toc-pull-right ez-toc-btn ez-toc-btn-xs ez-toc-btn-default ez-toc-toggle\" aria-label=\"\u0130\u00e7indekiler Tablosunu A\u00e7\/Kapat\"><span class=\"ez-toc-js-icon-con\"><span class=\"\"><span class=\"eztoc-hide\" style=\"display:none;\">Ge\u00e7i\u015f<\/span><span class=\"ez-toc-icon-toggle-span\"><svg style=\"fill: #999;color:#999\" xmlns=\"http:\/\/www.w3.org\/2000\/svg\" class=\"list-377408\" width=\"20px\" height=\"20px\" viewbox=\"0 0 24 24\" fill=\"none\"><path d=\"M6 6H4v2h2V6zm14 0H8v2h12V6zM4 11h2v2H4v-2zm16 0H8v2h12v-2zM4 16h2v2H4v-2zm16 0H8v2h12v-2z\" fill=\"currentColor\"><\/path><\/svg><svg style=\"fill: #999;color:#999\" class=\"arrow-unsorted-368013\" xmlns=\"http:\/\/www.w3.org\/2000\/svg\" width=\"10px\" height=\"10px\" viewbox=\"0 0 24 24\" version=\"1.2\" baseprofile=\"tiny\"><path d=\"M18.2 9.3l-6.2-6.3-6.2 6.3c-.2.2-.3.4-.3.7s.1.5.3.7c.2.2.4.3.7.3h11c.3 0 .5-.1.7-.3.2-.2.3-.5.3-.7s-.1-.5-.3-.7zM5.8 14.7l6.2 6.3 6.2-6.3c.2-.2.3-.5.3-.7s-.1-.5-.3-.7c-.2-.2-.4-.3-.7-.3h-11c-.3 0-.5.1-.7.3-.2.2-.3.5-.3.7s.1.5.3.7z\"\/><\/svg><\/span><\/span><\/span><\/a><\/span><\/div>\n<nav><ul class='ez-toc-list ez-toc-list-level-1 eztoc-toggle-hide-by-default' ><li class='ez-toc-page-1 ez-toc-heading-level-2'><a class=\"ez-toc-link ez-toc-heading-1\" href=\"https:\/\/moverdb.com\/tr\/moving-companies\/moving-companies-lebanon\/#1_I-Movers\" >1. I-Movers<\/a><\/li><li class='ez-toc-page-1 ez-toc-heading-level-2'><a class=\"ez-toc-link ez-toc-heading-2\" href=\"https:\/\/moverdb.com\/tr\/moving-companies\/moving-companies-lebanon\/#2_Adam_International_Movers\" >2. Adam Uluslararas\u0131 Ta\u015f\u0131mac\u0131l\u0131k<\/a><\/li><li class='ez-toc-page-1 ez-toc-heading-level-2'><a class=\"ez-toc-link ez-toc-heading-3\" href=\"https:\/\/moverdb.com\/tr\/moving-companies\/moving-companies-lebanon\/#3_Orbit_International_Forwarders\" >3. Orbit Uluslararas\u0131 Nakliyeciler<\/a><\/li><li class='ez-toc-page-1 ez-toc-heading-level-2'><a class=\"ez-toc-link ez-toc-heading-4\" href=\"https:\/\/moverdb.com\/tr\/moving-companies\/moving-companies-lebanon\/#4_All_Transportation_Agency\" >4. T\u00fcm Ula\u015ft\u0131rma Ajans\u0131<\/a><\/li><li class='ez-toc-page-1 ez-toc-heading-level-2'><a class=\"ez-toc-link ez-toc-heading-5\" href=\"https:\/\/moverdb.com\/tr\/moving-companies\/moving-companies-lebanon\/#5_Beirut_Express\" >5. Beyrut Ekspresi<\/a><\/li><li class='ez-toc-page-1 ez-toc-heading-level-2'><a class=\"ez-toc-link ez-toc-heading-6\" href=\"https:\/\/moverdb.com\/tr\/moving-companies\/moving-companies-lebanon\/#6_Domex\" >6. Domex<\/a><\/li><li class='ez-toc-page-1 ez-toc-heading-level-2'><a class=\"ez-toc-link ez-toc-heading-7\" href=\"https:\/\/moverdb.com\/tr\/moving-companies\/moving-companies-lebanon\/#7_BCC_Logistics\" >7. BCC Lojistik<\/a><\/li><\/ul><\/nav><\/div>\n<h2><span class=\"ez-toc-section\" id=\"1_I-Movers\"><\/span><strong>1. I-Movers<\/strong><span class=\"ez-toc-section-end\"><\/span><\/h2>\n<p><img loading=\"lazy\" decoding=\"async\" class=\"alignnone size-full wp-image-8327\" src=\"https:\/\/moverdb.com\/wp-content\/uploads\/I-Movers-international-moving-company.png\" alt=\"I-Movers uluslararas\u0131 ta\u015f\u0131ma \u015firketi\" width=\"1440\" height=\"680\" data-wp-pid=\"8327\" srcset=\"https:\/\/moverdb.com\/wp-content\/uploads\/I-Movers-international-moving-company.png 1440w, https:\/\/moverdb.com\/wp-content\/uploads\/I-Movers-international-moving-company-300x142.png 300w, https:\/\/moverdb.com\/wp-content\/uploads\/I-Movers-international-moving-company-1024x484.png 1024w, https:\/\/moverdb.com\/wp-content\/uploads\/I-Movers-international-moving-company-18x9.png 18w, https:\/\/moverdb.com\/wp-content\/uploads\/I-Movers-international-moving-company-600x283.png 600w\" sizes=\"auto, (max-width: 1440px) 100vw, 1440px\" \/><\/p>\n<ul>\n<li>Yerel hamleler<\/li>\n<li>Uluslararas\u0131 ta\u015f\u0131nmalar<\/li>\n<li>Ev ta\u015f\u0131ma<\/li>\n<li>Kurumsal hamleler<\/li>\n<li>Ki\u015fiye \u00f6zel hizmet<\/li>\n<li>Profesyonel paketleme hizmeti<\/li>\n<li>Hava ve deniz ta\u015f\u0131mac\u0131l\u0131\u011f\u0131<\/li>\n<li>G\u00fcmr\u00fck evraklar\u0131<\/li>\n<li><a href=\"https:\/\/moverdb.com\/tr\/car-transport-shipping\/\" data-internallinksmanager029f6b8e52c=\"2\" title=\"2026 Uluslararas\u0131 Ara\u00e7 Ta\u015f\u0131ma &amp; Ara\u00e7 Nakliye Fiyatlar\u0131\">Ara\u00e7 nakliyesi<\/a><\/li>\n<li>Depolama se\u00e7enekleri<\/li>\n<\/ul>\n<p>I-Movers, evlere ve \u015firketlere hizmet veren ve merkezi Beyrut'ta bulunan uluslararas\u0131 bir ta\u015f\u0131ma \u015firketidir. Sekiz y\u0131ld\u0131r hizmet veren IAM \u00fcyesidirler ve bu \u00fcyelik onlara uluslararas\u0131 bir ta\u015f\u0131ma acenteleri a\u011f\u0131na eri\u015fim sa\u011flar.<\/p>\n<p>I-Movers h\u0131z ve verimlilik i\u00e7in sanal bir anket sunar. Ta\u015f\u0131nman\u0131z\u0131 y\u00f6netmek i\u00e7in \u00f6zel bir ta\u015f\u0131nma y\u00f6neticisi ile \u00f6zel bir ta\u015f\u0131nma hizmeti sunarlar. Birinci s\u0131n\u0131f ambalaj malzemesi ve t\u00fcm risklere kar\u015f\u0131 sigortal\u0131 iyi e\u011fitimli paketleyici ekipleri kullanan bir paketleme hizmeti sunarlar. Hava ve deniz ta\u015f\u0131mac\u0131l\u0131\u011f\u0131 i\u00e7in bir takip ve izleme sistemi sa\u011flar ve g\u00fcmr\u00fck i\u015flemleri de dahil olmak \u00fczere evrak i\u015flerinde destek verirler.<\/p>\n<p>Web sitesi: <a href=\"http:\/\/www.i-movers.com\" target=\"_blank\" rel=\"noopener\">http:\/\/www.i-movers.com<\/a><\/p>\n<h2><span class=\"ez-toc-section\" id=\"2_Adam_International_Movers\"><\/span><strong>2. Adam Uluslararas\u0131 Ta\u015f\u0131mac\u0131l\u0131k<\/strong><span class=\"ez-toc-section-end\"><\/span><\/h2>\n<p><img loading=\"lazy\" decoding=\"async\" class=\"alignnone size-full wp-image-8279\" src=\"https:\/\/moverdb.com\/wp-content\/uploads\/Adam-International-Movers-company.png\" alt=\"Adam International Movers \u015firketi\" width=\"1440\" height=\"679\" data-wp-pid=\"8279\" srcset=\"https:\/\/moverdb.com\/wp-content\/uploads\/Adam-International-Movers-company.png 1440w, https:\/\/moverdb.com\/wp-content\/uploads\/Adam-International-Movers-company-300x141.png 300w, https:\/\/moverdb.com\/wp-content\/uploads\/Adam-International-Movers-company-1024x483.png 1024w, https:\/\/moverdb.com\/wp-content\/uploads\/Adam-International-Movers-company-18x8.png 18w, https:\/\/moverdb.com\/wp-content\/uploads\/Adam-International-Movers-company-600x283.png 600w\" sizes=\"auto, (max-width: 1440px) 100vw, 1440px\" \/><\/p>\n<ul>\n<li>Ulusal hamleler<\/li>\n<li>Uluslararas\u0131 ta\u015f\u0131nmalar<\/li>\n<li>Ev ta\u015f\u0131ma<\/li>\n<li>Ofis ta\u015f\u0131ma<\/li>\n<li>B\u00fct\u00e7e dostu, \u00f6zelle\u015ftirilebilir fiyat teklifleri<\/li>\n<li>Profesyonel paketleme hizmeti<\/li>\n<li>Kara, hava veya deniz yoluyla ula\u015f\u0131m<\/li>\n<li>G\u00fcmr\u00fck i\u015flemleri<\/li>\n<li>Sigorta<\/li>\n<li>Depolama tesisleri<\/li>\n<\/ul>\n<p>Adam International Movers, Beyrut, L\u00fcbnan ve Ermenistan'da bulunan bireyler, evler ve ofisler i\u00e7in bir paketleme ve ta\u015f\u0131ma hizmetleri \u015firketidir. Uluslararas\u0131 hizmet sunmada onlar\u0131 desteklemek i\u00e7in d\u00fcnya \u00e7ap\u0131nda bir acente ve nakliyeci a\u011f\u0131na sahiptirler. Alt\u0131 y\u0131ll\u0131k hizmetleriyle IAM \u00fcyesidirler.<\/p>\n<p>Adam International Movers, ta\u015f\u0131nma gereksinimlerinizi anlamak ve size bir fiyat teklifi vermek i\u00e7in ta\u015f\u0131nma \u00f6ncesi bir anket sunar. En son teknikleri ve y\u00fcksek kaliteli ambalaj malzemelerini kullanan e\u011fitimli personel taraf\u0131ndan sunulan profesyonel bir paketleme hizmeti sa\u011flarlar. E\u015fyalar\u0131n\u0131z\u0131n karayolu, hava veya deniz yoluyla ta\u015f\u0131nmas\u0131n\u0131 ve gerekirse g\u00fcmr\u00fck i\u015flemlerini y\u00f6neteceklerdir.<\/p>\n<p>Web sitesi: <a href=\"http:\/\/www.adam-movers.com\" target=\"_blank\" rel=\"noopener\">http:\/\/www.adam-movers.com<\/a><\/p>\n<h2><span class=\"ez-toc-section\" id=\"3_Orbit_International_Forwarders\"><\/span><strong>3. Orbit Uluslararas\u0131 Nakliyeciler<\/strong><span class=\"ez-toc-section-end\"><\/span><\/h2>\n<p><img loading=\"lazy\" decoding=\"async\" class=\"alignnone size-full wp-image-8351\" src=\"https:\/\/moverdb.com\/wp-content\/uploads\/Orbit-International-Forwarders-Lebanon-moving-company.png\" alt=\"Orbit International Forwarders L\u00fcbnan ta\u015f\u0131ma \u015firketi\" width=\"1440\" height=\"679\" data-wp-pid=\"8351\" srcset=\"https:\/\/moverdb.com\/wp-content\/uploads\/Orbit-International-Forwarders-Lebanon-moving-company.png 1440w, https:\/\/moverdb.com\/wp-content\/uploads\/Orbit-International-Forwarders-Lebanon-moving-company-300x141.png 300w, https:\/\/moverdb.com\/wp-content\/uploads\/Orbit-International-Forwarders-Lebanon-moving-company-1024x483.png 1024w, https:\/\/moverdb.com\/wp-content\/uploads\/Orbit-International-Forwarders-Lebanon-moving-company-18x8.png 18w, https:\/\/moverdb.com\/wp-content\/uploads\/Orbit-International-Forwarders-Lebanon-moving-company-600x283.png 600w\" sizes=\"auto, (max-width: 1440px) 100vw, 1440px\" \/><\/p>\n<ul>\n<li>Yerel ve ulusal hamleler<\/li>\n<li>D\u00fcnya \u00e7ap\u0131nda ta\u015f\u0131malar<\/li>\n<li>Ev ta\u015f\u0131ma<\/li>\n<li>Kurumsal ta\u015f\u0131nmalar<\/li>\n<li>Kap\u0131dan kap\u0131ya hizmet<\/li>\n<li>Paketleme hizmeti<\/li>\n<li>Kara, deniz veya hava ta\u015f\u0131mac\u0131l\u0131\u011f\u0131<\/li>\n<li>G\u00fczel sanatlar kullan\u0131m\u0131<\/li>\n<li>Motorlu ara\u00e7 nakliyesi<\/li>\n<li>Depolama tesisleri<\/li>\n<\/ul>\n<p>Orbit International Forwarders 1983 y\u0131l\u0131nda kurulmu\u015f bir paketleme ve ta\u015f\u0131ma \u015firketidir. L\u00fcbnan'daki Beyrut da dahil olmak \u00fczere Avrupa ve Asya'da dokuz lokasyona sahiptir. Hizmetlerini uluslararas\u0131 olarak sunmak i\u00e7in d\u00fcnyan\u0131n hemen her \u00fclkesinde binden fazla se\u00e7ilmi\u015f acenteyle \u00e7al\u0131\u015fmaktad\u0131rlar. \u015eirket 26 y\u0131ll\u0131k hizmetiyle IAM \u00fcyesidir.<\/p>\n<p>Orbit International Forwarders, ilk anketle ba\u015flayan ki\u015fiselle\u015ftirilmi\u015f bir kap\u0131dan kap\u0131ya ta\u015f\u0131ma hizmeti sunmaktad\u0131r. E\u015fyalar\u0131n\u0131z\u0131 korumak i\u00e7in y\u00fcksek kaliteli bir paketleme hizmeti sunarlar ve k\u0131r\u0131lgan e\u015fyalar i\u00e7in kasalar sa\u011flarlar. Motorlu ara\u00e7 nakliyesi, g\u00fczel sanatlar ta\u015f\u0131mac\u0131l\u0131\u011f\u0131, sergi lojisti\u011fi, medya ve e\u011flence lojisti\u011fi ve depolama tesislerini i\u00e7eren ek hizmetler sunarlar.<\/p>\n<p>Web sitesi: <a href=\"http:\/\/www.orbitlb.com\" target=\"_blank\" rel=\"noopener\">http:\/\/www.orbitlb.com<\/a><\/p>\n<h2><span class=\"ez-toc-section\" id=\"4_All_Transportation_Agency\"><\/span><strong>4. T\u00fcm Ula\u015ft\u0131rma Ajans\u0131<\/strong><span class=\"ez-toc-section-end\"><\/span><\/h2>\n<p><img loading=\"lazy\" decoding=\"async\" class=\"alignnone size-full wp-image-8285\" src=\"https:\/\/moverdb.com\/wp-content\/uploads\/All-Transportation-Agency-international-moving-company.png\" alt=\"All Transportation Agency uluslararas\u0131 nakliye \u015firketi\" width=\"1440\" height=\"680\" data-wp-pid=\"8285\" srcset=\"https:\/\/moverdb.com\/wp-content\/uploads\/All-Transportation-Agency-international-moving-company.png 1440w, https:\/\/moverdb.com\/wp-content\/uploads\/All-Transportation-Agency-international-moving-company-300x142.png 300w, https:\/\/moverdb.com\/wp-content\/uploads\/All-Transportation-Agency-international-moving-company-1024x484.png 1024w, https:\/\/moverdb.com\/wp-content\/uploads\/All-Transportation-Agency-international-moving-company-18x9.png 18w, https:\/\/moverdb.com\/wp-content\/uploads\/All-Transportation-Agency-international-moving-company-600x283.png 600w\" sizes=\"auto, (max-width: 1440px) 100vw, 1440px\" \/><\/p>\n<ul>\n<li>Ulusal hamleler<\/li>\n<li>Uluslararas\u0131 ta\u015f\u0131nmalar<\/li>\n<li>Ev ta\u015f\u0131ma<\/li>\n<li>Ticari projeler<\/li>\n<li>Kap\u0131dan kap\u0131ya hizmet<\/li>\n<li>Profesyonel paketleme hizmeti<\/li>\n<li>Kara, deniz ve hava ta\u015f\u0131mac\u0131l\u0131\u011f\u0131<\/li>\n<li>G\u00fcmr\u00fck i\u015flemleri<\/li>\n<li>G\u00fczel sanatlar kullan\u0131m\u0131<\/li>\n<li>G\u00fcvenli depolama<\/li>\n<\/ul>\n<p>All Transportation Agency 1985 y\u0131l\u0131nda kurulan ve merkezi Beyrut'ta bulunan bir takas ve nakliye acentesidir. Ayr\u0131ca Tripoli, Saida ve Tyr'da da \u015fubeleri bulunmaktad\u0131r. IAM \u00fcyesidirler, bu da onlara uluslararas\u0131 hizmet sa\u011flamada yard\u0131mc\u0131 olabilecek uluslararas\u0131 bir ta\u015f\u0131ma acenteleri a\u011f\u0131na eri\u015fim sa\u011flar.<\/p>\n<p>All Transportation Agency, L\u00fcbnan i\u00e7inde, L\u00fcbnan'a veya L\u00fcbnan'dan ta\u015f\u0131nan haneler i\u00e7in kap\u0131dan kap\u0131ya hizmet vermektedir. E\u015fyalar\u0131n\u0131z\u0131 korumak i\u00e7in g\u00fczel sanatlar i\u00e7in uzman bir hizmet i\u00e7eren profesyonel bir paketleme hizmeti sunarlar. Paketleme hizmetlerine mobilyalar\u0131n s\u00f6k\u00fcl\u00fcp tak\u0131lmas\u0131 ve kutular\u0131n etiketlenmesi de dahildir.<\/p>\n<p>Web sitesi: <a href=\"http:\/\/www.ata-lebanon.com\" target=\"_blank\" rel=\"noopener\">http:\/\/www.ata-lebanon.com<\/a><\/p>\n<h2><span class=\"ez-toc-section\" id=\"5_Beirut_Express\"><\/span><strong>5. Beyrut Ekspresi<\/strong><span class=\"ez-toc-section-end\"><\/span><\/h2>\n<p><img loading=\"lazy\" decoding=\"async\" class=\"alignnone size-full wp-image-8293\" src=\"https:\/\/moverdb.com\/wp-content\/uploads\/Beirut-Express-international-moving-company.png\" alt=\"Beirut Express uluslararas\u0131 nakliye \u015firketi\" width=\"1440\" height=\"681\" data-wp-pid=\"8293\" srcset=\"https:\/\/moverdb.com\/wp-content\/uploads\/Beirut-Express-international-moving-company.png 1440w, https:\/\/moverdb.com\/wp-content\/uploads\/Beirut-Express-international-moving-company-300x142.png 300w, https:\/\/moverdb.com\/wp-content\/uploads\/Beirut-Express-international-moving-company-1024x484.png 1024w, https:\/\/moverdb.com\/wp-content\/uploads\/Beirut-Express-international-moving-company-18x9.png 18w, https:\/\/moverdb.com\/wp-content\/uploads\/Beirut-Express-international-moving-company-600x284.png 600w\" sizes=\"auto, (max-width: 1440px) 100vw, 1440px\" \/><\/p>\n<ul>\n<li>Yerel Ta\u015f\u0131malar<\/li>\n<li>Uluslararas\u0131 ta\u015f\u0131nmalar<\/li>\n<li>Evden eve nakliyat<\/li>\n<li>Ofis ta\u015f\u0131ma<\/li>\n<li>Profesyonel paketleme hizmeti<\/li>\n<li>Kaliteli ambalaj malzemeleri<\/li>\n<li>Hava ve deniz ta\u015f\u0131mac\u0131l\u0131\u011f\u0131<\/li>\n<li>G\u00fcmr\u00fck i\u015flemleri<\/li>\n<li>Ara\u00e7 ta\u015f\u0131mac\u0131l\u0131\u011f\u0131<\/li>\n<li>Seyahat ve biletleme<\/li>\n<\/ul>\n<p>Beirut Express, 56 y\u0131ld\u0131r faaliyet g\u00f6steren ve merkezi Beyrut'ta bulunan yerel ve uluslararas\u0131 bir ta\u015f\u0131nma ve yer de\u011fi\u015ftirme hizmetidir. D\u00fcnya \u00e7ap\u0131nda ortak \u015firketler ve akredite acentelerden olu\u015fan bir a\u011fa sahiptir ve IAM \u00fcyesidir.<\/p>\n<p>Beirut Express, evler, \u015firketler ve kurumlar i\u00e7in ta\u015f\u0131nma hizmetlerini m\u00fcmk\u00fcn oldu\u011funca sorunsuz hale getirir. E\u015fyalar\u0131n\u0131z\u0131 ta\u015f\u0131ma s\u0131ras\u0131nda korumak i\u00e7in y\u00fcksek koruma teknikleri kullanan e\u011fitimli bir ekiple profesyonel bir paketleme hizmeti sa\u011flarlar. E\u015fyalar\u0131n\u0131z i\u00e7in hava ve deniz ta\u015f\u0131mac\u0131l\u0131\u011f\u0131 ile transit ge\u00e7i\u015f ayarlayacak ve g\u00fcmr\u00fckleme konusunda yard\u0131mc\u0131 olacaklard\u0131r.<\/p>\n<p>Web sitesi: <a href=\"http:\/\/www.beirutexpress.com\" target=\"_blank\" rel=\"noopener\">http:\/\/www.beirutexpress.com<\/a><\/p>\n<h2><span class=\"ez-toc-section\" id=\"6_Domex\"><\/span><strong>6. Domex<\/strong><span class=\"ez-toc-section-end\"><\/span><\/h2>\n<p><img loading=\"lazy\" decoding=\"async\" class=\"alignnone size-full wp-image-8306\" src=\"https:\/\/moverdb.com\/wp-content\/uploads\/Domex-international-moving-company.png\" alt=\"Domex uluslararas\u0131 ta\u015f\u0131ma \u015firketi\" width=\"1440\" height=\"681\" data-wp-pid=\"8306\" srcset=\"https:\/\/moverdb.com\/wp-content\/uploads\/Domex-international-moving-company.png 1440w, https:\/\/moverdb.com\/wp-content\/uploads\/Domex-international-moving-company-300x142.png 300w, https:\/\/moverdb.com\/wp-content\/uploads\/Domex-international-moving-company-1024x484.png 1024w, https:\/\/moverdb.com\/wp-content\/uploads\/Domex-international-moving-company-18x9.png 18w, https:\/\/moverdb.com\/wp-content\/uploads\/Domex-international-moving-company-600x284.png 600w\" sizes=\"auto, (max-width: 1440px) 100vw, 1440px\" \/><\/p>\n<ul>\n<li>Uluslararas\u0131 ta\u015f\u0131nmalar<\/li>\n<li>Ev ta\u015f\u0131ma<\/li>\n<li>Ofis ta\u015f\u0131ma<\/li>\n<li>Kap\u0131dan kap\u0131ya hizmet<\/li>\n<li>Paketleme hizmeti<\/li>\n<li>Y\u00fcksek kaliteli ambalaj malzemeleri<\/li>\n<li>G\u00fcmr\u00fck i\u015flemleri<\/li>\n<li>G\u00fczel sanatlar i\u015fleme<\/li>\n<li>Sigorta<\/li>\n<li>Depolama tesisleri<\/li>\n<\/ul>\n<p>Domex, L\u00fcbnan'a ve L\u00fcbnan'dan uluslararas\u0131 hizmetler sunan ve merkezi Beyrut'ta bulunan bir ta\u015f\u0131ma ve depolama \u015firketidir. L\u00fcbnan d\u0131\u015f\u0131nda hizmet sunmak i\u00e7in d\u00fcnyan\u0131n d\u00f6rt bir yan\u0131ndaki se\u00e7kin ta\u015f\u0131ma \u015firketleriyle \u00e7al\u0131\u015f\u0131rlar ve IAM \u00fcyesidirler.<\/p>\n<p>Domex, evlere ve ofislere kap\u0131dan kap\u0131ya hizmet sunmaktad\u0131r. E\u015fyalar\u0131n\u0131z\u0131 korumak i\u00e7in y\u00fcksek kaliteli ambalaj malzemeleri ve e\u011fitimli personel kullanan bir paketleme hizmeti sunarlar. Ayr\u0131ca k\u0131r\u0131lgan e\u015fyalar ve g\u00fczel sanatlar i\u00e7in \u00f6zel bir hizmet sunarlar. Deniz ve hava ta\u015f\u0131mac\u0131l\u0131\u011f\u0131n\u0131 kullanarak en uygun rotay\u0131 ve nakliyeyi organize edecek ve g\u00fcmr\u00fckleme konusunda size yard\u0131mc\u0131 olacaklard\u0131r.<\/p>\n<p>Web sitesi: <a href=\"http:\/\/www.domexco.net\" target=\"_blank\" rel=\"noopener\">http:\/\/www.domexco.net<\/a><\/p>\n<h2><span class=\"ez-toc-section\" id=\"7_BCC_Logistics\"><\/span><strong>7. BCC Lojistik<\/strong><span class=\"ez-toc-section-end\"><\/span><\/h2>\n<p><img loading=\"lazy\" decoding=\"async\" class=\"alignnone size-full wp-image-7673\" src=\"https:\/\/moverdb.com\/wp-content\/uploads\/BCC-Logistics-international-moving-company.png\" alt=\"BCC Logistics uluslararas\u0131 ta\u015f\u0131ma \u015firketi\" width=\"1440\" height=\"634\" data-wp-pid=\"7673\" srcset=\"https:\/\/moverdb.com\/wp-content\/uploads\/BCC-Logistics-international-moving-company.png 1440w, https:\/\/moverdb.com\/wp-content\/uploads\/BCC-Logistics-international-moving-company-300x132.png 300w, https:\/\/moverdb.com\/wp-content\/uploads\/BCC-Logistics-international-moving-company-1024x451.png 1024w, https:\/\/moverdb.com\/wp-content\/uploads\/BCC-Logistics-international-moving-company-18x8.png 18w, https:\/\/moverdb.com\/wp-content\/uploads\/BCC-Logistics-international-moving-company-600x264.png 600w\" sizes=\"auto, (max-width: 1440px) 100vw, 1440px\" \/><\/p>\n<ul>\n<li>Ulusal hamleler<\/li>\n<li>Uluslararas\u0131 ta\u015f\u0131nmalar<\/li>\n<li>Konut Ta\u015f\u0131malar\u0131<\/li>\n<li>Kurumsal hamleler<\/li>\n<li>Kap\u0131dan kap\u0131ya hizmet<\/li>\n<li>Paketleme hizmeti<\/li>\n<li>Kara, deniz ve hava ta\u015f\u0131mac\u0131l\u0131\u011f\u0131<\/li>\n<li>G\u00fcmr\u00fck i\u015flemleri<\/li>\n<li>G\u00fczel sanatlar kullan\u0131m\u0131<\/li>\n<li>Depolama tesisleri<\/li>\n<\/ul>\n<p>BCC Logistics, 1993 y\u0131l\u0131nda kurulmu\u015f Beyrut merkezli k\u00fcresel bir nakliye \u015firketidir. <a href=\"https:\/\/moverdb.com\/tr\/moving-to-qatar\/\" data-internallinksmanager029f6b8e52c=\"334\" title=\"Katar&#039;a m\u0131 Ta\u015f\u0131n\u0131yorsunuz? 2026 Ya\u015fam Maliyetleri &amp; Yer De\u011fi\u015ftirme \u0130pu\u00e7lar\u0131\">Katar<\/a>, <a href=\"https:\/\/moverdb.com\/tr\/moving-companies\/moving-companies-iraq\/\" data-internallinksmanager029f6b8e52c=\"314\" title=\"Irak&#039;taki En \u0130yi 2 Uluslararas\u0131 Nakliye \u015eirketi\">Irak<\/a> ve <a href=\"https:\/\/moverdb.com\/tr\/moving-to-saudi-arabia\/\" data-internallinksmanager029f6b8e52c=\"319\" title=\"Suudi Arabistan&#039;a m\u0131 Ta\u015f\u0131n\u0131yorsunuz? 2026 Ya\u015fam Maliyetleri &amp; Yer De\u011fi\u015ftirme \u0130pu\u00e7lar\u0131\">Suudi Arabistan<\/a>. Uluslararas\u0131 ta\u015f\u0131ma acenteleriyle iyi ba\u011flant\u0131lar\u0131 vard\u0131r ve bu da d\u00fcnya \u00e7ap\u0131nda hizmet vermelerini sa\u011flar. IAM \u00fcyesidirler ve FIDI taraf\u0131ndan akredite edilmi\u015flerdir.<\/p>\n<p>BCC Logistics, tek bir irtibat noktas\u0131 ile kap\u0131dan kap\u0131ya ta\u015f\u0131ma hizmeti sunmaktad\u0131r. Kaliteli ambalaj malzemeleri kullanarak paketleme hizmeti sunarlar ve g\u00fcmr\u00fck formaliteleri ile hava ta\u015f\u0131mac\u0131l\u0131\u011f\u0131 i\u00e7in konteynerli deniz sevkiyatlar\u0131 ve \u00fc\u00e7 duvarl\u0131 paketleme sunarlar. Paketleme, ambalajdan \u00e7\u0131karma ve mobilya yerle\u015ftirme konular\u0131nda yard\u0131mc\u0131 olurlar. Ayr\u0131ca a\u011f\u0131r e\u015fyalar\u0131n ta\u015f\u0131nmas\u0131, ara\u00e7 nakliyesi ve sigorta hizmetleri de sunmaktad\u0131rlar.<\/p>\n<p>Web sitesi: <a href=\"http:\/\/www.bcclogistics.com\/\" target=\"_blank\" rel=\"noopener\">http:\/\/www.bcclogistics.com\/<\/a><\/p>","protected":false},"excerpt":{"rendered":"<p>Just thinking about moving your home or business can be stressful and seem complicated if you are planning on moving abroad, which is where a moving company can assist by lightening the load. Below we have compiled a list of Lebanon based removal companies that are members of the International Association of Movers (IAM) and\/or [&hellip;]<\/p>\n","protected":false},"author":4,"featured_media":0,"parent":190,"menu_order":0,"comment_status":"closed","ping_status":"closed","template":"","meta":{"_genesis_hide_title":false,"_genesis_hide_breadcrumbs":false,"_genesis_hide_singular_image":false,"_genesis_hide_footer_widgets":false,"_genesis_custom_body_class":"","_genesis_custom_post_class":"","_genesis_layout":"","footnotes":""},"class_list":{"0":"post-8402","1":"page","2":"type-page","3":"status-publish","5":"entry","6":"has-post-thumbnail"},"_links":{"self":[{"href":"https:\/\/moverdb.com\/tr\/wp-json\/wp\/v2\/pages\/8402","targetHints":{"allow":["GET"]}}],"collection":[{"href":"https:\/\/moverdb.com\/tr\/wp-json\/wp\/v2\/pages"}],"about":[{"href":"https:\/\/moverdb.com\/tr\/wp-json\/wp\/v2\/types\/page"}],"author":[{"embeddable":true,"href":"https:\/\/moverdb.com\/tr\/wp-json\/wp\/v2\/users\/4"}],"replies":[{"embeddable":true,"href":"https:\/\/moverdb.com\/tr\/wp-json\/wp\/v2\/comments?post=8402"}],"version-history":[{"count":1,"href":"https:\/\/moverdb.com\/tr\/wp-json\/wp\/v2\/pages\/8402\/revisions"}],"predecessor-version":[{"id":8403,"href":"https:\/\/moverdb.com\/tr\/wp-json\/wp\/v2\/pages\/8402\/revisions\/8403"}],"up":[{"embeddable":true,"href":"https:\/\/moverdb.com\/tr\/wp-json\/wp\/v2\/pages\/190"}],"wp:attachment":[{"href":"https:\/\/moverdb.com\/tr\/wp-json\/wp\/v2\/media?parent=8402"}],"curies":[{"name":"wp","href":"https:\/\/api.w.org\/{rel}","templated":true}]}}