{"id":8396,"date":"2023-04-27T14:53:30","date_gmt":"2023-04-27T14:53:30","guid":{"rendered":"https:\/\/moverdb.com\/?page_id=8396"},"modified":"2026-01-08T15:24:46","modified_gmt":"2026-01-08T15:24:46","slug":"moving-companies-kenya","status":"publish","type":"page","link":"https:\/\/moverdb.com\/tr\/moving-companies\/moving-companies-kenya\/","title":{"rendered":"Kenya'daki En \u0130yi 4 Uluslararas\u0131 Nakliye \u015eirketi"},"content":{"rendered":"<p>Evinizi veya i\u015finizi ta\u015f\u0131yorsan\u0131z, \u00f6zellikle de ek evrak i\u015fleri ve yap\u0131lacak d\u00fczenlemelerle birlikte \u00fclke de\u011fi\u015ftiriyorsan\u0131z, bu biraz g\u00f6z korkutucu g\u00f6r\u00fcnebilir. \u0130\u015fte bu noktada bir <a href=\"https:\/\/moverdb.com\/tr\/moving-companies\/\" data-internallinksmanager029f6b8e52c=\"79\" title=\"\u00c7evrimi\u00e7i En \u0130yi 25 Uluslararas\u0131 Nakliye \u015eirketi\">ta\u015finma \u015fi\u0307rketi\u0307<\/a> y\u00fck\u00fcn\u00fcz\u00fc ger\u00e7ekten hafifletebilir. Bu y\u00fczden a\u015fa\u011f\u0131da Kenya merkezli <a href=\"https:\/\/moverdb.com\/tr\/international-removals\/\" data-internallinksmanager029f6b8e52c=\"27\" title=\"36 \u0130ngiltere&#039;deki En \u0130yi Uluslararas\u0131 Nakliye \u015eirketleri\">nakli\u0307ye \u015fi\u0307rketleri\u0307<\/a> \u00fcyesi olan <a href=\"https:\/\/moverdb.com\/tr\/iam\/\" data-internallinksmanager029f6b8e52c=\"23\" title=\"Uluslararas\u0131 Ta\u015f\u0131mac\u0131lar Birli\u011fi (IAM) A\u00e7\u0131klamas\u0131\">Uluslararas\u0131 Ta\u015f\u0131mac\u0131lar Birli\u011fi<\/a> (IAM) ve\/veya <a href=\"https:\/\/moverdb.com\/tr\/fidi-faim\/\" data-internallinksmanager029f6b8e52c=\"16\" title=\"FIDI &amp; FAIM (FIDI Akredite Uluslararas\u0131 Ta\u015f\u0131mac\u0131) A\u00e7\u0131klamas\u0131\">FIDI<\/a> Ta\u015f\u0131nman\u0131zda size yard\u0131mc\u0131 olabilecek Akredite Uluslararas\u0131 Ta\u015f\u0131y\u0131c\u0131 (FAIM).<\/p>\n<div id=\"ez-toc-container\" class=\"ez-toc-v2_0_82_2 ez-toc-wrap-left counter-hierarchy ez-toc-counter ez-toc-transparent ez-toc-container-direction\">\n<div class=\"ez-toc-title-container\">\n<p class=\"ez-toc-title\" style=\"cursor:inherit\">B\u00f6l\u00fcmler<\/p>\n<span class=\"ez-toc-title-toggle\"><a href=\"#\" class=\"ez-toc-pull-right ez-toc-btn ez-toc-btn-xs ez-toc-btn-default ez-toc-toggle\" aria-label=\"\u0130\u00e7indekiler Tablosunu A\u00e7\/Kapat\"><span class=\"ez-toc-js-icon-con\"><span class=\"\"><span class=\"eztoc-hide\" style=\"display:none;\">Ge\u00e7i\u015f<\/span><span class=\"ez-toc-icon-toggle-span\"><svg style=\"fill: #999;color:#999\" xmlns=\"http:\/\/www.w3.org\/2000\/svg\" class=\"list-377408\" width=\"20px\" height=\"20px\" viewbox=\"0 0 24 24\" fill=\"none\"><path d=\"M6 6H4v2h2V6zm14 0H8v2h12V6zM4 11h2v2H4v-2zm16 0H8v2h12v-2zM4 16h2v2H4v-2zm16 0H8v2h12v-2z\" fill=\"currentColor\"><\/path><\/svg><svg style=\"fill: #999;color:#999\" class=\"arrow-unsorted-368013\" xmlns=\"http:\/\/www.w3.org\/2000\/svg\" width=\"10px\" height=\"10px\" viewbox=\"0 0 24 24\" version=\"1.2\" baseprofile=\"tiny\"><path d=\"M18.2 9.3l-6.2-6.3-6.2 6.3c-.2.2-.3.4-.3.7s.1.5.3.7c.2.2.4.3.7.3h11c.3 0 .5-.1.7-.3.2-.2.3-.5.3-.7s-.1-.5-.3-.7zM5.8 14.7l6.2 6.3 6.2-6.3c.2-.2.3-.5.3-.7s-.1-.5-.3-.7c-.2-.2-.4-.3-.7-.3h-11c-.3 0-.5.1-.7.3-.2.2-.3.5-.3.7s.1.5.3.7z\"\/><\/svg><\/span><\/span><\/span><\/a><\/span><\/div>\n<nav><ul class='ez-toc-list ez-toc-list-level-1 eztoc-toggle-hide-by-default' ><li class='ez-toc-page-1 ez-toc-heading-level-2'><a class=\"ez-toc-link ez-toc-heading-1\" href=\"https:\/\/moverdb.com\/tr\/moving-companies\/moving-companies-kenya\/#1_Quick_Task_Freight_Limited\" >1. H\u0131zl\u0131 G\u00f6rev Ta\u015f\u0131mac\u0131l\u0131\u011f\u0131 Limited<\/a><\/li><li class='ez-toc-page-1 ez-toc-heading-level-2'><a class=\"ez-toc-link ez-toc-heading-2\" href=\"https:\/\/moverdb.com\/tr\/moving-companies\/moving-companies-kenya\/#2_Nellions_Moving_Relocations\" >2. Nellions Ta\u015f\u0131nma ve Yer De\u011fi\u015ftirme<\/a><\/li><li class='ez-toc-page-1 ez-toc-heading-level-2'><a class=\"ez-toc-link ez-toc-heading-3\" href=\"https:\/\/moverdb.com\/tr\/moving-companies\/moving-companies-kenya\/#3_Benfi_Global_Logistics\" >3. Benfi Global Lojistik<\/a><\/li><li class='ez-toc-page-1 ez-toc-heading-level-2'><a class=\"ez-toc-link ez-toc-heading-4\" href=\"https:\/\/moverdb.com\/tr\/moving-companies\/moving-companies-kenya\/#4_DB_Schenker\" >4. DB Schenker<\/a><\/li><\/ul><\/nav><\/div>\n<h2><span class=\"ez-toc-section\" id=\"1_Quick_Task_Freight_Limited\"><\/span><strong>1. H\u0131zl\u0131 G\u00f6rev Ta\u015f\u0131mac\u0131l\u0131\u011f\u0131 Limited<\/strong><span class=\"ez-toc-section-end\"><\/span><\/h2>\n<p><img loading=\"lazy\" decoding=\"async\" class=\"alignnone size-full wp-image-8356\" src=\"https:\/\/moverdb.com\/wp-content\/uploads\/Quick-Task-Freight-international-moving-company.png\" alt=\"Quick Task Freight uluslararas\u0131 ta\u015f\u0131ma \u015firketi\" width=\"1440\" height=\"682\" data-wp-pid=\"8356\" srcset=\"https:\/\/moverdb.com\/wp-content\/uploads\/Quick-Task-Freight-international-moving-company.png 1440w, https:\/\/moverdb.com\/wp-content\/uploads\/Quick-Task-Freight-international-moving-company-300x142.png 300w, https:\/\/moverdb.com\/wp-content\/uploads\/Quick-Task-Freight-international-moving-company-1024x485.png 1024w, https:\/\/moverdb.com\/wp-content\/uploads\/Quick-Task-Freight-international-moving-company-18x9.png 18w, https:\/\/moverdb.com\/wp-content\/uploads\/Quick-Task-Freight-international-moving-company-600x284.png 600w\" sizes=\"auto, (max-width: 1440px) 100vw, 1440px\" \/><\/p>\n<ul>\n<li>Yerel hamleler<\/li>\n<li>Uluslararas\u0131 ta\u015f\u0131nmalar<\/li>\n<li>Ev ta\u015f\u0131ma<\/li>\n<li>Kurumsal hamleler<\/li>\n<li>Ki\u015fiye \u00f6zel kap\u0131dan kap\u0131ya hizmet<\/li>\n<li>Paketleme hizmeti<\/li>\n<li>Kara, deniz ve hava ta\u015f\u0131mac\u0131l\u0131\u011f\u0131<\/li>\n<li>G\u00fcmr\u00fck komisyonculu\u011fu<\/li>\n<li>Sigorta tavsiyesi<\/li>\n<li>Depolama tesisleri<\/li>\n<\/ul>\n<p>Quick Task Freight Limited, 2013 y\u0131l\u0131nda kurulan ve merkezi Kenya'da bulunan, Nairobi ve Mombasa'da ve Do\u011fu Afrika'da ba\u015fka ofisleri olan bir nakliye ve lojistik \u015firketidir. \u0130nsanlar\u0131 d\u00fcnyan\u0131n d\u00f6rt bir yan\u0131na ta\u015f\u0131mak i\u00e7in uluslararas\u0131 ortaklarla birlikte \u00e7al\u0131\u015f\u0131rlar. Sekiz y\u0131ll\u0131k hizmet s\u00fcresiyle IAM \u00fcyesidir.<\/p>\n<p>Quick Task Freight Limited, ev sahipleri ve \u015firketler i\u00e7in kap\u0131dan kap\u0131ya \u00f6zel ta\u015f\u0131ma hizmetleri sunmaktad\u0131r. Karayolu, denizyolu veya havayoluyla olsun, e\u015fyalar\u0131n\u0131z\u0131 ta\u015f\u0131ma s\u0131ras\u0131nda koruyacak bir paketleme hizmeti sunarlar. G\u00fcmr\u00fck komisyonculu\u011fu ve sigorta konusunda yard\u0131m sa\u011flarlar.<\/p>\n<p>Web sitesi: <a href=\"http:\/\/www.quicktaskfreight.com\" target=\"_blank\" rel=\"noopener\">http:\/\/www.quicktaskfreight.com<\/a><\/p>\n<h2><span class=\"ez-toc-section\" id=\"2_Nellions_Moving_Relocations\"><\/span><strong>2. Nellions Ta\u015f\u0131nma ve Yer De\u011fi\u015ftirme<\/strong><span class=\"ez-toc-section-end\"><\/span><\/h2>\n<p><img loading=\"lazy\" decoding=\"async\" class=\"alignnone size-full wp-image-8348\" src=\"https:\/\/moverdb.com\/wp-content\/uploads\/Nellions-international-moving-company.png\" alt=\"Nellions uluslararas\u0131 nakliye \u015firketi\" width=\"1440\" height=\"680\" data-wp-pid=\"8348\" srcset=\"https:\/\/moverdb.com\/wp-content\/uploads\/Nellions-international-moving-company.png 1440w, https:\/\/moverdb.com\/wp-content\/uploads\/Nellions-international-moving-company-300x142.png 300w, https:\/\/moverdb.com\/wp-content\/uploads\/Nellions-international-moving-company-1024x484.png 1024w, https:\/\/moverdb.com\/wp-content\/uploads\/Nellions-international-moving-company-18x9.png 18w, https:\/\/moverdb.com\/wp-content\/uploads\/Nellions-international-moving-company-600x283.png 600w\" sizes=\"auto, (max-width: 1440px) 100vw, 1440px\" \/><\/p>\n<ul>\n<li>Ulusal hamleler<\/li>\n<li>Uluslararas\u0131 ta\u015f\u0131nmalar<\/li>\n<li>Konut Ta\u015f\u0131malar\u0131<\/li>\n<li>Kurumsal ve ofis ta\u015f\u0131nmalar\u0131<\/li>\n<li>Kap\u0131dan kap\u0131ya hizmet<\/li>\n<li>Hava, deniz veya karayolu ta\u015f\u0131mac\u0131l\u0131\u011f\u0131<\/li>\n<li>Grupaj dahil nakliye se\u00e7enekleri<\/li>\n<li>G\u00fcmr\u00fck i\u015flemleri<\/li>\n<li>Sigorta<\/li>\n<li>Depolama tesisleri<\/li>\n<\/ul>\n<p>Nellions Moving &amp; Relocations, Nairobi merkezli uluslararas\u0131 bir ta\u015f\u0131ma \u015firketidir. Dokuz y\u0131ld\u0131r hizmet veren IAM \u00fcyesidirler ve bu sayede kendilerini destekleyecek uluslararas\u0131 bir ta\u015f\u0131ma acenteleri a\u011f\u0131na eri\u015fimleri vard\u0131r.<\/p>\n<p>Nellions Moving &amp; Relocations, ta\u015f\u0131nma planlaman\u0131zda size destek olmak i\u00e7in ta\u015f\u0131nma \u00f6ncesi anket ve Ta\u015f\u0131nma Dan\u0131\u015fmanlar\u0131 sunar. Kap\u0131dan kap\u0131ya, kap\u0131dan kap\u0131ya<a href=\"https:\/\/moverdb.com\/tr\/top-49-container-ports\/\" data-internallinksmanager029f6b8e52c=\"80\" title=\"2025 Y\u0131l\u0131nda En B\u00fcy\u00fck ve En Yo\u011fun 49 Konteyner Liman\u0131\">Liman<\/a> veya limandan kap\u0131ya \u00e7\u00f6z\u00fcmler. E\u015fyalar\u0131n\u0131z\u0131 g\u00fcvenli bir \u015fekilde paketlerler, buna mobilya kurulumu ve montaj\u0131 ile ka\u011f\u0131ts\u0131z bir paketleme listesinin olu\u015fturulmas\u0131 da dahildir. Hava, deniz veya kara yoluyla nakliyeyi ayarlayacak ve ithalat ve ihracat g\u00fcmr\u00fcklerini halledeceklerdir. Nakliye, tam veya konteynerden daha az y\u00fck ve grupaj se\u00e7eneklerini i\u00e7erir.<\/p>\n<p>Web sitesi: <a href=\"http:\/\/www.nellions.co.ke\" target=\"_blank\" rel=\"noopener\">http:\/\/www.nellions.co.ke<\/a><\/p>\n<h2><span class=\"ez-toc-section\" id=\"3_Benfi_Global_Logistics\"><\/span><strong>3. <\/strong><strong>Benfi Global Lojistik<\/strong><span class=\"ez-toc-section-end\"><\/span><\/h2>\n<p><img loading=\"lazy\" decoding=\"async\" class=\"alignnone size-full wp-image-8294\" src=\"https:\/\/moverdb.com\/wp-content\/uploads\/Benfi-Global-Logistics-international-moving-company.png\" alt=\"Benfi Global Lojistik uluslararas\u0131 ta\u015f\u0131ma \u015firketi\" width=\"1440\" height=\"683\" data-wp-pid=\"8294\" srcset=\"https:\/\/moverdb.com\/wp-content\/uploads\/Benfi-Global-Logistics-international-moving-company.png 1440w, https:\/\/moverdb.com\/wp-content\/uploads\/Benfi-Global-Logistics-international-moving-company-300x142.png 300w, https:\/\/moverdb.com\/wp-content\/uploads\/Benfi-Global-Logistics-international-moving-company-1024x486.png 1024w, https:\/\/moverdb.com\/wp-content\/uploads\/Benfi-Global-Logistics-international-moving-company-18x9.png 18w, https:\/\/moverdb.com\/wp-content\/uploads\/Benfi-Global-Logistics-international-moving-company-600x285.png 600w\" sizes=\"auto, (max-width: 1440px) 100vw, 1440px\" \/><\/p>\n<ul>\n<li>Yerel ve ulusal lojistik<\/li>\n<li><a href=\"https:\/\/moverdb.com\/tr\/container-shipping\/\" data-internallinksmanager029f6b8e52c=\"3\" title=\"Uluslararas\u0131 Konteyner Nakliye Fiyatlar\u0131 Tablosu: Nisan 2026\">Uluslararas\u0131 nakliye<\/a><\/li>\n<li>Bireysel g\u00f6nderiler<\/li>\n<li>Kurumsal sevkiyatlar<\/li>\n<li>Ki\u015fiselle\u015ftirilmi\u015f yakla\u015f\u0131m<\/li>\n<li>Filolar\u0131n\u0131 kullanarak karayolu kargosu<\/li>\n<li>Hava ta\u015f\u0131mac\u0131l\u0131\u011f\u0131 se\u00e7enekleri<\/li>\n<li>Okyanus ta\u015f\u0131mac\u0131l\u0131\u011f\u0131 se\u00e7enekleri<\/li>\n<li>G\u00fcmr\u00fck komisyonculu\u011fu<\/li>\n<li>Depolama tesisleri<\/li>\n<\/ul>\n<p>Benfi Global Logistics, d\u00fcnyan\u0131n her k\u00f6\u015fesine teslimat yapabilen ve merkezi Nairobi'de bulunan tek noktadan lojistik \u00e7\u00f6z\u00fcm sa\u011flay\u0131c\u0131s\u0131d\u0131r. Eri\u015fimlerini geni\u015fletmek ve uluslararas\u0131 hizmet sunmak i\u00e7in d\u00fcnya \u00e7ap\u0131nda dernekleri vard\u0131r. IAM'nin 10 y\u0131ll\u0131k hizmet veren bir \u00fcyesidir.<\/p>\n<p>Benfi Global Logistics sadece nakliye ve depolama hizmetleri sunmaktad\u0131r ancak bireylere ve \u015firketlere de hizmet verebilmektedir. Kamyon filolar\u0131n\u0131 kullanarak kargo ta\u015f\u0131mac\u0131l\u0131\u011f\u0131, k\u00fc\u00e7\u00fck g\u00f6nderilerden kiralamalara kadar hava ta\u015f\u0131mac\u0131l\u0131\u011f\u0131 ve tam veya konteyner y\u00fck\u00fcnden daha az deniz ta\u015f\u0131mac\u0131l\u0131\u011f\u0131n\u0131 i\u00e7eren bir dizi nakliye se\u00e7ene\u011fi sunarlar.<\/p>\n<p>Web sitesi: <a href=\"http:\/\/www.benfifreightkenya.co.ke\" target=\"_blank\" rel=\"noopener\">http:\/\/www.benfifreightkenya.co.ke<\/a><\/p>\n<h2><span class=\"ez-toc-section\" id=\"4_DB_Schenker\"><\/span><strong>4. DB Schenker<\/strong><span class=\"ez-toc-section-end\"><\/span><\/h2>\n<p><img loading=\"lazy\" decoding=\"async\" class=\"alignnone size-full wp-image-8303\" src=\"https:\/\/moverdb.com\/wp-content\/uploads\/DB-Schenker-Kenya-international-moving-company.png\" alt=\"DB Schenker Kenya uluslararas\u0131 nakliye \u015firketi\" width=\"1440\" height=\"677\" data-wp-pid=\"8303\" srcset=\"https:\/\/moverdb.com\/wp-content\/uploads\/DB-Schenker-Kenya-international-moving-company.png 1440w, https:\/\/moverdb.com\/wp-content\/uploads\/DB-Schenker-Kenya-international-moving-company-300x141.png 300w, https:\/\/moverdb.com\/wp-content\/uploads\/DB-Schenker-Kenya-international-moving-company-1024x481.png 1024w, https:\/\/moverdb.com\/wp-content\/uploads\/DB-Schenker-Kenya-international-moving-company-18x8.png 18w, https:\/\/moverdb.com\/wp-content\/uploads\/DB-Schenker-Kenya-international-moving-company-600x282.png 600w\" sizes=\"auto, (max-width: 1440px) 100vw, 1440px\" \/><\/p>\n<ul>\n<li>Ulusal hamleler<\/li>\n<li>Uluslararas\u0131 ta\u015f\u0131nmalar<\/li>\n<li>Konut Ta\u015f\u0131malar\u0131<\/li>\n<li>\u015eirket hareketleri<\/li>\n<li>Paketleme hizmeti<\/li>\n<li>Profesyonel paketleyiciler<\/li>\n<li>Kara, demiryolu, hava ve deniz ta\u015f\u0131mac\u0131l\u0131\u011f\u0131<\/li>\n<li>G\u00fcmr\u00fck i\u015flemleri<\/li>\n<li>Takip hizmeti<\/li>\n<li>Depolama tesisleri<\/li>\n<\/ul>\n<p>DB Schenker, yakla\u015f\u0131k 725 lokasyonda ve 60'tan fazla \u00fclkede faaliyet g\u00f6steren k\u00fcresel bir lojistik sa\u011flay\u0131c\u0131s\u0131d\u0131r ve 150 y\u0131l\u0131 a\u015fk\u0131n s\u00fcredir faaliyet g\u00f6stermektedir. Kenya'daki \u00fcsleri Nairobi'de olup burada ulusal ve uluslararas\u0131 hizmetler sunmaktad\u0131r. D\u00fcnya \u00e7ap\u0131nda hizmet sunmak i\u00e7in uluslararas\u0131 bir a\u011fa sahiptir ve IAM \u00fcyesidir.<\/p>\n<p>DB Schenker, \u00e7evre dostu ambalaj malzemeleri kullanarak e\u015fyalar\u0131n\u0131z\u0131 koruyacak ve mobilyalar\u0131n s\u00f6k\u00fcl\u00fcp tak\u0131lmas\u0131n\u0131 da i\u00e7eren bir paketleme hizmeti sunmaktad\u0131r. Kara, demiryolu, hava veya okyanus yoluyla g\u00fcmr\u00fckleme ve ilerlemeyi izlemenizi sa\u011flayan bir takip hizmeti ile nakliyeyi ayarlayacakt\u0131r.<\/p>\n<p>Web sitesi: <a href=\"http:\/\/www.dbschenker.com\" target=\"_blank\" rel=\"noopener\">http:\/\/www.dbschenker.com<\/a><\/p>","protected":false},"excerpt":{"rendered":"<p>If you are moving home or your business, it might seem a bit daunting especially if you are moving countries with the additional paperwork and arrangements to make. This is where a moving company can really lighten your load. So below we\u2019ve listed Kenyan based removal companies that are members of the International Association of [&hellip;]<\/p>\n","protected":false},"author":4,"featured_media":0,"parent":190,"menu_order":0,"comment_status":"closed","ping_status":"closed","template":"","meta":{"_genesis_hide_title":false,"_genesis_hide_breadcrumbs":false,"_genesis_hide_singular_image":false,"_genesis_hide_footer_widgets":false,"_genesis_custom_body_class":"","_genesis_custom_post_class":"","_genesis_layout":"","footnotes":""},"class_list":{"0":"post-8396","1":"page","2":"type-page","3":"status-publish","5":"entry","6":"has-post-thumbnail"},"_links":{"self":[{"href":"https:\/\/moverdb.com\/tr\/wp-json\/wp\/v2\/pages\/8396","targetHints":{"allow":["GET"]}}],"collection":[{"href":"https:\/\/moverdb.com\/tr\/wp-json\/wp\/v2\/pages"}],"about":[{"href":"https:\/\/moverdb.com\/tr\/wp-json\/wp\/v2\/types\/page"}],"author":[{"embeddable":true,"href":"https:\/\/moverdb.com\/tr\/wp-json\/wp\/v2\/users\/4"}],"replies":[{"embeddable":true,"href":"https:\/\/moverdb.com\/tr\/wp-json\/wp\/v2\/comments?post=8396"}],"version-history":[{"count":1,"href":"https:\/\/moverdb.com\/tr\/wp-json\/wp\/v2\/pages\/8396\/revisions"}],"predecessor-version":[{"id":8397,"href":"https:\/\/moverdb.com\/tr\/wp-json\/wp\/v2\/pages\/8396\/revisions\/8397"}],"up":[{"embeddable":true,"href":"https:\/\/moverdb.com\/tr\/wp-json\/wp\/v2\/pages\/190"}],"wp:attachment":[{"href":"https:\/\/moverdb.com\/tr\/wp-json\/wp\/v2\/media?parent=8396"}],"curies":[{"name":"wp","href":"https:\/\/api.w.org\/{rel}","templated":true}]}}