{"id":8394,"date":"2023-04-27T14:54:05","date_gmt":"2023-04-27T14:54:05","guid":{"rendered":"https:\/\/moverdb.com\/?page_id=8394"},"modified":"2026-01-08T15:24:20","modified_gmt":"2026-01-08T15:24:20","slug":"moving-companies-kazakhstan","status":"publish","type":"page","link":"https:\/\/moverdb.com\/tr\/moving-companies\/moving-companies-kazakhstan\/","title":{"rendered":"Kazakistan'daki En \u0130yi 3 Uluslararas\u0131 Nakliye \u015eirketi"},"content":{"rendered":"<p>Ta\u015f\u0131nmak stresli bir zaman olabilir, ancak bunu azaltmak istiyorsan\u0131z, bir <a href=\"https:\/\/moverdb.com\/tr\/moving-companies\/\" data-internallinksmanager029f6b8e52c=\"79\" title=\"\u00c7evrimi\u00e7i En \u0130yi 25 Uluslararas\u0131 Nakliye \u015eirketi\">ta\u015finma \u015fi\u0307rketi\u0307<\/a>. Ta\u015f\u0131nma i\u015fleminizin organizasyonunu, paketlenmesini ve idaresini \u00fcstlenebilirler. A\u015fa\u011f\u0131da Kazakistan'da faaliyet g\u00f6steren <a href=\"https:\/\/moverdb.com\/tr\/international-removals\/\" data-internallinksmanager029f6b8e52c=\"27\" title=\"36 \u0130ngiltere&#039;deki En \u0130yi Uluslararas\u0131 Nakliye \u015eirketleri\">nakli\u0307ye \u015fi\u0307rketleri\u0307<\/a> \u00fcyesi olan <a href=\"https:\/\/moverdb.com\/tr\/iam\/\" data-internallinksmanager029f6b8e52c=\"23\" title=\"Uluslararas\u0131 Ta\u015f\u0131mac\u0131lar Birli\u011fi (IAM) A\u00e7\u0131klamas\u0131\">Uluslararas\u0131 Ta\u015f\u0131mac\u0131lar Birli\u011fi<\/a> (IAM) ve\/veya <a href=\"https:\/\/moverdb.com\/tr\/fidi-faim\/\" data-internallinksmanager029f6b8e52c=\"16\" title=\"FIDI &amp; FAIM (FIDI Akredite Uluslararas\u0131 Ta\u015f\u0131mac\u0131) A\u00e7\u0131klamas\u0131\">FIDI<\/a> Ta\u015f\u0131nman\u0131zda size yard\u0131mc\u0131 olabilecek Akredite Uluslararas\u0131 Ta\u015f\u0131mac\u0131 (FAIM).<\/p>\n<h2><strong>1. Intermovex<\/strong><\/h2>\n<p><img loading=\"lazy\" decoding=\"async\" class=\"alignnone size-full wp-image-8330\" src=\"https:\/\/moverdb.com\/wp-content\/uploads\/Intermovex-international-moving-company.png\" alt=\"Intermovex uluslararas\u0131 ta\u015f\u0131ma \u015firketi\" width=\"1440\" height=\"680\" data-wp-pid=\"8330\" srcset=\"https:\/\/moverdb.com\/wp-content\/uploads\/Intermovex-international-moving-company.png 1440w, https:\/\/moverdb.com\/wp-content\/uploads\/Intermovex-international-moving-company-300x142.png 300w, https:\/\/moverdb.com\/wp-content\/uploads\/Intermovex-international-moving-company-1024x484.png 1024w, https:\/\/moverdb.com\/wp-content\/uploads\/Intermovex-international-moving-company-18x9.png 18w, https:\/\/moverdb.com\/wp-content\/uploads\/Intermovex-international-moving-company-600x283.png 600w\" sizes=\"auto, (max-width: 1440px) 100vw, 1440px\" \/><\/p>\n<ul>\n<li>Ulusal hamleler<\/li>\n<li>Uluslararas\u0131 ta\u015f\u0131nmalar<\/li>\n<li>Ev ta\u015f\u0131ma<\/li>\n<li>Ofis ta\u015f\u0131nmalar\u0131<\/li>\n<li>Kap\u0131dan kap\u0131ya hizmet<\/li>\n<li>Paketleme hizmeti<\/li>\n<li>G\u00fcmr\u00fck i\u015flemleri<\/li>\n<li>G\u00fczel sanatlar i\u015fleme<\/li>\n<li>Hayvan ve araba ta\u015f\u0131mac\u0131l\u0131\u011f\u0131<\/li>\n<li>K\u0131sa ila uzun s\u00fcreli depolama<\/li>\n<\/ul>\n<p>Intermovex, 2009 y\u0131l\u0131nda kurulmu\u015f, Almat\u0131 ve Astana'da ofisleri bulunan uluslararas\u0131 bir ta\u015f\u0131ma \u015firketidir. Hizmetlerini uluslararas\u0131 alanda sunmalar\u0131na yard\u0131mc\u0131 olmak i\u00e7in yabanc\u0131 ortaklarla birlikte \u00e7al\u0131\u015f\u0131rlar. Intermovex, 14 y\u0131ll\u0131k hizmetiyle IAM \u00fcyesidir.<\/p>\n<p>Intermovex, ta\u015f\u0131nman\u0131z\u0131n t\u00fcm a\u015famalar\u0131nda size destek olacak ki\u015fisel bir y\u00f6netici ile kap\u0131dan kap\u0131ya hizmet sunar. Paketleme hizmetlerinde y\u00fcksek kaliteli paketleme malzemeleri kullan\u0131lmakta, en uygun nakliyeyi se\u00e7menize yard\u0131mc\u0131 olunmakta ve g\u00fcmr\u00fck i\u015flemlerinde yard\u0131mc\u0131 olunmaktad\u0131r. Arabalar\u0131n, sergilerin, hayvanlar\u0131n, k\u00fclt\u00fcrel varl\u0131klar\u0131n ve g\u00fczel sanatlar\u0131n ta\u015f\u0131nmas\u0131n\u0131n yan\u0131 s\u0131ra kargo sigortas\u0131 ve depolama olanaklar\u0131n\u0131 da i\u00e7eren bir dizi ek hizmet sunarlar.<\/p>\n<p>Web sitesi: <a href=\"http:\/\/www.intermovex.kz\" target=\"_blank\" rel=\"noopener\">http:\/\/www.intermovex.kz<\/a><\/p>\n<h2><strong>2. Gosselin<\/strong><\/h2>\n<p><img loading=\"lazy\" decoding=\"async\" class=\"alignnone size-full wp-image-8321\" src=\"https:\/\/moverdb.com\/wp-content\/uploads\/Gosselin-Kazakhstan-international-moving-company.png\" alt=\"Gosselin Kazakistan uluslararas\u0131 nakliye \u015firketi\" width=\"1440\" height=\"680\" data-wp-pid=\"8321\" srcset=\"https:\/\/moverdb.com\/wp-content\/uploads\/Gosselin-Kazakhstan-international-moving-company.png 1440w, https:\/\/moverdb.com\/wp-content\/uploads\/Gosselin-Kazakhstan-international-moving-company-300x142.png 300w, https:\/\/moverdb.com\/wp-content\/uploads\/Gosselin-Kazakhstan-international-moving-company-1024x484.png 1024w, https:\/\/moverdb.com\/wp-content\/uploads\/Gosselin-Kazakhstan-international-moving-company-18x9.png 18w, https:\/\/moverdb.com\/wp-content\/uploads\/Gosselin-Kazakhstan-international-moving-company-600x283.png 600w\" sizes=\"auto, (max-width: 1440px) 100vw, 1440px\" \/><\/p>\n<ul>\n<li>Ulusal hamleler<\/li>\n<li>Uluslararas\u0131 ta\u015f\u0131nmalar<\/li>\n<li>Konut Ta\u015f\u0131malar\u0131<\/li>\n<li>Ofis ta\u015f\u0131ma<\/li>\n<li>Ki\u015fiye \u00f6zel kap\u0131dan kap\u0131ya hizmet<\/li>\n<li>Paketleme hizmeti<\/li>\n<li>Ta\u015f\u0131mac\u0131l\u0131\u011f\u0131n d\u00fczenlenmesi<\/li>\n<li>Evcil hayvan ve ara\u00e7 ta\u015f\u0131mac\u0131l\u0131\u011f\u0131<\/li>\n<li>Sigorta<\/li>\n<li>K\u0131sa ve uzun s\u00fcreli esnek depolama<\/li>\n<\/ul>\n<p>Gosselin, Kazakistan da dahil olmak \u00fczere Avrupa ve Rusya genelinde 34 ofisi bulunan uluslararas\u0131 bir ta\u015f\u0131nma ve yer de\u011fi\u015ftirme \u015firketidir. Uluslararas\u0131 ta\u015f\u0131nmalarda kendilerine yard\u0131mc\u0131 olacak kendi \u015fube ve ortak a\u011f\u0131na sahiptir ve IAM \u00fcyesidir.<\/p>\n<p>Gosselin, h\u0131zl\u0131 bir tahmin ve ard\u0131ndan g\u00fcvenilir bir tahmin sa\u011flamak i\u00e7in \u00e7evrimi\u00e7i bir anket arac\u0131 ile kap\u0131dan kap\u0131ya ta\u015f\u0131ma hizmeti sunar. E\u015fyalar\u0131n\u0131z\u0131 korumak i\u00e7in \u00e7evre dostu ambalaj malzemeleri kullanan profesyonel nakliyecilerle paketleme hizmeti sunarlar ve ayr\u0131ca mobilyalar\u0131 s\u00f6k\u00fcp yeniden monte etme ve ambalaj a\u00e7ma hizmeti de sunarlar. Ayr\u0131ca evcil hayvan ta\u015f\u0131ma, g\u00fczel sanatlar ta\u015f\u0131ma, araba sevkiyat\u0131 ve depolama \u00e7\u00f6z\u00fcmleri gibi ek hizmetler de sunmaktad\u0131rlar.<\/p>\n<p>Web sitesi: <a href=\"http:\/\/www.moving.gosselingroup.eu\" target=\"_blank\" rel=\"noopener\">http:\/\/www.moving.gosselingroup.eu<\/a><\/p>\n<h2><strong>3. Globalink Lojistik<\/strong><\/h2>\n<p><img loading=\"lazy\" decoding=\"async\" class=\"alignnone size-full wp-image-8320\" src=\"https:\/\/moverdb.com\/wp-content\/uploads\/Globalink-Logistics-international-moving-company.png\" alt=\"Globalink Logistics uluslararas\u0131 ta\u015f\u0131ma \u015firketi\" width=\"1440\" height=\"680\" data-wp-pid=\"8320\" srcset=\"https:\/\/moverdb.com\/wp-content\/uploads\/Globalink-Logistics-international-moving-company.png 1440w, https:\/\/moverdb.com\/wp-content\/uploads\/Globalink-Logistics-international-moving-company-300x142.png 300w, https:\/\/moverdb.com\/wp-content\/uploads\/Globalink-Logistics-international-moving-company-1024x484.png 1024w, https:\/\/moverdb.com\/wp-content\/uploads\/Globalink-Logistics-international-moving-company-18x9.png 18w, https:\/\/moverdb.com\/wp-content\/uploads\/Globalink-Logistics-international-moving-company-600x283.png 600w\" sizes=\"auto, (max-width: 1440px) 100vw, 1440px\" \/><\/p>\n<ul>\n<li>Ulusal hamleler<\/li>\n<li>Uluslararas\u0131 ta\u015f\u0131nmalar<\/li>\n<li>Konut Ta\u015f\u0131malar\u0131<\/li>\n<li>Kurumsal ta\u015f\u0131nmalar<\/li>\n<li>Kap\u0131dan kap\u0131ya hizmet<\/li>\n<li>Paketleme hizmeti<\/li>\n<li>Karayolu, demiryolu, denizyolu ve havayolu ta\u015f\u0131mac\u0131l\u0131\u011f\u0131<\/li>\n<li>G\u00fcmr\u00fck komisyonculu\u011fu<\/li>\n<li>Evcil hayvan ta\u015f\u0131ma<\/li>\n<li>Depolama tesisleri<\/li>\n<\/ul>\n<p>Globalink Logistics, ta\u015f\u0131ma hizmetleri sunan Avrupa ve Asya'da uzman bir lojistik \u015firketidir. Almat\u0131, Astana, Atyrau, Aktobe, Oskemen, Uralsk ve \u00c7imkent'te lokasyonlar\u0131 bulunmaktad\u0131r. Uluslararas\u0131 alanda hizmet vermek i\u00e7in 55 \u00fclkede k\u00fcresel bir a\u011fa sahiptirler. IAM'nin 24 y\u0131ll\u0131k bir \u00fcyesidir ve FIDI taraf\u0131ndan akredite edilmi\u015ftir.<\/p>\n<p>Globalink Logistics, fiyat tahmini ile birlikte bir ta\u015f\u0131nma \u00f6ncesi anket ve ta\u015f\u0131nma planlama s\u00fcreci sunar. Evcil hayvan ve ara\u00e7 ta\u015f\u0131mac\u0131l\u0131\u011f\u0131, sigorta ve ta\u015f\u0131nma takibi dahil olmak \u00fczere kap\u0131dan kap\u0131ya ta\u015f\u0131nma hizmeti sunarlar. Karayolu, demiryolu, denizyolu veya havayolu ile y\u00fcksek kaliteli malzemeler kullanarak bir paketleme hizmeti sunarlar ve g\u00fcmr\u00fck komisyonculu\u011fu konusunda destek olurlar.<\/p>\n<p>Web sitesi: <a href=\"https:\/\/globalinklogistics.com\/\" target=\"_blank\" rel=\"noopener\">https:\/\/globalinklogistics.com\/<\/a><\/p>","protected":false},"excerpt":{"rendered":"<p>Moving can be a stressful time but if you want to reduce it, you can employ the services of a moving company. They can take over the organisation, packing and administration of your move. Below we have compiled a list of Kazakhstan based removal companies that are members of the International Association of Movers (IAM) [&hellip;]<\/p>\n","protected":false},"author":4,"featured_media":0,"parent":190,"menu_order":0,"comment_status":"closed","ping_status":"closed","template":"","meta":{"_genesis_hide_title":false,"_genesis_hide_breadcrumbs":false,"_genesis_hide_singular_image":false,"_genesis_hide_footer_widgets":false,"_genesis_custom_body_class":"","_genesis_custom_post_class":"","_genesis_layout":"","footnotes":""},"class_list":{"0":"post-8394","1":"page","2":"type-page","3":"status-publish","5":"entry","6":"has-post-thumbnail"},"_links":{"self":[{"href":"https:\/\/moverdb.com\/tr\/wp-json\/wp\/v2\/pages\/8394","targetHints":{"allow":["GET"]}}],"collection":[{"href":"https:\/\/moverdb.com\/tr\/wp-json\/wp\/v2\/pages"}],"about":[{"href":"https:\/\/moverdb.com\/tr\/wp-json\/wp\/v2\/types\/page"}],"author":[{"embeddable":true,"href":"https:\/\/moverdb.com\/tr\/wp-json\/wp\/v2\/users\/4"}],"replies":[{"embeddable":true,"href":"https:\/\/moverdb.com\/tr\/wp-json\/wp\/v2\/comments?post=8394"}],"version-history":[{"count":1,"href":"https:\/\/moverdb.com\/tr\/wp-json\/wp\/v2\/pages\/8394\/revisions"}],"predecessor-version":[{"id":8395,"href":"https:\/\/moverdb.com\/tr\/wp-json\/wp\/v2\/pages\/8394\/revisions\/8395"}],"up":[{"embeddable":true,"href":"https:\/\/moverdb.com\/tr\/wp-json\/wp\/v2\/pages\/190"}],"wp:attachment":[{"href":"https:\/\/moverdb.com\/tr\/wp-json\/wp\/v2\/media?parent=8394"}],"curies":[{"name":"wp","href":"https:\/\/api.w.org\/{rel}","templated":true}]}}