{"id":7781,"date":"2023-04-27T14:57:02","date_gmt":"2023-04-27T14:57:02","guid":{"rendered":"https:\/\/moverdb.com\/?page_id=7781"},"modified":"2026-01-08T15:23:46","modified_gmt":"2026-01-08T15:23:46","slug":"moving-companies-jamaica","status":"publish","type":"page","link":"https:\/\/moverdb.com\/tr\/moving-companies\/moving-companies-jamaica\/","title":{"rendered":"Jamaika'daki En \u0130yi 2 Uluslararas\u0131 Nakliye \u015eirketi"},"content":{"rendered":"<p>Evinizi veya i\u015f yerinizi ta\u015f\u0131mak zor olabilir ve \u00f6zellikle yurtd\u0131\u015f\u0131na ta\u015f\u0131nmay\u0131 planl\u0131yorsan\u0131z b\u00fcy\u00fck bir bask\u0131 yaratabilir. <a href=\"https:\/\/moverdb.com\/tr\/moving-companies\/\" data-internallinksmanager029f6b8e52c=\"79\" title=\"\u00c7evrimi\u00e7i En \u0130yi 25 Uluslararas\u0131 Nakliye \u015eirketi\">ta\u015finma \u015fi\u0307rketi\u0307<\/a> size ger\u00e7ekten yard\u0131mc\u0131 olabilir. A\u015fa\u011f\u0131da Jamaikal\u0131lar\u0131n bir listesini derledik <a href=\"https:\/\/moverdb.com\/tr\/international-removals\/\" data-internallinksmanager029f6b8e52c=\"27\" title=\"36 \u0130ngiltere&#039;deki En \u0130yi Uluslararas\u0131 Nakliye \u015eirketleri\">nakli\u0307ye \u015fi\u0307rketleri\u0307<\/a> \u00fcyesi olan <a href=\"https:\/\/moverdb.com\/tr\/iam\/\" data-internallinksmanager029f6b8e52c=\"23\" title=\"Uluslararas\u0131 Ta\u015f\u0131mac\u0131lar Birli\u011fi (IAM) A\u00e7\u0131klamas\u0131\">Uluslararas\u0131 Ta\u015f\u0131mac\u0131lar Birli\u011fi<\/a> (IAM) ve\/veya <a href=\"https:\/\/moverdb.com\/tr\/fidi-faim\/\" data-internallinksmanager029f6b8e52c=\"16\" title=\"FIDI &amp; FAIM (FIDI Akredite Uluslararas\u0131 Ta\u015f\u0131mac\u0131) A\u00e7\u0131klamas\u0131\">FIDI<\/a> Ta\u015f\u0131nman\u0131zda size yard\u0131mc\u0131 olabilecek Akredite Uluslararas\u0131 Ta\u015f\u0131mac\u0131 (FAIM).<\/p>\n<h2><strong>1. Aero Uluslararas\u0131 Nakliye<\/strong><\/h2>\n<p><img loading=\"lazy\" decoding=\"async\" class=\"alignnone size-full wp-image-7656\" src=\"https:\/\/moverdb.com\/wp-content\/uploads\/Aero-International-Shipping-moving-company.png\" alt=\"Aero Uluslararas\u0131 Nakliye ta\u015f\u0131ma \u015firketi\" width=\"1440\" height=\"686\" data-wp-pid=\"7656\" srcset=\"https:\/\/moverdb.com\/wp-content\/uploads\/Aero-International-Shipping-moving-company.png 1440w, https:\/\/moverdb.com\/wp-content\/uploads\/Aero-International-Shipping-moving-company-300x143.png 300w, https:\/\/moverdb.com\/wp-content\/uploads\/Aero-International-Shipping-moving-company-1024x488.png 1024w, https:\/\/moverdb.com\/wp-content\/uploads\/Aero-International-Shipping-moving-company-18x9.png 18w, https:\/\/moverdb.com\/wp-content\/uploads\/Aero-International-Shipping-moving-company-600x286.png 600w\" sizes=\"auto, (max-width: 1440px) 100vw, 1440px\" \/><\/p>\n<ul>\n<li><a href=\"https:\/\/moverdb.com\/tr\/container-shipping\/\" data-internallinksmanager029f6b8e52c=\"3\" title=\"Uluslararas\u0131 Konteyner Nakliye Fiyatlar\u0131 Tablosu: Nisan 2026\">Uluslararas\u0131 nakliye<\/a><\/li>\n<li>Ev nakliyesi<\/li>\n<li>Ticari nakliye<\/li>\n<li>\u00d6zel Projeler<\/li>\n<li>\u0130hracat ambalaj\u0131<\/li>\n<li>Kara, hava ve deniz ta\u015f\u0131mac\u0131l\u0131\u011f\u0131<\/li>\n<li>Konsolidasyon se\u00e7enekleri<\/li>\n<li>\u00d6zel bo\u015fluk<\/li>\n<li>Sigorta kapsam\u0131<\/li>\n<li>Depolama tesisleri<\/li>\n<\/ul>\n<p>Aero International Shipping, ev e\u015fyalar\u0131n\u0131n ta\u015f\u0131nmas\u0131n\u0131 da i\u00e7eren bir uluslararas\u0131 ta\u015f\u0131mac\u0131l\u0131k ve lojistik \u015firketidir. 1974 y\u0131l\u0131nda kurulmu\u015ftur ve merkezi Kingston'dad\u0131r. D\u00fcnya \u00e7ap\u0131nda hizmet sunmak i\u00e7in uluslararas\u0131 bir acente a\u011f\u0131 ile \u00e7al\u0131\u015fmaktad\u0131rlar. \u015eirket 49 y\u0131ll\u0131k hizmetiyle IAM \u00fcyesidir.<\/p>\n<p>Aero International Shipping k\u00fc\u00e7\u00fck ve b\u00fcy\u00fck \u00f6l\u00e7ekli ta\u015f\u0131mac\u0131l\u0131k hizmetleri sunmaktad\u0131r. E\u015fyalar\u0131n\u0131z\u0131n nakliye i\u00e7in g\u00fcvenli bir \u015fekilde paketlenmesini sa\u011flamak i\u00e7in ihracat paketlemesi konusunda destek sa\u011flarlar. \u00d6zenle se\u00e7ilmi\u015f g\u00fczergahlar, g\u00fcmr\u00fckleme ve sigorta teminat\u0131 ile kara, hava ve deniz yoluyla nakliye ayarlayacaklard\u0131r. Maliyetleri d\u00fc\u015f\u00fcrmek i\u00e7in hava ve deniz ta\u015f\u0131mac\u0131l\u0131\u011f\u0131 i\u00e7in konsolidasyon se\u00e7enekleri sunarlar.<\/p>\n<p>Web sitesi: <a href=\"http:\/\/www.aerointel.com\/\" target=\"_blank\" rel=\"noopener\">http:\/\/www.aerointel.com\/<\/a><\/p>\n<h2><strong>2. B.L. Williams<\/strong><\/h2>\n<p><img loading=\"lazy\" decoding=\"async\" class=\"alignnone size-full wp-image-7675\" src=\"https:\/\/moverdb.com\/wp-content\/uploads\/Bliss-Moving-international-moving-company.png\" alt=\"BL Williams uluslararas\u0131 nakliye \u015firketi\" width=\"1440\" height=\"684\" data-wp-pid=\"7675\" srcset=\"https:\/\/moverdb.com\/wp-content\/uploads\/Bliss-Moving-international-moving-company.png 1440w, https:\/\/moverdb.com\/wp-content\/uploads\/Bliss-Moving-international-moving-company-300x143.png 300w, https:\/\/moverdb.com\/wp-content\/uploads\/Bliss-Moving-international-moving-company-1024x486.png 1024w, https:\/\/moverdb.com\/wp-content\/uploads\/Bliss-Moving-international-moving-company-18x9.png 18w, https:\/\/moverdb.com\/wp-content\/uploads\/Bliss-Moving-international-moving-company-600x285.png 600w\" sizes=\"auto, (max-width: 1440px) 100vw, 1440px\" \/><\/p>\n<ul>\n<li>Ulusal hamleler<\/li>\n<li>Uluslararas\u0131 ta\u015f\u0131nmalar<\/li>\n<li>Hanehalk\u0131n\u0131n ta\u015f\u0131nmas\u0131<\/li>\n<li>Kap\u0131dan kap\u0131ya hizmet<\/li>\n<li>Paketleme hizmeti<\/li>\n<li>Deniz ve hava ta\u015f\u0131mac\u0131l\u0131\u011f\u0131<\/li>\n<li>\u0130hracat ve ithalat hizmetleri<\/li>\n<li>Men\u015fe ve var\u0131\u015f yeri hizmetleri<\/li>\n<li>Transit sigortas\u0131<\/li>\n<li>Depolama tesisleri<\/li>\n<\/ul>\n<p>B.L. Williams bir <a href=\"https:\/\/moverdb.com\/tr\/freight-forwarder\/\" data-internallinksmanager029f6b8e52c=\"17\" title=\"Freight Forwarder &amp; NVOCC Uluslararas\u0131 Maliyet ve \u015eirketler Rehberi\">navlun nakli\u0307yeci\u0307si\u0307<\/a> 1924'te kurulan ve merkezi Kingston'da bulunan uluslararas\u0131 nakliyeci. D\u00fcnyan\u0131n d\u00f6rt bir yan\u0131nda konumlanm\u0131\u015f yerel acentelerden olu\u015fan bir a\u011f taraf\u0131ndan desteklenmektedirler. IAM \u00fcyesidir ve 34 y\u0131ld\u0131r hizmet vermektedir.<\/p>\n<p>B.L. Williams, ihtiya\u00e7lar\u0131n\u0131z\u0131 belirlemek ve bir fiyat teklifi vermek i\u00e7in bir \u00f6n ara\u015ft\u0131rma sa\u011flar. Kap\u0131dan kap\u0131ya hizmet ile ta\u015f\u0131nman\u0131z boyunca size destek olacak \u00f6zel personel sa\u011flarlar. E\u015fyalar\u0131n\u0131z\u0131 korumak ve sand\u0131klamak i\u00e7in \u00e7e\u015fitli malzemeler kullanan bir paketleme hizmeti sunarlar. T\u00fcm ihracat ve ithalat hizmetlerini i\u00e7eren deniz ve hava ta\u015f\u0131mac\u0131l\u0131\u011f\u0131 ile nakliye ayarlayacaklard\u0131r.<\/p>\n<p>Web sitesi: <a href=\"http:\/\/www.blwilliams.com\/\" target=\"_blank\" rel=\"noopener\">http:\/\/www.blwilliams.com\/<\/a><\/p>","protected":false},"excerpt":{"rendered":"<p>Moving your home or business can be difficult and add a lot of pressure especially if you are planning a move abroad, so employing a moving company can really assist you. Below we have compiled a list of Jamaican removal companies that are members of the International Association of Movers (IAM) and\/or FIDI Accredited International [&hellip;]<\/p>\n","protected":false},"author":4,"featured_media":0,"parent":190,"menu_order":0,"comment_status":"closed","ping_status":"closed","template":"","meta":{"_genesis_hide_title":false,"_genesis_hide_breadcrumbs":false,"_genesis_hide_singular_image":false,"_genesis_hide_footer_widgets":false,"_genesis_custom_body_class":"","_genesis_custom_post_class":"","_genesis_layout":"","footnotes":""},"class_list":{"0":"post-7781","1":"page","2":"type-page","3":"status-publish","5":"entry","6":"has-post-thumbnail"},"_links":{"self":[{"href":"https:\/\/moverdb.com\/tr\/wp-json\/wp\/v2\/pages\/7781","targetHints":{"allow":["GET"]}}],"collection":[{"href":"https:\/\/moverdb.com\/tr\/wp-json\/wp\/v2\/pages"}],"about":[{"href":"https:\/\/moverdb.com\/tr\/wp-json\/wp\/v2\/types\/page"}],"author":[{"embeddable":true,"href":"https:\/\/moverdb.com\/tr\/wp-json\/wp\/v2\/users\/4"}],"replies":[{"embeddable":true,"href":"https:\/\/moverdb.com\/tr\/wp-json\/wp\/v2\/comments?post=7781"}],"version-history":[{"count":1,"href":"https:\/\/moverdb.com\/tr\/wp-json\/wp\/v2\/pages\/7781\/revisions"}],"predecessor-version":[{"id":7782,"href":"https:\/\/moverdb.com\/tr\/wp-json\/wp\/v2\/pages\/7781\/revisions\/7782"}],"up":[{"embeddable":true,"href":"https:\/\/moverdb.com\/tr\/wp-json\/wp\/v2\/pages\/190"}],"wp:attachment":[{"href":"https:\/\/moverdb.com\/tr\/wp-json\/wp\/v2\/media?parent=7781"}],"curies":[{"name":"wp","href":"https:\/\/api.w.org\/{rel}","templated":true}]}}