{"id":7779,"date":"2023-04-27T14:57:32","date_gmt":"2023-04-27T14:57:32","guid":{"rendered":"https:\/\/moverdb.com\/?page_id=7779"},"modified":"2026-01-08T15:29:20","modified_gmt":"2026-01-08T15:29:20","slug":"moving-companies-israel","status":"publish","type":"page","link":"https:\/\/moverdb.com\/tr\/moving-companies\/moving-companies-israel\/","title":{"rendered":"\u0130srail'deki En \u0130yi 6 Uluslararas\u0131 Nakliye \u015eirketi"},"content":{"rendered":"<p>Evinizi veya i\u015f yerinizi ta\u015f\u0131mak stresli olabilir, bu nedenle bir <a href=\"https:\/\/moverdb.com\/tr\/moving-companies\/\" data-internallinksmanager029f6b8e52c=\"79\" title=\"\u00c7evrimi\u00e7i En \u0130yi 25 Uluslararas\u0131 Nakliye \u015eirketi\">ta\u015finma \u015fi\u0307rketi\u0307<\/a> i\u015f y\u00fck\u00fcn\u00fc azaltabilir ve ta\u015f\u0131nmay\u0131 kolayla\u015ft\u0131rabilir. Bu nedenle a\u015fa\u011f\u0131da bir liste derledik <a href=\"https:\/\/moverdb.com\/tr\/moving-to-israel\/\" data-internallinksmanager029f6b8e52c=\"333\" title=\"\u0130srail&#039;e mi ta\u015f\u0131n\u0131yorsunuz? 2026 Ya\u015fam Maliyetleri ve Yer De\u011fi\u015ftirme \u0130pu\u00e7lar\u0131\">\u0130srail<\/a> temelli <a href=\"https:\/\/moverdb.com\/tr\/international-removals\/\" data-internallinksmanager029f6b8e52c=\"27\" title=\"36 \u0130ngiltere&#039;deki En \u0130yi Uluslararas\u0131 Nakliye \u015eirketleri\">nakli\u0307ye \u015fi\u0307rketleri\u0307<\/a> \u00fcyesi olan <a href=\"https:\/\/moverdb.com\/tr\/iam\/\" data-internallinksmanager029f6b8e52c=\"23\" title=\"Uluslararas\u0131 Ta\u015f\u0131mac\u0131lar Birli\u011fi (IAM) A\u00e7\u0131klamas\u0131\">Uluslararas\u0131 Ta\u015f\u0131mac\u0131lar Birli\u011fi<\/a> (IAM) ve\/veya <a href=\"https:\/\/moverdb.com\/tr\/fidi-faim\/\" data-internallinksmanager029f6b8e52c=\"16\" title=\"FIDI &amp; FAIM (FIDI Akredite Uluslararas\u0131 Ta\u015f\u0131mac\u0131) A\u00e7\u0131klamas\u0131\">FIDI<\/a> \u0130srail'e, \u0130srail'den veya \u0130srail i\u00e7inde ta\u015f\u0131nman\u0131zda size yard\u0131mc\u0131 olabilecek Akredite Uluslararas\u0131 Ta\u015f\u0131mac\u0131 (FAIM).<\/p>\n<div id=\"ez-toc-container\" class=\"ez-toc-v2_0_82_2 ez-toc-wrap-left counter-hierarchy ez-toc-counter ez-toc-transparent ez-toc-container-direction\">\n<div class=\"ez-toc-title-container\">\n<p class=\"ez-toc-title\" style=\"cursor:inherit\">B\u00f6l\u00fcmler<\/p>\n<span class=\"ez-toc-title-toggle\"><a href=\"#\" class=\"ez-toc-pull-right ez-toc-btn ez-toc-btn-xs ez-toc-btn-default ez-toc-toggle\" aria-label=\"\u0130\u00e7indekiler Tablosunu A\u00e7\/Kapat\"><span class=\"ez-toc-js-icon-con\"><span class=\"\"><span class=\"eztoc-hide\" style=\"display:none;\">Ge\u00e7i\u015f<\/span><span class=\"ez-toc-icon-toggle-span\"><svg style=\"fill: #999;color:#999\" xmlns=\"http:\/\/www.w3.org\/2000\/svg\" class=\"list-377408\" width=\"20px\" height=\"20px\" viewbox=\"0 0 24 24\" fill=\"none\"><path d=\"M6 6H4v2h2V6zm14 0H8v2h12V6zM4 11h2v2H4v-2zm16 0H8v2h12v-2zM4 16h2v2H4v-2zm16 0H8v2h12v-2z\" fill=\"currentColor\"><\/path><\/svg><svg style=\"fill: #999;color:#999\" class=\"arrow-unsorted-368013\" xmlns=\"http:\/\/www.w3.org\/2000\/svg\" width=\"10px\" height=\"10px\" viewbox=\"0 0 24 24\" version=\"1.2\" baseprofile=\"tiny\"><path d=\"M18.2 9.3l-6.2-6.3-6.2 6.3c-.2.2-.3.4-.3.7s.1.5.3.7c.2.2.4.3.7.3h11c.3 0 .5-.1.7-.3.2-.2.3-.5.3-.7s-.1-.5-.3-.7zM5.8 14.7l6.2 6.3 6.2-6.3c.2-.2.3-.5.3-.7s-.1-.5-.3-.7c-.2-.2-.4-.3-.7-.3h-11c-.3 0-.5.1-.7.3-.2.2-.3.5-.3.7s.1.5.3.7z\"\/><\/svg><\/span><\/span><\/span><\/a><\/span><\/div>\n<nav><ul class='ez-toc-list ez-toc-list-level-1 eztoc-toggle-hide-by-default' ><li class='ez-toc-page-1 ez-toc-heading-level-2'><a class=\"ez-toc-link ez-toc-heading-1\" href=\"https:\/\/moverdb.com\/tr\/moving-companies\/moving-companies-israel\/#1_Globus_Relocation\" >1. Globus Yer De\u011fi\u015ftirme<\/a><\/li><li class='ez-toc-page-1 ez-toc-heading-level-2'><a class=\"ez-toc-link ez-toc-heading-2\" href=\"https:\/\/moverdb.com\/tr\/moving-companies\/moving-companies-israel\/#2_Infinity_Pack_Ship\" >2. Infinity Paket &amp; Gemi<\/a><\/li><li class='ez-toc-page-1 ez-toc-heading-level-2'><a class=\"ez-toc-link ez-toc-heading-3\" href=\"https:\/\/moverdb.com\/tr\/moving-companies\/moving-companies-israel\/#3_Ocean\" >3. Okyanus<\/a><\/li><li class='ez-toc-page-1 ez-toc-heading-level-2'><a class=\"ez-toc-link ez-toc-heading-4\" href=\"https:\/\/moverdb.com\/tr\/moving-companies\/moving-companies-israel\/#4_Sonigo\" >4. Sonigo<\/a><\/li><li class='ez-toc-page-1 ez-toc-heading-level-2'><a class=\"ez-toc-link ez-toc-heading-5\" href=\"https:\/\/moverdb.com\/tr\/moving-companies\/moving-companies-israel\/#5_A_Univers_Transit\" >5. A. Evrensel Transit<\/a><\/li><li class='ez-toc-page-1 ez-toc-heading-level-2'><a class=\"ez-toc-link ez-toc-heading-6\" href=\"https:\/\/moverdb.com\/tr\/moving-companies\/moving-companies-israel\/#6_Teamnet\" >6. Teamnet<\/a><\/li><li class='ez-toc-page-1 ez-toc-heading-level-2'><a class=\"ez-toc-link ez-toc-heading-7\" href=\"https:\/\/moverdb.com\/tr\/moving-companies\/moving-companies-israel\/#Other_Useful_Guides_to_Israel\" >\u0130srail i\u00e7in Di\u011fer Faydal\u0131 Rehberler<\/a><\/li><\/ul><\/nav><\/div>\n<h2><span class=\"ez-toc-section\" id=\"1_Globus_Relocation\"><\/span><strong>1. Globus Yer De\u011fi\u015ftirme<\/strong><span class=\"ez-toc-section-end\"><\/span><\/h2>\n<p><img loading=\"lazy\" decoding=\"async\" class=\"alignnone size-full wp-image-7699\" src=\"https:\/\/moverdb.com\/wp-content\/uploads\/Globus-Relocation-international-moving-company.png\" alt=\"Globus Relocation uluslararas\u0131 ta\u015f\u0131ma \u015firketi\" width=\"1440\" height=\"681\" data-wp-pid=\"7699\" srcset=\"https:\/\/moverdb.com\/wp-content\/uploads\/Globus-Relocation-international-moving-company.png 1440w, https:\/\/moverdb.com\/wp-content\/uploads\/Globus-Relocation-international-moving-company-300x142.png 300w, https:\/\/moverdb.com\/wp-content\/uploads\/Globus-Relocation-international-moving-company-1024x484.png 1024w, https:\/\/moverdb.com\/wp-content\/uploads\/Globus-Relocation-international-moving-company-18x9.png 18w, https:\/\/moverdb.com\/wp-content\/uploads\/Globus-Relocation-international-moving-company-600x284.png 600w\" sizes=\"auto, (max-width: 1440px) 100vw, 1440px\" \/><\/p>\n<ul>\n<li>Uluslararas\u0131 ta\u015f\u0131nmalar<\/li>\n<li>Ki\u015fisel hareketler<\/li>\n<li>Ticari hamleler<\/li>\n<li>Yer de\u011fi\u015ftirme hizmetleri<\/li>\n<li>Kap\u0131dan kap\u0131ya hizmet<\/li>\n<li>Paketleme yard\u0131m\u0131<\/li>\n<li>Geli\u015fmi\u015f ve \u00f6zel ambalaj malzemeleri<\/li>\n<li>Kara, deniz ve hava ta\u015f\u0131mac\u0131l\u0131\u011f\u0131<\/li>\n<li>Sigorta<\/li>\n<li>G\u00fcvenli depolama<\/li>\n<\/ul>\n<p>Globus Relocation uluslararas\u0131 bir paketleme ve <a href=\"https:\/\/moverdb.com\/tr\/shipping-companies\/\" data-internallinksmanager029f6b8e52c=\"4\" title=\"En \u0130yi 10 Uluslararas\u0131 Konteyner Nakliye \u015eirketi\">nakli\u0307ye \u015fi\u0307rketi\u0307<\/a> 2014 y\u0131l\u0131nda kurulmu\u015f ve Ashdod'da yerle\u015fiktir. IAM \u00fcyesidirler ve FIDI taraf\u0131ndan akredite edilmi\u015flerdir. Bu \u00fcyelikler veya akreditasyonlar onlara uluslararas\u0131 bir acente a\u011f\u0131na eri\u015fim sa\u011flamaktad\u0131r.<\/p>\n<p>Globus Relocation, ta\u015f\u0131nma s\u00fcreciniz boyunca size destek olmak \u00fczere uzmanlar\u0131ndan birini g\u00f6revlendirir. Geli\u015fmi\u015f paketleme malzemeleri ve t\u00fcm e\u015fyalara uygun \u00f6zel paketleme \u00e7\u00f6z\u00fcmleri sunan kap\u0131dan kap\u0131ya bir hizmet sa\u011flarlar. E\u015fyalar\u0131n\u0131z\u0131n kara, deniz veya hava yoluyla ta\u015f\u0131nmas\u0131n\u0131 ayarlarlar. \u00c7al\u0131\u015fma vizeleri, ev ve okul aramalar\u0131, mobilya kiralama, var\u0131\u015f hizmetleri ve hizmet\u00e7i hizmeti gibi ek ta\u015f\u0131nma hizmetleri sunarlar.<\/p>\n<p>Web sitesi: <a href=\"http:\/\/www.globus-relocation.com\" target=\"_blank\" rel=\"noopener\">http:\/\/www.globus-relocation.com<\/a><\/p>\n<h2><span class=\"ez-toc-section\" id=\"2_Infinity_Pack_Ship\"><\/span><strong>2. Infinity Paket &amp; Gemi<\/strong><span class=\"ez-toc-section-end\"><\/span><\/h2>\n<p><img loading=\"lazy\" decoding=\"async\" class=\"alignnone size-full wp-image-7707\" src=\"https:\/\/moverdb.com\/wp-content\/uploads\/Infinity-Pack-Ship-international-moving-company.png\" alt=\"Infinity Pack &amp; Ship uluslararas\u0131 ta\u015f\u0131ma \u015firketi\" width=\"1440\" height=\"680\" data-wp-pid=\"7707\" srcset=\"https:\/\/moverdb.com\/wp-content\/uploads\/Infinity-Pack-Ship-international-moving-company.png 1440w, https:\/\/moverdb.com\/wp-content\/uploads\/Infinity-Pack-Ship-international-moving-company-300x142.png 300w, https:\/\/moverdb.com\/wp-content\/uploads\/Infinity-Pack-Ship-international-moving-company-1024x484.png 1024w, https:\/\/moverdb.com\/wp-content\/uploads\/Infinity-Pack-Ship-international-moving-company-18x9.png 18w, https:\/\/moverdb.com\/wp-content\/uploads\/Infinity-Pack-Ship-international-moving-company-600x283.png 600w\" sizes=\"auto, (max-width: 1440px) 100vw, 1440px\" \/><\/p>\n<ul>\n<li>Ulusal hamleler<\/li>\n<li>Uluslararas\u0131 ta\u015f\u0131nmalar<\/li>\n<li>Konut Ta\u015f\u0131malar\u0131<\/li>\n<li>Ticari sevkiyatlar<\/li>\n<li>Kap\u0131dan kap\u0131ya veya kap\u0131dan<a href=\"https:\/\/moverdb.com\/tr\/top-49-container-ports\/\" data-internallinksmanager029f6b8e52c=\"80\" title=\"2025 Y\u0131l\u0131nda En B\u00fcy\u00fck ve En Yo\u011fun 49 Konteyner Liman\u0131\">Liman<\/a> hizmet<\/li>\n<li>Paketleme yard\u0131m\u0131<\/li>\n<li>Karayolu, denizyolu ve havayolu hizmetleri<\/li>\n<li>G\u00fcmr\u00fck i\u015flemleri<\/li>\n<li>Sigorta<\/li>\n<li>K\u0131sa ila uzun s\u00fcreli depolama<\/li>\n<\/ul>\n<p>Infinity Pack &amp; Ship 2005 y\u0131l\u0131nda Kud\u00fcs'te kurulmu\u015f bir ta\u015f\u0131nma ve lojistik \u015firketidir. Hizmetlerini sunmak i\u00e7in uluslararas\u0131 bir ta\u015f\u0131ma ve lojistik \u015firketleri a\u011f\u0131 ile \u00e7al\u0131\u015fmaktad\u0131rlar. \u015eirket 16 y\u0131ll\u0131k hizmetiyle IAM \u00fcyesidir.<\/p>\n<p>Infinity Pack &amp; Ship \u00fccretsiz bir ev i\u00e7i anket sunar ve g\u00fcmr\u00fck i\u015flemleri de dahil olmak \u00fczere ta\u015f\u0131nman\u0131z i\u00e7in t\u00fcm evrak i\u015flerini halleder. E\u015fyalar\u0131n\u0131z\u0131 g\u00fcvenli bir \u015fekilde paketlemek i\u00e7in profesyonel bir paketleme ekibi sa\u011flarlar. Kapal\u0131 hava yast\u0131klar\u0131, r\u00f6morklar ve so\u011futma gibi karayolu ta\u015f\u0131mac\u0131l\u0131\u011f\u0131, hava ta\u015f\u0131mac\u0131l\u0131\u011f\u0131 ve tam veya konteynerden daha az y\u00fckler gibi deniz ta\u015f\u0131mac\u0131l\u0131\u011f\u0131 dahil olmak \u00fczere \u00e7e\u015fitli nakliye se\u00e7enekleri sunarlar.<\/p>\n<p>Web sitesi: <a href=\"http:\/\/infinitypack.co.il\" target=\"_blank\" rel=\"noopener\">http:\/\/infinitypack.co.il<\/a><\/p>\n<h2><span class=\"ez-toc-section\" id=\"3_Ocean\"><\/span><strong>3. <\/strong><strong>Okyanus<\/strong><span class=\"ez-toc-section-end\"><\/span><\/h2>\n<p><img loading=\"lazy\" decoding=\"async\" class=\"alignnone size-full wp-image-7731\" src=\"https:\/\/moverdb.com\/wp-content\/uploads\/Ocean-international-moving-company.png\" alt=\"Ocean uluslararas\u0131 nakliye \u015firketi\" width=\"1440\" height=\"682\" data-wp-pid=\"7731\" srcset=\"https:\/\/moverdb.com\/wp-content\/uploads\/Ocean-international-moving-company.png 1440w, https:\/\/moverdb.com\/wp-content\/uploads\/Ocean-international-moving-company-300x142.png 300w, https:\/\/moverdb.com\/wp-content\/uploads\/Ocean-international-moving-company-1024x485.png 1024w, https:\/\/moverdb.com\/wp-content\/uploads\/Ocean-international-moving-company-18x9.png 18w, https:\/\/moverdb.com\/wp-content\/uploads\/Ocean-international-moving-company-600x284.png 600w\" sizes=\"auto, (max-width: 1440px) 100vw, 1440px\" \/><\/p>\n<ul>\n<li>Uluslararas\u0131 ta\u015f\u0131nmalar<\/li>\n<li>Ev ta\u015f\u0131ma<\/li>\n<li>Yer de\u011fi\u015ftirme hizmetleri<\/li>\n<li>Size destek olacak m\u00fc\u015fteri y\u00f6neticisi<\/li>\n<li>Paketleme hizmeti<\/li>\n<li>Kara, deniz ve hava ta\u015f\u0131mac\u0131l\u0131\u011f\u0131<\/li>\n<li>G\u00fcmr\u00fck i\u015flemleri<\/li>\n<li>Sevkiyat takibi<\/li>\n<li>FIDI taraf\u0131ndan akredite edilmi\u015ftir<\/li>\n<li>K\u00fcresel depolama hizmetleri<\/li>\n<\/ul>\n<p>Ocean, merkezi Kibbutz Yakum'da bulunan bir ta\u015f\u0131nma ve yer de\u011fi\u015ftirme \u015firketidir. Uluslararas\u0131 ta\u015f\u0131nma ve yer de\u011fi\u015ftirme hizmetleri sa\u011flamak i\u00e7in uluslararas\u0131 ortaklarla birlikte \u00e7al\u0131\u015f\u0131rlar. \u015eirket 79 y\u0131ll\u0131k hizmetiyle IAM \u00fcyesidir ve FIDI taraf\u0131ndan akredite edilmi\u015ftir.<\/p>\n<p>Ocean, ta\u015f\u0131nman\u0131z boyunca size destek olmas\u0131 ve bir nakliye plan\u0131 olu\u015fturmas\u0131 i\u00e7in bir ta\u015f\u0131nma y\u00f6neticisi sa\u011flar. \u0130htiya\u00e7lar\u0131n\u0131z\u0131 de\u011ferlendirmek ve nelerin hava, deniz veya bagajla ta\u015f\u0131nmas\u0131 gerekti\u011fine dair bir plan olu\u015fturmak i\u00e7in bir ekspertiz sa\u011flarlar. Ta\u015f\u0131nma hizmetleri aras\u0131nda ev ve okul bulma, al\u0131\u015fma hizmetleri, ge\u00e7ici konut, mobilya kiralama, \u00e7al\u0131\u015fma vizesi, dil \u00f6\u011frenme ve depolama \u00e7\u00f6z\u00fcmleri yer almaktad\u0131r.<\/p>\n<p>Web sitesi: <a href=\"http:\/\/www.ocean-il.co.il\" target=\"_blank\" rel=\"noopener\">http:\/\/www.ocean-il.co.il<\/a><\/p>\n<h2><span class=\"ez-toc-section\" id=\"4_Sonigo\"><\/span><strong>4. Sonigo<\/strong><span class=\"ez-toc-section-end\"><\/span><\/h2>\n<p><img loading=\"lazy\" decoding=\"async\" class=\"alignnone size-full wp-image-7750\" src=\"https:\/\/moverdb.com\/wp-content\/uploads\/Sonigo-international-moving-company.png\" alt=\"Sonigo uluslararas\u0131 nakliye \u015firketi\" width=\"1440\" height=\"679\" data-wp-pid=\"7750\" srcset=\"https:\/\/moverdb.com\/wp-content\/uploads\/Sonigo-international-moving-company.png 1440w, https:\/\/moverdb.com\/wp-content\/uploads\/Sonigo-international-moving-company-300x141.png 300w, https:\/\/moverdb.com\/wp-content\/uploads\/Sonigo-international-moving-company-1024x483.png 1024w, https:\/\/moverdb.com\/wp-content\/uploads\/Sonigo-international-moving-company-18x8.png 18w, https:\/\/moverdb.com\/wp-content\/uploads\/Sonigo-international-moving-company-600x283.png 600w\" sizes=\"auto, (max-width: 1440px) 100vw, 1440px\" \/><\/p>\n<ul>\n<li>Yerel ve ulusal hamleler<\/li>\n<li>Uluslararas\u0131 ta\u015f\u0131nmalar ve yer de\u011fi\u015ftirmeler<\/li>\n<li>Ev ta\u015f\u0131ma<\/li>\n<li>Ticari hamleler<\/li>\n<li>Kap\u0131dan kap\u0131ya hizmet<\/li>\n<li>Paketleme hizmeti<\/li>\n<li>G\u00fcmr\u00fck i\u015flemleri<\/li>\n<li>G\u00fczel sanatlar i\u015fleme<\/li>\n<li>Sigorta<\/li>\n<li>K\u0131sa ve uzun s\u00fcreli depolama<\/li>\n<\/ul>\n<p>Sonigo bir <a href=\"https:\/\/moverdb.com\/tr\/container-shipping\/\" data-internallinksmanager029f6b8e52c=\"3\" title=\"Uluslararas\u0131 Konteyner Nakliye Fiyatlar\u0131 Tablosu: Nisan 2026\">uluslararasi g\u00f6nderi\u0307m<\/a> Gan Yavne merkezli \u015firket 1986 y\u0131l\u0131ndan beri faaliyet g\u00f6stermekte olup evsel ve ticari paketleme ve nakliye hizmetleri sunmaktad\u0131r. Kendilerini desteklemek i\u00e7in \u00f6zenle se\u00e7ilmi\u015f uluslararas\u0131 nakliye acentelerinden olu\u015fan k\u00fcresel bir a\u011fa sahiptirler. \u015eirket 36 y\u0131ll\u0131k hizmetiyle IAM \u00fcyesidir ve FIDI taraf\u0131ndan akredite edilmi\u015ftir.<\/p>\n<p>Sonigo, gereksinimleri de\u011ferlendirmek ve bir fiyat teklifi sunmak i\u00e7in ev i\u00e7i bir anketle ba\u015flayan kap\u0131dan kap\u0131ya ta\u015f\u0131nma ve yer de\u011fi\u015ftirme hizmetleri sunar. Profesyonel paketleme hizmeti, dok\u00fcmantasyonun tamamlanmas\u0131 ve nakliyenin d\u00fczenlenmesi hizmetlerini sunarlar. Ta\u015f\u0131nma hizmetleri aras\u0131nda vize, vergi dan\u0131\u015fmanl\u0131\u011f\u0131, ev ve okul arama, mobilya kiralama, var\u0131\u015f hizmetleri, oryantasyon hizmetleri ve kamu hizmetleri yard\u0131m\u0131 yer almaktad\u0131r.<\/p>\n<p>Web sitesi: <a href=\"http:\/\/www.sonigo.com\" target=\"_blank\" rel=\"noopener\">http:\/\/www.sonigo.com<\/a><\/p>\n<h2><span class=\"ez-toc-section\" id=\"5_A_Univers_Transit\"><\/span><strong>5. A. Evrensel Transit<\/strong><span class=\"ez-toc-section-end\"><\/span><\/h2>\n<p><img loading=\"lazy\" decoding=\"async\" class=\"alignnone size-full wp-image-7654\" src=\"https:\/\/moverdb.com\/wp-content\/uploads\/A-Univers-Transit-international-moving-company.png\" alt=\"A Univers Transit uluslararas\u0131 ta\u015f\u0131ma \u015firketi\" width=\"1440\" height=\"691\" data-wp-pid=\"7654\" srcset=\"https:\/\/moverdb.com\/wp-content\/uploads\/A-Univers-Transit-international-moving-company.png 1440w, https:\/\/moverdb.com\/wp-content\/uploads\/A-Univers-Transit-international-moving-company-300x144.png 300w, https:\/\/moverdb.com\/wp-content\/uploads\/A-Univers-Transit-international-moving-company-1024x491.png 1024w, https:\/\/moverdb.com\/wp-content\/uploads\/A-Univers-Transit-international-moving-company-18x9.png 18w, https:\/\/moverdb.com\/wp-content\/uploads\/A-Univers-Transit-international-moving-company-600x288.png 600w\" sizes=\"auto, (max-width: 1440px) 100vw, 1440px\" \/><\/p>\n<ul>\n<li>Uluslararas\u0131 ta\u015f\u0131nmalar<\/li>\n<li>Ev ta\u015f\u0131ma<\/li>\n<li>Ticari hamleler<\/li>\n<li>Yer de\u011fi\u015ftirme hizmetleri<\/li>\n<li>Kap\u0131dan kap\u0131ya hizmet<\/li>\n<li>Profesyonel paketleme<\/li>\n<li>Hava ve deniz ta\u015f\u0131mac\u0131l\u0131\u011f\u0131<\/li>\n<li>Evrak i\u015flerinin tamamlanmas\u0131<\/li>\n<li>Ev ve okul aramalar\u0131<\/li>\n<li>G\u00fcvenli depolama<\/li>\n<\/ul>\n<p>Univers Transit, 1980'lerin sonunda kurulan paketleme ve depolama \u00e7\u00f6z\u00fcmleri de sunan bir nakliye, ta\u015f\u0131ma ve yer de\u011fi\u015ftirme \u015firketidir. Tel Aviv, A\u015fdod ve Hayfa'da lokasyonlar\u0131 bulunmaktad\u0131r. \u015eirket 28 y\u0131ll\u0131k hizmetiyle IAM \u00fcyesidir ve FIDI taraf\u0131ndan akredite edilmi\u015ftir.<\/p>\n<p>Univers Transit, ihtiya\u00e7lar\u0131n\u0131z\u0131 de\u011ferlendirmek ve bir ta\u015f\u0131nma plan\u0131 olu\u015fturmak i\u00e7in bir dan\u0131\u015fma toplant\u0131s\u0131yla ba\u015flayan kap\u0131dan kap\u0131ya ta\u015f\u0131nma ve yer de\u011fi\u015ftirme hizmetleri sunar. Profesyonel paketleme hizmetleri ve e\u015fyalar\u0131n\u0131z i\u00e7in uygun kutular sa\u011flarlar. Konteynerleri ve kutular\u0131 nakliye i\u00e7in y\u00fckler ve teslimat i\u00e7in havaalan\u0131na veya limana g\u00f6t\u00fcr\u00fcrler.<\/p>\n<p>Web sitesi: <a href=\"http:\/\/www.univers-transit.co.il\" target=\"_blank\" rel=\"noopener\">http:\/\/www.univers-transit.co.il<\/a><\/p>\n<h2><span class=\"ez-toc-section\" id=\"6_Teamnet\"><\/span><strong>6. Teamnet<\/strong><span class=\"ez-toc-section-end\"><\/span><\/h2>\n<p><img loading=\"lazy\" decoding=\"async\" class=\"alignnone size-full wp-image-7752\" src=\"https:\/\/moverdb.com\/wp-content\/uploads\/Teamnet-international-moving-company.png\" alt=\"Teamnet uluslararas\u0131 ta\u015f\u0131ma \u015firketi\" width=\"1440\" height=\"685\" data-wp-pid=\"7752\" srcset=\"https:\/\/moverdb.com\/wp-content\/uploads\/Teamnet-international-moving-company.png 1440w, https:\/\/moverdb.com\/wp-content\/uploads\/Teamnet-international-moving-company-300x143.png 300w, https:\/\/moverdb.com\/wp-content\/uploads\/Teamnet-international-moving-company-1024x487.png 1024w, https:\/\/moverdb.com\/wp-content\/uploads\/Teamnet-international-moving-company-18x9.png 18w, https:\/\/moverdb.com\/wp-content\/uploads\/Teamnet-international-moving-company-600x285.png 600w\" sizes=\"auto, (max-width: 1440px) 100vw, 1440px\" \/><\/p>\n<ul>\n<li>Uluslararas\u0131 ta\u015f\u0131nmalar<\/li>\n<li>Ki\u015fisel hareketler<\/li>\n<li>Ticari sevkiyatlar<\/li>\n<li>Yer de\u011fi\u015ftirme hizmetleri<\/li>\n<li>Kap\u0131dan kap\u0131ya hizmet<\/li>\n<li>Paketleme hizmetleri<\/li>\n<li>Nakliye veya hava ta\u015f\u0131mac\u0131l\u0131\u011f\u0131n\u0131n d\u00fczenlenmesi<\/li>\n<li>G\u00fcmr\u00fck formaliteleri<\/li>\n<li>Sigorta<\/li>\n<li>Depolama tesisleri<\/li>\n<\/ul>\n<p>Teamnet, Hayfa merkezli bir ta\u015f\u0131nma ve yer de\u011fi\u015ftirme \u015firketidir. \u0130srail'e veya \u0130srail'den mal ta\u015f\u0131yan \u00f6zel \u015fah\u0131slara ve \u015firketlere bir dizi hizmet sunmaktad\u0131rlar. \u0130srail d\u0131\u015f\u0131nda hizmet sa\u011flamak i\u00e7in uluslararas\u0131 acenteler a\u011f\u0131 ile \u00e7al\u0131\u015fmaktad\u0131rlar ve IAM \u00fcyesidirler.<\/p>\n<p>Teamnet, \u0130srail'e giden ve gelen m\u00fc\u015fteriler i\u00e7in kap\u0131dan kap\u0131ya ta\u015f\u0131nma ve yer de\u011fi\u015ftirme hizmeti sunmaktad\u0131r. Ta\u015f\u0131nma ihtiya\u00e7lar\u0131n\u0131z\u0131 de\u011ferlendirmek i\u00e7in evde dan\u0131\u015fmanl\u0131k hizmeti sunarlar. Detayl\u0131 bir plan olu\u015fturacak ve deniz veya hava ta\u015f\u0131mac\u0131l\u0131\u011f\u0131na uygun geli\u015fmi\u015f ambalaj malzemeleri kullanarak paketleme hizmeti sunacaklard\u0131r. Yetkililer ve g\u00fcmr\u00fck formalitelerini halledeceklerdir.<\/p>\n<p>Web sitesi: <a href=\"http:\/\/www.en.team-net.co.il\" target=\"_blank\" rel=\"noopener\">http:\/\/www.en.team-net.co.il<\/a><\/p>\n<h2><span class=\"ez-toc-section\" id=\"Other_Useful_Guides_to_Israel\"><\/span>\u0130srail i\u00e7in Di\u011fer Faydal\u0131 Rehberler<span class=\"ez-toc-section-end\"><\/span><\/h2>\n<ul>\n<li> <a href=\"https:\/\/moverdb.com\/tr\/konteyner-tasimaciligi\/israil\/\">2024 \u0130srail'e ve \u0130srail'den Deniz Ta\u015f\u0131mac\u0131l\u0131\u011f\u0131 Konteyner Nakliye Fiyatlar\u0131<\/a><\/li>\n<li> <a href=\"https:\/\/moverdb.com\/tr\/moving-to-israel\/\">\u0130srail'e mi ta\u015f\u0131n\u0131yorsunuz? 2026 Ya\u015fam Maliyetleri ve Yer De\u011fi\u015ftirme \u0130pu\u00e7lar\u0131<\/a><\/li>\n<li> <a href=\"https:\/\/moverdb.com\/tr\/moving-to-israel\/best-places-to-live-israel\/\">\u0130srail'de Ya\u015fanacak En \u0130yi 13 Yer<\/a><\/li>\n<li> <a href=\"https:\/\/moverdb.com\/tr\/moving-to-israel\/living-in-israel\/\">\u0130srail'de Ya\u015famak Hakk\u0131nda Ta\u015f\u0131nmadan \u00d6nce Bilmeniz Gereken 21 S\u0131r<\/a><\/li>\n<\/ul>","protected":false},"excerpt":{"rendered":"<p>Moving your home or business can be stressful so employing the services of a moving company could reduce the workload and ease the move. So below we have compiled a list of Israel based removal companies that are members of the International Association of Movers (IAM) and\/or FIDI Accredited International Mover (FAIM) who could assist [&hellip;]<\/p>\n","protected":false},"author":4,"featured_media":0,"parent":190,"menu_order":0,"comment_status":"closed","ping_status":"closed","template":"","meta":{"_genesis_hide_title":false,"_genesis_hide_breadcrumbs":false,"_genesis_hide_singular_image":false,"_genesis_hide_footer_widgets":false,"_genesis_custom_body_class":"","_genesis_custom_post_class":"","_genesis_layout":"","footnotes":""},"class_list":{"0":"post-7779","1":"page","2":"type-page","3":"status-publish","5":"entry","6":"has-post-thumbnail"},"_links":{"self":[{"href":"https:\/\/moverdb.com\/tr\/wp-json\/wp\/v2\/pages\/7779","targetHints":{"allow":["GET"]}}],"collection":[{"href":"https:\/\/moverdb.com\/tr\/wp-json\/wp\/v2\/pages"}],"about":[{"href":"https:\/\/moverdb.com\/tr\/wp-json\/wp\/v2\/types\/page"}],"author":[{"embeddable":true,"href":"https:\/\/moverdb.com\/tr\/wp-json\/wp\/v2\/users\/4"}],"replies":[{"embeddable":true,"href":"https:\/\/moverdb.com\/tr\/wp-json\/wp\/v2\/comments?post=7779"}],"version-history":[{"count":4,"href":"https:\/\/moverdb.com\/tr\/wp-json\/wp\/v2\/pages\/7779\/revisions"}],"predecessor-version":[{"id":17076,"href":"https:\/\/moverdb.com\/tr\/wp-json\/wp\/v2\/pages\/7779\/revisions\/17076"}],"up":[{"embeddable":true,"href":"https:\/\/moverdb.com\/tr\/wp-json\/wp\/v2\/pages\/190"}],"wp:attachment":[{"href":"https:\/\/moverdb.com\/tr\/wp-json\/wp\/v2\/media?parent=7779"}],"curies":[{"name":"wp","href":"https:\/\/api.w.org\/{rel}","templated":true}]}}