{"id":7525,"date":"2023-02-01T14:03:46","date_gmt":"2023-02-01T14:03:46","guid":{"rendered":"https:\/\/moverdb.com\/?page_id=7525"},"modified":"2026-01-08T15:25:10","modified_gmt":"2026-01-08T15:25:10","slug":"tasima-sirketleri-iran","status":"publish","type":"page","link":"https:\/\/moverdb.com\/tr\/moving-companies\/moving-companies-iran\/","title":{"rendered":"\u0130ran'daki En \u0130yi 5 Uluslararas\u0131 Nakliye \u015eirketi"},"content":{"rendered":"<p>Ta\u015f\u0131nmay\u0131 m\u0131 planl\u0131yorsunuz? \u0130ster evinizi ister i\u015f yerinizi ta\u015f\u0131yor olun, \u00fczerinizdeki bask\u0131y\u0131 azaltmak i\u00e7in biraz yard\u0131m isteyebilirsiniz. <a href=\"https:\/\/moverdb.com\/tr\/moving-companies\/\" data-internallinksmanager029f6b8e52c=\"79\" title=\"\u00c7evrimi\u00e7i En \u0130yi 25 Uluslararas\u0131 Nakliye \u015eirketi\">ta\u015finma \u015fi\u0307rketi\u0307<\/a> yard\u0131mc\u0131 olabilir. A\u015fa\u011f\u0131da \u0130ran merkezli bir liste derledik <a href=\"https:\/\/moverdb.com\/tr\/international-removals\/\" data-internallinksmanager029f6b8e52c=\"27\" title=\"36 \u0130ngiltere&#039;deki En \u0130yi Uluslararas\u0131 Nakliye \u015eirketleri\">nakli\u0307ye \u015fi\u0307rketleri\u0307<\/a> \u00fcyesi olan <a href=\"https:\/\/moverdb.com\/tr\/iam\/\" data-internallinksmanager029f6b8e52c=\"23\" title=\"Uluslararas\u0131 Ta\u015f\u0131mac\u0131lar Birli\u011fi (IAM) A\u00e7\u0131klamas\u0131\">Uluslararas\u0131 Ta\u015f\u0131mac\u0131lar Birli\u011fi<\/a> (IAM) ve\/veya <a href=\"https:\/\/moverdb.com\/tr\/fidi-faim\/\" data-internallinksmanager029f6b8e52c=\"16\" title=\"FIDI &amp; FAIM (FIDI Akredite Uluslararas\u0131 Ta\u015f\u0131mac\u0131) A\u00e7\u0131klamas\u0131\">FIDI<\/a> Ta\u015f\u0131nman\u0131zda size yard\u0131mc\u0131 olabilecek Akredite Uluslararas\u0131 Ta\u015f\u0131y\u0131c\u0131 (FAIM).<\/p>\n<div id=\"ez-toc-container\" class=\"ez-toc-v2_0_82_2 ez-toc-wrap-left counter-hierarchy ez-toc-counter ez-toc-transparent ez-toc-container-direction\">\n<div class=\"ez-toc-title-container\">\n<p class=\"ez-toc-title\" style=\"cursor:inherit\">B\u00f6l\u00fcmler<\/p>\n<span class=\"ez-toc-title-toggle\"><a href=\"#\" class=\"ez-toc-pull-right ez-toc-btn ez-toc-btn-xs ez-toc-btn-default ez-toc-toggle\" aria-label=\"\u0130\u00e7indekiler Tablosunu A\u00e7\/Kapat\"><span class=\"ez-toc-js-icon-con\"><span class=\"\"><span class=\"eztoc-hide\" style=\"display:none;\">Ge\u00e7i\u015f<\/span><span class=\"ez-toc-icon-toggle-span\"><svg style=\"fill: #999;color:#999\" xmlns=\"http:\/\/www.w3.org\/2000\/svg\" class=\"list-377408\" width=\"20px\" height=\"20px\" viewbox=\"0 0 24 24\" fill=\"none\"><path d=\"M6 6H4v2h2V6zm14 0H8v2h12V6zM4 11h2v2H4v-2zm16 0H8v2h12v-2zM4 16h2v2H4v-2zm16 0H8v2h12v-2z\" fill=\"currentColor\"><\/path><\/svg><svg style=\"fill: #999;color:#999\" class=\"arrow-unsorted-368013\" xmlns=\"http:\/\/www.w3.org\/2000\/svg\" width=\"10px\" height=\"10px\" viewbox=\"0 0 24 24\" version=\"1.2\" baseprofile=\"tiny\"><path d=\"M18.2 9.3l-6.2-6.3-6.2 6.3c-.2.2-.3.4-.3.7s.1.5.3.7c.2.2.4.3.7.3h11c.3 0 .5-.1.7-.3.2-.2.3-.5.3-.7s-.1-.5-.3-.7zM5.8 14.7l6.2 6.3 6.2-6.3c.2-.2.3-.5.3-.7s-.1-.5-.3-.7c-.2-.2-.4-.3-.7-.3h-11c-.3 0-.5.1-.7.3-.2.2-.3.5-.3.7s.1.5.3.7z\"\/><\/svg><\/span><\/span><\/span><\/a><\/span><\/div>\n<nav><ul class='ez-toc-list ez-toc-list-level-1 eztoc-toggle-hide-by-default' ><li class='ez-toc-page-1 ez-toc-heading-level-2'><a class=\"ez-toc-link ez-toc-heading-1\" href=\"https:\/\/moverdb.com\/tr\/moving-companies\/moving-companies-iran\/#1_Barad_Air_Sea_Co\" >1. Barad Hava ve Denizcilik A.\u015e.<\/a><\/li><li class='ez-toc-page-1 ez-toc-heading-level-2'><a class=\"ez-toc-link ez-toc-heading-2\" href=\"https:\/\/moverdb.com\/tr\/moving-companies\/moving-companies-iran\/#2_Kar_Kia_Co_Ltd\" >2. Kar Kia Co Ltd<\/a><\/li><li class='ez-toc-page-1 ez-toc-heading-level-2'><a class=\"ez-toc-link ez-toc-heading-3\" href=\"https:\/\/moverdb.com\/tr\/moving-companies\/moving-companies-iran\/#3_Simorgh_Pack_Express\" >3. Simorgh Pack Express<\/a><\/li><li class='ez-toc-page-1 ez-toc-heading-level-2'><a class=\"ez-toc-link ez-toc-heading-4\" href=\"https:\/\/moverdb.com\/tr\/moving-companies\/moving-companies-iran\/#4_Simorgh_Pack\" >4. Simorgh Paketi<\/a><\/li><li class='ez-toc-page-1 ez-toc-heading-level-2'><a class=\"ez-toc-link ez-toc-heading-5\" href=\"https:\/\/moverdb.com\/tr\/moving-companies\/moving-companies-iran\/#5_Unipack\" >5. Unipack<\/a><\/li><\/ul><\/nav><\/div>\n<h2><span class=\"ez-toc-section\" id=\"1_Barad_Air_Sea_Co\"><\/span><strong>1. Barad Hava ve Denizcilik A.\u015e.<\/strong><span class=\"ez-toc-section-end\"><\/span><\/h2>\n<p><img loading=\"lazy\" decoding=\"async\" class=\"alignnone size-full wp-image-7418\" src=\"https:\/\/moverdb.com\/wp-content\/uploads\/Barad-international-moving-company.png\" alt=\"Barad uluslararas\u0131 nakliye \u015firketi\" width=\"1440\" height=\"687\" data-wp-pid=\"7418\" srcset=\"https:\/\/moverdb.com\/wp-content\/uploads\/Barad-international-moving-company.png 1440w, https:\/\/moverdb.com\/wp-content\/uploads\/Barad-international-moving-company-300x143.png 300w, https:\/\/moverdb.com\/wp-content\/uploads\/Barad-international-moving-company-1024x489.png 1024w, https:\/\/moverdb.com\/wp-content\/uploads\/Barad-international-moving-company-18x9.png 18w, https:\/\/moverdb.com\/wp-content\/uploads\/Barad-international-moving-company-600x286.png 600w\" sizes=\"auto, (max-width: 1440px) 100vw, 1440px\" \/><\/p>\n<ul>\n<li>Ulusal hamleler<\/li>\n<li>Uluslararas\u0131 ta\u015f\u0131nmalar<\/li>\n<li>Ev ta\u015f\u0131ma<\/li>\n<li>Ofis ta\u015f\u0131ma<\/li>\n<li>\u00d6zel hesap y\u00f6neticileri<\/li>\n<li>Profesyonel paketleme hizmeti<\/li>\n<li>Kara, deniz ve hava ta\u015f\u0131mac\u0131l\u0131\u011f\u0131<\/li>\n<li>G\u00fcmr\u00fck i\u015flemleri<\/li>\n<li>Sanat eserleri ta\u015f\u0131mac\u0131l\u0131\u011f\u0131<\/li>\n<li>K\u0131sa ila uzun s\u00fcreli depolama<\/li>\n<\/ul>\n<p>Barad, \u0130ran'da ve d\u00fcnya \u00e7ap\u0131nda 150'den fazla \u00fclkede ta\u015f\u0131ma ortaklar\u0131 a\u011f\u0131 arac\u0131l\u0131\u011f\u0131yla ta\u015f\u0131ma \u00e7\u00f6z\u00fcmleri sunan bir kamyon ta\u015f\u0131mac\u0131l\u0131\u011f\u0131 ve lojistik \u015firketidir. Ayr\u0131ca nakliye, depo hizmetleri ve g\u00fcmr\u00fckleme hizmetleri de sunmaktad\u0131rlar. Ayr\u0131ca IAM \u00fcyesidirler.<\/p>\n<p>Barad, nakliye ihtiya\u00e7lar\u0131n\u0131za yard\u0131mc\u0131 olmak i\u00e7in \u00f6zel hesap y\u00f6neticileri sa\u011flar. Karayolu, denizyolu veya havayoluyla ger\u00e7ekle\u015ftirilebilen ve g\u00fcmr\u00fckleme i\u015flemlerini de i\u00e7eren kap\u0131dan kap\u0131ya ta\u015f\u0131ma hizmeti sunarlar. Sand\u0131klama, ambalaj a\u00e7ma ve enkaz\u0131n kald\u0131r\u0131lmas\u0131n\u0131 i\u00e7eren profesyonel bir paketleme hizmeti sunarlar. Ki\u015fisel e\u015fyalar, fazla bagajlar, sanat eserleri, ofis ekipmanlar\u0131 ve el\u00e7ilikler i\u00e7in hizmet vermektedirler.<\/p>\n<p>Web sitesi: <a href=\"http:\/\/baradairsea.com\" target=\"_blank\" rel=\"noopener\">http:\/\/baradairsea.com<\/a><\/p>\n<h2><span class=\"ez-toc-section\" id=\"2_Kar_Kia_Co_Ltd\"><\/span><strong>2. Kar Kia Co Ltd<\/strong><span class=\"ez-toc-section-end\"><\/span><\/h2>\n<p><img loading=\"lazy\" decoding=\"async\" class=\"alignnone size-full wp-image-7526\" src=\"https:\/\/moverdb.com\/wp-content\/uploads\/Kat-Kia-international-moving-company.png\" alt=\"Kat Kia uluslararas\u0131 nakliye \u015firketi\" width=\"1440\" height=\"680\" data-wp-pid=\"7526\" srcset=\"https:\/\/moverdb.com\/wp-content\/uploads\/Kat-Kia-international-moving-company.png 1440w, https:\/\/moverdb.com\/wp-content\/uploads\/Kat-Kia-international-moving-company-300x142.png 300w, https:\/\/moverdb.com\/wp-content\/uploads\/Kat-Kia-international-moving-company-1024x484.png 1024w, https:\/\/moverdb.com\/wp-content\/uploads\/Kat-Kia-international-moving-company-18x9.png 18w, https:\/\/moverdb.com\/wp-content\/uploads\/Kat-Kia-international-moving-company-600x283.png 600w\" sizes=\"auto, (max-width: 1440px) 100vw, 1440px\" \/><\/p>\n<ul>\n<li>Ulusal hamleler<\/li>\n<li>Uluslararas\u0131 ta\u015f\u0131nmalar<\/li>\n<li>Ev ta\u015f\u0131ma<\/li>\n<li>Kap\u0131dan kap\u0131ya hizmet<\/li>\n<li>Paketleme hizmeti<\/li>\n<li>Kara, deniz veya hava yoluyla ula\u015f\u0131m<\/li>\n<li>G\u00fcmr\u00fck i\u015flemleri<\/li>\n<li>G\u00fczel sanatlar ta\u015f\u0131mac\u0131l\u0131\u011f\u0131<\/li>\n<li>Sigorta<\/li>\n<li>Depolama<\/li>\n<\/ul>\n<p>Kar Kia, Tahran merkezli bir ta\u015f\u0131ma ve depolama \u015firketidir ve Tahran i\u00e7inde yerel olarak, \u0130ran genelinde ve \u0130ran'a ve \u0130ran'dan uluslararas\u0131 ta\u015f\u0131nma \u00e7\u00f6z\u00fcmleri sunmaktad\u0131r. D\u00fcnyan\u0131n d\u00f6rt bir yan\u0131ndaki nakliye acentelerinden olu\u015fan bir a\u011f taraf\u0131ndan desteklenmektedir ve 39 y\u0131ll\u0131k hizmetiyle IAM \u00fcyesidir.<\/p>\n<p>Kar Kia, ev ta\u015f\u0131malar\u0131 i\u00e7in t\u00fcm e\u015fyalar\u0131n\u0131z\u0131n g\u00fcvenli bir \u015fekilde paketlenmesini de i\u00e7eren kap\u0131dan kap\u0131ya bir hizmet sunmaktad\u0131r. E\u015fyalar\u0131n\u0131z\u0131n kara, deniz veya hava yoluyla var\u0131\u015f yerlerine ta\u015f\u0131nmas\u0131n\u0131 ayarlayacak ve g\u00fcmr\u00fck ithalat ve ihracat i\u015flemlerine yard\u0131mc\u0131 olacaklard\u0131r. Ayr\u0131ca g\u00fczel sanatlar\u0131n ta\u015f\u0131nmas\u0131, sigorta ve depolama gibi ek hizmetler de sunmaktad\u0131rlar.<\/p>\n<p>Web sitesi: <a href=\"http:\/\/www.karkiamovers.com\" target=\"_blank\" rel=\"noopener\">http:\/\/www.karkiamovers.com<\/a><\/p>\n<h2><span class=\"ez-toc-section\" id=\"3_Simorgh_Pack_Express\"><\/span><strong>3. <\/strong><strong>Simorgh Pack Express<\/strong><span class=\"ez-toc-section-end\"><\/span><\/h2>\n<p><img loading=\"lazy\" decoding=\"async\" class=\"alignnone size-full wp-image-7486\" src=\"https:\/\/moverdb.com\/wp-content\/uploads\/Simorgh-Pack-Express-international-moving-company.png\" alt=\"Simorgh Pack Express uluslararas\u0131 ta\u015f\u0131ma \u015firketi\" width=\"1440\" height=\"678\" data-wp-pid=\"7486\" srcset=\"https:\/\/moverdb.com\/wp-content\/uploads\/Simorgh-Pack-Express-international-moving-company.png 1440w, https:\/\/moverdb.com\/wp-content\/uploads\/Simorgh-Pack-Express-international-moving-company-300x141.png 300w, https:\/\/moverdb.com\/wp-content\/uploads\/Simorgh-Pack-Express-international-moving-company-1024x482.png 1024w, https:\/\/moverdb.com\/wp-content\/uploads\/Simorgh-Pack-Express-international-moving-company-18x8.png 18w, https:\/\/moverdb.com\/wp-content\/uploads\/Simorgh-Pack-Express-international-moving-company-600x283.png 600w\" sizes=\"auto, (max-width: 1440px) 100vw, 1440px\" \/><\/p>\n<ul>\n<li>Ulusal hamleler<\/li>\n<li>Uluslararas\u0131 ta\u015f\u0131nmalar<\/li>\n<li>Ev ta\u015f\u0131ma<\/li>\n<li>Ev i\u00e7i anket<\/li>\n<li>Paketleme hizmeti<\/li>\n<li>Deniz, hava ve kara yoluyla ula\u015f\u0131m<\/li>\n<li>G\u00fcmr\u00fck yard\u0131m\u0131<\/li>\n<li>Ara\u00e7 ta\u015f\u0131mac\u0131l\u0131\u011f\u0131<\/li>\n<li>Sigorta<\/li>\n<li>Depolama tesisleri<\/li>\n<\/ul>\n<p>Simorgh Pack Express, merkezi Tahran'da bulunan bir ta\u015f\u0131ma \u015firketidir. D\u00fcnyan\u0131n herhangi bir yerindeki uluslararas\u0131 ta\u015f\u0131nmalara yard\u0131mc\u0131 olmak i\u00e7in d\u00fcnya \u00e7ap\u0131nda bir ortak a\u011f\u0131na sahiptirler. \u015eirket 31 y\u0131ll\u0131k hizmetiyle IAM \u00fcyesidir.<\/p>\n<p>Simorgh Pack Express t\u00fcm ta\u015f\u0131nman\u0131z\u0131 koordine edecek ve ister yerel ister d\u00fcnyan\u0131n di\u011fer ucuna ta\u015f\u0131n\u0131yor olun, ta\u015f\u0131nman\u0131z\u0131n sizin i\u00e7in sorunsuz bir \u015fekilde ger\u00e7ekle\u015fmesini sa\u011flayacakt\u0131r. Y\u00fcksek kaliteli malzemeler kullanarak e\u015fyalar\u0131n\u0131z\u0131 ta\u015f\u0131ma s\u0131ras\u0131nda korumak i\u00e7in g\u00fcvenli bir \u015fekilde paketlemek \u00fczere e\u011fitimli personel sa\u011flarlar. Sevkiyat\u0131n\u0131z\u0131 kara, hava veya deniz yoluyla ger\u00e7ekle\u015ftirecek ve ihtiya\u00e7lar\u0131n\u0131z i\u00e7in en iyi \u00e7\u00f6z\u00fcm\u00fc ve en d\u00fc\u015f\u00fck \u00fccretleri bulmalar\u0131n\u0131 sa\u011flayacakt\u0131r.<\/p>\n<p>Web sitesi: <a href=\"http:\/\/www.simorghpackexpress.com\" target=\"_blank\" rel=\"noopener\">http:\/\/www.simorghpackexpress.com<\/a><\/p>\n<h2><span class=\"ez-toc-section\" id=\"4_Simorgh_Pack\"><\/span><strong>4. Simorgh Paketi<\/strong><span class=\"ez-toc-section-end\"><\/span><\/h2>\n<p><img loading=\"lazy\" decoding=\"async\" class=\"alignnone size-full wp-image-7487\" src=\"https:\/\/moverdb.com\/wp-content\/uploads\/Simorgh-Pack-international-moving-company.png\" alt=\"Simorgh Pack uluslararas\u0131 nakliye \u015firketi\" width=\"1440\" height=\"680\" data-wp-pid=\"7487\" srcset=\"https:\/\/moverdb.com\/wp-content\/uploads\/Simorgh-Pack-international-moving-company.png 1440w, https:\/\/moverdb.com\/wp-content\/uploads\/Simorgh-Pack-international-moving-company-300x142.png 300w, https:\/\/moverdb.com\/wp-content\/uploads\/Simorgh-Pack-international-moving-company-1024x484.png 1024w, https:\/\/moverdb.com\/wp-content\/uploads\/Simorgh-Pack-international-moving-company-18x9.png 18w, https:\/\/moverdb.com\/wp-content\/uploads\/Simorgh-Pack-international-moving-company-600x283.png 600w\" sizes=\"auto, (max-width: 1440px) 100vw, 1440px\" \/><\/p>\n<ul>\n<li>Yerel ve ulusal hamleler<\/li>\n<li>Uluslararas\u0131 ta\u015f\u0131nmalar<\/li>\n<li>Ev ta\u015f\u0131ma<\/li>\n<li>Ticari hamleler<\/li>\n<li>Kap\u0131dan kap\u0131ya hizmet<\/li>\n<li>Profesyonel paketleme<\/li>\n<li>Kara, hava veya deniz yoluyla ula\u015f\u0131m<\/li>\n<li>Ara\u00e7 ta\u015f\u0131mac\u0131l\u0131\u011f\u0131<\/li>\n<li>Sigorta<\/li>\n<li>G\u00fcvenli depolama tesisleri<\/li>\n<\/ul>\n<p>Simorgh Pack, 1992'den beri insanlar\u0131n ta\u015f\u0131nmas\u0131na yard\u0131mc\u0131 olan ve merkezi Tahran'da bulunan k\u00fcresel bir yer de\u011fi\u015ftirme \u015firketidir. D\u00fcnya \u00e7ap\u0131nda nakliye ve ta\u015f\u0131ma acenteleri ve onlar\u0131 destekleyen uzmanlardan olu\u015fan bir a\u011fa sahiptirler. \u015eirket 31 y\u0131ll\u0131k hizmetiyle IAM \u00fcyesidir.<\/p>\n<p>Simorgh Pack size her ad\u0131mda destek olacak \u00f6zel bir Ta\u015f\u0131nma Koordinat\u00f6r\u00fc sa\u011flar. \u0130htiya\u00e7lar\u0131n\u0131z\u0131 de\u011ferlendirmek i\u00e7in bir \u00f6n anketle ba\u015flar, ard\u0131ndan do\u011fru fiyatlarla en iyi rotalar\u0131 bulurlar. Profesyonel paketleyicileri, e\u015fyalar\u0131n\u0131z\u0131 kara, hava veya deniz yoluyla ta\u015f\u0131nmak \u00fczere ayr\u0131nt\u0131l\u0131 bir envanterle paketleyecektir.<\/p>\n<p>Web sitesi: <a href=\"http:\/\/www.simorghpack.com\" target=\"_blank\" rel=\"noopener\">http:\/\/www.simorghpack.com<\/a><\/p>\n<h2><span class=\"ez-toc-section\" id=\"5_Unipack\"><\/span><strong>5. Unipack<\/strong><span class=\"ez-toc-section-end\"><\/span><\/h2>\n<p><img loading=\"lazy\" decoding=\"async\" class=\"alignnone size-full wp-image-7494\" src=\"https:\/\/moverdb.com\/wp-content\/uploads\/Unipack-international-moving-company-1.png\" alt=\"Unipack uluslararas\u0131 ta\u015f\u0131ma \u015firketi\" width=\"1440\" height=\"681\" data-wp-pid=\"7494\" srcset=\"https:\/\/moverdb.com\/wp-content\/uploads\/Unipack-international-moving-company-1.png 1440w, https:\/\/moverdb.com\/wp-content\/uploads\/Unipack-international-moving-company-1-300x142.png 300w, https:\/\/moverdb.com\/wp-content\/uploads\/Unipack-international-moving-company-1-1024x484.png 1024w, https:\/\/moverdb.com\/wp-content\/uploads\/Unipack-international-moving-company-1-18x9.png 18w, https:\/\/moverdb.com\/wp-content\/uploads\/Unipack-international-moving-company-1-600x284.png 600w\" sizes=\"auto, (max-width: 1440px) 100vw, 1440px\" \/><\/p>\n<ul>\n<li>Uluslararas\u0131 ta\u015f\u0131nmalar<\/li>\n<li>Ev ta\u015f\u0131ma<\/li>\n<li>Ticari ve ofis ta\u015f\u0131malar\u0131<\/li>\n<li>Kap\u0131dan kap\u0131ya hizmet<\/li>\n<li>Paketleme hizmetleri<\/li>\n<li>G\u00fcmr\u00fck formaliteleri<\/li>\n<li>Kara, deniz ve hava ta\u015f\u0131mac\u0131l\u0131\u011f\u0131<\/li>\n<li>Evcil hayvan ta\u015f\u0131mac\u0131l\u0131\u011f\u0131<\/li>\n<li>Ara\u00e7 ta\u015f\u0131mac\u0131l\u0131\u011f\u0131<\/li>\n<li>Depolama tesisleri<\/li>\n<\/ul>\n<p>Unipack, 1975 y\u0131l\u0131nda kurulan \u0130ran merkezli uluslararas\u0131 bir paketleme ve nakliye \u015firketidir. Her yere ta\u015f\u0131ma yapmak i\u00e7in d\u00fcnya \u00e7ap\u0131nda se\u00e7ilmi\u015f uluslararas\u0131 ta\u015f\u0131ma ve yer de\u011fi\u015ftirme ortaklar\u0131ndan olu\u015fan bir a\u011f ile \u00e7al\u0131\u015f\u0131rlar. \u015eirket 49 y\u0131ll\u0131k hizmetiyle IAM \u00fcyesidir.<\/p>\n<p>Unipack, ev e\u015fyalar\u0131, sergi e\u015fyalar\u0131, g\u00fczel sanatlar, ara\u00e7lar, evcil hayvanlar, cesetler ve ofis ta\u015f\u0131malar\u0131 dahil olmak \u00fczere \u00e7ok \u00e7e\u015fitli nakliye hizmetleri sunmaktad\u0131r. E\u015fyalar\u0131n\u0131z\u0131 g\u00fcvenli bir \u015fekilde paketlemeyi ve k\u0131r\u0131lgan e\u015fyalar i\u00e7in ah\u015fap kasalar kullanmay\u0131 i\u00e7eren ta\u015f\u0131nmalar i\u00e7in kap\u0131dan kap\u0131ya hizmet sa\u011flarlar. Kara, hava ve deniz yoluyla sevkiyat\u0131 d\u00fczenlerler ve g\u00fcmr\u00fck formalitelerini hallederler.<\/p>\n<p>Web sitesi: <a href=\"http:\/\/www.unipack.ir\" target=\"_blank\" rel=\"noopener\">http:\/\/www.unipack.ir<\/a><\/p>","protected":false},"excerpt":{"rendered":"<p>Are you planning on moving? Whether you are moving home and\/or business, you might want some help to reduce the pressure which is where a moving company can help. Below we have compiled a list of Iran based removal companies that are members of the International Association of Movers (IAM) and\/or FIDI Accredited International Mover [&hellip;]<\/p>\n","protected":false},"author":4,"featured_media":0,"parent":190,"menu_order":0,"comment_status":"closed","ping_status":"closed","template":"","meta":{"_genesis_hide_title":false,"_genesis_hide_breadcrumbs":false,"_genesis_hide_singular_image":false,"_genesis_hide_footer_widgets":false,"_genesis_custom_body_class":"","_genesis_custom_post_class":"","_genesis_layout":"","footnotes":""},"class_list":{"0":"post-7525","1":"page","2":"type-page","3":"status-publish","5":"entry","6":"has-post-thumbnail"},"_links":{"self":[{"href":"https:\/\/moverdb.com\/tr\/wp-json\/wp\/v2\/pages\/7525","targetHints":{"allow":["GET"]}}],"collection":[{"href":"https:\/\/moverdb.com\/tr\/wp-json\/wp\/v2\/pages"}],"about":[{"href":"https:\/\/moverdb.com\/tr\/wp-json\/wp\/v2\/types\/page"}],"author":[{"embeddable":true,"href":"https:\/\/moverdb.com\/tr\/wp-json\/wp\/v2\/users\/4"}],"replies":[{"embeddable":true,"href":"https:\/\/moverdb.com\/tr\/wp-json\/wp\/v2\/comments?post=7525"}],"version-history":[{"count":1,"href":"https:\/\/moverdb.com\/tr\/wp-json\/wp\/v2\/pages\/7525\/revisions"}],"predecessor-version":[{"id":7527,"href":"https:\/\/moverdb.com\/tr\/wp-json\/wp\/v2\/pages\/7525\/revisions\/7527"}],"up":[{"embeddable":true,"href":"https:\/\/moverdb.com\/tr\/wp-json\/wp\/v2\/pages\/190"}],"wp:attachment":[{"href":"https:\/\/moverdb.com\/tr\/wp-json\/wp\/v2\/media?parent=7525"}],"curies":[{"name":"wp","href":"https:\/\/api.w.org\/{rel}","templated":true}]}}