{"id":7514,"date":"2023-02-01T14:00:27","date_gmt":"2023-02-01T14:00:27","guid":{"rendered":"https:\/\/moverdb.com\/?page_id=7514"},"modified":"2026-01-08T15:23:43","modified_gmt":"2026-01-08T15:23:43","slug":"tasinma-si%cc%87rketleri%cc%87-gine","status":"publish","type":"page","link":"https:\/\/moverdb.com\/tr\/moving-companies\/moving-companies-guinea\/","title":{"rendered":"Gine'deki En \u0130yi 2 Uluslararas\u0131 Nakliye \u015eirketi"},"content":{"rendered":"<p>\u0130ster eviniz ister ofisiniz olsun, bir ta\u015f\u0131nma planlad\u0131\u011f\u0131n\u0131zda, y\u00f6netilmesi gereken \u00e7ok say\u0131da lojistik ve evrak i\u015fiyle stresli bir zaman olabilir. \u0130\u015fte bu noktada bir <a href=\"https:\/\/moverdb.com\/tr\/moving-companies\/\" data-internallinksmanager029f6b8e52c=\"79\" title=\"\u00c7evrimi\u00e7i En \u0130yi 25 Uluslararas\u0131 Nakliye \u015eirketi\">ta\u015finma \u015fi\u0307rketi\u0307<\/a> y\u00fck\u00fc hafifletmeye yard\u0131mc\u0131 olabilir. A\u015fa\u011f\u0131da Gine merkezli bir liste derledik <a href=\"https:\/\/moverdb.com\/tr\/international-removals\/\" data-internallinksmanager029f6b8e52c=\"27\" title=\"36 \u0130ngiltere&#039;deki En \u0130yi Uluslararas\u0131 Nakliye \u015eirketleri\">nakli\u0307ye \u015fi\u0307rketleri\u0307<\/a> \u00fcyesi olan <a href=\"https:\/\/moverdb.com\/tr\/iam\/\" data-internallinksmanager029f6b8e52c=\"23\" title=\"Uluslararas\u0131 Ta\u015f\u0131mac\u0131lar Birli\u011fi (IAM) A\u00e7\u0131klamas\u0131\">Uluslararas\u0131 Ta\u015f\u0131mac\u0131lar Birli\u011fi<\/a> (IAM) ve\/veya <a href=\"https:\/\/moverdb.com\/tr\/fidi-faim\/\" data-internallinksmanager029f6b8e52c=\"16\" title=\"FIDI &amp; FAIM (FIDI Akredite Uluslararas\u0131 Ta\u015f\u0131mac\u0131) A\u00e7\u0131klamas\u0131\">FIDI<\/a> Ta\u015f\u0131nman\u0131za yard\u0131mc\u0131 olabilecek Akredite Uluslararas\u0131 Ta\u015f\u0131mac\u0131lar (FAIM).<\/p>\n<h2><strong>1. Soguifret<\/strong><\/h2>\n<p><img loading=\"lazy\" decoding=\"async\" class=\"alignnone size-full wp-image-7489\" src=\"https:\/\/moverdb.com\/wp-content\/uploads\/Soguifret-international-moving-company.png\" alt=\"Soguifret uluslararas\u0131 nakliye \u015firketi\" width=\"1440\" height=\"679\" data-wp-pid=\"7489\" srcset=\"https:\/\/moverdb.com\/wp-content\/uploads\/Soguifret-international-moving-company.png 1440w, https:\/\/moverdb.com\/wp-content\/uploads\/Soguifret-international-moving-company-300x141.png 300w, https:\/\/moverdb.com\/wp-content\/uploads\/Soguifret-international-moving-company-1024x483.png 1024w, https:\/\/moverdb.com\/wp-content\/uploads\/Soguifret-international-moving-company-18x8.png 18w, https:\/\/moverdb.com\/wp-content\/uploads\/Soguifret-international-moving-company-600x283.png 600w\" sizes=\"auto, (max-width: 1440px) 100vw, 1440px\" \/><\/p>\n<ul>\n<li>Ulusal hamleler<\/li>\n<li>Uluslararas\u0131 ta\u015f\u0131nmalar<\/li>\n<li>Ev ta\u015f\u0131ma<\/li>\n<li>Ofis ta\u015f\u0131ma<\/li>\n<li>Kap\u0131dan kap\u0131ya hizmet<\/li>\n<li>Paketleme hizmeti<\/li>\n<li>Konteyner se\u00e7enekleri<\/li>\n<li>Ta\u015f\u0131mac\u0131l\u0131\u011f\u0131n d\u00fczenlenmesi<\/li>\n<li>G\u00fcmr\u00fck i\u015flemleri<\/li>\n<li>Uluslararas\u0131 a\u011flar<\/li>\n<\/ul>\n<p>Soguifret 1989 y\u0131l\u0131nda Gine'de kurulmu\u015f bir ta\u015f\u0131ma ve nakliye \u015firketidir. \u015eirket, 120 \u00fclkeyi kapsayan Universal Freight Organisation'\u0131n bir par\u00e7as\u0131 ve 170 \u00fclkeyi kapsayan 34 y\u0131ll\u0131k hizmetiyle IAM'\u0131n bir \u00fcyesidir. A\u011flar\u0131 arac\u0131l\u0131\u011f\u0131yla uluslararas\u0131 ta\u015f\u0131ma m\u00fc\u015fterileriyle \u00e7al\u0131\u015fmaktad\u0131rlar.<\/p>\n<p>Soguifret, ev ve ofisler i\u00e7in kap\u0131dan kap\u0131ya ulusal ve uluslararas\u0131 ta\u015f\u0131ma hizmetleri sunmaktad\u0131r. El\u00e7ilikler ve Bar\u0131\u015f G\u00fcc\u00fc de dahil olmak \u00fczere \u00e7e\u015fitli ki\u015filere hizmet vermektedir. Konteyner y\u00fck\u00fcnden daha az ve tam konteyner y\u00fcklerini i\u00e7eren konteyner se\u00e7enekleri sunarlar. E\u015fyalar\u0131n\u0131z i\u00e7in nakliye ayarlayacak ve g\u00fcmr\u00fckleme i\u015flemlerini ger\u00e7ekle\u015ftireceklerdir.<\/p>\n<p>Web sitesi: <a href=\"http:\/\/www.soguifret.com\" target=\"_blank\" rel=\"noopener\">http:\/\/www.soguifret.com<\/a><\/p>\n<h2><strong>2. JVK<\/strong><\/h2>\n<p><img loading=\"lazy\" decoding=\"async\" class=\"alignnone size-full wp-image-7459\" src=\"https:\/\/moverdb.com\/wp-content\/uploads\/JVK-Guinea-international-moving-company.png\" alt=\"JVK Gine uluslararas\u0131 nakliye \u015firketi\" width=\"1440\" height=\"680\" data-wp-pid=\"7459\" srcset=\"https:\/\/moverdb.com\/wp-content\/uploads\/JVK-Guinea-international-moving-company.png 1440w, https:\/\/moverdb.com\/wp-content\/uploads\/JVK-Guinea-international-moving-company-300x142.png 300w, https:\/\/moverdb.com\/wp-content\/uploads\/JVK-Guinea-international-moving-company-1024x484.png 1024w, https:\/\/moverdb.com\/wp-content\/uploads\/JVK-Guinea-international-moving-company-18x9.png 18w, https:\/\/moverdb.com\/wp-content\/uploads\/JVK-Guinea-international-moving-company-600x283.png 600w\" sizes=\"auto, (max-width: 1440px) 100vw, 1440px\" \/><\/p>\n<ul>\n<li>Ulusal hamleler<\/li>\n<li>Uluslararas\u0131 ta\u015f\u0131nmalar<\/li>\n<li>Yer de\u011fi\u015ftirme hizmeti<\/li>\n<li>Ev ta\u015f\u0131ma<\/li>\n<li>Ofis ta\u015f\u0131ma<\/li>\n<li>Paketleme hizmeti<\/li>\n<li>Y\u00fcksek kaliteli ambalaj malzemeleri<\/li>\n<li>Kara, deniz ve hava ta\u015f\u0131mac\u0131l\u0131\u011f\u0131<\/li>\n<li>G\u00fcmr\u00fck formaliteleri<\/li>\n<li>K\u0131sa ve uzun vadeli depolama tesisleri<\/li>\n<\/ul>\n<p>JVK, Afrika, Asya ve Pasifik'te ofis a\u011f\u0131 bulunan uluslararas\u0131 bir ta\u015f\u0131nma ve yer de\u011fi\u015ftirme \u015firketidir. Gine'nin Conakry kentinde bir ofisleri vard\u0131r ancak <a href=\"https:\/\/moverdb.com\/tr\/moving-to-thailand\/\" data-internallinksmanager029f6b8e52c=\"318\" title=\"Tayland&#039;a m\u0131 ta\u015f\u0131n\u0131yorsunuz? 2026 Ya\u015fam Maliyetleri &amp; Yer De\u011fi\u015ftirme \u0130pu\u00e7lar\u0131\">Tayland<\/a> 1979 y\u0131l\u0131nda kurulmu\u015ftur. IAM \u00fcyesidirler ve kapsama alanlar\u0131n\u0131n olmad\u0131\u011f\u0131 yerlerde yard\u0131mc\u0131 olmak i\u00e7in uluslararas\u0131 ta\u015f\u0131ma acenteleri a\u011f\u0131na sahiptirler.<\/p>\n<p>JVK, ta\u015f\u0131nma gereksinimlerinizi de\u011ferlendirmek, bir ta\u015f\u0131nma teklifi haz\u0131rlamak ve ta\u015f\u0131nman\u0131z\u0131 planlamak i\u00e7in bir ta\u015f\u0131nma \u00f6ncesi anketi sunar. E\u015fyalar\u0131n\u0131z\u0131 y\u00fcksek kaliteli malzemeler ve k\u0131r\u0131lgan e\u015fyalar i\u00e7in \u00f6zel kasalar kullanarak g\u00fcvenli bir \u015fekilde paketlemeyi i\u00e7eren kap\u0131dan kap\u0131ya bir hizmet sunarlar. Kara, deniz veya hava yoluyla nakliyeyi ayarlayacak ve g\u00fcmr\u00fck formalitelerini koordine edeceklerdir.<\/p>\n<p>Web sitesi: <a href=\"http:\/\/www.jvkpacific.com\" target=\"_blank\" rel=\"noopener\">http:\/\/www.jvkpacific.com<\/a><\/p>","protected":false},"excerpt":{"rendered":"<p>When you are planning a move whether that is your home or office, it can be stressful time with a lot of logistics to manage and paperwork. This is where employing a moving company can help to ease the burden. Below we have compiled a list of Guinea based removal companies that are members of [&hellip;]<\/p>\n","protected":false},"author":4,"featured_media":0,"parent":190,"menu_order":0,"comment_status":"closed","ping_status":"closed","template":"","meta":{"_genesis_hide_title":false,"_genesis_hide_breadcrumbs":false,"_genesis_hide_singular_image":false,"_genesis_hide_footer_widgets":false,"_genesis_custom_body_class":"","_genesis_custom_post_class":"","_genesis_layout":"","footnotes":""},"class_list":{"0":"post-7514","1":"page","2":"type-page","3":"status-publish","5":"entry","6":"has-post-thumbnail"},"_links":{"self":[{"href":"https:\/\/moverdb.com\/tr\/wp-json\/wp\/v2\/pages\/7514","targetHints":{"allow":["GET"]}}],"collection":[{"href":"https:\/\/moverdb.com\/tr\/wp-json\/wp\/v2\/pages"}],"about":[{"href":"https:\/\/moverdb.com\/tr\/wp-json\/wp\/v2\/types\/page"}],"author":[{"embeddable":true,"href":"https:\/\/moverdb.com\/tr\/wp-json\/wp\/v2\/users\/4"}],"replies":[{"embeddable":true,"href":"https:\/\/moverdb.com\/tr\/wp-json\/wp\/v2\/comments?post=7514"}],"version-history":[{"count":1,"href":"https:\/\/moverdb.com\/tr\/wp-json\/wp\/v2\/pages\/7514\/revisions"}],"predecessor-version":[{"id":7515,"href":"https:\/\/moverdb.com\/tr\/wp-json\/wp\/v2\/pages\/7514\/revisions\/7515"}],"up":[{"embeddable":true,"href":"https:\/\/moverdb.com\/tr\/wp-json\/wp\/v2\/pages\/190"}],"wp:attachment":[{"href":"https:\/\/moverdb.com\/tr\/wp-json\/wp\/v2\/media?parent=7514"}],"curies":[{"name":"wp","href":"https:\/\/api.w.org\/{rel}","templated":true}]}}