{"id":7508,"date":"2023-02-01T13:58:25","date_gmt":"2023-02-01T13:58:25","guid":{"rendered":"https:\/\/moverdb.com\/?page_id=7508"},"modified":"2026-01-08T15:23:42","modified_gmt":"2026-01-08T15:23:42","slug":"tasima-sirketleri-ghana","status":"publish","type":"page","link":"https:\/\/moverdb.com\/tr\/moving-companies\/moving-companies-ghana\/","title":{"rendered":"Gana'daki En \u0130yi 2 Uluslararas\u0131 Nakliye \u015eirketi"},"content":{"rendered":"<p>Gana'ya veya Gana'dan ta\u015f\u0131nmay\u0131 m\u0131 planl\u0131yorsunuz? O halde profesyonel bir nakliyecinin hizmetlerinden yararlanmak isteyebilirsiniz. <a href=\"https:\/\/moverdb.com\/tr\/moving-companies\/\" data-internallinksmanager029f6b8e52c=\"79\" title=\"\u00c7evrimi\u00e7i En \u0130yi 25 Uluslararas\u0131 Nakliye \u015eirketi\">ta\u015finma \u015fi\u0307rketi\u0307<\/a> E\u015fyalar\u0131n\u0131z\u0131n ta\u015f\u0131nmas\u0131na yard\u0131mc\u0131 olabilecek ve evrak i\u015flerini halledebilecek. A\u015fa\u011f\u0131da Gana merkezli bir liste derledik <a href=\"https:\/\/moverdb.com\/tr\/international-removals\/\" data-internallinksmanager029f6b8e52c=\"27\" title=\"36 \u0130ngiltere&#039;deki En \u0130yi Uluslararas\u0131 Nakliye \u015eirketleri\">nakli\u0307ye \u015fi\u0307rketleri\u0307<\/a> \u00fcyesi olan <a href=\"https:\/\/moverdb.com\/tr\/iam\/\" data-internallinksmanager029f6b8e52c=\"23\" title=\"Uluslararas\u0131 Ta\u015f\u0131mac\u0131lar Birli\u011fi (IAM) A\u00e7\u0131klamas\u0131\">Uluslararas\u0131 Ta\u015f\u0131mac\u0131lar Birli\u011fi<\/a> (IAM) ve\/veya <a href=\"https:\/\/moverdb.com\/tr\/fidi-faim\/\" data-internallinksmanager029f6b8e52c=\"16\" title=\"FIDI &amp; FAIM (FIDI Akredite Uluslararas\u0131 Ta\u015f\u0131mac\u0131) A\u00e7\u0131klamas\u0131\">FIDI<\/a> Ta\u015f\u0131nman\u0131za yard\u0131mc\u0131 olabilecek Akredite Uluslararas\u0131 Ta\u015f\u0131mac\u0131lar (FAIM).<\/p>\n<h2><strong>1. D\u00fcnya \u00c7ap\u0131nda Ta\u015f\u0131mac\u0131lar<\/strong><\/h2>\n<p><img loading=\"lazy\" decoding=\"async\" class=\"alignnone size-full wp-image-7498\" src=\"https:\/\/moverdb.com\/wp-content\/uploads\/Worldwide-Movers-Ghana-international-moving-company.png\" alt=\"Worldwide Movers Gana uluslararas\u0131 nakliye \u015firketi\" width=\"1440\" height=\"675\" data-wp-pid=\"7498\" srcset=\"https:\/\/moverdb.com\/wp-content\/uploads\/Worldwide-Movers-Ghana-international-moving-company.png 1440w, https:\/\/moverdb.com\/wp-content\/uploads\/Worldwide-Movers-Ghana-international-moving-company-300x141.png 300w, https:\/\/moverdb.com\/wp-content\/uploads\/Worldwide-Movers-Ghana-international-moving-company-1024x480.png 1024w, https:\/\/moverdb.com\/wp-content\/uploads\/Worldwide-Movers-Ghana-international-moving-company-18x8.png 18w, https:\/\/moverdb.com\/wp-content\/uploads\/Worldwide-Movers-Ghana-international-moving-company-600x281.png 600w\" sizes=\"auto, (max-width: 1440px) 100vw, 1440px\" \/><\/p>\n<ul>\n<li>Ulusal hamleler<\/li>\n<li>Uluslararas\u0131 ta\u015f\u0131nmalar<\/li>\n<li>Ev ta\u015f\u0131ma<\/li>\n<li>Ofis ta\u015f\u0131ma<\/li>\n<li>Kap\u0131dan kap\u0131ya hizmet<\/li>\n<li>Kara, deniz ve hava ta\u015f\u0131mac\u0131l\u0131\u011f\u0131<\/li>\n<li>G\u00fcmr\u00fck formaliteleri deste\u011fi<\/li>\n<li>Evcil hayvan ta\u015f\u0131mac\u0131l\u0131\u011f\u0131<\/li>\n<li>Oryantasyon hizmetleri<\/li>\n<li>Depolama tesisleri<\/li>\n<\/ul>\n<p>Worldwide Movers, 2013 y\u0131l\u0131nda Akra'da kurulan Gana'daki ofisleri de dahil olmak \u00fczere d\u00fcnyan\u0131n d\u00f6rt bir yan\u0131nda ofisleri bulunan uluslararas\u0131 bir ta\u015f\u0131ma \u015firketidir. Ta\u015f\u0131nma konusunda Afrika'n\u0131n Alt\u0131n Standard\u0131na sahip olman\u0131n yan\u0131 s\u0131ra 10 y\u0131ll\u0131k hizmetiyle IAM \u00fcyesidir.<\/p>\n<p>Worldwide Movers, fiyat teklifi olu\u015fturmak i\u00e7in bir anketle ba\u015flayan ta\u015f\u0131nmalar i\u00e7in kap\u0131dan kap\u0131ya bir hizmet sunar. Kara, deniz veya hava yoluyla nakliyeyi ayarlayabilir ve g\u00fcmr\u00fck d\u00fczenlemeleri ve sigorta konusunda size rehberlik edebilirler. Ayr\u0131ca, b\u00f6lgeye al\u0131\u015fman\u0131z i\u00e7in oryantasyon hizmeti, konaklama ve okul bulma deste\u011fi gibi yerle\u015fmenize yard\u0131mc\u0131 olacak ek hizmetler de sunarlar.<\/p>\n<p>Web sitesi: <a href=\"https:\/\/www.worldwidemoversafrica.com\/countries\/ghana\/\" target=\"_blank\" rel=\"noopener\">https:\/\/www.worldwidemoversafrica.com\/countries\/ghana\/<\/a><\/p>\n<h2><strong>2. Doxa Worldwide Movers<\/strong><\/h2>\n<p><img loading=\"lazy\" decoding=\"async\" class=\"alignnone size-full wp-image-7436\" src=\"https:\/\/moverdb.com\/wp-content\/uploads\/Doxa-Worldwide-Movers-international-moving-company.png\" alt=\"Doxa Worldwide Movers uluslararas\u0131 ta\u015f\u0131ma \u015firketi\" width=\"1440\" height=\"686\" data-wp-pid=\"7436\" srcset=\"https:\/\/moverdb.com\/wp-content\/uploads\/Doxa-Worldwide-Movers-international-moving-company.png 1440w, https:\/\/moverdb.com\/wp-content\/uploads\/Doxa-Worldwide-Movers-international-moving-company-300x143.png 300w, https:\/\/moverdb.com\/wp-content\/uploads\/Doxa-Worldwide-Movers-international-moving-company-1024x488.png 1024w, https:\/\/moverdb.com\/wp-content\/uploads\/Doxa-Worldwide-Movers-international-moving-company-18x9.png 18w, https:\/\/moverdb.com\/wp-content\/uploads\/Doxa-Worldwide-Movers-international-moving-company-600x286.png 600w\" sizes=\"auto, (max-width: 1440px) 100vw, 1440px\" \/><\/p>\n<ul>\n<li>Ulusal hamleler<\/li>\n<li>Uluslararas\u0131 ta\u015f\u0131nmalar<\/li>\n<li>Konut Ta\u015f\u0131malar\u0131<\/li>\n<li>Kurumsal ta\u015f\u0131nmalar<\/li>\n<li>Kap\u0131dan kap\u0131ya veya <a href=\"https:\/\/moverdb.com\/tr\/top-49-container-ports\/\" data-internallinksmanager029f6b8e52c=\"80\" title=\"2025 Y\u0131l\u0131nda En B\u00fcy\u00fck ve En Yo\u011fun 49 Konteyner Liman\u0131\">Liman<\/a>-limandan limana hizmetler<\/li>\n<li>Paketleme hizmeti<\/li>\n<li>\u00d6zel kaplama veya ah\u015fap kutular<\/li>\n<li>Kara, hava veya deniz yoluyla ula\u015f\u0131m<\/li>\n<li>G\u00fcmr\u00fck i\u015flemleri<\/li>\n<li>G\u00fcvenli depolama tesisleri<\/li>\n<\/ul>\n<p>Doxa Worldwide Movers, 20 y\u0131ld\u0131r faaliyet g\u00f6steren Gana merkezli bir nakliye \u015firketidir. IAM'nin 28 y\u0131ll\u0131k bir \u00fcyesidir ve bu \u00fcyelik onlara yard\u0131mc\u0131 olmak i\u00e7in d\u00fcnya \u00e7ap\u0131nda geni\u015f bir ta\u015f\u0131ma acenteleri a\u011f\u0131na eri\u015fim sa\u011flar.<\/p>\n<p>Doxa Worldwide Movers, kap\u0131dan kap\u0131ya hizmet veya limandan limana hizmet se\u00e7enekleri sunar. E\u015fyalar\u0131n\u0131z\u0131 ta\u015f\u0131ma s\u0131ras\u0131nda korumak i\u00e7in \u00e7e\u015fitli ambalaj malzemeleri ve gerekti\u011finde \u00f6zel kaplama veya ah\u015fap kutular kullanarak uluslararas\u0131 standartlarda bir paketleme hizmeti sunarlar. Kara, deniz veya hava yoluyla ta\u015f\u0131ma se\u00e7enekleri sunar ve g\u00fcmr\u00fckleme konusunda yard\u0131mc\u0131 olurlar.<\/p>\n<p>Web sitesi: <a href=\"https:\/\/doxaworldwidemovers.com\" target=\"_blank\" rel=\"noopener\">https:\/\/doxaworldwidemovers.com<\/a><\/p>","protected":false},"excerpt":{"rendered":"<p>Are you planning a move in, from or to Ghana? Then you might be interested in employing the services of a professional moving company that can assist with moving your belongings and handle the paperwork. Below we have compiled a list of Ghana based removal companies that are members of the International Association of Movers [&hellip;]<\/p>\n","protected":false},"author":4,"featured_media":0,"parent":190,"menu_order":0,"comment_status":"closed","ping_status":"closed","template":"","meta":{"_genesis_hide_title":false,"_genesis_hide_breadcrumbs":false,"_genesis_hide_singular_image":false,"_genesis_hide_footer_widgets":false,"_genesis_custom_body_class":"","_genesis_custom_post_class":"","_genesis_layout":"","footnotes":""},"class_list":{"0":"post-7508","1":"page","2":"type-page","3":"status-publish","5":"entry","6":"has-post-thumbnail"},"_links":{"self":[{"href":"https:\/\/moverdb.com\/tr\/wp-json\/wp\/v2\/pages\/7508","targetHints":{"allow":["GET"]}}],"collection":[{"href":"https:\/\/moverdb.com\/tr\/wp-json\/wp\/v2\/pages"}],"about":[{"href":"https:\/\/moverdb.com\/tr\/wp-json\/wp\/v2\/types\/page"}],"author":[{"embeddable":true,"href":"https:\/\/moverdb.com\/tr\/wp-json\/wp\/v2\/users\/4"}],"replies":[{"embeddable":true,"href":"https:\/\/moverdb.com\/tr\/wp-json\/wp\/v2\/comments?post=7508"}],"version-history":[{"count":1,"href":"https:\/\/moverdb.com\/tr\/wp-json\/wp\/v2\/pages\/7508\/revisions"}],"predecessor-version":[{"id":7509,"href":"https:\/\/moverdb.com\/tr\/wp-json\/wp\/v2\/pages\/7508\/revisions\/7509"}],"up":[{"embeddable":true,"href":"https:\/\/moverdb.com\/tr\/wp-json\/wp\/v2\/pages\/190"}],"wp:attachment":[{"href":"https:\/\/moverdb.com\/tr\/wp-json\/wp\/v2\/media?parent=7508"}],"curies":[{"name":"wp","href":"https:\/\/api.w.org\/{rel}","templated":true}]}}