{"id":6051,"date":"2023-02-01T12:39:56","date_gmt":"2023-02-01T12:39:56","guid":{"rendered":"https:\/\/moverdb.com\/?page_id=6051"},"modified":"2026-01-08T15:24:43","modified_gmt":"2026-01-08T15:24:43","slug":"tasima-sirketleri-finlandiya","status":"publish","type":"page","link":"https:\/\/moverdb.com\/tr\/moving-companies\/moving-companies-finland\/","title":{"rendered":"Finlandiya'daki En \u0130yi 4 Uluslararas\u0131 Nakliye \u015eirketi"},"content":{"rendered":"<p>Ev veya i\u015f yeri ta\u015f\u0131mak, \u00f6zellikle ba\u015fka bir \u00fclkeye ta\u015f\u0131n\u0131yorsan\u0131z, ayarlanmas\u0131 gereken \u00e7ok \u015fey oldu\u011fundan stresli bir zaman olabilir. Bu nedenle, bir nakliye \u015firketinin <a href=\"https:\/\/moverdb.com\/tr\/moving-companies\/\" data-internallinksmanager029f6b8e52c=\"79\" title=\"\u00c7evrimi\u00e7i En \u0130yi 25 Uluslararas\u0131 Nakliye \u015eirketi\">ta\u015finma \u015fi\u0307rketi\u0307<\/a> sizin i\u00e7in t\u00fcm d\u00fczenlemeleri yapabilecekleri ve evrak i\u015flerinde size yard\u0131mc\u0131 olabilecekleri i\u00e7in y\u00fck\u00fcn\u00fcz\u00fc hafifletmeye yard\u0131mc\u0131 olabilirler. A\u015fa\u011f\u0131da a\u015fa\u011f\u0131dakilerin bir listesini derledik <a href=\"https:\/\/moverdb.com\/tr\/international-removals\/\" data-internallinksmanager029f6b8e52c=\"27\" title=\"36 \u0130ngiltere&#039;deki En \u0130yi Uluslararas\u0131 Nakliye \u015eirketleri\">nakli\u0307ye \u015fi\u0307rketleri\u0307<\/a> merkezli <a href=\"https:\/\/moverdb.com\/tr\/moving-to-finland\/\" data-internallinksmanager029f6b8e52c=\"345\" title=\"Finlandiya&#039;ya m\u0131 Ta\u015f\u0131n\u0131yorsunuz? 2026 Ya\u015fam Maliyetleri &amp; Yer De\u011fi\u015ftirme \u0130pu\u00e7lar\u0131\">Finlandiya<\/a> \u00fcyesi olan <a href=\"https:\/\/moverdb.com\/tr\/iam\/\" data-internallinksmanager029f6b8e52c=\"23\" title=\"Uluslararas\u0131 Ta\u015f\u0131mac\u0131lar Birli\u011fi (IAM) A\u00e7\u0131klamas\u0131\">Uluslararas\u0131 Ta\u015f\u0131mac\u0131lar Birli\u011fi<\/a> (IAM) ve\/veya <a href=\"https:\/\/moverdb.com\/tr\/fidi-faim\/\" data-internallinksmanager029f6b8e52c=\"16\" title=\"FIDI &amp; FAIM (FIDI Akredite Uluslararas\u0131 Ta\u015f\u0131mac\u0131) A\u00e7\u0131klamas\u0131\">FIDI<\/a> Ta\u015f\u0131nman\u0131zda size yard\u0131mc\u0131 olabilecek Akredite Uluslararas\u0131 Ta\u015f\u0131mac\u0131 (FAIM).<\/p>\n<div id=\"ez-toc-container\" class=\"ez-toc-v2_0_82_2 ez-toc-wrap-left counter-hierarchy ez-toc-counter ez-toc-transparent ez-toc-container-direction\">\n<div class=\"ez-toc-title-container\">\n<p class=\"ez-toc-title\" style=\"cursor:inherit\">B\u00f6l\u00fcmler<\/p>\n<span class=\"ez-toc-title-toggle\"><a href=\"#\" class=\"ez-toc-pull-right ez-toc-btn ez-toc-btn-xs ez-toc-btn-default ez-toc-toggle\" aria-label=\"\u0130\u00e7indekiler Tablosunu A\u00e7\/Kapat\"><span class=\"ez-toc-js-icon-con\"><span class=\"\"><span class=\"eztoc-hide\" style=\"display:none;\">Ge\u00e7i\u015f<\/span><span class=\"ez-toc-icon-toggle-span\"><svg style=\"fill: #999;color:#999\" xmlns=\"http:\/\/www.w3.org\/2000\/svg\" class=\"list-377408\" width=\"20px\" height=\"20px\" viewbox=\"0 0 24 24\" fill=\"none\"><path d=\"M6 6H4v2h2V6zm14 0H8v2h12V6zM4 11h2v2H4v-2zm16 0H8v2h12v-2zM4 16h2v2H4v-2zm16 0H8v2h12v-2z\" fill=\"currentColor\"><\/path><\/svg><svg style=\"fill: #999;color:#999\" class=\"arrow-unsorted-368013\" xmlns=\"http:\/\/www.w3.org\/2000\/svg\" width=\"10px\" height=\"10px\" viewbox=\"0 0 24 24\" version=\"1.2\" baseprofile=\"tiny\"><path d=\"M18.2 9.3l-6.2-6.3-6.2 6.3c-.2.2-.3.4-.3.7s.1.5.3.7c.2.2.4.3.7.3h11c.3 0 .5-.1.7-.3.2-.2.3-.5.3-.7s-.1-.5-.3-.7zM5.8 14.7l6.2 6.3 6.2-6.3c.2-.2.3-.5.3-.7s-.1-.5-.3-.7c-.2-.2-.4-.3-.7-.3h-11c-.3 0-.5.1-.7.3-.2.2-.3.5-.3.7s.1.5.3.7z\"\/><\/svg><\/span><\/span><\/span><\/a><\/span><\/div>\n<nav><ul class='ez-toc-list ez-toc-list-level-1 eztoc-toggle-hide-by-default' ><li class='ez-toc-page-1 ez-toc-heading-level-2'><a class=\"ez-toc-link ez-toc-heading-1\" href=\"https:\/\/moverdb.com\/tr\/moving-companies\/moving-companies-finland\/#1_Travelcargo_International_Removals\" >1. Travelcargo Uluslararas\u0131 Ta\u015f\u0131malar<\/a><\/li><li class='ez-toc-page-1 ez-toc-heading-level-2'><a class=\"ez-toc-link ez-toc-heading-2\" href=\"https:\/\/moverdb.com\/tr\/moving-companies\/moving-companies-finland\/#2_Niemi_Services\" >2. Niemi Hizmetleri<\/a><\/li><li class='ez-toc-page-1 ez-toc-heading-level-2'><a class=\"ez-toc-link ez-toc-heading-3\" href=\"https:\/\/moverdb.com\/tr\/moving-companies\/moving-companies-finland\/#3_Pegasus_Moving\" >3. Pegasus Ta\u015f\u0131mac\u0131l\u0131k<\/a><\/li><li class='ez-toc-page-1 ez-toc-heading-level-2'><a class=\"ez-toc-link ez-toc-heading-4\" href=\"https:\/\/moverdb.com\/tr\/moving-companies\/moving-companies-finland\/#4_Victor_EK\" >4. Victor EK<\/a><\/li><li class='ez-toc-page-1 ez-toc-heading-level-2'><a class=\"ez-toc-link ez-toc-heading-5\" href=\"https:\/\/moverdb.com\/tr\/moving-companies\/moving-companies-finland\/#Other_Useful_Guides_to_Finland\" >Finlandiya \u0130\u00e7in Di\u011fer Faydal\u0131 K\u0131lavuzlar<\/a><\/li><\/ul><\/nav><\/div>\n<h2><span class=\"ez-toc-section\" id=\"1_Travelcargo_International_Removals\"><\/span><strong>1. Travelcargo Uluslararas\u0131 Ta\u015f\u0131malar<\/strong><span class=\"ez-toc-section-end\"><\/span><\/h2>\n<p><img loading=\"lazy\" decoding=\"async\" class=\"alignnone size-full wp-image-6052\" src=\"https:\/\/moverdb.com\/wp-content\/uploads\/Travel-Cargo-international-moving-company.png\" alt=\"Travel Cargo uluslararas\u0131 ta\u015f\u0131ma \u015firketi\" width=\"1440\" height=\"672\" data-wp-pid=\"6052\" srcset=\"https:\/\/moverdb.com\/wp-content\/uploads\/Travel-Cargo-international-moving-company.png 1440w, https:\/\/moverdb.com\/wp-content\/uploads\/Travel-Cargo-international-moving-company-300x140.png 300w, https:\/\/moverdb.com\/wp-content\/uploads\/Travel-Cargo-international-moving-company-1024x478.png 1024w, https:\/\/moverdb.com\/wp-content\/uploads\/Travel-Cargo-international-moving-company-18x8.png 18w, https:\/\/moverdb.com\/wp-content\/uploads\/Travel-Cargo-international-moving-company-600x280.png 600w\" sizes=\"auto, (max-width: 1440px) 100vw, 1440px\" \/><\/p>\n<ul>\n<li>Uluslararas\u0131 Ta\u015f\u0131malar<\/li>\n<li>Ev ta\u015f\u0131ma<\/li>\n<li>Kurumsal hamleler<\/li>\n<li>Kap\u0131dan kap\u0131ya hizmet<\/li>\n<li>Profesyonel paketleme hizmeti<\/li>\n<li>Karayolu, hava ve deniz ta\u015f\u0131mac\u0131l\u0131\u011f\u0131<\/li>\n<li>G\u00fcmr\u00fck i\u015flemleri<\/li>\n<li>Hayvan ta\u015f\u0131mac\u0131l\u0131\u011f\u0131<\/li>\n<li>Fazla bagaj hizmeti<\/li>\n<li>Fuarlar ve etkinlikler<\/li>\n<\/ul>\n<p>Travelcargo International Removals 2005 y\u0131l\u0131nda kurulmu\u015f Helsinki merkezli bir nakliye ve lojistik \u015firketidir. ATC Global Solutions'\u0131n bir b\u00f6l\u00fcm\u00fcd\u00fcr. Di\u011fer uluslararas\u0131 ta\u015f\u0131ma acenteleriyle ortakl\u0131klar\u0131 arac\u0131l\u0131\u011f\u0131yla d\u00fcnya \u00e7ap\u0131nda 180'den fazla \u00fclkeye ta\u015f\u0131ma hizmetleri sunmaktad\u0131rlar. \u015eirket 17 y\u0131ll\u0131k hizmetiyle IAM \u00fcyesidir ve FIDI taraf\u0131ndan akredite edilmi\u015ftir.<\/p>\n<p>Travelcargo, ihtiya\u00e7lar\u0131n\u0131z\u0131 de\u011ferlendirmek ve kap\u0131dan kap\u0131ya hizmetle ta\u015f\u0131nman\u0131z i\u00e7in d\u00fczenlemeler yapmak \u00fczere ta\u015f\u0131nma \u00f6ncesi bir anket sunar. E\u015fyalar\u0131n\u0131z\u0131 y\u00fcksek kaliteli paketleme malzemeleri kullanarak g\u00fcvenli bir \u015fekilde paketlemek i\u00e7in profesyonel paketleyiciler sa\u011flarlar. G\u00fcmr\u00fck i\u015flemleri ile birlikte kara, hava ve deniz yoluyla nakliyeyi d\u00fczenlerler.<\/p>\n<p>Web sitesi: <a href=\"http:\/\/www.travelcargo.fi\" target=\"_blank\" rel=\"noopener\">http:\/\/www.travelcargo.fi<\/a><\/p>\n<h2><span class=\"ez-toc-section\" id=\"2_Niemi_Services\"><\/span><strong>2. Niemi Hizmetleri<\/strong><span class=\"ez-toc-section-end\"><\/span><\/h2>\n<p><img loading=\"lazy\" decoding=\"async\" class=\"alignnone size-full wp-image-5986\" src=\"https:\/\/moverdb.com\/wp-content\/uploads\/Niemi-Services-international-moving-company.png\" alt=\"Niemi Services uluslararas\u0131 ta\u015f\u0131ma \u015firketi\" width=\"1440\" height=\"683\" data-wp-pid=\"5986\" srcset=\"https:\/\/moverdb.com\/wp-content\/uploads\/Niemi-Services-international-moving-company.png 1440w, https:\/\/moverdb.com\/wp-content\/uploads\/Niemi-Services-international-moving-company-300x142.png 300w, https:\/\/moverdb.com\/wp-content\/uploads\/Niemi-Services-international-moving-company-1024x486.png 1024w, https:\/\/moverdb.com\/wp-content\/uploads\/Niemi-Services-international-moving-company-18x9.png 18w, https:\/\/moverdb.com\/wp-content\/uploads\/Niemi-Services-international-moving-company-600x285.png 600w\" sizes=\"auto, (max-width: 1440px) 100vw, 1440px\" \/><\/p>\n<ul>\n<li>Ulusal hamleler<\/li>\n<li>Uluslararas\u0131 ta\u015f\u0131nmalar<\/li>\n<li>Konut Ta\u015f\u0131malar\u0131<\/li>\n<li>Kurumsal hamleler<\/li>\n<li>Ta\u015f\u0131ma paketi seviyesi se\u00e7imi<\/li>\n<li>Paketleme hizmetleri<\/li>\n<li>Karayolu, denizyolu ve havayolu ta\u015f\u0131mac\u0131l\u0131\u011f\u0131<\/li>\n<li>G\u00fcmr\u00fck i\u015flemleri<\/li>\n<li>Sigorta<\/li>\n<li>K\u0131sa ve uzun vadeli depolama tesisleri<\/li>\n<\/ul>\n<p>Niemi Services, Helsinki, Jyvaskyla ve Kuopio'da operasyon merkezleri bulunan bir nakliye ve lojistik \u015firketidir, <a href=\"https:\/\/www.niemi.fi\/en\/about_us\/offices\/niemi_lahti\" target=\"_blank\" rel=\"noopener\">Lahti<\/a>,&nbsp;<a href=\"https:\/\/www.niemi.fi\/en\/about_us\/offices\/niemi_oulu\" target=\"_blank\" rel=\"noopener\">Oulu<\/a>,&nbsp;<a href=\"https:\/\/www.niemi.fi\/en\/about_us\/offices\/niemi_tampere\" target=\"_blank\" rel=\"noopener\">Tampere<\/a>,&nbsp;<a href=\"https:\/\/www.niemi.fi\/en\/about_us\/offices\/niemi_turku\" target=\"_blank\" rel=\"noopener\">Turku<\/a>ve&nbsp;<a href=\"https:\/\/www.niemi.fi\/en\/about_us\/offices\/niemi_vaasa\" target=\"_blank\" rel=\"noopener\">Vaasa<\/a>. Uluslararas\u0131 ta\u015f\u0131ma acenteleri ile ortakla\u015fa d\u00fcnya \u00e7ap\u0131nda ta\u015f\u0131ma hizmeti sunmaktad\u0131rlar. IAM'nin 41 y\u0131ll\u0131k bir \u00fcyesidirler ve FIDI taraf\u0131ndan akredite edilmi\u015flerdir.<\/p>\n<p>Niemi Services, ta\u015f\u0131ma kutusu kiralamadan tam hizmet ta\u015f\u0131nmas\u0131na kadar \u00e7e\u015fitli ta\u015f\u0131ma hizmetleri sunmaktad\u0131r. Ta\u015f\u0131nma i\u015fleminiz i\u00e7in d\u00fczenlemeler yapmak \u00fczere \u00fccretsiz bir de\u011ferlendirme ve planlama ziyareti sunarlar. Kendi ara\u00e7 filolar\u0131n\u0131 kullan\u0131rlar ve ayr\u0131ca tek bir e\u015fyadan tam konteynerlere kadar hava ve deniz ta\u015f\u0131mac\u0131l\u0131\u011f\u0131 sunarlar.<\/p>\n<p>Web sitesi: <a href=\"http:\/\/www.niemi.fi\/en\" target=\"_blank\" rel=\"noopener\">http:\/\/www.niemi.fi\/en<\/a><\/p>\n<h2><span class=\"ez-toc-section\" id=\"3_Pegasus_Moving\"><\/span><strong>3. Pegasus Ta\u015f\u0131mac\u0131l\u0131k<\/strong><span class=\"ez-toc-section-end\"><\/span><\/h2>\n<p><img loading=\"lazy\" decoding=\"async\" class=\"alignnone size-full wp-image-5991\" src=\"https:\/\/moverdb.com\/wp-content\/uploads\/Pegasus-Moving-international-moving-company.png\" alt=\"Pegasus Ta\u015f\u0131mac\u0131l\u0131k uluslararas\u0131 ta\u015f\u0131ma \u015firketi\" width=\"1440\" height=\"682\" data-wp-pid=\"5991\" srcset=\"https:\/\/moverdb.com\/wp-content\/uploads\/Pegasus-Moving-international-moving-company.png 1440w, https:\/\/moverdb.com\/wp-content\/uploads\/Pegasus-Moving-international-moving-company-300x142.png 300w, https:\/\/moverdb.com\/wp-content\/uploads\/Pegasus-Moving-international-moving-company-1024x485.png 1024w, https:\/\/moverdb.com\/wp-content\/uploads\/Pegasus-Moving-international-moving-company-18x9.png 18w, https:\/\/moverdb.com\/wp-content\/uploads\/Pegasus-Moving-international-moving-company-600x284.png 600w\" sizes=\"auto, (max-width: 1440px) 100vw, 1440px\" \/><\/p>\n<ul>\n<li>Ulusal hamleler<\/li>\n<li>Uluslararas\u0131 ta\u015f\u0131nmalar<\/li>\n<li>Ev ta\u015f\u0131ma<\/li>\n<li>Yer de\u011fi\u015ftirme hizmetleri<\/li>\n<li>Ki\u015fiye \u00f6zel hizmetler<\/li>\n<li>Paketleme hizmetleri<\/li>\n<li>\u00d6zel yap\u0131m nakliye kutular\u0131<\/li>\n<li>G\u00fcmr\u00fck deste\u011fi<\/li>\n<li>Araba ta\u015f\u0131mac\u0131l\u0131\u011f\u0131<\/li>\n<li>K\u0131sa ila uzun s\u00fcreli depolama<\/li>\n<\/ul>\n<p>Pegasus Moving, 20 y\u0131l\u0131 a\u015fk\u0131n deneyime sahip ve merkezi Helsinki'de bulunan bir ta\u015f\u0131ma ve lojistik \u015firketidir. Uluslararas\u0131 ta\u015f\u0131malar i\u00e7in di\u011fer ta\u015f\u0131ma acenteleriyle birlikte \u00e7al\u0131\u015f\u0131rlar. \u015eirket, 11 y\u0131ll\u0131k hizmetiyle IAM \u00fcyesidir.<\/p>\n<p>Pegasus Ta\u015f\u0131mac\u0131l\u0131k, ihtiya\u00e7lar\u0131n\u0131z\u0131n neler oldu\u011funu belirlemek i\u00e7in ta\u015f\u0131nma incelemeleri sunar ve e\u015fyalar\u0131n\u0131z\u0131 korumak i\u00e7in paketleme hizmetleri sa\u011flayabilir. Ta\u015f\u0131nman\u0131z\u0131n t\u00fcm y\u00f6nlerini ihtiya\u00e7lar\u0131n\u0131za g\u00f6re d\u00fczenleyecek ve g\u00fcmr\u00fck gereklilikleri konusunda size yard\u0131mc\u0131 olacaklard\u0131r. Ayr\u0131ca son temizlik, at\u0131klar\u0131n kald\u0131r\u0131lmas\u0131, eski mobilyalar\u0131n geri d\u00f6n\u00fc\u015f\u00fcm\u00fc, elektrikli cihazlar\u0131n kurulumu ve depolama olanaklar\u0131 gibi ek hizmetler de sunarlar.<\/p>\n<p>Web sitesi: <a href=\"http:\/\/www.pegasusmoving.fi\" target=\"_blank\" rel=\"noopener\">http:\/\/www.pegasusmoving.fi<\/a><\/p>\n<h2><span class=\"ez-toc-section\" id=\"4_Victor_EK\"><\/span><strong>4. Victor EK<\/strong><span class=\"ez-toc-section-end\"><\/span><\/h2>\n<p><img loading=\"lazy\" decoding=\"async\" class=\"alignnone size-full wp-image-6010\" src=\"https:\/\/moverdb.com\/wp-content\/uploads\/Victor-EK-international-moving-company.png\" alt=\"Victor EK uluslararas\u0131 nakliye \u015firketi\" width=\"1440\" height=\"682\" data-wp-pid=\"6010\" srcset=\"https:\/\/moverdb.com\/wp-content\/uploads\/Victor-EK-international-moving-company.png 1440w, https:\/\/moverdb.com\/wp-content\/uploads\/Victor-EK-international-moving-company-300x142.png 300w, https:\/\/moverdb.com\/wp-content\/uploads\/Victor-EK-international-moving-company-1024x485.png 1024w, https:\/\/moverdb.com\/wp-content\/uploads\/Victor-EK-international-moving-company-18x9.png 18w, https:\/\/moverdb.com\/wp-content\/uploads\/Victor-EK-international-moving-company-600x284.png 600w\" sizes=\"auto, (max-width: 1440px) 100vw, 1440px\" \/><\/p>\n<ul>\n<li>Ulusal hamleler<\/li>\n<li>Uluslararas\u0131 ta\u015f\u0131nmalar<\/li>\n<li>Ev ta\u015f\u0131ma<\/li>\n<li>\u015eirket ta\u015f\u0131nmalar\u0131<\/li>\n<li>Paketleme hizmeti<\/li>\n<li>Kara, deniz ve hava ta\u015f\u0131mac\u0131l\u0131\u011f\u0131<\/li>\n<li>G\u00fcmr\u00fck i\u015flemleri<\/li>\n<li>Sigorta<\/li>\n<li>Araba ta\u015f\u0131mac\u0131l\u0131\u011f\u0131<\/li>\n<li>Depolama tesisleri<\/li>\n<\/ul>\n<p>Victor EK, Helsinki, Tampere ve Hanko'da ofisleri bulunan ve 1885 y\u0131l\u0131nda kurulmu\u015f bir aile \u015firketi olan nakliye ve lojistik \u015firketidir. Hizmetlerini t\u00fcm d\u00fcnyaya ula\u015ft\u0131rmak i\u00e7in denizcilik \u015firketleri ve uluslararas\u0131 kurulu\u015flarla uzun vadeli ili\u015fkileri vard\u0131r. \u015eirket, Avrupa Birli\u011fi'nin bir \u00fcyesidir. <a href=\"https:\/\/moverdb.com\/tr\/harmony-relocation-network\/\" data-internallinksmanager029f6b8e52c=\"20\" title=\"Harmony Relocation Network (HRN) A\u00e7\u0131klamas\u0131\">Harmony Yer De\u011fi\u015ftirme A\u011f\u0131<\/a> FIDI taraf\u0131ndan akredite edilmi\u015f olan IAM'ye 129 y\u0131ld\u0131r hizmet vermektedir.<\/p>\n<p>Victor EK, ihtiya\u00e7lar\u0131n\u0131z\u0131 ke\u015ffetmek i\u00e7in \u00fccretsiz bir ta\u015f\u0131nma incelemesi sunar. \u0130htiya\u00e7 duyman\u0131z halinde paketleme hizmetleri de sunmaktad\u0131r. E\u015fyalar\u0131n\u0131z\u0131n kara, hava veya deniz yoluyla ta\u015f\u0131nmas\u0131n\u0131 ayarlar ve g\u00fcmr\u00fckleme ve sigorta konular\u0131nda yard\u0131mc\u0131 olurlar. Ayr\u0131ca evinizden ayr\u0131l\u0131rken temizlik hizmetleri de sunarlar.<\/p>\n<p>Web sitesi: <a href=\"http:\/\/www.victorek.fi\" target=\"_blank\" rel=\"noopener\">http:\/\/www.victorek.fi<\/a><\/p>\n<h2><span class=\"ez-toc-section\" id=\"Other_Useful_Guides_to_Finland\"><\/span>Finlandiya \u0130\u00e7in Di\u011fer Faydal\u0131 K\u0131lavuzlar<span class=\"ez-toc-section-end\"><\/span><\/h2>\n<ul>\n<li> <a href=\"https:\/\/moverdb.com\/tr\/moving-to-finland\/\">Finlandiya'ya m\u0131 Ta\u015f\u0131n\u0131yorsunuz? 2026 Ya\u015fam Maliyetleri &amp; Yer De\u011fi\u015ftirme \u0130pu\u00e7lar\u0131<\/a><\/li>\n<li> <a href=\"https:\/\/moverdb.com\/tr\/moving-to-finland\/best-places-to-live-finland\/\">Finlandiya'da Ya\u015fanacak En \u0130yi 12 Yer<\/a><\/li>\n<li> <a href=\"https:\/\/moverdb.com\/tr\/moving-to-finland\/living-in-finland\/\">Finlandiya'da Ya\u015famak Hakk\u0131nda Ta\u015f\u0131nmadan \u00d6nce Bilmeniz Gereken 21 S\u0131r<\/a><\/li>\n<li> <a href=\"https:\/\/moverdb.com\/tr\/konteyner-tasimaciligi\/finlandiya\/\">2024 Finlandiya'ya ve Finlandiya'dan Deniz Ta\u015f\u0131mac\u0131l\u0131\u011f\u0131 Konteyner Nakliye Fiyatlar\u0131<\/a><\/li>\n<\/ul>","protected":false},"excerpt":{"rendered":"<p>Moving home or business premises can be a stressful time as there is so much to arrange, especially if you are moving to another country. So, engaging the services of a moving company can help lighten the load as they can make all the arrangements for you and assist you in navigating through the paperwork. [&hellip;]<\/p>\n","protected":false},"author":4,"featured_media":0,"parent":190,"menu_order":0,"comment_status":"closed","ping_status":"closed","template":"","meta":{"_genesis_hide_title":false,"_genesis_hide_breadcrumbs":false,"_genesis_hide_singular_image":false,"_genesis_hide_footer_widgets":false,"_genesis_custom_body_class":"","_genesis_custom_post_class":"","_genesis_layout":"","footnotes":""},"class_list":{"0":"post-6051","1":"page","2":"type-page","3":"status-publish","5":"entry","6":"has-post-thumbnail"},"_links":{"self":[{"href":"https:\/\/moverdb.com\/tr\/wp-json\/wp\/v2\/pages\/6051","targetHints":{"allow":["GET"]}}],"collection":[{"href":"https:\/\/moverdb.com\/tr\/wp-json\/wp\/v2\/pages"}],"about":[{"href":"https:\/\/moverdb.com\/tr\/wp-json\/wp\/v2\/types\/page"}],"author":[{"embeddable":true,"href":"https:\/\/moverdb.com\/tr\/wp-json\/wp\/v2\/users\/4"}],"replies":[{"embeddable":true,"href":"https:\/\/moverdb.com\/tr\/wp-json\/wp\/v2\/comments?post=6051"}],"version-history":[{"count":3,"href":"https:\/\/moverdb.com\/tr\/wp-json\/wp\/v2\/pages\/6051\/revisions"}],"predecessor-version":[{"id":16285,"href":"https:\/\/moverdb.com\/tr\/wp-json\/wp\/v2\/pages\/6051\/revisions\/16285"}],"up":[{"embeddable":true,"href":"https:\/\/moverdb.com\/tr\/wp-json\/wp\/v2\/pages\/190"}],"wp:attachment":[{"href":"https:\/\/moverdb.com\/tr\/wp-json\/wp\/v2\/media?parent=6051"}],"curies":[{"name":"wp","href":"https:\/\/api.w.org\/{rel}","templated":true}]}}