{"id":6046,"date":"2023-02-01T13:44:41","date_gmt":"2023-02-01T13:44:41","guid":{"rendered":"https:\/\/moverdb.com\/?page_id=6046"},"modified":"2026-01-08T15:25:06","modified_gmt":"2026-01-08T15:25:06","slug":"tasima-sirketleri-etiyopya","status":"publish","type":"page","link":"https:\/\/moverdb.com\/tr\/moving-companies\/moving-companies-ethiopia\/","title":{"rendered":"Etiyopya'daki En \u0130yi 5 Uluslararas\u0131 Nakliye \u015eirketi"},"content":{"rendered":"<p>Ta\u015f\u0131nma, \u00f6zellikle \u00fclkeler aras\u0131nda ta\u015f\u0131n\u0131yorsan\u0131z yo\u011fun ve stresli bir d\u00f6nemdir, bu nedenle bir ta\u015f\u0131nma \u015firketinden destek almak yard\u0131mc\u0131 olabilir. <a href=\"https:\/\/moverdb.com\/tr\/moving-companies\/\" data-internallinksmanager029f6b8e52c=\"79\" title=\"\u00c7evrimi\u00e7i En \u0130yi 25 Uluslararas\u0131 Nakliye \u015eirketi\">Nakliye \u015firketleri<\/a> evrak i\u015flerinde gezinme ve ula\u015f\u0131m\u0131n ayarlanmas\u0131 konusunda yard\u0131mc\u0131 olabilir. A\u015fa\u011f\u0131da Etiyopyal\u0131lar\u0131n bir listesini derledik <a href=\"https:\/\/moverdb.com\/tr\/international-removals\/\" data-internallinksmanager029f6b8e52c=\"27\" title=\"36 \u0130ngiltere&#039;deki En \u0130yi Uluslararas\u0131 Nakliye \u015eirketleri\">nakli\u0307ye \u015fi\u0307rketleri\u0307<\/a> \u00fcyesi olan <a href=\"https:\/\/moverdb.com\/tr\/iam\/\" data-internallinksmanager029f6b8e52c=\"23\" title=\"Uluslararas\u0131 Ta\u015f\u0131mac\u0131lar Birli\u011fi (IAM) A\u00e7\u0131klamas\u0131\">Uluslararas\u0131 Ta\u015f\u0131mac\u0131lar Birli\u011fi<\/a> (IAM) ve\/veya <a href=\"https:\/\/moverdb.com\/tr\/fidi-faim\/\" data-internallinksmanager029f6b8e52c=\"16\" title=\"FIDI &amp; FAIM (FIDI Akredite Uluslararas\u0131 Ta\u015f\u0131mac\u0131) A\u00e7\u0131klamas\u0131\">FIDI<\/a> Ta\u015f\u0131nman\u0131zda size yard\u0131mc\u0131 olabilecek Akredite Uluslararas\u0131 Ta\u015f\u0131y\u0131c\u0131 (FAIM).<\/p>\n<div id=\"ez-toc-container\" class=\"ez-toc-v2_0_82_2 ez-toc-wrap-left counter-hierarchy ez-toc-counter ez-toc-transparent ez-toc-container-direction\">\n<div class=\"ez-toc-title-container\">\n<p class=\"ez-toc-title\" style=\"cursor:inherit\">B\u00f6l\u00fcmler<\/p>\n<span class=\"ez-toc-title-toggle\"><a href=\"#\" class=\"ez-toc-pull-right ez-toc-btn ez-toc-btn-xs ez-toc-btn-default ez-toc-toggle\" aria-label=\"\u0130\u00e7indekiler Tablosunu A\u00e7\/Kapat\"><span class=\"ez-toc-js-icon-con\"><span class=\"\"><span class=\"eztoc-hide\" style=\"display:none;\">Ge\u00e7i\u015f<\/span><span class=\"ez-toc-icon-toggle-span\"><svg style=\"fill: #999;color:#999\" xmlns=\"http:\/\/www.w3.org\/2000\/svg\" class=\"list-377408\" width=\"20px\" height=\"20px\" viewbox=\"0 0 24 24\" fill=\"none\"><path d=\"M6 6H4v2h2V6zm14 0H8v2h12V6zM4 11h2v2H4v-2zm16 0H8v2h12v-2zM4 16h2v2H4v-2zm16 0H8v2h12v-2z\" fill=\"currentColor\"><\/path><\/svg><svg style=\"fill: #999;color:#999\" class=\"arrow-unsorted-368013\" xmlns=\"http:\/\/www.w3.org\/2000\/svg\" width=\"10px\" height=\"10px\" viewbox=\"0 0 24 24\" version=\"1.2\" baseprofile=\"tiny\"><path d=\"M18.2 9.3l-6.2-6.3-6.2 6.3c-.2.2-.3.4-.3.7s.1.5.3.7c.2.2.4.3.7.3h11c.3 0 .5-.1.7-.3.2-.2.3-.5.3-.7s-.1-.5-.3-.7zM5.8 14.7l6.2 6.3 6.2-6.3c.2-.2.3-.5.3-.7s-.1-.5-.3-.7c-.2-.2-.4-.3-.7-.3h-11c-.3 0-.5.1-.7.3-.2.2-.3.5-.3.7s.1.5.3.7z\"\/><\/svg><\/span><\/span><\/span><\/a><\/span><\/div>\n<nav><ul class='ez-toc-list ez-toc-list-level-1 eztoc-toggle-hide-by-default' ><li class='ez-toc-page-1 ez-toc-heading-level-2'><a class=\"ez-toc-link ez-toc-heading-1\" href=\"https:\/\/moverdb.com\/tr\/moving-companies\/moving-companies-ethiopia\/#1_Melehk_Logistics\" >1. Melehk Lojistik<\/a><\/li><li class='ez-toc-page-1 ez-toc-heading-level-2'><a class=\"ez-toc-link ez-toc-heading-2\" href=\"https:\/\/moverdb.com\/tr\/moving-companies\/moving-companies-ethiopia\/#2_Move_One\" >2. Hareket Bir<\/a><\/li><li class='ez-toc-page-1 ez-toc-heading-level-2'><a class=\"ez-toc-link ez-toc-heading-3\" href=\"https:\/\/moverdb.com\/tr\/moving-companies\/moving-companies-ethiopia\/#3_Panafric_Global\" >3. Panafric Global<\/a><\/li><li class='ez-toc-page-1 ez-toc-heading-level-2'><a class=\"ez-toc-link ez-toc-heading-4\" href=\"https:\/\/moverdb.com\/tr\/moving-companies\/moving-companies-ethiopia\/#4_Segon_Marill_Movers\" >4. Segon Marill Movers<\/a><\/li><li class='ez-toc-page-1 ez-toc-heading-level-2'><a class=\"ez-toc-link ez-toc-heading-5\" href=\"https:\/\/moverdb.com\/tr\/moving-companies\/moving-companies-ethiopia\/#5_Solomon_Zewdu_Shipping_and_Freight_Forwarding\" >5. Solomon Zewdu Nakliye ve Ta\u015f\u0131mac\u0131l\u0131k<\/a><\/li><\/ul><\/nav><\/div>\n<h2><span class=\"ez-toc-section\" id=\"1_Melehk_Logistics\"><\/span><strong>1. Melehk Lojistik<\/strong><span class=\"ez-toc-section-end\"><\/span><\/h2>\n<p><img loading=\"lazy\" decoding=\"async\" class=\"alignnone size-full wp-image-5971\" src=\"https:\/\/moverdb.com\/wp-content\/uploads\/Melehk-Logistics-international-moving-company.png\" alt=\"Melehk Lojistik uluslararas\u0131 ta\u015f\u0131ma \u015firketi\" width=\"1440\" height=\"674\" data-wp-pid=\"5971\" srcset=\"https:\/\/moverdb.com\/wp-content\/uploads\/Melehk-Logistics-international-moving-company.png 1440w, https:\/\/moverdb.com\/wp-content\/uploads\/Melehk-Logistics-international-moving-company-300x140.png 300w, https:\/\/moverdb.com\/wp-content\/uploads\/Melehk-Logistics-international-moving-company-1024x479.png 1024w, https:\/\/moverdb.com\/wp-content\/uploads\/Melehk-Logistics-international-moving-company-18x8.png 18w, https:\/\/moverdb.com\/wp-content\/uploads\/Melehk-Logistics-international-moving-company-600x281.png 600w\" sizes=\"auto, (max-width: 1440px) 100vw, 1440px\" \/><\/p>\n<ul>\n<li>Yerel ve ulusal hamleler<\/li>\n<li>Uluslararas\u0131 ta\u015f\u0131nmalar<\/li>\n<li>Hane halk\u0131 ta\u015f\u0131nmalar\u0131<\/li>\n<li>Ki\u015fiselle\u015ftirilmi\u015f ve ki\u015fiye \u00f6zel hizmet<\/li>\n<li>\u00d6zel ta\u015f\u0131nma koordinat\u00f6r\u00fc<\/li>\n<li>Ta\u015f\u0131nman\u0131z\u0131n t\u00fcm y\u00f6nlerini d\u00fczenleyin ve y\u00f6netin<\/li>\n<li>Karayolu, denizyolu ve havayolu ta\u015f\u0131mac\u0131l\u0131\u011f\u0131<\/li>\n<li>G\u00fcmr\u00fck komisyonculu\u011fu<\/li>\n<li>Uluslararas\u0131 ortakl\u0131klar<\/li>\n<li>Depolama tesisleri<\/li>\n<\/ul>\n<p>Melehk Logistics, 2011 y\u0131l\u0131nda Ginchi Trading olarak kurulan ve Etiyopya i\u00e7inde, Etiyopya'ya ve Etiyopya'dan ta\u015f\u0131ma hizmetleri sunan bir nakliye ve lojistik \u015firketidir. D\u00fcnya \u00e7ap\u0131nda ta\u015f\u0131ma hizmetleri sa\u011flamak i\u00e7in uluslararas\u0131 bir ta\u015f\u0131ma a\u011f\u0131 ile \u00e7al\u0131\u015fmaktad\u0131rlar. \u015eirket, 9 y\u0131ll\u0131k hizmetiyle IAM \u00fcyesidir.<\/p>\n<p>Melehk Logistics, d\u00fcnyan\u0131n d\u00f6rt bir yan\u0131nda uluslararas\u0131 ev ta\u015f\u0131ma hizmetleri sunar ve \u00f6zel bir ta\u015f\u0131nma koordinat\u00f6r\u00fc sa\u011flar. Ta\u015f\u0131nma s\u00fcrecinizin her y\u00f6n\u00fcn\u00fc d\u00fczenleyen ve ta\u015f\u0131nman\u0131z\u0131 verimli bir \u015fekilde y\u00f6neten ki\u015fiselle\u015ftirilmi\u015f ve \u00f6zel hizmetler sunarlar. G\u00fcmr\u00fck m\u00fc\u015favirli\u011fi deste\u011fi ile kara, hava ve deniz yolunu i\u00e7eren navlun se\u00e7enekleri sunarlar.<\/p>\n<p>Web sitesi: <a href=\"http:\/\/www.melehk.com\" target=\"_blank\" rel=\"noopener\">http:\/\/www.melehk.com<\/a><\/p>\n<h2><span class=\"ez-toc-section\" id=\"2_Move_One\"><\/span><strong>2. Hareket Bir<\/strong><span class=\"ez-toc-section-end\"><\/span><\/h2>\n<p><img loading=\"lazy\" decoding=\"async\" class=\"alignnone size-full wp-image-5974\" src=\"https:\/\/moverdb.com\/wp-content\/uploads\/Move-One-Ethiopia-international-moving-company.png\" alt=\"Move One Etiyopya uluslararas\u0131 ta\u015f\u0131ma \u015firketi\" width=\"1440\" height=\"667\" data-wp-pid=\"5974\" srcset=\"https:\/\/moverdb.com\/wp-content\/uploads\/Move-One-Ethiopia-international-moving-company.png 1440w, https:\/\/moverdb.com\/wp-content\/uploads\/Move-One-Ethiopia-international-moving-company-300x139.png 300w, https:\/\/moverdb.com\/wp-content\/uploads\/Move-One-Ethiopia-international-moving-company-1024x474.png 1024w, https:\/\/moverdb.com\/wp-content\/uploads\/Move-One-Ethiopia-international-moving-company-18x8.png 18w, https:\/\/moverdb.com\/wp-content\/uploads\/Move-One-Ethiopia-international-moving-company-600x278.png 600w\" sizes=\"auto, (max-width: 1440px) 100vw, 1440px\" \/><\/p>\n<ul>\n<li>Ulusal hamleler<\/li>\n<li>Uluslararas\u0131 ta\u015f\u0131nmalar<\/li>\n<li>Ev ta\u015f\u0131ma<\/li>\n<li>Ticari hamleler<\/li>\n<li>Paketleme hizmeti<\/li>\n<li>Kara, deniz ve hava ta\u015f\u0131mac\u0131l\u0131\u011f\u0131<\/li>\n<li>G\u00fcmr\u00fck komisyonculu\u011fu<\/li>\n<li>Vize ve g\u00f6\u00e7menlik hizmetleri<\/li>\n<li>Evcil hayvan nakliyesi<\/li>\n<li>G\u00fcvenli depolama<\/li>\n<\/ul>\n<p>Move One, 1992 y\u0131l\u0131nda kurulan ve Etiyopya'da Addis Ababa'da bir ofis de dahil olmak \u00fczere Avrupa, Afrika ve Asya'da ofisleri bulunan uluslararas\u0131 bir ta\u015f\u0131ma \u015firketidir. Faaliyet alanlar\u0131 d\u0131\u015f\u0131ndaki ta\u015f\u0131nmalar\u0131 ger\u00e7ekle\u015ftirmek i\u00e7in uluslararas\u0131 ortaklarla birlikte \u00e7al\u0131\u015f\u0131rlar. Etiyopya'da 8 y\u0131ld\u0131r hizmet veren bir IAM \u00fcyesidir.<\/p>\n<p>Move One, ticari perakende sekt\u00f6r\u00fc, diplomatik topluluk, yerel devlet kurumlar\u0131 ve yabanc\u0131 m\u00fcteahhitler de dahil olmak \u00fczere bir dizi sekt\u00f6re hizmet vermektedir. E\u015fyalar\u0131n\u0131z\u0131 korumak i\u00e7in ihracat ambalaj\u0131 sa\u011flarlar ve g\u00fcmr\u00fck komisyonculu\u011fu ile kara, hava ve deniz yoluyla nakliye ayarlarlar. Ayr\u0131ca vize ve g\u00f6\u00e7menlik konular\u0131nda yard\u0131m ve evcil hayvanlar\u0131n ta\u015f\u0131nmas\u0131 gibi ek hizmetler de sunmaktad\u0131rlar.<\/p>\n<p>Web sitesi: <a href=\"http:\/\/www.moveoneinc.com\/ethiopia\" target=\"_blank\" rel=\"noopener\">http:\/\/www.moveoneinc.com\/ethiopia<\/a><\/p>\n<h2><span class=\"ez-toc-section\" id=\"3_Panafric_Global\"><\/span><strong>3. Panafric Global<\/strong><span class=\"ez-toc-section-end\"><\/span><\/h2>\n<p><img loading=\"lazy\" decoding=\"async\" class=\"alignnone size-full wp-image-5990\" src=\"https:\/\/moverdb.com\/wp-content\/uploads\/Panafric-Global-international-moving-company.png\" alt=\"Panafric Global uluslararas\u0131 ta\u015f\u0131ma \u015firketi\" width=\"1440\" height=\"674\" data-wp-pid=\"5990\" srcset=\"https:\/\/moverdb.com\/wp-content\/uploads\/Panafric-Global-international-moving-company.png 1440w, https:\/\/moverdb.com\/wp-content\/uploads\/Panafric-Global-international-moving-company-300x140.png 300w, https:\/\/moverdb.com\/wp-content\/uploads\/Panafric-Global-international-moving-company-1024x479.png 1024w, https:\/\/moverdb.com\/wp-content\/uploads\/Panafric-Global-international-moving-company-18x8.png 18w, https:\/\/moverdb.com\/wp-content\/uploads\/Panafric-Global-international-moving-company-600x281.png 600w\" sizes=\"auto, (max-width: 1440px) 100vw, 1440px\" \/><\/p>\n<ul>\n<li>Uluslararas\u0131 ta\u015f\u0131nmalar<\/li>\n<li>Ev ta\u015f\u0131ma<\/li>\n<li>Ticari projeler<\/li>\n<li>Yer de\u011fi\u015ftirme hizmeti<\/li>\n<li>U\u00e7tan uca \u00e7\u00f6z\u00fcm<\/li>\n<li>Kara, deniz ve hava ta\u015f\u0131mac\u0131l\u0131\u011f\u0131<\/li>\n<li>G\u00fcmr\u00fck ve dok\u00fcmantasyon deste\u011fi<\/li>\n<li>Yerle\u015fim yard\u0131m\u0131<\/li>\n<li>Kargo sigortas\u0131<\/li>\n<li>Depolama \u00e7\u00f6z\u00fcmleri<\/li>\n<\/ul>\n<p>Panafric Global, 1993 y\u0131l\u0131nda Addis'te kurulmu\u015f \u00e7ok modlu bir ta\u015f\u0131mac\u0131l\u0131k ve lojistik \u015firketidir ve havaalan\u0131, Kality, Adama, Hawassa ve <a href=\"https:\/\/moverdb.com\/tr\/moving-companies\/moving-companies-djibouti\/\" data-internallinksmanager029f6b8e52c=\"220\" title=\"Cibuti&#039;deki En \u0130yi Uluslararas\u0131 Nakliye \u015eirketleri\">Cibuti<\/a>. Etiyopya'da ve Etiyopya'dan ta\u015f\u0131nma ve yer de\u011fi\u015ftirme hizmetleri sa\u011flarlar. Onlar 29 y\u0131ll\u0131k hizmet ile IAM \u00fcyesidir.<\/p>\n<p>Panafric Global, d\u00fcnyan\u0131n her yerine ve her yerinden kap\u0131dan kap\u0131ya hizmet sunmaktad\u0131r. G\u00fcmr\u00fck ve dok\u00fcmantasyon konusunda yard\u0131mc\u0131 olmak i\u00e7in destek hizmetleriyle birlikte kara, hava ve deniz yoluyla ula\u015f\u0131m sa\u011flarlar. Okul bulma, ara\u00e7 tedarik etme, kamu hizmetleri ve sigorta kurma dahil olmak \u00fczere yerle\u015fmeye yard\u0131mc\u0131 olan yer de\u011fi\u015ftirme hizmetleri sunarlar.<\/p>\n<p>Web sitesi: <a href=\"http:\/\/www.panafricglobal.com\" target=\"_blank\" rel=\"noopener\">http:\/\/www.panafricglobal.com<\/a><\/p>\n<h2><span class=\"ez-toc-section\" id=\"4_Segon_Marill_Movers\"><\/span><strong>4. Segon Marill Movers<\/strong><span class=\"ez-toc-section-end\"><\/span><\/h2>\n<p><img loading=\"lazy\" decoding=\"async\" class=\"alignnone size-full wp-image-6002\" src=\"https:\/\/moverdb.com\/wp-content\/uploads\/Segon-Marill-Movers-international-moving-company.png\" alt=\"Segon Marill Movers uluslararas\u0131 nakliye \u015firketi\" width=\"1440\" height=\"681\" data-wp-pid=\"6002\" srcset=\"https:\/\/moverdb.com\/wp-content\/uploads\/Segon-Marill-Movers-international-moving-company.png 1440w, https:\/\/moverdb.com\/wp-content\/uploads\/Segon-Marill-Movers-international-moving-company-300x142.png 300w, https:\/\/moverdb.com\/wp-content\/uploads\/Segon-Marill-Movers-international-moving-company-1024x484.png 1024w, https:\/\/moverdb.com\/wp-content\/uploads\/Segon-Marill-Movers-international-moving-company-18x9.png 18w, https:\/\/moverdb.com\/wp-content\/uploads\/Segon-Marill-Movers-international-moving-company-600x284.png 600w\" sizes=\"auto, (max-width: 1440px) 100vw, 1440px\" \/><\/p>\n<ul>\n<li>Ulusal hamleler<\/li>\n<li>Uluslararas\u0131 ta\u015f\u0131nmalar<\/li>\n<li>Ev ta\u015f\u0131ma<\/li>\n<li>Kurumsal hamleler<\/li>\n<li>Yer de\u011fi\u015ftirme hizmeti<\/li>\n<li>Paketleme hizmeti<\/li>\n<li>Kara, deniz ve hava ta\u015f\u0131mac\u0131l\u0131\u011f\u0131<\/li>\n<li>Yerle\u015ftirme hizmetleri<\/li>\n<li>Ev ve okul aramalar\u0131<\/li>\n<li>G\u00fcvenli depolama<\/li>\n<\/ul>\n<p>Segon Marill Movers, 21 y\u0131l \u00f6nce kurulmu\u015f uluslararas\u0131 bir ta\u015f\u0131ma ve depolama \u015firketidir. D\u00fcnya \u00e7ap\u0131ndaki hizmetlerini sunmak i\u00e7in 50 ortak acenteyle \u00e7al\u0131\u015fmaktad\u0131rlar. \u015eirket 31 y\u0131ll\u0131k hizmetiyle IAM \u00fcyesidir.<\/p>\n<p>Segon Marill Movers, e\u015fyalar\u0131n\u0131z\u0131 korumak i\u00e7in y\u00fcksek kaliteli teknikler ve malzemeler kullanan bir paketleme hizmeti ile ki\u015fiselle\u015ftirilmi\u015f bir ta\u015f\u0131ma hizmeti sunar. Kara, deniz veya hava yoluyla nakliyeyi ayarlar ve gerekti\u011finde ortak acentelerin deste\u011fini al\u0131rlar. Ta\u015f\u0131nma hizmetleri, oryantasyon turu, ev ve okul bulma konusunda yard\u0131m ve ayr\u0131l\u0131\u015f hizmetleri konusunda destek de dahil olmak \u00fczere yeni \u00fclkenize yerle\u015fmenize yard\u0131mc\u0131 olur.<\/p>\n<p>Web sitesi: <a href=\"http:\/\/www.segon-marill.com\" target=\"_blank\" rel=\"noopener\">http:\/\/www.segon-marill.com<\/a><\/p>\n<h2><span class=\"ez-toc-section\" id=\"5_Solomon_Zewdu_Shipping_and_Freight_Forwarding\"><\/span><strong>5. Solomon Zewdu Nakliye ve Ta\u015f\u0131mac\u0131l\u0131k<\/strong><span class=\"ez-toc-section-end\"><\/span><\/h2>\n<p><img loading=\"lazy\" decoding=\"async\" class=\"alignnone size-full wp-image-6047\" src=\"https:\/\/moverdb.com\/wp-content\/uploads\/Solomon-Zewdu-international-moving-company.png\" alt=\"Solomon Zewdu uluslararas\u0131 nakliye \u015firketi\" width=\"1440\" height=\"682\" data-wp-pid=\"6047\" srcset=\"https:\/\/moverdb.com\/wp-content\/uploads\/Solomon-Zewdu-international-moving-company.png 1440w, https:\/\/moverdb.com\/wp-content\/uploads\/Solomon-Zewdu-international-moving-company-300x142.png 300w, https:\/\/moverdb.com\/wp-content\/uploads\/Solomon-Zewdu-international-moving-company-1024x485.png 1024w, https:\/\/moverdb.com\/wp-content\/uploads\/Solomon-Zewdu-international-moving-company-18x9.png 18w, https:\/\/moverdb.com\/wp-content\/uploads\/Solomon-Zewdu-international-moving-company-600x284.png 600w\" sizes=\"auto, (max-width: 1440px) 100vw, 1440px\" \/><\/p>\n<ul>\n<li>Yerel ve ulusal hamleler<\/li>\n<li>Uluslararas\u0131 ta\u015f\u0131nmalar<\/li>\n<li>Ev ta\u015f\u0131ma<\/li>\n<li>Ofis ta\u015f\u0131nmalar\u0131<\/li>\n<li>Kap\u0131dan kap\u0131ya hizmet<\/li>\n<li>Paketleme hizmeti<\/li>\n<li>Kara, deniz ve hava ta\u015f\u0131mac\u0131l\u0131\u011f\u0131<\/li>\n<li>G\u00fcmr\u00fck i\u015flemleri<\/li>\n<li>Ara\u00e7 ta\u015f\u0131mac\u0131l\u0131\u011f\u0131<\/li>\n<li>Depolama tesisleri<\/li>\n<\/ul>\n<p>Solomon Zewdu Shipping and Freight Forwarding, ta\u015f\u0131ma hizmetleri sa\u011flama konusunda 20 y\u0131l\u0131 a\u015fk\u0131n deneyime sahip bir ta\u015f\u0131ma, kargo ve nakliye \u015firketidir. Uluslararas\u0131 ta\u015f\u0131malar yapmak i\u00e7in deniza\u015f\u0131r\u0131 ortaklarla \u00e7al\u0131\u015f\u0131rlar. \u015eirket, 22 y\u0131ll\u0131k hizmetiyle IAM \u00fcyesidir.<\/p>\n<p>Solomon Zewdu Shipping and Freight Forwarding, evlere ve ofislere kap\u0131dan kap\u0131ya ta\u015f\u0131nma ve yer de\u011fi\u015ftirme hizmeti sunmaktad\u0131r. E\u015fyalar\u0131n\u0131z\u0131 korumak i\u00e7in paketleme ve a\u00e7ma hizmeti sunarlar ve filolar\u0131n\u0131 kullanarak kara, deniz veya hava yoluyla g\u00fcmr\u00fckleme ile nakliye hizmetleri d\u00fczenlerler. Ayr\u0131ca ara\u00e7 ta\u015f\u0131ma ve depolama konusunda da yard\u0131mc\u0131 olabilirler.<\/p>\n<p>Web sitesi: <a href=\"http:\/\/www.solomontransit.com\" target=\"_blank\" rel=\"noopener\">http:\/\/www.solomontransit.com<\/a><\/p>","protected":false},"excerpt":{"rendered":"<p>Moving is a busy and stressful time especially if you are moving between countries so getting some support from a moving company can help. Moving companies can assist with navigating the paperwork and arranging transportation. Below we have compiled a list of Ethiopian removal companies that are members of the International Association of Movers (IAM) [&hellip;]<\/p>\n","protected":false},"author":4,"featured_media":0,"parent":190,"menu_order":0,"comment_status":"closed","ping_status":"closed","template":"","meta":{"_genesis_hide_title":false,"_genesis_hide_breadcrumbs":false,"_genesis_hide_singular_image":false,"_genesis_hide_footer_widgets":false,"_genesis_custom_body_class":"","_genesis_custom_post_class":"","_genesis_layout":"","footnotes":""},"class_list":{"0":"post-6046","1":"page","2":"type-page","3":"status-publish","5":"entry","6":"has-post-thumbnail"},"_links":{"self":[{"href":"https:\/\/moverdb.com\/tr\/wp-json\/wp\/v2\/pages\/6046","targetHints":{"allow":["GET"]}}],"collection":[{"href":"https:\/\/moverdb.com\/tr\/wp-json\/wp\/v2\/pages"}],"about":[{"href":"https:\/\/moverdb.com\/tr\/wp-json\/wp\/v2\/types\/page"}],"author":[{"embeddable":true,"href":"https:\/\/moverdb.com\/tr\/wp-json\/wp\/v2\/users\/4"}],"replies":[{"embeddable":true,"href":"https:\/\/moverdb.com\/tr\/wp-json\/wp\/v2\/comments?post=6046"}],"version-history":[{"count":1,"href":"https:\/\/moverdb.com\/tr\/wp-json\/wp\/v2\/pages\/6046\/revisions"}],"predecessor-version":[{"id":6048,"href":"https:\/\/moverdb.com\/tr\/wp-json\/wp\/v2\/pages\/6046\/revisions\/6048"}],"up":[{"embeddable":true,"href":"https:\/\/moverdb.com\/tr\/wp-json\/wp\/v2\/pages\/190"}],"wp:attachment":[{"href":"https:\/\/moverdb.com\/tr\/wp-json\/wp\/v2\/media?parent=6046"}],"curies":[{"name":"wp","href":"https:\/\/api.w.org\/{rel}","templated":true}]}}