{"id":6043,"date":"2023-02-01T13:40:56","date_gmt":"2023-02-01T13:40:56","guid":{"rendered":"https:\/\/moverdb.com\/?page_id=6043"},"modified":"2026-01-08T15:24:40","modified_gmt":"2026-01-08T15:24:40","slug":"tasinma-si%cc%87rketleri%cc%87-estonya","status":"publish","type":"page","link":"https:\/\/moverdb.com\/tr\/moving-companies\/moving-companies-estonia\/","title":{"rendered":"Estonya'daki En \u0130yi 4 Uluslararas\u0131 Nakliye \u015eirketi"},"content":{"rendered":"<p>\u0130ster evinizi ister i\u015finizi ta\u015f\u0131yor olun, ta\u015f\u0131nmak stresli bir zaman olabilir. Pek \u00e7ok ki\u015fi bir nakliye \u015firketinin <a href=\"https:\/\/moverdb.com\/tr\/moving-companies\/\" data-internallinksmanager029f6b8e52c=\"79\" title=\"\u00c7evrimi\u00e7i En \u0130yi 25 Uluslararas\u0131 Nakliye \u015eirketi\">ta\u015finma \u015fi\u0307rketi\u0307<\/a> E\u015fyalar\u0131n\u0131z\u0131 g\u00fcvenle ta\u015f\u0131yabilecekleri ve ta\u015f\u0131nma stresinizi azaltabilecekleri i\u00e7in. A\u015fa\u011f\u0131da Estonya'dan bir liste derledik <a href=\"https:\/\/moverdb.com\/tr\/international-removals\/\" data-internallinksmanager029f6b8e52c=\"27\" title=\"36 \u0130ngiltere&#039;deki En \u0130yi Uluslararas\u0131 Nakliye \u015eirketleri\">nakli\u0307ye \u015fi\u0307rketleri\u0307<\/a> \u00fcyesi olan <a href=\"https:\/\/moverdb.com\/tr\/iam\/\" data-internallinksmanager029f6b8e52c=\"23\" title=\"Uluslararas\u0131 Ta\u015f\u0131mac\u0131lar Birli\u011fi (IAM) A\u00e7\u0131klamas\u0131\">Uluslararas\u0131 Ta\u015f\u0131mac\u0131lar Birli\u011fi<\/a> (IAM) ve\/veya <a href=\"https:\/\/moverdb.com\/tr\/fidi-faim\/\" data-internallinksmanager029f6b8e52c=\"16\" title=\"FIDI &amp; FAIM (FIDI Akredite Uluslararas\u0131 Ta\u015f\u0131mac\u0131) A\u00e7\u0131klamas\u0131\">FIDI<\/a> Ta\u015f\u0131nman\u0131za yard\u0131mc\u0131 olabilecek Akredite Uluslararas\u0131 Ta\u015f\u0131mac\u0131lar (FAIM).<\/p>\n<div id=\"ez-toc-container\" class=\"ez-toc-v2_0_82_2 ez-toc-wrap-left counter-hierarchy ez-toc-counter ez-toc-transparent ez-toc-container-direction\">\n<div class=\"ez-toc-title-container\">\n<p class=\"ez-toc-title\" style=\"cursor:inherit\">B\u00f6l\u00fcmler<\/p>\n<span class=\"ez-toc-title-toggle\"><a href=\"#\" class=\"ez-toc-pull-right ez-toc-btn ez-toc-btn-xs ez-toc-btn-default ez-toc-toggle\" aria-label=\"\u0130\u00e7indekiler Tablosunu A\u00e7\/Kapat\"><span class=\"ez-toc-js-icon-con\"><span class=\"\"><span class=\"eztoc-hide\" style=\"display:none;\">Ge\u00e7i\u015f<\/span><span class=\"ez-toc-icon-toggle-span\"><svg style=\"fill: #999;color:#999\" xmlns=\"http:\/\/www.w3.org\/2000\/svg\" class=\"list-377408\" width=\"20px\" height=\"20px\" viewbox=\"0 0 24 24\" fill=\"none\"><path d=\"M6 6H4v2h2V6zm14 0H8v2h12V6zM4 11h2v2H4v-2zm16 0H8v2h12v-2zM4 16h2v2H4v-2zm16 0H8v2h12v-2z\" fill=\"currentColor\"><\/path><\/svg><svg style=\"fill: #999;color:#999\" class=\"arrow-unsorted-368013\" xmlns=\"http:\/\/www.w3.org\/2000\/svg\" width=\"10px\" height=\"10px\" viewbox=\"0 0 24 24\" version=\"1.2\" baseprofile=\"tiny\"><path d=\"M18.2 9.3l-6.2-6.3-6.2 6.3c-.2.2-.3.4-.3.7s.1.5.3.7c.2.2.4.3.7.3h11c.3 0 .5-.1.7-.3.2-.2.3-.5.3-.7s-.1-.5-.3-.7zM5.8 14.7l6.2 6.3 6.2-6.3c.2-.2.3-.5.3-.7s-.1-.5-.3-.7c-.2-.2-.4-.3-.7-.3h-11c-.3 0-.5.1-.7.3-.2.2-.3.5-.3.7s.1.5.3.7z\"\/><\/svg><\/span><\/span><\/span><\/a><\/span><\/div>\n<nav><ul class='ez-toc-list ez-toc-list-level-1 eztoc-toggle-hide-by-default' ><li class='ez-toc-page-1 ez-toc-heading-level-2'><a class=\"ez-toc-link ez-toc-heading-1\" href=\"https:\/\/moverdb.com\/tr\/moving-companies\/moving-companies-estonia\/#1_Adduco\" >1. Adduco<\/a><\/li><li class='ez-toc-page-1 ez-toc-heading-level-2'><a class=\"ez-toc-link ez-toc-heading-2\" href=\"https:\/\/moverdb.com\/tr\/moving-companies\/moving-companies-estonia\/#2_AVA_Express\" >2. AVA Express<\/a><\/li><li class='ez-toc-page-1 ez-toc-heading-level-2'><a class=\"ez-toc-link ez-toc-heading-3\" href=\"https:\/\/moverdb.com\/tr\/moving-companies\/moving-companies-estonia\/#3_MoveMaster\" >3. MoveMaster<\/a><\/li><li class='ez-toc-page-1 ez-toc-heading-level-2'><a class=\"ez-toc-link ez-toc-heading-4\" href=\"https:\/\/moverdb.com\/tr\/moving-companies\/moving-companies-estonia\/#4_KLG_Estonia\" >4. KLG Estonya<\/a><\/li><li class='ez-toc-page-1 ez-toc-heading-level-2'><a class=\"ez-toc-link ez-toc-heading-5\" href=\"https:\/\/moverdb.com\/tr\/moving-companies\/moving-companies-estonia\/#Other_Useful_Guides_to_Estonia\" >Estonya \u0130\u00e7in Di\u011fer Faydal\u0131 K\u0131lavuzlar<\/a><\/li><\/ul><\/nav><\/div>\n<h2><span class=\"ez-toc-section\" id=\"1_Adduco\"><\/span><strong>1. Adduco<\/strong><span class=\"ez-toc-section-end\"><\/span><\/h2>\n<p><img loading=\"lazy\" decoding=\"async\" class=\"alignnone size-full wp-image-6044\" src=\"https:\/\/moverdb.com\/wp-content\/uploads\/Adduco-international-moving-company.png\" alt=\"Adduco uluslararas\u0131 nakliye \u015firketi\" width=\"1440\" height=\"629\" data-wp-pid=\"6044\" srcset=\"https:\/\/moverdb.com\/wp-content\/uploads\/Adduco-international-moving-company.png 1440w, https:\/\/moverdb.com\/wp-content\/uploads\/Adduco-international-moving-company-300x131.png 300w, https:\/\/moverdb.com\/wp-content\/uploads\/Adduco-international-moving-company-1024x447.png 1024w, https:\/\/moverdb.com\/wp-content\/uploads\/Adduco-international-moving-company-18x8.png 18w, https:\/\/moverdb.com\/wp-content\/uploads\/Adduco-international-moving-company-600x262.png 600w\" sizes=\"auto, (max-width: 1440px) 100vw, 1440px\" \/><\/p>\n<ul>\n<li>Hareket eden a\u011f\u0131r nesneler<\/li>\n<li>Uluslararas\u0131 ta\u015f\u0131nmalar<\/li>\n<li>Ev ta\u015f\u0131ma<\/li>\n<li>\u0130\u015f hamleleri<\/li>\n<li>Paketleme hizmeti<\/li>\n<li>G\u00fczergah\u0131n\u0131z\u0131 ve ula\u015f\u0131m\u0131n\u0131z\u0131 planlay\u0131n<\/li>\n<li>Dok\u00fcmantasyon ile destek<\/li>\n<li>G\u00fczel sanatlar ta\u015f\u0131mac\u0131l\u0131\u011f\u0131<\/li>\n<li>Sigorta<\/li>\n<li>Depolama \u00e7\u00f6z\u00fcmleri<\/li>\n<\/ul>\n<p>Adduco, 2006 y\u0131l\u0131ndan bu yana insanlar\u0131n ta\u015f\u0131nmas\u0131na yard\u0131mc\u0131 olan ve Tallinn ve Tartu'da ofisleri bulunan bir ta\u015f\u0131nma sa\u011flay\u0131c\u0131s\u0131d\u0131r. Adduco, 16 y\u0131ll\u0131k hizmetiyle IAM \u00fcyesidir ve bu sayede d\u00fcnya \u00e7ap\u0131nda ta\u015f\u0131nmalara yard\u0131mc\u0131 olmak i\u00e7in uluslararas\u0131 bir ta\u015f\u0131ma acenteleri a\u011f\u0131na eri\u015fim sa\u011flamaktad\u0131r.<\/p>\n<p>Adduco, ta\u015f\u0131nma s\u0131ras\u0131nda yan\u0131n\u0131zda g\u00f6t\u00fcrece\u011finiz e\u015fyalar\u0131n hacmini azaltman\u0131za yard\u0131mc\u0131 olmak i\u00e7in hurda kald\u0131rma hizmetini de i\u00e7eren bir ta\u015f\u0131ma hizmeti sunmaktad\u0131r. Ta\u015f\u0131nma s\u00fcrecinizi dikkatle y\u00f6netecek, g\u00fczergah\u0131n\u0131z\u0131 planlayacak, gerekli belgeleri ve sigortay\u0131 haz\u0131rlayacaklard\u0131r. Ayr\u0131ca e\u015fyalar\u0131n\u0131z\u0131 g\u00fcvenli bir \u015fekilde paketleyecek ve gidece\u011finiz yerde ambalajlar\u0131n\u0131 a\u00e7madan \u00f6nce ta\u015f\u0131yacaklard\u0131r.<\/p>\n<p>Web sitesi: <a href=\"https:\/\/adduco.ee\/en\/\" target=\"_blank\" rel=\"noopener\">https:\/\/adduco.ee\/en\/<\/a><\/p>\n<h2><span class=\"ez-toc-section\" id=\"2_AVA_Express\"><\/span><strong>2. AVA Express<\/strong><span class=\"ez-toc-section-end\"><\/span><\/h2>\n<p><img loading=\"lazy\" decoding=\"async\" class=\"alignnone size-full wp-image-5928\" src=\"https:\/\/moverdb.com\/wp-content\/uploads\/AVA-Express-international-moving-company.png\" alt=\"AVA Express uluslararas\u0131 ta\u015f\u0131ma \u015firketi\" width=\"1440\" height=\"712\" data-wp-pid=\"5928\" srcset=\"https:\/\/moverdb.com\/wp-content\/uploads\/AVA-Express-international-moving-company.png 1440w, https:\/\/moverdb.com\/wp-content\/uploads\/AVA-Express-international-moving-company-300x148.png 300w, https:\/\/moverdb.com\/wp-content\/uploads\/AVA-Express-international-moving-company-1024x506.png 1024w, https:\/\/moverdb.com\/wp-content\/uploads\/AVA-Express-international-moving-company-18x9.png 18w, https:\/\/moverdb.com\/wp-content\/uploads\/AVA-Express-international-moving-company-600x297.png 600w\" sizes=\"auto, (max-width: 1440px) 100vw, 1440px\" \/><\/p>\n<ul>\n<li>Ulusal hamleler<\/li>\n<li>Uluslararas\u0131 ta\u015f\u0131nmalar<\/li>\n<li>Ev ta\u015f\u0131ma<\/li>\n<li>Ofis ta\u015f\u0131ma<\/li>\n<li>Uzman ula\u015f\u0131m ve ekipman<\/li>\n<li>Paketleme hizmetleri<\/li>\n<li>Ula\u015f\u0131m d\u00fczenlemeleri<\/li>\n<li>A\u011f\u0131r nesnelerin ta\u015f\u0131nmas\u0131<\/li>\n<li>Sanat\u0131n ta\u015f\u0131nmas\u0131<\/li>\n<li>Ge\u00e7ici depolama \u00e7\u00f6z\u00fcmleri<\/li>\n<\/ul>\n<p>AVA Express, ev ve ofis ta\u015f\u0131mac\u0131l\u0131\u011f\u0131 konusunda 20 y\u0131l\u0131 a\u015fk\u0131n deneyime sahip Estonyal\u0131 bir ta\u015f\u0131ma \u015firketidir. D\u00fcnya \u00e7ap\u0131nda ta\u015f\u0131nma sa\u011flamak i\u00e7in uluslararas\u0131 ta\u015f\u0131ma acenteleriyle birlikte \u00e7al\u0131\u015f\u0131rlar ve IAM \u00fcyesidirler. Ta\u015f\u0131nma i\u015flemlerini ger\u00e7ekle\u015ftirmek i\u00e7in kendi karayolu filolar\u0131na sahiptirler. <a href=\"https:\/\/moverdb.com\/tr\/moving-to-estonia\/\" data-internallinksmanager029f6b8e52c=\"430\" title=\"Estonya&#039;ya m\u0131 Ta\u015f\u0131n\u0131yorsunuz? 2026 Ya\u015fam Maliyetleri &amp; Yer De\u011fi\u015ftirme \u0130pu\u00e7lar\u0131\">Estonya<\/a>.<\/p>\n<p>AVA Express, ev ve i\u015fyerlerine y\u00f6nelik ta\u015f\u0131nma hizmetleri i\u00e7in ki\u015fiselle\u015ftirilmi\u015f bir fiyat teklifi sunar. Ta\u015f\u0131nman\u0131z i\u00e7in t\u00fcm paketleme malzemelerini sa\u011flarlar ve gerekirse e\u015fyalar\u0131n\u0131z\u0131 sizin i\u00e7in paketlerler. Sanat eserleri veya a\u011f\u0131r nesneler de dahil olmak \u00fczere e\u015fyalar\u0131n\u0131z\u0131n Estonya i\u00e7inde veya uluslararas\u0131 olarak gidece\u011finiz yere g\u00fcvenli bir \u015fekilde ta\u015f\u0131nmas\u0131n\u0131 ayarlarlar.<\/p>\n<p>Web sitesi: <a href=\"http:\/\/www.ava.ee\" target=\"_blank\" rel=\"noopener\">http:\/\/www.ava.ee<\/a><\/p>\n<h2><span class=\"ez-toc-section\" id=\"3_MoveMaster\"><\/span><strong>3. MoveMaster<\/strong><span class=\"ez-toc-section-end\"><\/span><\/h2>\n<p><img loading=\"lazy\" decoding=\"async\" class=\"alignnone size-full wp-image-5976\" src=\"https:\/\/moverdb.com\/wp-content\/uploads\/MoveMaster-international-moving-company.png\" alt=\"MoveMaster uluslararas\u0131 ta\u015f\u0131ma \u015firketi\" width=\"1440\" height=\"713\" data-wp-pid=\"5976\" srcset=\"https:\/\/moverdb.com\/wp-content\/uploads\/MoveMaster-international-moving-company.png 1440w, https:\/\/moverdb.com\/wp-content\/uploads\/MoveMaster-international-moving-company-300x149.png 300w, https:\/\/moverdb.com\/wp-content\/uploads\/MoveMaster-international-moving-company-1024x507.png 1024w, https:\/\/moverdb.com\/wp-content\/uploads\/MoveMaster-international-moving-company-18x9.png 18w, https:\/\/moverdb.com\/wp-content\/uploads\/MoveMaster-international-moving-company-600x297.png 600w\" sizes=\"auto, (max-width: 1440px) 100vw, 1440px\" \/><\/p>\n<ul>\n<li>Yerel ve ulusal hamleler<\/li>\n<li>Uluslararas\u0131 ta\u015f\u0131nmalar<\/li>\n<li>Konut Ta\u015f\u0131malar\u0131<\/li>\n<li>\u015eirket hareketleri<\/li>\n<li>Bireysel yakla\u015f\u0131m<\/li>\n<li>Paketleme hizmeti<\/li>\n<li>Kara, deniz ve hava ta\u015f\u0131mac\u0131l\u0131\u011f\u0131<\/li>\n<li>Sanat objelerinin ta\u015f\u0131nmas\u0131<\/li>\n<li>Sigorta<\/li>\n<li>Depolama tesisleri<\/li>\n<\/ul>\n<p>MoveMaster, 147 \u00fclkede binlerce ta\u015f\u0131nma i\u015flemini tamamlayan 39 y\u0131ll\u0131k deneyime sahip Tallinn merkezli Estonyal\u0131 bir ta\u015f\u0131ma \u015firketidir. Kendi b\u00f6lgeleri d\u0131\u015f\u0131ndaki ta\u015f\u0131nmalara yard\u0131mc\u0131 olmak i\u00e7in b\u00fcy\u00fck \u015fehirlerdeki i\u015fbirli\u011fi ortaklar\u0131yla birlikte \u00e7al\u0131\u015f\u0131rlar ve IAM \u00fcyesidirler.<\/p>\n<p>MoveMaster, en uygun ta\u015f\u0131nma plan\u0131n\u0131 olu\u015fturmak i\u00e7in Tallinn'de ta\u015f\u0131nma \u00f6ncesi incelemeyi i\u00e7eren ta\u015f\u0131nma hizmetlerine bireysel bir yakla\u015f\u0131m sa\u011flar. E\u015fyalar\u0131n\u0131z\u0131 korumak, mobilyalar\u0131 s\u00f6kmek ve var\u0131\u015fta yeniden monte etmek i\u00e7in y\u00fcksek kaliteli ambalaj malzemeleri kullanarak bir paketleme hizmeti sunarlar. Kara, deniz ve hava yoluyla nakliyenin yan\u0131 s\u0131ra g\u00fcmr\u00fck beyannameleri ve sigorta konusunda da destek sa\u011flarlar.<\/p>\n<p>Web sitesi: <a href=\"http:\/\/www.movemaster.ee\" target=\"_blank\" rel=\"noopener\">http:\/\/www.movemaster.ee<\/a><\/p>\n<h2><span class=\"ez-toc-section\" id=\"4_KLG_Estonia\"><\/span><strong>4. KLG Estonya<\/strong><span class=\"ez-toc-section-end\"><\/span><\/h2>\n<p><img loading=\"lazy\" decoding=\"async\" class=\"alignnone size-full wp-image-5964\" src=\"https:\/\/moverdb.com\/wp-content\/uploads\/KLG-Estonia-international-moving-company.png\" alt=\"KLG Estonya uluslararas\u0131 ta\u015f\u0131ma \u015firketi\" width=\"1440\" height=\"711\" data-wp-pid=\"5964\" srcset=\"https:\/\/moverdb.com\/wp-content\/uploads\/KLG-Estonia-international-moving-company.png 1440w, https:\/\/moverdb.com\/wp-content\/uploads\/KLG-Estonia-international-moving-company-300x148.png 300w, https:\/\/moverdb.com\/wp-content\/uploads\/KLG-Estonia-international-moving-company-1024x506.png 1024w, https:\/\/moverdb.com\/wp-content\/uploads\/KLG-Estonia-international-moving-company-18x9.png 18w, https:\/\/moverdb.com\/wp-content\/uploads\/KLG-Estonia-international-moving-company-600x296.png 600w\" sizes=\"auto, (max-width: 1440px) 100vw, 1440px\" \/><\/p>\n<ul>\n<li>Ulusal hamleler<\/li>\n<li>Uluslararas\u0131 ta\u015f\u0131nmalar<\/li>\n<li>Ev ta\u015f\u0131ma<\/li>\n<li>Paketleme hizmeti<\/li>\n<li>\u00d6zel ah\u015fap kasalar in\u015fa edin<\/li>\n<li>Kara, hava, deniz ve demiryolu ta\u015f\u0131mac\u0131l\u0131\u011f\u0131<\/li>\n<li>G\u00fcmr\u00fck deste\u011fi<\/li>\n<li>Sanat ta\u015f\u0131mac\u0131l\u0131\u011f\u0131<\/li>\n<li>Sigorta<\/li>\n<li>K\u0131sa ve uzun s\u00fcreli depolama tesisleri<\/li>\n<\/ul>\n<p>KLG Estonya, Tallinn merkezli \u00f6zel bir lojistik \u00e7\u00f6z\u00fcmleri sa\u011flay\u0131c\u0131s\u0131d\u0131r ve 1994 y\u0131l\u0131ndan beri ta\u015f\u0131nma hizmetleri sunmaktad\u0131r. Uluslararas\u0131 ta\u015f\u0131nmalar\u0131 ger\u00e7ekle\u015ftirmelerine yard\u0131mc\u0131 olan k\u00fcresel bir ortak a\u011f\u0131na sahiptirler. FIDI taraf\u0131ndan akredite edilmi\u015flerdir.<\/p>\n<p>KLG Estonya, ihtiya\u00e7lar\u0131n\u0131z\u0131 de\u011ferlendirmek i\u00e7in bir inceleme ve dan\u0131\u015fmanl\u0131k hizmeti sunar. Sanat eserleri ve BT ekipmanlar\u0131 dahil olmak \u00fczere her t\u00fcrl\u00fc i\u00e7eri\u011fe uygun \u00f6zel ah\u015fap kutular dahil olmak \u00fczere e\u015fyalar\u0131n\u0131z\u0131 korumak i\u00e7in profesyonel bir paketleme hizmeti sunarlar. Ayr\u0131ca motosikletler ve piyanolar dahil olmak \u00fczere daha b\u00fcy\u00fck e\u015fyalar\u0131 da ta\u015f\u0131rlar. Kara, hava, deniz ve demiryolu ile nakliyeyi ayarlar ve g\u00fcmr\u00fck gereksinimleri konusunda yard\u0131mc\u0131 olurlar.<\/p>\n<p>Web sitesi: <a href=\"http:\/\/www.klg.ee\/\" target=\"_blank\" rel=\"noopener\">http:\/\/www.klg.ee\/<\/a><\/p>\n<h2><span class=\"ez-toc-section\" id=\"Other_Useful_Guides_to_Estonia\"><\/span>Estonya \u0130\u00e7in Di\u011fer Faydal\u0131 K\u0131lavuzlar<span class=\"ez-toc-section-end\"><\/span><\/h2>\n<ul>\n<li> <a href=\"https:\/\/moverdb.com\/tr\/moving-to-estonia\/\">Estonya'ya m\u0131 Ta\u015f\u0131n\u0131yorsunuz? 2026 Ya\u015fam Maliyetleri &amp; Yer De\u011fi\u015ftirme \u0130pu\u00e7lar\u0131<\/a><\/li>\n<li> <a href=\"https:\/\/moverdb.com\/tr\/moving-to-estonia\/best-places-to-live-estonia\/\">Estonya'da Ya\u015fanacak En \u0130yi 12 Yer<\/a><\/li>\n<li> <a href=\"https:\/\/moverdb.com\/tr\/konteyner-tasimaciligi\/estonya\/\">2023 Estonya'ya ve Estonya'dan Deniz Ta\u015f\u0131mac\u0131l\u0131\u011f\u0131 Konteyner Nakliye Fiyatlar\u0131<\/a><\/li>\n<\/ul>","protected":false},"excerpt":{"rendered":"<p>Moving can be a stressful time, whether that is moving home or your business. Many people employ the services of a moving company as they can safely move your belongings and reduce the stress of your move. Below we have compiled a list of Estonian removal companies that are members of the International Association of [&hellip;]<\/p>\n","protected":false},"author":4,"featured_media":0,"parent":190,"menu_order":0,"comment_status":"closed","ping_status":"closed","template":"","meta":{"_genesis_hide_title":false,"_genesis_hide_breadcrumbs":false,"_genesis_hide_singular_image":false,"_genesis_hide_footer_widgets":false,"_genesis_custom_body_class":"","_genesis_custom_post_class":"","_genesis_layout":"","footnotes":""},"class_list":{"0":"post-6043","1":"page","2":"type-page","3":"status-publish","5":"entry","6":"has-post-thumbnail"},"_links":{"self":[{"href":"https:\/\/moverdb.com\/tr\/wp-json\/wp\/v2\/pages\/6043","targetHints":{"allow":["GET"]}}],"collection":[{"href":"https:\/\/moverdb.com\/tr\/wp-json\/wp\/v2\/pages"}],"about":[{"href":"https:\/\/moverdb.com\/tr\/wp-json\/wp\/v2\/types\/page"}],"author":[{"embeddable":true,"href":"https:\/\/moverdb.com\/tr\/wp-json\/wp\/v2\/users\/4"}],"replies":[{"embeddable":true,"href":"https:\/\/moverdb.com\/tr\/wp-json\/wp\/v2\/comments?post=6043"}],"version-history":[{"count":3,"href":"https:\/\/moverdb.com\/tr\/wp-json\/wp\/v2\/pages\/6043\/revisions"}],"predecessor-version":[{"id":16257,"href":"https:\/\/moverdb.com\/tr\/wp-json\/wp\/v2\/pages\/6043\/revisions\/16257"}],"up":[{"embeddable":true,"href":"https:\/\/moverdb.com\/tr\/wp-json\/wp\/v2\/pages\/190"}],"wp:attachment":[{"href":"https:\/\/moverdb.com\/tr\/wp-json\/wp\/v2\/media?parent=6043"}],"curies":[{"name":"wp","href":"https:\/\/api.w.org\/{rel}","templated":true}]}}