{"id":6040,"date":"2023-02-01T12:37:34","date_gmt":"2023-02-01T12:37:34","guid":{"rendered":"https:\/\/moverdb.com\/?page_id=6040"},"modified":"2026-01-08T15:24:14","modified_gmt":"2026-01-08T15:24:14","slug":"tasima-sirketleri-el-salvador","status":"publish","type":"page","link":"https:\/\/moverdb.com\/tr\/moving-companies\/moving-companies-el-salvador\/","title":{"rendered":"El Salvador'daki En \u0130yi 3 Uluslararas\u0131 Nakliye \u015eirketi"},"content":{"rendered":"<p>El Salvador'a ya da El Salvador'dan ta\u015f\u0131nmay\u0131 m\u0131 planl\u0131yorsunuz? O zaman bir nakliye \u015firketinin hizmetlerinden yararlanmak isteyebilirsiniz. <a href=\"https:\/\/moverdb.com\/tr\/moving-companies\/\" data-internallinksmanager029f6b8e52c=\"79\" title=\"\u00c7evrimi\u00e7i En \u0130yi 25 Uluslararas\u0131 Nakliye \u015eirketi\">ta\u015finma \u015fi\u0307rketi\u0307<\/a> size yard\u0131mc\u0131 olmak ve \u00fczerinizdeki bask\u0131n\u0131n bir k\u0131sm\u0131n\u0131 almak i\u00e7in. A\u015fa\u011f\u0131da El Salvador'un bir listesini derledik <a href=\"https:\/\/moverdb.com\/tr\/international-removals\/\" data-internallinksmanager029f6b8e52c=\"27\" title=\"36 \u0130ngiltere&#039;deki En \u0130yi Uluslararas\u0131 Nakliye \u015eirketleri\">nakli\u0307ye \u015fi\u0307rketleri\u0307<\/a> \u00fcyesi olan <a href=\"https:\/\/moverdb.com\/tr\/iam\/\" data-internallinksmanager029f6b8e52c=\"23\" title=\"Uluslararas\u0131 Ta\u015f\u0131mac\u0131lar Birli\u011fi (IAM) A\u00e7\u0131klamas\u0131\">Uluslararas\u0131 Ta\u015f\u0131mac\u0131lar Birli\u011fi<\/a> (IAM) ve\/veya <a href=\"https:\/\/moverdb.com\/tr\/fidi-faim\/\" data-internallinksmanager029f6b8e52c=\"16\" title=\"FIDI &amp; FAIM (FIDI Akredite Uluslararas\u0131 Ta\u015f\u0131mac\u0131) A\u00e7\u0131klamas\u0131\">FIDI<\/a> Ta\u015f\u0131nman\u0131zda size yard\u0131mc\u0131 olabilecek Akredite Uluslararas\u0131 Ta\u015f\u0131mac\u0131lar (FAIM).<\/p>\n<h2><strong>1. Comca Uluslararas\u0131<\/strong><\/h2>\n<ul>\n<li>Ulusal hamleler<\/li>\n<li>Uluslararas\u0131 ta\u015f\u0131nmalar<\/li>\n<li>Ev ta\u015f\u0131ma<\/li>\n<li>Ev i\u00e7i denetim<\/li>\n<li>Profesyonel paketleme hizmeti<\/li>\n<li>Kara, deniz ve hava ta\u015f\u0131mac\u0131l\u0131\u011f\u0131<\/li>\n<li>G\u00fcmr\u00fck deste\u011fi<\/li>\n<li>Sanat eseri ambalajlar\u0131<\/li>\n<li>Sigorta<\/li>\n<li>G\u00fcvenli depolama<\/li>\n<\/ul>\n<p>Comca International, 1967 y\u0131l\u0131nda kurulmu\u015f, ulusal ve uluslararas\u0131 ta\u015f\u0131ma hizmetleri sunan bir nakliye ve da\u011f\u0131t\u0131m lojistik \u00e7\u00f6z\u00fcmleri \u015firketidir. Uluslararas\u0131 ta\u015f\u0131malar\u0131 tamamlayabilmeleri i\u00e7in uluslararas\u0131 acentelerle stratejik ortakl\u0131klar\u0131 vard\u0131r. \u015eirket, 55 y\u0131ll\u0131k hizmetiyle IAM \u00fcyesidir.<\/p>\n<p>Comca International, ta\u015f\u0131nman\u0131z i\u00e7in bir inceleme ve fiyat teklifi sunman\u0131n yan\u0131 s\u0131ra en iyi ta\u015f\u0131ma y\u00f6ntemi konusunda tavsiyelerde bulunur. Ta\u015f\u0131ma s\u0131ras\u0131nda daha fazla koruma i\u00e7in en iyi malzemeleri ve kutular\u0131 veya yap\u0131\u015fkan plastik ve \u00e7emberli ah\u015fap kasalar\u0131 kullanarak profesyonel paketleme hizmetleri sunarlar. Kara, deniz veya hava yoluyla nakliyeyi ayarlar ve g\u00fcmr\u00fck konusunda yard\u0131mc\u0131 olurlar.<\/p>\n<p>Web sitesi: <a href=\"http:\/\/www.comca.com.sv\" target=\"_blank\" rel=\"noopener\">http:\/\/www.comca.com.sv<\/a><\/p>\n<h2><strong>2. Mudanzas Suarez<\/strong><\/h2>\n<p><img loading=\"lazy\" decoding=\"async\" class=\"alignnone size-full wp-image-5982\" src=\"https:\/\/moverdb.com\/wp-content\/uploads\/Mudanzas-Suarez-international-moving-company.png\" alt=\"Mudanzas Suarez uluslararas\u0131 nakliye \u015firketi\" width=\"1440\" height=\"712\" data-wp-pid=\"5982\" srcset=\"https:\/\/moverdb.com\/wp-content\/uploads\/Mudanzas-Suarez-international-moving-company.png 1440w, https:\/\/moverdb.com\/wp-content\/uploads\/Mudanzas-Suarez-international-moving-company-300x148.png 300w, https:\/\/moverdb.com\/wp-content\/uploads\/Mudanzas-Suarez-international-moving-company-1024x506.png 1024w, https:\/\/moverdb.com\/wp-content\/uploads\/Mudanzas-Suarez-international-moving-company-18x9.png 18w, https:\/\/moverdb.com\/wp-content\/uploads\/Mudanzas-Suarez-international-moving-company-600x297.png 600w\" sizes=\"auto, (max-width: 1440px) 100vw, 1440px\" \/><\/p>\n<ul>\n<li>Ulusal Ta\u015f\u0131malar<\/li>\n<li>Uluslararas\u0131 Ta\u015f\u0131malar<\/li>\n<li>Konut Ta\u015f\u0131malar\u0131<\/li>\n<li>\u0130\u015f hamleleri<\/li>\n<li>Ki\u015fiselle\u015ftirilmi\u015f hizmet<\/li>\n<li>Kap\u0131dan kap\u0131ya hizmet<\/li>\n<li>Paketleme hizmeti<\/li>\n<li>\u00d6zelle\u015ftirilmi\u015f ah\u015fap kutular<\/li>\n<li>Ula\u015f\u0131m se\u00e7enekleri<\/li>\n<li>\u015eartland\u0131r\u0131lm\u0131\u015f depolama alan\u0131<\/li>\n<\/ul>\n<p>Mudanzas Suarez, 1958 y\u0131l\u0131nda Antiguo Cuscatlan'da kurulmu\u015f bir lojistik ve ta\u015f\u0131ma \u015firketidir. D\u00fcnyan\u0131n d\u00f6rt bir yan\u0131ndaki ta\u015f\u0131nma i\u015flemlerinde kendilerine yard\u0131mc\u0131 olacak geni\u015f bir uluslararas\u0131 acente a\u011f\u0131na sahiptirler. \u015eirket 54 y\u0131ll\u0131k hizmetiyle IAM \u00fcyesidir.<\/p>\n<p>Mudanzas Suarez ki\u015fiselle\u015ftirilmi\u015f bir hizmet sunar ve \u00f6zel ah\u015fap kutular in\u015fa eden kendi marangozluk ekibi arac\u0131l\u0131\u011f\u0131yla \u00f6zelle\u015ftirilmi\u015f ambalaj \u00e7\u00f6z\u00fcmleri sa\u011flar. E\u015fyalar\u0131n\u0131z\u0131 ta\u015f\u0131ma s\u0131ras\u0131nda koruyacak bir paketleme hizmeti sunarlar. Hava kargosu ve konsolide kargo gibi deniz kargosu da dahil olmak \u00fczere \u00e7e\u015fitli kargo se\u00e7enekleri sunarlar.<\/p>\n<p>Web sitesi: <a href=\"http:\/\/suarez.com.sv\" target=\"_blank\" rel=\"noopener\">http:\/\/suarez.com.sv<\/a><\/p>\n<h2><strong>3. Mudisa El Salvador<\/strong><\/h2>\n<p><img loading=\"lazy\" decoding=\"async\" class=\"alignnone size-full wp-image-5983\" src=\"https:\/\/moverdb.com\/wp-content\/uploads\/Mudisa-international-moving-company.png\" alt=\"Mudisa uluslararas\u0131 nakliye \u015firketi\" width=\"1440\" height=\"712\" data-wp-pid=\"5983\" srcset=\"https:\/\/moverdb.com\/wp-content\/uploads\/Mudisa-international-moving-company.png 1440w, https:\/\/moverdb.com\/wp-content\/uploads\/Mudisa-international-moving-company-300x148.png 300w, https:\/\/moverdb.com\/wp-content\/uploads\/Mudisa-international-moving-company-1024x506.png 1024w, https:\/\/moverdb.com\/wp-content\/uploads\/Mudisa-international-moving-company-18x9.png 18w, https:\/\/moverdb.com\/wp-content\/uploads\/Mudisa-international-moving-company-600x297.png 600w\" sizes=\"auto, (max-width: 1440px) 100vw, 1440px\" \/><\/p>\n<ul>\n<li>Ulusal Ta\u015f\u0131malar<\/li>\n<li>Uluslararas\u0131 Ta\u015f\u0131malar<\/li>\n<li>Ev ta\u015f\u0131ma<\/li>\n<li>Kurumsal hamleler<\/li>\n<li>Yer de\u011fi\u015ftirme hizmetleri<\/li>\n<li>Kap\u0131dan kap\u0131ya hizmetler<\/li>\n<li>\u00d6zel kutular ve kasalar dahil paketleme<\/li>\n<li>Sanat eserleri ta\u015f\u0131mac\u0131l\u0131\u011f\u0131<\/li>\n<li>Ara\u00e7 ta\u015f\u0131mac\u0131l\u0131\u011f\u0131<\/li>\n<li>G\u00fcvenli depolama tesisleri<\/li>\n<\/ul>\n<p>Mudisa, 1963 y\u0131l\u0131nda San Salvador'da kurulmu\u015f bir nakliye, lojistik ve genel kargo \u015firketidir. Di\u011fer uluslararas\u0131 ta\u015f\u0131ma acenteleriyle ortakla\u015fa kap\u0131dan kap\u0131ya uluslararas\u0131 hizmet sa\u011flarlar ve ulusal ta\u015f\u0131malar yapmak i\u00e7in kendi ara\u00e7 filolar\u0131na sahiptirler. \u015eirket 45 y\u0131ll\u0131k hizmetiyle IAM \u00fcyesidir.<\/p>\n<p>Mudisa, evlere ve \u015firketlere ta\u015f\u0131nma ve yer de\u011fi\u015ftirme hizmetleri sunmaktad\u0131r. Mevcut ve yeni tesislerinizde \u00f6zel kutular ve kasalar i\u00e7eren paketleme ve a\u00e7ma gibi hizmetler sunarlar. Ta\u015f\u0131nma hizmetleri aras\u0131nda g\u00f6\u00e7menlik deste\u011fi, var\u0131\u015f hizmetleri, okullar hakk\u0131nda rehberlik, ev arama ve yerle\u015fme hizmetleri bulunmaktad\u0131r.<\/p>\n<p>Web sitesi: <a href=\"http:\/\/www.mudisa.com.sv\" target=\"_blank\" rel=\"noopener\">http:\/\/www.mudisa.com.sv<\/a><\/p>","protected":false},"excerpt":{"rendered":"<p>Are you planning on moving in El Salvador or to or from El Salvador? Then you may want to employ the services of a moving company to assist you and take some of the pressure off. Below we have compiled a list of El Salvador removal companies that are members of the International Association of [&hellip;]<\/p>\n","protected":false},"author":4,"featured_media":0,"parent":190,"menu_order":0,"comment_status":"closed","ping_status":"closed","template":"","meta":{"_genesis_hide_title":false,"_genesis_hide_breadcrumbs":false,"_genesis_hide_singular_image":false,"_genesis_hide_footer_widgets":false,"_genesis_custom_body_class":"","_genesis_custom_post_class":"","_genesis_layout":"","footnotes":""},"class_list":{"0":"post-6040","1":"page","2":"type-page","3":"status-publish","5":"entry","6":"has-post-thumbnail"},"_links":{"self":[{"href":"https:\/\/moverdb.com\/tr\/wp-json\/wp\/v2\/pages\/6040","targetHints":{"allow":["GET"]}}],"collection":[{"href":"https:\/\/moverdb.com\/tr\/wp-json\/wp\/v2\/pages"}],"about":[{"href":"https:\/\/moverdb.com\/tr\/wp-json\/wp\/v2\/types\/page"}],"author":[{"embeddable":true,"href":"https:\/\/moverdb.com\/tr\/wp-json\/wp\/v2\/users\/4"}],"replies":[{"embeddable":true,"href":"https:\/\/moverdb.com\/tr\/wp-json\/wp\/v2\/comments?post=6040"}],"version-history":[{"count":3,"href":"https:\/\/moverdb.com\/tr\/wp-json\/wp\/v2\/pages\/6040\/revisions"}],"predecessor-version":[{"id":6056,"href":"https:\/\/moverdb.com\/tr\/wp-json\/wp\/v2\/pages\/6040\/revisions\/6056"}],"up":[{"embeddable":true,"href":"https:\/\/moverdb.com\/tr\/wp-json\/wp\/v2\/pages\/190"}],"wp:attachment":[{"href":"https:\/\/moverdb.com\/tr\/wp-json\/wp\/v2\/media?parent=6040"}],"curies":[{"name":"wp","href":"https:\/\/api.w.org\/{rel}","templated":true}]}}