{"id":6038,"date":"2023-02-01T13:41:44","date_gmt":"2023-02-01T13:41:44","guid":{"rendered":"https:\/\/moverdb.com\/?page_id=6038"},"modified":"2026-01-08T15:24:39","modified_gmt":"2026-01-08T15:24:39","slug":"nakli%cc%87ye-si%cc%87rketleri%cc%87-ekvador","status":"publish","type":"page","link":"https:\/\/moverdb.com\/tr\/moving-companies\/moving-companies-ecuador\/","title":{"rendered":"Ekvador'daki En \u0130yi 4 Uluslararas\u0131 Nakliye \u015eirketi"},"content":{"rendered":"<p>Evinizi ta\u015f\u0131mak da i\u015finizi ta\u015f\u0131mak gibi stresli bir d\u00f6nem olabilir, bu nedenle bir <a href=\"https:\/\/moverdb.com\/tr\/moving-companies\/\" data-internallinksmanager029f6b8e52c=\"79\" title=\"\u00c7evrimi\u00e7i En \u0130yi 25 Uluslararas\u0131 Nakliye \u015eirketi\">ta\u015finma \u015fi\u0307rketi\u0307<\/a> y\u00fck\u00fc hafifletmeye ve ta\u015f\u0131nma y\u00fck\u00fcn\u00fc hafifletmeye yard\u0131mc\u0131 olabilir. A\u015fa\u011f\u0131da Ekvador'un bir listesini derledik <a href=\"https:\/\/moverdb.com\/tr\/international-removals\/\" data-internallinksmanager029f6b8e52c=\"27\" title=\"36 \u0130ngiltere&#039;deki En \u0130yi Uluslararas\u0131 Nakliye \u015eirketleri\">nakli\u0307ye \u015fi\u0307rketleri\u0307<\/a> \u00fcyesi olan <a href=\"https:\/\/moverdb.com\/tr\/iam\/\" data-internallinksmanager029f6b8e52c=\"23\" title=\"Uluslararas\u0131 Ta\u015f\u0131mac\u0131lar Birli\u011fi (IAM) A\u00e7\u0131klamas\u0131\">Uluslararas\u0131 Ta\u015f\u0131mac\u0131lar Birli\u011fi<\/a> (IAM) ve\/veya <a href=\"https:\/\/moverdb.com\/tr\/fidi-faim\/\" data-internallinksmanager029f6b8e52c=\"16\" title=\"FIDI &amp; FAIM (FIDI Akredite Uluslararas\u0131 Ta\u015f\u0131mac\u0131) A\u00e7\u0131klamas\u0131\">FIDI<\/a> Size destek sa\u011flayabilecek Akredite Uluslararas\u0131 Ta\u015f\u0131mac\u0131lar (FAIM).<\/p>\n<div id=\"ez-toc-container\" class=\"ez-toc-v2_0_82_2 ez-toc-wrap-left counter-hierarchy ez-toc-counter ez-toc-transparent ez-toc-container-direction\">\n<div class=\"ez-toc-title-container\">\n<p class=\"ez-toc-title\" style=\"cursor:inherit\">B\u00f6l\u00fcmler<\/p>\n<span class=\"ez-toc-title-toggle\"><a href=\"#\" class=\"ez-toc-pull-right ez-toc-btn ez-toc-btn-xs ez-toc-btn-default ez-toc-toggle\" aria-label=\"\u0130\u00e7indekiler Tablosunu A\u00e7\/Kapat\"><span class=\"ez-toc-js-icon-con\"><span class=\"\"><span class=\"eztoc-hide\" style=\"display:none;\">Ge\u00e7i\u015f<\/span><span class=\"ez-toc-icon-toggle-span\"><svg style=\"fill: #999;color:#999\" xmlns=\"http:\/\/www.w3.org\/2000\/svg\" class=\"list-377408\" width=\"20px\" height=\"20px\" viewbox=\"0 0 24 24\" fill=\"none\"><path d=\"M6 6H4v2h2V6zm14 0H8v2h12V6zM4 11h2v2H4v-2zm16 0H8v2h12v-2zM4 16h2v2H4v-2zm16 0H8v2h12v-2z\" fill=\"currentColor\"><\/path><\/svg><svg style=\"fill: #999;color:#999\" class=\"arrow-unsorted-368013\" xmlns=\"http:\/\/www.w3.org\/2000\/svg\" width=\"10px\" height=\"10px\" viewbox=\"0 0 24 24\" version=\"1.2\" baseprofile=\"tiny\"><path d=\"M18.2 9.3l-6.2-6.3-6.2 6.3c-.2.2-.3.4-.3.7s.1.5.3.7c.2.2.4.3.7.3h11c.3 0 .5-.1.7-.3.2-.2.3-.5.3-.7s-.1-.5-.3-.7zM5.8 14.7l6.2 6.3 6.2-6.3c.2-.2.3-.5.3-.7s-.1-.5-.3-.7c-.2-.2-.4-.3-.7-.3h-11c-.3 0-.5.1-.7.3-.2.2-.3.5-.3.7s.1.5.3.7z\"\/><\/svg><\/span><\/span><\/span><\/a><\/span><\/div>\n<nav><ul class='ez-toc-list ez-toc-list-level-1 eztoc-toggle-hide-by-default' ><li class='ez-toc-page-1 ez-toc-heading-level-2'><a class=\"ez-toc-link ez-toc-heading-1\" href=\"https:\/\/moverdb.com\/tr\/moving-companies\/moving-companies-ecuador\/#1_Sandhill_Ecuador\" >1. Kum Tepesi Ekvador<\/a><\/li><li class='ez-toc-page-1 ez-toc-heading-level-2'><a class=\"ez-toc-link ez-toc-heading-2\" href=\"https:\/\/moverdb.com\/tr\/moving-companies\/moving-companies-ecuador\/#2_INSA_Moving\" >2. INSA Hareketli<\/a><\/li><li class='ez-toc-page-1 ez-toc-heading-level-2'><a class=\"ez-toc-link ez-toc-heading-3\" href=\"https:\/\/moverdb.com\/tr\/moving-companies\/moving-companies-ecuador\/#3_Premium_Logistics\" >3. Premium Lojistik<\/a><\/li><li class='ez-toc-page-1 ez-toc-heading-level-2'><a class=\"ez-toc-link ez-toc-heading-4\" href=\"https:\/\/moverdb.com\/tr\/moving-companies\/moving-companies-ecuador\/#4_Global_Transport\" >4. K\u00fcresel Ta\u015f\u0131mac\u0131l\u0131k<\/a><\/li><\/ul><\/nav><\/div>\n<h2><span class=\"ez-toc-section\" id=\"1_Sandhill_Ecuador\"><\/span><strong>1. Kum Tepesi Ekvador<\/strong><span class=\"ez-toc-section-end\"><\/span><\/h2>\n<p><img loading=\"lazy\" decoding=\"async\" class=\"alignnone size-full wp-image-5998\" src=\"https:\/\/moverdb.com\/wp-content\/uploads\/Sandhill-Ecuador-international-moving-company.png\" alt=\"Sandhill Ekvador uluslararas\u0131 nakliye \u015firketi\" width=\"1440\" height=\"680\" data-wp-pid=\"5998\" srcset=\"https:\/\/moverdb.com\/wp-content\/uploads\/Sandhill-Ecuador-international-moving-company.png 1440w, https:\/\/moverdb.com\/wp-content\/uploads\/Sandhill-Ecuador-international-moving-company-300x142.png 300w, https:\/\/moverdb.com\/wp-content\/uploads\/Sandhill-Ecuador-international-moving-company-1024x484.png 1024w, https:\/\/moverdb.com\/wp-content\/uploads\/Sandhill-Ecuador-international-moving-company-18x9.png 18w, https:\/\/moverdb.com\/wp-content\/uploads\/Sandhill-Ecuador-international-moving-company-600x283.png 600w\" sizes=\"auto, (max-width: 1440px) 100vw, 1440px\" \/><\/p>\n<ul>\n<li>Ulusal hamleler<\/li>\n<li>Uluslararas\u0131 ta\u015f\u0131nmalar<\/li>\n<li>Konut Ta\u015f\u0131malar\u0131<\/li>\n<li>Kurumsal ta\u015f\u0131nmalar<\/li>\n<li>Ki\u015fiselle\u015ftirilmi\u015f hizmet<\/li>\n<li>Uluslararas\u0131 s\u0131n\u0131f paketleme<\/li>\n<li>Nakliye d\u00fczenlemeleri<\/li>\n<li>G\u00fcmr\u00fck i\u015flemleri<\/li>\n<li>Sigorta<\/li>\n<li>Depolama tesisleri<\/li>\n<\/ul>\n<p>Sandhill Ecuador, Quito merkezli bir lojistik ve ta\u015f\u0131ma \u015firketidir ve ta\u015f\u0131nma konusunda 60 y\u0131l\u0131 a\u015fk\u0131n deneyime sahiptir. D\u00fcnyan\u0131n herhangi bir yerine ta\u015f\u0131nman\u0131za yard\u0131mc\u0131 olmak i\u00e7in k\u00fcresel bir ta\u015f\u0131ma ortaklar\u0131 a\u011f\u0131na sahiptirler. IAM'ye 2 y\u0131ll\u0131k hizmet ile \u00fcyedirler.<\/p>\n<p>Sandhill Ecuador, ki\u015fiselle\u015ftirilmi\u015f tek noktadan ta\u015f\u0131ma hizmeti sunmaktad\u0131r. Ta\u015f\u0131nma gereksinimlerinizi de\u011ferlendirmek ve bir fiyat teklifi sunmak i\u00e7in sanal veya y\u00fcz y\u00fcze bir anket sa\u011flarlar. Yolculu\u011funuz boyunca size yard\u0131mc\u0131 olacak, paketlemenizi y\u00f6netecek, nakliyeyi ayarlayacak, g\u00fcmr\u00fck i\u015flemlerini yapacak, sigorta sunacak ve rehberler ve okul bulma dahil olmak \u00fczere gidece\u011finiz yer hakk\u0131nda destek sa\u011flayacak bir ta\u015f\u0131nma lideri tahsis edilecektir.<\/p>\n<p>Web sitesi: <a href=\"http:\/\/www.sandhillrelo.com\" target=\"_blank\" rel=\"noopener\">http:\/\/www.sandhillrelo.com<\/a><\/p>\n<h2><span class=\"ez-toc-section\" id=\"2_INSA_Moving\"><\/span><strong>2. INSA Hareketli<\/strong><span class=\"ez-toc-section-end\"><\/span><\/h2>\n<p><img loading=\"lazy\" decoding=\"async\" class=\"alignnone size-full wp-image-5957\" src=\"https:\/\/moverdb.com\/wp-content\/uploads\/INSA-Moving-international-moving-company.png\" alt=\"INSA Moving uluslararas\u0131 ta\u015f\u0131ma \u015firketi\" width=\"1440\" height=\"664\" data-wp-pid=\"5957\" srcset=\"https:\/\/moverdb.com\/wp-content\/uploads\/INSA-Moving-international-moving-company.png 1440w, https:\/\/moverdb.com\/wp-content\/uploads\/INSA-Moving-international-moving-company-300x138.png 300w, https:\/\/moverdb.com\/wp-content\/uploads\/INSA-Moving-international-moving-company-1024x472.png 1024w, https:\/\/moverdb.com\/wp-content\/uploads\/INSA-Moving-international-moving-company-18x8.png 18w, https:\/\/moverdb.com\/wp-content\/uploads\/INSA-Moving-international-moving-company-600x277.png 600w\" sizes=\"auto, (max-width: 1440px) 100vw, 1440px\" \/><\/p>\n<ul>\n<li>Yerel ve ulusal hamleler<\/li>\n<li>Uluslararas\u0131 ta\u015f\u0131nmalar<\/li>\n<li>Yer de\u011fi\u015ftirme hizmetleri<\/li>\n<li>Ev ta\u015f\u0131ma<\/li>\n<li>Kurumsal hamleler<\/li>\n<li>Kap\u0131dan kap\u0131ya hizmet<\/li>\n<li>Paketleme hizmetleri<\/li>\n<li>G\u00f6\u00e7menlik hizmetleri<\/li>\n<li>Evcil hayvan ta\u015f\u0131mac\u0131l\u0131\u011f\u0131<\/li>\n<li>Depolama \u00e7\u00f6z\u00fcmleri<\/li>\n<\/ul>\n<p>INSA Moving, ta\u015f\u0131nma ve yer de\u011fi\u015ftirme hizmetleri sunan Quito merkezli k\u00f6kl\u00fc bir nakliye, lojistik ve kargo \u015firketidir. Ev sahiplerine ve \u015firketlere yerel, ulusal ve uluslararas\u0131 ta\u015f\u0131nma hizmetleri sunmaktad\u0131r. \u015eirket 65 y\u0131ll\u0131k hizmetiyle IAM \u00fcyesidir ve FIDI taraf\u0131ndan akredite edilmi\u015ftir.<\/p>\n<p>INSA Moving, e\u015fyalar\u0131n\u0131z\u0131n g\u00fcvenli bir \u015fekilde paketlenmesi, gidece\u011finiz yere ta\u015f\u0131nmas\u0131 ve paketlerin a\u00e7\u0131lmas\u0131 hizmetlerini i\u00e7eren kap\u0131dan kap\u0131ya ta\u015f\u0131nma ve yer de\u011fi\u015ftirme hizmetleri sunmaktad\u0131r. Ta\u015f\u0131nma hizmetleri ayr\u0131ca ev ve okul bulma konusunda destek, gidece\u011finiz yer hakk\u0131nda bilgi rehberleri, ev bak\u0131m\u0131 konusunda yard\u0131m, evcil hayvan ta\u015f\u0131ma, g\u00f6\u00e7menlik hizmetleri ve sigortay\u0131 da i\u00e7erir.<\/p>\n<p>Web sitesi: <a href=\"http:\/\/www.insa.com.ec\" target=\"_blank\" rel=\"noopener\">http:\/\/www.insa.com.ec<\/a><\/p>\n<h2><span class=\"ez-toc-section\" id=\"3_Premium_Logistics\"><\/span><strong>3. Premium Lojistik<\/strong><span class=\"ez-toc-section-end\"><\/span><\/h2>\n<p><img loading=\"lazy\" decoding=\"async\" class=\"alignnone size-full wp-image-5994\" src=\"https:\/\/moverdb.com\/wp-content\/uploads\/Premium-Logistics-international-moving-company.png\" alt=\"Premium Logistics uluslararas\u0131 ta\u015f\u0131ma \u015firketi\" width=\"1440\" height=\"679\" data-wp-pid=\"5994\" srcset=\"https:\/\/moverdb.com\/wp-content\/uploads\/Premium-Logistics-international-moving-company.png 1440w, https:\/\/moverdb.com\/wp-content\/uploads\/Premium-Logistics-international-moving-company-300x141.png 300w, https:\/\/moverdb.com\/wp-content\/uploads\/Premium-Logistics-international-moving-company-1024x483.png 1024w, https:\/\/moverdb.com\/wp-content\/uploads\/Premium-Logistics-international-moving-company-18x8.png 18w, https:\/\/moverdb.com\/wp-content\/uploads\/Premium-Logistics-international-moving-company-600x283.png 600w\" sizes=\"auto, (max-width: 1440px) 100vw, 1440px\" \/><\/p>\n<ul>\n<li>Yerel ve ulusal hamleler<\/li>\n<li>Uluslararas\u0131 ta\u015f\u0131nmalar<\/li>\n<li>Konut Ta\u015f\u0131malar\u0131<\/li>\n<li>Kurumsal Ta\u015f\u0131malar<\/li>\n<li>Kap\u0131dan kap\u0131ya hizmet<\/li>\n<li>Paketleme hizmeti<\/li>\n<li>Profesyonel e\u011fitimli personel<\/li>\n<li>G\u00fcmr\u00fck tavsiyesi<\/li>\n<li>T\u00fcm riskler i\u00e7in sigorta<\/li>\n<li>G\u00fcvenli depolama tesisleri<\/li>\n<\/ul>\n<p>Premium Logistics, 1998 y\u0131l\u0131nda Quito'da kurulmu\u015f yerel, ulusal ve uluslararas\u0131 kapsama sahip uzman bir ta\u015f\u0131ma ve depolama \u015firketidir. Ekvador'a ve Ekvador'dan konut ve kurumsal ta\u015f\u0131nmalar sa\u011flarlar. \u015eirket, 23 y\u0131ll\u0131k hizmetiyle IAM \u00fcyesidir.<\/p>\n<p>Premium Logistics, ihtiya\u00e7lar\u0131n\u0131z\u0131 de\u011ferlendirmek i\u00e7in bir anketi de i\u00e7erebilen kap\u0131dan kap\u0131ya ta\u015f\u0131ma hizmeti sunar. E\u015fyalar\u0131n\u0131z\u0131 ve mobilyalar\u0131n\u0131z\u0131 \u00f6zenle paketleyecek ve ta\u015f\u0131yacak e\u011fitimli personel sa\u011flarlar. G\u00fcmr\u00fck prosed\u00fcrlerine yard\u0131mc\u0131 olmak i\u00e7in tavsiyelerde bulunur ve sigorta se\u00e7enekleri sunarlar. Ayr\u0131ca Quito'daki depolar\u0131nda g\u00fcvenli depolama olanaklar\u0131 da sa\u011flarlar.<\/p>\n<p>Web sitesi: <a href=\"http:\/\/www.premiumlogistics.com.ec\" target=\"_blank\" rel=\"noopener\">http:\/\/www.premiumlogistics.com.ec<\/a><\/p>\n<h2><span class=\"ez-toc-section\" id=\"4_Global_Transport\"><\/span><strong>4. K\u00fcresel Ta\u015f\u0131mac\u0131l\u0131k<\/strong><span class=\"ez-toc-section-end\"><\/span><\/h2>\n<p><img loading=\"lazy\" decoding=\"async\" class=\"alignnone size-full wp-image-5951\" src=\"https:\/\/moverdb.com\/wp-content\/uploads\/Global-Transport-international-moving-company.png\" alt=\"Global Transport uluslararas\u0131 ta\u015f\u0131ma \u015firketi\" width=\"1440\" height=\"665\" data-wp-pid=\"5951\" srcset=\"https:\/\/moverdb.com\/wp-content\/uploads\/Global-Transport-international-moving-company.png 1440w, https:\/\/moverdb.com\/wp-content\/uploads\/Global-Transport-international-moving-company-300x139.png 300w, https:\/\/moverdb.com\/wp-content\/uploads\/Global-Transport-international-moving-company-1024x473.png 1024w, https:\/\/moverdb.com\/wp-content\/uploads\/Global-Transport-international-moving-company-18x8.png 18w, https:\/\/moverdb.com\/wp-content\/uploads\/Global-Transport-international-moving-company-600x277.png 600w\" sizes=\"auto, (max-width: 1440px) 100vw, 1440px\" \/><\/p>\n<ul>\n<li>Ulusal hamleler<\/li>\n<li>Uluslararas\u0131 ta\u015f\u0131nmalar<\/li>\n<li>Ev ta\u015f\u0131ma<\/li>\n<li>Ofis ta\u015f\u0131ma<\/li>\n<li>Kap\u0131dan kap\u0131ya veya kap\u0131dan<a href=\"https:\/\/moverdb.com\/tr\/top-49-container-ports\/\" data-internallinksmanager029f6b8e52c=\"80\" title=\"2025 Y\u0131l\u0131nda En B\u00fcy\u00fck ve En Yo\u011fun 49 Konteyner Liman\u0131\">Liman<\/a> hizmet<\/li>\n<li>Paketleme hizmetleri<\/li>\n<li>Ta\u015f\u0131mac\u0131l\u0131\u011f\u0131n d\u00fczenlenmesi<\/li>\n<li>G\u00fcmr\u00fck prosed\u00fcrleri<\/li>\n<li>Ambalajlar\u0131n a\u00e7\u0131lmas\u0131 ve at\u0131klar\u0131n uzakla\u015ft\u0131r\u0131lmas\u0131<\/li>\n<li>G\u00fcvenli depolama tesisleri<\/li>\n<\/ul>\n<p>Global Transport 1971 y\u0131l\u0131nda kurulmu\u015f ve merkezi Quito'da bulunan uluslararas\u0131 bir ta\u015f\u0131ma \u015firketidir. Ulusal ve uluslararas\u0131 ta\u015f\u0131ma hizmetlerinin yan\u0131 s\u0131ra sanat eserleri i\u00e7in uzman ta\u015f\u0131ma hizmetleri de sunmaktad\u0131r. \u015eirket 51 y\u0131ll\u0131k hizmetiyle IAM \u00fcyesidir ve her yere ta\u015f\u0131nmay\u0131 desteklemek i\u00e7in uluslararas\u0131 acentelerden olu\u015fan bir a\u011fa sahiptir.<\/p>\n<p>Global Transport, ta\u015f\u0131nman\u0131z\u0131n ihtiya\u00e7lar\u0131n\u0131 de\u011ferlendirmek i\u00e7in ki\u015fisel bir ziyaret sa\u011flar, b\u00f6ylece e\u015fyalar\u0131n\u0131z\u0131n paketlenmesi ve var\u0131\u015f noktan\u0131za ta\u015f\u0131nmas\u0131 i\u00e7in gerekli d\u00fczenlemeleri yapabilirler. E\u015fyalar\u0131n\u0131z\u0131 korumak i\u00e7in malzemeler ve kutularla g\u00fcvenli bir \u015fekilde paketlerler. Gidece\u011finiz yerde ambalaj\u0131 a\u00e7arlar ve ambalaj at\u0131klar\u0131n\u0131 al\u0131rlar.<\/p>\n<p>Web sitesi: <a href=\"http:\/\/www.globaltransportecuador.com\" target=\"_blank\" rel=\"noopener\">http:\/\/www.globaltransportecuador.com<\/a><\/p>","protected":false},"excerpt":{"rendered":"<p>Moving home can be a stressful time, as can moving your business, so seeking out the support of a moving company could help ease the burden and lighten the load of moving. Below we have compiled a list of Ecuador removal companies that are members of the International Association of Movers (IAM) and\/or FIDI Accredited [&hellip;]<\/p>\n","protected":false},"author":4,"featured_media":0,"parent":190,"menu_order":0,"comment_status":"closed","ping_status":"closed","template":"","meta":{"_genesis_hide_title":false,"_genesis_hide_breadcrumbs":false,"_genesis_hide_singular_image":false,"_genesis_hide_footer_widgets":false,"_genesis_custom_body_class":"","_genesis_custom_post_class":"","_genesis_layout":"","footnotes":""},"class_list":{"0":"post-6038","1":"page","2":"type-page","3":"status-publish","5":"entry","6":"has-post-thumbnail"},"_links":{"self":[{"href":"https:\/\/moverdb.com\/tr\/wp-json\/wp\/v2\/pages\/6038","targetHints":{"allow":["GET"]}}],"collection":[{"href":"https:\/\/moverdb.com\/tr\/wp-json\/wp\/v2\/pages"}],"about":[{"href":"https:\/\/moverdb.com\/tr\/wp-json\/wp\/v2\/types\/page"}],"author":[{"embeddable":true,"href":"https:\/\/moverdb.com\/tr\/wp-json\/wp\/v2\/users\/4"}],"replies":[{"embeddable":true,"href":"https:\/\/moverdb.com\/tr\/wp-json\/wp\/v2\/comments?post=6038"}],"version-history":[{"count":1,"href":"https:\/\/moverdb.com\/tr\/wp-json\/wp\/v2\/pages\/6038\/revisions"}],"predecessor-version":[{"id":6039,"href":"https:\/\/moverdb.com\/tr\/wp-json\/wp\/v2\/pages\/6038\/revisions\/6039"}],"up":[{"embeddable":true,"href":"https:\/\/moverdb.com\/tr\/wp-json\/wp\/v2\/pages\/190"}],"wp:attachment":[{"href":"https:\/\/moverdb.com\/tr\/wp-json\/wp\/v2\/media?parent=6038"}],"curies":[{"name":"wp","href":"https:\/\/api.w.org\/{rel}","templated":true}]}}