{"id":6036,"date":"2023-02-01T13:45:53","date_gmt":"2023-02-01T13:45:53","guid":{"rendered":"https:\/\/moverdb.com\/?page_id=6036"},"modified":"2026-01-08T15:29:19","modified_gmt":"2026-01-08T15:29:19","slug":"tasima-sirketleri-dominik-cumhuriyeti","status":"publish","type":"page","link":"https:\/\/moverdb.com\/tr\/moving-companies\/moving-companies-dominican-republic\/","title":{"rendered":"Dominik Cumhuriyeti'ndeki En \u0130yi 6 Uluslararas\u0131 Nakliye \u015eirketi"},"content":{"rendered":"<p>Dominik Cumhuriyeti'nde evinizi ta\u015f\u0131yor ya da i\u015finizi Dominik Cumhuriyeti'ne ya da Dominik Cumhuriyeti'nden ta\u015f\u0131yorsan\u0131z, biraz yard\u0131m ar\u0131yor olabilirsiniz. Bir ta\u015f\u0131nma veya yer de\u011fi\u015ftirme \u015firketi ta\u015f\u0131nman\u0131z\u0131 kolayla\u015ft\u0131rabilir ve stresinizin bir k\u0131sm\u0131n\u0131 ortadan kald\u0131rabilir. A\u015fa\u011f\u0131da Dominik Cumhuriyeti'nin bir listesini derledik <a href=\"https:\/\/moverdb.com\/tr\/international-removals\/\" data-internallinksmanager029f6b8e52c=\"27\" title=\"36 \u0130ngiltere&#039;deki En \u0130yi Uluslararas\u0131 Nakliye \u015eirketleri\">nakli\u0307ye \u015fi\u0307rketleri\u0307<\/a> \u00fcyesi olan <a href=\"https:\/\/moverdb.com\/tr\/iam\/\" data-internallinksmanager029f6b8e52c=\"23\" title=\"Uluslararas\u0131 Ta\u015f\u0131mac\u0131lar Birli\u011fi (IAM) A\u00e7\u0131klamas\u0131\">Uluslararas\u0131 Ta\u015f\u0131mac\u0131lar Birli\u011fi<\/a> (IAM) ve\/veya <a href=\"https:\/\/moverdb.com\/tr\/fidi-faim\/\" data-internallinksmanager029f6b8e52c=\"16\" title=\"FIDI &amp; FAIM (FIDI Akredite Uluslararas\u0131 Ta\u015f\u0131mac\u0131) A\u00e7\u0131klamas\u0131\">FIDI<\/a> Size yard\u0131mc\u0131 olabilecek Akredite Uluslararas\u0131 Ta\u015f\u0131mac\u0131lar (FAIM).<\/p>\n<div id=\"ez-toc-container\" class=\"ez-toc-v2_0_82_2 ez-toc-wrap-left counter-hierarchy ez-toc-counter ez-toc-transparent ez-toc-container-direction\">\n<div class=\"ez-toc-title-container\">\n<p class=\"ez-toc-title\" style=\"cursor:inherit\">B\u00f6l\u00fcmler<\/p>\n<span class=\"ez-toc-title-toggle\"><a href=\"#\" class=\"ez-toc-pull-right ez-toc-btn ez-toc-btn-xs ez-toc-btn-default ez-toc-toggle\" aria-label=\"\u0130\u00e7indekiler Tablosunu A\u00e7\/Kapat\"><span class=\"ez-toc-js-icon-con\"><span class=\"\"><span class=\"eztoc-hide\" style=\"display:none;\">Ge\u00e7i\u015f<\/span><span class=\"ez-toc-icon-toggle-span\"><svg style=\"fill: #999;color:#999\" xmlns=\"http:\/\/www.w3.org\/2000\/svg\" class=\"list-377408\" width=\"20px\" height=\"20px\" viewbox=\"0 0 24 24\" fill=\"none\"><path d=\"M6 6H4v2h2V6zm14 0H8v2h12V6zM4 11h2v2H4v-2zm16 0H8v2h12v-2zM4 16h2v2H4v-2zm16 0H8v2h12v-2z\" fill=\"currentColor\"><\/path><\/svg><svg style=\"fill: #999;color:#999\" class=\"arrow-unsorted-368013\" xmlns=\"http:\/\/www.w3.org\/2000\/svg\" width=\"10px\" height=\"10px\" viewbox=\"0 0 24 24\" version=\"1.2\" baseprofile=\"tiny\"><path d=\"M18.2 9.3l-6.2-6.3-6.2 6.3c-.2.2-.3.4-.3.7s.1.5.3.7c.2.2.4.3.7.3h11c.3 0 .5-.1.7-.3.2-.2.3-.5.3-.7s-.1-.5-.3-.7zM5.8 14.7l6.2 6.3 6.2-6.3c.2-.2.3-.5.3-.7s-.1-.5-.3-.7c-.2-.2-.4-.3-.7-.3h-11c-.3 0-.5.1-.7.3-.2.2-.3.5-.3.7s.1.5.3.7z\"\/><\/svg><\/span><\/span><\/span><\/a><\/span><\/div>\n<nav><ul class='ez-toc-list ez-toc-list-level-1 eztoc-toggle-hide-by-default' ><li class='ez-toc-page-1 ez-toc-heading-level-2'><a class=\"ez-toc-link ez-toc-heading-1\" href=\"https:\/\/moverdb.com\/tr\/moving-companies\/moving-companies-dominican-republic\/#1_International_Packers\" >1. Uluslararas\u0131 Paketleyiciler<\/a><\/li><li class='ez-toc-page-1 ez-toc-heading-level-2'><a class=\"ez-toc-link ez-toc-heading-2\" href=\"https:\/\/moverdb.com\/tr\/moving-companies\/moving-companies-dominican-republic\/#2_Mega_Movers\" >2. Mega Ta\u015f\u0131y\u0131c\u0131lar<\/a><\/li><li class='ez-toc-page-1 ez-toc-heading-level-2'><a class=\"ez-toc-link ez-toc-heading-3\" href=\"https:\/\/moverdb.com\/tr\/moving-companies\/moving-companies-dominican-republic\/#3_Dominican_International_Moving\" >3. Dominik Uluslararas\u0131 Ta\u015f\u0131mac\u0131l\u0131k<\/a><\/li><li class='ez-toc-page-1 ez-toc-heading-level-2'><a class=\"ez-toc-link ez-toc-heading-4\" href=\"https:\/\/moverdb.com\/tr\/moving-companies\/moving-companies-dominican-republic\/#4_Frank_Leo\" >4. Frank Leo<\/a><\/li><li class='ez-toc-page-1 ez-toc-heading-level-2'><a class=\"ez-toc-link ez-toc-heading-5\" href=\"https:\/\/moverdb.com\/tr\/moving-companies\/moving-companies-dominican-republic\/#5_L_G_International_Movers\" >5. L&amp;G Uluslararas\u0131 Ta\u015f\u0131mac\u0131l\u0131k<\/a><\/li><li class='ez-toc-page-1 ez-toc-heading-level-2'><a class=\"ez-toc-link ez-toc-heading-6\" href=\"https:\/\/moverdb.com\/tr\/moving-companies\/moving-companies-dominican-republic\/#6_Latino_Express\" >6. Latino Express<\/a><\/li><\/ul><\/nav><\/div>\n<h2><span class=\"ez-toc-section\" id=\"1_International_Packers\"><\/span><strong>1. Uluslararas\u0131 Paketleyiciler<\/strong><span class=\"ez-toc-section-end\"><\/span><\/h2>\n<p><img loading=\"lazy\" decoding=\"async\" class=\"alignnone size-full wp-image-5961\" src=\"https:\/\/moverdb.com\/wp-content\/uploads\/International-Packers-international-moving-company.png\" alt=\"International Packers uluslararas\u0131 ta\u015f\u0131ma \u015firketi\" width=\"1440\" height=\"683\" data-wp-pid=\"5961\" srcset=\"https:\/\/moverdb.com\/wp-content\/uploads\/International-Packers-international-moving-company.png 1440w, https:\/\/moverdb.com\/wp-content\/uploads\/International-Packers-international-moving-company-300x142.png 300w, https:\/\/moverdb.com\/wp-content\/uploads\/International-Packers-international-moving-company-1024x486.png 1024w, https:\/\/moverdb.com\/wp-content\/uploads\/International-Packers-international-moving-company-18x9.png 18w, https:\/\/moverdb.com\/wp-content\/uploads\/International-Packers-international-moving-company-600x285.png 600w\" sizes=\"auto, (max-width: 1440px) 100vw, 1440px\" \/><\/p>\n<ul>\n<li>Ulusal hamleler<\/li>\n<li>Uluslararas\u0131 ta\u015f\u0131nmalar<\/li>\n<li>Ev ta\u015f\u0131ma<\/li>\n<li>Kurumsal hamleler<\/li>\n<li>Profesyonel paketleme hizmeti<\/li>\n<li>G\u00fcmr\u00fck deste\u011fi<\/li>\n<li>Sanat eserleri ta\u015f\u0131mac\u0131l\u0131\u011f\u0131<\/li>\n<li>Evcil hayvan nakliyesi<\/li>\n<li>Sigorta<\/li>\n<li>Depolama tesisleri<\/li>\n<\/ul>\n<p>International Packers, 1989 y\u0131l\u0131nda kurulmu\u015f Santo Domingo merkezli bir ta\u015f\u0131ma ve depolama \u015firketidir. Sanat eserlerinin ta\u015f\u0131nmas\u0131, evcil hayvan nakliyesi ve mobilya kiralama i\u00e7in uzmanl\u0131k hizmetleri de dahil olmak \u00fczere ta\u015f\u0131ma ve yer de\u011fi\u015ftirme hizmetleri sunmaktad\u0131rlar. \u015eirket 33 y\u0131ll\u0131k hizmetiyle IAM \u00fcyesidir ve FIDI taraf\u0131ndan akredite edilmi\u015ftir.<\/p>\n<p>International Packers, d\u00fcnyan\u0131n d\u00f6rt bir yan\u0131ndaki uluslararas\u0131 ta\u015f\u0131ma acenteleri ile sa\u011flanan ulusal ve uluslararas\u0131 ta\u015f\u0131nmalar i\u00e7in ki\u015fisel bir hizmet sunar. E\u015fyalar\u0131n\u0131z\u0131 korumak i\u00e7in profesyonel bir paketleme hizmeti i\u00e7eren kap\u0131dan kap\u0131ya bir hizmet sunarlar ve sigorta korumas\u0131 sa\u011flarlar. \u0130htiya\u00e7 duyman\u0131z halinde depolama olanaklar\u0131 da sa\u011flarlar.<\/p>\n<p>Web sitesi: <a href=\"http:\/\/www.internt-packers.com.do\" target=\"_blank\" rel=\"noopener\">http:\/\/www.internt-packers.com.do<\/a><\/p>\n<h2><span class=\"ez-toc-section\" id=\"2_Mega_Movers\"><\/span><strong>2. Mega Ta\u015f\u0131y\u0131c\u0131lar<\/strong><span class=\"ez-toc-section-end\"><\/span><\/h2>\n<p><img loading=\"lazy\" decoding=\"async\" class=\"alignnone size-full wp-image-5970\" src=\"https:\/\/moverdb.com\/wp-content\/uploads\/Mega-Movers-international-moving-company.png\" alt=\"Mega Movers uluslararas\u0131 ta\u015f\u0131ma \u015firketi\" width=\"1440\" height=\"677\" data-wp-pid=\"5970\" srcset=\"https:\/\/moverdb.com\/wp-content\/uploads\/Mega-Movers-international-moving-company.png 1440w, https:\/\/moverdb.com\/wp-content\/uploads\/Mega-Movers-international-moving-company-300x141.png 300w, https:\/\/moverdb.com\/wp-content\/uploads\/Mega-Movers-international-moving-company-1024x481.png 1024w, https:\/\/moverdb.com\/wp-content\/uploads\/Mega-Movers-international-moving-company-18x8.png 18w, https:\/\/moverdb.com\/wp-content\/uploads\/Mega-Movers-international-moving-company-600x282.png 600w\" sizes=\"auto, (max-width: 1440px) 100vw, 1440px\" \/><\/p>\n<ul>\n<li>Ulusal hamleler<\/li>\n<li>Uluslararas\u0131 ta\u015f\u0131nmalar<\/li>\n<li>Ev ta\u015f\u0131ma<\/li>\n<li>Ofis ta\u015f\u0131ma<\/li>\n<li>T\u0131bbi ekipman ta\u015f\u0131ma konusunda uzmanla\u015fm\u0131\u015ft\u0131r<\/li>\n<li>Paketleme hizmetleri<\/li>\n<li>Ismarlama kasalar<\/li>\n<li>Uzman ekipman<\/li>\n<li>B\u00fcy\u00fck boyutlu ve\/veya a\u015f\u0131r\u0131 kilolu mallar i\u00e7in uygundur<\/li>\n<li>Sigorta<\/li>\n<\/ul>\n<p>Mega Movers, Dominik Cumhuriyeti, Porto Riko ve Karayipler'de faaliyet g\u00f6steren bir aile lojistik \u015firketidir. Makine te\u00e7hizat\u0131, anahtar teslim projeler, b\u00fcy\u00fck boyutlu\/a\u015f\u0131r\u0131 a\u011f\u0131r mallar ve uluslararas\u0131 ev ta\u015f\u0131mac\u0131l\u0131\u011f\u0131 hizmetleri sunmaktad\u0131r. Ayr\u0131ca Dominik Cumhuriyeti i\u00e7inde t\u0131bbi ekipmanlar\u0131n ta\u015f\u0131nmas\u0131 i\u00e7in uzman bir hizmet sunmaktad\u0131rlar. \u015eirket, 3 y\u0131ll\u0131k hizmet s\u00fcresiyle IAM \u00fcyesidir.<\/p>\n<p>Mega Movers, \u015firket i\u00e7i dan\u0131\u015fmanl\u0131k ve tavsiye i\u00e7eren ki\u015fiselle\u015ftirilmi\u015f bir hizmet sunmaktad\u0131r. Deneyimli paketleyiciler ve kendi yapt\u0131klar\u0131 \u0131smarlama kasalar da dahil olmak \u00fczere yeni paketleme malzemeleri sa\u011flarlar. Ayr\u0131ca, birlikte hizmet sunmak i\u00e7in d\u00fcnya \u00e7ap\u0131nda 1.000'den fazla uluslararas\u0131 ta\u015f\u0131ma acentesi ile \u00e7al\u0131\u015fmaktad\u0131rlar.<\/p>\n<p>Web sitesi: <a href=\"http:\/\/www.megamovers.co\" target=\"_blank\" rel=\"noopener\">http:\/\/www.megamovers.co<\/a><\/p>\n<h2><span class=\"ez-toc-section\" id=\"3_Dominican_International_Moving\"><\/span><strong>3. Dominik Uluslararas\u0131 Ta\u015f\u0131mac\u0131l\u0131k<\/strong><span class=\"ez-toc-section-end\"><\/span><\/h2>\n<p><img loading=\"lazy\" decoding=\"async\" class=\"alignnone size-full wp-image-5939\" src=\"https:\/\/moverdb.com\/wp-content\/uploads\/Domincan-International-Moving-company.png\" alt=\"Domincan Uluslararas\u0131 Ta\u015f\u0131mac\u0131l\u0131k \u015firketi\" width=\"1440\" height=\"672\" data-wp-pid=\"5939\" srcset=\"https:\/\/moverdb.com\/wp-content\/uploads\/Domincan-International-Moving-company.png 1440w, https:\/\/moverdb.com\/wp-content\/uploads\/Domincan-International-Moving-company-300x140.png 300w, https:\/\/moverdb.com\/wp-content\/uploads\/Domincan-International-Moving-company-1024x478.png 1024w, https:\/\/moverdb.com\/wp-content\/uploads\/Domincan-International-Moving-company-18x8.png 18w, https:\/\/moverdb.com\/wp-content\/uploads\/Domincan-International-Moving-company-600x280.png 600w\" sizes=\"auto, (max-width: 1440px) 100vw, 1440px\" \/><\/p>\n<ul>\n<li>Ulusal hamleler<\/li>\n<li>Uluslararas\u0131 ta\u015f\u0131nmalar<\/li>\n<li>Konut Ta\u015f\u0131malar\u0131<\/li>\n<li>\u0130\u015f hamleleri<\/li>\n<li>Hassas ve k\u0131r\u0131lgan e\u015fyalar\u0131n ta\u015f\u0131nmas\u0131 konusunda deneyimli<\/li>\n<li>Paketleme hizmetleri<\/li>\n<li>G\u00fcmr\u00fck deste\u011fi<\/li>\n<li>Ara\u00e7 ta\u015f\u0131mac\u0131l\u0131\u011f\u0131<\/li>\n<li>Evcil hayvanlar\u0131n ta\u015f\u0131nmas\u0131<\/li>\n<li>Depolama tesisleri<\/li>\n<\/ul>\n<p>Dominik Uluslararas\u0131 Ta\u015f\u0131mac\u0131l\u0131k <a href=\"https:\/\/moverdb.com\/tr\/moving-companies\/\" data-internallinksmanager029f6b8e52c=\"79\" title=\"\u00c7evrimi\u00e7i En \u0130yi 25 Uluslararas\u0131 Nakliye \u015eirketi\">ta\u015finma \u015fi\u0307rketi\u0307<\/a> Santo Domingo merkezli, ulusal ve uluslararas\u0131 ta\u015f\u0131nma ve yer de\u011fi\u015ftirme hizmetleri sunan bir \u015firkettir. Ayr\u0131ca ara\u00e7 ta\u015f\u0131ma ve evcil hayvan ta\u015f\u0131ma hizmetleri de sunmaktad\u0131rlar. IAM \u00fcyesidirler ve uluslararas\u0131 ta\u015f\u0131nmalarda yard\u0131mc\u0131 olmak i\u00e7in d\u00fcnya \u00e7ap\u0131nda nitelikli acentelerden olu\u015fan bir a\u011fa sahiptirler.<\/p>\n<p>Dominican International Moving, t\u00fcm e\u015fyalar\u0131n\u0131z\u0131n uzman ambalajlarla g\u00fcvenli bir \u015fekilde paketlenmesini, mobilyalar\u0131n s\u00f6k\u00fclmesini ve envanterin \u00e7\u0131kar\u0131lmas\u0131n\u0131 i\u00e7eren kapsaml\u0131 ta\u015f\u0131nma \u00e7\u00f6z\u00fcmleri sunar. E\u015fyalar\u0131n\u0131z\u0131n nakliyesini ayarlar, g\u00fcmr\u00fck gerekliliklerini yerine getirir, onlar\u0131 bo\u015falt\u0131r ve mobilyalar\u0131 monte ederler.<\/p>\n<p>Web sitesi: <a href=\"http:\/\/www.dim.do\/\" target=\"_blank\" rel=\"noopener\">http:\/\/www.dim.do\/<\/a><\/p>\n<h2><span class=\"ez-toc-section\" id=\"4_Frank_Leo\"><\/span><strong>4. Frank Leo<\/strong><span class=\"ez-toc-section-end\"><\/span><\/h2>\n<p><img loading=\"lazy\" decoding=\"async\" class=\"alignnone size-full wp-image-5946\" src=\"https:\/\/moverdb.com\/wp-content\/uploads\/Frank-Leo-international-moving-company.png\" alt=\"Frank Leo uluslararas\u0131 nakliye \u015firketi\" width=\"1440\" height=\"680\" data-wp-pid=\"5946\" srcset=\"https:\/\/moverdb.com\/wp-content\/uploads\/Frank-Leo-international-moving-company.png 1440w, https:\/\/moverdb.com\/wp-content\/uploads\/Frank-Leo-international-moving-company-300x142.png 300w, https:\/\/moverdb.com\/wp-content\/uploads\/Frank-Leo-international-moving-company-1024x484.png 1024w, https:\/\/moverdb.com\/wp-content\/uploads\/Frank-Leo-international-moving-company-18x9.png 18w, https:\/\/moverdb.com\/wp-content\/uploads\/Frank-Leo-international-moving-company-600x283.png 600w\" sizes=\"auto, (max-width: 1440px) 100vw, 1440px\" \/><\/p>\n<ul>\n<li>Ulusal hamleler<\/li>\n<li>Uluslararas\u0131 ta\u015f\u0131nmalar<\/li>\n<li>Yer de\u011fi\u015ftirme hizmetleri<\/li>\n<li>Ev ta\u015f\u0131ma<\/li>\n<li>Ticari hamleler<\/li>\n<li>Kara, deniz ve hava ta\u015f\u0131mac\u0131l\u0131\u011f\u0131<\/li>\n<li>G\u00fcmr\u00fck komisyonculu\u011fu<\/li>\n<li>Ara\u00e7lar ve evcil hayvanlar i\u00e7in ek ula\u015f\u0131m hizmetleri<\/li>\n<li>Sigorta<\/li>\n<li>Depolama tesisleri<\/li>\n<\/ul>\n<p>Frank Leo, 1990 y\u0131l\u0131nda Dominik Cumhuriyeti'nde kurulmu\u015f bir lojistik ve ta\u015f\u0131ma \u015firketidir. Ulusal ve uluslararas\u0131 ta\u015f\u0131nma hizmetlerinin yan\u0131 s\u0131ra yerel dan\u0131\u015fmanl\u0131k ve yeni bir \u00fclkeye yerle\u015fme konusunda sizi destekleyen yer de\u011fi\u015ftirme hizmetleri de sunmaktad\u0131rlar. \u015eirket 32 y\u0131ll\u0131k hizmetiyle IAM \u00fcyesidir.<\/p>\n<p>Frank Leo bireyler, aileler, \u015firketler ve diplomatlar i\u00e7in \u00f6zel \u00e7\u00f6z\u00fcmler sunmaktad\u0131r. Sunduklar\u0131 hizmetler aras\u0131nda antika e\u015fyalar, sanat eserleri ve makineler i\u00e7in \u00f6zel paketleme hizmetleri ile t\u00fcm e\u015fyalar\u0131n\u0131z\u0131n paketlenmesi yer almaktad\u0131r. Kara, deniz veya hava yoluyla nakliyeyi ayarlayacak ve g\u00fcmr\u00fck komisyonculu\u011fu konusunda destek vereceklerdir. Ayr\u0131ca ara\u00e7lar\u0131n, teknelerin, hafif u\u00e7aklar\u0131n, bitkilerin ve evcil hayvanlar\u0131n ta\u015f\u0131nmas\u0131na yard\u0131mc\u0131 olmak i\u00e7in de hizmet vermektedirler.<\/p>\n<p>Web sitesi: <a href=\"http:\/\/www.frankleo.com\" target=\"_blank\" rel=\"noopener\">http:\/\/www.frankleo.com<\/a><\/p>\n<h2><span class=\"ez-toc-section\" id=\"5_L_G_International_Movers\"><\/span><strong>5. L&amp;G Uluslararas\u0131 Ta\u015f\u0131mac\u0131l\u0131k<\/strong><span class=\"ez-toc-section-end\"><\/span><\/h2>\n<p><img loading=\"lazy\" decoding=\"async\" class=\"alignnone size-full wp-image-5965\" src=\"https:\/\/moverdb.com\/wp-content\/uploads\/LG-International-Movers-company.png\" alt=\"L&amp;G International Movers \u015firketi\" width=\"1440\" height=\"676\" data-wp-pid=\"5965\" srcset=\"https:\/\/moverdb.com\/wp-content\/uploads\/LG-International-Movers-company.png 1440w, https:\/\/moverdb.com\/wp-content\/uploads\/LG-International-Movers-company-300x141.png 300w, https:\/\/moverdb.com\/wp-content\/uploads\/LG-International-Movers-company-1024x481.png 1024w, https:\/\/moverdb.com\/wp-content\/uploads\/LG-International-Movers-company-18x8.png 18w, https:\/\/moverdb.com\/wp-content\/uploads\/LG-International-Movers-company-600x282.png 600w\" sizes=\"auto, (max-width: 1440px) 100vw, 1440px\" \/><\/p>\n<ul>\n<li>Ulusal hamleler<\/li>\n<li>Uluslararas\u0131 ta\u015f\u0131nmalar<\/li>\n<li>Konut Ta\u015f\u0131malar\u0131<\/li>\n<li>\u0130\u015f hamleleri<\/li>\n<li>Kendi kendine paketleme se\u00e7ene\u011fi<\/li>\n<li>Paketleme hizmetleri<\/li>\n<li>Ula\u015f\u0131m se\u00e7enekleri<\/li>\n<li>G\u00fcmr\u00fck i\u015flemleri<\/li>\n<li>Araba ta\u015f\u0131mac\u0131l\u0131\u011f\u0131<\/li>\n<li>Depolama tesisleri<\/li>\n<\/ul>\n<p>L&amp;G International Movers, merkezi Santo Domingo'da bulunan bir lojistik ve uluslararas\u0131 ta\u015f\u0131ma hizmetleri \u015firketidir. Ortaklar\u0131n\u0131, d\u00fcnyan\u0131n d\u00f6rt bir yan\u0131ndaki di\u011fer nakliyecileri ve nakliyat\u00e7\u0131lar\u0131 kullanarak uluslararas\u0131 ta\u015f\u0131malar sa\u011flarlar. IAM \u00fcyesidirler ve FIDI taraf\u0131ndan akredite edilmi\u015flerdir.<\/p>\n<p>L&amp;G International Movers, e\u015fyalar\u0131n\u0131z\u0131 en son teknik ve malzemeleri kullanarak paketleyecek ya da siz kendiniz paketlemeyi se\u00e7ebileceksiniz. G\u00f6nderinizi ba\u015fkalar\u0131yla birle\u015ftirebilece\u011finiz grupaj gibi daha ekonomik y\u00f6ntemler de dahil olmak \u00fczere hava ta\u015f\u0131mac\u0131l\u0131\u011f\u0131 ve deniz ta\u015f\u0131mac\u0131l\u0131\u011f\u0131n\u0131 i\u00e7eren \u00e7e\u015fitli nakliye hizmetleri sunarlar. Ayr\u0131ca g\u00fcmr\u00fckleme konusunda da size destek olacaklard\u0131r.<\/p>\n<p>Web sitesi: <a href=\"http:\/\/www.lginternationalmovers.com\" target=\"_blank\" rel=\"noopener\">http:\/\/www.lginternationalmovers.com<\/a><\/p>\n<h2><span class=\"ez-toc-section\" id=\"6_Latino_Express\"><\/span><strong>6. Latino Express<\/strong><span class=\"ez-toc-section-end\"><\/span><\/h2>\n<p><img loading=\"lazy\" decoding=\"async\" class=\"alignnone size-full wp-image-5967\" src=\"https:\/\/moverdb.com\/wp-content\/uploads\/Latino-Express-international-moving-company.png\" alt=\"Latino Express uluslararas\u0131 ta\u015f\u0131ma \u015firketi\" width=\"1440\" height=\"665\" data-wp-pid=\"5967\" srcset=\"https:\/\/moverdb.com\/wp-content\/uploads\/Latino-Express-international-moving-company.png 1440w, https:\/\/moverdb.com\/wp-content\/uploads\/Latino-Express-international-moving-company-300x139.png 300w, https:\/\/moverdb.com\/wp-content\/uploads\/Latino-Express-international-moving-company-1024x473.png 1024w, https:\/\/moverdb.com\/wp-content\/uploads\/Latino-Express-international-moving-company-18x8.png 18w, https:\/\/moverdb.com\/wp-content\/uploads\/Latino-Express-international-moving-company-600x277.png 600w\" sizes=\"auto, (max-width: 1440px) 100vw, 1440px\" \/><\/p>\n<ul>\n<li>Ulusal Ta\u015f\u0131malar<\/li>\n<li>Uluslararas\u0131 Ta\u015f\u0131malar<\/li>\n<li>Yer De\u011fi\u015ftirmeler<\/li>\n<li>Evden eve nakliyat<\/li>\n<li>Kurumsal Ta\u015f\u0131malar<\/li>\n<li>Paketleme hizmetleri<\/li>\n<li>Profesyonel e\u011fitimli personel<\/li>\n<li>G\u00fcmr\u00fck komisyoncular\u0131<\/li>\n<li>Kara, deniz ve hava ta\u015f\u0131mac\u0131l\u0131\u011f\u0131<\/li>\n<li>G\u00fcvenli depolama \u00e7\u00f6z\u00fcmleri<\/li>\n<\/ul>\n<p>Latino Express, 1979 y\u0131l\u0131nda kurulmu\u015f, ulusal ve uluslararas\u0131 ta\u015f\u0131mac\u0131l\u0131k ve yer de\u011fi\u015ftirme hizmetleri sunan bir kargo ve nakliyat \u015firketidir. D\u00fcnya \u00e7ap\u0131nda yer de\u011fi\u015ftirme hizmetleri sunmaya yard\u0131mc\u0131 olmak i\u00e7in uluslararas\u0131 nakliye \u015firketlerinden olu\u015fan bir a\u011f ile \u00e7al\u0131\u015fmaktad\u0131rlar. \u015eirket, 43 y\u0131ll\u0131k hizmetiyle IAM \u00fcyesidir.<\/p>\n<p>Latino Express, ev ve kurumsal ta\u015f\u0131malar\u0131 i\u00e7eren profesyonel bir ta\u015f\u0131ma hizmeti sunmaktad\u0131r. E\u015fyalar\u0131n\u0131z\u0131 koruyacak ve kara, deniz veya hava yoluyla sevkiyat\u0131 ayarlayacak ve g\u00fcmr\u00fck komisyonculu\u011fu konusunda yard\u0131m sa\u011flayacak e\u011fitimli personel taraf\u0131ndan sunulan bir paketleme hizmeti sa\u011flarlar. \u0130htiya\u00e7 duyman\u0131z halinde g\u00fcvenli depolama \u00e7\u00f6z\u00fcmleri de sunmaktad\u0131rlar.<\/p>\n<p>Web sitesi: <a href=\"http:\/\/www.latinoexpress.com.do\" target=\"_blank\" rel=\"noopener\">http:\/\/www.latinoexpress.com.do<\/a><\/p>","protected":false},"excerpt":{"rendered":"<p>If you are moving home or relocating your business in the Dominican Republic, or to or from the Dominican Republic, you might be looking for some assistance. A moving or relocation company could help ease your move and take away some of the stress. Below we have compiled a list of Dominican Republic removal companies [&hellip;]<\/p>\n","protected":false},"author":4,"featured_media":0,"parent":190,"menu_order":0,"comment_status":"closed","ping_status":"closed","template":"","meta":{"_genesis_hide_title":false,"_genesis_hide_breadcrumbs":false,"_genesis_hide_singular_image":false,"_genesis_hide_footer_widgets":false,"_genesis_custom_body_class":"","_genesis_custom_post_class":"","_genesis_layout":"","footnotes":""},"class_list":{"0":"post-6036","1":"page","2":"type-page","3":"status-publish","5":"entry","6":"has-post-thumbnail"},"_links":{"self":[{"href":"https:\/\/moverdb.com\/tr\/wp-json\/wp\/v2\/pages\/6036","targetHints":{"allow":["GET"]}}],"collection":[{"href":"https:\/\/moverdb.com\/tr\/wp-json\/wp\/v2\/pages"}],"about":[{"href":"https:\/\/moverdb.com\/tr\/wp-json\/wp\/v2\/types\/page"}],"author":[{"embeddable":true,"href":"https:\/\/moverdb.com\/tr\/wp-json\/wp\/v2\/users\/4"}],"replies":[{"embeddable":true,"href":"https:\/\/moverdb.com\/tr\/wp-json\/wp\/v2\/comments?post=6036"}],"version-history":[{"count":1,"href":"https:\/\/moverdb.com\/tr\/wp-json\/wp\/v2\/pages\/6036\/revisions"}],"predecessor-version":[{"id":6037,"href":"https:\/\/moverdb.com\/tr\/wp-json\/wp\/v2\/pages\/6036\/revisions\/6037"}],"up":[{"embeddable":true,"href":"https:\/\/moverdb.com\/tr\/wp-json\/wp\/v2\/pages\/190"}],"wp:attachment":[{"href":"https:\/\/moverdb.com\/tr\/wp-json\/wp\/v2\/media?parent=6036"}],"curies":[{"name":"wp","href":"https:\/\/api.w.org\/{rel}","templated":true}]}}