{"id":6024,"date":"2023-02-01T12:30:48","date_gmt":"2023-02-01T12:30:48","guid":{"rendered":"https:\/\/moverdb.com\/?page_id=6024"},"modified":"2026-01-08T15:23:41","modified_gmt":"2026-01-08T15:23:41","slug":"kibris-icinde-tasinma-sirketleri","status":"publish","type":"page","link":"https:\/\/moverdb.com\/tr\/moving-companies\/moving-companies-in-cyprus\/","title":{"rendered":"K\u0131br\u0131s'taki En \u0130yi 2 Uluslararas\u0131 Ta\u015f\u0131nma \u015eirketi"},"content":{"rendered":"<p>E\u011fer bir eve ta\u015f\u0131n\u0131yorsan\u0131z <a href=\"https:\/\/moverdb.com\/tr\/moving-to-cyprus\/\" data-internallinksmanager029f6b8e52c=\"377\" title=\"K\u0131br\u0131s&#039;a Ta\u015f\u0131nmak m\u0131? 2026 Ya\u015fam Maliyetleri ve Yer De\u011fi\u015ftirme \u0130pu\u00e7lar\u0131\">K\u0131br\u0131s<\/a>K\u0131br\u0131s'a veya K\u0131br\u0131s'tan ta\u015f\u0131n\u0131yorsan\u0131z, ta\u015f\u0131nman\u0131zla ilgili olarak bir ta\u015f\u0131nma \u015firketinden yard\u0131m isteyebilirsiniz. <a href=\"https:\/\/moverdb.com\/tr\/relocation-agents\/\" data-internallinksmanager029f6b8e52c=\"1\" title=\"7 Neden Bir Ta\u015f\u0131nma Acentesi Kullanmal\u0131s\u0131n\u0131z?\">yer de\u011fi\u0307\u015fti\u0307rme acentesi\u0307<\/a> stresin bir k\u0131sm\u0131n\u0131 ortadan kald\u0131rabilir. A\u015fa\u011f\u0131da K\u0131br\u0131s'tan bir liste derledik <a href=\"https:\/\/moverdb.com\/tr\/international-removals\/\" data-internallinksmanager029f6b8e52c=\"27\" title=\"36 \u0130ngiltere&#039;deki En \u0130yi Uluslararas\u0131 Nakliye \u015eirketleri\">nakli\u0307ye \u015fi\u0307rketleri\u0307<\/a> \u00fcyesi olan <a href=\"https:\/\/moverdb.com\/tr\/iam\/\" data-internallinksmanager029f6b8e52c=\"23\" title=\"Uluslararas\u0131 Ta\u015f\u0131mac\u0131lar Birli\u011fi (IAM) A\u00e7\u0131klamas\u0131\">Uluslararas\u0131 Ta\u015f\u0131mac\u0131lar Birli\u011fi<\/a> (IAM) ve\/veya <a href=\"https:\/\/moverdb.com\/tr\/fidi-faim\/\" data-internallinksmanager029f6b8e52c=\"16\" title=\"FIDI &amp; FAIM (FIDI Akredite Uluslararas\u0131 Ta\u015f\u0131mac\u0131) A\u00e7\u0131klamas\u0131\">FIDI<\/a> Size yard\u0131mc\u0131 olabilecek Akredite Uluslararas\u0131 Ta\u015f\u0131mac\u0131 (FAIM).<\/p>\n<h2><strong>1. Columbia Worldwide Movers<\/strong><\/h2>\n<p><img loading=\"lazy\" decoding=\"async\" class=\"alignnone size-full wp-image-5936\" src=\"https:\/\/moverdb.com\/wp-content\/uploads\/Columbia-Worldwide-Movers-international-moving-company.png\" alt=\"Columbia Worldwide Movers uluslararas\u0131 ta\u015f\u0131ma \u015firketi\" width=\"1440\" height=\"682\" data-wp-pid=\"5936\" srcset=\"https:\/\/moverdb.com\/wp-content\/uploads\/Columbia-Worldwide-Movers-international-moving-company.png 1440w, https:\/\/moverdb.com\/wp-content\/uploads\/Columbia-Worldwide-Movers-international-moving-company-300x142.png 300w, https:\/\/moverdb.com\/wp-content\/uploads\/Columbia-Worldwide-Movers-international-moving-company-1024x485.png 1024w, https:\/\/moverdb.com\/wp-content\/uploads\/Columbia-Worldwide-Movers-international-moving-company-18x9.png 18w, https:\/\/moverdb.com\/wp-content\/uploads\/Columbia-Worldwide-Movers-international-moving-company-600x284.png 600w\" sizes=\"auto, (max-width: 1440px) 100vw, 1440px\" \/><\/p>\n<ul>\n<li>Ulusal hamleler<\/li>\n<li>Uluslararas\u0131 ta\u015f\u0131nmalar<\/li>\n<li>Yer de\u011fi\u015ftirme hizmetleri<\/li>\n<li>Ev ta\u015f\u0131ma<\/li>\n<li>\u0130\u015f hamleleri<\/li>\n<li>Paketleme hizmetleri<\/li>\n<li>Kara, deniz ve hava<\/li>\n<li>Evcil hayvan ta\u015f\u0131mac\u0131l\u0131\u011f\u0131<\/li>\n<li><a href=\"https:\/\/moverdb.com\/tr\/car-transport-shipping\/\" data-internallinksmanager029f6b8e52c=\"2\" title=\"2026 Uluslararas\u0131 Ara\u00e7 Ta\u015f\u0131ma &amp; Ara\u00e7 Nakliye Fiyatlar\u0131\">Ara\u00e7 nakliyesi<\/a><\/li>\n<li>Depolama tesisleri<\/li>\n<\/ul>\n<p>Columbia Worldwide Movers 1994 y\u0131l\u0131nda ta\u015f\u0131nma ve depolama hizmetleri sa\u011flay\u0131c\u0131s\u0131 olarak kurulmu\u015ftur. Evler ve i\u015fletmeler i\u00e7in ulusal ve uluslararas\u0131 ta\u015f\u0131nma ve yer de\u011fi\u015ftirme hizmetleri sunmaktad\u0131rlar. Uluslararas\u0131 ta\u015f\u0131malar\u0131n\u0131 di\u011fer \u00fclkelerdeki g\u00fcvenilir ta\u015f\u0131ma acenteleriyle ortakla\u015fa ger\u00e7ekle\u015ftirmektedirler. \u015eirket, 28 y\u0131ll\u0131k hizmetiyle IAM \u00fcyesidir ve FIDI taraf\u0131ndan akredite edilmi\u015ftir.<\/p>\n<p>Columbia Worldwide Movers, e\u015fyalar\u0131n\u0131z\u0131n paketlenmesini organize etmeyi ve g\u00fcmr\u00fck i\u015flemleri ile birlikte kara, deniz veya hava yoluyla sevkiyat\u0131 d\u00fczenlemeyi i\u00e7eren kap\u0131dan kap\u0131ya hizmet sunan \u00f6zelle\u015ftirilmi\u015f ta\u015f\u0131nma \u00e7\u00f6z\u00fcmleri sunar. Ayr\u0131ca evcil hayvanlar ve ara\u00e7lar i\u00e7in \u00f6zel ta\u015f\u0131ma hizmetleri de sunmaktad\u0131rlar.<\/p>\n<p>Web sitesi: <a href=\"http:\/\/www.columbiamovers.com\" target=\"_blank\" rel=\"noopener\">http:\/\/www.columbiamovers.com<\/a><\/p>\n<h2><strong>2. Orbit Ta\u015f\u0131nma ve Depolama<\/strong><\/h2>\n<p><img loading=\"lazy\" decoding=\"async\" class=\"alignnone size-full wp-image-5988\" src=\"https:\/\/moverdb.com\/wp-content\/uploads\/Orbit-Moving-and-Storage-international-moving-company.png\" alt=\"Orbit Ta\u015f\u0131nma ve Depolama uluslararas\u0131 ta\u015f\u0131ma \u015firketi\" width=\"1440\" height=\"679\" data-wp-pid=\"5988\" srcset=\"https:\/\/moverdb.com\/wp-content\/uploads\/Orbit-Moving-and-Storage-international-moving-company.png 1440w, https:\/\/moverdb.com\/wp-content\/uploads\/Orbit-Moving-and-Storage-international-moving-company-300x141.png 300w, https:\/\/moverdb.com\/wp-content\/uploads\/Orbit-Moving-and-Storage-international-moving-company-1024x483.png 1024w, https:\/\/moverdb.com\/wp-content\/uploads\/Orbit-Moving-and-Storage-international-moving-company-18x8.png 18w, https:\/\/moverdb.com\/wp-content\/uploads\/Orbit-Moving-and-Storage-international-moving-company-600x283.png 600w\" sizes=\"auto, (max-width: 1440px) 100vw, 1440px\" \/><\/p>\n<ul>\n<li>Yerel hamleler<\/li>\n<li>Uluslararas\u0131 ta\u015f\u0131nmalar<\/li>\n<li>Yer de\u011fi\u015ftirme hizmetleri<\/li>\n<li>Konut Ta\u015f\u0131malar\u0131<\/li>\n<li>Ofis ta\u015f\u0131nmalar\u0131<\/li>\n<li>Paketleme hizmetleri<\/li>\n<li>G\u00fczel sanatlar ta\u015f\u0131mac\u0131l\u0131\u011f\u0131<\/li>\n<li>Evcil hayvan nakliyesi<\/li>\n<li>Ara\u00e7 nakliyesi<\/li>\n<li>Depolama hizmetleri<\/li>\n<\/ul>\n<p>Orbit Moving and Storage 1982 y\u0131l\u0131ndan beri faaliyet g\u00f6steren uluslararas\u0131 bir ta\u015f\u0131ma ve depolama \u015firketidir. Nakliye ve lojistik sa\u011flay\u0131c\u0131lar\u0131 olan Orphee Beingoglou \u015eirketler Grubu'nun bir par\u00e7as\u0131d\u0131r. Uluslararas\u0131 ta\u015f\u0131nmalara yard\u0131mc\u0131 olmak i\u00e7in d\u00fcnya \u00e7ap\u0131nda bir ta\u015f\u0131ma acenteleri a\u011f\u0131na sahiptirler. \u015eirket 40 y\u0131ll\u0131k hizmetiyle IAM \u00fcyesidir ve FIDI taraf\u0131ndan akredite edilmi\u015ftir.<\/p>\n<p>Orbit Moving and Storage, en son teknoloji ve paketleme malzemeleri kullan\u0131larak sunulan ki\u015fisel ve ticari ta\u015f\u0131ma hizmetleri sunmaktad\u0131r. Profesyonel bir paketleme hizmeti sunarlar ve g\u00fczel sanatlar, evcil hayvanlar ve ara\u00e7lar i\u00e7in uzman bir hizmet de dahil olmak \u00fczere e\u015fyalar\u0131n\u0131z\u0131n ta\u015f\u0131nmas\u0131n\u0131 organize ederler.<\/p>\n<p>Web sitesi: <a href=\"http:\/\/www.orbitcy.com\/\" target=\"_blank\" rel=\"noopener\">http:\/\/www.orbitcy.com\/<\/a><\/p>\n<p>Ayr\u0131ca bak:<\/p>\n<ul>\n<li> <a href=\"https:\/\/moverdb.com\/tr\/moving-to-cyprus\/living-in-cyprus\/\">K\u0131br\u0131s'ta Ya\u015fam Hakk\u0131nda Ta\u015f\u0131nmadan \u00d6nce Bilinmesi Gereken 20 S\u0131r<\/a><\/li>\n<li> <a href=\"https:\/\/moverdb.com\/tr\/moving-to-cyprus\/\">K\u0131br\u0131s'a m\u0131 ta\u015f\u0131n\u0131yorsunuz? Ya\u015fam Maliyetleri &amp; Yer De\u011fi\u015ftirme \u0130pu\u00e7lar\u0131<\/a><\/li>\n<li> <a href=\"https:\/\/moverdb.com\/tr\/konteyner-tasimaciligi\/kibris\/\">K\u0131br\u0131s'a ve K\u0131br\u0131s'tan Konteyner Nakliye Fiyatlar\u0131<\/a><\/li>\n<\/ul>","protected":false},"excerpt":{"rendered":"<p>If you are moving home in Cyprus, or moving to or from Cyprus you might want some help with your move from a moving or relocation agent that can take away some of the stress. Below we have compiled a list of Cyprus removal companies that are members of the International Association of Movers (IAM) [&hellip;]<\/p>\n","protected":false},"author":4,"featured_media":0,"parent":190,"menu_order":0,"comment_status":"closed","ping_status":"closed","template":"","meta":{"_genesis_hide_title":false,"_genesis_hide_breadcrumbs":false,"_genesis_hide_singular_image":false,"_genesis_hide_footer_widgets":false,"_genesis_custom_body_class":"","_genesis_custom_post_class":"","_genesis_layout":"","footnotes":""},"class_list":{"0":"post-6024","1":"page","2":"type-page","3":"status-publish","5":"entry","6":"has-post-thumbnail"},"_links":{"self":[{"href":"https:\/\/moverdb.com\/tr\/wp-json\/wp\/v2\/pages\/6024","targetHints":{"allow":["GET"]}}],"collection":[{"href":"https:\/\/moverdb.com\/tr\/wp-json\/wp\/v2\/pages"}],"about":[{"href":"https:\/\/moverdb.com\/tr\/wp-json\/wp\/v2\/types\/page"}],"author":[{"embeddable":true,"href":"https:\/\/moverdb.com\/tr\/wp-json\/wp\/v2\/users\/4"}],"replies":[{"embeddable":true,"href":"https:\/\/moverdb.com\/tr\/wp-json\/wp\/v2\/comments?post=6024"}],"version-history":[{"count":4,"href":"https:\/\/moverdb.com\/tr\/wp-json\/wp\/v2\/pages\/6024\/revisions"}],"predecessor-version":[{"id":15035,"href":"https:\/\/moverdb.com\/tr\/wp-json\/wp\/v2\/pages\/6024\/revisions\/15035"}],"up":[{"embeddable":true,"href":"https:\/\/moverdb.com\/tr\/wp-json\/wp\/v2\/pages\/190"}],"wp:attachment":[{"href":"https:\/\/moverdb.com\/tr\/wp-json\/wp\/v2\/media?parent=6024"}],"curies":[{"name":"wp","href":"https:\/\/api.w.org\/{rel}","templated":true}]}}