{"id":6022,"date":"2023-02-01T12:31:45","date_gmt":"2023-02-01T12:31:45","guid":{"rendered":"https:\/\/moverdb.com\/?page_id=6022"},"modified":"2026-01-08T15:23:40","modified_gmt":"2026-01-08T15:23:40","slug":"tasinma-sirketleri-kuracao","status":"publish","type":"page","link":"https:\/\/moverdb.com\/tr\/moving-companies\/moving-companies-curacao\/","title":{"rendered":"Curacao'daki En \u0130yi 2 Uluslararas\u0131 Nakliye \u015eirketi"},"content":{"rendered":"<p>Ev veya ofis ta\u015f\u0131mak stresli ve zaman al\u0131c\u0131 olabilir, bu nedenle bir ta\u015f\u0131nma veya yer de\u011fi\u015ftirme \u015firketinden destek almak y\u00fck\u00fcn\u00fcz\u00fc hafifletmeye yard\u0131mc\u0131 olabilir ve onlar\u0131n deneyimlerinden yararlanabilirsiniz. A\u015fa\u011f\u0131da listeledik <a href=\"https:\/\/moverdb.com\/tr\/moving-to-curacao\/\" data-internallinksmanager029f6b8e52c=\"429\" title=\"Cura\u00e7ao&#039;ya m\u0131 Ta\u015f\u0131n\u0131yorsunuz? 2026 Ya\u015fam Maliyetleri &amp; Yer De\u011fi\u015ftirme \u0130pu\u00e7lar\u0131\">Curacao<\/a> <a href=\"https:\/\/moverdb.com\/tr\/international-removals\/\" data-internallinksmanager029f6b8e52c=\"27\" title=\"36 \u0130ngiltere&#039;deki En \u0130yi Uluslararas\u0131 Nakliye \u015eirketleri\">nakli\u0307ye \u015fi\u0307rketleri\u0307<\/a> \u00fcyesi olan <a href=\"https:\/\/moverdb.com\/tr\/iam\/\" data-internallinksmanager029f6b8e52c=\"23\" title=\"Uluslararas\u0131 Ta\u015f\u0131mac\u0131lar Birli\u011fi (IAM) A\u00e7\u0131klamas\u0131\">Uluslararas\u0131 Ta\u015f\u0131mac\u0131lar Birli\u011fi<\/a> (IAM) ve\/veya <a href=\"https:\/\/moverdb.com\/tr\/fidi-faim\/\" data-internallinksmanager029f6b8e52c=\"16\" title=\"FIDI &amp; FAIM (FIDI Akredite Uluslararas\u0131 Ta\u015f\u0131mac\u0131) A\u00e7\u0131klamas\u0131\">FIDI<\/a> Size yard\u0131mc\u0131 olabilecek Akredite Uluslararas\u0131 Ta\u015f\u0131mac\u0131lar (FAIM).<\/p>\n<h2><strong>1. AGS Meyer<\/strong><\/h2>\n<p><img loading=\"lazy\" decoding=\"async\" class=\"alignnone size-full wp-image-5918\" src=\"https:\/\/moverdb.com\/wp-content\/uploads\/AGS-Meyer-international-moving-company.png\" alt=\"AGS Meyer uluslararas\u0131 ta\u015f\u0131ma \u015firketi\" width=\"1440\" height=\"684\" data-wp-pid=\"5918\" srcset=\"https:\/\/moverdb.com\/wp-content\/uploads\/AGS-Meyer-international-moving-company.png 1440w, https:\/\/moverdb.com\/wp-content\/uploads\/AGS-Meyer-international-moving-company-300x143.png 300w, https:\/\/moverdb.com\/wp-content\/uploads\/AGS-Meyer-international-moving-company-1024x486.png 1024w, https:\/\/moverdb.com\/wp-content\/uploads\/AGS-Meyer-international-moving-company-18x9.png 18w, https:\/\/moverdb.com\/wp-content\/uploads\/AGS-Meyer-international-moving-company-600x285.png 600w\" sizes=\"auto, (max-width: 1440px) 100vw, 1440px\" \/><\/p>\n<ul>\n<li>Yerel hamleler<\/li>\n<li>Uluslararas\u0131 ta\u015f\u0131nmalar<\/li>\n<li>Ev ta\u015f\u0131ma<\/li>\n<li>\u015eirket ta\u015f\u0131nmalar\u0131<\/li>\n<li>Kap\u0131dan kap\u0131ya hizmet<\/li>\n<li>Paketleme hizmetleri<\/li>\n<li>Kara, hava ve deniz ta\u015f\u0131mac\u0131l\u0131\u011f\u0131<\/li>\n<li>G\u00fcmr\u00fck formaliteleri<\/li>\n<li>FIDI taraf\u0131ndan akredite edilmi\u015ftir<\/li>\n<li>Depolama hizmetleri<\/li>\n<\/ul>\n<p>AGS Meyer bir <a href=\"https:\/\/moverdb.com\/tr\/moving-companies\/\" data-internallinksmanager029f6b8e52c=\"79\" title=\"\u00c7evrimi\u00e7i En \u0130yi 25 Uluslararas\u0131 Nakliye \u015eirketi\">ta\u015finma \u015fi\u0307rketi\u0307<\/a> 1959 y\u0131l\u0131nda Curacao'da ev ve \u015firket ta\u015f\u0131nmalar\u0131 i\u00e7in yerel ve uluslararas\u0131 ta\u015f\u0131nmalar sa\u011flamak \u00fczere kurulmu\u015ftur ve Karayipler'de 7 \u015fubesi bulunmaktad\u0131r. Uluslararas\u0131 ta\u015f\u0131malar i\u00e7in ba\u011fl\u0131 ta\u015f\u0131ma acentelerinden olu\u015fan k\u00fcresel bir a\u011fa sahiptirler. IAM'nin 63 y\u0131ll\u0131k bir \u00fcyesidir ve FIDI taraf\u0131ndan akredite edilmi\u015ftir.<\/p>\n<p>AGS Meyer, \u00f6zel m\u00fc\u015fterilere, \u015firketlere ve diplomatik temsilciliklere yer de\u011fi\u015ftirme, ta\u015f\u0131nma ve depolama olanaklar\u0131 da dahil olmak \u00fczere kap\u0131dan kap\u0131ya ta\u015f\u0131nma hizmeti sunmaktad\u0131r. Ta\u015f\u0131nma s\u00fcreciniz hakk\u0131nda tavsiyelerde bulunacak ve her ad\u0131mda size yard\u0131mc\u0131 olacaklard\u0131r. E\u015fyalar\u0131n\u0131z\u0131 g\u00fcvenli bir \u015fekilde paketleyecek, nakliye ve g\u00fcmr\u00fck formalitelerini ayarlayacak ve gidece\u011finiz yerde ambalajlar\u0131n\u0131 a\u00e7acaklard\u0131r.<\/p>\n<p>Web sitesi: <a href=\"https:\/\/www.meyermoving.com\/\" target=\"_blank\" rel=\"noopener\">https:\/\/www.meyermoving.com\/<\/a><\/p>\n<h2><strong>2. Karayipler Ta\u015f\u0131nma Hizmetleri<\/strong><\/h2>\n<p><img loading=\"lazy\" decoding=\"async\" class=\"alignnone size-full wp-image-5933\" src=\"https:\/\/moverdb.com\/wp-content\/uploads\/Caribbean-Moving-Services-international-moving-company.png\" alt=\"Caribbean Moving Services uluslararas\u0131 nakliye \u015firketi\" width=\"1440\" height=\"680\" data-wp-pid=\"5933\" srcset=\"https:\/\/moverdb.com\/wp-content\/uploads\/Caribbean-Moving-Services-international-moving-company.png 1440w, https:\/\/moverdb.com\/wp-content\/uploads\/Caribbean-Moving-Services-international-moving-company-300x142.png 300w, https:\/\/moverdb.com\/wp-content\/uploads\/Caribbean-Moving-Services-international-moving-company-1024x484.png 1024w, https:\/\/moverdb.com\/wp-content\/uploads\/Caribbean-Moving-Services-international-moving-company-18x9.png 18w, https:\/\/moverdb.com\/wp-content\/uploads\/Caribbean-Moving-Services-international-moving-company-600x283.png 600w\" sizes=\"auto, (max-width: 1440px) 100vw, 1440px\" \/><\/p>\n<ul>\n<li>Yerel hamleler<\/li>\n<li>Uluslararas\u0131 ta\u015f\u0131nmalar<\/li>\n<li>Konut Ta\u015f\u0131malar\u0131<\/li>\n<li>Ofis ta\u015f\u0131ma<\/li>\n<li>Ki\u015fiye \u00f6zel ta\u015f\u0131nma plan\u0131<\/li>\n<li>Paketleme hizmeti<\/li>\n<li>Mobilyalar\u0131 s\u00f6k\u00fcn ve monte edin<\/li>\n<li>Kara, deniz ve hava<\/li>\n<li>G\u00fcmr\u00fck i\u015flemleri<\/li>\n<li>Depolama tesisleri<\/li>\n<\/ul>\n<p>Caribbean Moving Services, Caribbean Cargo Services ve G&amp;V Free Zone'u da i\u00e7eren bir \u015firketler grubunun par\u00e7as\u0131 olan bir Willemstad ta\u015f\u0131ma \u015firketidir. 1981 y\u0131l\u0131nda bir kargo \u015firketi olarak kurulmu\u015f ve 1994 y\u0131l\u0131nda ta\u015f\u0131nma hizmetlerine ge\u00e7erek adan\u0131n en b\u00fcy\u00fck ta\u015f\u0131nma \u015firketi haline gelmi\u015ftir. \u015eirket 28 y\u0131ll\u0131k hizmetiyle IAM \u00fcyesidir ve FIDI taraf\u0131ndan akredite edilmi\u015ftir.<\/p>\n<p>Caribbean Moving Services, bir anket ve tek bir irtibat noktas\u0131 ile ba\u015flayan tek noktadan ta\u015f\u0131ma hizmeti sunmaktad\u0131r. Mobilyalar\u0131n s\u00f6k\u00fclmesi ve e\u015fyalar\u0131n g\u00fcvenli bir \u015fekilde paketlenmesi de dahil olmak \u00fczere profesyonel bir paketleme hizmeti sunarlar. Kara, deniz ya da hava yoluyla g\u00fcmr\u00fckleme i\u015flemlerini ger\u00e7ekle\u015ftirdikten sonra mobilyalar\u0131 paketleyip monte ederler.<\/p>\n<p>Web sitesi: <a href=\"https:\/\/www.cmscur.com\/\" target=\"_blank\" rel=\"noopener\">https:\/\/www.cmscur.com\/<\/a><\/p>","protected":false},"excerpt":{"rendered":"<p>Moving home or office can be stressful and time-consuming so getting some support from a moving or relocation company can help lighten your load and you can benefit from their experience. Below we have listed Curacao removal companies that are members of the International Association of Movers (IAM) and\/or FIDI Accredited International Mover (FAIM) who [&hellip;]<\/p>\n","protected":false},"author":4,"featured_media":0,"parent":190,"menu_order":0,"comment_status":"closed","ping_status":"closed","template":"","meta":{"_genesis_hide_title":false,"_genesis_hide_breadcrumbs":false,"_genesis_hide_singular_image":false,"_genesis_hide_footer_widgets":false,"_genesis_custom_body_class":"","_genesis_custom_post_class":"","_genesis_layout":"","footnotes":""},"class_list":{"0":"post-6022","1":"page","2":"type-page","3":"status-publish","5":"entry","6":"has-post-thumbnail"},"_links":{"self":[{"href":"https:\/\/moverdb.com\/tr\/wp-json\/wp\/v2\/pages\/6022","targetHints":{"allow":["GET"]}}],"collection":[{"href":"https:\/\/moverdb.com\/tr\/wp-json\/wp\/v2\/pages"}],"about":[{"href":"https:\/\/moverdb.com\/tr\/wp-json\/wp\/v2\/types\/page"}],"author":[{"embeddable":true,"href":"https:\/\/moverdb.com\/tr\/wp-json\/wp\/v2\/users\/4"}],"replies":[{"embeddable":true,"href":"https:\/\/moverdb.com\/tr\/wp-json\/wp\/v2\/comments?post=6022"}],"version-history":[{"count":1,"href":"https:\/\/moverdb.com\/tr\/wp-json\/wp\/v2\/pages\/6022\/revisions"}],"predecessor-version":[{"id":6023,"href":"https:\/\/moverdb.com\/tr\/wp-json\/wp\/v2\/pages\/6022\/revisions\/6023"}],"up":[{"embeddable":true,"href":"https:\/\/moverdb.com\/tr\/wp-json\/wp\/v2\/pages\/190"}],"wp:attachment":[{"href":"https:\/\/moverdb.com\/tr\/wp-json\/wp\/v2\/media?parent=6022"}],"curies":[{"name":"wp","href":"https:\/\/api.w.org\/{rel}","templated":true}]}}